{"id":16524,"date":"2024-01-23T11:10:26","date_gmt":"2024-01-23T11:10:26","guid":{"rendered":"https:\/\/hannacosmetica.com\/?post_type=product&#038;p=16524"},"modified":"2025-12-03T10:13:27","modified_gmt":"2025-12-03T10:13:27","slug":"bandas-de-lijado-para-unas-180-lijas-de-recambio-mandriles-100pcs","status":"publish","type":"product","link":"https:\/\/hannacosmetica.com\/fr\/tienda\/manicura\/limas-y-pulidoras\/bandas-de-lijado-para-unas-180-lijas-de-recambio-mandriles-100pcs\/","title":{"rendered":"Bandas de Lijado para u\u00f1as #180\/ lijas de recambio \/ Mandriles 100pcs"},"content":{"rendered":"<ul class=\"a-unordered-list a-vertical a-spacing-mini\">\n<li class=\"a-spacing-mini\"><span class=\"a-list-item\">[Contenido] \u2013 100 bandas de lijado para u\u00f1as, de grano grueso 180#.<\/span><\/li>\n<li class=\"a-spacing-mini\"><span class=\"a-list-item\">[Material duradero] \u2013 Estas bandas de arena de alta calidad son resistentes y duraderas, lo que puede garantizar que no se desmorone durante el uso. no es f\u00e1cil de deformar despu\u00e9s de un uso prolongado.<\/span><\/li>\n<li class=\"a-spacing-mini\"><span class=\"a-list-item\">[Tama\u00f1o] \u2013 # 180. Los tama\u00f1os universales son ideales para la mayor\u00eda de los taladros el\u00e9ctricos para clavos y otras brocas que utilizan bandas de lijado. Elimina las cut\u00edculas, muele, pule, alisa, pule tus u\u00f1as y u\u00f1as de pies, remodela las extensiones de las u\u00f1as.<\/span><\/li>\n<li class=\"a-spacing-mini\"><span class=\"a-list-item\">[Ampliamente utilizado] \u2013 Accesorios de belleza pr\u00e1cticos para damas que son principiantes en u\u00f1as, permite a los clientes ahorrar mucho tiempo y dinero en manicuras.\u00a0<\/span><\/li>\n<li class=\"a-spacing-mini\"><span class=\"a-list-item\">[F\u00e1cil de Usar] \u2013 Coloque la banda de lijado en la broca y podr\u00e1 hacer la manicura.\u00a0<\/span><\/li>\n<\/ul>\n","protected":false},"excerpt":{"rendered":"<p>[Contenido] \u2013 100 bandas de lijado para u\u00f1as, de grano grueso 180#. [Material duradero] \u2013 Estas bandas de arena de alta calidad&hellip;<\/p>\n","protected":false},"featured_media":16509,"comment_status":"open","ping_status":"closed","template":"","meta":[],"product_cat":[304,82,99,100,101,87],"product_tag":[],"yoast_head":"<!-- This site is optimized with the Yoast SEO plugin v19.9 - https:\/\/yoast.com\/wordpress\/plugins\/seo\/ -->\n<title>Bandas de Lijado para u\u00f1as #180\/ lijas de recambio \/ Mandriles 100pcs - Hanna Cosm\u00e9tica<\/title>\n<meta name=\"robots\" content=\"index, follow, max-snippet:-1, max-image-preview:large, max-video-preview:-1\" \/>\n<link rel=\"canonical\" href=\"https:\/\/hannacosmetica.com\/fr\/tienda\/manicura\/limas-y-pulidoras\/bandas-de-lijado-para-unas-180-lijas-de-recambio-mandriles-100pcs\/\" \/>\n<meta property=\"og:locale\" content=\"fr_FR\" \/>\n<meta property=\"og:type\" content=\"article\" \/>\n<meta property=\"og:title\" content=\"Bandas de Lijado para u\u00f1as #180\/ lijas de recambio \/ Mandriles 100pcs - Hanna Cosm\u00e9tica\" \/>\n<meta property=\"og:description\" content=\"[Contenido] \u2013 100 bandas de lijado para u\u00f1as, de grano grueso 180#. [Material duradero] \u2013 Estas bandas de arena de alta calidad&hellip;\" \/>\n<meta property=\"og:url\" content=\"https:\/\/hannacosmetica.com\/fr\/tienda\/manicura\/limas-y-pulidoras\/bandas-de-lijado-para-unas-180-lijas-de-recambio-mandriles-100pcs\/\" \/>\n<meta property=\"og:site_name\" content=\"Hanna Cosm\u00e9tica\" \/>\n<meta property=\"article:modified_time\" content=\"2025-12-03T10:13:27+00:00\" \/>\n<meta property=\"og:image\" content=\"https:\/\/hannacosmetica.com\/wp-content\/uploads\/2024\/01\/180mm-480-x-460-px-382-x-336-px-20.png\" \/>\n\t<meta property=\"og:image:width\" content=\"382\" \/>\n\t<meta property=\"og:image:height\" content=\"336\" \/>\n\t<meta property=\"og:image:type\" content=\"image\/png\" \/>\n<meta name=\"twitter:card\" content=\"summary_large_image\" \/>\n<script type=\"application\/ld+json\" class=\"yoast-schema-graph\">{\"@context\":\"https:\/\/schema.org\",\"@graph\":[{\"@type\":\"WebPage\",\"@id\":\"https:\/\/hannacosmetica.com\/tienda\/manicura\/limas-y-pulidoras\/bandas-de-lijado-para-unas-180-lijas-de-recambio-mandriles-100pcs\/\",\"url\":\"https:\/\/hannacosmetica.com\/tienda\/manicura\/limas-y-pulidoras\/bandas-de-lijado-para-unas-180-lijas-de-recambio-mandriles-100pcs\/\",\"name\":\"Bandas de Lijado para u\u00f1as #180\/ lijas de recambio \/ Mandriles 100pcs - Hanna Cosm\u00e9tica\",\"isPartOf\":{\"@id\":\"https:\/\/hannacosmetica.com\/#website\"},\"datePublished\":\"2024-01-23T11:10:26+00:00\",\"dateModified\":\"2025-12-03T10:13:27+00:00\",\"breadcrumb\":{\"@id\":\"https:\/\/hannacosmetica.com\/tienda\/manicura\/limas-y-pulidoras\/bandas-de-lijado-para-unas-180-lijas-de-recambio-mandriles-100pcs\/#breadcrumb\"},\"inLanguage\":\"fr-FR\",\"potentialAction\":[{\"@type\":\"ReadAction\",\"target\":[\"https:\/\/hannacosmetica.com\/tienda\/manicura\/limas-y-pulidoras\/bandas-de-lijado-para-unas-180-lijas-de-recambio-mandriles-100pcs\/\"]}]},{\"@type\":\"BreadcrumbList\",\"@id\":\"https:\/\/hannacosmetica.com\/tienda\/manicura\/limas-y-pulidoras\/bandas-de-lijado-para-unas-180-lijas-de-recambio-mandriles-100pcs\/#breadcrumb\",\"itemListElement\":[{\"@type\":\"ListItem\",\"position\":1,\"name\":\"Portada\",\"item\":\"https:\/\/hannacosmetica.com\/\"},{\"@type\":\"ListItem\",\"position\":2,\"name\":\"Tienda\",\"item\":\"https:\/\/hannacosmetica.com\/shop\/\"},{\"@type\":\"ListItem\",\"position\":3,\"name\":\"Bandas de Lijado para u\u00f1as #180\/ lijas de recambio \/ Mandriles 100pcs\"}]},{\"@type\":\"WebSite\",\"@id\":\"https:\/\/hannacosmetica.com\/#website\",\"url\":\"https:\/\/hannacosmetica.com\/\",\"name\":\"Hanna Cosm\u00e9tica\",\"description\":\"Tienda de productos u\u00f1as, bellezas y peluquer\u00edas\",\"publisher\":{\"@id\":\"https:\/\/hannacosmetica.com\/#organization\"},\"potentialAction\":[{\"@type\":\"SearchAction\",\"target\":{\"@type\":\"EntryPoint\",\"urlTemplate\":\"https:\/\/hannacosmetica.com\/?s={search_term_string}\"},\"query-input\":\"required name=search_term_string\"}],\"inLanguage\":\"fr-FR\"},{\"@type\":\"Organization\",\"@id\":\"https:\/\/hannacosmetica.com\/#organization\",\"name\":\"Hanna Cosm\u00e9tica\",\"url\":\"https:\/\/hannacosmetica.com\/\",\"logo\":{\"@type\":\"ImageObject\",\"inLanguage\":\"fr-FR\",\"@id\":\"https:\/\/hannacosmetica.com\/#\/schema\/logo\/image\/\",\"url\":\"https:\/\/hannacosmetica.com\/wp-content\/uploads\/2022\/07\/Logo-Joyeria-Femenino-Floral-Negro.png\",\"contentUrl\":\"https:\/\/hannacosmetica.com\/wp-content\/uploads\/2022\/07\/Logo-Joyeria-Femenino-Floral-Negro.png\",\"width\":361,\"height\":126,\"caption\":\"Hanna Cosm\u00e9tica\"},\"image\":{\"@id\":\"https:\/\/hannacosmetica.com\/#\/schema\/logo\/image\/\"}}]}<\/script>\n<!-- \/ Yoast SEO plugin. -->","yoast_head_json":{"title":"Bandas de Lijado para u\u00f1as #180\/ lijas de recambio \/ Mandriles 100pcs - Hanna Cosm\u00e9tica","robots":{"index":"index","follow":"follow","max-snippet":"max-snippet:-1","max-image-preview":"max-image-preview:large","max-video-preview":"max-video-preview:-1"},"canonical":"https:\/\/hannacosmetica.com\/fr\/tienda\/manicura\/limas-y-pulidoras\/bandas-de-lijado-para-unas-180-lijas-de-recambio-mandriles-100pcs\/","og_locale":"fr_FR","og_type":"article","og_title":"Bandas de Lijado para u\u00f1as #180\/ lijas de recambio \/ Mandriles 100pcs - Hanna Cosm\u00e9tica","og_description":"[Contenido] \u2013 100 bandas de lijado para u\u00f1as, de grano grueso 180#. [Material duradero] \u2013 Estas bandas de arena de alta calidad&hellip;","og_url":"https:\/\/hannacosmetica.com\/fr\/tienda\/manicura\/limas-y-pulidoras\/bandas-de-lijado-para-unas-180-lijas-de-recambio-mandriles-100pcs\/","og_site_name":"Hanna Cosm\u00e9tica","article_modified_time":"2025-12-03T10:13:27+00:00","og_image":[{"width":382,"height":336,"url":"https:\/\/hannacosmetica.com\/wp-content\/uploads\/2024\/01\/180mm-480-x-460-px-382-x-336-px-20.png","type":"image\/png"}],"twitter_card":"summary_large_image","schema":{"@context":"https:\/\/schema.org","@graph":[{"@type":"WebPage","@id":"https:\/\/hannacosmetica.com\/tienda\/manicura\/limas-y-pulidoras\/bandas-de-lijado-para-unas-180-lijas-de-recambio-mandriles-100pcs\/","url":"https:\/\/hannacosmetica.com\/tienda\/manicura\/limas-y-pulidoras\/bandas-de-lijado-para-unas-180-lijas-de-recambio-mandriles-100pcs\/","name":"Bandas de Lijado para u\u00f1as #180\/ lijas de recambio \/ Mandriles 100pcs - Hanna Cosm\u00e9tica","isPartOf":{"@id":"https:\/\/hannacosmetica.com\/#website"},"datePublished":"2024-01-23T11:10:26+00:00","dateModified":"2025-12-03T10:13:27+00:00","breadcrumb":{"@id":"https:\/\/hannacosmetica.com\/tienda\/manicura\/limas-y-pulidoras\/bandas-de-lijado-para-unas-180-lijas-de-recambio-mandriles-100pcs\/#breadcrumb"},"inLanguage":"fr-FR","potentialAction":[{"@type":"ReadAction","target":["https:\/\/hannacosmetica.com\/tienda\/manicura\/limas-y-pulidoras\/bandas-de-lijado-para-unas-180-lijas-de-recambio-mandriles-100pcs\/"]}]},{"@type":"BreadcrumbList","@id":"https:\/\/hannacosmetica.com\/tienda\/manicura\/limas-y-pulidoras\/bandas-de-lijado-para-unas-180-lijas-de-recambio-mandriles-100pcs\/#breadcrumb","itemListElement":[{"@type":"ListItem","position":1,"name":"Portada","item":"https:\/\/hannacosmetica.com\/"},{"@type":"ListItem","position":2,"name":"Tienda","item":"https:\/\/hannacosmetica.com\/shop\/"},{"@type":"ListItem","position":3,"name":"Bandas de Lijado para u\u00f1as #180\/ lijas de recambio \/ Mandriles 100pcs"}]},{"@type":"WebSite","@id":"https:\/\/hannacosmetica.com\/#website","url":"https:\/\/hannacosmetica.com\/","name":"Hanna Cosm\u00e9tica","description":"Tienda de productos u\u00f1as, bellezas y peluquer\u00edas","publisher":{"@id":"https:\/\/hannacosmetica.com\/#organization"},"potentialAction":[{"@type":"SearchAction","target":{"@type":"EntryPoint","urlTemplate":"https:\/\/hannacosmetica.com\/?s={search_term_string}"},"query-input":"required name=search_term_string"}],"inLanguage":"fr-FR"},{"@type":"Organization","@id":"https:\/\/hannacosmetica.com\/#organization","name":"Hanna Cosm\u00e9tica","url":"https:\/\/hannacosmetica.com\/","logo":{"@type":"ImageObject","inLanguage":"fr-FR","@id":"https:\/\/hannacosmetica.com\/#\/schema\/logo\/image\/","url":"https:\/\/hannacosmetica.com\/wp-content\/uploads\/2022\/07\/Logo-Joyeria-Femenino-Floral-Negro.png","contentUrl":"https:\/\/hannacosmetica.com\/wp-content\/uploads\/2022\/07\/Logo-Joyeria-Femenino-Floral-Negro.png","width":361,"height":126,"caption":"Hanna Cosm\u00e9tica"},"image":{"@id":"https:\/\/hannacosmetica.com\/#\/schema\/logo\/image\/"}}]}},"_links":{"self":[{"href":"https:\/\/hannacosmetica.com\/fr\/wp-json\/wp\/v2\/product\/16524"}],"collection":[{"href":"https:\/\/hannacosmetica.com\/fr\/wp-json\/wp\/v2\/product"}],"about":[{"href":"https:\/\/hannacosmetica.com\/fr\/wp-json\/wp\/v2\/types\/product"}],"replies":[{"embeddable":true,"href":"https:\/\/hannacosmetica.com\/fr\/wp-json\/wp\/v2\/comments?post=16524"}],"version-history":[{"count":1,"href":"https:\/\/hannacosmetica.com\/fr\/wp-json\/wp\/v2\/product\/16524\/revisions"}],"predecessor-version":[{"id":16525,"href":"https:\/\/hannacosmetica.com\/fr\/wp-json\/wp\/v2\/product\/16524\/revisions\/16525"}],"wp:featuredmedia":[{"embeddable":true,"href":"https:\/\/hannacosmetica.com\/fr\/wp-json\/wp\/v2\/media\/16509"}],"wp:attachment":[{"href":"https:\/\/hannacosmetica.com\/fr\/wp-json\/wp\/v2\/media?parent=16524"}],"wp:term":[{"taxonomy":"product_cat","embeddable":true,"href":"https:\/\/hannacosmetica.com\/fr\/wp-json\/wp\/v2\/product_cat?post=16524"},{"taxonomy":"product_tag","embeddable":true,"href":"https:\/\/hannacosmetica.com\/fr\/wp-json\/wp\/v2\/product_tag?post=16524"}],"curies":[{"name":"wp","href":"https:\/\/api.w.org\/{rel}","templated":true}]}}