{"id":16480,"date":"2024-01-22T11:25:19","date_gmt":"2024-01-22T11:25:19","guid":{"rendered":"https:\/\/hannacosmetica.com\/?post_type=product&#038;p=16480"},"modified":"2024-01-22T11:25:20","modified_gmt":"2024-01-22T11:25:20","slug":"pincel-de-unas-punta-diagonal-pincel-oblicuo-2","status":"publish","type":"product","link":"https:\/\/hannacosmetica.com\/fr\/tienda\/manicura\/pinceles\/pincel-de-unas-punta-diagonal-pincel-oblicuo-2\/","title":{"rendered":"Pincel de u\u00f1as punta Diagonal\/ Pincel Oblicuo"},"content":{"rendered":"<ul class=\"a-unordered-list a-vertical a-spacing-mini\">\n<li class=\"a-spacing-mini\"><span class=\"a-list-item\">\u3010Material de Alta Calidad\u3011 La parte del cepillo para esmalte de u\u00f1as est\u00e1 hecha de acr\u00edlico efecto aurora , que no se oxida ni se desvanece f\u00e1cilmente. El cabezal del cepillo para u\u00f1as est\u00e1 hecho de cerdas naturales de pelo Kolinsky, con flexibilidad moderada, no se desprende f\u00e1cilmente del cabello, es suave y no se deforma, y \u200b\u200btiene una larga vida \u00fatil, cepillo de l\u00ednea fina para decoraci\u00f3n de u<\/span><span class=\"a-list-item\">\u00f1as\u00a0de Usar\u3011 El pincel para u\u00f1as puede hacer u\u00f1as\u00a0 \u00a0u\u00f1as francesas, dibujar exquisitos patrones pintados en 3D, etc. Adem\u00e1s, este pinceles es perfecto para\u00a0 limpiar los laterales y la cut\u00edcula\u00a0 de las u\u00f1as\u00a0 para que tus trabajos queden impecables,<\/span><\/li>\n<\/ul>","protected":false},"excerpt":{"rendered":"<p>\u3010Material de Alta Calidad\u3011 La parte del cepillo para esmalte de u\u00f1as est\u00e1 hecha de acr\u00edlico efecto aurora , que no se&hellip;<\/p>","protected":false},"featured_media":16481,"comment_status":"open","ping_status":"closed","template":"","meta":[],"product_cat":[304,82,97,87],"product_tag":[],"yoast_head":"<!-- This site is optimized with the Yoast SEO plugin v19.9 - https:\/\/yoast.com\/wordpress\/plugins\/seo\/ -->\n<title>Pincel de u\u00f1as punta Diagonal\/ Pincel Oblicuo - Hanna Cosm\u00e9tica<\/title>\n<meta name=\"robots\" content=\"index, follow, max-snippet:-1, max-image-preview:large, max-video-preview:-1\" \/>\n<link rel=\"canonical\" href=\"https:\/\/hannacosmetica.com\/fr\/tienda\/manicura\/pinceles\/pincel-de-unas-punta-diagonal-pincel-oblicuo-2\/\" \/>\n<meta property=\"og:locale\" content=\"fr_FR\" \/>\n<meta property=\"og:type\" content=\"article\" \/>\n<meta property=\"og:title\" content=\"Pincel de u\u00f1as punta Diagonal\/ Pincel Oblicuo - Hanna Cosm\u00e9tica\" \/>\n<meta property=\"og:description\" content=\"\u3010Material de Alta Calidad\u3011 La parte del cepillo para esmalte de u\u00f1as est\u00e1 hecha de acr\u00edlico efecto aurora , que no se&hellip;\" \/>\n<meta property=\"og:url\" content=\"https:\/\/hannacosmetica.com\/fr\/tienda\/manicura\/pinceles\/pincel-de-unas-punta-diagonal-pincel-oblicuo-2\/\" \/>\n<meta property=\"og:site_name\" content=\"Hanna Cosm\u00e9tica\" \/>\n<meta property=\"article:modified_time\" content=\"2024-01-22T11:25:20+00:00\" \/>\n<meta property=\"og:image\" content=\"https:\/\/hannacosmetica.com\/wp-content\/uploads\/2024\/01\/180mm-480-x-460-px-382-x-336-px-14.png\" \/>\n\t<meta property=\"og:image:width\" content=\"382\" \/>\n\t<meta property=\"og:image:height\" content=\"336\" \/>\n\t<meta property=\"og:image:type\" content=\"image\/png\" \/>\n<meta name=\"twitter:card\" content=\"summary_large_image\" \/>\n<script type=\"application\/ld+json\" class=\"yoast-schema-graph\">{\"@context\":\"https:\/\/schema.org\",\"@graph\":[{\"@type\":\"WebPage\",\"@id\":\"https:\/\/hannacosmetica.com\/tienda\/manicura\/pinceles\/pincel-de-unas-punta-diagonal-pincel-oblicuo-2\/\",\"url\":\"https:\/\/hannacosmetica.com\/tienda\/manicura\/pinceles\/pincel-de-unas-punta-diagonal-pincel-oblicuo-2\/\",\"name\":\"Pincel de u\u00f1as punta Diagonal\/ Pincel Oblicuo - Hanna Cosm\u00e9tica\",\"isPartOf\":{\"@id\":\"https:\/\/hannacosmetica.com\/#website\"},\"datePublished\":\"2024-01-22T11:25:19+00:00\",\"dateModified\":\"2024-01-22T11:25:20+00:00\",\"breadcrumb\":{\"@id\":\"https:\/\/hannacosmetica.com\/tienda\/manicura\/pinceles\/pincel-de-unas-punta-diagonal-pincel-oblicuo-2\/#breadcrumb\"},\"inLanguage\":\"fr-FR\",\"potentialAction\":[{\"@type\":\"ReadAction\",\"target\":[\"https:\/\/hannacosmetica.com\/tienda\/manicura\/pinceles\/pincel-de-unas-punta-diagonal-pincel-oblicuo-2\/\"]}]},{\"@type\":\"BreadcrumbList\",\"@id\":\"https:\/\/hannacosmetica.com\/tienda\/manicura\/pinceles\/pincel-de-unas-punta-diagonal-pincel-oblicuo-2\/#breadcrumb\",\"itemListElement\":[{\"@type\":\"ListItem\",\"position\":1,\"name\":\"Portada\",\"item\":\"https:\/\/hannacosmetica.com\/\"},{\"@type\":\"ListItem\",\"position\":2,\"name\":\"Tienda\",\"item\":\"https:\/\/hannacosmetica.com\/shop\/\"},{\"@type\":\"ListItem\",\"position\":3,\"name\":\"Pincel de u\u00f1as punta Diagonal\/ Pincel Oblicuo\"}]},{\"@type\":\"WebSite\",\"@id\":\"https:\/\/hannacosmetica.com\/#website\",\"url\":\"https:\/\/hannacosmetica.com\/\",\"name\":\"Hanna Cosm\u00e9tica\",\"description\":\"Tienda de productos u\u00f1as, bellezas y peluquer\u00edas\",\"publisher\":{\"@id\":\"https:\/\/hannacosmetica.com\/#organization\"},\"potentialAction\":[{\"@type\":\"SearchAction\",\"target\":{\"@type\":\"EntryPoint\",\"urlTemplate\":\"https:\/\/hannacosmetica.com\/?s={search_term_string}\"},\"query-input\":\"required name=search_term_string\"}],\"inLanguage\":\"fr-FR\"},{\"@type\":\"Organization\",\"@id\":\"https:\/\/hannacosmetica.com\/#organization\",\"name\":\"Hanna Cosm\u00e9tica\",\"url\":\"https:\/\/hannacosmetica.com\/\",\"logo\":{\"@type\":\"ImageObject\",\"inLanguage\":\"fr-FR\",\"@id\":\"https:\/\/hannacosmetica.com\/#\/schema\/logo\/image\/\",\"url\":\"https:\/\/hannacosmetica.com\/wp-content\/uploads\/2022\/07\/Logo-Joyeria-Femenino-Floral-Negro.png\",\"contentUrl\":\"https:\/\/hannacosmetica.com\/wp-content\/uploads\/2022\/07\/Logo-Joyeria-Femenino-Floral-Negro.png\",\"width\":361,\"height\":126,\"caption\":\"Hanna Cosm\u00e9tica\"},\"image\":{\"@id\":\"https:\/\/hannacosmetica.com\/#\/schema\/logo\/image\/\"}}]}<\/script>\n<!-- \/ Yoast SEO plugin. -->","yoast_head_json":{"title":"Pincel de u\u00f1as punta Diagonal\/ Pincel Oblicuo - Hanna Cosm\u00e9tica","robots":{"index":"index","follow":"follow","max-snippet":"max-snippet:-1","max-image-preview":"max-image-preview:large","max-video-preview":"max-video-preview:-1"},"canonical":"https:\/\/hannacosmetica.com\/fr\/tienda\/manicura\/pinceles\/pincel-de-unas-punta-diagonal-pincel-oblicuo-2\/","og_locale":"fr_FR","og_type":"article","og_title":"Pincel de u\u00f1as punta Diagonal\/ Pincel Oblicuo - Hanna Cosm\u00e9tica","og_description":"\u3010Material de Alta Calidad\u3011 La parte del cepillo para esmalte de u\u00f1as est\u00e1 hecha de acr\u00edlico efecto aurora , que no se&hellip;","og_url":"https:\/\/hannacosmetica.com\/fr\/tienda\/manicura\/pinceles\/pincel-de-unas-punta-diagonal-pincel-oblicuo-2\/","og_site_name":"Hanna Cosm\u00e9tica","article_modified_time":"2024-01-22T11:25:20+00:00","og_image":[{"width":382,"height":336,"url":"https:\/\/hannacosmetica.com\/wp-content\/uploads\/2024\/01\/180mm-480-x-460-px-382-x-336-px-14.png","type":"image\/png"}],"twitter_card":"summary_large_image","schema":{"@context":"https:\/\/schema.org","@graph":[{"@type":"WebPage","@id":"https:\/\/hannacosmetica.com\/tienda\/manicura\/pinceles\/pincel-de-unas-punta-diagonal-pincel-oblicuo-2\/","url":"https:\/\/hannacosmetica.com\/tienda\/manicura\/pinceles\/pincel-de-unas-punta-diagonal-pincel-oblicuo-2\/","name":"Pincel de u\u00f1as punta Diagonal\/ Pincel Oblicuo - Hanna Cosm\u00e9tica","isPartOf":{"@id":"https:\/\/hannacosmetica.com\/#website"},"datePublished":"2024-01-22T11:25:19+00:00","dateModified":"2024-01-22T11:25:20+00:00","breadcrumb":{"@id":"https:\/\/hannacosmetica.com\/tienda\/manicura\/pinceles\/pincel-de-unas-punta-diagonal-pincel-oblicuo-2\/#breadcrumb"},"inLanguage":"fr-FR","potentialAction":[{"@type":"ReadAction","target":["https:\/\/hannacosmetica.com\/tienda\/manicura\/pinceles\/pincel-de-unas-punta-diagonal-pincel-oblicuo-2\/"]}]},{"@type":"BreadcrumbList","@id":"https:\/\/hannacosmetica.com\/tienda\/manicura\/pinceles\/pincel-de-unas-punta-diagonal-pincel-oblicuo-2\/#breadcrumb","itemListElement":[{"@type":"ListItem","position":1,"name":"Portada","item":"https:\/\/hannacosmetica.com\/"},{"@type":"ListItem","position":2,"name":"Tienda","item":"https:\/\/hannacosmetica.com\/shop\/"},{"@type":"ListItem","position":3,"name":"Pincel de u\u00f1as punta Diagonal\/ Pincel Oblicuo"}]},{"@type":"WebSite","@id":"https:\/\/hannacosmetica.com\/#website","url":"https:\/\/hannacosmetica.com\/","name":"Hanna Cosm\u00e9tica","description":"Tienda de productos u\u00f1as, bellezas y peluquer\u00edas","publisher":{"@id":"https:\/\/hannacosmetica.com\/#organization"},"potentialAction":[{"@type":"SearchAction","target":{"@type":"EntryPoint","urlTemplate":"https:\/\/hannacosmetica.com\/?s={search_term_string}"},"query-input":"required name=search_term_string"}],"inLanguage":"fr-FR"},{"@type":"Organization","@id":"https:\/\/hannacosmetica.com\/#organization","name":"Hanna Cosm\u00e9tica","url":"https:\/\/hannacosmetica.com\/","logo":{"@type":"ImageObject","inLanguage":"fr-FR","@id":"https:\/\/hannacosmetica.com\/#\/schema\/logo\/image\/","url":"https:\/\/hannacosmetica.com\/wp-content\/uploads\/2022\/07\/Logo-Joyeria-Femenino-Floral-Negro.png","contentUrl":"https:\/\/hannacosmetica.com\/wp-content\/uploads\/2022\/07\/Logo-Joyeria-Femenino-Floral-Negro.png","width":361,"height":126,"caption":"Hanna Cosm\u00e9tica"},"image":{"@id":"https:\/\/hannacosmetica.com\/#\/schema\/logo\/image\/"}}]}},"_links":{"self":[{"href":"https:\/\/hannacosmetica.com\/fr\/wp-json\/wp\/v2\/product\/16480"}],"collection":[{"href":"https:\/\/hannacosmetica.com\/fr\/wp-json\/wp\/v2\/product"}],"about":[{"href":"https:\/\/hannacosmetica.com\/fr\/wp-json\/wp\/v2\/types\/product"}],"replies":[{"embeddable":true,"href":"https:\/\/hannacosmetica.com\/fr\/wp-json\/wp\/v2\/comments?post=16480"}],"version-history":[{"count":1,"href":"https:\/\/hannacosmetica.com\/fr\/wp-json\/wp\/v2\/product\/16480\/revisions"}],"predecessor-version":[{"id":16482,"href":"https:\/\/hannacosmetica.com\/fr\/wp-json\/wp\/v2\/product\/16480\/revisions\/16482"}],"wp:featuredmedia":[{"embeddable":true,"href":"https:\/\/hannacosmetica.com\/fr\/wp-json\/wp\/v2\/media\/16481"}],"wp:attachment":[{"href":"https:\/\/hannacosmetica.com\/fr\/wp-json\/wp\/v2\/media?parent=16480"}],"wp:term":[{"taxonomy":"product_cat","embeddable":true,"href":"https:\/\/hannacosmetica.com\/fr\/wp-json\/wp\/v2\/product_cat?post=16480"},{"taxonomy":"product_tag","embeddable":true,"href":"https:\/\/hannacosmetica.com\/fr\/wp-json\/wp\/v2\/product_tag?post=16480"}],"curies":[{"name":"wp","href":"https:\/\/api.w.org\/{rel}","templated":true}]}}