{"id":16446,"date":"2024-01-19T17:22:53","date_gmt":"2024-01-19T17:22:53","guid":{"rendered":"https:\/\/hannacosmetica.com\/?post_type=product&#038;p=16446"},"modified":"2024-01-19T17:22:54","modified_gmt":"2024-01-19T17:22:54","slug":"pincel-plano-para-unas-pincel-para-construccion-de-unas-de-gel","status":"publish","type":"product","link":"https:\/\/hannacosmetica.com\/fr\/tienda\/manicura\/pinceles\/pincel-plano-para-unas-pincel-para-construccion-de-unas-de-gel\/","title":{"rendered":"Pincel plano para U\u00f1as\/ pincel para construcci\u00f3n de u\u00f1as de Gel"},"content":{"rendered":"<ul class=\"a-unordered-list a-vertical a-spacing-mini\">\n<li class=\"a-spacing-mini\"><span class=\"a-list-item\">Material: Pincel con cerdas naturales de pelo kolinsky y Mango acr\u00edlico transparente efecto Aurora aspecto lujoso, a la moda, duradero y puede aplicarse durante mucho tiempo, port\u00e1til y f\u00e1cil de sostener y usar<\/span><\/li>\n<li class=\"a-spacing-mini\"><span class=\"a-list-item\">F\u00e1cil de limpiar: Despu\u00e9s de usar el cepillo, aunque se le adhiera esmalte de u\u00f1as o gel, a\u00fan puede usar alcohol o acetona para limpiar el cepillo sin esfuerzo<\/span><\/li>\n<li class=\"a-spacing-mini\"><span class=\"a-list-item\">Duradero y elegante: Con un mango de dise\u00f1o ergon\u00f3mico, se adapta c\u00f3modamente a la mano y lo ayuda a llevar su arte de u\u00f1as de manera f\u00e1cil, liviana y sencilla. Es bueno para usuarios principiantes e intermedios, tambi\u00e9n es bueno para uso dom\u00e9stico y de sal\u00f3n<\/span><\/li>\n<\/ul>","protected":false},"excerpt":{"rendered":"<p>Material: Pincel con cerdas naturales de pelo kolinsky y Mango acr\u00edlico transparente efecto Aurora aspecto lujoso, a la moda, duradero y puede&hellip;<\/p>","protected":false},"featured_media":16447,"comment_status":"open","ping_status":"closed","template":"","meta":[],"product_cat":[304,82,97,87],"product_tag":[],"yoast_head":"<!-- This site is optimized with the Yoast SEO plugin v19.9 - https:\/\/yoast.com\/wordpress\/plugins\/seo\/ -->\n<title>Pincel plano para U\u00f1as\/ pincel para construcci\u00f3n de u\u00f1as de Gel - Hanna Cosm\u00e9tica<\/title>\n<meta name=\"robots\" content=\"index, follow, max-snippet:-1, max-image-preview:large, max-video-preview:-1\" \/>\n<link rel=\"canonical\" href=\"https:\/\/hannacosmetica.com\/fr\/tienda\/manicura\/pinceles\/pincel-plano-para-unas-pincel-para-construccion-de-unas-de-gel\/\" \/>\n<meta property=\"og:locale\" content=\"fr_FR\" \/>\n<meta property=\"og:type\" content=\"article\" \/>\n<meta property=\"og:title\" content=\"Pincel plano para U\u00f1as\/ pincel para construcci\u00f3n de u\u00f1as de Gel - Hanna Cosm\u00e9tica\" \/>\n<meta property=\"og:description\" content=\"Material: Pincel con cerdas naturales de pelo kolinsky y Mango acr\u00edlico transparente efecto Aurora aspecto lujoso, a la moda, duradero y puede&hellip;\" \/>\n<meta property=\"og:url\" content=\"https:\/\/hannacosmetica.com\/fr\/tienda\/manicura\/pinceles\/pincel-plano-para-unas-pincel-para-construccion-de-unas-de-gel\/\" \/>\n<meta property=\"og:site_name\" content=\"Hanna Cosm\u00e9tica\" \/>\n<meta property=\"article:modified_time\" content=\"2024-01-19T17:22:54+00:00\" \/>\n<meta property=\"og:image\" content=\"https:\/\/hannacosmetica.com\/wp-content\/uploads\/2024\/01\/180mm-480-x-460-px-382-x-336-px-4.png\" \/>\n\t<meta property=\"og:image:width\" content=\"382\" \/>\n\t<meta property=\"og:image:height\" content=\"336\" \/>\n\t<meta property=\"og:image:type\" content=\"image\/png\" \/>\n<meta name=\"twitter:card\" content=\"summary_large_image\" \/>\n<script type=\"application\/ld+json\" class=\"yoast-schema-graph\">{\"@context\":\"https:\/\/schema.org\",\"@graph\":[{\"@type\":\"WebPage\",\"@id\":\"https:\/\/hannacosmetica.com\/tienda\/manicura\/pinceles\/pincel-plano-para-unas-pincel-para-construccion-de-unas-de-gel\/\",\"url\":\"https:\/\/hannacosmetica.com\/tienda\/manicura\/pinceles\/pincel-plano-para-unas-pincel-para-construccion-de-unas-de-gel\/\",\"name\":\"Pincel plano para U\u00f1as\/ pincel para construcci\u00f3n de u\u00f1as de Gel - Hanna Cosm\u00e9tica\",\"isPartOf\":{\"@id\":\"https:\/\/hannacosmetica.com\/#website\"},\"datePublished\":\"2024-01-19T17:22:53+00:00\",\"dateModified\":\"2024-01-19T17:22:54+00:00\",\"breadcrumb\":{\"@id\":\"https:\/\/hannacosmetica.com\/tienda\/manicura\/pinceles\/pincel-plano-para-unas-pincel-para-construccion-de-unas-de-gel\/#breadcrumb\"},\"inLanguage\":\"fr-FR\",\"potentialAction\":[{\"@type\":\"ReadAction\",\"target\":[\"https:\/\/hannacosmetica.com\/tienda\/manicura\/pinceles\/pincel-plano-para-unas-pincel-para-construccion-de-unas-de-gel\/\"]}]},{\"@type\":\"BreadcrumbList\",\"@id\":\"https:\/\/hannacosmetica.com\/tienda\/manicura\/pinceles\/pincel-plano-para-unas-pincel-para-construccion-de-unas-de-gel\/#breadcrumb\",\"itemListElement\":[{\"@type\":\"ListItem\",\"position\":1,\"name\":\"Portada\",\"item\":\"https:\/\/hannacosmetica.com\/\"},{\"@type\":\"ListItem\",\"position\":2,\"name\":\"Tienda\",\"item\":\"https:\/\/hannacosmetica.com\/shop\/\"},{\"@type\":\"ListItem\",\"position\":3,\"name\":\"Pincel plano para U\u00f1as\/ pincel para construcci\u00f3n de u\u00f1as de Gel\"}]},{\"@type\":\"WebSite\",\"@id\":\"https:\/\/hannacosmetica.com\/#website\",\"url\":\"https:\/\/hannacosmetica.com\/\",\"name\":\"Hanna Cosm\u00e9tica\",\"description\":\"Tienda de productos u\u00f1as, bellezas y peluquer\u00edas\",\"publisher\":{\"@id\":\"https:\/\/hannacosmetica.com\/#organization\"},\"potentialAction\":[{\"@type\":\"SearchAction\",\"target\":{\"@type\":\"EntryPoint\",\"urlTemplate\":\"https:\/\/hannacosmetica.com\/?s={search_term_string}\"},\"query-input\":\"required name=search_term_string\"}],\"inLanguage\":\"fr-FR\"},{\"@type\":\"Organization\",\"@id\":\"https:\/\/hannacosmetica.com\/#organization\",\"name\":\"Hanna Cosm\u00e9tica\",\"url\":\"https:\/\/hannacosmetica.com\/\",\"logo\":{\"@type\":\"ImageObject\",\"inLanguage\":\"fr-FR\",\"@id\":\"https:\/\/hannacosmetica.com\/#\/schema\/logo\/image\/\",\"url\":\"https:\/\/hannacosmetica.com\/wp-content\/uploads\/2022\/07\/Logo-Joyeria-Femenino-Floral-Negro.png\",\"contentUrl\":\"https:\/\/hannacosmetica.com\/wp-content\/uploads\/2022\/07\/Logo-Joyeria-Femenino-Floral-Negro.png\",\"width\":361,\"height\":126,\"caption\":\"Hanna Cosm\u00e9tica\"},\"image\":{\"@id\":\"https:\/\/hannacosmetica.com\/#\/schema\/logo\/image\/\"}}]}<\/script>\n<!-- \/ Yoast SEO plugin. -->","yoast_head_json":{"title":"Pincel plano para U\u00f1as\/ pincel para construcci\u00f3n de u\u00f1as de Gel - Hanna Cosm\u00e9tica","robots":{"index":"index","follow":"follow","max-snippet":"max-snippet:-1","max-image-preview":"max-image-preview:large","max-video-preview":"max-video-preview:-1"},"canonical":"https:\/\/hannacosmetica.com\/fr\/tienda\/manicura\/pinceles\/pincel-plano-para-unas-pincel-para-construccion-de-unas-de-gel\/","og_locale":"fr_FR","og_type":"article","og_title":"Pincel plano para U\u00f1as\/ pincel para construcci\u00f3n de u\u00f1as de Gel - Hanna Cosm\u00e9tica","og_description":"Material: Pincel con cerdas naturales de pelo kolinsky y Mango acr\u00edlico transparente efecto Aurora aspecto lujoso, a la moda, duradero y puede&hellip;","og_url":"https:\/\/hannacosmetica.com\/fr\/tienda\/manicura\/pinceles\/pincel-plano-para-unas-pincel-para-construccion-de-unas-de-gel\/","og_site_name":"Hanna Cosm\u00e9tica","article_modified_time":"2024-01-19T17:22:54+00:00","og_image":[{"width":382,"height":336,"url":"https:\/\/hannacosmetica.com\/wp-content\/uploads\/2024\/01\/180mm-480-x-460-px-382-x-336-px-4.png","type":"image\/png"}],"twitter_card":"summary_large_image","schema":{"@context":"https:\/\/schema.org","@graph":[{"@type":"WebPage","@id":"https:\/\/hannacosmetica.com\/tienda\/manicura\/pinceles\/pincel-plano-para-unas-pincel-para-construccion-de-unas-de-gel\/","url":"https:\/\/hannacosmetica.com\/tienda\/manicura\/pinceles\/pincel-plano-para-unas-pincel-para-construccion-de-unas-de-gel\/","name":"Pincel plano para U\u00f1as\/ pincel para construcci\u00f3n de u\u00f1as de Gel - Hanna Cosm\u00e9tica","isPartOf":{"@id":"https:\/\/hannacosmetica.com\/#website"},"datePublished":"2024-01-19T17:22:53+00:00","dateModified":"2024-01-19T17:22:54+00:00","breadcrumb":{"@id":"https:\/\/hannacosmetica.com\/tienda\/manicura\/pinceles\/pincel-plano-para-unas-pincel-para-construccion-de-unas-de-gel\/#breadcrumb"},"inLanguage":"fr-FR","potentialAction":[{"@type":"ReadAction","target":["https:\/\/hannacosmetica.com\/tienda\/manicura\/pinceles\/pincel-plano-para-unas-pincel-para-construccion-de-unas-de-gel\/"]}]},{"@type":"BreadcrumbList","@id":"https:\/\/hannacosmetica.com\/tienda\/manicura\/pinceles\/pincel-plano-para-unas-pincel-para-construccion-de-unas-de-gel\/#breadcrumb","itemListElement":[{"@type":"ListItem","position":1,"name":"Portada","item":"https:\/\/hannacosmetica.com\/"},{"@type":"ListItem","position":2,"name":"Tienda","item":"https:\/\/hannacosmetica.com\/shop\/"},{"@type":"ListItem","position":3,"name":"Pincel plano para U\u00f1as\/ pincel para construcci\u00f3n de u\u00f1as de Gel"}]},{"@type":"WebSite","@id":"https:\/\/hannacosmetica.com\/#website","url":"https:\/\/hannacosmetica.com\/","name":"Hanna Cosm\u00e9tica","description":"Tienda de productos u\u00f1as, bellezas y peluquer\u00edas","publisher":{"@id":"https:\/\/hannacosmetica.com\/#organization"},"potentialAction":[{"@type":"SearchAction","target":{"@type":"EntryPoint","urlTemplate":"https:\/\/hannacosmetica.com\/?s={search_term_string}"},"query-input":"required name=search_term_string"}],"inLanguage":"fr-FR"},{"@type":"Organization","@id":"https:\/\/hannacosmetica.com\/#organization","name":"Hanna Cosm\u00e9tica","url":"https:\/\/hannacosmetica.com\/","logo":{"@type":"ImageObject","inLanguage":"fr-FR","@id":"https:\/\/hannacosmetica.com\/#\/schema\/logo\/image\/","url":"https:\/\/hannacosmetica.com\/wp-content\/uploads\/2022\/07\/Logo-Joyeria-Femenino-Floral-Negro.png","contentUrl":"https:\/\/hannacosmetica.com\/wp-content\/uploads\/2022\/07\/Logo-Joyeria-Femenino-Floral-Negro.png","width":361,"height":126,"caption":"Hanna Cosm\u00e9tica"},"image":{"@id":"https:\/\/hannacosmetica.com\/#\/schema\/logo\/image\/"}}]}},"_links":{"self":[{"href":"https:\/\/hannacosmetica.com\/fr\/wp-json\/wp\/v2\/product\/16446"}],"collection":[{"href":"https:\/\/hannacosmetica.com\/fr\/wp-json\/wp\/v2\/product"}],"about":[{"href":"https:\/\/hannacosmetica.com\/fr\/wp-json\/wp\/v2\/types\/product"}],"replies":[{"embeddable":true,"href":"https:\/\/hannacosmetica.com\/fr\/wp-json\/wp\/v2\/comments?post=16446"}],"version-history":[{"count":1,"href":"https:\/\/hannacosmetica.com\/fr\/wp-json\/wp\/v2\/product\/16446\/revisions"}],"predecessor-version":[{"id":16448,"href":"https:\/\/hannacosmetica.com\/fr\/wp-json\/wp\/v2\/product\/16446\/revisions\/16448"}],"wp:featuredmedia":[{"embeddable":true,"href":"https:\/\/hannacosmetica.com\/fr\/wp-json\/wp\/v2\/media\/16447"}],"wp:attachment":[{"href":"https:\/\/hannacosmetica.com\/fr\/wp-json\/wp\/v2\/media?parent=16446"}],"wp:term":[{"taxonomy":"product_cat","embeddable":true,"href":"https:\/\/hannacosmetica.com\/fr\/wp-json\/wp\/v2\/product_cat?post=16446"},{"taxonomy":"product_tag","embeddable":true,"href":"https:\/\/hannacosmetica.com\/fr\/wp-json\/wp\/v2\/product_tag?post=16446"}],"curies":[{"name":"wp","href":"https:\/\/api.w.org\/{rel}","templated":true}]}}