{"id":16430,"date":"2024-01-19T16:19:52","date_gmt":"2024-01-19T16:19:52","guid":{"rendered":"https:\/\/hannacosmetica.com\/?post_type=product&#038;p=16430"},"modified":"2024-01-19T17:26:00","modified_gmt":"2024-01-19T17:26:00","slug":"pincel-mango-de-madera-para-unas-pincel-para-construccion-de-unas-con-gel","status":"publish","type":"product","link":"https:\/\/hannacosmetica.com\/fr\/tienda\/manicura\/pinceles\/pincel-mango-de-madera-para-unas-pincel-para-construccion-de-unas-con-gel\/","title":{"rendered":"Pincel Plano Para U\u00f1as \/ Pincel para Construcci\u00f3n de u\u00f1as con gel"},"content":{"rendered":"<ul class=\"a-unordered-list a-vertical a-spacing-mini\">\n<li class=\"a-spacing-mini\"><span class=\"a-list-item\">Material del producto: nuestro Pincel de u\u00f1as est\u00e1 hecho de cerdas de Pelo Kolinsky, resistentes al removedor de esmalte de u\u00f1as.\u00a0 Fabricado con aleaci\u00f3n de alta calidad y material acr\u00edlico, que no se deforma ni corroe, y es duradero en comparaci\u00f3n con los cepillos tradicionales,<\/span><\/li>\n<li class=\"a-spacing-mini\"><span class=\"a-list-item\">Dise\u00f1o elaborado: nuestro pincel de manicura viene con\u00a0 una tapa de protecci\u00f3n para evitar que este se da\u00f1e al momento de guardarlo. su dise\u00f1o plano te ayuda\u00a0 llegar\u00a0 mejor\u00a0 a las \u00e1reas mas dif\u00edciles.<\/span><\/li>\n<li class=\"a-spacing-mini\"><span class=\"a-list-item\">F\u00e1cil de usar:\u00a0 adem\u00e1s\u00a0 de\u00a0 ser utilizado para la aplicaci\u00f3n de gel\u00a0 tambi\u00e9n sirve para eliminar el exceso de esmalte de u\u00f1as del \u00e1rea alrededor de las u\u00f1as, simplemente sumerja un poco de removedor de esmalte con el pincel. Limpie el pincel de inmediato despu\u00e9s de cada uso para extender su vida \u00fatil.<\/span><\/li>\n<li class=\"a-spacing-mini\"><span class=\"a-list-item\">Aplicaci\u00f3n amplia: este\u00a0 pincel de u\u00f1as te facilitar\u00e1 el proceso de manicura y te ayudar\u00e1 ahorrar tiempo\u00a0<\/span><\/li>\n<\/ul>","protected":false},"excerpt":{"rendered":"<p>Material del producto: nuestro Pincel de u\u00f1as est\u00e1 hecho de cerdas de Pelo Kolinsky, resistentes al removedor de esmalte de u\u00f1as.\u00a0 Fabricado&hellip;<\/p>","protected":false},"featured_media":16434,"comment_status":"open","ping_status":"closed","template":"","meta":[],"product_cat":[304,82,97,87],"product_tag":[],"yoast_head":"<!-- This site is optimized with the Yoast SEO plugin v19.9 - https:\/\/yoast.com\/wordpress\/plugins\/seo\/ -->\n<title>Pincel Plano Para U\u00f1as \/ Pincel para Construcci\u00f3n de u\u00f1as con gel - Hanna Cosm\u00e9tica<\/title>\n<meta name=\"robots\" content=\"index, follow, max-snippet:-1, max-image-preview:large, max-video-preview:-1\" \/>\n<link rel=\"canonical\" href=\"https:\/\/hannacosmetica.com\/fr\/tienda\/manicura\/pinceles\/pincel-mango-de-madera-para-unas-pincel-para-construccion-de-unas-con-gel\/\" \/>\n<meta property=\"og:locale\" content=\"fr_FR\" \/>\n<meta property=\"og:type\" content=\"article\" \/>\n<meta property=\"og:title\" content=\"Pincel Plano Para U\u00f1as \/ Pincel para Construcci\u00f3n de u\u00f1as con gel - Hanna Cosm\u00e9tica\" \/>\n<meta property=\"og:description\" content=\"Material del producto: nuestro Pincel de u\u00f1as est\u00e1 hecho de cerdas de Pelo Kolinsky, resistentes al removedor de esmalte de u\u00f1as.\u00a0 Fabricado&hellip;\" \/>\n<meta property=\"og:url\" content=\"https:\/\/hannacosmetica.com\/fr\/tienda\/manicura\/pinceles\/pincel-mango-de-madera-para-unas-pincel-para-construccion-de-unas-con-gel\/\" \/>\n<meta property=\"og:site_name\" content=\"Hanna Cosm\u00e9tica\" \/>\n<meta property=\"article:modified_time\" content=\"2024-01-19T17:26:00+00:00\" \/>\n<meta property=\"og:image\" content=\"https:\/\/hannacosmetica.com\/wp-content\/uploads\/2024\/01\/180mm-31.png\" \/>\n\t<meta property=\"og:image:width\" content=\"1080\" \/>\n\t<meta property=\"og:image:height\" content=\"1080\" \/>\n\t<meta property=\"og:image:type\" content=\"image\/png\" \/>\n<meta name=\"twitter:card\" content=\"summary_large_image\" \/>\n<script type=\"application\/ld+json\" class=\"yoast-schema-graph\">{\"@context\":\"https:\/\/schema.org\",\"@graph\":[{\"@type\":\"WebPage\",\"@id\":\"https:\/\/hannacosmetica.com\/tienda\/manicura\/pinceles\/pincel-mango-de-madera-para-unas-pincel-para-construccion-de-unas-con-gel\/\",\"url\":\"https:\/\/hannacosmetica.com\/tienda\/manicura\/pinceles\/pincel-mango-de-madera-para-unas-pincel-para-construccion-de-unas-con-gel\/\",\"name\":\"Pincel Plano Para U\u00f1as \/ Pincel para Construcci\u00f3n de u\u00f1as con gel - Hanna Cosm\u00e9tica\",\"isPartOf\":{\"@id\":\"https:\/\/hannacosmetica.com\/#website\"},\"datePublished\":\"2024-01-19T16:19:52+00:00\",\"dateModified\":\"2024-01-19T17:26:00+00:00\",\"breadcrumb\":{\"@id\":\"https:\/\/hannacosmetica.com\/tienda\/manicura\/pinceles\/pincel-mango-de-madera-para-unas-pincel-para-construccion-de-unas-con-gel\/#breadcrumb\"},\"inLanguage\":\"fr-FR\",\"potentialAction\":[{\"@type\":\"ReadAction\",\"target\":[\"https:\/\/hannacosmetica.com\/tienda\/manicura\/pinceles\/pincel-mango-de-madera-para-unas-pincel-para-construccion-de-unas-con-gel\/\"]}]},{\"@type\":\"BreadcrumbList\",\"@id\":\"https:\/\/hannacosmetica.com\/tienda\/manicura\/pinceles\/pincel-mango-de-madera-para-unas-pincel-para-construccion-de-unas-con-gel\/#breadcrumb\",\"itemListElement\":[{\"@type\":\"ListItem\",\"position\":1,\"name\":\"Portada\",\"item\":\"https:\/\/hannacosmetica.com\/\"},{\"@type\":\"ListItem\",\"position\":2,\"name\":\"Tienda\",\"item\":\"https:\/\/hannacosmetica.com\/shop\/\"},{\"@type\":\"ListItem\",\"position\":3,\"name\":\"Pincel Plano Para U\u00f1as \/ Pincel para Construcci\u00f3n de u\u00f1as con gel\"}]},{\"@type\":\"WebSite\",\"@id\":\"https:\/\/hannacosmetica.com\/#website\",\"url\":\"https:\/\/hannacosmetica.com\/\",\"name\":\"Hanna Cosm\u00e9tica\",\"description\":\"Tienda de productos u\u00f1as, bellezas y peluquer\u00edas\",\"publisher\":{\"@id\":\"https:\/\/hannacosmetica.com\/#organization\"},\"potentialAction\":[{\"@type\":\"SearchAction\",\"target\":{\"@type\":\"EntryPoint\",\"urlTemplate\":\"https:\/\/hannacosmetica.com\/?s={search_term_string}\"},\"query-input\":\"required name=search_term_string\"}],\"inLanguage\":\"fr-FR\"},{\"@type\":\"Organization\",\"@id\":\"https:\/\/hannacosmetica.com\/#organization\",\"name\":\"Hanna Cosm\u00e9tica\",\"url\":\"https:\/\/hannacosmetica.com\/\",\"logo\":{\"@type\":\"ImageObject\",\"inLanguage\":\"fr-FR\",\"@id\":\"https:\/\/hannacosmetica.com\/#\/schema\/logo\/image\/\",\"url\":\"https:\/\/hannacosmetica.com\/wp-content\/uploads\/2022\/07\/Logo-Joyeria-Femenino-Floral-Negro.png\",\"contentUrl\":\"https:\/\/hannacosmetica.com\/wp-content\/uploads\/2022\/07\/Logo-Joyeria-Femenino-Floral-Negro.png\",\"width\":361,\"height\":126,\"caption\":\"Hanna Cosm\u00e9tica\"},\"image\":{\"@id\":\"https:\/\/hannacosmetica.com\/#\/schema\/logo\/image\/\"}}]}<\/script>\n<!-- \/ Yoast SEO plugin. -->","yoast_head_json":{"title":"Pincel Plano Para U\u00f1as \/ Pincel para Construcci\u00f3n de u\u00f1as con gel - Hanna Cosm\u00e9tica","robots":{"index":"index","follow":"follow","max-snippet":"max-snippet:-1","max-image-preview":"max-image-preview:large","max-video-preview":"max-video-preview:-1"},"canonical":"https:\/\/hannacosmetica.com\/fr\/tienda\/manicura\/pinceles\/pincel-mango-de-madera-para-unas-pincel-para-construccion-de-unas-con-gel\/","og_locale":"fr_FR","og_type":"article","og_title":"Pincel Plano Para U\u00f1as \/ Pincel para Construcci\u00f3n de u\u00f1as con gel - Hanna Cosm\u00e9tica","og_description":"Material del producto: nuestro Pincel de u\u00f1as est\u00e1 hecho de cerdas de Pelo Kolinsky, resistentes al removedor de esmalte de u\u00f1as.\u00a0 Fabricado&hellip;","og_url":"https:\/\/hannacosmetica.com\/fr\/tienda\/manicura\/pinceles\/pincel-mango-de-madera-para-unas-pincel-para-construccion-de-unas-con-gel\/","og_site_name":"Hanna Cosm\u00e9tica","article_modified_time":"2024-01-19T17:26:00+00:00","og_image":[{"width":1080,"height":1080,"url":"https:\/\/hannacosmetica.com\/wp-content\/uploads\/2024\/01\/180mm-31.png","type":"image\/png"}],"twitter_card":"summary_large_image","schema":{"@context":"https:\/\/schema.org","@graph":[{"@type":"WebPage","@id":"https:\/\/hannacosmetica.com\/tienda\/manicura\/pinceles\/pincel-mango-de-madera-para-unas-pincel-para-construccion-de-unas-con-gel\/","url":"https:\/\/hannacosmetica.com\/tienda\/manicura\/pinceles\/pincel-mango-de-madera-para-unas-pincel-para-construccion-de-unas-con-gel\/","name":"Pincel Plano Para U\u00f1as \/ Pincel para Construcci\u00f3n de u\u00f1as con gel - Hanna Cosm\u00e9tica","isPartOf":{"@id":"https:\/\/hannacosmetica.com\/#website"},"datePublished":"2024-01-19T16:19:52+00:00","dateModified":"2024-01-19T17:26:00+00:00","breadcrumb":{"@id":"https:\/\/hannacosmetica.com\/tienda\/manicura\/pinceles\/pincel-mango-de-madera-para-unas-pincel-para-construccion-de-unas-con-gel\/#breadcrumb"},"inLanguage":"fr-FR","potentialAction":[{"@type":"ReadAction","target":["https:\/\/hannacosmetica.com\/tienda\/manicura\/pinceles\/pincel-mango-de-madera-para-unas-pincel-para-construccion-de-unas-con-gel\/"]}]},{"@type":"BreadcrumbList","@id":"https:\/\/hannacosmetica.com\/tienda\/manicura\/pinceles\/pincel-mango-de-madera-para-unas-pincel-para-construccion-de-unas-con-gel\/#breadcrumb","itemListElement":[{"@type":"ListItem","position":1,"name":"Portada","item":"https:\/\/hannacosmetica.com\/"},{"@type":"ListItem","position":2,"name":"Tienda","item":"https:\/\/hannacosmetica.com\/shop\/"},{"@type":"ListItem","position":3,"name":"Pincel Plano Para U\u00f1as \/ Pincel para Construcci\u00f3n de u\u00f1as con gel"}]},{"@type":"WebSite","@id":"https:\/\/hannacosmetica.com\/#website","url":"https:\/\/hannacosmetica.com\/","name":"Hanna Cosm\u00e9tica","description":"Tienda de productos u\u00f1as, bellezas y peluquer\u00edas","publisher":{"@id":"https:\/\/hannacosmetica.com\/#organization"},"potentialAction":[{"@type":"SearchAction","target":{"@type":"EntryPoint","urlTemplate":"https:\/\/hannacosmetica.com\/?s={search_term_string}"},"query-input":"required name=search_term_string"}],"inLanguage":"fr-FR"},{"@type":"Organization","@id":"https:\/\/hannacosmetica.com\/#organization","name":"Hanna Cosm\u00e9tica","url":"https:\/\/hannacosmetica.com\/","logo":{"@type":"ImageObject","inLanguage":"fr-FR","@id":"https:\/\/hannacosmetica.com\/#\/schema\/logo\/image\/","url":"https:\/\/hannacosmetica.com\/wp-content\/uploads\/2022\/07\/Logo-Joyeria-Femenino-Floral-Negro.png","contentUrl":"https:\/\/hannacosmetica.com\/wp-content\/uploads\/2022\/07\/Logo-Joyeria-Femenino-Floral-Negro.png","width":361,"height":126,"caption":"Hanna Cosm\u00e9tica"},"image":{"@id":"https:\/\/hannacosmetica.com\/#\/schema\/logo\/image\/"}}]}},"_links":{"self":[{"href":"https:\/\/hannacosmetica.com\/fr\/wp-json\/wp\/v2\/product\/16430"}],"collection":[{"href":"https:\/\/hannacosmetica.com\/fr\/wp-json\/wp\/v2\/product"}],"about":[{"href":"https:\/\/hannacosmetica.com\/fr\/wp-json\/wp\/v2\/types\/product"}],"replies":[{"embeddable":true,"href":"https:\/\/hannacosmetica.com\/fr\/wp-json\/wp\/v2\/comments?post=16430"}],"version-history":[{"count":3,"href":"https:\/\/hannacosmetica.com\/fr\/wp-json\/wp\/v2\/product\/16430\/revisions"}],"predecessor-version":[{"id":16450,"href":"https:\/\/hannacosmetica.com\/fr\/wp-json\/wp\/v2\/product\/16430\/revisions\/16450"}],"wp:featuredmedia":[{"embeddable":true,"href":"https:\/\/hannacosmetica.com\/fr\/wp-json\/wp\/v2\/media\/16434"}],"wp:attachment":[{"href":"https:\/\/hannacosmetica.com\/fr\/wp-json\/wp\/v2\/media?parent=16430"}],"wp:term":[{"taxonomy":"product_cat","embeddable":true,"href":"https:\/\/hannacosmetica.com\/fr\/wp-json\/wp\/v2\/product_cat?post=16430"},{"taxonomy":"product_tag","embeddable":true,"href":"https:\/\/hannacosmetica.com\/fr\/wp-json\/wp\/v2\/product_tag?post=16430"}],"curies":[{"name":"wp","href":"https:\/\/api.w.org\/{rel}","templated":true}]}}