{"id":16389,"date":"2024-01-16T17:55:39","date_gmt":"2024-01-16T17:55:39","guid":{"rendered":"https:\/\/hannacosmetica.com\/?post_type=product&#038;p=16389"},"modified":"2025-03-12T14:44:22","modified_gmt":"2025-03-12T14:44:22","slug":"papel-camilla-desechable-papel-para-camilla-spa","status":"publish","type":"product","link":"https:\/\/hannacosmetica.com\/fr\/tienda\/pestanas\/complementos-pestanas\/papel-camilla-desechable-papel-para-camilla-spa\/","title":{"rendered":"Papel Camilla Desechable\/ Papel para camilla Spa"},"content":{"rendered":"<ul>\n<li>Resistente<\/li>\n<li>no se rompe f\u00e1cilmente,<\/li>\n<li>transpirable<\/li>\n<li>grosor medio.<\/li>\n<li>orificio para\u00a0 cara<\/li>\n<li>tama\u00f1o 80x180cm<\/li>\n<\/ul>","protected":false},"excerpt":{"rendered":"<p>Resistente no se rompe f\u00e1cilmente, transpirable grosor medio. orificio para\u00a0 cara tama\u00f1o 80x180cm<\/p>","protected":false},"featured_media":16394,"comment_status":"open","ping_status":"closed","template":"","meta":[],"product_cat":[304,84,115,85,117,87],"product_tag":[],"yoast_head":"<!-- This site is optimized with the Yoast SEO plugin v19.9 - https:\/\/yoast.com\/wordpress\/plugins\/seo\/ -->\n<title>Papel Camilla Desechable\/ Papel para camilla Spa - Hanna Cosm\u00e9tica<\/title>\n<meta name=\"robots\" content=\"index, follow, max-snippet:-1, max-image-preview:large, max-video-preview:-1\" \/>\n<link rel=\"canonical\" href=\"https:\/\/hannacosmetica.com\/fr\/tienda\/pestanas\/complementos-pestanas\/papel-camilla-desechable-papel-para-camilla-spa\/\" \/>\n<meta property=\"og:locale\" content=\"fr_FR\" \/>\n<meta property=\"og:type\" content=\"article\" \/>\n<meta property=\"og:title\" content=\"Papel Camilla Desechable\/ Papel para camilla Spa - Hanna Cosm\u00e9tica\" \/>\n<meta property=\"og:description\" content=\"Resistente no se rompe f\u00e1cilmente, transpirable grosor medio. orificio para\u00a0 cara tama\u00f1o 80x180cm\" \/>\n<meta property=\"og:url\" content=\"https:\/\/hannacosmetica.com\/fr\/tienda\/pestanas\/complementos-pestanas\/papel-camilla-desechable-papel-para-camilla-spa\/\" \/>\n<meta property=\"og:site_name\" content=\"Hanna Cosm\u00e9tica\" \/>\n<meta property=\"article:modified_time\" content=\"2025-03-12T14:44:22+00:00\" \/>\n<meta property=\"og:image\" content=\"https:\/\/hannacosmetica.com\/wp-content\/uploads\/2024\/01\/12-SIZES-500-x-470-px-500-x-460-px-2024-01-16T184716.227.png\" \/>\n\t<meta property=\"og:image:width\" content=\"500\" \/>\n\t<meta property=\"og:image:height\" content=\"460\" \/>\n\t<meta property=\"og:image:type\" content=\"image\/png\" \/>\n<meta name=\"twitter:card\" content=\"summary_large_image\" \/>\n<script type=\"application\/ld+json\" class=\"yoast-schema-graph\">{\"@context\":\"https:\/\/schema.org\",\"@graph\":[{\"@type\":\"WebPage\",\"@id\":\"https:\/\/hannacosmetica.com\/tienda\/pestanas\/complementos-pestanas\/papel-camilla-desechable-papel-para-camilla-spa\/\",\"url\":\"https:\/\/hannacosmetica.com\/tienda\/pestanas\/complementos-pestanas\/papel-camilla-desechable-papel-para-camilla-spa\/\",\"name\":\"Papel Camilla Desechable\/ Papel para camilla Spa - Hanna Cosm\u00e9tica\",\"isPartOf\":{\"@id\":\"https:\/\/hannacosmetica.com\/#website\"},\"datePublished\":\"2024-01-16T17:55:39+00:00\",\"dateModified\":\"2025-03-12T14:44:22+00:00\",\"breadcrumb\":{\"@id\":\"https:\/\/hannacosmetica.com\/tienda\/pestanas\/complementos-pestanas\/papel-camilla-desechable-papel-para-camilla-spa\/#breadcrumb\"},\"inLanguage\":\"fr-FR\",\"potentialAction\":[{\"@type\":\"ReadAction\",\"target\":[\"https:\/\/hannacosmetica.com\/tienda\/pestanas\/complementos-pestanas\/papel-camilla-desechable-papel-para-camilla-spa\/\"]}]},{\"@type\":\"BreadcrumbList\",\"@id\":\"https:\/\/hannacosmetica.com\/tienda\/pestanas\/complementos-pestanas\/papel-camilla-desechable-papel-para-camilla-spa\/#breadcrumb\",\"itemListElement\":[{\"@type\":\"ListItem\",\"position\":1,\"name\":\"Portada\",\"item\":\"https:\/\/hannacosmetica.com\/\"},{\"@type\":\"ListItem\",\"position\":2,\"name\":\"Tienda\",\"item\":\"https:\/\/hannacosmetica.com\/shop\/\"},{\"@type\":\"ListItem\",\"position\":3,\"name\":\"Papel Camilla Desechable\/ Papel para camilla Spa\"}]},{\"@type\":\"WebSite\",\"@id\":\"https:\/\/hannacosmetica.com\/#website\",\"url\":\"https:\/\/hannacosmetica.com\/\",\"name\":\"Hanna Cosm\u00e9tica\",\"description\":\"Tienda de productos u\u00f1as, bellezas y peluquer\u00edas\",\"publisher\":{\"@id\":\"https:\/\/hannacosmetica.com\/#organization\"},\"potentialAction\":[{\"@type\":\"SearchAction\",\"target\":{\"@type\":\"EntryPoint\",\"urlTemplate\":\"https:\/\/hannacosmetica.com\/?s={search_term_string}\"},\"query-input\":\"required name=search_term_string\"}],\"inLanguage\":\"fr-FR\"},{\"@type\":\"Organization\",\"@id\":\"https:\/\/hannacosmetica.com\/#organization\",\"name\":\"Hanna Cosm\u00e9tica\",\"url\":\"https:\/\/hannacosmetica.com\/\",\"logo\":{\"@type\":\"ImageObject\",\"inLanguage\":\"fr-FR\",\"@id\":\"https:\/\/hannacosmetica.com\/#\/schema\/logo\/image\/\",\"url\":\"https:\/\/hannacosmetica.com\/wp-content\/uploads\/2022\/07\/Logo-Joyeria-Femenino-Floral-Negro.png\",\"contentUrl\":\"https:\/\/hannacosmetica.com\/wp-content\/uploads\/2022\/07\/Logo-Joyeria-Femenino-Floral-Negro.png\",\"width\":361,\"height\":126,\"caption\":\"Hanna Cosm\u00e9tica\"},\"image\":{\"@id\":\"https:\/\/hannacosmetica.com\/#\/schema\/logo\/image\/\"}}]}<\/script>\n<!-- \/ Yoast SEO plugin. -->","yoast_head_json":{"title":"Papel Camilla Desechable\/ Papel para camilla Spa - Hanna Cosm\u00e9tica","robots":{"index":"index","follow":"follow","max-snippet":"max-snippet:-1","max-image-preview":"max-image-preview:large","max-video-preview":"max-video-preview:-1"},"canonical":"https:\/\/hannacosmetica.com\/fr\/tienda\/pestanas\/complementos-pestanas\/papel-camilla-desechable-papel-para-camilla-spa\/","og_locale":"fr_FR","og_type":"article","og_title":"Papel Camilla Desechable\/ Papel para camilla Spa - Hanna Cosm\u00e9tica","og_description":"Resistente no se rompe f\u00e1cilmente, transpirable grosor medio. orificio para\u00a0 cara tama\u00f1o 80x180cm","og_url":"https:\/\/hannacosmetica.com\/fr\/tienda\/pestanas\/complementos-pestanas\/papel-camilla-desechable-papel-para-camilla-spa\/","og_site_name":"Hanna Cosm\u00e9tica","article_modified_time":"2025-03-12T14:44:22+00:00","og_image":[{"width":500,"height":460,"url":"https:\/\/hannacosmetica.com\/wp-content\/uploads\/2024\/01\/12-SIZES-500-x-470-px-500-x-460-px-2024-01-16T184716.227.png","type":"image\/png"}],"twitter_card":"summary_large_image","schema":{"@context":"https:\/\/schema.org","@graph":[{"@type":"WebPage","@id":"https:\/\/hannacosmetica.com\/tienda\/pestanas\/complementos-pestanas\/papel-camilla-desechable-papel-para-camilla-spa\/","url":"https:\/\/hannacosmetica.com\/tienda\/pestanas\/complementos-pestanas\/papel-camilla-desechable-papel-para-camilla-spa\/","name":"Papel Camilla Desechable\/ Papel para camilla Spa - Hanna Cosm\u00e9tica","isPartOf":{"@id":"https:\/\/hannacosmetica.com\/#website"},"datePublished":"2024-01-16T17:55:39+00:00","dateModified":"2025-03-12T14:44:22+00:00","breadcrumb":{"@id":"https:\/\/hannacosmetica.com\/tienda\/pestanas\/complementos-pestanas\/papel-camilla-desechable-papel-para-camilla-spa\/#breadcrumb"},"inLanguage":"fr-FR","potentialAction":[{"@type":"ReadAction","target":["https:\/\/hannacosmetica.com\/tienda\/pestanas\/complementos-pestanas\/papel-camilla-desechable-papel-para-camilla-spa\/"]}]},{"@type":"BreadcrumbList","@id":"https:\/\/hannacosmetica.com\/tienda\/pestanas\/complementos-pestanas\/papel-camilla-desechable-papel-para-camilla-spa\/#breadcrumb","itemListElement":[{"@type":"ListItem","position":1,"name":"Portada","item":"https:\/\/hannacosmetica.com\/"},{"@type":"ListItem","position":2,"name":"Tienda","item":"https:\/\/hannacosmetica.com\/shop\/"},{"@type":"ListItem","position":3,"name":"Papel Camilla Desechable\/ Papel para camilla Spa"}]},{"@type":"WebSite","@id":"https:\/\/hannacosmetica.com\/#website","url":"https:\/\/hannacosmetica.com\/","name":"Hanna Cosm\u00e9tica","description":"Tienda de productos u\u00f1as, bellezas y peluquer\u00edas","publisher":{"@id":"https:\/\/hannacosmetica.com\/#organization"},"potentialAction":[{"@type":"SearchAction","target":{"@type":"EntryPoint","urlTemplate":"https:\/\/hannacosmetica.com\/?s={search_term_string}"},"query-input":"required name=search_term_string"}],"inLanguage":"fr-FR"},{"@type":"Organization","@id":"https:\/\/hannacosmetica.com\/#organization","name":"Hanna Cosm\u00e9tica","url":"https:\/\/hannacosmetica.com\/","logo":{"@type":"ImageObject","inLanguage":"fr-FR","@id":"https:\/\/hannacosmetica.com\/#\/schema\/logo\/image\/","url":"https:\/\/hannacosmetica.com\/wp-content\/uploads\/2022\/07\/Logo-Joyeria-Femenino-Floral-Negro.png","contentUrl":"https:\/\/hannacosmetica.com\/wp-content\/uploads\/2022\/07\/Logo-Joyeria-Femenino-Floral-Negro.png","width":361,"height":126,"caption":"Hanna Cosm\u00e9tica"},"image":{"@id":"https:\/\/hannacosmetica.com\/#\/schema\/logo\/image\/"}}]}},"_links":{"self":[{"href":"https:\/\/hannacosmetica.com\/fr\/wp-json\/wp\/v2\/product\/16389"}],"collection":[{"href":"https:\/\/hannacosmetica.com\/fr\/wp-json\/wp\/v2\/product"}],"about":[{"href":"https:\/\/hannacosmetica.com\/fr\/wp-json\/wp\/v2\/types\/product"}],"replies":[{"embeddable":true,"href":"https:\/\/hannacosmetica.com\/fr\/wp-json\/wp\/v2\/comments?post=16389"}],"version-history":[{"count":1,"href":"https:\/\/hannacosmetica.com\/fr\/wp-json\/wp\/v2\/product\/16389\/revisions"}],"predecessor-version":[{"id":16397,"href":"https:\/\/hannacosmetica.com\/fr\/wp-json\/wp\/v2\/product\/16389\/revisions\/16397"}],"wp:featuredmedia":[{"embeddable":true,"href":"https:\/\/hannacosmetica.com\/fr\/wp-json\/wp\/v2\/media\/16394"}],"wp:attachment":[{"href":"https:\/\/hannacosmetica.com\/fr\/wp-json\/wp\/v2\/media?parent=16389"}],"wp:term":[{"taxonomy":"product_cat","embeddable":true,"href":"https:\/\/hannacosmetica.com\/fr\/wp-json\/wp\/v2\/product_cat?post=16389"},{"taxonomy":"product_tag","embeddable":true,"href":"https:\/\/hannacosmetica.com\/fr\/wp-json\/wp\/v2\/product_tag?post=16389"}],"curies":[{"name":"wp","href":"https:\/\/api.w.org\/{rel}","templated":true}]}}