{"id":16328,"date":"2024-01-15T17:56:10","date_gmt":"2024-01-15T17:56:10","guid":{"rendered":"https:\/\/hannacosmetica.com\/?post_type=product&#038;p=16328"},"modified":"2024-01-15T17:56:11","modified_gmt":"2024-01-15T17:56:11","slug":"toalla-impermeable-manicura-100u-almohadillas-papel-desechables-alfombrilla-mesa-colorlila","status":"publish","type":"product","link":"https:\/\/hannacosmetica.com\/fr\/tienda\/manicura\/complementos\/toalla-impermeable-manicura-100u-almohadillas-papel-desechables-alfombrilla-mesa-colorlila\/","title":{"rendered":"Toalla impermeable Manicura 100u\/Almohadillas Papel Desechables\/ Alfombrilla Mesa  colorlila"},"content":{"rendered":"<ul class=\"a-unordered-list a-vertical a-spacing-mini\">\n<li class=\"a-spacing-mini\"><span class=\"a-list-item\">Toque Suave: Alfombrilla para manicura desechable est\u00e1 hecho de material de pulpa de alta calidad, Tapete impermeable para u\u00f1as suave, le brinda un toque comodidad. Almohadillas de papel para arte de u\u00f1as,<\/span><\/li>\n<li class=\"a-spacing-mini\"><span class=\"a-list-item\">Uso \u00danico: Almohadillas\u00a0 impermeables Desechables resistentes al agua, esmaltes\u00a0 y cualquier tipo de l\u00edquidos,\u00a0 liviana e higi\u00e9nica. Absorbe el polvo generado por el pulido durante la manicura. La Alfombrilla tiene un relieve nivelado que ayuda a evitar que el l\u00edquido o la humedad se extiendan a la ropa u otras superficies<\/span><\/li>\n<li class=\"a-spacing-mini\"><span class=\"a-list-item\">Dise\u00f1o de Doble Cara:\u00a0 Los Tapetes de u\u00f1as est\u00e1n dise\u00f1ados\u00a0 con materiales de doble cara, un lado puede absorber agua y el otro lado puede ser impermeable, gracias a su\u00a0 estructura de tres capas de doble cara, que tiene una buena funci\u00f3n de absorci\u00f3n de sudor y prevenci\u00f3n de fugas. Baberos dentales desechables no es f\u00e1cil de rasgar despu\u00e9s de estar expuesto al agua y es muy duradero<\/span><\/li>\n<li class=\"a-spacing-mini\"><span class=\"a-list-item\">F\u00e1cil Almacenamiento: Tapete para protecci\u00f3n durante la aplicaci\u00f3n de u\u00f1as acr\u00edlicas es lavable y se seca r\u00e1pidamente, Alfombrillas para mesa de arte de tatuaje rosa f\u00e1cil de limpiar con agua y pa\u00f1o de cocina, ligera y port\u00e1til, Tapete de mesa plegable para u\u00f1as se puede plegar a voluntad, conveniente para que la lleve y la use, ocupa un espacio m\u00ednimo.<\/span><\/li>\n<li>cantidad: 100u<\/li>\n<li>color:lila<\/li>\n<\/ul>","protected":false},"excerpt":{"rendered":"<p>Toque Suave: Alfombrilla para manicura desechable est\u00e1 hecho de material de pulpa de alta calidad, Tapete impermeable para u\u00f1as suave, le brinda&hellip;<\/p>","protected":false},"featured_media":16329,"comment_status":"open","ping_status":"closed","template":"","meta":[],"product_cat":[304,82,101,87],"product_tag":[],"yoast_head":"<!-- This site is optimized with the Yoast SEO plugin v19.9 - https:\/\/yoast.com\/wordpress\/plugins\/seo\/ -->\n<title>Toalla impermeable Manicura 100u\/Almohadillas Papel Desechables\/ Alfombrilla Mesa colorlila - Hanna Cosm\u00e9tica<\/title>\n<meta name=\"robots\" content=\"index, follow, max-snippet:-1, max-image-preview:large, max-video-preview:-1\" \/>\n<link rel=\"canonical\" href=\"https:\/\/hannacosmetica.com\/fr\/tienda\/manicura\/complementos\/toalla-impermeable-manicura-100u-almohadillas-papel-desechables-alfombrilla-mesa-colorlila\/\" \/>\n<meta property=\"og:locale\" content=\"fr_FR\" \/>\n<meta property=\"og:type\" content=\"article\" \/>\n<meta property=\"og:title\" content=\"Toalla impermeable Manicura 100u\/Almohadillas Papel Desechables\/ Alfombrilla Mesa colorlila - Hanna Cosm\u00e9tica\" \/>\n<meta property=\"og:description\" content=\"Toque Suave: Alfombrilla para manicura desechable est\u00e1 hecho de material de pulpa de alta calidad, Tapete impermeable para u\u00f1as suave, le brinda&hellip;\" \/>\n<meta property=\"og:url\" content=\"https:\/\/hannacosmetica.com\/fr\/tienda\/manicura\/complementos\/toalla-impermeable-manicura-100u-almohadillas-papel-desechables-alfombrilla-mesa-colorlila\/\" \/>\n<meta property=\"og:site_name\" content=\"Hanna Cosm\u00e9tica\" \/>\n<meta property=\"article:modified_time\" content=\"2024-01-15T17:56:11+00:00\" \/>\n<meta property=\"og:image\" content=\"https:\/\/hannacosmetica.com\/wp-content\/uploads\/2024\/01\/12-SIZES-500-x-470-px-500-x-460-px-70.png\" \/>\n\t<meta property=\"og:image:width\" content=\"500\" \/>\n\t<meta property=\"og:image:height\" content=\"460\" \/>\n\t<meta property=\"og:image:type\" content=\"image\/png\" \/>\n<meta name=\"twitter:card\" content=\"summary_large_image\" \/>\n<script type=\"application\/ld+json\" class=\"yoast-schema-graph\">{\"@context\":\"https:\/\/schema.org\",\"@graph\":[{\"@type\":\"WebPage\",\"@id\":\"https:\/\/hannacosmetica.com\/tienda\/manicura\/complementos\/toalla-impermeable-manicura-100u-almohadillas-papel-desechables-alfombrilla-mesa-colorlila\/\",\"url\":\"https:\/\/hannacosmetica.com\/tienda\/manicura\/complementos\/toalla-impermeable-manicura-100u-almohadillas-papel-desechables-alfombrilla-mesa-colorlila\/\",\"name\":\"Toalla impermeable Manicura 100u\/Almohadillas Papel Desechables\/ Alfombrilla Mesa colorlila - Hanna Cosm\u00e9tica\",\"isPartOf\":{\"@id\":\"https:\/\/hannacosmetica.com\/#website\"},\"datePublished\":\"2024-01-15T17:56:10+00:00\",\"dateModified\":\"2024-01-15T17:56:11+00:00\",\"breadcrumb\":{\"@id\":\"https:\/\/hannacosmetica.com\/tienda\/manicura\/complementos\/toalla-impermeable-manicura-100u-almohadillas-papel-desechables-alfombrilla-mesa-colorlila\/#breadcrumb\"},\"inLanguage\":\"fr-FR\",\"potentialAction\":[{\"@type\":\"ReadAction\",\"target\":[\"https:\/\/hannacosmetica.com\/tienda\/manicura\/complementos\/toalla-impermeable-manicura-100u-almohadillas-papel-desechables-alfombrilla-mesa-colorlila\/\"]}]},{\"@type\":\"BreadcrumbList\",\"@id\":\"https:\/\/hannacosmetica.com\/tienda\/manicura\/complementos\/toalla-impermeable-manicura-100u-almohadillas-papel-desechables-alfombrilla-mesa-colorlila\/#breadcrumb\",\"itemListElement\":[{\"@type\":\"ListItem\",\"position\":1,\"name\":\"Portada\",\"item\":\"https:\/\/hannacosmetica.com\/\"},{\"@type\":\"ListItem\",\"position\":2,\"name\":\"Tienda\",\"item\":\"https:\/\/hannacosmetica.com\/shop\/\"},{\"@type\":\"ListItem\",\"position\":3,\"name\":\"Toalla impermeable Manicura 100u\/Almohadillas Papel Desechables\/ Alfombrilla Mesa colorlila\"}]},{\"@type\":\"WebSite\",\"@id\":\"https:\/\/hannacosmetica.com\/#website\",\"url\":\"https:\/\/hannacosmetica.com\/\",\"name\":\"Hanna Cosm\u00e9tica\",\"description\":\"Tienda de productos u\u00f1as, bellezas y peluquer\u00edas\",\"publisher\":{\"@id\":\"https:\/\/hannacosmetica.com\/#organization\"},\"potentialAction\":[{\"@type\":\"SearchAction\",\"target\":{\"@type\":\"EntryPoint\",\"urlTemplate\":\"https:\/\/hannacosmetica.com\/?s={search_term_string}\"},\"query-input\":\"required name=search_term_string\"}],\"inLanguage\":\"fr-FR\"},{\"@type\":\"Organization\",\"@id\":\"https:\/\/hannacosmetica.com\/#organization\",\"name\":\"Hanna Cosm\u00e9tica\",\"url\":\"https:\/\/hannacosmetica.com\/\",\"logo\":{\"@type\":\"ImageObject\",\"inLanguage\":\"fr-FR\",\"@id\":\"https:\/\/hannacosmetica.com\/#\/schema\/logo\/image\/\",\"url\":\"https:\/\/hannacosmetica.com\/wp-content\/uploads\/2022\/07\/Logo-Joyeria-Femenino-Floral-Negro.png\",\"contentUrl\":\"https:\/\/hannacosmetica.com\/wp-content\/uploads\/2022\/07\/Logo-Joyeria-Femenino-Floral-Negro.png\",\"width\":361,\"height\":126,\"caption\":\"Hanna Cosm\u00e9tica\"},\"image\":{\"@id\":\"https:\/\/hannacosmetica.com\/#\/schema\/logo\/image\/\"}}]}<\/script>\n<!-- \/ Yoast SEO plugin. -->","yoast_head_json":{"title":"Toalla impermeable Manicura 100u\/Almohadillas Papel Desechables\/ Alfombrilla Mesa colorlila - Hanna Cosm\u00e9tica","robots":{"index":"index","follow":"follow","max-snippet":"max-snippet:-1","max-image-preview":"max-image-preview:large","max-video-preview":"max-video-preview:-1"},"canonical":"https:\/\/hannacosmetica.com\/fr\/tienda\/manicura\/complementos\/toalla-impermeable-manicura-100u-almohadillas-papel-desechables-alfombrilla-mesa-colorlila\/","og_locale":"fr_FR","og_type":"article","og_title":"Toalla impermeable Manicura 100u\/Almohadillas Papel Desechables\/ Alfombrilla Mesa colorlila - Hanna Cosm\u00e9tica","og_description":"Toque Suave: Alfombrilla para manicura desechable est\u00e1 hecho de material de pulpa de alta calidad, Tapete impermeable para u\u00f1as suave, le brinda&hellip;","og_url":"https:\/\/hannacosmetica.com\/fr\/tienda\/manicura\/complementos\/toalla-impermeable-manicura-100u-almohadillas-papel-desechables-alfombrilla-mesa-colorlila\/","og_site_name":"Hanna Cosm\u00e9tica","article_modified_time":"2024-01-15T17:56:11+00:00","og_image":[{"width":500,"height":460,"url":"https:\/\/hannacosmetica.com\/wp-content\/uploads\/2024\/01\/12-SIZES-500-x-470-px-500-x-460-px-70.png","type":"image\/png"}],"twitter_card":"summary_large_image","schema":{"@context":"https:\/\/schema.org","@graph":[{"@type":"WebPage","@id":"https:\/\/hannacosmetica.com\/tienda\/manicura\/complementos\/toalla-impermeable-manicura-100u-almohadillas-papel-desechables-alfombrilla-mesa-colorlila\/","url":"https:\/\/hannacosmetica.com\/tienda\/manicura\/complementos\/toalla-impermeable-manicura-100u-almohadillas-papel-desechables-alfombrilla-mesa-colorlila\/","name":"Toalla impermeable Manicura 100u\/Almohadillas Papel Desechables\/ Alfombrilla Mesa colorlila - Hanna Cosm\u00e9tica","isPartOf":{"@id":"https:\/\/hannacosmetica.com\/#website"},"datePublished":"2024-01-15T17:56:10+00:00","dateModified":"2024-01-15T17:56:11+00:00","breadcrumb":{"@id":"https:\/\/hannacosmetica.com\/tienda\/manicura\/complementos\/toalla-impermeable-manicura-100u-almohadillas-papel-desechables-alfombrilla-mesa-colorlila\/#breadcrumb"},"inLanguage":"fr-FR","potentialAction":[{"@type":"ReadAction","target":["https:\/\/hannacosmetica.com\/tienda\/manicura\/complementos\/toalla-impermeable-manicura-100u-almohadillas-papel-desechables-alfombrilla-mesa-colorlila\/"]}]},{"@type":"BreadcrumbList","@id":"https:\/\/hannacosmetica.com\/tienda\/manicura\/complementos\/toalla-impermeable-manicura-100u-almohadillas-papel-desechables-alfombrilla-mesa-colorlila\/#breadcrumb","itemListElement":[{"@type":"ListItem","position":1,"name":"Portada","item":"https:\/\/hannacosmetica.com\/"},{"@type":"ListItem","position":2,"name":"Tienda","item":"https:\/\/hannacosmetica.com\/shop\/"},{"@type":"ListItem","position":3,"name":"Toalla impermeable Manicura 100u\/Almohadillas Papel Desechables\/ Alfombrilla Mesa colorlila"}]},{"@type":"WebSite","@id":"https:\/\/hannacosmetica.com\/#website","url":"https:\/\/hannacosmetica.com\/","name":"Hanna Cosm\u00e9tica","description":"Tienda de productos u\u00f1as, bellezas y peluquer\u00edas","publisher":{"@id":"https:\/\/hannacosmetica.com\/#organization"},"potentialAction":[{"@type":"SearchAction","target":{"@type":"EntryPoint","urlTemplate":"https:\/\/hannacosmetica.com\/?s={search_term_string}"},"query-input":"required name=search_term_string"}],"inLanguage":"fr-FR"},{"@type":"Organization","@id":"https:\/\/hannacosmetica.com\/#organization","name":"Hanna Cosm\u00e9tica","url":"https:\/\/hannacosmetica.com\/","logo":{"@type":"ImageObject","inLanguage":"fr-FR","@id":"https:\/\/hannacosmetica.com\/#\/schema\/logo\/image\/","url":"https:\/\/hannacosmetica.com\/wp-content\/uploads\/2022\/07\/Logo-Joyeria-Femenino-Floral-Negro.png","contentUrl":"https:\/\/hannacosmetica.com\/wp-content\/uploads\/2022\/07\/Logo-Joyeria-Femenino-Floral-Negro.png","width":361,"height":126,"caption":"Hanna Cosm\u00e9tica"},"image":{"@id":"https:\/\/hannacosmetica.com\/#\/schema\/logo\/image\/"}}]}},"_links":{"self":[{"href":"https:\/\/hannacosmetica.com\/fr\/wp-json\/wp\/v2\/product\/16328"}],"collection":[{"href":"https:\/\/hannacosmetica.com\/fr\/wp-json\/wp\/v2\/product"}],"about":[{"href":"https:\/\/hannacosmetica.com\/fr\/wp-json\/wp\/v2\/types\/product"}],"replies":[{"embeddable":true,"href":"https:\/\/hannacosmetica.com\/fr\/wp-json\/wp\/v2\/comments?post=16328"}],"version-history":[{"count":1,"href":"https:\/\/hannacosmetica.com\/fr\/wp-json\/wp\/v2\/product\/16328\/revisions"}],"predecessor-version":[{"id":16334,"href":"https:\/\/hannacosmetica.com\/fr\/wp-json\/wp\/v2\/product\/16328\/revisions\/16334"}],"wp:featuredmedia":[{"embeddable":true,"href":"https:\/\/hannacosmetica.com\/fr\/wp-json\/wp\/v2\/media\/16329"}],"wp:attachment":[{"href":"https:\/\/hannacosmetica.com\/fr\/wp-json\/wp\/v2\/media?parent=16328"}],"wp:term":[{"taxonomy":"product_cat","embeddable":true,"href":"https:\/\/hannacosmetica.com\/fr\/wp-json\/wp\/v2\/product_cat?post=16328"},{"taxonomy":"product_tag","embeddable":true,"href":"https:\/\/hannacosmetica.com\/fr\/wp-json\/wp\/v2\/product_tag?post=16328"}],"curies":[{"name":"wp","href":"https:\/\/api.w.org\/{rel}","templated":true}]}}