{"id":16262,"date":"2024-01-12T15:31:08","date_gmt":"2024-01-12T15:31:08","guid":{"rendered":"https:\/\/hannacosmetica.com\/?post_type=product&#038;p=16262"},"modified":"2024-01-12T15:31:08","modified_gmt":"2024-01-12T15:31:08","slug":"lima-de-unas-100-180-hanna-pack-10-u-2","status":"publish","type":"product","link":"https:\/\/hannacosmetica.com\/fr\/tienda\/hanna-exclusive\/limas\/lima-de-unas-100-180-hanna-pack-10-u-2\/","title":{"rendered":"Lima de U\u00f1as 100\/180 Hanna \/ Pack 10\/u"},"content":{"rendered":"<ul>\n<li>paquete de 10 limas de u\u00f1as profesionales100\/180<\/li>\n<\/ul>\n<ul class=\"a-unordered-list a-vertical a-spacing-mini\">\n<li class=\"a-spacing-mini\"><span class=\"a-list-item\">\u3010Fuerte Y Duradable\u3011: Las limas de u\u00f1as hechas de materiales EVC s\u00f3lidos y de tablero de esmeril de primera calidad, con una gran resistencia al desgaste, no se doblan, se deslizan f\u00e1cilmente y dan forma o recortan las u\u00f1as de forma r\u00e1pida y eficaz.<\/span><\/li>\n<li class=\"a-spacing-mini\"><span class=\"a-list-item\">Lima de u\u00f1as de doble cara 100\/180\u3011: Archivo de clavos de doble cara con diferentes densidades en ambos lados. Un lado consiste en 100 granos y es adecuado para dar forma y desbaste de u\u00f1as. El otro lado tiene un tama\u00f1o de grano de 180, Bordes m\u00e1s suaves de las u\u00f1as.<\/span><\/li>\n<li class=\"a-spacing-mini\"><span class=\"a-list-item\">\u3010Herramimentas De Limpieza Profesional\u3011: Estos archivos de manicura trabajan r\u00e1pidamente para recortar o dar forma al clavo acr\u00edlico con la forma o longitud que desee. Tambi\u00e9n son perfectos para eliminar el gel de u\u00f1as en tus u\u00f1as extendidas o falsas, protegiendo tus u\u00f1as con un acabado suave. La lima de u\u00f1as es lavable despu\u00e9s de su uso y se puede reutilizar durante mucho tiempo.<\/span><\/li>\n<li>forma: Diamante<\/li>\n<\/ul>","protected":false},"excerpt":{"rendered":"<p>paquete de 10 limas de u\u00f1as profesionales100\/180 \u3010Fuerte Y Duradable\u3011: Las limas de u\u00f1as hechas de materiales EVC s\u00f3lidos y de tablero&hellip;<\/p>","protected":false},"featured_media":16216,"comment_status":"open","ping_status":"closed","template":"","meta":[],"product_cat":[304,311,82,99,87],"product_tag":[],"yoast_head":"<!-- This site is optimized with the Yoast SEO plugin v19.9 - https:\/\/yoast.com\/wordpress\/plugins\/seo\/ -->\n<title>Lima de U\u00f1as 100\/180 Hanna \/ Pack 10\/u - Hanna Cosm\u00e9tica<\/title>\n<meta name=\"robots\" content=\"index, follow, max-snippet:-1, max-image-preview:large, max-video-preview:-1\" \/>\n<link rel=\"canonical\" href=\"https:\/\/hannacosmetica.com\/fr\/tienda\/hanna-exclusive\/limas\/lima-de-unas-100-180-hanna-pack-10-u-2\/\" \/>\n<meta property=\"og:locale\" content=\"fr_FR\" \/>\n<meta property=\"og:type\" content=\"article\" \/>\n<meta property=\"og:title\" content=\"Lima de U\u00f1as 100\/180 Hanna \/ Pack 10\/u - Hanna Cosm\u00e9tica\" \/>\n<meta property=\"og:description\" content=\"paquete de 10 limas de u\u00f1as profesionales100\/180 \u3010Fuerte Y Duradable\u3011: Las limas de u\u00f1as hechas de materiales EVC s\u00f3lidos y de tablero&hellip;\" \/>\n<meta property=\"og:url\" content=\"https:\/\/hannacosmetica.com\/fr\/tienda\/hanna-exclusive\/limas\/lima-de-unas-100-180-hanna-pack-10-u-2\/\" \/>\n<meta property=\"og:site_name\" content=\"Hanna Cosm\u00e9tica\" \/>\n<meta property=\"og:image\" content=\"https:\/\/hannacosmetica.com\/wp-content\/uploads\/2024\/01\/12-SIZES-500-x-470-px-500-x-460-px-18.png\" \/>\n\t<meta property=\"og:image:width\" content=\"500\" \/>\n\t<meta property=\"og:image:height\" content=\"460\" \/>\n\t<meta property=\"og:image:type\" content=\"image\/png\" \/>\n<meta name=\"twitter:card\" content=\"summary_large_image\" \/>\n<script type=\"application\/ld+json\" class=\"yoast-schema-graph\">{\"@context\":\"https:\/\/schema.org\",\"@graph\":[{\"@type\":\"WebPage\",\"@id\":\"https:\/\/hannacosmetica.com\/tienda\/hanna-exclusive\/limas\/lima-de-unas-100-180-hanna-pack-10-u-2\/\",\"url\":\"https:\/\/hannacosmetica.com\/tienda\/hanna-exclusive\/limas\/lima-de-unas-100-180-hanna-pack-10-u-2\/\",\"name\":\"Lima de U\u00f1as 100\/180 Hanna \/ Pack 10\/u - Hanna Cosm\u00e9tica\",\"isPartOf\":{\"@id\":\"https:\/\/hannacosmetica.com\/#website\"},\"datePublished\":\"2024-01-12T15:31:08+00:00\",\"dateModified\":\"2024-01-12T15:31:08+00:00\",\"breadcrumb\":{\"@id\":\"https:\/\/hannacosmetica.com\/tienda\/hanna-exclusive\/limas\/lima-de-unas-100-180-hanna-pack-10-u-2\/#breadcrumb\"},\"inLanguage\":\"fr-FR\",\"potentialAction\":[{\"@type\":\"ReadAction\",\"target\":[\"https:\/\/hannacosmetica.com\/tienda\/hanna-exclusive\/limas\/lima-de-unas-100-180-hanna-pack-10-u-2\/\"]}]},{\"@type\":\"BreadcrumbList\",\"@id\":\"https:\/\/hannacosmetica.com\/tienda\/hanna-exclusive\/limas\/lima-de-unas-100-180-hanna-pack-10-u-2\/#breadcrumb\",\"itemListElement\":[{\"@type\":\"ListItem\",\"position\":1,\"name\":\"Portada\",\"item\":\"https:\/\/hannacosmetica.com\/\"},{\"@type\":\"ListItem\",\"position\":2,\"name\":\"Tienda\",\"item\":\"https:\/\/hannacosmetica.com\/shop\/\"},{\"@type\":\"ListItem\",\"position\":3,\"name\":\"Lima de U\u00f1as 100\/180 Hanna \/ Pack 10\/u\"}]},{\"@type\":\"WebSite\",\"@id\":\"https:\/\/hannacosmetica.com\/#website\",\"url\":\"https:\/\/hannacosmetica.com\/\",\"name\":\"Hanna Cosm\u00e9tica\",\"description\":\"Tienda de productos u\u00f1as, bellezas y peluquer\u00edas\",\"publisher\":{\"@id\":\"https:\/\/hannacosmetica.com\/#organization\"},\"potentialAction\":[{\"@type\":\"SearchAction\",\"target\":{\"@type\":\"EntryPoint\",\"urlTemplate\":\"https:\/\/hannacosmetica.com\/?s={search_term_string}\"},\"query-input\":\"required name=search_term_string\"}],\"inLanguage\":\"fr-FR\"},{\"@type\":\"Organization\",\"@id\":\"https:\/\/hannacosmetica.com\/#organization\",\"name\":\"Hanna Cosm\u00e9tica\",\"url\":\"https:\/\/hannacosmetica.com\/\",\"logo\":{\"@type\":\"ImageObject\",\"inLanguage\":\"fr-FR\",\"@id\":\"https:\/\/hannacosmetica.com\/#\/schema\/logo\/image\/\",\"url\":\"https:\/\/hannacosmetica.com\/wp-content\/uploads\/2022\/07\/Logo-Joyeria-Femenino-Floral-Negro.png\",\"contentUrl\":\"https:\/\/hannacosmetica.com\/wp-content\/uploads\/2022\/07\/Logo-Joyeria-Femenino-Floral-Negro.png\",\"width\":361,\"height\":126,\"caption\":\"Hanna Cosm\u00e9tica\"},\"image\":{\"@id\":\"https:\/\/hannacosmetica.com\/#\/schema\/logo\/image\/\"}}]}<\/script>\n<!-- \/ Yoast SEO plugin. -->","yoast_head_json":{"title":"Lima de U\u00f1as 100\/180 Hanna \/ Pack 10\/u - Hanna Cosm\u00e9tica","robots":{"index":"index","follow":"follow","max-snippet":"max-snippet:-1","max-image-preview":"max-image-preview:large","max-video-preview":"max-video-preview:-1"},"canonical":"https:\/\/hannacosmetica.com\/fr\/tienda\/hanna-exclusive\/limas\/lima-de-unas-100-180-hanna-pack-10-u-2\/","og_locale":"fr_FR","og_type":"article","og_title":"Lima de U\u00f1as 100\/180 Hanna \/ Pack 10\/u - Hanna Cosm\u00e9tica","og_description":"paquete de 10 limas de u\u00f1as profesionales100\/180 \u3010Fuerte Y Duradable\u3011: Las limas de u\u00f1as hechas de materiales EVC s\u00f3lidos y de tablero&hellip;","og_url":"https:\/\/hannacosmetica.com\/fr\/tienda\/hanna-exclusive\/limas\/lima-de-unas-100-180-hanna-pack-10-u-2\/","og_site_name":"Hanna Cosm\u00e9tica","og_image":[{"width":500,"height":460,"url":"https:\/\/hannacosmetica.com\/wp-content\/uploads\/2024\/01\/12-SIZES-500-x-470-px-500-x-460-px-18.png","type":"image\/png"}],"twitter_card":"summary_large_image","schema":{"@context":"https:\/\/schema.org","@graph":[{"@type":"WebPage","@id":"https:\/\/hannacosmetica.com\/tienda\/hanna-exclusive\/limas\/lima-de-unas-100-180-hanna-pack-10-u-2\/","url":"https:\/\/hannacosmetica.com\/tienda\/hanna-exclusive\/limas\/lima-de-unas-100-180-hanna-pack-10-u-2\/","name":"Lima de U\u00f1as 100\/180 Hanna \/ Pack 10\/u - Hanna Cosm\u00e9tica","isPartOf":{"@id":"https:\/\/hannacosmetica.com\/#website"},"datePublished":"2024-01-12T15:31:08+00:00","dateModified":"2024-01-12T15:31:08+00:00","breadcrumb":{"@id":"https:\/\/hannacosmetica.com\/tienda\/hanna-exclusive\/limas\/lima-de-unas-100-180-hanna-pack-10-u-2\/#breadcrumb"},"inLanguage":"fr-FR","potentialAction":[{"@type":"ReadAction","target":["https:\/\/hannacosmetica.com\/tienda\/hanna-exclusive\/limas\/lima-de-unas-100-180-hanna-pack-10-u-2\/"]}]},{"@type":"BreadcrumbList","@id":"https:\/\/hannacosmetica.com\/tienda\/hanna-exclusive\/limas\/lima-de-unas-100-180-hanna-pack-10-u-2\/#breadcrumb","itemListElement":[{"@type":"ListItem","position":1,"name":"Portada","item":"https:\/\/hannacosmetica.com\/"},{"@type":"ListItem","position":2,"name":"Tienda","item":"https:\/\/hannacosmetica.com\/shop\/"},{"@type":"ListItem","position":3,"name":"Lima de U\u00f1as 100\/180 Hanna \/ Pack 10\/u"}]},{"@type":"WebSite","@id":"https:\/\/hannacosmetica.com\/#website","url":"https:\/\/hannacosmetica.com\/","name":"Hanna Cosm\u00e9tica","description":"Tienda de productos u\u00f1as, bellezas y peluquer\u00edas","publisher":{"@id":"https:\/\/hannacosmetica.com\/#organization"},"potentialAction":[{"@type":"SearchAction","target":{"@type":"EntryPoint","urlTemplate":"https:\/\/hannacosmetica.com\/?s={search_term_string}"},"query-input":"required name=search_term_string"}],"inLanguage":"fr-FR"},{"@type":"Organization","@id":"https:\/\/hannacosmetica.com\/#organization","name":"Hanna Cosm\u00e9tica","url":"https:\/\/hannacosmetica.com\/","logo":{"@type":"ImageObject","inLanguage":"fr-FR","@id":"https:\/\/hannacosmetica.com\/#\/schema\/logo\/image\/","url":"https:\/\/hannacosmetica.com\/wp-content\/uploads\/2022\/07\/Logo-Joyeria-Femenino-Floral-Negro.png","contentUrl":"https:\/\/hannacosmetica.com\/wp-content\/uploads\/2022\/07\/Logo-Joyeria-Femenino-Floral-Negro.png","width":361,"height":126,"caption":"Hanna Cosm\u00e9tica"},"image":{"@id":"https:\/\/hannacosmetica.com\/#\/schema\/logo\/image\/"}}]}},"_links":{"self":[{"href":"https:\/\/hannacosmetica.com\/fr\/wp-json\/wp\/v2\/product\/16262"}],"collection":[{"href":"https:\/\/hannacosmetica.com\/fr\/wp-json\/wp\/v2\/product"}],"about":[{"href":"https:\/\/hannacosmetica.com\/fr\/wp-json\/wp\/v2\/types\/product"}],"replies":[{"embeddable":true,"href":"https:\/\/hannacosmetica.com\/fr\/wp-json\/wp\/v2\/comments?post=16262"}],"version-history":[{"count":1,"href":"https:\/\/hannacosmetica.com\/fr\/wp-json\/wp\/v2\/product\/16262\/revisions"}],"predecessor-version":[{"id":16263,"href":"https:\/\/hannacosmetica.com\/fr\/wp-json\/wp\/v2\/product\/16262\/revisions\/16263"}],"wp:featuredmedia":[{"embeddable":true,"href":"https:\/\/hannacosmetica.com\/fr\/wp-json\/wp\/v2\/media\/16216"}],"wp:attachment":[{"href":"https:\/\/hannacosmetica.com\/fr\/wp-json\/wp\/v2\/media?parent=16262"}],"wp:term":[{"taxonomy":"product_cat","embeddable":true,"href":"https:\/\/hannacosmetica.com\/fr\/wp-json\/wp\/v2\/product_cat?post=16262"},{"taxonomy":"product_tag","embeddable":true,"href":"https:\/\/hannacosmetica.com\/fr\/wp-json\/wp\/v2\/product_tag?post=16262"}],"curies":[{"name":"wp","href":"https:\/\/api.w.org\/{rel}","templated":true}]}}