{"id":16174,"date":"2024-01-09T14:50:43","date_gmt":"2024-01-09T14:50:43","guid":{"rendered":"https:\/\/hannacosmetica.com\/?post_type=product&#038;p=16174"},"modified":"2026-01-16T17:02:31","modified_gmt":"2026-01-16T17:02:31","slug":"juego-de-10-brocas-para-unas-fresas-para-torno-n23","status":"publish","type":"product","link":"https:\/\/hannacosmetica.com\/fr\/tienda\/manicura\/fresas\/juego-de-10-brocas-para-unas-fresas-para-torno-n23\/","title":{"rendered":"Juego de 10 brocas para u\u00f1as \/ fresas para torno N23"},"content":{"rendered":"<ul class=\"a-unordered-list a-vertical a-spacing-mini\">\n<li class=\"a-spacing-mini\"><span class=\"a-list-item\">\u3010Funciones M\u00faltiples\u3011: el kit de fresas de u\u00f1as contiene 10 herramientas diferentes para satisfacer sus necesidades de pulido en diferentes \u00e1reas de u\u00f1as. especialmente para eliminar la cut\u00edcula de los bordes y las paredes laterales y la piel muerta. Puede afilar, moler, esculpir.<\/span><\/li>\n<li class=\"a-spacing-mini\"><span class=\"a-list-item\">\u3010F\u00e1cil de Usar\u3011:el dise\u00f1o compacto de taladro y clavo, port\u00e1til y liviano, se puede almacenar f\u00e1cilmente en cualquier momento y en cualquier lugar para uso personal y profesional. Los materiales antibacterianos limpios, higi\u00e9nicos y saludables son f\u00e1ciles de limpiar y desinfectar, simplemente enjuague el accesorio con agua limpia y luego se puede desinfectar las puntas.<\/span><\/li>\n<li>cantidad :10pcs<\/li>\n<li>tama\u00f1o:\u00a0 universal<\/li>\n<\/ul>","protected":false},"excerpt":{"rendered":"<p>\u3010Funciones M\u00faltiples\u3011: el kit de fresas de u\u00f1as contiene 10 herramientas diferentes para satisfacer sus necesidades de pulido en diferentes \u00e1reas de&hellip;<\/p>","protected":false},"featured_media":16175,"comment_status":"open","ping_status":"closed","template":"","meta":[],"product_cat":[82,100,87],"product_tag":[],"yoast_head":"<!-- This site is optimized with the Yoast SEO plugin v19.9 - https:\/\/yoast.com\/wordpress\/plugins\/seo\/ -->\n<title>Juego de 10 brocas para u\u00f1as \/ fresas para torno N23 - Hanna Cosm\u00e9tica<\/title>\n<meta name=\"robots\" content=\"index, follow, max-snippet:-1, max-image-preview:large, max-video-preview:-1\" \/>\n<link rel=\"canonical\" href=\"https:\/\/hannacosmetica.com\/fr\/tienda\/manicura\/fresas\/juego-de-10-brocas-para-unas-fresas-para-torno-n23\/\" \/>\n<meta property=\"og:locale\" content=\"fr_FR\" \/>\n<meta property=\"og:type\" content=\"article\" \/>\n<meta property=\"og:title\" content=\"Juego de 10 brocas para u\u00f1as \/ fresas para torno N23 - Hanna Cosm\u00e9tica\" \/>\n<meta property=\"og:description\" content=\"\u3010Funciones M\u00faltiples\u3011: el kit de fresas de u\u00f1as contiene 10 herramientas diferentes para satisfacer sus necesidades de pulido en diferentes \u00e1reas de&hellip;\" \/>\n<meta property=\"og:url\" content=\"https:\/\/hannacosmetica.com\/fr\/tienda\/manicura\/fresas\/juego-de-10-brocas-para-unas-fresas-para-torno-n23\/\" \/>\n<meta property=\"og:site_name\" content=\"Hanna Cosm\u00e9tica\" \/>\n<meta property=\"article:modified_time\" content=\"2026-01-16T17:02:31+00:00\" \/>\n<meta property=\"og:image\" content=\"https:\/\/hannacosmetica.com\/wp-content\/uploads\/2024\/01\/12-SIZES-44.png\" \/>\n\t<meta property=\"og:image:width\" content=\"1080\" \/>\n\t<meta property=\"og:image:height\" content=\"1080\" \/>\n\t<meta property=\"og:image:type\" content=\"image\/png\" \/>\n<meta name=\"twitter:card\" content=\"summary_large_image\" \/>\n<script type=\"application\/ld+json\" class=\"yoast-schema-graph\">{\"@context\":\"https:\/\/schema.org\",\"@graph\":[{\"@type\":\"WebPage\",\"@id\":\"https:\/\/hannacosmetica.com\/tienda\/manicura\/fresas\/juego-de-10-brocas-para-unas-fresas-para-torno-n23\/\",\"url\":\"https:\/\/hannacosmetica.com\/tienda\/manicura\/fresas\/juego-de-10-brocas-para-unas-fresas-para-torno-n23\/\",\"name\":\"Juego de 10 brocas para u\u00f1as \/ fresas para torno N23 - Hanna Cosm\u00e9tica\",\"isPartOf\":{\"@id\":\"https:\/\/hannacosmetica.com\/#website\"},\"datePublished\":\"2024-01-09T14:50:43+00:00\",\"dateModified\":\"2026-01-16T17:02:31+00:00\",\"breadcrumb\":{\"@id\":\"https:\/\/hannacosmetica.com\/tienda\/manicura\/fresas\/juego-de-10-brocas-para-unas-fresas-para-torno-n23\/#breadcrumb\"},\"inLanguage\":\"fr-FR\",\"potentialAction\":[{\"@type\":\"ReadAction\",\"target\":[\"https:\/\/hannacosmetica.com\/tienda\/manicura\/fresas\/juego-de-10-brocas-para-unas-fresas-para-torno-n23\/\"]}]},{\"@type\":\"BreadcrumbList\",\"@id\":\"https:\/\/hannacosmetica.com\/tienda\/manicura\/fresas\/juego-de-10-brocas-para-unas-fresas-para-torno-n23\/#breadcrumb\",\"itemListElement\":[{\"@type\":\"ListItem\",\"position\":1,\"name\":\"Portada\",\"item\":\"https:\/\/hannacosmetica.com\/\"},{\"@type\":\"ListItem\",\"position\":2,\"name\":\"Tienda\",\"item\":\"https:\/\/hannacosmetica.com\/shop\/\"},{\"@type\":\"ListItem\",\"position\":3,\"name\":\"Juego de 10 brocas para u\u00f1as \/ fresas para torno N23\"}]},{\"@type\":\"WebSite\",\"@id\":\"https:\/\/hannacosmetica.com\/#website\",\"url\":\"https:\/\/hannacosmetica.com\/\",\"name\":\"Hanna Cosm\u00e9tica\",\"description\":\"Tienda de productos u\u00f1as, bellezas y peluquer\u00edas\",\"publisher\":{\"@id\":\"https:\/\/hannacosmetica.com\/#organization\"},\"potentialAction\":[{\"@type\":\"SearchAction\",\"target\":{\"@type\":\"EntryPoint\",\"urlTemplate\":\"https:\/\/hannacosmetica.com\/?s={search_term_string}\"},\"query-input\":\"required name=search_term_string\"}],\"inLanguage\":\"fr-FR\"},{\"@type\":\"Organization\",\"@id\":\"https:\/\/hannacosmetica.com\/#organization\",\"name\":\"Hanna Cosm\u00e9tica\",\"url\":\"https:\/\/hannacosmetica.com\/\",\"logo\":{\"@type\":\"ImageObject\",\"inLanguage\":\"fr-FR\",\"@id\":\"https:\/\/hannacosmetica.com\/#\/schema\/logo\/image\/\",\"url\":\"https:\/\/hannacosmetica.com\/wp-content\/uploads\/2022\/07\/Logo-Joyeria-Femenino-Floral-Negro.png\",\"contentUrl\":\"https:\/\/hannacosmetica.com\/wp-content\/uploads\/2022\/07\/Logo-Joyeria-Femenino-Floral-Negro.png\",\"width\":361,\"height\":126,\"caption\":\"Hanna Cosm\u00e9tica\"},\"image\":{\"@id\":\"https:\/\/hannacosmetica.com\/#\/schema\/logo\/image\/\"}}]}<\/script>\n<!-- \/ Yoast SEO plugin. -->","yoast_head_json":{"title":"Juego de 10 brocas para u\u00f1as \/ fresas para torno N23 - Hanna Cosm\u00e9tica","robots":{"index":"index","follow":"follow","max-snippet":"max-snippet:-1","max-image-preview":"max-image-preview:large","max-video-preview":"max-video-preview:-1"},"canonical":"https:\/\/hannacosmetica.com\/fr\/tienda\/manicura\/fresas\/juego-de-10-brocas-para-unas-fresas-para-torno-n23\/","og_locale":"fr_FR","og_type":"article","og_title":"Juego de 10 brocas para u\u00f1as \/ fresas para torno N23 - Hanna Cosm\u00e9tica","og_description":"\u3010Funciones M\u00faltiples\u3011: el kit de fresas de u\u00f1as contiene 10 herramientas diferentes para satisfacer sus necesidades de pulido en diferentes \u00e1reas de&hellip;","og_url":"https:\/\/hannacosmetica.com\/fr\/tienda\/manicura\/fresas\/juego-de-10-brocas-para-unas-fresas-para-torno-n23\/","og_site_name":"Hanna Cosm\u00e9tica","article_modified_time":"2026-01-16T17:02:31+00:00","og_image":[{"width":1080,"height":1080,"url":"https:\/\/hannacosmetica.com\/wp-content\/uploads\/2024\/01\/12-SIZES-44.png","type":"image\/png"}],"twitter_card":"summary_large_image","schema":{"@context":"https:\/\/schema.org","@graph":[{"@type":"WebPage","@id":"https:\/\/hannacosmetica.com\/tienda\/manicura\/fresas\/juego-de-10-brocas-para-unas-fresas-para-torno-n23\/","url":"https:\/\/hannacosmetica.com\/tienda\/manicura\/fresas\/juego-de-10-brocas-para-unas-fresas-para-torno-n23\/","name":"Juego de 10 brocas para u\u00f1as \/ fresas para torno N23 - Hanna Cosm\u00e9tica","isPartOf":{"@id":"https:\/\/hannacosmetica.com\/#website"},"datePublished":"2024-01-09T14:50:43+00:00","dateModified":"2026-01-16T17:02:31+00:00","breadcrumb":{"@id":"https:\/\/hannacosmetica.com\/tienda\/manicura\/fresas\/juego-de-10-brocas-para-unas-fresas-para-torno-n23\/#breadcrumb"},"inLanguage":"fr-FR","potentialAction":[{"@type":"ReadAction","target":["https:\/\/hannacosmetica.com\/tienda\/manicura\/fresas\/juego-de-10-brocas-para-unas-fresas-para-torno-n23\/"]}]},{"@type":"BreadcrumbList","@id":"https:\/\/hannacosmetica.com\/tienda\/manicura\/fresas\/juego-de-10-brocas-para-unas-fresas-para-torno-n23\/#breadcrumb","itemListElement":[{"@type":"ListItem","position":1,"name":"Portada","item":"https:\/\/hannacosmetica.com\/"},{"@type":"ListItem","position":2,"name":"Tienda","item":"https:\/\/hannacosmetica.com\/shop\/"},{"@type":"ListItem","position":3,"name":"Juego de 10 brocas para u\u00f1as \/ fresas para torno N23"}]},{"@type":"WebSite","@id":"https:\/\/hannacosmetica.com\/#website","url":"https:\/\/hannacosmetica.com\/","name":"Hanna Cosm\u00e9tica","description":"Tienda de productos u\u00f1as, bellezas y peluquer\u00edas","publisher":{"@id":"https:\/\/hannacosmetica.com\/#organization"},"potentialAction":[{"@type":"SearchAction","target":{"@type":"EntryPoint","urlTemplate":"https:\/\/hannacosmetica.com\/?s={search_term_string}"},"query-input":"required name=search_term_string"}],"inLanguage":"fr-FR"},{"@type":"Organization","@id":"https:\/\/hannacosmetica.com\/#organization","name":"Hanna Cosm\u00e9tica","url":"https:\/\/hannacosmetica.com\/","logo":{"@type":"ImageObject","inLanguage":"fr-FR","@id":"https:\/\/hannacosmetica.com\/#\/schema\/logo\/image\/","url":"https:\/\/hannacosmetica.com\/wp-content\/uploads\/2022\/07\/Logo-Joyeria-Femenino-Floral-Negro.png","contentUrl":"https:\/\/hannacosmetica.com\/wp-content\/uploads\/2022\/07\/Logo-Joyeria-Femenino-Floral-Negro.png","width":361,"height":126,"caption":"Hanna Cosm\u00e9tica"},"image":{"@id":"https:\/\/hannacosmetica.com\/#\/schema\/logo\/image\/"}}]}},"_links":{"self":[{"href":"https:\/\/hannacosmetica.com\/fr\/wp-json\/wp\/v2\/product\/16174"}],"collection":[{"href":"https:\/\/hannacosmetica.com\/fr\/wp-json\/wp\/v2\/product"}],"about":[{"href":"https:\/\/hannacosmetica.com\/fr\/wp-json\/wp\/v2\/types\/product"}],"replies":[{"embeddable":true,"href":"https:\/\/hannacosmetica.com\/fr\/wp-json\/wp\/v2\/comments?post=16174"}],"version-history":[{"count":2,"href":"https:\/\/hannacosmetica.com\/fr\/wp-json\/wp\/v2\/product\/16174\/revisions"}],"predecessor-version":[{"id":16177,"href":"https:\/\/hannacosmetica.com\/fr\/wp-json\/wp\/v2\/product\/16174\/revisions\/16177"}],"wp:featuredmedia":[{"embeddable":true,"href":"https:\/\/hannacosmetica.com\/fr\/wp-json\/wp\/v2\/media\/16175"}],"wp:attachment":[{"href":"https:\/\/hannacosmetica.com\/fr\/wp-json\/wp\/v2\/media?parent=16174"}],"wp:term":[{"taxonomy":"product_cat","embeddable":true,"href":"https:\/\/hannacosmetica.com\/fr\/wp-json\/wp\/v2\/product_cat?post=16174"},{"taxonomy":"product_tag","embeddable":true,"href":"https:\/\/hannacosmetica.com\/fr\/wp-json\/wp\/v2\/product_tag?post=16174"}],"curies":[{"name":"wp","href":"https:\/\/api.w.org\/{rel}","templated":true}]}}