{"id":16086,"date":"2024-01-08T14:51:18","date_gmt":"2024-01-08T14:51:18","guid":{"rendered":"https:\/\/hannacosmetica.com\/?post_type=product&#038;p=16086"},"modified":"2025-08-18T13:44:05","modified_gmt":"2025-08-18T13:44:05","slug":"puntas-de-unas-cuadradas-extra-largas-sin-curva-c-puntas-de-extension-de-unas-xxxl","status":"publish","type":"product","link":"https:\/\/hannacosmetica.com\/fr\/tienda\/hanna-exclusive\/moldes-hanna\/puntas-de-unas-cuadradas-extra-largas-sin-curva-c-puntas-de-extension-de-unas-xxxl\/","title":{"rendered":"TIPS\/ Puntas de u\u00f1as cuadradas Extra largas sin curva C, Puntas de extensi\u00f3n de u\u00f1as XXXL"},"content":{"rendered":"<ul class=\"a-unordered-list a-vertical a-spacing-mini\">\n<li class=\"a-spacing-mini\"><span class=\"a-list-item\">El paquete contiene: 240 piezas de varios tama\u00f1os transparentes XXXL extra largas u\u00f1as postizas cuadradas para los dedos. Incluye 12 tama\u00f1os y 20 piezas por tama\u00f1o. Embalado en una caja de pl\u00e1stico. Estas son puntas de u\u00f1as curvadas No-C, significa que no tienen una curva C prominente.<\/span><\/li>\n<li class=\"a-spacing-mini\"><span class=\"a-list-item\">\u3010Puntas de u\u00f1as extralargas 3XL mejoradas\u3011Las puntas de u\u00f1as cuadradas extra largas XXXL se actualizan sobre la base de u\u00f1as postizas XXL. La longitud m\u00e1s larga puede alcanzar 5,7 cm. Puedes hacer muchos tipos diferentes como u\u00f1as largas de bailarina de ata\u00fad, u\u00f1as francesas largas, u\u00f1as postizas largas de aguja y puntas de bailarina de longitud larga para hacer que tus u\u00f1as sean m\u00e1s hermosas y naturales.<\/span><\/li>\n<li class=\"a-spacing-mini\"><span class=\"a-list-item\">Estas u\u00f1as postizas de punta francesa se utilizan para cubrir 1\/3 de la u\u00f1a real para aplicar pegamento para extensiones con gel de u\u00f1as o acr\u00edlico. Tambi\u00e9n se pueden utilizar para extensiones de u\u00f1as reales y embellecer la forma de las u\u00f1as.<\/span><\/li>\n<\/ul>","protected":false},"excerpt":{"rendered":"<p>El paquete contiene: 240 piezas de varios tama\u00f1os transparentes XXXL extra largas u\u00f1as postizas cuadradas para los dedos. Incluye 12 tama\u00f1os y&hellip;<\/p>","protected":false},"featured_media":16103,"comment_status":"open","ping_status":"closed","template":"","meta":[],"product_cat":[304,309,82,102,87],"product_tag":[],"yoast_head":"<!-- This site is optimized with the Yoast SEO plugin v19.9 - https:\/\/yoast.com\/wordpress\/plugins\/seo\/ -->\n<title>TIPS\/ Puntas de u\u00f1as cuadradas Extra largas sin curva C, Puntas de extensi\u00f3n de u\u00f1as XXXL - Hanna Cosm\u00e9tica<\/title>\n<meta name=\"robots\" content=\"index, follow, max-snippet:-1, max-image-preview:large, max-video-preview:-1\" \/>\n<link rel=\"canonical\" href=\"https:\/\/hannacosmetica.com\/fr\/tienda\/hanna-exclusive\/moldes-hanna\/puntas-de-unas-cuadradas-extra-largas-sin-curva-c-puntas-de-extension-de-unas-xxxl\/\" \/>\n<meta property=\"og:locale\" content=\"fr_FR\" \/>\n<meta property=\"og:type\" content=\"article\" \/>\n<meta property=\"og:title\" content=\"TIPS\/ Puntas de u\u00f1as cuadradas Extra largas sin curva C, Puntas de extensi\u00f3n de u\u00f1as XXXL - Hanna Cosm\u00e9tica\" \/>\n<meta property=\"og:description\" content=\"El paquete contiene: 240 piezas de varios tama\u00f1os transparentes XXXL extra largas u\u00f1as postizas cuadradas para los dedos. Incluye 12 tama\u00f1os y&hellip;\" \/>\n<meta property=\"og:url\" content=\"https:\/\/hannacosmetica.com\/fr\/tienda\/hanna-exclusive\/moldes-hanna\/puntas-de-unas-cuadradas-extra-largas-sin-curva-c-puntas-de-extension-de-unas-xxxl\/\" \/>\n<meta property=\"og:site_name\" content=\"Hanna Cosm\u00e9tica\" \/>\n<meta property=\"article:modified_time\" content=\"2025-08-18T13:44:05+00:00\" \/>\n<meta property=\"og:image\" content=\"https:\/\/hannacosmetica.com\/wp-content\/uploads\/2024\/01\/12-SIZES-7.png\" \/>\n\t<meta property=\"og:image:width\" content=\"1080\" \/>\n\t<meta property=\"og:image:height\" content=\"1080\" \/>\n\t<meta property=\"og:image:type\" content=\"image\/png\" \/>\n<meta name=\"twitter:card\" content=\"summary_large_image\" \/>\n<script type=\"application\/ld+json\" class=\"yoast-schema-graph\">{\"@context\":\"https:\/\/schema.org\",\"@graph\":[{\"@type\":\"WebPage\",\"@id\":\"https:\/\/hannacosmetica.com\/tienda\/hanna-exclusive\/moldes-hanna\/puntas-de-unas-cuadradas-extra-largas-sin-curva-c-puntas-de-extension-de-unas-xxxl\/\",\"url\":\"https:\/\/hannacosmetica.com\/tienda\/hanna-exclusive\/moldes-hanna\/puntas-de-unas-cuadradas-extra-largas-sin-curva-c-puntas-de-extension-de-unas-xxxl\/\",\"name\":\"TIPS\/ Puntas de u\u00f1as cuadradas Extra largas sin curva C, Puntas de extensi\u00f3n de u\u00f1as XXXL - Hanna Cosm\u00e9tica\",\"isPartOf\":{\"@id\":\"https:\/\/hannacosmetica.com\/#website\"},\"datePublished\":\"2024-01-08T14:51:18+00:00\",\"dateModified\":\"2025-08-18T13:44:05+00:00\",\"breadcrumb\":{\"@id\":\"https:\/\/hannacosmetica.com\/tienda\/hanna-exclusive\/moldes-hanna\/puntas-de-unas-cuadradas-extra-largas-sin-curva-c-puntas-de-extension-de-unas-xxxl\/#breadcrumb\"},\"inLanguage\":\"fr-FR\",\"potentialAction\":[{\"@type\":\"ReadAction\",\"target\":[\"https:\/\/hannacosmetica.com\/tienda\/hanna-exclusive\/moldes-hanna\/puntas-de-unas-cuadradas-extra-largas-sin-curva-c-puntas-de-extension-de-unas-xxxl\/\"]}]},{\"@type\":\"BreadcrumbList\",\"@id\":\"https:\/\/hannacosmetica.com\/tienda\/hanna-exclusive\/moldes-hanna\/puntas-de-unas-cuadradas-extra-largas-sin-curva-c-puntas-de-extension-de-unas-xxxl\/#breadcrumb\",\"itemListElement\":[{\"@type\":\"ListItem\",\"position\":1,\"name\":\"Portada\",\"item\":\"https:\/\/hannacosmetica.com\/\"},{\"@type\":\"ListItem\",\"position\":2,\"name\":\"Tienda\",\"item\":\"https:\/\/hannacosmetica.com\/shop\/\"},{\"@type\":\"ListItem\",\"position\":3,\"name\":\"TIPS\/ Puntas de u\u00f1as cuadradas Extra largas sin curva C, Puntas de extensi\u00f3n de u\u00f1as XXXL\"}]},{\"@type\":\"WebSite\",\"@id\":\"https:\/\/hannacosmetica.com\/#website\",\"url\":\"https:\/\/hannacosmetica.com\/\",\"name\":\"Hanna Cosm\u00e9tica\",\"description\":\"Tienda de productos u\u00f1as, bellezas y peluquer\u00edas\",\"publisher\":{\"@id\":\"https:\/\/hannacosmetica.com\/#organization\"},\"potentialAction\":[{\"@type\":\"SearchAction\",\"target\":{\"@type\":\"EntryPoint\",\"urlTemplate\":\"https:\/\/hannacosmetica.com\/?s={search_term_string}\"},\"query-input\":\"required name=search_term_string\"}],\"inLanguage\":\"fr-FR\"},{\"@type\":\"Organization\",\"@id\":\"https:\/\/hannacosmetica.com\/#organization\",\"name\":\"Hanna Cosm\u00e9tica\",\"url\":\"https:\/\/hannacosmetica.com\/\",\"logo\":{\"@type\":\"ImageObject\",\"inLanguage\":\"fr-FR\",\"@id\":\"https:\/\/hannacosmetica.com\/#\/schema\/logo\/image\/\",\"url\":\"https:\/\/hannacosmetica.com\/wp-content\/uploads\/2022\/07\/Logo-Joyeria-Femenino-Floral-Negro.png\",\"contentUrl\":\"https:\/\/hannacosmetica.com\/wp-content\/uploads\/2022\/07\/Logo-Joyeria-Femenino-Floral-Negro.png\",\"width\":361,\"height\":126,\"caption\":\"Hanna Cosm\u00e9tica\"},\"image\":{\"@id\":\"https:\/\/hannacosmetica.com\/#\/schema\/logo\/image\/\"}}]}<\/script>\n<!-- \/ Yoast SEO plugin. -->","yoast_head_json":{"title":"TIPS\/ Puntas de u\u00f1as cuadradas Extra largas sin curva C, Puntas de extensi\u00f3n de u\u00f1as XXXL - Hanna Cosm\u00e9tica","robots":{"index":"index","follow":"follow","max-snippet":"max-snippet:-1","max-image-preview":"max-image-preview:large","max-video-preview":"max-video-preview:-1"},"canonical":"https:\/\/hannacosmetica.com\/fr\/tienda\/hanna-exclusive\/moldes-hanna\/puntas-de-unas-cuadradas-extra-largas-sin-curva-c-puntas-de-extension-de-unas-xxxl\/","og_locale":"fr_FR","og_type":"article","og_title":"TIPS\/ Puntas de u\u00f1as cuadradas Extra largas sin curva C, Puntas de extensi\u00f3n de u\u00f1as XXXL - Hanna Cosm\u00e9tica","og_description":"El paquete contiene: 240 piezas de varios tama\u00f1os transparentes XXXL extra largas u\u00f1as postizas cuadradas para los dedos. Incluye 12 tama\u00f1os y&hellip;","og_url":"https:\/\/hannacosmetica.com\/fr\/tienda\/hanna-exclusive\/moldes-hanna\/puntas-de-unas-cuadradas-extra-largas-sin-curva-c-puntas-de-extension-de-unas-xxxl\/","og_site_name":"Hanna Cosm\u00e9tica","article_modified_time":"2025-08-18T13:44:05+00:00","og_image":[{"width":1080,"height":1080,"url":"https:\/\/hannacosmetica.com\/wp-content\/uploads\/2024\/01\/12-SIZES-7.png","type":"image\/png"}],"twitter_card":"summary_large_image","schema":{"@context":"https:\/\/schema.org","@graph":[{"@type":"WebPage","@id":"https:\/\/hannacosmetica.com\/tienda\/hanna-exclusive\/moldes-hanna\/puntas-de-unas-cuadradas-extra-largas-sin-curva-c-puntas-de-extension-de-unas-xxxl\/","url":"https:\/\/hannacosmetica.com\/tienda\/hanna-exclusive\/moldes-hanna\/puntas-de-unas-cuadradas-extra-largas-sin-curva-c-puntas-de-extension-de-unas-xxxl\/","name":"TIPS\/ Puntas de u\u00f1as cuadradas Extra largas sin curva C, Puntas de extensi\u00f3n de u\u00f1as XXXL - Hanna Cosm\u00e9tica","isPartOf":{"@id":"https:\/\/hannacosmetica.com\/#website"},"datePublished":"2024-01-08T14:51:18+00:00","dateModified":"2025-08-18T13:44:05+00:00","breadcrumb":{"@id":"https:\/\/hannacosmetica.com\/tienda\/hanna-exclusive\/moldes-hanna\/puntas-de-unas-cuadradas-extra-largas-sin-curva-c-puntas-de-extension-de-unas-xxxl\/#breadcrumb"},"inLanguage":"fr-FR","potentialAction":[{"@type":"ReadAction","target":["https:\/\/hannacosmetica.com\/tienda\/hanna-exclusive\/moldes-hanna\/puntas-de-unas-cuadradas-extra-largas-sin-curva-c-puntas-de-extension-de-unas-xxxl\/"]}]},{"@type":"BreadcrumbList","@id":"https:\/\/hannacosmetica.com\/tienda\/hanna-exclusive\/moldes-hanna\/puntas-de-unas-cuadradas-extra-largas-sin-curva-c-puntas-de-extension-de-unas-xxxl\/#breadcrumb","itemListElement":[{"@type":"ListItem","position":1,"name":"Portada","item":"https:\/\/hannacosmetica.com\/"},{"@type":"ListItem","position":2,"name":"Tienda","item":"https:\/\/hannacosmetica.com\/shop\/"},{"@type":"ListItem","position":3,"name":"TIPS\/ Puntas de u\u00f1as cuadradas Extra largas sin curva C, Puntas de extensi\u00f3n de u\u00f1as XXXL"}]},{"@type":"WebSite","@id":"https:\/\/hannacosmetica.com\/#website","url":"https:\/\/hannacosmetica.com\/","name":"Hanna Cosm\u00e9tica","description":"Tienda de productos u\u00f1as, bellezas y peluquer\u00edas","publisher":{"@id":"https:\/\/hannacosmetica.com\/#organization"},"potentialAction":[{"@type":"SearchAction","target":{"@type":"EntryPoint","urlTemplate":"https:\/\/hannacosmetica.com\/?s={search_term_string}"},"query-input":"required name=search_term_string"}],"inLanguage":"fr-FR"},{"@type":"Organization","@id":"https:\/\/hannacosmetica.com\/#organization","name":"Hanna Cosm\u00e9tica","url":"https:\/\/hannacosmetica.com\/","logo":{"@type":"ImageObject","inLanguage":"fr-FR","@id":"https:\/\/hannacosmetica.com\/#\/schema\/logo\/image\/","url":"https:\/\/hannacosmetica.com\/wp-content\/uploads\/2022\/07\/Logo-Joyeria-Femenino-Floral-Negro.png","contentUrl":"https:\/\/hannacosmetica.com\/wp-content\/uploads\/2022\/07\/Logo-Joyeria-Femenino-Floral-Negro.png","width":361,"height":126,"caption":"Hanna Cosm\u00e9tica"},"image":{"@id":"https:\/\/hannacosmetica.com\/#\/schema\/logo\/image\/"}}]}},"_links":{"self":[{"href":"https:\/\/hannacosmetica.com\/fr\/wp-json\/wp\/v2\/product\/16086"}],"collection":[{"href":"https:\/\/hannacosmetica.com\/fr\/wp-json\/wp\/v2\/product"}],"about":[{"href":"https:\/\/hannacosmetica.com\/fr\/wp-json\/wp\/v2\/types\/product"}],"replies":[{"embeddable":true,"href":"https:\/\/hannacosmetica.com\/fr\/wp-json\/wp\/v2\/comments?post=16086"}],"version-history":[{"count":3,"href":"https:\/\/hannacosmetica.com\/fr\/wp-json\/wp\/v2\/product\/16086\/revisions"}],"predecessor-version":[{"id":16110,"href":"https:\/\/hannacosmetica.com\/fr\/wp-json\/wp\/v2\/product\/16086\/revisions\/16110"}],"wp:featuredmedia":[{"embeddable":true,"href":"https:\/\/hannacosmetica.com\/fr\/wp-json\/wp\/v2\/media\/16103"}],"wp:attachment":[{"href":"https:\/\/hannacosmetica.com\/fr\/wp-json\/wp\/v2\/media?parent=16086"}],"wp:term":[{"taxonomy":"product_cat","embeddable":true,"href":"https:\/\/hannacosmetica.com\/fr\/wp-json\/wp\/v2\/product_cat?post=16086"},{"taxonomy":"product_tag","embeddable":true,"href":"https:\/\/hannacosmetica.com\/fr\/wp-json\/wp\/v2\/product_tag?post=16086"}],"curies":[{"name":"wp","href":"https:\/\/api.w.org\/{rel}","templated":true}]}}