{"id":16065,"date":"2024-01-08T10:31:43","date_gmt":"2024-01-08T10:31:43","guid":{"rendered":"https:\/\/hannacosmetica.com\/?post_type=product&#038;p=16065"},"modified":"2025-09-17T16:18:07","modified_gmt":"2025-09-17T16:18:07","slug":"tips-puntas-de-unas-gel-coffing-transparente-240pcs","status":"publish","type":"product","link":"https:\/\/hannacosmetica.com\/fr\/tienda\/hanna-exclusive\/moldes-hanna\/tips-puntas-de-unas-gel-coffing-transparente-240pcs\/","title":{"rendered":"Tips\/ Puntas de U\u00d1AS gel Coffing transparente 440pcs"},"content":{"rendered":"<ul class=\"a-unordered-list a-vertical a-spacing-mini\">\n<li class=\"a-spacing-mini\"><span class=\"a-list-item\">Material de alta calidad: Nuestros puntas de u\u00f1as est\u00e1n hechas de material ABS de alta calidad, que es inodoroso, fuerte y duradero.El borde flexible es un destacado, por lo que no tiene la necesidad de preocuparse por la rotura. Puede durar hasta 3 ~ 4 semanas en el caso de la atenci\u00f3n adecuada, lo que le brinda una experiencia de manicura segura y c\u00f3moda.<\/span><\/li>\n<li class=\"a-spacing-mini\"><span class=\"a-list-item\">F\u00e1cil de usar: nuestras puntas de clavos se moldean de forma natural. El dise\u00f1o de la curva de NO C y la forma encajan c\u00f3modamente en la mayor\u00eda de los lechos de las u\u00f1as.<\/span><\/li>\n<li>Forma coffing\/ stiletto 240 pcs<\/li>\n<li>color: transparente<\/li>\n<\/ul>","protected":false},"excerpt":{"rendered":"<p>Material de alta calidad: Nuestros puntas de u\u00f1as est\u00e1n hechas de material ABS de alta calidad, que es inodoroso, fuerte y duradero.El&hellip;<\/p>","protected":false},"featured_media":16001,"comment_status":"open","ping_status":"closed","template":"","meta":[],"product_cat":[304,309,82,102,87],"product_tag":[],"yoast_head":"<!-- This site is optimized with the Yoast SEO plugin v19.9 - https:\/\/yoast.com\/wordpress\/plugins\/seo\/ -->\n<title>Tips\/ Puntas de U\u00d1AS gel Coffing transparente 440pcs - Hanna Cosm\u00e9tica<\/title>\n<meta name=\"robots\" content=\"index, follow, max-snippet:-1, max-image-preview:large, max-video-preview:-1\" \/>\n<link rel=\"canonical\" href=\"https:\/\/hannacosmetica.com\/fr\/tienda\/hanna-exclusive\/moldes-hanna\/tips-puntas-de-unas-gel-coffing-transparente-240pcs\/\" \/>\n<meta property=\"og:locale\" content=\"fr_FR\" \/>\n<meta property=\"og:type\" content=\"article\" \/>\n<meta property=\"og:title\" content=\"Tips\/ Puntas de U\u00d1AS gel Coffing transparente 440pcs - Hanna Cosm\u00e9tica\" \/>\n<meta property=\"og:description\" content=\"Material de alta calidad: Nuestros puntas de u\u00f1as est\u00e1n hechas de material ABS de alta calidad, que es inodoroso, fuerte y duradero.El&hellip;\" \/>\n<meta property=\"og:url\" content=\"https:\/\/hannacosmetica.com\/fr\/tienda\/hanna-exclusive\/moldes-hanna\/tips-puntas-de-unas-gel-coffing-transparente-240pcs\/\" \/>\n<meta property=\"og:site_name\" content=\"Hanna Cosm\u00e9tica\" \/>\n<meta property=\"article:modified_time\" content=\"2025-09-17T16:18:07+00:00\" \/>\n<meta property=\"og:image\" content=\"https:\/\/hannacosmetica.com\/wp-content\/uploads\/2023\/04\/344141026981407524.png\" \/>\n\t<meta property=\"og:image:width\" content=\"1080\" \/>\n\t<meta property=\"og:image:height\" content=\"1080\" \/>\n\t<meta property=\"og:image:type\" content=\"image\/png\" \/>\n<meta name=\"twitter:card\" content=\"summary_large_image\" \/>\n<script type=\"application\/ld+json\" class=\"yoast-schema-graph\">{\"@context\":\"https:\/\/schema.org\",\"@graph\":[{\"@type\":\"WebPage\",\"@id\":\"https:\/\/hannacosmetica.com\/tienda\/hanna-exclusive\/moldes-hanna\/tips-puntas-de-unas-gel-coffing-transparente-240pcs\/\",\"url\":\"https:\/\/hannacosmetica.com\/tienda\/hanna-exclusive\/moldes-hanna\/tips-puntas-de-unas-gel-coffing-transparente-240pcs\/\",\"name\":\"Tips\/ Puntas de U\u00d1AS gel Coffing transparente 440pcs - Hanna Cosm\u00e9tica\",\"isPartOf\":{\"@id\":\"https:\/\/hannacosmetica.com\/#website\"},\"datePublished\":\"2024-01-08T10:31:43+00:00\",\"dateModified\":\"2025-09-17T16:18:07+00:00\",\"breadcrumb\":{\"@id\":\"https:\/\/hannacosmetica.com\/tienda\/hanna-exclusive\/moldes-hanna\/tips-puntas-de-unas-gel-coffing-transparente-240pcs\/#breadcrumb\"},\"inLanguage\":\"fr-FR\",\"potentialAction\":[{\"@type\":\"ReadAction\",\"target\":[\"https:\/\/hannacosmetica.com\/tienda\/hanna-exclusive\/moldes-hanna\/tips-puntas-de-unas-gel-coffing-transparente-240pcs\/\"]}]},{\"@type\":\"BreadcrumbList\",\"@id\":\"https:\/\/hannacosmetica.com\/tienda\/hanna-exclusive\/moldes-hanna\/tips-puntas-de-unas-gel-coffing-transparente-240pcs\/#breadcrumb\",\"itemListElement\":[{\"@type\":\"ListItem\",\"position\":1,\"name\":\"Portada\",\"item\":\"https:\/\/hannacosmetica.com\/\"},{\"@type\":\"ListItem\",\"position\":2,\"name\":\"Tienda\",\"item\":\"https:\/\/hannacosmetica.com\/shop\/\"},{\"@type\":\"ListItem\",\"position\":3,\"name\":\"Tips\/ Puntas de U\u00d1AS gel Coffing transparente 440pcs\"}]},{\"@type\":\"WebSite\",\"@id\":\"https:\/\/hannacosmetica.com\/#website\",\"url\":\"https:\/\/hannacosmetica.com\/\",\"name\":\"Hanna Cosm\u00e9tica\",\"description\":\"Tienda de productos u\u00f1as, bellezas y peluquer\u00edas\",\"publisher\":{\"@id\":\"https:\/\/hannacosmetica.com\/#organization\"},\"potentialAction\":[{\"@type\":\"SearchAction\",\"target\":{\"@type\":\"EntryPoint\",\"urlTemplate\":\"https:\/\/hannacosmetica.com\/?s={search_term_string}\"},\"query-input\":\"required name=search_term_string\"}],\"inLanguage\":\"fr-FR\"},{\"@type\":\"Organization\",\"@id\":\"https:\/\/hannacosmetica.com\/#organization\",\"name\":\"Hanna Cosm\u00e9tica\",\"url\":\"https:\/\/hannacosmetica.com\/\",\"logo\":{\"@type\":\"ImageObject\",\"inLanguage\":\"fr-FR\",\"@id\":\"https:\/\/hannacosmetica.com\/#\/schema\/logo\/image\/\",\"url\":\"https:\/\/hannacosmetica.com\/wp-content\/uploads\/2022\/07\/Logo-Joyeria-Femenino-Floral-Negro.png\",\"contentUrl\":\"https:\/\/hannacosmetica.com\/wp-content\/uploads\/2022\/07\/Logo-Joyeria-Femenino-Floral-Negro.png\",\"width\":361,\"height\":126,\"caption\":\"Hanna Cosm\u00e9tica\"},\"image\":{\"@id\":\"https:\/\/hannacosmetica.com\/#\/schema\/logo\/image\/\"}}]}<\/script>\n<!-- \/ Yoast SEO plugin. -->","yoast_head_json":{"title":"Tips\/ Puntas de U\u00d1AS gel Coffing transparente 440pcs - Hanna Cosm\u00e9tica","robots":{"index":"index","follow":"follow","max-snippet":"max-snippet:-1","max-image-preview":"max-image-preview:large","max-video-preview":"max-video-preview:-1"},"canonical":"https:\/\/hannacosmetica.com\/fr\/tienda\/hanna-exclusive\/moldes-hanna\/tips-puntas-de-unas-gel-coffing-transparente-240pcs\/","og_locale":"fr_FR","og_type":"article","og_title":"Tips\/ Puntas de U\u00d1AS gel Coffing transparente 440pcs - Hanna Cosm\u00e9tica","og_description":"Material de alta calidad: Nuestros puntas de u\u00f1as est\u00e1n hechas de material ABS de alta calidad, que es inodoroso, fuerte y duradero.El&hellip;","og_url":"https:\/\/hannacosmetica.com\/fr\/tienda\/hanna-exclusive\/moldes-hanna\/tips-puntas-de-unas-gel-coffing-transparente-240pcs\/","og_site_name":"Hanna Cosm\u00e9tica","article_modified_time":"2025-09-17T16:18:07+00:00","og_image":[{"width":1080,"height":1080,"url":"https:\/\/hannacosmetica.com\/wp-content\/uploads\/2023\/04\/344141026981407524.png","type":"image\/png"}],"twitter_card":"summary_large_image","schema":{"@context":"https:\/\/schema.org","@graph":[{"@type":"WebPage","@id":"https:\/\/hannacosmetica.com\/tienda\/hanna-exclusive\/moldes-hanna\/tips-puntas-de-unas-gel-coffing-transparente-240pcs\/","url":"https:\/\/hannacosmetica.com\/tienda\/hanna-exclusive\/moldes-hanna\/tips-puntas-de-unas-gel-coffing-transparente-240pcs\/","name":"Tips\/ Puntas de U\u00d1AS gel Coffing transparente 440pcs - Hanna Cosm\u00e9tica","isPartOf":{"@id":"https:\/\/hannacosmetica.com\/#website"},"datePublished":"2024-01-08T10:31:43+00:00","dateModified":"2025-09-17T16:18:07+00:00","breadcrumb":{"@id":"https:\/\/hannacosmetica.com\/tienda\/hanna-exclusive\/moldes-hanna\/tips-puntas-de-unas-gel-coffing-transparente-240pcs\/#breadcrumb"},"inLanguage":"fr-FR","potentialAction":[{"@type":"ReadAction","target":["https:\/\/hannacosmetica.com\/tienda\/hanna-exclusive\/moldes-hanna\/tips-puntas-de-unas-gel-coffing-transparente-240pcs\/"]}]},{"@type":"BreadcrumbList","@id":"https:\/\/hannacosmetica.com\/tienda\/hanna-exclusive\/moldes-hanna\/tips-puntas-de-unas-gel-coffing-transparente-240pcs\/#breadcrumb","itemListElement":[{"@type":"ListItem","position":1,"name":"Portada","item":"https:\/\/hannacosmetica.com\/"},{"@type":"ListItem","position":2,"name":"Tienda","item":"https:\/\/hannacosmetica.com\/shop\/"},{"@type":"ListItem","position":3,"name":"Tips\/ Puntas de U\u00d1AS gel Coffing transparente 440pcs"}]},{"@type":"WebSite","@id":"https:\/\/hannacosmetica.com\/#website","url":"https:\/\/hannacosmetica.com\/","name":"Hanna Cosm\u00e9tica","description":"Tienda de productos u\u00f1as, bellezas y peluquer\u00edas","publisher":{"@id":"https:\/\/hannacosmetica.com\/#organization"},"potentialAction":[{"@type":"SearchAction","target":{"@type":"EntryPoint","urlTemplate":"https:\/\/hannacosmetica.com\/?s={search_term_string}"},"query-input":"required name=search_term_string"}],"inLanguage":"fr-FR"},{"@type":"Organization","@id":"https:\/\/hannacosmetica.com\/#organization","name":"Hanna Cosm\u00e9tica","url":"https:\/\/hannacosmetica.com\/","logo":{"@type":"ImageObject","inLanguage":"fr-FR","@id":"https:\/\/hannacosmetica.com\/#\/schema\/logo\/image\/","url":"https:\/\/hannacosmetica.com\/wp-content\/uploads\/2022\/07\/Logo-Joyeria-Femenino-Floral-Negro.png","contentUrl":"https:\/\/hannacosmetica.com\/wp-content\/uploads\/2022\/07\/Logo-Joyeria-Femenino-Floral-Negro.png","width":361,"height":126,"caption":"Hanna Cosm\u00e9tica"},"image":{"@id":"https:\/\/hannacosmetica.com\/#\/schema\/logo\/image\/"}}]}},"_links":{"self":[{"href":"https:\/\/hannacosmetica.com\/fr\/wp-json\/wp\/v2\/product\/16065"}],"collection":[{"href":"https:\/\/hannacosmetica.com\/fr\/wp-json\/wp\/v2\/product"}],"about":[{"href":"https:\/\/hannacosmetica.com\/fr\/wp-json\/wp\/v2\/types\/product"}],"replies":[{"embeddable":true,"href":"https:\/\/hannacosmetica.com\/fr\/wp-json\/wp\/v2\/comments?post=16065"}],"version-history":[{"count":2,"href":"https:\/\/hannacosmetica.com\/fr\/wp-json\/wp\/v2\/product\/16065\/revisions"}],"predecessor-version":[{"id":21299,"href":"https:\/\/hannacosmetica.com\/fr\/wp-json\/wp\/v2\/product\/16065\/revisions\/21299"}],"wp:featuredmedia":[{"embeddable":true,"href":"https:\/\/hannacosmetica.com\/fr\/wp-json\/wp\/v2\/media\/16001"}],"wp:attachment":[{"href":"https:\/\/hannacosmetica.com\/fr\/wp-json\/wp\/v2\/media?parent=16065"}],"wp:term":[{"taxonomy":"product_cat","embeddable":true,"href":"https:\/\/hannacosmetica.com\/fr\/wp-json\/wp\/v2\/product_cat?post=16065"},{"taxonomy":"product_tag","embeddable":true,"href":"https:\/\/hannacosmetica.com\/fr\/wp-json\/wp\/v2\/product_tag?post=16065"}],"curies":[{"name":"wp","href":"https:\/\/api.w.org\/{rel}","templated":true}]}}