{"id":15871,"date":"2023-12-11T17:31:45","date_gmt":"2023-12-11T17:31:45","guid":{"rendered":"https:\/\/hannacosmetica.com\/?post_type=product&#038;p=15871"},"modified":"2023-12-12T09:57:59","modified_gmt":"2023-12-12T09:57:59","slug":"pegatinas-decorativas-para-unas-stickers-decoracion-15","status":"publish","type":"product","link":"https:\/\/hannacosmetica.com\/fr\/tienda\/manicura\/decoracion\/pegatinas-decorativas-para-unas-stickers-decoracion-15\/","title":{"rendered":"Pegatinas Decorativas para U\u00f1as 5D \/ Stickers Decoraci\u00f3n  Navidad 16"},"content":{"rendered":"<ul>\n<li><span class=\"a-list-item\">Juego perfecto de adhesivos para u\u00f1as: Gran cantidad de patrones diferentes para usar y reemplazar en la vida diaria, los adhesivos para u\u00f1as est\u00e1n llenos de sensualidad y elegancia, varios patrones encantadores te traen un estado de \u00e1nimo diferente.<\/span><\/li>\n<\/ul>\n<ul class=\"a-unordered-list a-vertical a-spacing-mini\">\n<li class=\"a-spacing-mini\"><span class=\"a-list-item\">F\u00e1cil de usar: pegatinas de u\u00f1as de dise\u00f1o autoadhesivo, puede seguirlo para decorar sus propias u\u00f1as de estilo, ideal para u\u00f1as naturales o acr\u00edlicas.<\/span><\/li>\n<\/ul>","protected":false},"excerpt":{"rendered":"<p>Juego perfecto de adhesivos para u\u00f1as: Gran cantidad de patrones diferentes para usar y reemplazar en la vida diaria, los adhesivos para&hellip;<\/p>","protected":false},"featured_media":15819,"comment_status":"open","ping_status":"closed","template":"","meta":[],"product_cat":[319,82,98,87],"product_tag":[],"yoast_head":"<!-- This site is optimized with the Yoast SEO plugin v19.9 - https:\/\/yoast.com\/wordpress\/plugins\/seo\/ -->\n<title>Pegatinas Decorativas para U\u00f1as 5D \/ Stickers Decoraci\u00f3n Navidad 16 - Hanna Cosm\u00e9tica<\/title>\n<meta name=\"robots\" content=\"index, follow, max-snippet:-1, max-image-preview:large, max-video-preview:-1\" \/>\n<link rel=\"canonical\" href=\"https:\/\/hannacosmetica.com\/fr\/tienda\/manicura\/decoracion\/pegatinas-decorativas-para-unas-stickers-decoracion-15\/\" \/>\n<meta property=\"og:locale\" content=\"fr_FR\" \/>\n<meta property=\"og:type\" content=\"article\" \/>\n<meta property=\"og:title\" content=\"Pegatinas Decorativas para U\u00f1as 5D \/ Stickers Decoraci\u00f3n Navidad 16 - Hanna Cosm\u00e9tica\" \/>\n<meta property=\"og:description\" content=\"Juego perfecto de adhesivos para u\u00f1as: Gran cantidad de patrones diferentes para usar y reemplazar en la vida diaria, los adhesivos para&hellip;\" \/>\n<meta property=\"og:url\" content=\"https:\/\/hannacosmetica.com\/fr\/tienda\/manicura\/decoracion\/pegatinas-decorativas-para-unas-stickers-decoracion-15\/\" \/>\n<meta property=\"og:site_name\" content=\"Hanna Cosm\u00e9tica\" \/>\n<meta property=\"article:modified_time\" content=\"2023-12-12T09:57:59+00:00\" \/>\n<meta property=\"og:image\" content=\"https:\/\/hannacosmetica.com\/wp-content\/uploads\/2023\/12\/pegatina-16.png\" \/>\n\t<meta property=\"og:image:width\" content=\"1080\" \/>\n\t<meta property=\"og:image:height\" content=\"1080\" \/>\n\t<meta property=\"og:image:type\" content=\"image\/png\" \/>\n<meta name=\"twitter:card\" content=\"summary_large_image\" \/>\n<script type=\"application\/ld+json\" class=\"yoast-schema-graph\">{\"@context\":\"https:\/\/schema.org\",\"@graph\":[{\"@type\":\"WebPage\",\"@id\":\"https:\/\/hannacosmetica.com\/tienda\/manicura\/decoracion\/pegatinas-decorativas-para-unas-stickers-decoracion-15\/\",\"url\":\"https:\/\/hannacosmetica.com\/tienda\/manicura\/decoracion\/pegatinas-decorativas-para-unas-stickers-decoracion-15\/\",\"name\":\"Pegatinas Decorativas para U\u00f1as 5D \/ Stickers Decoraci\u00f3n Navidad 16 - Hanna Cosm\u00e9tica\",\"isPartOf\":{\"@id\":\"https:\/\/hannacosmetica.com\/#website\"},\"datePublished\":\"2023-12-11T17:31:45+00:00\",\"dateModified\":\"2023-12-12T09:57:59+00:00\",\"breadcrumb\":{\"@id\":\"https:\/\/hannacosmetica.com\/tienda\/manicura\/decoracion\/pegatinas-decorativas-para-unas-stickers-decoracion-15\/#breadcrumb\"},\"inLanguage\":\"fr-FR\",\"potentialAction\":[{\"@type\":\"ReadAction\",\"target\":[\"https:\/\/hannacosmetica.com\/tienda\/manicura\/decoracion\/pegatinas-decorativas-para-unas-stickers-decoracion-15\/\"]}]},{\"@type\":\"BreadcrumbList\",\"@id\":\"https:\/\/hannacosmetica.com\/tienda\/manicura\/decoracion\/pegatinas-decorativas-para-unas-stickers-decoracion-15\/#breadcrumb\",\"itemListElement\":[{\"@type\":\"ListItem\",\"position\":1,\"name\":\"Portada\",\"item\":\"https:\/\/hannacosmetica.com\/\"},{\"@type\":\"ListItem\",\"position\":2,\"name\":\"Tienda\",\"item\":\"https:\/\/hannacosmetica.com\/shop\/\"},{\"@type\":\"ListItem\",\"position\":3,\"name\":\"Pegatinas Decorativas para U\u00f1as 5D \/ Stickers Decoraci\u00f3n Navidad 16\"}]},{\"@type\":\"WebSite\",\"@id\":\"https:\/\/hannacosmetica.com\/#website\",\"url\":\"https:\/\/hannacosmetica.com\/\",\"name\":\"Hanna Cosm\u00e9tica\",\"description\":\"Tienda de productos u\u00f1as, bellezas y peluquer\u00edas\",\"publisher\":{\"@id\":\"https:\/\/hannacosmetica.com\/#organization\"},\"potentialAction\":[{\"@type\":\"SearchAction\",\"target\":{\"@type\":\"EntryPoint\",\"urlTemplate\":\"https:\/\/hannacosmetica.com\/?s={search_term_string}\"},\"query-input\":\"required name=search_term_string\"}],\"inLanguage\":\"fr-FR\"},{\"@type\":\"Organization\",\"@id\":\"https:\/\/hannacosmetica.com\/#organization\",\"name\":\"Hanna Cosm\u00e9tica\",\"url\":\"https:\/\/hannacosmetica.com\/\",\"logo\":{\"@type\":\"ImageObject\",\"inLanguage\":\"fr-FR\",\"@id\":\"https:\/\/hannacosmetica.com\/#\/schema\/logo\/image\/\",\"url\":\"https:\/\/hannacosmetica.com\/wp-content\/uploads\/2022\/07\/Logo-Joyeria-Femenino-Floral-Negro.png\",\"contentUrl\":\"https:\/\/hannacosmetica.com\/wp-content\/uploads\/2022\/07\/Logo-Joyeria-Femenino-Floral-Negro.png\",\"width\":361,\"height\":126,\"caption\":\"Hanna Cosm\u00e9tica\"},\"image\":{\"@id\":\"https:\/\/hannacosmetica.com\/#\/schema\/logo\/image\/\"}}]}<\/script>\n<!-- \/ Yoast SEO plugin. -->","yoast_head_json":{"title":"Pegatinas Decorativas para U\u00f1as 5D \/ Stickers Decoraci\u00f3n Navidad 16 - Hanna Cosm\u00e9tica","robots":{"index":"index","follow":"follow","max-snippet":"max-snippet:-1","max-image-preview":"max-image-preview:large","max-video-preview":"max-video-preview:-1"},"canonical":"https:\/\/hannacosmetica.com\/fr\/tienda\/manicura\/decoracion\/pegatinas-decorativas-para-unas-stickers-decoracion-15\/","og_locale":"fr_FR","og_type":"article","og_title":"Pegatinas Decorativas para U\u00f1as 5D \/ Stickers Decoraci\u00f3n Navidad 16 - Hanna Cosm\u00e9tica","og_description":"Juego perfecto de adhesivos para u\u00f1as: Gran cantidad de patrones diferentes para usar y reemplazar en la vida diaria, los adhesivos para&hellip;","og_url":"https:\/\/hannacosmetica.com\/fr\/tienda\/manicura\/decoracion\/pegatinas-decorativas-para-unas-stickers-decoracion-15\/","og_site_name":"Hanna Cosm\u00e9tica","article_modified_time":"2023-12-12T09:57:59+00:00","og_image":[{"width":1080,"height":1080,"url":"https:\/\/hannacosmetica.com\/wp-content\/uploads\/2023\/12\/pegatina-16.png","type":"image\/png"}],"twitter_card":"summary_large_image","schema":{"@context":"https:\/\/schema.org","@graph":[{"@type":"WebPage","@id":"https:\/\/hannacosmetica.com\/tienda\/manicura\/decoracion\/pegatinas-decorativas-para-unas-stickers-decoracion-15\/","url":"https:\/\/hannacosmetica.com\/tienda\/manicura\/decoracion\/pegatinas-decorativas-para-unas-stickers-decoracion-15\/","name":"Pegatinas Decorativas para U\u00f1as 5D \/ Stickers Decoraci\u00f3n Navidad 16 - Hanna Cosm\u00e9tica","isPartOf":{"@id":"https:\/\/hannacosmetica.com\/#website"},"datePublished":"2023-12-11T17:31:45+00:00","dateModified":"2023-12-12T09:57:59+00:00","breadcrumb":{"@id":"https:\/\/hannacosmetica.com\/tienda\/manicura\/decoracion\/pegatinas-decorativas-para-unas-stickers-decoracion-15\/#breadcrumb"},"inLanguage":"fr-FR","potentialAction":[{"@type":"ReadAction","target":["https:\/\/hannacosmetica.com\/tienda\/manicura\/decoracion\/pegatinas-decorativas-para-unas-stickers-decoracion-15\/"]}]},{"@type":"BreadcrumbList","@id":"https:\/\/hannacosmetica.com\/tienda\/manicura\/decoracion\/pegatinas-decorativas-para-unas-stickers-decoracion-15\/#breadcrumb","itemListElement":[{"@type":"ListItem","position":1,"name":"Portada","item":"https:\/\/hannacosmetica.com\/"},{"@type":"ListItem","position":2,"name":"Tienda","item":"https:\/\/hannacosmetica.com\/shop\/"},{"@type":"ListItem","position":3,"name":"Pegatinas Decorativas para U\u00f1as 5D \/ Stickers Decoraci\u00f3n Navidad 16"}]},{"@type":"WebSite","@id":"https:\/\/hannacosmetica.com\/#website","url":"https:\/\/hannacosmetica.com\/","name":"Hanna Cosm\u00e9tica","description":"Tienda de productos u\u00f1as, bellezas y peluquer\u00edas","publisher":{"@id":"https:\/\/hannacosmetica.com\/#organization"},"potentialAction":[{"@type":"SearchAction","target":{"@type":"EntryPoint","urlTemplate":"https:\/\/hannacosmetica.com\/?s={search_term_string}"},"query-input":"required name=search_term_string"}],"inLanguage":"fr-FR"},{"@type":"Organization","@id":"https:\/\/hannacosmetica.com\/#organization","name":"Hanna Cosm\u00e9tica","url":"https:\/\/hannacosmetica.com\/","logo":{"@type":"ImageObject","inLanguage":"fr-FR","@id":"https:\/\/hannacosmetica.com\/#\/schema\/logo\/image\/","url":"https:\/\/hannacosmetica.com\/wp-content\/uploads\/2022\/07\/Logo-Joyeria-Femenino-Floral-Negro.png","contentUrl":"https:\/\/hannacosmetica.com\/wp-content\/uploads\/2022\/07\/Logo-Joyeria-Femenino-Floral-Negro.png","width":361,"height":126,"caption":"Hanna Cosm\u00e9tica"},"image":{"@id":"https:\/\/hannacosmetica.com\/#\/schema\/logo\/image\/"}}]}},"_links":{"self":[{"href":"https:\/\/hannacosmetica.com\/fr\/wp-json\/wp\/v2\/product\/15871"}],"collection":[{"href":"https:\/\/hannacosmetica.com\/fr\/wp-json\/wp\/v2\/product"}],"about":[{"href":"https:\/\/hannacosmetica.com\/fr\/wp-json\/wp\/v2\/types\/product"}],"replies":[{"embeddable":true,"href":"https:\/\/hannacosmetica.com\/fr\/wp-json\/wp\/v2\/comments?post=15871"}],"version-history":[{"count":3,"href":"https:\/\/hannacosmetica.com\/fr\/wp-json\/wp\/v2\/product\/15871\/revisions"}],"predecessor-version":[{"id":15937,"href":"https:\/\/hannacosmetica.com\/fr\/wp-json\/wp\/v2\/product\/15871\/revisions\/15937"}],"wp:featuredmedia":[{"embeddable":true,"href":"https:\/\/hannacosmetica.com\/fr\/wp-json\/wp\/v2\/media\/15819"}],"wp:attachment":[{"href":"https:\/\/hannacosmetica.com\/fr\/wp-json\/wp\/v2\/media?parent=15871"}],"wp:term":[{"taxonomy":"product_cat","embeddable":true,"href":"https:\/\/hannacosmetica.com\/fr\/wp-json\/wp\/v2\/product_cat?post=15871"},{"taxonomy":"product_tag","embeddable":true,"href":"https:\/\/hannacosmetica.com\/fr\/wp-json\/wp\/v2\/product_tag?post=15871"}],"curies":[{"name":"wp","href":"https:\/\/api.w.org\/{rel}","templated":true}]}}