{"id":15575,"date":"2023-11-09T10:28:13","date_gmt":"2023-11-09T10:28:13","guid":{"rendered":"https:\/\/hannacosmetica.com\/?post_type=product&#038;p=15575"},"modified":"2025-09-15T08:37:09","modified_gmt":"2025-09-15T08:37:09","slug":"esmalte-de-francesa-traslucido-hanna-15ml-n1","status":"publish","type":"product","link":"https:\/\/hannacosmetica.com\/fr\/tienda\/hanna-exclusive\/esmalte-hanna\/esmalte-de-francesa-traslucido-hanna-15ml-n1\/","title":{"rendered":"Esmalte de Francesa Traslucido Hanna 15ML  9 Colores N1 &#8211; N9"},"content":{"rendered":"<p>nueva\u00a0 colecci\u00f3n de colores de Francesa\u00a0 de 15 ml disponible en 9 tonos.<\/p>\n<ul class=\"a-unordered-list a-vertical a-spacing-mini\">\n<li class=\"a-spacing-mini\"><span class=\"a-list-item\"><img decoding=\"async\" class=\"emoji\" role=\"img\" draggable=\"false\" src=\"https:\/\/s.w.org\/images\/core\/emoji\/14.0.0\/svg\/1f343.svg\" alt=\"\ud83c\udf43\" \/>\u00a0Medio Ambiente y Salud: El esmalte de u\u00f1as de gel neutro y brillante est\u00e1 hecho de resina 100% natural, 9 ingredientes no t\u00f3xicos, bajo olor, sin da\u00f1o a la piel y completamente seguro para las u\u00f1as.<\/span><\/li>\n<li class=\"a-spacing-mini\"><span class=\"a-list-item\"><img decoding=\"async\" class=\"emoji\" role=\"img\" draggable=\"false\" src=\"https:\/\/s.w.org\/images\/core\/emoji\/14.0.0\/svg\/1f48e.svg\" alt=\"\ud83d\udc8e\" \/>\u00a0Duradero y Duradero: El esmalte de u\u00f1as de gel neutro y brillante est\u00e1 hecho de resina 100% natural, 9 ingredientes no t\u00f3xicos, bajo olor, sin da\u00f1o a la piel y completamente seguro para las u\u00f1as.<\/span><\/li>\n<li class=\"a-spacing-mini\"><span class=\"a-list-item\"><img decoding=\"async\" class=\"emoji\" role=\"img\" draggable=\"false\" src=\"https:\/\/s.w.org\/images\/core\/emoji\/14.0.0\/svg\/1f33a.svg\" alt=\"\ud83c\udf3a\" \/>\u00a0F\u00e1cil de Eliminar: Basta con remojar las u\u00f1as en un amortiguador de u\u00f1as durante unos minutos para eliminar f\u00e1cilmente el esmalte de u\u00f1as de gel sin da\u00f1ar tus hermosas u\u00f1as.<\/span><\/li>\n<\/ul>","protected":false},"excerpt":{"rendered":"<p>nueva\u00a0 colecci\u00f3n de colores de Francesa\u00a0 de 15 ml disponible en 9 tonos. \u00a0Medio Ambiente y Salud: El esmalte de u\u00f1as de&hellip;<\/p>","protected":false},"featured_media":15576,"comment_status":"open","ping_status":"closed","template":"","meta":[],"product_cat":[305,156,304,82,89,87,88],"product_tag":[466],"yoast_head":"<!-- This site is optimized with the Yoast SEO plugin v19.9 - https:\/\/yoast.com\/wordpress\/plugins\/seo\/ -->\n<title>Esmalte de Francesa Traslucido Hanna 15ML 9 Colores N1 - N9 - Hanna Cosm\u00e9tica<\/title>\n<meta name=\"robots\" content=\"index, follow, max-snippet:-1, max-image-preview:large, max-video-preview:-1\" \/>\n<link rel=\"canonical\" href=\"https:\/\/hannacosmetica.com\/fr\/tienda\/hanna-exclusive\/esmalte-hanna\/esmalte-de-francesa-traslucido-hanna-15ml-n1\/\" \/>\n<meta property=\"og:locale\" content=\"fr_FR\" \/>\n<meta property=\"og:type\" content=\"article\" \/>\n<meta property=\"og:title\" content=\"Esmalte de Francesa Traslucido Hanna 15ML 9 Colores N1 - N9 - Hanna Cosm\u00e9tica\" \/>\n<meta property=\"og:description\" content=\"nueva\u00a0 colecci\u00f3n de colores de Francesa\u00a0 de 15 ml disponible en 9 tonos. \u00a0Medio Ambiente y Salud: El esmalte de u\u00f1as de&hellip;\" \/>\n<meta property=\"og:url\" content=\"https:\/\/hannacosmetica.com\/fr\/tienda\/hanna-exclusive\/esmalte-hanna\/esmalte-de-francesa-traslucido-hanna-15ml-n1\/\" \/>\n<meta property=\"og:site_name\" content=\"Hanna Cosm\u00e9tica\" \/>\n<meta property=\"article:modified_time\" content=\"2025-09-15T08:37:09+00:00\" \/>\n<meta property=\"og:image\" content=\"https:\/\/hannacosmetica.com\/wp-content\/uploads\/2023\/11\/90618e5a78004f5a1dcc9448e730f6c.png\" \/>\n\t<meta property=\"og:image:width\" content=\"1563\" \/>\n\t<meta property=\"og:image:height\" content=\"1563\" \/>\n\t<meta property=\"og:image:type\" content=\"image\/png\" \/>\n<meta name=\"twitter:card\" content=\"summary_large_image\" \/>\n<script type=\"application\/ld+json\" class=\"yoast-schema-graph\">{\"@context\":\"https:\/\/schema.org\",\"@graph\":[{\"@type\":\"WebPage\",\"@id\":\"https:\/\/hannacosmetica.com\/tienda\/hanna-exclusive\/esmalte-hanna\/esmalte-de-francesa-traslucido-hanna-15ml-n1\/\",\"url\":\"https:\/\/hannacosmetica.com\/tienda\/hanna-exclusive\/esmalte-hanna\/esmalte-de-francesa-traslucido-hanna-15ml-n1\/\",\"name\":\"Esmalte de Francesa Traslucido Hanna 15ML 9 Colores N1 - N9 - Hanna Cosm\u00e9tica\",\"isPartOf\":{\"@id\":\"https:\/\/hannacosmetica.com\/#website\"},\"datePublished\":\"2023-11-09T10:28:13+00:00\",\"dateModified\":\"2025-09-15T08:37:09+00:00\",\"breadcrumb\":{\"@id\":\"https:\/\/hannacosmetica.com\/tienda\/hanna-exclusive\/esmalte-hanna\/esmalte-de-francesa-traslucido-hanna-15ml-n1\/#breadcrumb\"},\"inLanguage\":\"fr-FR\",\"potentialAction\":[{\"@type\":\"ReadAction\",\"target\":[\"https:\/\/hannacosmetica.com\/tienda\/hanna-exclusive\/esmalte-hanna\/esmalte-de-francesa-traslucido-hanna-15ml-n1\/\"]}]},{\"@type\":\"BreadcrumbList\",\"@id\":\"https:\/\/hannacosmetica.com\/tienda\/hanna-exclusive\/esmalte-hanna\/esmalte-de-francesa-traslucido-hanna-15ml-n1\/#breadcrumb\",\"itemListElement\":[{\"@type\":\"ListItem\",\"position\":1,\"name\":\"Portada\",\"item\":\"https:\/\/hannacosmetica.com\/\"},{\"@type\":\"ListItem\",\"position\":2,\"name\":\"Tienda\",\"item\":\"https:\/\/hannacosmetica.com\/shop\/\"},{\"@type\":\"ListItem\",\"position\":3,\"name\":\"Esmalte de Francesa Traslucido Hanna 15ML 9 Colores N1 &#8211; N9\"}]},{\"@type\":\"WebSite\",\"@id\":\"https:\/\/hannacosmetica.com\/#website\",\"url\":\"https:\/\/hannacosmetica.com\/\",\"name\":\"Hanna Cosm\u00e9tica\",\"description\":\"Tienda de productos u\u00f1as, bellezas y peluquer\u00edas\",\"publisher\":{\"@id\":\"https:\/\/hannacosmetica.com\/#organization\"},\"potentialAction\":[{\"@type\":\"SearchAction\",\"target\":{\"@type\":\"EntryPoint\",\"urlTemplate\":\"https:\/\/hannacosmetica.com\/?s={search_term_string}\"},\"query-input\":\"required name=search_term_string\"}],\"inLanguage\":\"fr-FR\"},{\"@type\":\"Organization\",\"@id\":\"https:\/\/hannacosmetica.com\/#organization\",\"name\":\"Hanna Cosm\u00e9tica\",\"url\":\"https:\/\/hannacosmetica.com\/\",\"logo\":{\"@type\":\"ImageObject\",\"inLanguage\":\"fr-FR\",\"@id\":\"https:\/\/hannacosmetica.com\/#\/schema\/logo\/image\/\",\"url\":\"https:\/\/hannacosmetica.com\/wp-content\/uploads\/2022\/07\/Logo-Joyeria-Femenino-Floral-Negro.png\",\"contentUrl\":\"https:\/\/hannacosmetica.com\/wp-content\/uploads\/2022\/07\/Logo-Joyeria-Femenino-Floral-Negro.png\",\"width\":361,\"height\":126,\"caption\":\"Hanna Cosm\u00e9tica\"},\"image\":{\"@id\":\"https:\/\/hannacosmetica.com\/#\/schema\/logo\/image\/\"}}]}<\/script>\n<!-- \/ Yoast SEO plugin. -->","yoast_head_json":{"title":"Esmalte de Francesa Traslucido Hanna 15ML 9 Colores N1 - N9 - Hanna Cosm\u00e9tica","robots":{"index":"index","follow":"follow","max-snippet":"max-snippet:-1","max-image-preview":"max-image-preview:large","max-video-preview":"max-video-preview:-1"},"canonical":"https:\/\/hannacosmetica.com\/fr\/tienda\/hanna-exclusive\/esmalte-hanna\/esmalte-de-francesa-traslucido-hanna-15ml-n1\/","og_locale":"fr_FR","og_type":"article","og_title":"Esmalte de Francesa Traslucido Hanna 15ML 9 Colores N1 - N9 - Hanna Cosm\u00e9tica","og_description":"nueva\u00a0 colecci\u00f3n de colores de Francesa\u00a0 de 15 ml disponible en 9 tonos. \u00a0Medio Ambiente y Salud: El esmalte de u\u00f1as de&hellip;","og_url":"https:\/\/hannacosmetica.com\/fr\/tienda\/hanna-exclusive\/esmalte-hanna\/esmalte-de-francesa-traslucido-hanna-15ml-n1\/","og_site_name":"Hanna Cosm\u00e9tica","article_modified_time":"2025-09-15T08:37:09+00:00","og_image":[{"width":1563,"height":1563,"url":"https:\/\/hannacosmetica.com\/wp-content\/uploads\/2023\/11\/90618e5a78004f5a1dcc9448e730f6c.png","type":"image\/png"}],"twitter_card":"summary_large_image","schema":{"@context":"https:\/\/schema.org","@graph":[{"@type":"WebPage","@id":"https:\/\/hannacosmetica.com\/tienda\/hanna-exclusive\/esmalte-hanna\/esmalte-de-francesa-traslucido-hanna-15ml-n1\/","url":"https:\/\/hannacosmetica.com\/tienda\/hanna-exclusive\/esmalte-hanna\/esmalte-de-francesa-traslucido-hanna-15ml-n1\/","name":"Esmalte de Francesa Traslucido Hanna 15ML 9 Colores N1 - N9 - Hanna Cosm\u00e9tica","isPartOf":{"@id":"https:\/\/hannacosmetica.com\/#website"},"datePublished":"2023-11-09T10:28:13+00:00","dateModified":"2025-09-15T08:37:09+00:00","breadcrumb":{"@id":"https:\/\/hannacosmetica.com\/tienda\/hanna-exclusive\/esmalte-hanna\/esmalte-de-francesa-traslucido-hanna-15ml-n1\/#breadcrumb"},"inLanguage":"fr-FR","potentialAction":[{"@type":"ReadAction","target":["https:\/\/hannacosmetica.com\/tienda\/hanna-exclusive\/esmalte-hanna\/esmalte-de-francesa-traslucido-hanna-15ml-n1\/"]}]},{"@type":"BreadcrumbList","@id":"https:\/\/hannacosmetica.com\/tienda\/hanna-exclusive\/esmalte-hanna\/esmalte-de-francesa-traslucido-hanna-15ml-n1\/#breadcrumb","itemListElement":[{"@type":"ListItem","position":1,"name":"Portada","item":"https:\/\/hannacosmetica.com\/"},{"@type":"ListItem","position":2,"name":"Tienda","item":"https:\/\/hannacosmetica.com\/shop\/"},{"@type":"ListItem","position":3,"name":"Esmalte de Francesa Traslucido Hanna 15ML 9 Colores N1 &#8211; N9"}]},{"@type":"WebSite","@id":"https:\/\/hannacosmetica.com\/#website","url":"https:\/\/hannacosmetica.com\/","name":"Hanna Cosm\u00e9tica","description":"Tienda de productos u\u00f1as, bellezas y peluquer\u00edas","publisher":{"@id":"https:\/\/hannacosmetica.com\/#organization"},"potentialAction":[{"@type":"SearchAction","target":{"@type":"EntryPoint","urlTemplate":"https:\/\/hannacosmetica.com\/?s={search_term_string}"},"query-input":"required name=search_term_string"}],"inLanguage":"fr-FR"},{"@type":"Organization","@id":"https:\/\/hannacosmetica.com\/#organization","name":"Hanna Cosm\u00e9tica","url":"https:\/\/hannacosmetica.com\/","logo":{"@type":"ImageObject","inLanguage":"fr-FR","@id":"https:\/\/hannacosmetica.com\/#\/schema\/logo\/image\/","url":"https:\/\/hannacosmetica.com\/wp-content\/uploads\/2022\/07\/Logo-Joyeria-Femenino-Floral-Negro.png","contentUrl":"https:\/\/hannacosmetica.com\/wp-content\/uploads\/2022\/07\/Logo-Joyeria-Femenino-Floral-Negro.png","width":361,"height":126,"caption":"Hanna Cosm\u00e9tica"},"image":{"@id":"https:\/\/hannacosmetica.com\/#\/schema\/logo\/image\/"}}]}},"_links":{"self":[{"href":"https:\/\/hannacosmetica.com\/fr\/wp-json\/wp\/v2\/product\/15575"}],"collection":[{"href":"https:\/\/hannacosmetica.com\/fr\/wp-json\/wp\/v2\/product"}],"about":[{"href":"https:\/\/hannacosmetica.com\/fr\/wp-json\/wp\/v2\/types\/product"}],"replies":[{"embeddable":true,"href":"https:\/\/hannacosmetica.com\/fr\/wp-json\/wp\/v2\/comments?post=15575"}],"version-history":[{"count":4,"href":"https:\/\/hannacosmetica.com\/fr\/wp-json\/wp\/v2\/product\/15575\/revisions"}],"predecessor-version":[{"id":20997,"href":"https:\/\/hannacosmetica.com\/fr\/wp-json\/wp\/v2\/product\/15575\/revisions\/20997"}],"wp:featuredmedia":[{"embeddable":true,"href":"https:\/\/hannacosmetica.com\/fr\/wp-json\/wp\/v2\/media\/15576"}],"wp:attachment":[{"href":"https:\/\/hannacosmetica.com\/fr\/wp-json\/wp\/v2\/media?parent=15575"}],"wp:term":[{"taxonomy":"product_cat","embeddable":true,"href":"https:\/\/hannacosmetica.com\/fr\/wp-json\/wp\/v2\/product_cat?post=15575"},{"taxonomy":"product_tag","embeddable":true,"href":"https:\/\/hannacosmetica.com\/fr\/wp-json\/wp\/v2\/product_tag?post=15575"}],"curies":[{"name":"wp","href":"https:\/\/api.w.org\/{rel}","templated":true}]}}