{"id":14883,"date":"2023-09-27T11:05:44","date_gmt":"2023-09-27T11:05:44","guid":{"rendered":"https:\/\/hannacosmetica.com\/?post_type=product&#038;p=14883"},"modified":"2026-03-10T09:49:57","modified_gmt":"2026-03-10T09:49:57","slug":"dappen-de-ceramica-vasito-de-monomero-taza-para-unas","status":"publish","type":"product","link":"https:\/\/hannacosmetica.com\/fr\/tienda\/manicura\/vasito-y-dispensador\/dappen-de-ceramica-vasito-de-monomero-taza-para-unas\/","title":{"rendered":"Dappen de cer\u00e1mica\/ Vasito de mon\u00f3mero\/ taza para u\u00f1as marron"},"content":{"rendered":"<ul class=\"a-unordered-list a-vertical a-spacing-mini\">\n<li class=\"a-spacing-mini\"><span class=\"a-list-item\">CONTENEDOR DE POLVO: dise\u00f1o peque\u00f1o y de forma y apariencia, y pr\u00e1ctico, delicado y \u00fatil.<\/span><\/li>\n<li class=\"a-spacing-mini\"><span class=\"a-list-item\">PLATO DAPPEN CON TAPA: adecuado para profesionales, salones de u\u00f1as, escuelas de u\u00f1as, artistas de u\u00f1as y uso personal.<\/span><\/li>\n<li class=\"a-spacing-mini\"><span class=\"a-list-item\">PLATO DE MANICURA: una herramienta de manicura hermosa y pr\u00e1ctica para amantes de la belleza, entusiastas arte de u\u00f1as, principiantes en manicura.<\/span><\/li>\n<li class=\"a-spacing-mini\"><span class=\"a-list-item\">NAIL ART DAPPEN PLATE: puede para lavar el nail art pen o mezclar l\u00edquidos como esmalte de u\u00f1as y polvo.<\/span><\/li>\n<li class=\"a-spacing-mini\"><span class=\"a-list-item\">DAPPEN DE POLVO L\u00cdQUIDO: la taza est\u00e1 dise\u00f1ada con un modelado y una apariencia simples, lo la convierte en una hermosa decoraci\u00f3n.<\/span><\/li>\n<\/ul>","protected":false},"excerpt":{"rendered":"<p>CONTENEDOR DE POLVO: dise\u00f1o peque\u00f1o y de forma y apariencia, y pr\u00e1ctico, delicado y \u00fatil. PLATO DAPPEN CON TAPA: adecuado para profesionales,&hellip;<\/p>","protected":false},"featured_media":14887,"comment_status":"open","ping_status":"closed","template":"","meta":[],"product_cat":[145,82,87],"product_tag":[],"yoast_head":"<!-- This site is optimized with the Yoast SEO plugin v19.9 - https:\/\/yoast.com\/wordpress\/plugins\/seo\/ -->\n<title>Dappen de cer\u00e1mica\/ Vasito de mon\u00f3mero\/ taza para u\u00f1as marron - Hanna Cosm\u00e9tica<\/title>\n<meta name=\"robots\" content=\"index, follow, max-snippet:-1, max-image-preview:large, max-video-preview:-1\" \/>\n<link rel=\"canonical\" href=\"https:\/\/hannacosmetica.com\/fr\/tienda\/manicura\/vasito-y-dispensador\/dappen-de-ceramica-vasito-de-monomero-taza-para-unas\/\" \/>\n<meta property=\"og:locale\" content=\"fr_FR\" \/>\n<meta property=\"og:type\" content=\"article\" \/>\n<meta property=\"og:title\" content=\"Dappen de cer\u00e1mica\/ Vasito de mon\u00f3mero\/ taza para u\u00f1as marron - Hanna Cosm\u00e9tica\" \/>\n<meta property=\"og:description\" content=\"CONTENEDOR DE POLVO: dise\u00f1o peque\u00f1o y de forma y apariencia, y pr\u00e1ctico, delicado y \u00fatil. PLATO DAPPEN CON TAPA: adecuado para profesionales,&hellip;\" \/>\n<meta property=\"og:url\" content=\"https:\/\/hannacosmetica.com\/fr\/tienda\/manicura\/vasito-y-dispensador\/dappen-de-ceramica-vasito-de-monomero-taza-para-unas\/\" \/>\n<meta property=\"og:site_name\" content=\"Hanna Cosm\u00e9tica\" \/>\n<meta property=\"article:modified_time\" content=\"2026-03-10T09:49:57+00:00\" \/>\n<meta property=\"og:image\" content=\"https:\/\/hannacosmetica.com\/wp-content\/uploads\/2023\/09\/Logo-Marca-Personal-Minimalista-Elegante-y-Organico-Blanco-y-Negro-82.png\" \/>\n\t<meta property=\"og:image:width\" content=\"1563\" \/>\n\t<meta property=\"og:image:height\" content=\"1563\" \/>\n\t<meta property=\"og:image:type\" content=\"image\/png\" \/>\n<meta name=\"twitter:card\" content=\"summary_large_image\" \/>\n<script type=\"application\/ld+json\" class=\"yoast-schema-graph\">{\"@context\":\"https:\/\/schema.org\",\"@graph\":[{\"@type\":\"WebPage\",\"@id\":\"https:\/\/hannacosmetica.com\/tienda\/manicura\/vasito-y-dispensador\/dappen-de-ceramica-vasito-de-monomero-taza-para-unas\/\",\"url\":\"https:\/\/hannacosmetica.com\/tienda\/manicura\/vasito-y-dispensador\/dappen-de-ceramica-vasito-de-monomero-taza-para-unas\/\",\"name\":\"Dappen de cer\u00e1mica\/ Vasito de mon\u00f3mero\/ taza para u\u00f1as marron - Hanna Cosm\u00e9tica\",\"isPartOf\":{\"@id\":\"https:\/\/hannacosmetica.com\/#website\"},\"datePublished\":\"2023-09-27T11:05:44+00:00\",\"dateModified\":\"2026-03-10T09:49:57+00:00\",\"breadcrumb\":{\"@id\":\"https:\/\/hannacosmetica.com\/tienda\/manicura\/vasito-y-dispensador\/dappen-de-ceramica-vasito-de-monomero-taza-para-unas\/#breadcrumb\"},\"inLanguage\":\"fr-FR\",\"potentialAction\":[{\"@type\":\"ReadAction\",\"target\":[\"https:\/\/hannacosmetica.com\/tienda\/manicura\/vasito-y-dispensador\/dappen-de-ceramica-vasito-de-monomero-taza-para-unas\/\"]}]},{\"@type\":\"BreadcrumbList\",\"@id\":\"https:\/\/hannacosmetica.com\/tienda\/manicura\/vasito-y-dispensador\/dappen-de-ceramica-vasito-de-monomero-taza-para-unas\/#breadcrumb\",\"itemListElement\":[{\"@type\":\"ListItem\",\"position\":1,\"name\":\"Portada\",\"item\":\"https:\/\/hannacosmetica.com\/\"},{\"@type\":\"ListItem\",\"position\":2,\"name\":\"Tienda\",\"item\":\"https:\/\/hannacosmetica.com\/shop\/\"},{\"@type\":\"ListItem\",\"position\":3,\"name\":\"Dappen de cer\u00e1mica\/ Vasito de mon\u00f3mero\/ taza para u\u00f1as marron\"}]},{\"@type\":\"WebSite\",\"@id\":\"https:\/\/hannacosmetica.com\/#website\",\"url\":\"https:\/\/hannacosmetica.com\/\",\"name\":\"Hanna Cosm\u00e9tica\",\"description\":\"Tienda de productos u\u00f1as, bellezas y peluquer\u00edas\",\"publisher\":{\"@id\":\"https:\/\/hannacosmetica.com\/#organization\"},\"potentialAction\":[{\"@type\":\"SearchAction\",\"target\":{\"@type\":\"EntryPoint\",\"urlTemplate\":\"https:\/\/hannacosmetica.com\/?s={search_term_string}\"},\"query-input\":\"required name=search_term_string\"}],\"inLanguage\":\"fr-FR\"},{\"@type\":\"Organization\",\"@id\":\"https:\/\/hannacosmetica.com\/#organization\",\"name\":\"Hanna Cosm\u00e9tica\",\"url\":\"https:\/\/hannacosmetica.com\/\",\"logo\":{\"@type\":\"ImageObject\",\"inLanguage\":\"fr-FR\",\"@id\":\"https:\/\/hannacosmetica.com\/#\/schema\/logo\/image\/\",\"url\":\"https:\/\/hannacosmetica.com\/wp-content\/uploads\/2022\/07\/Logo-Joyeria-Femenino-Floral-Negro.png\",\"contentUrl\":\"https:\/\/hannacosmetica.com\/wp-content\/uploads\/2022\/07\/Logo-Joyeria-Femenino-Floral-Negro.png\",\"width\":361,\"height\":126,\"caption\":\"Hanna Cosm\u00e9tica\"},\"image\":{\"@id\":\"https:\/\/hannacosmetica.com\/#\/schema\/logo\/image\/\"}}]}<\/script>\n<!-- \/ Yoast SEO plugin. -->","yoast_head_json":{"title":"Dappen de cer\u00e1mica\/ Vasito de mon\u00f3mero\/ taza para u\u00f1as marron - Hanna Cosm\u00e9tica","robots":{"index":"index","follow":"follow","max-snippet":"max-snippet:-1","max-image-preview":"max-image-preview:large","max-video-preview":"max-video-preview:-1"},"canonical":"https:\/\/hannacosmetica.com\/fr\/tienda\/manicura\/vasito-y-dispensador\/dappen-de-ceramica-vasito-de-monomero-taza-para-unas\/","og_locale":"fr_FR","og_type":"article","og_title":"Dappen de cer\u00e1mica\/ Vasito de mon\u00f3mero\/ taza para u\u00f1as marron - Hanna Cosm\u00e9tica","og_description":"CONTENEDOR DE POLVO: dise\u00f1o peque\u00f1o y de forma y apariencia, y pr\u00e1ctico, delicado y \u00fatil. PLATO DAPPEN CON TAPA: adecuado para profesionales,&hellip;","og_url":"https:\/\/hannacosmetica.com\/fr\/tienda\/manicura\/vasito-y-dispensador\/dappen-de-ceramica-vasito-de-monomero-taza-para-unas\/","og_site_name":"Hanna Cosm\u00e9tica","article_modified_time":"2026-03-10T09:49:57+00:00","og_image":[{"width":1563,"height":1563,"url":"https:\/\/hannacosmetica.com\/wp-content\/uploads\/2023\/09\/Logo-Marca-Personal-Minimalista-Elegante-y-Organico-Blanco-y-Negro-82.png","type":"image\/png"}],"twitter_card":"summary_large_image","schema":{"@context":"https:\/\/schema.org","@graph":[{"@type":"WebPage","@id":"https:\/\/hannacosmetica.com\/tienda\/manicura\/vasito-y-dispensador\/dappen-de-ceramica-vasito-de-monomero-taza-para-unas\/","url":"https:\/\/hannacosmetica.com\/tienda\/manicura\/vasito-y-dispensador\/dappen-de-ceramica-vasito-de-monomero-taza-para-unas\/","name":"Dappen de cer\u00e1mica\/ Vasito de mon\u00f3mero\/ taza para u\u00f1as marron - Hanna Cosm\u00e9tica","isPartOf":{"@id":"https:\/\/hannacosmetica.com\/#website"},"datePublished":"2023-09-27T11:05:44+00:00","dateModified":"2026-03-10T09:49:57+00:00","breadcrumb":{"@id":"https:\/\/hannacosmetica.com\/tienda\/manicura\/vasito-y-dispensador\/dappen-de-ceramica-vasito-de-monomero-taza-para-unas\/#breadcrumb"},"inLanguage":"fr-FR","potentialAction":[{"@type":"ReadAction","target":["https:\/\/hannacosmetica.com\/tienda\/manicura\/vasito-y-dispensador\/dappen-de-ceramica-vasito-de-monomero-taza-para-unas\/"]}]},{"@type":"BreadcrumbList","@id":"https:\/\/hannacosmetica.com\/tienda\/manicura\/vasito-y-dispensador\/dappen-de-ceramica-vasito-de-monomero-taza-para-unas\/#breadcrumb","itemListElement":[{"@type":"ListItem","position":1,"name":"Portada","item":"https:\/\/hannacosmetica.com\/"},{"@type":"ListItem","position":2,"name":"Tienda","item":"https:\/\/hannacosmetica.com\/shop\/"},{"@type":"ListItem","position":3,"name":"Dappen de cer\u00e1mica\/ Vasito de mon\u00f3mero\/ taza para u\u00f1as marron"}]},{"@type":"WebSite","@id":"https:\/\/hannacosmetica.com\/#website","url":"https:\/\/hannacosmetica.com\/","name":"Hanna Cosm\u00e9tica","description":"Tienda de productos u\u00f1as, bellezas y peluquer\u00edas","publisher":{"@id":"https:\/\/hannacosmetica.com\/#organization"},"potentialAction":[{"@type":"SearchAction","target":{"@type":"EntryPoint","urlTemplate":"https:\/\/hannacosmetica.com\/?s={search_term_string}"},"query-input":"required name=search_term_string"}],"inLanguage":"fr-FR"},{"@type":"Organization","@id":"https:\/\/hannacosmetica.com\/#organization","name":"Hanna Cosm\u00e9tica","url":"https:\/\/hannacosmetica.com\/","logo":{"@type":"ImageObject","inLanguage":"fr-FR","@id":"https:\/\/hannacosmetica.com\/#\/schema\/logo\/image\/","url":"https:\/\/hannacosmetica.com\/wp-content\/uploads\/2022\/07\/Logo-Joyeria-Femenino-Floral-Negro.png","contentUrl":"https:\/\/hannacosmetica.com\/wp-content\/uploads\/2022\/07\/Logo-Joyeria-Femenino-Floral-Negro.png","width":361,"height":126,"caption":"Hanna Cosm\u00e9tica"},"image":{"@id":"https:\/\/hannacosmetica.com\/#\/schema\/logo\/image\/"}}]}},"_links":{"self":[{"href":"https:\/\/hannacosmetica.com\/fr\/wp-json\/wp\/v2\/product\/14883"}],"collection":[{"href":"https:\/\/hannacosmetica.com\/fr\/wp-json\/wp\/v2\/product"}],"about":[{"href":"https:\/\/hannacosmetica.com\/fr\/wp-json\/wp\/v2\/types\/product"}],"replies":[{"embeddable":true,"href":"https:\/\/hannacosmetica.com\/fr\/wp-json\/wp\/v2\/comments?post=14883"}],"version-history":[{"count":2,"href":"https:\/\/hannacosmetica.com\/fr\/wp-json\/wp\/v2\/product\/14883\/revisions"}],"predecessor-version":[{"id":14898,"href":"https:\/\/hannacosmetica.com\/fr\/wp-json\/wp\/v2\/product\/14883\/revisions\/14898"}],"wp:featuredmedia":[{"embeddable":true,"href":"https:\/\/hannacosmetica.com\/fr\/wp-json\/wp\/v2\/media\/14887"}],"wp:attachment":[{"href":"https:\/\/hannacosmetica.com\/fr\/wp-json\/wp\/v2\/media?parent=14883"}],"wp:term":[{"taxonomy":"product_cat","embeddable":true,"href":"https:\/\/hannacosmetica.com\/fr\/wp-json\/wp\/v2\/product_cat?post=14883"},{"taxonomy":"product_tag","embeddable":true,"href":"https:\/\/hannacosmetica.com\/fr\/wp-json\/wp\/v2\/product_tag?post=14883"}],"curies":[{"name":"wp","href":"https:\/\/api.w.org\/{rel}","templated":true}]}}