{"id":14850,"date":"2023-09-26T16:52:51","date_gmt":"2023-09-26T16:52:51","guid":{"rendered":"https:\/\/hannacosmetica.com\/?post_type=product&#038;p=14850"},"modified":"2024-11-29T17:32:18","modified_gmt":"2024-11-29T17:32:18","slug":"empujador-de-cuticulas-de-doble-punta-acero-inoxidable-2","status":"publish","type":"product","link":"https:\/\/hannacosmetica.com\/fr\/tienda\/manicura\/alicate-y-empujador\/empujador-de-cuticulas-de-doble-punta-acero-inoxidable-2\/","title":{"rendered":"Empujador de cut\u00edculas de doble Punta acero inoxidable."},"content":{"rendered":"<ul class=\"a-unordered-list a-vertical a-spacing-mini\">\n<li class=\"a-spacing-mini\"><span class=\"a-list-item\">DISE\u00d1O DE DOBLE CARA: El empujador de cut\u00edculas presenta un dise\u00f1o de doble cara con un extremo para empujar las cut\u00edculas hacia atr\u00e1s y el otro para eliminar la piel muerta.<\/span><\/li>\n<li class=\"a-spacing-mini\"><span class=\"a-list-item\">DISE\u00d1O PORT\u00c1TIL: con un tama\u00f1o compacto y un dise\u00f1o liviano, es f\u00e1cil de transportar y usar mientras viaja, lo que lo hace perfecto para uso dom\u00e9stico o salones de u\u00f1as profesionales.<\/span><\/li>\n<li class=\"a-spacing-mini\"><span class=\"a-list-item\">ACERO INOXIDABLE: Fabricado con excelente acero inoxidable, nuestro empujador de cut\u00edculas es seguro, duradero y resistente a la corrosi\u00f3n, lo que garantiza longevidad y confiabilidad.<\/span><\/li>\n<li class=\"a-spacing-mini\"><span class=\"a-list-item\">RESISTENTE AL DESLIZAMIENTO: El agarre antideslizante del empujador de cut\u00edculas permite un agarre c\u00f3modo y seguro, lo que lo hace f\u00e1cil de usar con precisi\u00f3n y control.<\/span><\/li>\n<\/ul>","protected":false},"excerpt":{"rendered":"<p>DISE\u00d1O DE DOBLE CARA: El empujador de cut\u00edculas presenta un dise\u00f1o de doble cara con un extremo para empujar las cut\u00edculas hacia&hellip;<\/p>","protected":false},"featured_media":14851,"comment_status":"open","ping_status":"closed","template":"","meta":[],"product_cat":[139,304,82,87],"product_tag":[],"yoast_head":"<!-- This site is optimized with the Yoast SEO plugin v19.9 - https:\/\/yoast.com\/wordpress\/plugins\/seo\/ -->\n<title>Empujador de cut\u00edculas de doble Punta acero inoxidable. - Hanna Cosm\u00e9tica<\/title>\n<meta name=\"robots\" content=\"index, follow, max-snippet:-1, max-image-preview:large, max-video-preview:-1\" \/>\n<link rel=\"canonical\" href=\"https:\/\/hannacosmetica.com\/fr\/tienda\/manicura\/alicate-y-empujador\/empujador-de-cuticulas-de-doble-punta-acero-inoxidable-2\/\" \/>\n<meta property=\"og:locale\" content=\"fr_FR\" \/>\n<meta property=\"og:type\" content=\"article\" \/>\n<meta property=\"og:title\" content=\"Empujador de cut\u00edculas de doble Punta acero inoxidable. - Hanna Cosm\u00e9tica\" \/>\n<meta property=\"og:description\" content=\"DISE\u00d1O DE DOBLE CARA: El empujador de cut\u00edculas presenta un dise\u00f1o de doble cara con un extremo para empujar las cut\u00edculas hacia&hellip;\" \/>\n<meta property=\"og:url\" content=\"https:\/\/hannacosmetica.com\/fr\/tienda\/manicura\/alicate-y-empujador\/empujador-de-cuticulas-de-doble-punta-acero-inoxidable-2\/\" \/>\n<meta property=\"og:site_name\" content=\"Hanna Cosm\u00e9tica\" \/>\n<meta property=\"article:modified_time\" content=\"2024-11-29T17:32:18+00:00\" \/>\n<meta property=\"og:image\" content=\"https:\/\/hannacosmetica.com\/wp-content\/uploads\/2023\/09\/gelatina-de-rosas.pdf-1000-\u00d7-1000-px-68.png\" \/>\n\t<meta property=\"og:image:width\" content=\"3125\" \/>\n\t<meta property=\"og:image:height\" content=\"3125\" \/>\n\t<meta property=\"og:image:type\" content=\"image\/png\" \/>\n<meta name=\"twitter:card\" content=\"summary_large_image\" \/>\n<script type=\"application\/ld+json\" class=\"yoast-schema-graph\">{\"@context\":\"https:\/\/schema.org\",\"@graph\":[{\"@type\":\"WebPage\",\"@id\":\"https:\/\/hannacosmetica.com\/tienda\/manicura\/alicate-y-empujador\/empujador-de-cuticulas-de-doble-punta-acero-inoxidable-2\/\",\"url\":\"https:\/\/hannacosmetica.com\/tienda\/manicura\/alicate-y-empujador\/empujador-de-cuticulas-de-doble-punta-acero-inoxidable-2\/\",\"name\":\"Empujador de cut\u00edculas de doble Punta acero inoxidable. - Hanna Cosm\u00e9tica\",\"isPartOf\":{\"@id\":\"https:\/\/hannacosmetica.com\/#website\"},\"datePublished\":\"2023-09-26T16:52:51+00:00\",\"dateModified\":\"2024-11-29T17:32:18+00:00\",\"breadcrumb\":{\"@id\":\"https:\/\/hannacosmetica.com\/tienda\/manicura\/alicate-y-empujador\/empujador-de-cuticulas-de-doble-punta-acero-inoxidable-2\/#breadcrumb\"},\"inLanguage\":\"fr-FR\",\"potentialAction\":[{\"@type\":\"ReadAction\",\"target\":[\"https:\/\/hannacosmetica.com\/tienda\/manicura\/alicate-y-empujador\/empujador-de-cuticulas-de-doble-punta-acero-inoxidable-2\/\"]}]},{\"@type\":\"BreadcrumbList\",\"@id\":\"https:\/\/hannacosmetica.com\/tienda\/manicura\/alicate-y-empujador\/empujador-de-cuticulas-de-doble-punta-acero-inoxidable-2\/#breadcrumb\",\"itemListElement\":[{\"@type\":\"ListItem\",\"position\":1,\"name\":\"Portada\",\"item\":\"https:\/\/hannacosmetica.com\/\"},{\"@type\":\"ListItem\",\"position\":2,\"name\":\"Tienda\",\"item\":\"https:\/\/hannacosmetica.com\/shop\/\"},{\"@type\":\"ListItem\",\"position\":3,\"name\":\"Empujador de cut\u00edculas de doble Punta acero inoxidable.\"}]},{\"@type\":\"WebSite\",\"@id\":\"https:\/\/hannacosmetica.com\/#website\",\"url\":\"https:\/\/hannacosmetica.com\/\",\"name\":\"Hanna Cosm\u00e9tica\",\"description\":\"Tienda de productos u\u00f1as, bellezas y peluquer\u00edas\",\"publisher\":{\"@id\":\"https:\/\/hannacosmetica.com\/#organization\"},\"potentialAction\":[{\"@type\":\"SearchAction\",\"target\":{\"@type\":\"EntryPoint\",\"urlTemplate\":\"https:\/\/hannacosmetica.com\/?s={search_term_string}\"},\"query-input\":\"required name=search_term_string\"}],\"inLanguage\":\"fr-FR\"},{\"@type\":\"Organization\",\"@id\":\"https:\/\/hannacosmetica.com\/#organization\",\"name\":\"Hanna Cosm\u00e9tica\",\"url\":\"https:\/\/hannacosmetica.com\/\",\"logo\":{\"@type\":\"ImageObject\",\"inLanguage\":\"fr-FR\",\"@id\":\"https:\/\/hannacosmetica.com\/#\/schema\/logo\/image\/\",\"url\":\"https:\/\/hannacosmetica.com\/wp-content\/uploads\/2022\/07\/Logo-Joyeria-Femenino-Floral-Negro.png\",\"contentUrl\":\"https:\/\/hannacosmetica.com\/wp-content\/uploads\/2022\/07\/Logo-Joyeria-Femenino-Floral-Negro.png\",\"width\":361,\"height\":126,\"caption\":\"Hanna Cosm\u00e9tica\"},\"image\":{\"@id\":\"https:\/\/hannacosmetica.com\/#\/schema\/logo\/image\/\"}}]}<\/script>\n<!-- \/ Yoast SEO plugin. -->","yoast_head_json":{"title":"Empujador de cut\u00edculas de doble Punta acero inoxidable. - Hanna Cosm\u00e9tica","robots":{"index":"index","follow":"follow","max-snippet":"max-snippet:-1","max-image-preview":"max-image-preview:large","max-video-preview":"max-video-preview:-1"},"canonical":"https:\/\/hannacosmetica.com\/fr\/tienda\/manicura\/alicate-y-empujador\/empujador-de-cuticulas-de-doble-punta-acero-inoxidable-2\/","og_locale":"fr_FR","og_type":"article","og_title":"Empujador de cut\u00edculas de doble Punta acero inoxidable. - Hanna Cosm\u00e9tica","og_description":"DISE\u00d1O DE DOBLE CARA: El empujador de cut\u00edculas presenta un dise\u00f1o de doble cara con un extremo para empujar las cut\u00edculas hacia&hellip;","og_url":"https:\/\/hannacosmetica.com\/fr\/tienda\/manicura\/alicate-y-empujador\/empujador-de-cuticulas-de-doble-punta-acero-inoxidable-2\/","og_site_name":"Hanna Cosm\u00e9tica","article_modified_time":"2024-11-29T17:32:18+00:00","og_image":[{"width":3125,"height":3125,"url":"https:\/\/hannacosmetica.com\/wp-content\/uploads\/2023\/09\/gelatina-de-rosas.pdf-1000-\u00d7-1000-px-68.png","type":"image\/png"}],"twitter_card":"summary_large_image","schema":{"@context":"https:\/\/schema.org","@graph":[{"@type":"WebPage","@id":"https:\/\/hannacosmetica.com\/tienda\/manicura\/alicate-y-empujador\/empujador-de-cuticulas-de-doble-punta-acero-inoxidable-2\/","url":"https:\/\/hannacosmetica.com\/tienda\/manicura\/alicate-y-empujador\/empujador-de-cuticulas-de-doble-punta-acero-inoxidable-2\/","name":"Empujador de cut\u00edculas de doble Punta acero inoxidable. - Hanna Cosm\u00e9tica","isPartOf":{"@id":"https:\/\/hannacosmetica.com\/#website"},"datePublished":"2023-09-26T16:52:51+00:00","dateModified":"2024-11-29T17:32:18+00:00","breadcrumb":{"@id":"https:\/\/hannacosmetica.com\/tienda\/manicura\/alicate-y-empujador\/empujador-de-cuticulas-de-doble-punta-acero-inoxidable-2\/#breadcrumb"},"inLanguage":"fr-FR","potentialAction":[{"@type":"ReadAction","target":["https:\/\/hannacosmetica.com\/tienda\/manicura\/alicate-y-empujador\/empujador-de-cuticulas-de-doble-punta-acero-inoxidable-2\/"]}]},{"@type":"BreadcrumbList","@id":"https:\/\/hannacosmetica.com\/tienda\/manicura\/alicate-y-empujador\/empujador-de-cuticulas-de-doble-punta-acero-inoxidable-2\/#breadcrumb","itemListElement":[{"@type":"ListItem","position":1,"name":"Portada","item":"https:\/\/hannacosmetica.com\/"},{"@type":"ListItem","position":2,"name":"Tienda","item":"https:\/\/hannacosmetica.com\/shop\/"},{"@type":"ListItem","position":3,"name":"Empujador de cut\u00edculas de doble Punta acero inoxidable."}]},{"@type":"WebSite","@id":"https:\/\/hannacosmetica.com\/#website","url":"https:\/\/hannacosmetica.com\/","name":"Hanna Cosm\u00e9tica","description":"Tienda de productos u\u00f1as, bellezas y peluquer\u00edas","publisher":{"@id":"https:\/\/hannacosmetica.com\/#organization"},"potentialAction":[{"@type":"SearchAction","target":{"@type":"EntryPoint","urlTemplate":"https:\/\/hannacosmetica.com\/?s={search_term_string}"},"query-input":"required name=search_term_string"}],"inLanguage":"fr-FR"},{"@type":"Organization","@id":"https:\/\/hannacosmetica.com\/#organization","name":"Hanna Cosm\u00e9tica","url":"https:\/\/hannacosmetica.com\/","logo":{"@type":"ImageObject","inLanguage":"fr-FR","@id":"https:\/\/hannacosmetica.com\/#\/schema\/logo\/image\/","url":"https:\/\/hannacosmetica.com\/wp-content\/uploads\/2022\/07\/Logo-Joyeria-Femenino-Floral-Negro.png","contentUrl":"https:\/\/hannacosmetica.com\/wp-content\/uploads\/2022\/07\/Logo-Joyeria-Femenino-Floral-Negro.png","width":361,"height":126,"caption":"Hanna Cosm\u00e9tica"},"image":{"@id":"https:\/\/hannacosmetica.com\/#\/schema\/logo\/image\/"}}]}},"_links":{"self":[{"href":"https:\/\/hannacosmetica.com\/fr\/wp-json\/wp\/v2\/product\/14850"}],"collection":[{"href":"https:\/\/hannacosmetica.com\/fr\/wp-json\/wp\/v2\/product"}],"about":[{"href":"https:\/\/hannacosmetica.com\/fr\/wp-json\/wp\/v2\/types\/product"}],"replies":[{"embeddable":true,"href":"https:\/\/hannacosmetica.com\/fr\/wp-json\/wp\/v2\/comments?post=14850"}],"version-history":[{"count":1,"href":"https:\/\/hannacosmetica.com\/fr\/wp-json\/wp\/v2\/product\/14850\/revisions"}],"predecessor-version":[{"id":14854,"href":"https:\/\/hannacosmetica.com\/fr\/wp-json\/wp\/v2\/product\/14850\/revisions\/14854"}],"wp:featuredmedia":[{"embeddable":true,"href":"https:\/\/hannacosmetica.com\/fr\/wp-json\/wp\/v2\/media\/14851"}],"wp:attachment":[{"href":"https:\/\/hannacosmetica.com\/fr\/wp-json\/wp\/v2\/media?parent=14850"}],"wp:term":[{"taxonomy":"product_cat","embeddable":true,"href":"https:\/\/hannacosmetica.com\/fr\/wp-json\/wp\/v2\/product_cat?post=14850"},{"taxonomy":"product_tag","embeddable":true,"href":"https:\/\/hannacosmetica.com\/fr\/wp-json\/wp\/v2\/product_tag?post=14850"}],"curies":[{"name":"wp","href":"https:\/\/api.w.org\/{rel}","templated":true}]}}