{"id":14823,"date":"2023-09-26T15:23:50","date_gmt":"2023-09-26T15:23:50","guid":{"rendered":"https:\/\/hannacosmetica.com\/?post_type=product&#038;p=14823"},"modified":"2025-10-28T16:42:05","modified_gmt":"2025-10-28T16:42:05","slug":"lima-fina-100-180-hanna-20-u","status":"publish","type":"product","link":"https:\/\/hannacosmetica.com\/fr\/tienda\/hanna-exclusive\/limas\/lima-fina-100-180-hanna-20-u\/","title":{"rendered":"Lima Fina 100\/180 Hanna 20\/u"},"content":{"rendered":"<ul class=\"a-unordered-list a-vertical a-spacing-mini\">\n<li class=\"a-spacing-mini\"><span class=\"a-list-item\">Las limas de u\u00f1as profesionales de tama\u00f1o perfecto de 17,7 x 2 x 0,1 cm de grano 100 son ideales para raspar las u\u00f1as duras de las manos y los pies y el grano 180 suaviza el borde de la u\u00f1a con una forma refinada.<\/span><\/li>\n<li class=\"a-spacing-mini\"><span class=\"a-list-item\">\u3010CONJUNTO DE CALIDAD PREMIUM Y VALOR\u3011 Paquete de 50 limas de u\u00f1as 100\/180 est\u00e1n hechas de papel de lija, y\u00a0 tablero de PP resistente. La lija no deja color en tus u\u00f1as, son dif\u00edcil de romper y c\u00f3modo de manejar.<\/span><\/li>\n<li class=\"a-spacing-mini\"><span class=\"a-list-item\">\u3010M\u00daLTIPLES USOS\u3011 Las limas de u\u00f1as se pueden usar para quitar u\u00f1as acr\u00edlicas, cut\u00edculas de u\u00f1as y u\u00f1as en polvo, gel de u\u00f1as de polietileno, dar forma a u\u00f1as postizas y para hacer manicura y pedicura. Ideal para todas sus necesidades.<\/span><\/li>\n<li class=\"a-spacing-mini\"><span class=\"a-list-item\">\u3010Lavable\u3011Las herramientas para limar u\u00f1as Hanna son f\u00e1ciles de usar y se enjuagan con agua, lo que las hace m\u00e1s duraderas. Dise\u00f1ado con grano de doble cara para usos m\u00faltiples.<\/span><\/li>\n<\/ul>","protected":false},"excerpt":{"rendered":"<p>Las limas de u\u00f1as profesionales de tama\u00f1o perfecto de 17,7 x 2 x 0,1 cm de grano 100 son ideales para raspar&hellip;<\/p>","protected":false},"featured_media":14825,"comment_status":"open","ping_status":"closed","template":"","meta":[],"product_cat":[304,311,82,99,87],"product_tag":[],"yoast_head":"<!-- This site is optimized with the Yoast SEO plugin v19.9 - https:\/\/yoast.com\/wordpress\/plugins\/seo\/ -->\n<title>Lima Fina 100\/180 Hanna 20\/u - Hanna Cosm\u00e9tica<\/title>\n<meta name=\"robots\" content=\"index, follow, max-snippet:-1, max-image-preview:large, max-video-preview:-1\" \/>\n<link rel=\"canonical\" href=\"https:\/\/hannacosmetica.com\/fr\/tienda\/hanna-exclusive\/limas\/lima-fina-100-180-hanna-20-u\/\" \/>\n<meta property=\"og:locale\" content=\"fr_FR\" \/>\n<meta property=\"og:type\" content=\"article\" \/>\n<meta property=\"og:title\" content=\"Lima Fina 100\/180 Hanna 20\/u - Hanna Cosm\u00e9tica\" \/>\n<meta property=\"og:description\" content=\"Las limas de u\u00f1as profesionales de tama\u00f1o perfecto de 17,7 x 2 x 0,1 cm de grano 100 son ideales para raspar&hellip;\" \/>\n<meta property=\"og:url\" content=\"https:\/\/hannacosmetica.com\/fr\/tienda\/hanna-exclusive\/limas\/lima-fina-100-180-hanna-20-u\/\" \/>\n<meta property=\"og:site_name\" content=\"Hanna Cosm\u00e9tica\" \/>\n<meta property=\"article:modified_time\" content=\"2025-10-28T16:42:05+00:00\" \/>\n<meta property=\"og:image\" content=\"https:\/\/hannacosmetica.com\/wp-content\/uploads\/2023\/09\/gelatina-de-rosas.pdf-1000-\u00d7-1000-px-54-1520x1520.png\" \/>\n\t<meta property=\"og:image:width\" content=\"1520\" \/>\n\t<meta property=\"og:image:height\" content=\"1520\" \/>\n\t<meta property=\"og:image:type\" content=\"image\/png\" \/>\n<meta name=\"twitter:card\" content=\"summary_large_image\" \/>\n<script type=\"application\/ld+json\" class=\"yoast-schema-graph\">{\"@context\":\"https:\/\/schema.org\",\"@graph\":[{\"@type\":\"WebPage\",\"@id\":\"https:\/\/hannacosmetica.com\/tienda\/hanna-exclusive\/limas\/lima-fina-100-180-hanna-20-u\/\",\"url\":\"https:\/\/hannacosmetica.com\/tienda\/hanna-exclusive\/limas\/lima-fina-100-180-hanna-20-u\/\",\"name\":\"Lima Fina 100\/180 Hanna 20\/u - Hanna Cosm\u00e9tica\",\"isPartOf\":{\"@id\":\"https:\/\/hannacosmetica.com\/#website\"},\"datePublished\":\"2023-09-26T15:23:50+00:00\",\"dateModified\":\"2025-10-28T16:42:05+00:00\",\"breadcrumb\":{\"@id\":\"https:\/\/hannacosmetica.com\/tienda\/hanna-exclusive\/limas\/lima-fina-100-180-hanna-20-u\/#breadcrumb\"},\"inLanguage\":\"fr-FR\",\"potentialAction\":[{\"@type\":\"ReadAction\",\"target\":[\"https:\/\/hannacosmetica.com\/tienda\/hanna-exclusive\/limas\/lima-fina-100-180-hanna-20-u\/\"]}]},{\"@type\":\"BreadcrumbList\",\"@id\":\"https:\/\/hannacosmetica.com\/tienda\/hanna-exclusive\/limas\/lima-fina-100-180-hanna-20-u\/#breadcrumb\",\"itemListElement\":[{\"@type\":\"ListItem\",\"position\":1,\"name\":\"Portada\",\"item\":\"https:\/\/hannacosmetica.com\/\"},{\"@type\":\"ListItem\",\"position\":2,\"name\":\"Tienda\",\"item\":\"https:\/\/hannacosmetica.com\/shop\/\"},{\"@type\":\"ListItem\",\"position\":3,\"name\":\"Lima Fina 100\/180 Hanna 20\/u\"}]},{\"@type\":\"WebSite\",\"@id\":\"https:\/\/hannacosmetica.com\/#website\",\"url\":\"https:\/\/hannacosmetica.com\/\",\"name\":\"Hanna Cosm\u00e9tica\",\"description\":\"Tienda de productos u\u00f1as, bellezas y peluquer\u00edas\",\"publisher\":{\"@id\":\"https:\/\/hannacosmetica.com\/#organization\"},\"potentialAction\":[{\"@type\":\"SearchAction\",\"target\":{\"@type\":\"EntryPoint\",\"urlTemplate\":\"https:\/\/hannacosmetica.com\/?s={search_term_string}\"},\"query-input\":\"required name=search_term_string\"}],\"inLanguage\":\"fr-FR\"},{\"@type\":\"Organization\",\"@id\":\"https:\/\/hannacosmetica.com\/#organization\",\"name\":\"Hanna Cosm\u00e9tica\",\"url\":\"https:\/\/hannacosmetica.com\/\",\"logo\":{\"@type\":\"ImageObject\",\"inLanguage\":\"fr-FR\",\"@id\":\"https:\/\/hannacosmetica.com\/#\/schema\/logo\/image\/\",\"url\":\"https:\/\/hannacosmetica.com\/wp-content\/uploads\/2022\/07\/Logo-Joyeria-Femenino-Floral-Negro.png\",\"contentUrl\":\"https:\/\/hannacosmetica.com\/wp-content\/uploads\/2022\/07\/Logo-Joyeria-Femenino-Floral-Negro.png\",\"width\":361,\"height\":126,\"caption\":\"Hanna Cosm\u00e9tica\"},\"image\":{\"@id\":\"https:\/\/hannacosmetica.com\/#\/schema\/logo\/image\/\"}}]}<\/script>\n<!-- \/ Yoast SEO plugin. -->","yoast_head_json":{"title":"Lima Fina 100\/180 Hanna 20\/u - Hanna Cosm\u00e9tica","robots":{"index":"index","follow":"follow","max-snippet":"max-snippet:-1","max-image-preview":"max-image-preview:large","max-video-preview":"max-video-preview:-1"},"canonical":"https:\/\/hannacosmetica.com\/fr\/tienda\/hanna-exclusive\/limas\/lima-fina-100-180-hanna-20-u\/","og_locale":"fr_FR","og_type":"article","og_title":"Lima Fina 100\/180 Hanna 20\/u - Hanna Cosm\u00e9tica","og_description":"Las limas de u\u00f1as profesionales de tama\u00f1o perfecto de 17,7 x 2 x 0,1 cm de grano 100 son ideales para raspar&hellip;","og_url":"https:\/\/hannacosmetica.com\/fr\/tienda\/hanna-exclusive\/limas\/lima-fina-100-180-hanna-20-u\/","og_site_name":"Hanna Cosm\u00e9tica","article_modified_time":"2025-10-28T16:42:05+00:00","og_image":[{"width":1520,"height":1520,"url":"https:\/\/hannacosmetica.com\/wp-content\/uploads\/2023\/09\/gelatina-de-rosas.pdf-1000-\u00d7-1000-px-54-1520x1520.png","type":"image\/png"}],"twitter_card":"summary_large_image","schema":{"@context":"https:\/\/schema.org","@graph":[{"@type":"WebPage","@id":"https:\/\/hannacosmetica.com\/tienda\/hanna-exclusive\/limas\/lima-fina-100-180-hanna-20-u\/","url":"https:\/\/hannacosmetica.com\/tienda\/hanna-exclusive\/limas\/lima-fina-100-180-hanna-20-u\/","name":"Lima Fina 100\/180 Hanna 20\/u - Hanna Cosm\u00e9tica","isPartOf":{"@id":"https:\/\/hannacosmetica.com\/#website"},"datePublished":"2023-09-26T15:23:50+00:00","dateModified":"2025-10-28T16:42:05+00:00","breadcrumb":{"@id":"https:\/\/hannacosmetica.com\/tienda\/hanna-exclusive\/limas\/lima-fina-100-180-hanna-20-u\/#breadcrumb"},"inLanguage":"fr-FR","potentialAction":[{"@type":"ReadAction","target":["https:\/\/hannacosmetica.com\/tienda\/hanna-exclusive\/limas\/lima-fina-100-180-hanna-20-u\/"]}]},{"@type":"BreadcrumbList","@id":"https:\/\/hannacosmetica.com\/tienda\/hanna-exclusive\/limas\/lima-fina-100-180-hanna-20-u\/#breadcrumb","itemListElement":[{"@type":"ListItem","position":1,"name":"Portada","item":"https:\/\/hannacosmetica.com\/"},{"@type":"ListItem","position":2,"name":"Tienda","item":"https:\/\/hannacosmetica.com\/shop\/"},{"@type":"ListItem","position":3,"name":"Lima Fina 100\/180 Hanna 20\/u"}]},{"@type":"WebSite","@id":"https:\/\/hannacosmetica.com\/#website","url":"https:\/\/hannacosmetica.com\/","name":"Hanna Cosm\u00e9tica","description":"Tienda de productos u\u00f1as, bellezas y peluquer\u00edas","publisher":{"@id":"https:\/\/hannacosmetica.com\/#organization"},"potentialAction":[{"@type":"SearchAction","target":{"@type":"EntryPoint","urlTemplate":"https:\/\/hannacosmetica.com\/?s={search_term_string}"},"query-input":"required name=search_term_string"}],"inLanguage":"fr-FR"},{"@type":"Organization","@id":"https:\/\/hannacosmetica.com\/#organization","name":"Hanna Cosm\u00e9tica","url":"https:\/\/hannacosmetica.com\/","logo":{"@type":"ImageObject","inLanguage":"fr-FR","@id":"https:\/\/hannacosmetica.com\/#\/schema\/logo\/image\/","url":"https:\/\/hannacosmetica.com\/wp-content\/uploads\/2022\/07\/Logo-Joyeria-Femenino-Floral-Negro.png","contentUrl":"https:\/\/hannacosmetica.com\/wp-content\/uploads\/2022\/07\/Logo-Joyeria-Femenino-Floral-Negro.png","width":361,"height":126,"caption":"Hanna Cosm\u00e9tica"},"image":{"@id":"https:\/\/hannacosmetica.com\/#\/schema\/logo\/image\/"}}]}},"_links":{"self":[{"href":"https:\/\/hannacosmetica.com\/fr\/wp-json\/wp\/v2\/product\/14823"}],"collection":[{"href":"https:\/\/hannacosmetica.com\/fr\/wp-json\/wp\/v2\/product"}],"about":[{"href":"https:\/\/hannacosmetica.com\/fr\/wp-json\/wp\/v2\/types\/product"}],"replies":[{"embeddable":true,"href":"https:\/\/hannacosmetica.com\/fr\/wp-json\/wp\/v2\/comments?post=14823"}],"version-history":[{"count":3,"href":"https:\/\/hannacosmetica.com\/fr\/wp-json\/wp\/v2\/product\/14823\/revisions"}],"predecessor-version":[{"id":18160,"href":"https:\/\/hannacosmetica.com\/fr\/wp-json\/wp\/v2\/product\/14823\/revisions\/18160"}],"wp:featuredmedia":[{"embeddable":true,"href":"https:\/\/hannacosmetica.com\/fr\/wp-json\/wp\/v2\/media\/14825"}],"wp:attachment":[{"href":"https:\/\/hannacosmetica.com\/fr\/wp-json\/wp\/v2\/media?parent=14823"}],"wp:term":[{"taxonomy":"product_cat","embeddable":true,"href":"https:\/\/hannacosmetica.com\/fr\/wp-json\/wp\/v2\/product_cat?post=14823"},{"taxonomy":"product_tag","embeddable":true,"href":"https:\/\/hannacosmetica.com\/fr\/wp-json\/wp\/v2\/product_tag?post=14823"}],"curies":[{"name":"wp","href":"https:\/\/api.w.org\/{rel}","templated":true}]}}