{"id":14787,"date":"2023-09-22T16:02:45","date_gmt":"2023-09-22T16:02:45","guid":{"rendered":"https:\/\/hannacosmetica.com\/?post_type=product&#038;p=14787"},"modified":"2024-12-02T16:19:04","modified_gmt":"2024-12-02T16:19:04","slug":"soporte-para-brocas-de-unas-organizador-de-fresas-de-unas-de-25-agujeros","status":"publish","type":"product","link":"https:\/\/hannacosmetica.com\/fr\/tienda\/manicura\/complementos\/soporte-para-brocas-de-unas-organizador-de-fresas-de-unas-de-25-agujeros\/","title":{"rendered":"Soporte para brocas de u\u00f1as, Organizador de fresas de u\u00f1as de 25 agujeros"},"content":{"rendered":"<ul class=\"a-unordered-list a-vertical a-spacing-mini\">\n<li class=\"a-spacing-mini\"><span class=\"a-list-item\">Port\u00e1til y duradero: el tama\u00f1o cuadrado es conveniente para poner en una mochila y llevarlo contigo. Hecho de aleaci\u00f3n de aluminio, es seguro y duradero, y la caja de puntas de u\u00f1as no tiene miedo de romper la broca de u\u00f1as.<\/span><\/li>\n<li class=\"a-spacing-mini\"><span class=\"a-list-item\">Funcionamiento sencillo: solo tienes que insertar el sacapuntas en la base de esponja y organizarlo de acuerdo a tus propios h\u00e1bitos. La hebilla en el exterior de la caja puede bloquear la caja firmemente y la situaci\u00f3n del taladro de u\u00f1as en el interior se puede ver a trav\u00e9s de la parte superior de la caja transparente.<\/span><\/li>\n<li class=\"a-spacing-mini\"><span class=\"a-list-item\">Soporte para brocas de u\u00f1as: la resistente caja de almacenamiento de brocas de u\u00f1as puede proteger bien tus brocas de u\u00f1as y evitar que tus brocas de u\u00f1as se golpeen y se desgasten. No es tan f\u00e1cil de presionar como una caja de almacenamiento convencional.<\/span><\/li>\n<li class=\"a-spacing-mini\"><span class=\"a-list-item\">Capacidad regular: el soporte para brocas de u\u00f1as mide 3.2 x 3.2 x 2.3 pulgadas y tiene un total de 25 agujeros, lo que te permite colocar taladros de u\u00f1as, taladros de tatuaje y otras herramientas de u\u00f1as.<\/span><\/li>\n<li class=\"a-spacing-mini\"><span class=\"a-list-item\">Uso vers\u00e1til: nuestro organizador de brocas de u\u00f1as puede ser utilizado por profesionales de u\u00f1as, salones de u\u00f1as, escuelas y uso personal en casa. Alta calidad y duradero, es una herramienta de manicura vers\u00e1til.<\/span><\/li>\n<\/ul>","protected":false},"excerpt":{"rendered":"<p>Port\u00e1til y duradero: el tama\u00f1o cuadrado es conveniente para poner en una mochila y llevarlo contigo. Hecho de aleaci\u00f3n de aluminio, es&hellip;<\/p>","protected":false},"featured_media":18922,"comment_status":"open","ping_status":"closed","template":"","meta":[],"product_cat":[82,101,87],"product_tag":[],"yoast_head":"<!-- This site is optimized with the Yoast SEO plugin v19.9 - https:\/\/yoast.com\/wordpress\/plugins\/seo\/ -->\n<title>Soporte para brocas de u\u00f1as, Organizador de fresas de u\u00f1as de 25 agujeros - Hanna Cosm\u00e9tica<\/title>\n<meta name=\"robots\" content=\"index, follow, max-snippet:-1, max-image-preview:large, max-video-preview:-1\" \/>\n<link rel=\"canonical\" href=\"https:\/\/hannacosmetica.com\/fr\/tienda\/manicura\/complementos\/soporte-para-brocas-de-unas-organizador-de-fresas-de-unas-de-25-agujeros\/\" \/>\n<meta property=\"og:locale\" content=\"fr_FR\" \/>\n<meta property=\"og:type\" content=\"article\" \/>\n<meta property=\"og:title\" content=\"Soporte para brocas de u\u00f1as, Organizador de fresas de u\u00f1as de 25 agujeros - Hanna Cosm\u00e9tica\" \/>\n<meta property=\"og:description\" content=\"Port\u00e1til y duradero: el tama\u00f1o cuadrado es conveniente para poner en una mochila y llevarlo contigo. Hecho de aleaci\u00f3n de aluminio, es&hellip;\" \/>\n<meta property=\"og:url\" content=\"https:\/\/hannacosmetica.com\/fr\/tienda\/manicura\/complementos\/soporte-para-brocas-de-unas-organizador-de-fresas-de-unas-de-25-agujeros\/\" \/>\n<meta property=\"og:site_name\" content=\"Hanna Cosm\u00e9tica\" \/>\n<meta property=\"article:modified_time\" content=\"2024-12-02T16:19:04+00:00\" \/>\n<meta property=\"og:image\" content=\"https:\/\/hannacosmetica.com\/wp-content\/uploads\/2023\/09\/Sin-titulo-480-x-420-px-40.png\" \/>\n\t<meta property=\"og:image:width\" content=\"1500\" \/>\n\t<meta property=\"og:image:height\" content=\"1313\" \/>\n\t<meta property=\"og:image:type\" content=\"image\/png\" \/>\n<meta name=\"twitter:card\" content=\"summary_large_image\" \/>\n<script type=\"application\/ld+json\" class=\"yoast-schema-graph\">{\"@context\":\"https:\/\/schema.org\",\"@graph\":[{\"@type\":\"WebPage\",\"@id\":\"https:\/\/hannacosmetica.com\/tienda\/manicura\/complementos\/soporte-para-brocas-de-unas-organizador-de-fresas-de-unas-de-25-agujeros\/\",\"url\":\"https:\/\/hannacosmetica.com\/tienda\/manicura\/complementos\/soporte-para-brocas-de-unas-organizador-de-fresas-de-unas-de-25-agujeros\/\",\"name\":\"Soporte para brocas de u\u00f1as, Organizador de fresas de u\u00f1as de 25 agujeros - Hanna Cosm\u00e9tica\",\"isPartOf\":{\"@id\":\"https:\/\/hannacosmetica.com\/#website\"},\"datePublished\":\"2023-09-22T16:02:45+00:00\",\"dateModified\":\"2024-12-02T16:19:04+00:00\",\"breadcrumb\":{\"@id\":\"https:\/\/hannacosmetica.com\/tienda\/manicura\/complementos\/soporte-para-brocas-de-unas-organizador-de-fresas-de-unas-de-25-agujeros\/#breadcrumb\"},\"inLanguage\":\"fr-FR\",\"potentialAction\":[{\"@type\":\"ReadAction\",\"target\":[\"https:\/\/hannacosmetica.com\/tienda\/manicura\/complementos\/soporte-para-brocas-de-unas-organizador-de-fresas-de-unas-de-25-agujeros\/\"]}]},{\"@type\":\"BreadcrumbList\",\"@id\":\"https:\/\/hannacosmetica.com\/tienda\/manicura\/complementos\/soporte-para-brocas-de-unas-organizador-de-fresas-de-unas-de-25-agujeros\/#breadcrumb\",\"itemListElement\":[{\"@type\":\"ListItem\",\"position\":1,\"name\":\"Portada\",\"item\":\"https:\/\/hannacosmetica.com\/\"},{\"@type\":\"ListItem\",\"position\":2,\"name\":\"Tienda\",\"item\":\"https:\/\/hannacosmetica.com\/shop\/\"},{\"@type\":\"ListItem\",\"position\":3,\"name\":\"Soporte para brocas de u\u00f1as, Organizador de fresas de u\u00f1as de 25 agujeros\"}]},{\"@type\":\"WebSite\",\"@id\":\"https:\/\/hannacosmetica.com\/#website\",\"url\":\"https:\/\/hannacosmetica.com\/\",\"name\":\"Hanna Cosm\u00e9tica\",\"description\":\"Tienda de productos u\u00f1as, bellezas y peluquer\u00edas\",\"publisher\":{\"@id\":\"https:\/\/hannacosmetica.com\/#organization\"},\"potentialAction\":[{\"@type\":\"SearchAction\",\"target\":{\"@type\":\"EntryPoint\",\"urlTemplate\":\"https:\/\/hannacosmetica.com\/?s={search_term_string}\"},\"query-input\":\"required name=search_term_string\"}],\"inLanguage\":\"fr-FR\"},{\"@type\":\"Organization\",\"@id\":\"https:\/\/hannacosmetica.com\/#organization\",\"name\":\"Hanna Cosm\u00e9tica\",\"url\":\"https:\/\/hannacosmetica.com\/\",\"logo\":{\"@type\":\"ImageObject\",\"inLanguage\":\"fr-FR\",\"@id\":\"https:\/\/hannacosmetica.com\/#\/schema\/logo\/image\/\",\"url\":\"https:\/\/hannacosmetica.com\/wp-content\/uploads\/2022\/07\/Logo-Joyeria-Femenino-Floral-Negro.png\",\"contentUrl\":\"https:\/\/hannacosmetica.com\/wp-content\/uploads\/2022\/07\/Logo-Joyeria-Femenino-Floral-Negro.png\",\"width\":361,\"height\":126,\"caption\":\"Hanna Cosm\u00e9tica\"},\"image\":{\"@id\":\"https:\/\/hannacosmetica.com\/#\/schema\/logo\/image\/\"}}]}<\/script>\n<!-- \/ Yoast SEO plugin. -->","yoast_head_json":{"title":"Soporte para brocas de u\u00f1as, Organizador de fresas de u\u00f1as de 25 agujeros - Hanna Cosm\u00e9tica","robots":{"index":"index","follow":"follow","max-snippet":"max-snippet:-1","max-image-preview":"max-image-preview:large","max-video-preview":"max-video-preview:-1"},"canonical":"https:\/\/hannacosmetica.com\/fr\/tienda\/manicura\/complementos\/soporte-para-brocas-de-unas-organizador-de-fresas-de-unas-de-25-agujeros\/","og_locale":"fr_FR","og_type":"article","og_title":"Soporte para brocas de u\u00f1as, Organizador de fresas de u\u00f1as de 25 agujeros - Hanna Cosm\u00e9tica","og_description":"Port\u00e1til y duradero: el tama\u00f1o cuadrado es conveniente para poner en una mochila y llevarlo contigo. Hecho de aleaci\u00f3n de aluminio, es&hellip;","og_url":"https:\/\/hannacosmetica.com\/fr\/tienda\/manicura\/complementos\/soporte-para-brocas-de-unas-organizador-de-fresas-de-unas-de-25-agujeros\/","og_site_name":"Hanna Cosm\u00e9tica","article_modified_time":"2024-12-02T16:19:04+00:00","og_image":[{"width":1500,"height":1313,"url":"https:\/\/hannacosmetica.com\/wp-content\/uploads\/2023\/09\/Sin-titulo-480-x-420-px-40.png","type":"image\/png"}],"twitter_card":"summary_large_image","schema":{"@context":"https:\/\/schema.org","@graph":[{"@type":"WebPage","@id":"https:\/\/hannacosmetica.com\/tienda\/manicura\/complementos\/soporte-para-brocas-de-unas-organizador-de-fresas-de-unas-de-25-agujeros\/","url":"https:\/\/hannacosmetica.com\/tienda\/manicura\/complementos\/soporte-para-brocas-de-unas-organizador-de-fresas-de-unas-de-25-agujeros\/","name":"Soporte para brocas de u\u00f1as, Organizador de fresas de u\u00f1as de 25 agujeros - Hanna Cosm\u00e9tica","isPartOf":{"@id":"https:\/\/hannacosmetica.com\/#website"},"datePublished":"2023-09-22T16:02:45+00:00","dateModified":"2024-12-02T16:19:04+00:00","breadcrumb":{"@id":"https:\/\/hannacosmetica.com\/tienda\/manicura\/complementos\/soporte-para-brocas-de-unas-organizador-de-fresas-de-unas-de-25-agujeros\/#breadcrumb"},"inLanguage":"fr-FR","potentialAction":[{"@type":"ReadAction","target":["https:\/\/hannacosmetica.com\/tienda\/manicura\/complementos\/soporte-para-brocas-de-unas-organizador-de-fresas-de-unas-de-25-agujeros\/"]}]},{"@type":"BreadcrumbList","@id":"https:\/\/hannacosmetica.com\/tienda\/manicura\/complementos\/soporte-para-brocas-de-unas-organizador-de-fresas-de-unas-de-25-agujeros\/#breadcrumb","itemListElement":[{"@type":"ListItem","position":1,"name":"Portada","item":"https:\/\/hannacosmetica.com\/"},{"@type":"ListItem","position":2,"name":"Tienda","item":"https:\/\/hannacosmetica.com\/shop\/"},{"@type":"ListItem","position":3,"name":"Soporte para brocas de u\u00f1as, Organizador de fresas de u\u00f1as de 25 agujeros"}]},{"@type":"WebSite","@id":"https:\/\/hannacosmetica.com\/#website","url":"https:\/\/hannacosmetica.com\/","name":"Hanna Cosm\u00e9tica","description":"Tienda de productos u\u00f1as, bellezas y peluquer\u00edas","publisher":{"@id":"https:\/\/hannacosmetica.com\/#organization"},"potentialAction":[{"@type":"SearchAction","target":{"@type":"EntryPoint","urlTemplate":"https:\/\/hannacosmetica.com\/?s={search_term_string}"},"query-input":"required name=search_term_string"}],"inLanguage":"fr-FR"},{"@type":"Organization","@id":"https:\/\/hannacosmetica.com\/#organization","name":"Hanna Cosm\u00e9tica","url":"https:\/\/hannacosmetica.com\/","logo":{"@type":"ImageObject","inLanguage":"fr-FR","@id":"https:\/\/hannacosmetica.com\/#\/schema\/logo\/image\/","url":"https:\/\/hannacosmetica.com\/wp-content\/uploads\/2022\/07\/Logo-Joyeria-Femenino-Floral-Negro.png","contentUrl":"https:\/\/hannacosmetica.com\/wp-content\/uploads\/2022\/07\/Logo-Joyeria-Femenino-Floral-Negro.png","width":361,"height":126,"caption":"Hanna Cosm\u00e9tica"},"image":{"@id":"https:\/\/hannacosmetica.com\/#\/schema\/logo\/image\/"}}]}},"_links":{"self":[{"href":"https:\/\/hannacosmetica.com\/fr\/wp-json\/wp\/v2\/product\/14787"}],"collection":[{"href":"https:\/\/hannacosmetica.com\/fr\/wp-json\/wp\/v2\/product"}],"about":[{"href":"https:\/\/hannacosmetica.com\/fr\/wp-json\/wp\/v2\/types\/product"}],"replies":[{"embeddable":true,"href":"https:\/\/hannacosmetica.com\/fr\/wp-json\/wp\/v2\/comments?post=14787"}],"version-history":[{"count":1,"href":"https:\/\/hannacosmetica.com\/fr\/wp-json\/wp\/v2\/product\/14787\/revisions"}],"predecessor-version":[{"id":14795,"href":"https:\/\/hannacosmetica.com\/fr\/wp-json\/wp\/v2\/product\/14787\/revisions\/14795"}],"wp:featuredmedia":[{"embeddable":true,"href":"https:\/\/hannacosmetica.com\/fr\/wp-json\/wp\/v2\/media\/18922"}],"wp:attachment":[{"href":"https:\/\/hannacosmetica.com\/fr\/wp-json\/wp\/v2\/media?parent=14787"}],"wp:term":[{"taxonomy":"product_cat","embeddable":true,"href":"https:\/\/hannacosmetica.com\/fr\/wp-json\/wp\/v2\/product_cat?post=14787"},{"taxonomy":"product_tag","embeddable":true,"href":"https:\/\/hannacosmetica.com\/fr\/wp-json\/wp\/v2\/product_tag?post=14787"}],"curies":[{"name":"wp","href":"https:\/\/api.w.org\/{rel}","templated":true}]}}