{"id":14781,"date":"2023-09-22T15:09:33","date_gmt":"2023-09-22T15:09:33","guid":{"rendered":"https:\/\/hannacosmetica.com\/?post_type=product&#038;p=14781"},"modified":"2026-01-16T17:11:52","modified_gmt":"2026-01-16T17:11:52","slug":"sombras-de-degradado-para-unas-polvo-de-degradado","status":"publish","type":"product","link":"https:\/\/hannacosmetica.com\/fr\/tienda\/manicura\/complementos\/sombras-de-degradado-para-unas-polvo-de-degradado\/","title":{"rendered":"Sombras de degradado para u\u00f1as\/ polvo de degradado"},"content":{"rendered":"<ul class=\"a-unordered-list a-vertical a-spacing-mini\">\n<li class=\"a-spacing-mini\"><span class=\"a-list-item\">El paquete incluye: 1 paleta con 16 colores de polvo de u\u00f1as degradado y 8 pinceles de aplicaci\u00f3n\u00a0<\/span><\/li>\n<li class=\"a-spacing-mini\"><span class=\"a-list-item\">F\u00e1cil de usar: el polvo de u\u00f1as debe utilizarse con esmalte de u\u00f1as de gel. Tambi\u00e9n se puede utilizar un poco de esmalte regular. Nuestros polvos de u\u00f1as se pueden utilizar u\u00f1as de gel UV, u\u00f1as acr\u00edlicas o puntas de u\u00f1as postizas.<\/span><\/li>\n<li class=\"a-spacing-mini\"><span class=\"a-list-item\">polvos muy finos, por lo que solo necesitamos aplicar una peque\u00f1a cantidad para terminar cada u\u00f1a.<\/span><\/li>\n<li class=\"a-spacing-mini\"><span class=\"a-list-item\">Polvo de purpurina para u\u00f1as espejadas: el polvo de u\u00f1as degradado har\u00e1 que tu arte de u\u00f1as sea m\u00e1s hermoso y atractivo en ocasiones especiales espec\u00edficamente bajo luz fuerte.<\/span><\/li>\n<\/ul>","protected":false},"excerpt":{"rendered":"<p>El paquete incluye: 1 paleta con 16 colores de polvo de u\u00f1as degradado y 8 pinceles de aplicaci\u00f3n\u00a0 F\u00e1cil de usar: el&hellip;<\/p>","protected":false},"featured_media":14783,"comment_status":"open","ping_status":"closed","template":"","meta":[],"product_cat":[82,101,87],"product_tag":[],"yoast_head":"<!-- This site is optimized with the Yoast SEO plugin v19.9 - https:\/\/yoast.com\/wordpress\/plugins\/seo\/ -->\n<title>Sombras de degradado para u\u00f1as\/ polvo de degradado - Hanna Cosm\u00e9tica<\/title>\n<meta name=\"robots\" content=\"index, follow, max-snippet:-1, max-image-preview:large, max-video-preview:-1\" \/>\n<link rel=\"canonical\" href=\"https:\/\/hannacosmetica.com\/fr\/tienda\/manicura\/complementos\/sombras-de-degradado-para-unas-polvo-de-degradado\/\" \/>\n<meta property=\"og:locale\" content=\"fr_FR\" \/>\n<meta property=\"og:type\" content=\"article\" \/>\n<meta property=\"og:title\" content=\"Sombras de degradado para u\u00f1as\/ polvo de degradado - Hanna Cosm\u00e9tica\" \/>\n<meta property=\"og:description\" content=\"El paquete incluye: 1 paleta con 16 colores de polvo de u\u00f1as degradado y 8 pinceles de aplicaci\u00f3n\u00a0 F\u00e1cil de usar: el&hellip;\" \/>\n<meta property=\"og:url\" content=\"https:\/\/hannacosmetica.com\/fr\/tienda\/manicura\/complementos\/sombras-de-degradado-para-unas-polvo-de-degradado\/\" \/>\n<meta property=\"og:site_name\" content=\"Hanna Cosm\u00e9tica\" \/>\n<meta property=\"article:modified_time\" content=\"2026-01-16T17:11:52+00:00\" \/>\n<meta property=\"og:image\" content=\"https:\/\/hannacosmetica.com\/wp-content\/uploads\/2023\/09\/gelatina-de-rosas.pdf-1000-\u00d7-1000-px-32-1520x1520.png\" \/>\n\t<meta property=\"og:image:width\" content=\"1520\" \/>\n\t<meta property=\"og:image:height\" content=\"1520\" \/>\n\t<meta property=\"og:image:type\" content=\"image\/png\" \/>\n<meta name=\"twitter:card\" content=\"summary_large_image\" \/>\n<script type=\"application\/ld+json\" class=\"yoast-schema-graph\">{\"@context\":\"https:\/\/schema.org\",\"@graph\":[{\"@type\":\"WebPage\",\"@id\":\"https:\/\/hannacosmetica.com\/tienda\/manicura\/complementos\/sombras-de-degradado-para-unas-polvo-de-degradado\/\",\"url\":\"https:\/\/hannacosmetica.com\/tienda\/manicura\/complementos\/sombras-de-degradado-para-unas-polvo-de-degradado\/\",\"name\":\"Sombras de degradado para u\u00f1as\/ polvo de degradado - Hanna Cosm\u00e9tica\",\"isPartOf\":{\"@id\":\"https:\/\/hannacosmetica.com\/#website\"},\"datePublished\":\"2023-09-22T15:09:33+00:00\",\"dateModified\":\"2026-01-16T17:11:52+00:00\",\"breadcrumb\":{\"@id\":\"https:\/\/hannacosmetica.com\/tienda\/manicura\/complementos\/sombras-de-degradado-para-unas-polvo-de-degradado\/#breadcrumb\"},\"inLanguage\":\"fr-FR\",\"potentialAction\":[{\"@type\":\"ReadAction\",\"target\":[\"https:\/\/hannacosmetica.com\/tienda\/manicura\/complementos\/sombras-de-degradado-para-unas-polvo-de-degradado\/\"]}]},{\"@type\":\"BreadcrumbList\",\"@id\":\"https:\/\/hannacosmetica.com\/tienda\/manicura\/complementos\/sombras-de-degradado-para-unas-polvo-de-degradado\/#breadcrumb\",\"itemListElement\":[{\"@type\":\"ListItem\",\"position\":1,\"name\":\"Portada\",\"item\":\"https:\/\/hannacosmetica.com\/\"},{\"@type\":\"ListItem\",\"position\":2,\"name\":\"Tienda\",\"item\":\"https:\/\/hannacosmetica.com\/shop\/\"},{\"@type\":\"ListItem\",\"position\":3,\"name\":\"Sombras de degradado para u\u00f1as\/ polvo de degradado\"}]},{\"@type\":\"WebSite\",\"@id\":\"https:\/\/hannacosmetica.com\/#website\",\"url\":\"https:\/\/hannacosmetica.com\/\",\"name\":\"Hanna Cosm\u00e9tica\",\"description\":\"Tienda de productos u\u00f1as, bellezas y peluquer\u00edas\",\"publisher\":{\"@id\":\"https:\/\/hannacosmetica.com\/#organization\"},\"potentialAction\":[{\"@type\":\"SearchAction\",\"target\":{\"@type\":\"EntryPoint\",\"urlTemplate\":\"https:\/\/hannacosmetica.com\/?s={search_term_string}\"},\"query-input\":\"required name=search_term_string\"}],\"inLanguage\":\"fr-FR\"},{\"@type\":\"Organization\",\"@id\":\"https:\/\/hannacosmetica.com\/#organization\",\"name\":\"Hanna Cosm\u00e9tica\",\"url\":\"https:\/\/hannacosmetica.com\/\",\"logo\":{\"@type\":\"ImageObject\",\"inLanguage\":\"fr-FR\",\"@id\":\"https:\/\/hannacosmetica.com\/#\/schema\/logo\/image\/\",\"url\":\"https:\/\/hannacosmetica.com\/wp-content\/uploads\/2022\/07\/Logo-Joyeria-Femenino-Floral-Negro.png\",\"contentUrl\":\"https:\/\/hannacosmetica.com\/wp-content\/uploads\/2022\/07\/Logo-Joyeria-Femenino-Floral-Negro.png\",\"width\":361,\"height\":126,\"caption\":\"Hanna Cosm\u00e9tica\"},\"image\":{\"@id\":\"https:\/\/hannacosmetica.com\/#\/schema\/logo\/image\/\"}}]}<\/script>\n<!-- \/ Yoast SEO plugin. -->","yoast_head_json":{"title":"Sombras de degradado para u\u00f1as\/ polvo de degradado - Hanna Cosm\u00e9tica","robots":{"index":"index","follow":"follow","max-snippet":"max-snippet:-1","max-image-preview":"max-image-preview:large","max-video-preview":"max-video-preview:-1"},"canonical":"https:\/\/hannacosmetica.com\/fr\/tienda\/manicura\/complementos\/sombras-de-degradado-para-unas-polvo-de-degradado\/","og_locale":"fr_FR","og_type":"article","og_title":"Sombras de degradado para u\u00f1as\/ polvo de degradado - Hanna Cosm\u00e9tica","og_description":"El paquete incluye: 1 paleta con 16 colores de polvo de u\u00f1as degradado y 8 pinceles de aplicaci\u00f3n\u00a0 F\u00e1cil de usar: el&hellip;","og_url":"https:\/\/hannacosmetica.com\/fr\/tienda\/manicura\/complementos\/sombras-de-degradado-para-unas-polvo-de-degradado\/","og_site_name":"Hanna Cosm\u00e9tica","article_modified_time":"2026-01-16T17:11:52+00:00","og_image":[{"width":1520,"height":1520,"url":"https:\/\/hannacosmetica.com\/wp-content\/uploads\/2023\/09\/gelatina-de-rosas.pdf-1000-\u00d7-1000-px-32-1520x1520.png","type":"image\/png"}],"twitter_card":"summary_large_image","schema":{"@context":"https:\/\/schema.org","@graph":[{"@type":"WebPage","@id":"https:\/\/hannacosmetica.com\/tienda\/manicura\/complementos\/sombras-de-degradado-para-unas-polvo-de-degradado\/","url":"https:\/\/hannacosmetica.com\/tienda\/manicura\/complementos\/sombras-de-degradado-para-unas-polvo-de-degradado\/","name":"Sombras de degradado para u\u00f1as\/ polvo de degradado - Hanna Cosm\u00e9tica","isPartOf":{"@id":"https:\/\/hannacosmetica.com\/#website"},"datePublished":"2023-09-22T15:09:33+00:00","dateModified":"2026-01-16T17:11:52+00:00","breadcrumb":{"@id":"https:\/\/hannacosmetica.com\/tienda\/manicura\/complementos\/sombras-de-degradado-para-unas-polvo-de-degradado\/#breadcrumb"},"inLanguage":"fr-FR","potentialAction":[{"@type":"ReadAction","target":["https:\/\/hannacosmetica.com\/tienda\/manicura\/complementos\/sombras-de-degradado-para-unas-polvo-de-degradado\/"]}]},{"@type":"BreadcrumbList","@id":"https:\/\/hannacosmetica.com\/tienda\/manicura\/complementos\/sombras-de-degradado-para-unas-polvo-de-degradado\/#breadcrumb","itemListElement":[{"@type":"ListItem","position":1,"name":"Portada","item":"https:\/\/hannacosmetica.com\/"},{"@type":"ListItem","position":2,"name":"Tienda","item":"https:\/\/hannacosmetica.com\/shop\/"},{"@type":"ListItem","position":3,"name":"Sombras de degradado para u\u00f1as\/ polvo de degradado"}]},{"@type":"WebSite","@id":"https:\/\/hannacosmetica.com\/#website","url":"https:\/\/hannacosmetica.com\/","name":"Hanna Cosm\u00e9tica","description":"Tienda de productos u\u00f1as, bellezas y peluquer\u00edas","publisher":{"@id":"https:\/\/hannacosmetica.com\/#organization"},"potentialAction":[{"@type":"SearchAction","target":{"@type":"EntryPoint","urlTemplate":"https:\/\/hannacosmetica.com\/?s={search_term_string}"},"query-input":"required name=search_term_string"}],"inLanguage":"fr-FR"},{"@type":"Organization","@id":"https:\/\/hannacosmetica.com\/#organization","name":"Hanna Cosm\u00e9tica","url":"https:\/\/hannacosmetica.com\/","logo":{"@type":"ImageObject","inLanguage":"fr-FR","@id":"https:\/\/hannacosmetica.com\/#\/schema\/logo\/image\/","url":"https:\/\/hannacosmetica.com\/wp-content\/uploads\/2022\/07\/Logo-Joyeria-Femenino-Floral-Negro.png","contentUrl":"https:\/\/hannacosmetica.com\/wp-content\/uploads\/2022\/07\/Logo-Joyeria-Femenino-Floral-Negro.png","width":361,"height":126,"caption":"Hanna Cosm\u00e9tica"},"image":{"@id":"https:\/\/hannacosmetica.com\/#\/schema\/logo\/image\/"}}]}},"_links":{"self":[{"href":"https:\/\/hannacosmetica.com\/fr\/wp-json\/wp\/v2\/product\/14781"}],"collection":[{"href":"https:\/\/hannacosmetica.com\/fr\/wp-json\/wp\/v2\/product"}],"about":[{"href":"https:\/\/hannacosmetica.com\/fr\/wp-json\/wp\/v2\/types\/product"}],"replies":[{"embeddable":true,"href":"https:\/\/hannacosmetica.com\/fr\/wp-json\/wp\/v2\/comments?post=14781"}],"version-history":[{"count":1,"href":"https:\/\/hannacosmetica.com\/fr\/wp-json\/wp\/v2\/product\/14781\/revisions"}],"predecessor-version":[{"id":14786,"href":"https:\/\/hannacosmetica.com\/fr\/wp-json\/wp\/v2\/product\/14781\/revisions\/14786"}],"wp:featuredmedia":[{"embeddable":true,"href":"https:\/\/hannacosmetica.com\/fr\/wp-json\/wp\/v2\/media\/14783"}],"wp:attachment":[{"href":"https:\/\/hannacosmetica.com\/fr\/wp-json\/wp\/v2\/media?parent=14781"}],"wp:term":[{"taxonomy":"product_cat","embeddable":true,"href":"https:\/\/hannacosmetica.com\/fr\/wp-json\/wp\/v2\/product_cat?post=14781"},{"taxonomy":"product_tag","embeddable":true,"href":"https:\/\/hannacosmetica.com\/fr\/wp-json\/wp\/v2\/product_tag?post=14781"}],"curies":[{"name":"wp","href":"https:\/\/api.w.org\/{rel}","templated":true}]}}