{"id":14723,"date":"2023-09-21T15:54:34","date_gmt":"2023-09-21T15:54:34","guid":{"rendered":"https:\/\/hannacosmetica.com\/?post_type=product&#038;p=14723"},"modified":"2025-08-06T09:34:44","modified_gmt":"2025-08-06T09:34:44","slug":"molde-de-unas-ha-003-300-pcs-guias-para-extension-de-unas","status":"publish","type":"product","link":"https:\/\/hannacosmetica.com\/fr\/tienda\/hanna-exclusive\/moldes-hanna\/molde-de-unas-ha-003-300-pcs-guias-para-extension-de-unas\/","title":{"rendered":"Molde de U\u00f1as HA 300 pcs\/ Gu\u00edas para Extensi\u00f3n de U\u00f1as"},"content":{"rendered":"<ul class=\"a-unordered-list a-vertical a-spacing-mini\">\n<li class=\"a-spacing-mini\"><span class=\"a-list-item\">Contenidos del paquete: 300 pcs Pegatinas Molde para Alargado de U\u00f1as de Estilo Franc\u00e9s,cantidad suficiente para satisfacer sus necesidades diarias de decoraci\u00f3n.<\/span><\/li>\n<li class=\"a-spacing-mini\"><span class=\"a-list-item\">Gu\u00eda precisa: cada forma de u\u00f1as protectora de gel de acr\u00edlico UV contiene una l\u00ednea de marca clara, proporciona una gu\u00eda precisa para que pueda hacer u\u00f1as exquisitas y finas.<\/span><\/li>\n<li class=\"a-spacing-mini\"><span class=\"a-list-item\">Autoadhesivo y f\u00e1cil de aplicar: las etiquetas adhesivas de forma de u\u00f1as son f\u00e1ciles de decorar, solo aplique una punta de extensi\u00f3n de u\u00f1as de 1 pieza para envolverlas.<\/span><\/li>\n<li class=\"a-spacing-mini\"><span class=\"a-list-item\">Amplia aplicaci\u00f3n: la gu\u00eda de forma de u\u00f1as es ideal para uso profesional en salones o para principiantes, con las puntas de extensi\u00f3n de u\u00f1as, puede hacer hermosas u\u00f1as de arte. Tambi\u00e9n un buen regalo para cumplea\u00f1os y vacaciones.<\/span><\/li>\n<\/ul>","protected":false},"excerpt":{"rendered":"<p>Contenidos del paquete: 300 pcs Pegatinas Molde para Alargado de U\u00f1as de Estilo Franc\u00e9s,cantidad suficiente para satisfacer sus necesidades diarias de decoraci\u00f3n.&hellip;<\/p>","protected":false},"featured_media":14724,"comment_status":"open","ping_status":"closed","template":"","meta":[],"product_cat":[304,309,82,93,87],"product_tag":[],"yoast_head":"<!-- This site is optimized with the Yoast SEO plugin v19.9 - https:\/\/yoast.com\/wordpress\/plugins\/seo\/ -->\n<title>Molde de U\u00f1as HA 300 pcs\/ Gu\u00edas para Extensi\u00f3n de U\u00f1as - Hanna Cosm\u00e9tica<\/title>\n<meta name=\"robots\" content=\"index, follow, max-snippet:-1, max-image-preview:large, max-video-preview:-1\" \/>\n<link rel=\"canonical\" href=\"https:\/\/hannacosmetica.com\/fr\/tienda\/hanna-exclusive\/moldes-hanna\/molde-de-unas-ha-003-300-pcs-guias-para-extension-de-unas\/\" \/>\n<meta property=\"og:locale\" content=\"fr_FR\" \/>\n<meta property=\"og:type\" content=\"article\" \/>\n<meta property=\"og:title\" content=\"Molde de U\u00f1as HA 300 pcs\/ Gu\u00edas para Extensi\u00f3n de U\u00f1as - Hanna Cosm\u00e9tica\" \/>\n<meta property=\"og:description\" content=\"Contenidos del paquete: 300 pcs Pegatinas Molde para Alargado de U\u00f1as de Estilo Franc\u00e9s,cantidad suficiente para satisfacer sus necesidades diarias de decoraci\u00f3n.&hellip;\" \/>\n<meta property=\"og:url\" content=\"https:\/\/hannacosmetica.com\/fr\/tienda\/hanna-exclusive\/moldes-hanna\/molde-de-unas-ha-003-300-pcs-guias-para-extension-de-unas\/\" \/>\n<meta property=\"og:site_name\" content=\"Hanna Cosm\u00e9tica\" \/>\n<meta property=\"article:modified_time\" content=\"2025-08-06T09:34:44+00:00\" \/>\n<meta property=\"og:image\" content=\"https:\/\/hannacosmetica.com\/wp-content\/uploads\/2023\/09\/gelatina-de-rosas.pdf-1000-\u00d7-1000-px-3-1520x1520.png\" \/>\n\t<meta property=\"og:image:width\" content=\"1520\" \/>\n\t<meta property=\"og:image:height\" content=\"1520\" \/>\n\t<meta property=\"og:image:type\" content=\"image\/png\" \/>\n<meta name=\"twitter:card\" content=\"summary_large_image\" \/>\n<script type=\"application\/ld+json\" class=\"yoast-schema-graph\">{\"@context\":\"https:\/\/schema.org\",\"@graph\":[{\"@type\":\"WebPage\",\"@id\":\"https:\/\/hannacosmetica.com\/tienda\/hanna-exclusive\/moldes-hanna\/molde-de-unas-ha-003-300-pcs-guias-para-extension-de-unas\/\",\"url\":\"https:\/\/hannacosmetica.com\/tienda\/hanna-exclusive\/moldes-hanna\/molde-de-unas-ha-003-300-pcs-guias-para-extension-de-unas\/\",\"name\":\"Molde de U\u00f1as HA 300 pcs\/ Gu\u00edas para Extensi\u00f3n de U\u00f1as - Hanna Cosm\u00e9tica\",\"isPartOf\":{\"@id\":\"https:\/\/hannacosmetica.com\/#website\"},\"datePublished\":\"2023-09-21T15:54:34+00:00\",\"dateModified\":\"2025-08-06T09:34:44+00:00\",\"breadcrumb\":{\"@id\":\"https:\/\/hannacosmetica.com\/tienda\/hanna-exclusive\/moldes-hanna\/molde-de-unas-ha-003-300-pcs-guias-para-extension-de-unas\/#breadcrumb\"},\"inLanguage\":\"fr-FR\",\"potentialAction\":[{\"@type\":\"ReadAction\",\"target\":[\"https:\/\/hannacosmetica.com\/tienda\/hanna-exclusive\/moldes-hanna\/molde-de-unas-ha-003-300-pcs-guias-para-extension-de-unas\/\"]}]},{\"@type\":\"BreadcrumbList\",\"@id\":\"https:\/\/hannacosmetica.com\/tienda\/hanna-exclusive\/moldes-hanna\/molde-de-unas-ha-003-300-pcs-guias-para-extension-de-unas\/#breadcrumb\",\"itemListElement\":[{\"@type\":\"ListItem\",\"position\":1,\"name\":\"Portada\",\"item\":\"https:\/\/hannacosmetica.com\/\"},{\"@type\":\"ListItem\",\"position\":2,\"name\":\"Tienda\",\"item\":\"https:\/\/hannacosmetica.com\/shop\/\"},{\"@type\":\"ListItem\",\"position\":3,\"name\":\"Molde de U\u00f1as HA 300 pcs\/ Gu\u00edas para Extensi\u00f3n de U\u00f1as\"}]},{\"@type\":\"WebSite\",\"@id\":\"https:\/\/hannacosmetica.com\/#website\",\"url\":\"https:\/\/hannacosmetica.com\/\",\"name\":\"Hanna Cosm\u00e9tica\",\"description\":\"Tienda de productos u\u00f1as, bellezas y peluquer\u00edas\",\"publisher\":{\"@id\":\"https:\/\/hannacosmetica.com\/#organization\"},\"potentialAction\":[{\"@type\":\"SearchAction\",\"target\":{\"@type\":\"EntryPoint\",\"urlTemplate\":\"https:\/\/hannacosmetica.com\/?s={search_term_string}\"},\"query-input\":\"required name=search_term_string\"}],\"inLanguage\":\"fr-FR\"},{\"@type\":\"Organization\",\"@id\":\"https:\/\/hannacosmetica.com\/#organization\",\"name\":\"Hanna Cosm\u00e9tica\",\"url\":\"https:\/\/hannacosmetica.com\/\",\"logo\":{\"@type\":\"ImageObject\",\"inLanguage\":\"fr-FR\",\"@id\":\"https:\/\/hannacosmetica.com\/#\/schema\/logo\/image\/\",\"url\":\"https:\/\/hannacosmetica.com\/wp-content\/uploads\/2022\/07\/Logo-Joyeria-Femenino-Floral-Negro.png\",\"contentUrl\":\"https:\/\/hannacosmetica.com\/wp-content\/uploads\/2022\/07\/Logo-Joyeria-Femenino-Floral-Negro.png\",\"width\":361,\"height\":126,\"caption\":\"Hanna Cosm\u00e9tica\"},\"image\":{\"@id\":\"https:\/\/hannacosmetica.com\/#\/schema\/logo\/image\/\"}}]}<\/script>\n<!-- \/ Yoast SEO plugin. -->","yoast_head_json":{"title":"Molde de U\u00f1as HA 300 pcs\/ Gu\u00edas para Extensi\u00f3n de U\u00f1as - Hanna Cosm\u00e9tica","robots":{"index":"index","follow":"follow","max-snippet":"max-snippet:-1","max-image-preview":"max-image-preview:large","max-video-preview":"max-video-preview:-1"},"canonical":"https:\/\/hannacosmetica.com\/fr\/tienda\/hanna-exclusive\/moldes-hanna\/molde-de-unas-ha-003-300-pcs-guias-para-extension-de-unas\/","og_locale":"fr_FR","og_type":"article","og_title":"Molde de U\u00f1as HA 300 pcs\/ Gu\u00edas para Extensi\u00f3n de U\u00f1as - Hanna Cosm\u00e9tica","og_description":"Contenidos del paquete: 300 pcs Pegatinas Molde para Alargado de U\u00f1as de Estilo Franc\u00e9s,cantidad suficiente para satisfacer sus necesidades diarias de decoraci\u00f3n.&hellip;","og_url":"https:\/\/hannacosmetica.com\/fr\/tienda\/hanna-exclusive\/moldes-hanna\/molde-de-unas-ha-003-300-pcs-guias-para-extension-de-unas\/","og_site_name":"Hanna Cosm\u00e9tica","article_modified_time":"2025-08-06T09:34:44+00:00","og_image":[{"width":1520,"height":1520,"url":"https:\/\/hannacosmetica.com\/wp-content\/uploads\/2023\/09\/gelatina-de-rosas.pdf-1000-\u00d7-1000-px-3-1520x1520.png","type":"image\/png"}],"twitter_card":"summary_large_image","schema":{"@context":"https:\/\/schema.org","@graph":[{"@type":"WebPage","@id":"https:\/\/hannacosmetica.com\/tienda\/hanna-exclusive\/moldes-hanna\/molde-de-unas-ha-003-300-pcs-guias-para-extension-de-unas\/","url":"https:\/\/hannacosmetica.com\/tienda\/hanna-exclusive\/moldes-hanna\/molde-de-unas-ha-003-300-pcs-guias-para-extension-de-unas\/","name":"Molde de U\u00f1as HA 300 pcs\/ Gu\u00edas para Extensi\u00f3n de U\u00f1as - Hanna Cosm\u00e9tica","isPartOf":{"@id":"https:\/\/hannacosmetica.com\/#website"},"datePublished":"2023-09-21T15:54:34+00:00","dateModified":"2025-08-06T09:34:44+00:00","breadcrumb":{"@id":"https:\/\/hannacosmetica.com\/tienda\/hanna-exclusive\/moldes-hanna\/molde-de-unas-ha-003-300-pcs-guias-para-extension-de-unas\/#breadcrumb"},"inLanguage":"fr-FR","potentialAction":[{"@type":"ReadAction","target":["https:\/\/hannacosmetica.com\/tienda\/hanna-exclusive\/moldes-hanna\/molde-de-unas-ha-003-300-pcs-guias-para-extension-de-unas\/"]}]},{"@type":"BreadcrumbList","@id":"https:\/\/hannacosmetica.com\/tienda\/hanna-exclusive\/moldes-hanna\/molde-de-unas-ha-003-300-pcs-guias-para-extension-de-unas\/#breadcrumb","itemListElement":[{"@type":"ListItem","position":1,"name":"Portada","item":"https:\/\/hannacosmetica.com\/"},{"@type":"ListItem","position":2,"name":"Tienda","item":"https:\/\/hannacosmetica.com\/shop\/"},{"@type":"ListItem","position":3,"name":"Molde de U\u00f1as HA 300 pcs\/ Gu\u00edas para Extensi\u00f3n de U\u00f1as"}]},{"@type":"WebSite","@id":"https:\/\/hannacosmetica.com\/#website","url":"https:\/\/hannacosmetica.com\/","name":"Hanna Cosm\u00e9tica","description":"Tienda de productos u\u00f1as, bellezas y peluquer\u00edas","publisher":{"@id":"https:\/\/hannacosmetica.com\/#organization"},"potentialAction":[{"@type":"SearchAction","target":{"@type":"EntryPoint","urlTemplate":"https:\/\/hannacosmetica.com\/?s={search_term_string}"},"query-input":"required name=search_term_string"}],"inLanguage":"fr-FR"},{"@type":"Organization","@id":"https:\/\/hannacosmetica.com\/#organization","name":"Hanna Cosm\u00e9tica","url":"https:\/\/hannacosmetica.com\/","logo":{"@type":"ImageObject","inLanguage":"fr-FR","@id":"https:\/\/hannacosmetica.com\/#\/schema\/logo\/image\/","url":"https:\/\/hannacosmetica.com\/wp-content\/uploads\/2022\/07\/Logo-Joyeria-Femenino-Floral-Negro.png","contentUrl":"https:\/\/hannacosmetica.com\/wp-content\/uploads\/2022\/07\/Logo-Joyeria-Femenino-Floral-Negro.png","width":361,"height":126,"caption":"Hanna Cosm\u00e9tica"},"image":{"@id":"https:\/\/hannacosmetica.com\/#\/schema\/logo\/image\/"}}]}},"_links":{"self":[{"href":"https:\/\/hannacosmetica.com\/fr\/wp-json\/wp\/v2\/product\/14723"}],"collection":[{"href":"https:\/\/hannacosmetica.com\/fr\/wp-json\/wp\/v2\/product"}],"about":[{"href":"https:\/\/hannacosmetica.com\/fr\/wp-json\/wp\/v2\/types\/product"}],"replies":[{"embeddable":true,"href":"https:\/\/hannacosmetica.com\/fr\/wp-json\/wp\/v2\/comments?post=14723"}],"version-history":[{"count":4,"href":"https:\/\/hannacosmetica.com\/fr\/wp-json\/wp\/v2\/product\/14723\/revisions"}],"predecessor-version":[{"id":21024,"href":"https:\/\/hannacosmetica.com\/fr\/wp-json\/wp\/v2\/product\/14723\/revisions\/21024"}],"wp:featuredmedia":[{"embeddable":true,"href":"https:\/\/hannacosmetica.com\/fr\/wp-json\/wp\/v2\/media\/14724"}],"wp:attachment":[{"href":"https:\/\/hannacosmetica.com\/fr\/wp-json\/wp\/v2\/media?parent=14723"}],"wp:term":[{"taxonomy":"product_cat","embeddable":true,"href":"https:\/\/hannacosmetica.com\/fr\/wp-json\/wp\/v2\/product_cat?post=14723"},{"taxonomy":"product_tag","embeddable":true,"href":"https:\/\/hannacosmetica.com\/fr\/wp-json\/wp\/v2\/product_tag?post=14723"}],"curies":[{"name":"wp","href":"https:\/\/api.w.org\/{rel}","templated":true}]}}