{"id":14515,"date":"2023-08-24T10:21:31","date_gmt":"2023-08-24T10:21:31","guid":{"rendered":"https:\/\/hannacosmetica.com\/?post_type=product&#038;p=14515"},"modified":"2025-03-03T17:22:26","modified_gmt":"2025-03-03T17:22:26","slug":"fresa-de-diamante-manicura-rusa-broca-para-torno-de-unas-3","status":"publish","type":"product","link":"https:\/\/hannacosmetica.com\/fr\/tienda\/manicura\/fresas\/fresa-de-diamante-manicura-rusa-broca-para-torno-de-unas-3\/","title":{"rendered":"Fresa de Diamante Manicura Rusa \/ broca para torno de u\u00f1as"},"content":{"rendered":"<ul class=\"a-unordered-list a-vertical a-spacing-mini\">\n<li class=\"a-spacing-mini\"><span class=\"a-list-item\">Fresa de cabezal de 13x2mm de alta calidad de limado para uso profesional o uso en el hogar.<\/span><\/li>\n<li class=\"a-spacing-mini\"><span class=\"a-list-item\">Ideal para retirar f\u00e1cil y r\u00e1pidamente esmaltes semipermanentes y u\u00f1as de acr\u00edlico y gel.<\/span><\/li>\n<li class=\"a-spacing-mini\"><span class=\"a-list-item\">Excelente durabilidad y rendimiento de limado. Se ajusta a todos los tornos. F\u00e1cil de limpiar.<\/span><\/li>\n<li class=\"a-spacing-mini\"><span class=\"a-list-item\">Con caja de almacenamiento para mantenerla est\u00e9ril y facilitar su identificaci\u00f3n.<\/span><\/li>\n<\/ul>","protected":false},"excerpt":{"rendered":"<p>Fresa de cabezal de 13x2mm de alta calidad de limado para uso profesional o uso en el hogar. Ideal para retirar f\u00e1cil&hellip;<\/p>","protected":false},"featured_media":14510,"comment_status":"open","ping_status":"closed","template":"","meta":[],"product_cat":[82,100,87],"product_tag":[],"yoast_head":"<!-- This site is optimized with the Yoast SEO plugin v19.9 - https:\/\/yoast.com\/wordpress\/plugins\/seo\/ -->\n<title>Fresa de Diamante Manicura Rusa \/ broca para torno de u\u00f1as - Hanna Cosm\u00e9tica<\/title>\n<meta name=\"robots\" content=\"index, follow, max-snippet:-1, max-image-preview:large, max-video-preview:-1\" \/>\n<link rel=\"canonical\" href=\"https:\/\/hannacosmetica.com\/fr\/tienda\/manicura\/fresas\/fresa-de-diamante-manicura-rusa-broca-para-torno-de-unas-3\/\" \/>\n<meta property=\"og:locale\" content=\"fr_FR\" \/>\n<meta property=\"og:type\" content=\"article\" \/>\n<meta property=\"og:title\" content=\"Fresa de Diamante Manicura Rusa \/ broca para torno de u\u00f1as - Hanna Cosm\u00e9tica\" \/>\n<meta property=\"og:description\" content=\"Fresa de cabezal de 13x2mm de alta calidad de limado para uso profesional o uso en el hogar. Ideal para retirar f\u00e1cil&hellip;\" \/>\n<meta property=\"og:url\" content=\"https:\/\/hannacosmetica.com\/fr\/tienda\/manicura\/fresas\/fresa-de-diamante-manicura-rusa-broca-para-torno-de-unas-3\/\" \/>\n<meta property=\"og:site_name\" content=\"Hanna Cosm\u00e9tica\" \/>\n<meta property=\"article:modified_time\" content=\"2025-03-03T17:22:26+00:00\" \/>\n<meta property=\"og:image\" content=\"https:\/\/hannacosmetica.com\/wp-content\/uploads\/2023\/08\/Woman-Manicure-Bright-Nail-Salon-Business-Card-2-\u00d7-2-in-1.7-\u00d7-1.7-in-62.png\" \/>\n\t<meta property=\"og:image:width\" content=\"1594\" \/>\n\t<meta property=\"og:image:height\" content=\"1594\" \/>\n\t<meta property=\"og:image:type\" content=\"image\/png\" \/>\n<meta name=\"twitter:card\" content=\"summary_large_image\" \/>\n<script type=\"application\/ld+json\" class=\"yoast-schema-graph\">{\"@context\":\"https:\/\/schema.org\",\"@graph\":[{\"@type\":\"WebPage\",\"@id\":\"https:\/\/hannacosmetica.com\/tienda\/manicura\/fresas\/fresa-de-diamante-manicura-rusa-broca-para-torno-de-unas-3\/\",\"url\":\"https:\/\/hannacosmetica.com\/tienda\/manicura\/fresas\/fresa-de-diamante-manicura-rusa-broca-para-torno-de-unas-3\/\",\"name\":\"Fresa de Diamante Manicura Rusa \/ broca para torno de u\u00f1as - Hanna Cosm\u00e9tica\",\"isPartOf\":{\"@id\":\"https:\/\/hannacosmetica.com\/#website\"},\"datePublished\":\"2023-08-24T10:21:31+00:00\",\"dateModified\":\"2025-03-03T17:22:26+00:00\",\"breadcrumb\":{\"@id\":\"https:\/\/hannacosmetica.com\/tienda\/manicura\/fresas\/fresa-de-diamante-manicura-rusa-broca-para-torno-de-unas-3\/#breadcrumb\"},\"inLanguage\":\"fr-FR\",\"potentialAction\":[{\"@type\":\"ReadAction\",\"target\":[\"https:\/\/hannacosmetica.com\/tienda\/manicura\/fresas\/fresa-de-diamante-manicura-rusa-broca-para-torno-de-unas-3\/\"]}]},{\"@type\":\"BreadcrumbList\",\"@id\":\"https:\/\/hannacosmetica.com\/tienda\/manicura\/fresas\/fresa-de-diamante-manicura-rusa-broca-para-torno-de-unas-3\/#breadcrumb\",\"itemListElement\":[{\"@type\":\"ListItem\",\"position\":1,\"name\":\"Portada\",\"item\":\"https:\/\/hannacosmetica.com\/\"},{\"@type\":\"ListItem\",\"position\":2,\"name\":\"Tienda\",\"item\":\"https:\/\/hannacosmetica.com\/shop\/\"},{\"@type\":\"ListItem\",\"position\":3,\"name\":\"Fresa de Diamante Manicura Rusa \/ broca para torno de u\u00f1as\"}]},{\"@type\":\"WebSite\",\"@id\":\"https:\/\/hannacosmetica.com\/#website\",\"url\":\"https:\/\/hannacosmetica.com\/\",\"name\":\"Hanna Cosm\u00e9tica\",\"description\":\"Tienda de productos u\u00f1as, bellezas y peluquer\u00edas\",\"publisher\":{\"@id\":\"https:\/\/hannacosmetica.com\/#organization\"},\"potentialAction\":[{\"@type\":\"SearchAction\",\"target\":{\"@type\":\"EntryPoint\",\"urlTemplate\":\"https:\/\/hannacosmetica.com\/?s={search_term_string}\"},\"query-input\":\"required name=search_term_string\"}],\"inLanguage\":\"fr-FR\"},{\"@type\":\"Organization\",\"@id\":\"https:\/\/hannacosmetica.com\/#organization\",\"name\":\"Hanna Cosm\u00e9tica\",\"url\":\"https:\/\/hannacosmetica.com\/\",\"logo\":{\"@type\":\"ImageObject\",\"inLanguage\":\"fr-FR\",\"@id\":\"https:\/\/hannacosmetica.com\/#\/schema\/logo\/image\/\",\"url\":\"https:\/\/hannacosmetica.com\/wp-content\/uploads\/2022\/07\/Logo-Joyeria-Femenino-Floral-Negro.png\",\"contentUrl\":\"https:\/\/hannacosmetica.com\/wp-content\/uploads\/2022\/07\/Logo-Joyeria-Femenino-Floral-Negro.png\",\"width\":361,\"height\":126,\"caption\":\"Hanna Cosm\u00e9tica\"},\"image\":{\"@id\":\"https:\/\/hannacosmetica.com\/#\/schema\/logo\/image\/\"}}]}<\/script>\n<!-- \/ Yoast SEO plugin. -->","yoast_head_json":{"title":"Fresa de Diamante Manicura Rusa \/ broca para torno de u\u00f1as - Hanna Cosm\u00e9tica","robots":{"index":"index","follow":"follow","max-snippet":"max-snippet:-1","max-image-preview":"max-image-preview:large","max-video-preview":"max-video-preview:-1"},"canonical":"https:\/\/hannacosmetica.com\/fr\/tienda\/manicura\/fresas\/fresa-de-diamante-manicura-rusa-broca-para-torno-de-unas-3\/","og_locale":"fr_FR","og_type":"article","og_title":"Fresa de Diamante Manicura Rusa \/ broca para torno de u\u00f1as - Hanna Cosm\u00e9tica","og_description":"Fresa de cabezal de 13x2mm de alta calidad de limado para uso profesional o uso en el hogar. Ideal para retirar f\u00e1cil&hellip;","og_url":"https:\/\/hannacosmetica.com\/fr\/tienda\/manicura\/fresas\/fresa-de-diamante-manicura-rusa-broca-para-torno-de-unas-3\/","og_site_name":"Hanna Cosm\u00e9tica","article_modified_time":"2025-03-03T17:22:26+00:00","og_image":[{"width":1594,"height":1594,"url":"https:\/\/hannacosmetica.com\/wp-content\/uploads\/2023\/08\/Woman-Manicure-Bright-Nail-Salon-Business-Card-2-\u00d7-2-in-1.7-\u00d7-1.7-in-62.png","type":"image\/png"}],"twitter_card":"summary_large_image","schema":{"@context":"https:\/\/schema.org","@graph":[{"@type":"WebPage","@id":"https:\/\/hannacosmetica.com\/tienda\/manicura\/fresas\/fresa-de-diamante-manicura-rusa-broca-para-torno-de-unas-3\/","url":"https:\/\/hannacosmetica.com\/tienda\/manicura\/fresas\/fresa-de-diamante-manicura-rusa-broca-para-torno-de-unas-3\/","name":"Fresa de Diamante Manicura Rusa \/ broca para torno de u\u00f1as - Hanna Cosm\u00e9tica","isPartOf":{"@id":"https:\/\/hannacosmetica.com\/#website"},"datePublished":"2023-08-24T10:21:31+00:00","dateModified":"2025-03-03T17:22:26+00:00","breadcrumb":{"@id":"https:\/\/hannacosmetica.com\/tienda\/manicura\/fresas\/fresa-de-diamante-manicura-rusa-broca-para-torno-de-unas-3\/#breadcrumb"},"inLanguage":"fr-FR","potentialAction":[{"@type":"ReadAction","target":["https:\/\/hannacosmetica.com\/tienda\/manicura\/fresas\/fresa-de-diamante-manicura-rusa-broca-para-torno-de-unas-3\/"]}]},{"@type":"BreadcrumbList","@id":"https:\/\/hannacosmetica.com\/tienda\/manicura\/fresas\/fresa-de-diamante-manicura-rusa-broca-para-torno-de-unas-3\/#breadcrumb","itemListElement":[{"@type":"ListItem","position":1,"name":"Portada","item":"https:\/\/hannacosmetica.com\/"},{"@type":"ListItem","position":2,"name":"Tienda","item":"https:\/\/hannacosmetica.com\/shop\/"},{"@type":"ListItem","position":3,"name":"Fresa de Diamante Manicura Rusa \/ broca para torno de u\u00f1as"}]},{"@type":"WebSite","@id":"https:\/\/hannacosmetica.com\/#website","url":"https:\/\/hannacosmetica.com\/","name":"Hanna Cosm\u00e9tica","description":"Tienda de productos u\u00f1as, bellezas y peluquer\u00edas","publisher":{"@id":"https:\/\/hannacosmetica.com\/#organization"},"potentialAction":[{"@type":"SearchAction","target":{"@type":"EntryPoint","urlTemplate":"https:\/\/hannacosmetica.com\/?s={search_term_string}"},"query-input":"required name=search_term_string"}],"inLanguage":"fr-FR"},{"@type":"Organization","@id":"https:\/\/hannacosmetica.com\/#organization","name":"Hanna Cosm\u00e9tica","url":"https:\/\/hannacosmetica.com\/","logo":{"@type":"ImageObject","inLanguage":"fr-FR","@id":"https:\/\/hannacosmetica.com\/#\/schema\/logo\/image\/","url":"https:\/\/hannacosmetica.com\/wp-content\/uploads\/2022\/07\/Logo-Joyeria-Femenino-Floral-Negro.png","contentUrl":"https:\/\/hannacosmetica.com\/wp-content\/uploads\/2022\/07\/Logo-Joyeria-Femenino-Floral-Negro.png","width":361,"height":126,"caption":"Hanna Cosm\u00e9tica"},"image":{"@id":"https:\/\/hannacosmetica.com\/#\/schema\/logo\/image\/"}}]}},"_links":{"self":[{"href":"https:\/\/hannacosmetica.com\/fr\/wp-json\/wp\/v2\/product\/14515"}],"collection":[{"href":"https:\/\/hannacosmetica.com\/fr\/wp-json\/wp\/v2\/product"}],"about":[{"href":"https:\/\/hannacosmetica.com\/fr\/wp-json\/wp\/v2\/types\/product"}],"replies":[{"embeddable":true,"href":"https:\/\/hannacosmetica.com\/fr\/wp-json\/wp\/v2\/comments?post=14515"}],"version-history":[{"count":1,"href":"https:\/\/hannacosmetica.com\/fr\/wp-json\/wp\/v2\/product\/14515\/revisions"}],"predecessor-version":[{"id":14516,"href":"https:\/\/hannacosmetica.com\/fr\/wp-json\/wp\/v2\/product\/14515\/revisions\/14516"}],"wp:featuredmedia":[{"embeddable":true,"href":"https:\/\/hannacosmetica.com\/fr\/wp-json\/wp\/v2\/media\/14510"}],"wp:attachment":[{"href":"https:\/\/hannacosmetica.com\/fr\/wp-json\/wp\/v2\/media?parent=14515"}],"wp:term":[{"taxonomy":"product_cat","embeddable":true,"href":"https:\/\/hannacosmetica.com\/fr\/wp-json\/wp\/v2\/product_cat?post=14515"},{"taxonomy":"product_tag","embeddable":true,"href":"https:\/\/hannacosmetica.com\/fr\/wp-json\/wp\/v2\/product_tag?post=14515"}],"curies":[{"name":"wp","href":"https:\/\/api.w.org\/{rel}","templated":true}]}}