{"id":14503,"date":"2023-08-23T16:39:14","date_gmt":"2023-08-23T16:39:14","guid":{"rendered":"https:\/\/hannacosmetica.com\/?post_type=product&#038;p=14503"},"modified":"2025-06-02T15:11:40","modified_gmt":"2025-06-02T15:11:40","slug":"fresa-diamante-conica-invertida-broca-para-unas","status":"publish","type":"product","link":"https:\/\/hannacosmetica.com\/fr\/tienda\/manicura\/fresas\/fresa-diamante-conica-invertida-broca-para-unas\/","title":{"rendered":"Fresa Diamante C\u00f3nica  Invertida \/ Broca  para  U\u00f1as"},"content":{"rendered":"<p>Fresa de diamante c\u00f3nica\u00a0 invertida<\/p>\n<div id=\"featurebullets_feature_div\" class=\"celwidget\" data-feature-name=\"featurebullets\" data-csa-c-type=\"widget\" data-csa-c-content-id=\"featurebullets\" data-csa-c-slot-id=\"featurebullets_feature_div\" data-csa-c-asin=\"B08JYC6N6B\" data-csa-c-is-in-initial-active-row=\"false\" data-csa-c-id=\"41k80d-63amuc-ae77ut-4hzqgu\" data-cel-widget=\"featurebullets_feature_div\">\n<div id=\"feature-bullets\" class=\"a-section a-spacing-medium a-spacing-top-small\">\n<ul class=\"a-unordered-list a-vertical a-spacing-mini\">\n<li class=\"a-spacing-mini\"><span class=\"a-list-item\">\u3010Eficiencia\u3011Fresas torno para u\u00f1as son f\u00e1ciles de moler, alta eficiencia y rendimiento estable.<\/span><\/li>\n<li class=\"a-spacing-mini\"><span class=\"a-list-item\">\ud83c\udf1f\u3010Durable\u3011Cabezal para manicura muele perfectamente, larga vida y s\u00faper duradero.<\/span><\/li>\n<li class=\"a-spacing-mini\"><span class=\"a-list-item\">\ud83c\udf1f\u3010F\u00e1cil de Usar\u3011Pulidor de u\u00f1as b\u00e1sicamente reemplaza a las peque\u00f1as muelas con mangos, no hay contaminaci\u00f3n por polvo.<\/span><\/li>\n<li class=\"a-spacing-mini\"><span class=\"a-list-item\">\ud83c\udf1f\u3010Material\u3011Taladro de u\u00f1as set es f\u00e1cil de usar, seguro y confiable, hecho de acero de tungsteno.<\/span><\/li>\n<\/ul>\n<\/div>\n<\/div>\n<div id=\"provenanceCertifications_feature_div\" class=\"celwidget\" data-feature-name=\"provenanceCertifications\" data-csa-c-type=\"widget\" data-csa-c-content-id=\"provenanceCertifications\" data-csa-c-slot-id=\"provenanceCertifications_feature_div\" data-csa-c-asin=\"B08JYC6N6B\" data-csa-c-is-in-initial-active-row=\"false\" data-csa-c-id=\"b664sl-qswvcj-yome8l-1i00tt\" data-cel-widget=\"provenanceCertifications_feature_div\"><\/div>\n<div id=\"handmadeArtisanCard_feature_div\" class=\"celwidget\" data-feature-name=\"handmadeArtisanCard\" data-csa-c-type=\"widget\" data-csa-c-content-id=\"handmadeArtisanCard\" data-csa-c-slot-id=\"handmadeArtisanCard_feature_div\" data-csa-c-asin=\"B08JYC6N6B\" data-csa-c-is-in-initial-active-row=\"false\" data-csa-c-id=\"n06roq-p7qbyy-1jwpwb-ffnmj7\" data-cel-widget=\"handmadeArtisanCard_feature_div\"><\/div>\n<div id=\"globalStoreInfoBullets_feature_div\" class=\"celwidget\" data-feature-name=\"globalStoreInfoBullets\" data-csa-c-type=\"widget\" data-csa-c-content-id=\"globalStoreInfoBullets\" data-csa-c-slot-id=\"globalStoreInfoBullets_feature_div\" data-csa-c-asin=\"B08JYC6N6B\" data-csa-c-is-in-initial-active-row=\"false\" data-csa-c-id=\"3t2xkw-kn3db4-aiq24d-ew0jhw\" data-cel-widget=\"globalStoreInfoBullets_feature_div\"><\/div>\n<div id=\"vendorPoweredCoupon_feature_div\" class=\"celwidget\" data-feature-name=\"vendorPoweredCoupon\" data-csa-c-type=\"widget\" data-csa-c-content-id=\"vendorPoweredCoupon\" data-csa-c-slot-id=\"vendorPoweredCoupon_feature_div\" data-csa-c-asin=\"B08JYC6N6B\" data-csa-c-is-in-initial-active-row=\"false\" data-csa-c-id=\"w6xveh-2qtfg-28ubrd-dhekr4\" data-cel-widget=\"vendorPoweredCoupon_feature_div\"><\/div>\n<div id=\"addOnItem_feature_div\" class=\"celwidget\" data-feature-name=\"addOnItem\" data-csa-c-type=\"widget\" data-csa-c-content-id=\"addOnItem\" data-csa-c-slot-id=\"addOnItem_feature_div\" data-csa-c-asin=\"B08JYC6N6B\" data-csa-c-is-in-initial-active-row=\"false\" data-csa-c-id=\"mtylx-5rl6lv-hmkifn-r2vejv\" data-cel-widget=\"addOnItem_feature_div\"><\/div>\n<div id=\"giftcard-holiday-availability-messaging_feature_div\" class=\"celwidget\" data-feature-name=\"giftCardHolidayAvailabilityMessaging\" data-csa-c-type=\"widget\" data-csa-c-content-id=\"giftCardHolidayAvailabilityMessaging\" data-csa-c-slot-id=\"giftcard-holiday-availability-messaging_feature_div\" data-csa-c-asin=\"B08JYC6N6B\" data-csa-c-is-in-initial-active-row=\"false\" data-csa-c-id=\"b1klit-e3i2nf-vnj8wd-ddezof\" data-cel-widget=\"giftcard-holiday-availability-messaging_feature_div\"><\/div>\n<div id=\"andonCord_feature_div\" class=\"celwidget\" data-feature-name=\"andonCord\" data-csa-c-type=\"widget\" data-csa-c-content-id=\"andonCord\" data-csa-c-slot-id=\"andonCord_feature_div\" data-csa-c-asin=\"B08JYC6N6B\" data-csa-c-is-in-initial-active-row=\"false\" data-csa-c-id=\"wol3m9-joozk5-bynrnz-95besa\" data-cel-widget=\"andonCord_feature_div\"><\/div>\n<div id=\"olp_feature_div\" class=\"celwidget\" data-feature-name=\"olp\" data-csa-c-type=\"widget\" data-csa-c-content-id=\"olp\" data-csa-c-slot-id=\"olp_feature_div\" data-csa-c-asin=\"B08JYC6N6B\" data-csa-c-is-in-initial-active-row=\"false\" data-csa-c-id=\"2lbz7p-3ls7b2-plr7qs-v015z1\" data-cel-widget=\"olp_feature_div\">\n<div id=\"all-offers-display\" class=\"a-section\"><\/div>\n<\/div>\n<div id=\"newerVersion_feature_div\" class=\"celwidget\" data-feature-name=\"newerVersion\" data-csa-c-type=\"widget\" data-csa-c-content-id=\"newerVersion\" data-csa-c-slot-id=\"newerVersion_feature_div\" data-csa-c-asin=\"B08JYC6N6B\" data-csa-c-is-in-initial-active-row=\"false\" data-csa-c-id=\"i1vq3r-ddfw78-e1hn61-k3t21j\" data-cel-widget=\"newerVersion_feature_div\"><\/div>\n<div id=\"recommendations_feature_div\" class=\"celwidget\" data-feature-name=\"recommendations\" data-csa-c-type=\"widget\" data-csa-c-content-id=\"recommendations\" data-csa-c-slot-id=\"recommendations_feature_div\" data-csa-c-asin=\"B08JYC6N6B\" data-csa-c-is-in-initial-active-row=\"false\" data-csa-c-id=\"8q2k7h-o9xy4i-ziej5b-aqyrxh\" data-cel-widget=\"recommendations_feature_div\"><\/div>\n<div id=\"productAlert_feature_div\" class=\"celwidget\" data-feature-name=\"productAlert\" data-csa-c-type=\"widget\" data-csa-c-content-id=\"productAlert\" data-csa-c-slot-id=\"productAlert_feature_div\" data-csa-c-asin=\"B08JYC6N6B\" data-csa-c-is-in-initial-active-row=\"false\" data-csa-c-id=\"84h3eh-y09fuq-m1oomo-7qkeqt\" data-cel-widget=\"productAlert_feature_div\">\n<div id=\"product-alert-grid_feature_div\">\n<table border=\"0\" width=\"100%\" cellspacing=\"0\" cellpadding=\"0\">\n<tbody>\n<tr>\n<td align=\"center\">\n<map name=\"EU_Exclusives\">\n<area alt=\"Umi. - an Amazon brand\" coords=\"0,0,650,200\" shape=\"rect\" href=\"http:\/\/www.amazon.es\/gp\/product\/B00YGGJ9ZG\/ref=SM_P_Alert_EU?pf_rd_m=A1AT7YVPFBWXBL&amp;pf_rd_s=product-alert&amp;pf_rd_r=NB2PBB31DQACZJVKFZYQ&amp;pf_rd_r=NB2PBB31DQACZJVKFZYQ&amp;pf_rd_t=201&amp;pf_rd_p=c4c6034b-6c6c-4c7b-b9f0-9d27660a54ea&amp;pf_rd_p=c4c6034b-6c6c-4c7b-b9f0-9d27660a54ea&amp;pf_rd_i=B08JYC6N6B\" target=\"_blank\" \/><\/map>\n<p><img decoding=\"async\" src=\"https:\/\/m.media-amazon.com\/images\/G\/30\/UK-hq\/2019\/img\/Home_Private_Label\/XCM_CUTTLE_1176453_Accelerator_Merchandising_June_650x200_Amazon_Exclusives_CUTT_209f7180_4296_435c_88ad_9856d8bdb3f8_png.png\" alt=\"Umi. brand store\" usemap=\"#EU_Exclusives\" align=\"center\" border=\"0\" \/><\/td>\n<\/tr>\n<\/tbody>\n<\/table>\n<\/div>\n<\/div>","protected":false},"excerpt":{"rendered":"<p>Fresa de diamante c\u00f3nica\u00a0 invertida \u3010Eficiencia\u3011Fresas torno para u\u00f1as son f\u00e1ciles de moler, alta eficiencia y rendimiento estable. \ud83c\udf1f\u3010Durable\u3011Cabezal para manicura muele&hellip;<\/p>","protected":false},"featured_media":14504,"comment_status":"open","ping_status":"closed","template":"","meta":[],"product_cat":[82,100,87],"product_tag":[],"yoast_head":"<!-- This site is optimized with the Yoast SEO plugin v19.9 - https:\/\/yoast.com\/wordpress\/plugins\/seo\/ -->\n<title>Fresa Diamante C\u00f3nica Invertida \/ Broca para U\u00f1as - Hanna Cosm\u00e9tica<\/title>\n<meta name=\"robots\" content=\"index, follow, max-snippet:-1, max-image-preview:large, max-video-preview:-1\" \/>\n<link rel=\"canonical\" href=\"https:\/\/hannacosmetica.com\/fr\/tienda\/manicura\/fresas\/fresa-diamante-conica-invertida-broca-para-unas\/\" \/>\n<meta property=\"og:locale\" content=\"fr_FR\" \/>\n<meta property=\"og:type\" content=\"article\" \/>\n<meta property=\"og:title\" content=\"Fresa Diamante C\u00f3nica Invertida \/ Broca para U\u00f1as - Hanna Cosm\u00e9tica\" \/>\n<meta property=\"og:description\" content=\"Fresa de diamante c\u00f3nica\u00a0 invertida \u3010Eficiencia\u3011Fresas torno para u\u00f1as son f\u00e1ciles de moler, alta eficiencia y rendimiento estable. \ud83c\udf1f\u3010Durable\u3011Cabezal para manicura muele&hellip;\" \/>\n<meta property=\"og:url\" content=\"https:\/\/hannacosmetica.com\/fr\/tienda\/manicura\/fresas\/fresa-diamante-conica-invertida-broca-para-unas\/\" \/>\n<meta property=\"og:site_name\" content=\"Hanna Cosm\u00e9tica\" \/>\n<meta property=\"article:modified_time\" content=\"2025-06-02T15:11:40+00:00\" \/>\n<meta property=\"og:image\" content=\"https:\/\/hannacosmetica.com\/wp-content\/uploads\/2023\/08\/Woman-Manicure-Bright-Nail-Salon-Business-Card-2-\u00d7-2-in-1.7-\u00d7-1.7-in-56.png\" \/>\n\t<meta property=\"og:image:width\" content=\"1594\" \/>\n\t<meta property=\"og:image:height\" content=\"1594\" \/>\n\t<meta property=\"og:image:type\" content=\"image\/png\" \/>\n<meta name=\"twitter:card\" content=\"summary_large_image\" \/>\n<script type=\"application\/ld+json\" class=\"yoast-schema-graph\">{\"@context\":\"https:\/\/schema.org\",\"@graph\":[{\"@type\":\"WebPage\",\"@id\":\"https:\/\/hannacosmetica.com\/tienda\/manicura\/fresas\/fresa-diamante-conica-invertida-broca-para-unas\/\",\"url\":\"https:\/\/hannacosmetica.com\/tienda\/manicura\/fresas\/fresa-diamante-conica-invertida-broca-para-unas\/\",\"name\":\"Fresa Diamante C\u00f3nica Invertida \/ Broca para U\u00f1as - Hanna Cosm\u00e9tica\",\"isPartOf\":{\"@id\":\"https:\/\/hannacosmetica.com\/#website\"},\"datePublished\":\"2023-08-23T16:39:14+00:00\",\"dateModified\":\"2025-06-02T15:11:40+00:00\",\"breadcrumb\":{\"@id\":\"https:\/\/hannacosmetica.com\/tienda\/manicura\/fresas\/fresa-diamante-conica-invertida-broca-para-unas\/#breadcrumb\"},\"inLanguage\":\"fr-FR\",\"potentialAction\":[{\"@type\":\"ReadAction\",\"target\":[\"https:\/\/hannacosmetica.com\/tienda\/manicura\/fresas\/fresa-diamante-conica-invertida-broca-para-unas\/\"]}]},{\"@type\":\"BreadcrumbList\",\"@id\":\"https:\/\/hannacosmetica.com\/tienda\/manicura\/fresas\/fresa-diamante-conica-invertida-broca-para-unas\/#breadcrumb\",\"itemListElement\":[{\"@type\":\"ListItem\",\"position\":1,\"name\":\"Portada\",\"item\":\"https:\/\/hannacosmetica.com\/\"},{\"@type\":\"ListItem\",\"position\":2,\"name\":\"Tienda\",\"item\":\"https:\/\/hannacosmetica.com\/shop\/\"},{\"@type\":\"ListItem\",\"position\":3,\"name\":\"Fresa Diamante C\u00f3nica Invertida \/ Broca para U\u00f1as\"}]},{\"@type\":\"WebSite\",\"@id\":\"https:\/\/hannacosmetica.com\/#website\",\"url\":\"https:\/\/hannacosmetica.com\/\",\"name\":\"Hanna Cosm\u00e9tica\",\"description\":\"Tienda de productos u\u00f1as, bellezas y peluquer\u00edas\",\"publisher\":{\"@id\":\"https:\/\/hannacosmetica.com\/#organization\"},\"potentialAction\":[{\"@type\":\"SearchAction\",\"target\":{\"@type\":\"EntryPoint\",\"urlTemplate\":\"https:\/\/hannacosmetica.com\/?s={search_term_string}\"},\"query-input\":\"required name=search_term_string\"}],\"inLanguage\":\"fr-FR\"},{\"@type\":\"Organization\",\"@id\":\"https:\/\/hannacosmetica.com\/#organization\",\"name\":\"Hanna Cosm\u00e9tica\",\"url\":\"https:\/\/hannacosmetica.com\/\",\"logo\":{\"@type\":\"ImageObject\",\"inLanguage\":\"fr-FR\",\"@id\":\"https:\/\/hannacosmetica.com\/#\/schema\/logo\/image\/\",\"url\":\"https:\/\/hannacosmetica.com\/wp-content\/uploads\/2022\/07\/Logo-Joyeria-Femenino-Floral-Negro.png\",\"contentUrl\":\"https:\/\/hannacosmetica.com\/wp-content\/uploads\/2022\/07\/Logo-Joyeria-Femenino-Floral-Negro.png\",\"width\":361,\"height\":126,\"caption\":\"Hanna Cosm\u00e9tica\"},\"image\":{\"@id\":\"https:\/\/hannacosmetica.com\/#\/schema\/logo\/image\/\"}}]}<\/script>\n<!-- \/ Yoast SEO plugin. -->","yoast_head_json":{"title":"Fresa Diamante C\u00f3nica Invertida \/ Broca para U\u00f1as - Hanna Cosm\u00e9tica","robots":{"index":"index","follow":"follow","max-snippet":"max-snippet:-1","max-image-preview":"max-image-preview:large","max-video-preview":"max-video-preview:-1"},"canonical":"https:\/\/hannacosmetica.com\/fr\/tienda\/manicura\/fresas\/fresa-diamante-conica-invertida-broca-para-unas\/","og_locale":"fr_FR","og_type":"article","og_title":"Fresa Diamante C\u00f3nica Invertida \/ Broca para U\u00f1as - Hanna Cosm\u00e9tica","og_description":"Fresa de diamante c\u00f3nica\u00a0 invertida \u3010Eficiencia\u3011Fresas torno para u\u00f1as son f\u00e1ciles de moler, alta eficiencia y rendimiento estable. \ud83c\udf1f\u3010Durable\u3011Cabezal para manicura muele&hellip;","og_url":"https:\/\/hannacosmetica.com\/fr\/tienda\/manicura\/fresas\/fresa-diamante-conica-invertida-broca-para-unas\/","og_site_name":"Hanna Cosm\u00e9tica","article_modified_time":"2025-06-02T15:11:40+00:00","og_image":[{"width":1594,"height":1594,"url":"https:\/\/hannacosmetica.com\/wp-content\/uploads\/2023\/08\/Woman-Manicure-Bright-Nail-Salon-Business-Card-2-\u00d7-2-in-1.7-\u00d7-1.7-in-56.png","type":"image\/png"}],"twitter_card":"summary_large_image","schema":{"@context":"https:\/\/schema.org","@graph":[{"@type":"WebPage","@id":"https:\/\/hannacosmetica.com\/tienda\/manicura\/fresas\/fresa-diamante-conica-invertida-broca-para-unas\/","url":"https:\/\/hannacosmetica.com\/tienda\/manicura\/fresas\/fresa-diamante-conica-invertida-broca-para-unas\/","name":"Fresa Diamante C\u00f3nica Invertida \/ Broca para U\u00f1as - Hanna Cosm\u00e9tica","isPartOf":{"@id":"https:\/\/hannacosmetica.com\/#website"},"datePublished":"2023-08-23T16:39:14+00:00","dateModified":"2025-06-02T15:11:40+00:00","breadcrumb":{"@id":"https:\/\/hannacosmetica.com\/tienda\/manicura\/fresas\/fresa-diamante-conica-invertida-broca-para-unas\/#breadcrumb"},"inLanguage":"fr-FR","potentialAction":[{"@type":"ReadAction","target":["https:\/\/hannacosmetica.com\/tienda\/manicura\/fresas\/fresa-diamante-conica-invertida-broca-para-unas\/"]}]},{"@type":"BreadcrumbList","@id":"https:\/\/hannacosmetica.com\/tienda\/manicura\/fresas\/fresa-diamante-conica-invertida-broca-para-unas\/#breadcrumb","itemListElement":[{"@type":"ListItem","position":1,"name":"Portada","item":"https:\/\/hannacosmetica.com\/"},{"@type":"ListItem","position":2,"name":"Tienda","item":"https:\/\/hannacosmetica.com\/shop\/"},{"@type":"ListItem","position":3,"name":"Fresa Diamante C\u00f3nica Invertida \/ Broca para U\u00f1as"}]},{"@type":"WebSite","@id":"https:\/\/hannacosmetica.com\/#website","url":"https:\/\/hannacosmetica.com\/","name":"Hanna Cosm\u00e9tica","description":"Tienda de productos u\u00f1as, bellezas y peluquer\u00edas","publisher":{"@id":"https:\/\/hannacosmetica.com\/#organization"},"potentialAction":[{"@type":"SearchAction","target":{"@type":"EntryPoint","urlTemplate":"https:\/\/hannacosmetica.com\/?s={search_term_string}"},"query-input":"required name=search_term_string"}],"inLanguage":"fr-FR"},{"@type":"Organization","@id":"https:\/\/hannacosmetica.com\/#organization","name":"Hanna Cosm\u00e9tica","url":"https:\/\/hannacosmetica.com\/","logo":{"@type":"ImageObject","inLanguage":"fr-FR","@id":"https:\/\/hannacosmetica.com\/#\/schema\/logo\/image\/","url":"https:\/\/hannacosmetica.com\/wp-content\/uploads\/2022\/07\/Logo-Joyeria-Femenino-Floral-Negro.png","contentUrl":"https:\/\/hannacosmetica.com\/wp-content\/uploads\/2022\/07\/Logo-Joyeria-Femenino-Floral-Negro.png","width":361,"height":126,"caption":"Hanna Cosm\u00e9tica"},"image":{"@id":"https:\/\/hannacosmetica.com\/#\/schema\/logo\/image\/"}}]}},"_links":{"self":[{"href":"https:\/\/hannacosmetica.com\/fr\/wp-json\/wp\/v2\/product\/14503"}],"collection":[{"href":"https:\/\/hannacosmetica.com\/fr\/wp-json\/wp\/v2\/product"}],"about":[{"href":"https:\/\/hannacosmetica.com\/fr\/wp-json\/wp\/v2\/types\/product"}],"replies":[{"embeddable":true,"href":"https:\/\/hannacosmetica.com\/fr\/wp-json\/wp\/v2\/comments?post=14503"}],"version-history":[{"count":2,"href":"https:\/\/hannacosmetica.com\/fr\/wp-json\/wp\/v2\/product\/14503\/revisions"}],"predecessor-version":[{"id":18716,"href":"https:\/\/hannacosmetica.com\/fr\/wp-json\/wp\/v2\/product\/14503\/revisions\/18716"}],"wp:featuredmedia":[{"embeddable":true,"href":"https:\/\/hannacosmetica.com\/fr\/wp-json\/wp\/v2\/media\/14504"}],"wp:attachment":[{"href":"https:\/\/hannacosmetica.com\/fr\/wp-json\/wp\/v2\/media?parent=14503"}],"wp:term":[{"taxonomy":"product_cat","embeddable":true,"href":"https:\/\/hannacosmetica.com\/fr\/wp-json\/wp\/v2\/product_cat?post=14503"},{"taxonomy":"product_tag","embeddable":true,"href":"https:\/\/hannacosmetica.com\/fr\/wp-json\/wp\/v2\/product_tag?post=14503"}],"curies":[{"name":"wp","href":"https:\/\/api.w.org\/{rel}","templated":true}]}}