{"id":14369,"date":"2023-08-16T16:12:54","date_gmt":"2023-08-16T16:12:54","guid":{"rendered":"https:\/\/hannacosmetica.com\/?post_type=product&#038;p=14369"},"modified":"2023-11-24T17:03:42","modified_gmt":"2023-11-24T17:03:42","slug":"top-coat-diamante-h02-hanna","status":"publish","type":"product","link":"https:\/\/hannacosmetica.com\/fr\/tienda\/hanna-exclusive\/base-y-top\/top-coat-diamante-h02-hanna\/","title":{"rendered":"Top Coat Diamante H02 Hanna"},"content":{"rendered":"<p>top coat\u00a0 brillo de diamante de\u00a0 larga\u00a0 duraci\u00f3n.<\/p>\n<p>resistente a\u00a0 los ara\u00f1azos<\/p>\n<p>duraci\u00f3n de\u00a0 hasta 45 d\u00edas<\/p>\n<p>tama\u00f1o: 20g<\/p>\n<p>color: transparente<\/p>","protected":false},"excerpt":{"rendered":"<p>top coat\u00a0 brillo de diamante de\u00a0 larga\u00a0 duraci\u00f3n. resistente a\u00a0 los ara\u00f1azos duraci\u00f3n de\u00a0 hasta 45 d\u00edas tama\u00f1o: 20g color: transparente<\/p>","protected":false},"featured_media":14370,"comment_status":"open","ping_status":"closed","template":"","meta":[],"product_cat":[318,304,82,87],"product_tag":[],"yoast_head":"<!-- This site is optimized with the Yoast SEO plugin v19.9 - https:\/\/yoast.com\/wordpress\/plugins\/seo\/ -->\n<title>Top Coat Diamante H02 Hanna - Hanna Cosm\u00e9tica<\/title>\n<meta name=\"robots\" content=\"index, follow, max-snippet:-1, max-image-preview:large, max-video-preview:-1\" \/>\n<link rel=\"canonical\" href=\"https:\/\/hannacosmetica.com\/fr\/tienda\/hanna-exclusive\/base-y-top\/top-coat-diamante-h02-hanna\/\" \/>\n<meta property=\"og:locale\" content=\"fr_FR\" \/>\n<meta property=\"og:type\" content=\"article\" \/>\n<meta property=\"og:title\" content=\"Top Coat Diamante H02 Hanna - Hanna Cosm\u00e9tica\" \/>\n<meta property=\"og:description\" content=\"top coat\u00a0 brillo de diamante de\u00a0 larga\u00a0 duraci\u00f3n. resistente a\u00a0 los ara\u00f1azos duraci\u00f3n de\u00a0 hasta 45 d\u00edas tama\u00f1o: 20g color: transparente\" \/>\n<meta property=\"og:url\" content=\"https:\/\/hannacosmetica.com\/fr\/tienda\/hanna-exclusive\/base-y-top\/top-coat-diamante-h02-hanna\/\" \/>\n<meta property=\"og:site_name\" content=\"Hanna Cosm\u00e9tica\" \/>\n<meta property=\"article:modified_time\" content=\"2023-11-24T17:03:42+00:00\" \/>\n<meta property=\"og:image\" content=\"https:\/\/hannacosmetica.com\/wp-content\/uploads\/2023\/08\/Woman-Manicure-Bright-Nail-Salon-Business-Card-2-\u00d7-2-in-1.7-\u00d7-1.7-in-1.png\" \/>\n\t<meta property=\"og:image:width\" content=\"1594\" \/>\n\t<meta property=\"og:image:height\" content=\"1594\" \/>\n\t<meta property=\"og:image:type\" content=\"image\/png\" \/>\n<meta name=\"twitter:card\" content=\"summary_large_image\" \/>\n<script type=\"application\/ld+json\" class=\"yoast-schema-graph\">{\"@context\":\"https:\/\/schema.org\",\"@graph\":[{\"@type\":\"WebPage\",\"@id\":\"https:\/\/hannacosmetica.com\/tienda\/hanna-exclusive\/base-y-top\/top-coat-diamante-h02-hanna\/\",\"url\":\"https:\/\/hannacosmetica.com\/tienda\/hanna-exclusive\/base-y-top\/top-coat-diamante-h02-hanna\/\",\"name\":\"Top Coat Diamante H02 Hanna - Hanna Cosm\u00e9tica\",\"isPartOf\":{\"@id\":\"https:\/\/hannacosmetica.com\/#website\"},\"datePublished\":\"2023-08-16T16:12:54+00:00\",\"dateModified\":\"2023-11-24T17:03:42+00:00\",\"breadcrumb\":{\"@id\":\"https:\/\/hannacosmetica.com\/tienda\/hanna-exclusive\/base-y-top\/top-coat-diamante-h02-hanna\/#breadcrumb\"},\"inLanguage\":\"fr-FR\",\"potentialAction\":[{\"@type\":\"ReadAction\",\"target\":[\"https:\/\/hannacosmetica.com\/tienda\/hanna-exclusive\/base-y-top\/top-coat-diamante-h02-hanna\/\"]}]},{\"@type\":\"BreadcrumbList\",\"@id\":\"https:\/\/hannacosmetica.com\/tienda\/hanna-exclusive\/base-y-top\/top-coat-diamante-h02-hanna\/#breadcrumb\",\"itemListElement\":[{\"@type\":\"ListItem\",\"position\":1,\"name\":\"Portada\",\"item\":\"https:\/\/hannacosmetica.com\/\"},{\"@type\":\"ListItem\",\"position\":2,\"name\":\"Tienda\",\"item\":\"https:\/\/hannacosmetica.com\/shop\/\"},{\"@type\":\"ListItem\",\"position\":3,\"name\":\"Top Coat Diamante H02 Hanna\"}]},{\"@type\":\"WebSite\",\"@id\":\"https:\/\/hannacosmetica.com\/#website\",\"url\":\"https:\/\/hannacosmetica.com\/\",\"name\":\"Hanna Cosm\u00e9tica\",\"description\":\"Tienda de productos u\u00f1as, bellezas y peluquer\u00edas\",\"publisher\":{\"@id\":\"https:\/\/hannacosmetica.com\/#organization\"},\"potentialAction\":[{\"@type\":\"SearchAction\",\"target\":{\"@type\":\"EntryPoint\",\"urlTemplate\":\"https:\/\/hannacosmetica.com\/?s={search_term_string}\"},\"query-input\":\"required name=search_term_string\"}],\"inLanguage\":\"fr-FR\"},{\"@type\":\"Organization\",\"@id\":\"https:\/\/hannacosmetica.com\/#organization\",\"name\":\"Hanna Cosm\u00e9tica\",\"url\":\"https:\/\/hannacosmetica.com\/\",\"logo\":{\"@type\":\"ImageObject\",\"inLanguage\":\"fr-FR\",\"@id\":\"https:\/\/hannacosmetica.com\/#\/schema\/logo\/image\/\",\"url\":\"https:\/\/hannacosmetica.com\/wp-content\/uploads\/2022\/07\/Logo-Joyeria-Femenino-Floral-Negro.png\",\"contentUrl\":\"https:\/\/hannacosmetica.com\/wp-content\/uploads\/2022\/07\/Logo-Joyeria-Femenino-Floral-Negro.png\",\"width\":361,\"height\":126,\"caption\":\"Hanna Cosm\u00e9tica\"},\"image\":{\"@id\":\"https:\/\/hannacosmetica.com\/#\/schema\/logo\/image\/\"}}]}<\/script>\n<!-- \/ Yoast SEO plugin. -->","yoast_head_json":{"title":"Top Coat Diamante H02 Hanna - Hanna Cosm\u00e9tica","robots":{"index":"index","follow":"follow","max-snippet":"max-snippet:-1","max-image-preview":"max-image-preview:large","max-video-preview":"max-video-preview:-1"},"canonical":"https:\/\/hannacosmetica.com\/fr\/tienda\/hanna-exclusive\/base-y-top\/top-coat-diamante-h02-hanna\/","og_locale":"fr_FR","og_type":"article","og_title":"Top Coat Diamante H02 Hanna - Hanna Cosm\u00e9tica","og_description":"top coat\u00a0 brillo de diamante de\u00a0 larga\u00a0 duraci\u00f3n. resistente a\u00a0 los ara\u00f1azos duraci\u00f3n de\u00a0 hasta 45 d\u00edas tama\u00f1o: 20g color: transparente","og_url":"https:\/\/hannacosmetica.com\/fr\/tienda\/hanna-exclusive\/base-y-top\/top-coat-diamante-h02-hanna\/","og_site_name":"Hanna Cosm\u00e9tica","article_modified_time":"2023-11-24T17:03:42+00:00","og_image":[{"width":1594,"height":1594,"url":"https:\/\/hannacosmetica.com\/wp-content\/uploads\/2023\/08\/Woman-Manicure-Bright-Nail-Salon-Business-Card-2-\u00d7-2-in-1.7-\u00d7-1.7-in-1.png","type":"image\/png"}],"twitter_card":"summary_large_image","schema":{"@context":"https:\/\/schema.org","@graph":[{"@type":"WebPage","@id":"https:\/\/hannacosmetica.com\/tienda\/hanna-exclusive\/base-y-top\/top-coat-diamante-h02-hanna\/","url":"https:\/\/hannacosmetica.com\/tienda\/hanna-exclusive\/base-y-top\/top-coat-diamante-h02-hanna\/","name":"Top Coat Diamante H02 Hanna - Hanna Cosm\u00e9tica","isPartOf":{"@id":"https:\/\/hannacosmetica.com\/#website"},"datePublished":"2023-08-16T16:12:54+00:00","dateModified":"2023-11-24T17:03:42+00:00","breadcrumb":{"@id":"https:\/\/hannacosmetica.com\/tienda\/hanna-exclusive\/base-y-top\/top-coat-diamante-h02-hanna\/#breadcrumb"},"inLanguage":"fr-FR","potentialAction":[{"@type":"ReadAction","target":["https:\/\/hannacosmetica.com\/tienda\/hanna-exclusive\/base-y-top\/top-coat-diamante-h02-hanna\/"]}]},{"@type":"BreadcrumbList","@id":"https:\/\/hannacosmetica.com\/tienda\/hanna-exclusive\/base-y-top\/top-coat-diamante-h02-hanna\/#breadcrumb","itemListElement":[{"@type":"ListItem","position":1,"name":"Portada","item":"https:\/\/hannacosmetica.com\/"},{"@type":"ListItem","position":2,"name":"Tienda","item":"https:\/\/hannacosmetica.com\/shop\/"},{"@type":"ListItem","position":3,"name":"Top Coat Diamante H02 Hanna"}]},{"@type":"WebSite","@id":"https:\/\/hannacosmetica.com\/#website","url":"https:\/\/hannacosmetica.com\/","name":"Hanna Cosm\u00e9tica","description":"Tienda de productos u\u00f1as, bellezas y peluquer\u00edas","publisher":{"@id":"https:\/\/hannacosmetica.com\/#organization"},"potentialAction":[{"@type":"SearchAction","target":{"@type":"EntryPoint","urlTemplate":"https:\/\/hannacosmetica.com\/?s={search_term_string}"},"query-input":"required name=search_term_string"}],"inLanguage":"fr-FR"},{"@type":"Organization","@id":"https:\/\/hannacosmetica.com\/#organization","name":"Hanna Cosm\u00e9tica","url":"https:\/\/hannacosmetica.com\/","logo":{"@type":"ImageObject","inLanguage":"fr-FR","@id":"https:\/\/hannacosmetica.com\/#\/schema\/logo\/image\/","url":"https:\/\/hannacosmetica.com\/wp-content\/uploads\/2022\/07\/Logo-Joyeria-Femenino-Floral-Negro.png","contentUrl":"https:\/\/hannacosmetica.com\/wp-content\/uploads\/2022\/07\/Logo-Joyeria-Femenino-Floral-Negro.png","width":361,"height":126,"caption":"Hanna Cosm\u00e9tica"},"image":{"@id":"https:\/\/hannacosmetica.com\/#\/schema\/logo\/image\/"}}]}},"_links":{"self":[{"href":"https:\/\/hannacosmetica.com\/fr\/wp-json\/wp\/v2\/product\/14369"}],"collection":[{"href":"https:\/\/hannacosmetica.com\/fr\/wp-json\/wp\/v2\/product"}],"about":[{"href":"https:\/\/hannacosmetica.com\/fr\/wp-json\/wp\/v2\/types\/product"}],"replies":[{"embeddable":true,"href":"https:\/\/hannacosmetica.com\/fr\/wp-json\/wp\/v2\/comments?post=14369"}],"version-history":[{"count":1,"href":"https:\/\/hannacosmetica.com\/fr\/wp-json\/wp\/v2\/product\/14369\/revisions"}],"predecessor-version":[{"id":14372,"href":"https:\/\/hannacosmetica.com\/fr\/wp-json\/wp\/v2\/product\/14369\/revisions\/14372"}],"wp:featuredmedia":[{"embeddable":true,"href":"https:\/\/hannacosmetica.com\/fr\/wp-json\/wp\/v2\/media\/14370"}],"wp:attachment":[{"href":"https:\/\/hannacosmetica.com\/fr\/wp-json\/wp\/v2\/media?parent=14369"}],"wp:term":[{"taxonomy":"product_cat","embeddable":true,"href":"https:\/\/hannacosmetica.com\/fr\/wp-json\/wp\/v2\/product_cat?post=14369"},{"taxonomy":"product_tag","embeddable":true,"href":"https:\/\/hannacosmetica.com\/fr\/wp-json\/wp\/v2\/product_tag?post=14369"}],"curies":[{"name":"wp","href":"https:\/\/api.w.org\/{rel}","templated":true}]}}