{"id":14242,"date":"2023-06-21T14:45:20","date_gmt":"2023-06-21T14:45:20","guid":{"rendered":"https:\/\/hannacosmetica.com\/?post_type=product&#038;p=14242"},"modified":"2025-10-28T16:42:27","modified_gmt":"2025-10-28T16:42:27","slug":"aceite-hanna-para-cuticulas-75ml-aceite-hidratante-y-regenerador-para-unas-3","status":"publish","type":"product","link":"https:\/\/hannacosmetica.com\/fr\/tienda\/hanna-exclusive\/aceites\/aceite-hanna-para-cuticulas-75ml-aceite-hidratante-y-regenerador-para-unas-3\/","title":{"rendered":"Aceite Hanna para Cut\u00edculas 75ml\/ Aceite hidratante y regenerador para u\u00f1as"},"content":{"rendered":"<ul class=\"a-unordered-list a-vertical a-spacing-mini\">\n<li class=\"a-spacing-mini\"><span class=\"a-list-item\">HIDRATANTE para cut\u00edculas de manos y pies: Hidrata y da una sensaci\u00f3n de alivio a las cut\u00edculas despu\u00e9s de los procedimientos de Manicura y Pedicura;<\/span><\/li>\n<li class=\"a-spacing-mini\"><span class=\"a-list-item\">APLICACI\u00d3N R\u00c1PIDA: Solo 1 paso \/ aplicaci\u00f3n en las cut\u00edculas y esperar a que se absorba por completo para notar la diferencia en las cut\u00edculas.<\/span><\/li>\n<li class=\"a-spacing-mini\"><span class=\"a-list-item\">PROFESIONAL: Producto utilizado a diario para completar los procedimientos de Reconstrucci\u00f3n \/ Manicura \/ Pedicura de U\u00f1as.<\/span><\/li>\n<li class=\"a-spacing-mini\"><span class=\"a-list-item\">ACEITE Cut\u00edculas en Formato 75 ml con gotero<\/span><\/li>\n<\/ul>","protected":false},"excerpt":{"rendered":"<p>HIDRATANTE para cut\u00edculas de manos y pies: Hidrata y da una sensaci\u00f3n de alivio a las cut\u00edculas despu\u00e9s de los procedimientos de&hellip;<\/p>","protected":false},"featured_media":14238,"comment_status":"open","ping_status":"closed","template":"","meta":[],"product_cat":[308,304,82,87],"product_tag":[],"yoast_head":"<!-- This site is optimized with the Yoast SEO plugin v19.9 - https:\/\/yoast.com\/wordpress\/plugins\/seo\/ -->\n<title>Aceite Hanna para Cut\u00edculas 75ml\/ Aceite hidratante y regenerador para u\u00f1as - Hanna Cosm\u00e9tica<\/title>\n<meta name=\"robots\" content=\"index, follow, max-snippet:-1, max-image-preview:large, max-video-preview:-1\" \/>\n<link rel=\"canonical\" href=\"https:\/\/hannacosmetica.com\/fr\/tienda\/hanna-exclusive\/aceites\/aceite-hanna-para-cuticulas-75ml-aceite-hidratante-y-regenerador-para-unas-3\/\" \/>\n<meta property=\"og:locale\" content=\"fr_FR\" \/>\n<meta property=\"og:type\" content=\"article\" \/>\n<meta property=\"og:title\" content=\"Aceite Hanna para Cut\u00edculas 75ml\/ Aceite hidratante y regenerador para u\u00f1as - Hanna Cosm\u00e9tica\" \/>\n<meta property=\"og:description\" content=\"HIDRATANTE para cut\u00edculas de manos y pies: Hidrata y da una sensaci\u00f3n de alivio a las cut\u00edculas despu\u00e9s de los procedimientos de&hellip;\" \/>\n<meta property=\"og:url\" content=\"https:\/\/hannacosmetica.com\/fr\/tienda\/hanna-exclusive\/aceites\/aceite-hanna-para-cuticulas-75ml-aceite-hidratante-y-regenerador-para-unas-3\/\" \/>\n<meta property=\"og:site_name\" content=\"Hanna Cosm\u00e9tica\" \/>\n<meta property=\"article:modified_time\" content=\"2025-10-28T16:42:27+00:00\" \/>\n<meta property=\"og:image\" content=\"https:\/\/hannacosmetica.com\/wp-content\/uploads\/2023\/06\/Woman-Manicure-Bright-Nail-Salon-Business-Card-84.png\" \/>\n\t<meta property=\"og:image:width\" content=\"3281\" \/>\n\t<meta property=\"og:image:height\" content=\"1875\" \/>\n\t<meta property=\"og:image:type\" content=\"image\/png\" \/>\n<meta name=\"twitter:card\" content=\"summary_large_image\" \/>\n<script type=\"application\/ld+json\" class=\"yoast-schema-graph\">{\"@context\":\"https:\/\/schema.org\",\"@graph\":[{\"@type\":\"WebPage\",\"@id\":\"https:\/\/hannacosmetica.com\/tienda\/hanna-exclusive\/aceites\/aceite-hanna-para-cuticulas-75ml-aceite-hidratante-y-regenerador-para-unas-3\/\",\"url\":\"https:\/\/hannacosmetica.com\/tienda\/hanna-exclusive\/aceites\/aceite-hanna-para-cuticulas-75ml-aceite-hidratante-y-regenerador-para-unas-3\/\",\"name\":\"Aceite Hanna para Cut\u00edculas 75ml\/ Aceite hidratante y regenerador para u\u00f1as - Hanna Cosm\u00e9tica\",\"isPartOf\":{\"@id\":\"https:\/\/hannacosmetica.com\/#website\"},\"datePublished\":\"2023-06-21T14:45:20+00:00\",\"dateModified\":\"2025-10-28T16:42:27+00:00\",\"breadcrumb\":{\"@id\":\"https:\/\/hannacosmetica.com\/tienda\/hanna-exclusive\/aceites\/aceite-hanna-para-cuticulas-75ml-aceite-hidratante-y-regenerador-para-unas-3\/#breadcrumb\"},\"inLanguage\":\"fr-FR\",\"potentialAction\":[{\"@type\":\"ReadAction\",\"target\":[\"https:\/\/hannacosmetica.com\/tienda\/hanna-exclusive\/aceites\/aceite-hanna-para-cuticulas-75ml-aceite-hidratante-y-regenerador-para-unas-3\/\"]}]},{\"@type\":\"BreadcrumbList\",\"@id\":\"https:\/\/hannacosmetica.com\/tienda\/hanna-exclusive\/aceites\/aceite-hanna-para-cuticulas-75ml-aceite-hidratante-y-regenerador-para-unas-3\/#breadcrumb\",\"itemListElement\":[{\"@type\":\"ListItem\",\"position\":1,\"name\":\"Portada\",\"item\":\"https:\/\/hannacosmetica.com\/\"},{\"@type\":\"ListItem\",\"position\":2,\"name\":\"Tienda\",\"item\":\"https:\/\/hannacosmetica.com\/shop\/\"},{\"@type\":\"ListItem\",\"position\":3,\"name\":\"Aceite Hanna para Cut\u00edculas 75ml\/ Aceite hidratante y regenerador para u\u00f1as\"}]},{\"@type\":\"WebSite\",\"@id\":\"https:\/\/hannacosmetica.com\/#website\",\"url\":\"https:\/\/hannacosmetica.com\/\",\"name\":\"Hanna Cosm\u00e9tica\",\"description\":\"Tienda de productos u\u00f1as, bellezas y peluquer\u00edas\",\"publisher\":{\"@id\":\"https:\/\/hannacosmetica.com\/#organization\"},\"potentialAction\":[{\"@type\":\"SearchAction\",\"target\":{\"@type\":\"EntryPoint\",\"urlTemplate\":\"https:\/\/hannacosmetica.com\/?s={search_term_string}\"},\"query-input\":\"required name=search_term_string\"}],\"inLanguage\":\"fr-FR\"},{\"@type\":\"Organization\",\"@id\":\"https:\/\/hannacosmetica.com\/#organization\",\"name\":\"Hanna Cosm\u00e9tica\",\"url\":\"https:\/\/hannacosmetica.com\/\",\"logo\":{\"@type\":\"ImageObject\",\"inLanguage\":\"fr-FR\",\"@id\":\"https:\/\/hannacosmetica.com\/#\/schema\/logo\/image\/\",\"url\":\"https:\/\/hannacosmetica.com\/wp-content\/uploads\/2022\/07\/Logo-Joyeria-Femenino-Floral-Negro.png\",\"contentUrl\":\"https:\/\/hannacosmetica.com\/wp-content\/uploads\/2022\/07\/Logo-Joyeria-Femenino-Floral-Negro.png\",\"width\":361,\"height\":126,\"caption\":\"Hanna Cosm\u00e9tica\"},\"image\":{\"@id\":\"https:\/\/hannacosmetica.com\/#\/schema\/logo\/image\/\"}}]}<\/script>\n<!-- \/ Yoast SEO plugin. -->","yoast_head_json":{"title":"Aceite Hanna para Cut\u00edculas 75ml\/ Aceite hidratante y regenerador para u\u00f1as - Hanna Cosm\u00e9tica","robots":{"index":"index","follow":"follow","max-snippet":"max-snippet:-1","max-image-preview":"max-image-preview:large","max-video-preview":"max-video-preview:-1"},"canonical":"https:\/\/hannacosmetica.com\/fr\/tienda\/hanna-exclusive\/aceites\/aceite-hanna-para-cuticulas-75ml-aceite-hidratante-y-regenerador-para-unas-3\/","og_locale":"fr_FR","og_type":"article","og_title":"Aceite Hanna para Cut\u00edculas 75ml\/ Aceite hidratante y regenerador para u\u00f1as - Hanna Cosm\u00e9tica","og_description":"HIDRATANTE para cut\u00edculas de manos y pies: Hidrata y da una sensaci\u00f3n de alivio a las cut\u00edculas despu\u00e9s de los procedimientos de&hellip;","og_url":"https:\/\/hannacosmetica.com\/fr\/tienda\/hanna-exclusive\/aceites\/aceite-hanna-para-cuticulas-75ml-aceite-hidratante-y-regenerador-para-unas-3\/","og_site_name":"Hanna Cosm\u00e9tica","article_modified_time":"2025-10-28T16:42:27+00:00","og_image":[{"width":3281,"height":1875,"url":"https:\/\/hannacosmetica.com\/wp-content\/uploads\/2023\/06\/Woman-Manicure-Bright-Nail-Salon-Business-Card-84.png","type":"image\/png"}],"twitter_card":"summary_large_image","schema":{"@context":"https:\/\/schema.org","@graph":[{"@type":"WebPage","@id":"https:\/\/hannacosmetica.com\/tienda\/hanna-exclusive\/aceites\/aceite-hanna-para-cuticulas-75ml-aceite-hidratante-y-regenerador-para-unas-3\/","url":"https:\/\/hannacosmetica.com\/tienda\/hanna-exclusive\/aceites\/aceite-hanna-para-cuticulas-75ml-aceite-hidratante-y-regenerador-para-unas-3\/","name":"Aceite Hanna para Cut\u00edculas 75ml\/ Aceite hidratante y regenerador para u\u00f1as - Hanna Cosm\u00e9tica","isPartOf":{"@id":"https:\/\/hannacosmetica.com\/#website"},"datePublished":"2023-06-21T14:45:20+00:00","dateModified":"2025-10-28T16:42:27+00:00","breadcrumb":{"@id":"https:\/\/hannacosmetica.com\/tienda\/hanna-exclusive\/aceites\/aceite-hanna-para-cuticulas-75ml-aceite-hidratante-y-regenerador-para-unas-3\/#breadcrumb"},"inLanguage":"fr-FR","potentialAction":[{"@type":"ReadAction","target":["https:\/\/hannacosmetica.com\/tienda\/hanna-exclusive\/aceites\/aceite-hanna-para-cuticulas-75ml-aceite-hidratante-y-regenerador-para-unas-3\/"]}]},{"@type":"BreadcrumbList","@id":"https:\/\/hannacosmetica.com\/tienda\/hanna-exclusive\/aceites\/aceite-hanna-para-cuticulas-75ml-aceite-hidratante-y-regenerador-para-unas-3\/#breadcrumb","itemListElement":[{"@type":"ListItem","position":1,"name":"Portada","item":"https:\/\/hannacosmetica.com\/"},{"@type":"ListItem","position":2,"name":"Tienda","item":"https:\/\/hannacosmetica.com\/shop\/"},{"@type":"ListItem","position":3,"name":"Aceite Hanna para Cut\u00edculas 75ml\/ Aceite hidratante y regenerador para u\u00f1as"}]},{"@type":"WebSite","@id":"https:\/\/hannacosmetica.com\/#website","url":"https:\/\/hannacosmetica.com\/","name":"Hanna Cosm\u00e9tica","description":"Tienda de productos u\u00f1as, bellezas y peluquer\u00edas","publisher":{"@id":"https:\/\/hannacosmetica.com\/#organization"},"potentialAction":[{"@type":"SearchAction","target":{"@type":"EntryPoint","urlTemplate":"https:\/\/hannacosmetica.com\/?s={search_term_string}"},"query-input":"required name=search_term_string"}],"inLanguage":"fr-FR"},{"@type":"Organization","@id":"https:\/\/hannacosmetica.com\/#organization","name":"Hanna Cosm\u00e9tica","url":"https:\/\/hannacosmetica.com\/","logo":{"@type":"ImageObject","inLanguage":"fr-FR","@id":"https:\/\/hannacosmetica.com\/#\/schema\/logo\/image\/","url":"https:\/\/hannacosmetica.com\/wp-content\/uploads\/2022\/07\/Logo-Joyeria-Femenino-Floral-Negro.png","contentUrl":"https:\/\/hannacosmetica.com\/wp-content\/uploads\/2022\/07\/Logo-Joyeria-Femenino-Floral-Negro.png","width":361,"height":126,"caption":"Hanna Cosm\u00e9tica"},"image":{"@id":"https:\/\/hannacosmetica.com\/#\/schema\/logo\/image\/"}}]}},"_links":{"self":[{"href":"https:\/\/hannacosmetica.com\/fr\/wp-json\/wp\/v2\/product\/14242"}],"collection":[{"href":"https:\/\/hannacosmetica.com\/fr\/wp-json\/wp\/v2\/product"}],"about":[{"href":"https:\/\/hannacosmetica.com\/fr\/wp-json\/wp\/v2\/types\/product"}],"replies":[{"embeddable":true,"href":"https:\/\/hannacosmetica.com\/fr\/wp-json\/wp\/v2\/comments?post=14242"}],"version-history":[{"count":1,"href":"https:\/\/hannacosmetica.com\/fr\/wp-json\/wp\/v2\/product\/14242\/revisions"}],"predecessor-version":[{"id":14243,"href":"https:\/\/hannacosmetica.com\/fr\/wp-json\/wp\/v2\/product\/14242\/revisions\/14243"}],"wp:featuredmedia":[{"embeddable":true,"href":"https:\/\/hannacosmetica.com\/fr\/wp-json\/wp\/v2\/media\/14238"}],"wp:attachment":[{"href":"https:\/\/hannacosmetica.com\/fr\/wp-json\/wp\/v2\/media?parent=14242"}],"wp:term":[{"taxonomy":"product_cat","embeddable":true,"href":"https:\/\/hannacosmetica.com\/fr\/wp-json\/wp\/v2\/product_cat?post=14242"},{"taxonomy":"product_tag","embeddable":true,"href":"https:\/\/hannacosmetica.com\/fr\/wp-json\/wp\/v2\/product_tag?post=14242"}],"curies":[{"name":"wp","href":"https:\/\/api.w.org\/{rel}","templated":true}]}}