{"id":13745,"date":"2023-05-10T13:47:55","date_gmt":"2023-05-10T13:47:55","guid":{"rendered":"https:\/\/hannacosmetica.com\/?post_type=product&#038;p=13745"},"modified":"2024-07-16T13:11:50","modified_gmt":"2024-07-16T13:11:50","slug":"acetona-hanna-500ml-acetona-para-uso-profesional","status":"publish","type":"product","link":"https:\/\/hannacosmetica.com\/fr\/tienda\/manicura\/liquidos\/acetona-hanna-500ml-acetona-para-uso-profesional\/","title":{"rendered":"Acetona Hanna 500ml \/ Acetona Para Uso Profesional."},"content":{"rendered":"<ul class=\"elementor-icon-list-items\">\n<li class=\"elementor-icon-list-item\"><span class=\"elementor-icon-list-text\">Disolver cualquier tipo de esmaltado de u\u00f1as<\/span><\/li>\n<li class=\"elementor-icon-list-item\"><i class=\"fa fa-check\" aria-hidden=\"true\"><\/i><span class=\"elementor-icon-list-text\">Un mejor resultado frente al quitaesmalte<\/span><\/li>\n<li class=\"elementor-icon-list-item\"><i class=\"fa fa-check\" aria-hidden=\"true\"><\/i><span class=\"elementor-icon-list-text\">Todo tipo de u\u00f1as<\/span><\/li>\n<li>\n<div class=\"elementor-element elementor-element-oudamxy elementor-column elementor-col-33 elementor-top-column\" data-id=\"oudamxy\" data-element_type=\"column\">\n<div class=\"elementor-column-wrap elementor-element-populated\">\n<div class=\"elementor-widget-wrap\">\n<div class=\"elementor-element elementor-element-tetlxjk elementor-position-top elementor-vertical-align-top elementor-widget elementor-widget-image-box\" data-id=\"tetlxjk\" data-element_type=\"widget\" data-widget_type=\"image-box.default\">\n<div class=\"elementor-widget-container\">\n<div class=\"elementor-image-box-wrapper\">\n<div class=\"elementor-image-box-content\">\n<p class=\"elementor-image-box-description\">Empapa un algod\u00f3n con el producto.Si tu esmaltado es <b>normal o cl\u00e1sico<\/b>, limpia la u\u00f1a directamente con el algod\u00f3n empapado. Si es\u00a0<b>semipermanente<\/b>, deja el algod\u00f3n pegado a la u\u00f1a entre\u00a0<i>5 y 10 minutos<\/i>.Una vez retirado el esmalte, recomendamos aplicar un poco de aceite de cut\u00edculas en toda la u\u00f1a para combatir la deshidrataci\u00f3n.<\/p>\n<p>Tama\u00f1o: 500ml<\/p>\n<\/div>\n<\/div>\n<\/div>\n<\/div>\n<\/div>\n<\/div>\n<\/div>\n<div class=\"elementor-element elementor-element-ytudgcm elementor-column elementor-col-33 elementor-top-column\" data-id=\"ytudgcm\" data-element_type=\"column\">\n<div class=\"elementor-column-wrap elementor-element-populated\">\n<div class=\"elementor-widget-wrap\">\n<div class=\"elementor-element elementor-element-cqiefnr elementor-widget elementor-widget-spacer\" data-id=\"cqiefnr\" data-element_type=\"widget\" data-widget_type=\"spacer.default\">\n<div class=\"elementor-widget-container\">\n<div class=\"elementor-spacer\"><\/div>\n<\/div>\n<\/div>\n<\/div>\n<\/div>\n<\/div>\n<\/li>\n<\/ul>","protected":false},"excerpt":{"rendered":"<p>Disolver cualquier tipo de esmaltado de u\u00f1as Un mejor resultado frente al quitaesmalte Todo tipo de u\u00f1as Empapa un algod\u00f3n con el&hellip;<\/p>","protected":false},"featured_media":13746,"comment_status":"open","ping_status":"closed","template":"","meta":[],"product_cat":[304,82,94,87],"product_tag":[],"yoast_head":"<!-- This site is optimized with the Yoast SEO plugin v19.9 - https:\/\/yoast.com\/wordpress\/plugins\/seo\/ -->\n<title>Acetona Hanna 500ml \/ Acetona Para Uso Profesional. - Hanna Cosm\u00e9tica<\/title>\n<meta name=\"robots\" content=\"index, follow, max-snippet:-1, max-image-preview:large, max-video-preview:-1\" \/>\n<link rel=\"canonical\" href=\"https:\/\/hannacosmetica.com\/fr\/tienda\/manicura\/liquidos\/acetona-hanna-500ml-acetona-para-uso-profesional\/\" \/>\n<meta property=\"og:locale\" content=\"fr_FR\" \/>\n<meta property=\"og:type\" content=\"article\" \/>\n<meta property=\"og:title\" content=\"Acetona Hanna 500ml \/ Acetona Para Uso Profesional. - Hanna Cosm\u00e9tica\" \/>\n<meta property=\"og:description\" content=\"Disolver cualquier tipo de esmaltado de u\u00f1as Un mejor resultado frente al quitaesmalte Todo tipo de u\u00f1as Empapa un algod\u00f3n con el&hellip;\" \/>\n<meta property=\"og:url\" content=\"https:\/\/hannacosmetica.com\/fr\/tienda\/manicura\/liquidos\/acetona-hanna-500ml-acetona-para-uso-profesional\/\" \/>\n<meta property=\"og:site_name\" content=\"Hanna Cosm\u00e9tica\" \/>\n<meta property=\"article:modified_time\" content=\"2024-07-16T13:11:50+00:00\" \/>\n<meta property=\"og:image\" content=\"https:\/\/hannacosmetica.com\/wp-content\/uploads\/2023\/05\/100180-2023-05-10T153841.917.png\" \/>\n\t<meta property=\"og:image:width\" content=\"1563\" \/>\n\t<meta property=\"og:image:height\" content=\"1563\" \/>\n\t<meta property=\"og:image:type\" content=\"image\/png\" \/>\n<meta name=\"twitter:card\" content=\"summary_large_image\" \/>\n<script type=\"application\/ld+json\" class=\"yoast-schema-graph\">{\"@context\":\"https:\/\/schema.org\",\"@graph\":[{\"@type\":\"WebPage\",\"@id\":\"https:\/\/hannacosmetica.com\/tienda\/manicura\/liquidos\/acetona-hanna-500ml-acetona-para-uso-profesional\/\",\"url\":\"https:\/\/hannacosmetica.com\/tienda\/manicura\/liquidos\/acetona-hanna-500ml-acetona-para-uso-profesional\/\",\"name\":\"Acetona Hanna 500ml \/ Acetona Para Uso Profesional. - Hanna Cosm\u00e9tica\",\"isPartOf\":{\"@id\":\"https:\/\/hannacosmetica.com\/#website\"},\"datePublished\":\"2023-05-10T13:47:55+00:00\",\"dateModified\":\"2024-07-16T13:11:50+00:00\",\"breadcrumb\":{\"@id\":\"https:\/\/hannacosmetica.com\/tienda\/manicura\/liquidos\/acetona-hanna-500ml-acetona-para-uso-profesional\/#breadcrumb\"},\"inLanguage\":\"fr-FR\",\"potentialAction\":[{\"@type\":\"ReadAction\",\"target\":[\"https:\/\/hannacosmetica.com\/tienda\/manicura\/liquidos\/acetona-hanna-500ml-acetona-para-uso-profesional\/\"]}]},{\"@type\":\"BreadcrumbList\",\"@id\":\"https:\/\/hannacosmetica.com\/tienda\/manicura\/liquidos\/acetona-hanna-500ml-acetona-para-uso-profesional\/#breadcrumb\",\"itemListElement\":[{\"@type\":\"ListItem\",\"position\":1,\"name\":\"Portada\",\"item\":\"https:\/\/hannacosmetica.com\/\"},{\"@type\":\"ListItem\",\"position\":2,\"name\":\"Tienda\",\"item\":\"https:\/\/hannacosmetica.com\/shop\/\"},{\"@type\":\"ListItem\",\"position\":3,\"name\":\"Acetona Hanna 500ml \/ Acetona Para Uso Profesional.\"}]},{\"@type\":\"WebSite\",\"@id\":\"https:\/\/hannacosmetica.com\/#website\",\"url\":\"https:\/\/hannacosmetica.com\/\",\"name\":\"Hanna Cosm\u00e9tica\",\"description\":\"Tienda de productos u\u00f1as, bellezas y peluquer\u00edas\",\"publisher\":{\"@id\":\"https:\/\/hannacosmetica.com\/#organization\"},\"potentialAction\":[{\"@type\":\"SearchAction\",\"target\":{\"@type\":\"EntryPoint\",\"urlTemplate\":\"https:\/\/hannacosmetica.com\/?s={search_term_string}\"},\"query-input\":\"required name=search_term_string\"}],\"inLanguage\":\"fr-FR\"},{\"@type\":\"Organization\",\"@id\":\"https:\/\/hannacosmetica.com\/#organization\",\"name\":\"Hanna Cosm\u00e9tica\",\"url\":\"https:\/\/hannacosmetica.com\/\",\"logo\":{\"@type\":\"ImageObject\",\"inLanguage\":\"fr-FR\",\"@id\":\"https:\/\/hannacosmetica.com\/#\/schema\/logo\/image\/\",\"url\":\"https:\/\/hannacosmetica.com\/wp-content\/uploads\/2022\/07\/Logo-Joyeria-Femenino-Floral-Negro.png\",\"contentUrl\":\"https:\/\/hannacosmetica.com\/wp-content\/uploads\/2022\/07\/Logo-Joyeria-Femenino-Floral-Negro.png\",\"width\":361,\"height\":126,\"caption\":\"Hanna Cosm\u00e9tica\"},\"image\":{\"@id\":\"https:\/\/hannacosmetica.com\/#\/schema\/logo\/image\/\"}}]}<\/script>\n<!-- \/ Yoast SEO plugin. -->","yoast_head_json":{"title":"Acetona Hanna 500ml \/ Acetona Para Uso Profesional. - Hanna Cosm\u00e9tica","robots":{"index":"index","follow":"follow","max-snippet":"max-snippet:-1","max-image-preview":"max-image-preview:large","max-video-preview":"max-video-preview:-1"},"canonical":"https:\/\/hannacosmetica.com\/fr\/tienda\/manicura\/liquidos\/acetona-hanna-500ml-acetona-para-uso-profesional\/","og_locale":"fr_FR","og_type":"article","og_title":"Acetona Hanna 500ml \/ Acetona Para Uso Profesional. - Hanna Cosm\u00e9tica","og_description":"Disolver cualquier tipo de esmaltado de u\u00f1as Un mejor resultado frente al quitaesmalte Todo tipo de u\u00f1as Empapa un algod\u00f3n con el&hellip;","og_url":"https:\/\/hannacosmetica.com\/fr\/tienda\/manicura\/liquidos\/acetona-hanna-500ml-acetona-para-uso-profesional\/","og_site_name":"Hanna Cosm\u00e9tica","article_modified_time":"2024-07-16T13:11:50+00:00","og_image":[{"width":1563,"height":1563,"url":"https:\/\/hannacosmetica.com\/wp-content\/uploads\/2023\/05\/100180-2023-05-10T153841.917.png","type":"image\/png"}],"twitter_card":"summary_large_image","schema":{"@context":"https:\/\/schema.org","@graph":[{"@type":"WebPage","@id":"https:\/\/hannacosmetica.com\/tienda\/manicura\/liquidos\/acetona-hanna-500ml-acetona-para-uso-profesional\/","url":"https:\/\/hannacosmetica.com\/tienda\/manicura\/liquidos\/acetona-hanna-500ml-acetona-para-uso-profesional\/","name":"Acetona Hanna 500ml \/ Acetona Para Uso Profesional. - Hanna Cosm\u00e9tica","isPartOf":{"@id":"https:\/\/hannacosmetica.com\/#website"},"datePublished":"2023-05-10T13:47:55+00:00","dateModified":"2024-07-16T13:11:50+00:00","breadcrumb":{"@id":"https:\/\/hannacosmetica.com\/tienda\/manicura\/liquidos\/acetona-hanna-500ml-acetona-para-uso-profesional\/#breadcrumb"},"inLanguage":"fr-FR","potentialAction":[{"@type":"ReadAction","target":["https:\/\/hannacosmetica.com\/tienda\/manicura\/liquidos\/acetona-hanna-500ml-acetona-para-uso-profesional\/"]}]},{"@type":"BreadcrumbList","@id":"https:\/\/hannacosmetica.com\/tienda\/manicura\/liquidos\/acetona-hanna-500ml-acetona-para-uso-profesional\/#breadcrumb","itemListElement":[{"@type":"ListItem","position":1,"name":"Portada","item":"https:\/\/hannacosmetica.com\/"},{"@type":"ListItem","position":2,"name":"Tienda","item":"https:\/\/hannacosmetica.com\/shop\/"},{"@type":"ListItem","position":3,"name":"Acetona Hanna 500ml \/ Acetona Para Uso Profesional."}]},{"@type":"WebSite","@id":"https:\/\/hannacosmetica.com\/#website","url":"https:\/\/hannacosmetica.com\/","name":"Hanna Cosm\u00e9tica","description":"Tienda de productos u\u00f1as, bellezas y peluquer\u00edas","publisher":{"@id":"https:\/\/hannacosmetica.com\/#organization"},"potentialAction":[{"@type":"SearchAction","target":{"@type":"EntryPoint","urlTemplate":"https:\/\/hannacosmetica.com\/?s={search_term_string}"},"query-input":"required name=search_term_string"}],"inLanguage":"fr-FR"},{"@type":"Organization","@id":"https:\/\/hannacosmetica.com\/#organization","name":"Hanna Cosm\u00e9tica","url":"https:\/\/hannacosmetica.com\/","logo":{"@type":"ImageObject","inLanguage":"fr-FR","@id":"https:\/\/hannacosmetica.com\/#\/schema\/logo\/image\/","url":"https:\/\/hannacosmetica.com\/wp-content\/uploads\/2022\/07\/Logo-Joyeria-Femenino-Floral-Negro.png","contentUrl":"https:\/\/hannacosmetica.com\/wp-content\/uploads\/2022\/07\/Logo-Joyeria-Femenino-Floral-Negro.png","width":361,"height":126,"caption":"Hanna Cosm\u00e9tica"},"image":{"@id":"https:\/\/hannacosmetica.com\/#\/schema\/logo\/image\/"}}]}},"_links":{"self":[{"href":"https:\/\/hannacosmetica.com\/fr\/wp-json\/wp\/v2\/product\/13745"}],"collection":[{"href":"https:\/\/hannacosmetica.com\/fr\/wp-json\/wp\/v2\/product"}],"about":[{"href":"https:\/\/hannacosmetica.com\/fr\/wp-json\/wp\/v2\/types\/product"}],"replies":[{"embeddable":true,"href":"https:\/\/hannacosmetica.com\/fr\/wp-json\/wp\/v2\/comments?post=13745"}],"version-history":[{"count":1,"href":"https:\/\/hannacosmetica.com\/fr\/wp-json\/wp\/v2\/product\/13745\/revisions"}],"predecessor-version":[{"id":13747,"href":"https:\/\/hannacosmetica.com\/fr\/wp-json\/wp\/v2\/product\/13745\/revisions\/13747"}],"wp:featuredmedia":[{"embeddable":true,"href":"https:\/\/hannacosmetica.com\/fr\/wp-json\/wp\/v2\/media\/13746"}],"wp:attachment":[{"href":"https:\/\/hannacosmetica.com\/fr\/wp-json\/wp\/v2\/media?parent=13745"}],"wp:term":[{"taxonomy":"product_cat","embeddable":true,"href":"https:\/\/hannacosmetica.com\/fr\/wp-json\/wp\/v2\/product_cat?post=13745"},{"taxonomy":"product_tag","embeddable":true,"href":"https:\/\/hannacosmetica.com\/fr\/wp-json\/wp\/v2\/product_tag?post=13745"}],"curies":[{"name":"wp","href":"https:\/\/api.w.org\/{rel}","templated":true}]}}