{"id":13697,"date":"2023-05-09T09:28:38","date_gmt":"2023-05-09T09:28:38","guid":{"rendered":"https:\/\/hannacosmetica.com\/?post_type=product&#038;p=13697"},"modified":"2023-08-22T13:44:24","modified_gmt":"2023-08-22T13:44:24","slug":"empujador-de-cuticula-palitos-de-manicura-de-doble-punta-empujador-de-acrilico-100-unidades","status":"publish","type":"product","link":"https:\/\/hannacosmetica.com\/fr\/tienda\/manicura\/alicate-y-empujador\/empujador-de-cuticula-palitos-de-manicura-de-doble-punta-empujador-de-acrilico-100-unidades\/","title":{"rendered":"Empujador de Cut\u00edcula\/ Palitos de Manicura de Doble Punta\/ Empujador de Acr\u00edlico 100 unidades"},"content":{"rendered":"<ul class=\"a-unordered-list a-vertical a-spacing-mini\">\n<li class=\"a-spacing-mini\"><span class=\"a-list-item\">2 en 1 multifuncional &#8212; La barra de limpieza de u\u00f1as se puede usar para limpiar la pared lateral o la u\u00f1a debajo de la u\u00f1a, empujar hacia atr\u00e1s y exfoliar la cut\u00edcula. Tambi\u00e9n se puede usar para mojar pegamento, recoger y ajustar accesorios de u\u00f1as, hacer peque\u00f1as l\u00edneas y patrones en las u\u00f1as o aplanar calcoman\u00edas de u\u00f1as.<\/span><\/li>\n<li class=\"a-spacing-mini\"><span class=\"a-list-item\">Uso con dos cabezas &#8212; La barra de u\u00f1as desechable tiene un extremo con bisel y otro extremo puntiagudo, lo que es bueno para limpiar y quitar las u\u00f1as. La punta se puede raspar y limpiar con cuidado alrededor o debajo de la u\u00f1a. El extremo biselado se puede utilizar para limpiar la cut\u00edcula y el removedor de u\u00f1as.<\/span><\/li>\n<li class=\"a-spacing-mini\"><span class=\"a-list-item\">Cantidad suficiente &#8212; 100 putters de cut\u00edcula multifuncionales\u00a0<\/span><\/li>\n<\/ul>","protected":false},"excerpt":{"rendered":"<p>2 en 1 multifuncional &#8212; La barra de limpieza de u\u00f1as se puede usar para limpiar la pared lateral o la u\u00f1a&hellip;<\/p>","protected":false},"featured_media":13654,"comment_status":"open","ping_status":"closed","template":"","meta":[],"product_cat":[139,82],"product_tag":[],"yoast_head":"<!-- This site is optimized with the Yoast SEO plugin v19.9 - https:\/\/yoast.com\/wordpress\/plugins\/seo\/ -->\n<title>Empujador de Cut\u00edcula\/ Palitos de Manicura de Doble Punta\/ Empujador de Acr\u00edlico 100 unidades - Hanna Cosm\u00e9tica<\/title>\n<meta name=\"robots\" content=\"index, follow, max-snippet:-1, max-image-preview:large, max-video-preview:-1\" \/>\n<link rel=\"canonical\" href=\"https:\/\/hannacosmetica.com\/fr\/tienda\/manicura\/alicate-y-empujador\/empujador-de-cuticula-palitos-de-manicura-de-doble-punta-empujador-de-acrilico-100-unidades\/\" \/>\n<meta property=\"og:locale\" content=\"fr_FR\" \/>\n<meta property=\"og:type\" content=\"article\" \/>\n<meta property=\"og:title\" content=\"Empujador de Cut\u00edcula\/ Palitos de Manicura de Doble Punta\/ Empujador de Acr\u00edlico 100 unidades - Hanna Cosm\u00e9tica\" \/>\n<meta property=\"og:description\" content=\"2 en 1 multifuncional &#8212; La barra de limpieza de u\u00f1as se puede usar para limpiar la pared lateral o la u\u00f1a&hellip;\" \/>\n<meta property=\"og:url\" content=\"https:\/\/hannacosmetica.com\/fr\/tienda\/manicura\/alicate-y-empujador\/empujador-de-cuticula-palitos-de-manicura-de-doble-punta-empujador-de-acrilico-100-unidades\/\" \/>\n<meta property=\"og:site_name\" content=\"Hanna Cosm\u00e9tica\" \/>\n<meta property=\"article:modified_time\" content=\"2023-08-22T13:44:24+00:00\" \/>\n<meta property=\"og:image\" content=\"https:\/\/hannacosmetica.com\/wp-content\/uploads\/2023\/05\/Black-Beige-Aesthetic-Minimalist-Signature-Initial-Logo-2023-05-05T121533.632.png\" \/>\n\t<meta property=\"og:image:width\" content=\"875\" \/>\n\t<meta property=\"og:image:height\" content=\"875\" \/>\n\t<meta property=\"og:image:type\" content=\"image\/png\" \/>\n<meta name=\"twitter:card\" content=\"summary_large_image\" \/>\n<script type=\"application\/ld+json\" class=\"yoast-schema-graph\">{\"@context\":\"https:\/\/schema.org\",\"@graph\":[{\"@type\":\"WebPage\",\"@id\":\"https:\/\/hannacosmetica.com\/tienda\/manicura\/alicate-y-empujador\/empujador-de-cuticula-palitos-de-manicura-de-doble-punta-empujador-de-acrilico-100-unidades\/\",\"url\":\"https:\/\/hannacosmetica.com\/tienda\/manicura\/alicate-y-empujador\/empujador-de-cuticula-palitos-de-manicura-de-doble-punta-empujador-de-acrilico-100-unidades\/\",\"name\":\"Empujador de Cut\u00edcula\/ Palitos de Manicura de Doble Punta\/ Empujador de Acr\u00edlico 100 unidades - Hanna Cosm\u00e9tica\",\"isPartOf\":{\"@id\":\"https:\/\/hannacosmetica.com\/#website\"},\"datePublished\":\"2023-05-09T09:28:38+00:00\",\"dateModified\":\"2023-08-22T13:44:24+00:00\",\"breadcrumb\":{\"@id\":\"https:\/\/hannacosmetica.com\/tienda\/manicura\/alicate-y-empujador\/empujador-de-cuticula-palitos-de-manicura-de-doble-punta-empujador-de-acrilico-100-unidades\/#breadcrumb\"},\"inLanguage\":\"fr-FR\",\"potentialAction\":[{\"@type\":\"ReadAction\",\"target\":[\"https:\/\/hannacosmetica.com\/tienda\/manicura\/alicate-y-empujador\/empujador-de-cuticula-palitos-de-manicura-de-doble-punta-empujador-de-acrilico-100-unidades\/\"]}]},{\"@type\":\"BreadcrumbList\",\"@id\":\"https:\/\/hannacosmetica.com\/tienda\/manicura\/alicate-y-empujador\/empujador-de-cuticula-palitos-de-manicura-de-doble-punta-empujador-de-acrilico-100-unidades\/#breadcrumb\",\"itemListElement\":[{\"@type\":\"ListItem\",\"position\":1,\"name\":\"Portada\",\"item\":\"https:\/\/hannacosmetica.com\/\"},{\"@type\":\"ListItem\",\"position\":2,\"name\":\"Tienda\",\"item\":\"https:\/\/hannacosmetica.com\/shop\/\"},{\"@type\":\"ListItem\",\"position\":3,\"name\":\"Empujador de Cut\u00edcula\/ Palitos de Manicura de Doble Punta\/ Empujador de Acr\u00edlico 100 unidades\"}]},{\"@type\":\"WebSite\",\"@id\":\"https:\/\/hannacosmetica.com\/#website\",\"url\":\"https:\/\/hannacosmetica.com\/\",\"name\":\"Hanna Cosm\u00e9tica\",\"description\":\"Tienda de productos u\u00f1as, bellezas y peluquer\u00edas\",\"publisher\":{\"@id\":\"https:\/\/hannacosmetica.com\/#organization\"},\"potentialAction\":[{\"@type\":\"SearchAction\",\"target\":{\"@type\":\"EntryPoint\",\"urlTemplate\":\"https:\/\/hannacosmetica.com\/?s={search_term_string}\"},\"query-input\":\"required name=search_term_string\"}],\"inLanguage\":\"fr-FR\"},{\"@type\":\"Organization\",\"@id\":\"https:\/\/hannacosmetica.com\/#organization\",\"name\":\"Hanna Cosm\u00e9tica\",\"url\":\"https:\/\/hannacosmetica.com\/\",\"logo\":{\"@type\":\"ImageObject\",\"inLanguage\":\"fr-FR\",\"@id\":\"https:\/\/hannacosmetica.com\/#\/schema\/logo\/image\/\",\"url\":\"https:\/\/hannacosmetica.com\/wp-content\/uploads\/2022\/07\/Logo-Joyeria-Femenino-Floral-Negro.png\",\"contentUrl\":\"https:\/\/hannacosmetica.com\/wp-content\/uploads\/2022\/07\/Logo-Joyeria-Femenino-Floral-Negro.png\",\"width\":361,\"height\":126,\"caption\":\"Hanna Cosm\u00e9tica\"},\"image\":{\"@id\":\"https:\/\/hannacosmetica.com\/#\/schema\/logo\/image\/\"}}]}<\/script>\n<!-- \/ Yoast SEO plugin. -->","yoast_head_json":{"title":"Empujador de Cut\u00edcula\/ Palitos de Manicura de Doble Punta\/ Empujador de Acr\u00edlico 100 unidades - Hanna Cosm\u00e9tica","robots":{"index":"index","follow":"follow","max-snippet":"max-snippet:-1","max-image-preview":"max-image-preview:large","max-video-preview":"max-video-preview:-1"},"canonical":"https:\/\/hannacosmetica.com\/fr\/tienda\/manicura\/alicate-y-empujador\/empujador-de-cuticula-palitos-de-manicura-de-doble-punta-empujador-de-acrilico-100-unidades\/","og_locale":"fr_FR","og_type":"article","og_title":"Empujador de Cut\u00edcula\/ Palitos de Manicura de Doble Punta\/ Empujador de Acr\u00edlico 100 unidades - Hanna Cosm\u00e9tica","og_description":"2 en 1 multifuncional &#8212; La barra de limpieza de u\u00f1as se puede usar para limpiar la pared lateral o la u\u00f1a&hellip;","og_url":"https:\/\/hannacosmetica.com\/fr\/tienda\/manicura\/alicate-y-empujador\/empujador-de-cuticula-palitos-de-manicura-de-doble-punta-empujador-de-acrilico-100-unidades\/","og_site_name":"Hanna Cosm\u00e9tica","article_modified_time":"2023-08-22T13:44:24+00:00","og_image":[{"width":875,"height":875,"url":"https:\/\/hannacosmetica.com\/wp-content\/uploads\/2023\/05\/Black-Beige-Aesthetic-Minimalist-Signature-Initial-Logo-2023-05-05T121533.632.png","type":"image\/png"}],"twitter_card":"summary_large_image","schema":{"@context":"https:\/\/schema.org","@graph":[{"@type":"WebPage","@id":"https:\/\/hannacosmetica.com\/tienda\/manicura\/alicate-y-empujador\/empujador-de-cuticula-palitos-de-manicura-de-doble-punta-empujador-de-acrilico-100-unidades\/","url":"https:\/\/hannacosmetica.com\/tienda\/manicura\/alicate-y-empujador\/empujador-de-cuticula-palitos-de-manicura-de-doble-punta-empujador-de-acrilico-100-unidades\/","name":"Empujador de Cut\u00edcula\/ Palitos de Manicura de Doble Punta\/ Empujador de Acr\u00edlico 100 unidades - Hanna Cosm\u00e9tica","isPartOf":{"@id":"https:\/\/hannacosmetica.com\/#website"},"datePublished":"2023-05-09T09:28:38+00:00","dateModified":"2023-08-22T13:44:24+00:00","breadcrumb":{"@id":"https:\/\/hannacosmetica.com\/tienda\/manicura\/alicate-y-empujador\/empujador-de-cuticula-palitos-de-manicura-de-doble-punta-empujador-de-acrilico-100-unidades\/#breadcrumb"},"inLanguage":"fr-FR","potentialAction":[{"@type":"ReadAction","target":["https:\/\/hannacosmetica.com\/tienda\/manicura\/alicate-y-empujador\/empujador-de-cuticula-palitos-de-manicura-de-doble-punta-empujador-de-acrilico-100-unidades\/"]}]},{"@type":"BreadcrumbList","@id":"https:\/\/hannacosmetica.com\/tienda\/manicura\/alicate-y-empujador\/empujador-de-cuticula-palitos-de-manicura-de-doble-punta-empujador-de-acrilico-100-unidades\/#breadcrumb","itemListElement":[{"@type":"ListItem","position":1,"name":"Portada","item":"https:\/\/hannacosmetica.com\/"},{"@type":"ListItem","position":2,"name":"Tienda","item":"https:\/\/hannacosmetica.com\/shop\/"},{"@type":"ListItem","position":3,"name":"Empujador de Cut\u00edcula\/ Palitos de Manicura de Doble Punta\/ Empujador de Acr\u00edlico 100 unidades"}]},{"@type":"WebSite","@id":"https:\/\/hannacosmetica.com\/#website","url":"https:\/\/hannacosmetica.com\/","name":"Hanna Cosm\u00e9tica","description":"Tienda de productos u\u00f1as, bellezas y peluquer\u00edas","publisher":{"@id":"https:\/\/hannacosmetica.com\/#organization"},"potentialAction":[{"@type":"SearchAction","target":{"@type":"EntryPoint","urlTemplate":"https:\/\/hannacosmetica.com\/?s={search_term_string}"},"query-input":"required name=search_term_string"}],"inLanguage":"fr-FR"},{"@type":"Organization","@id":"https:\/\/hannacosmetica.com\/#organization","name":"Hanna Cosm\u00e9tica","url":"https:\/\/hannacosmetica.com\/","logo":{"@type":"ImageObject","inLanguage":"fr-FR","@id":"https:\/\/hannacosmetica.com\/#\/schema\/logo\/image\/","url":"https:\/\/hannacosmetica.com\/wp-content\/uploads\/2022\/07\/Logo-Joyeria-Femenino-Floral-Negro.png","contentUrl":"https:\/\/hannacosmetica.com\/wp-content\/uploads\/2022\/07\/Logo-Joyeria-Femenino-Floral-Negro.png","width":361,"height":126,"caption":"Hanna Cosm\u00e9tica"},"image":{"@id":"https:\/\/hannacosmetica.com\/#\/schema\/logo\/image\/"}}]}},"_links":{"self":[{"href":"https:\/\/hannacosmetica.com\/fr\/wp-json\/wp\/v2\/product\/13697"}],"collection":[{"href":"https:\/\/hannacosmetica.com\/fr\/wp-json\/wp\/v2\/product"}],"about":[{"href":"https:\/\/hannacosmetica.com\/fr\/wp-json\/wp\/v2\/types\/product"}],"replies":[{"embeddable":true,"href":"https:\/\/hannacosmetica.com\/fr\/wp-json\/wp\/v2\/comments?post=13697"}],"version-history":[{"count":1,"href":"https:\/\/hannacosmetica.com\/fr\/wp-json\/wp\/v2\/product\/13697\/revisions"}],"predecessor-version":[{"id":13698,"href":"https:\/\/hannacosmetica.com\/fr\/wp-json\/wp\/v2\/product\/13697\/revisions\/13698"}],"wp:featuredmedia":[{"embeddable":true,"href":"https:\/\/hannacosmetica.com\/fr\/wp-json\/wp\/v2\/media\/13654"}],"wp:attachment":[{"href":"https:\/\/hannacosmetica.com\/fr\/wp-json\/wp\/v2\/media?parent=13697"}],"wp:term":[{"taxonomy":"product_cat","embeddable":true,"href":"https:\/\/hannacosmetica.com\/fr\/wp-json\/wp\/v2\/product_cat?post=13697"},{"taxonomy":"product_tag","embeddable":true,"href":"https:\/\/hannacosmetica.com\/fr\/wp-json\/wp\/v2\/product_tag?post=13697"}],"curies":[{"name":"wp","href":"https:\/\/api.w.org\/{rel}","templated":true}]}}