{"id":13628,"date":"2023-05-04T16:26:20","date_gmt":"2023-05-04T16:26:20","guid":{"rendered":"https:\/\/hannacosmetica.com\/?post_type=product&#038;p=13628"},"modified":"2023-08-22T13:46:31","modified_gmt":"2023-08-22T13:46:31","slug":"brocha-de-unas-cepillo-limpia-polvo-de-unas-brocha-de-maquillaje","status":"publish","type":"product","link":"https:\/\/hannacosmetica.com\/fr\/tienda\/manicura\/brocha\/brocha-de-unas-cepillo-limpia-polvo-de-unas-brocha-de-maquillaje\/","title":{"rendered":"Brocha de u\u00f1as \/ Cepillo limpia polvo de u\u00f1as \/ Brocha de Maquillaje"},"content":{"rendered":"<ul class=\"a-unordered-list a-vertical a-spacing-mini\">\n<li><span class=\"a-list-item\">\u3010Cepillo multifunci\u00f3n\u3011 El cepillo de u\u00f1as profesional para limpiar el polvo despu\u00e9s de limar y perforar las u\u00f1as. Adecuado para manicura profesional o uso personal en casa. El pincel tambi\u00e9n es tan suave como un pincel de maquillaje en polvo<\/span><\/li>\n<li><span class=\"a-list-item\">\u3010Dise\u00f1o maravilloso\u3011Las brochas para polvos est\u00e1n hechas de material de alta calidad, te dan una sensaci\u00f3n suave al tacto y son duraderas. Con un exquisito mango largo proporciona una sensaci\u00f3n agradable en la mano<\/span><\/li>\n<li><span class=\"a-list-item\">Alta calidad. La lana es suave y c\u00f3moda para la limpieza de todas las u\u00f1as sucias, te da una sensaci\u00f3n de tacto suave.\u00a0<\/span><\/li>\n<\/ul>","protected":false},"excerpt":{"rendered":"<p>\u3010Cepillo multifunci\u00f3n\u3011 El cepillo de u\u00f1as profesional para limpiar el polvo despu\u00e9s de limar y perforar las u\u00f1as. Adecuado para manicura profesional&hellip;<\/p>","protected":false},"featured_media":13632,"comment_status":"open","ping_status":"closed","template":"","meta":[],"product_cat":[133,82],"product_tag":[],"yoast_head":"<!-- This site is optimized with the Yoast SEO plugin v19.9 - https:\/\/yoast.com\/wordpress\/plugins\/seo\/ -->\n<title>Brocha de u\u00f1as \/ Cepillo limpia polvo de u\u00f1as \/ Brocha de Maquillaje - Hanna Cosm\u00e9tica<\/title>\n<meta name=\"robots\" content=\"index, follow, max-snippet:-1, max-image-preview:large, max-video-preview:-1\" \/>\n<link rel=\"canonical\" href=\"https:\/\/hannacosmetica.com\/fr\/tienda\/manicura\/brocha\/brocha-de-unas-cepillo-limpia-polvo-de-unas-brocha-de-maquillaje\/\" \/>\n<meta property=\"og:locale\" content=\"fr_FR\" \/>\n<meta property=\"og:type\" content=\"article\" \/>\n<meta property=\"og:title\" content=\"Brocha de u\u00f1as \/ Cepillo limpia polvo de u\u00f1as \/ Brocha de Maquillaje - Hanna Cosm\u00e9tica\" \/>\n<meta property=\"og:description\" content=\"\u3010Cepillo multifunci\u00f3n\u3011 El cepillo de u\u00f1as profesional para limpiar el polvo despu\u00e9s de limar y perforar las u\u00f1as. Adecuado para manicura profesional&hellip;\" \/>\n<meta property=\"og:url\" content=\"https:\/\/hannacosmetica.com\/fr\/tienda\/manicura\/brocha\/brocha-de-unas-cepillo-limpia-polvo-de-unas-brocha-de-maquillaje\/\" \/>\n<meta property=\"og:site_name\" content=\"Hanna Cosm\u00e9tica\" \/>\n<meta property=\"article:modified_time\" content=\"2023-08-22T13:46:31+00:00\" \/>\n<meta property=\"og:image\" content=\"https:\/\/hannacosmetica.com\/wp-content\/uploads\/2023\/05\/Black-Beige-Aesthetic-Minimalist-Signature-Initial-Logo-2023-05-04T173950.006.png\" \/>\n\t<meta property=\"og:image:width\" content=\"875\" \/>\n\t<meta property=\"og:image:height\" content=\"875\" \/>\n\t<meta property=\"og:image:type\" content=\"image\/png\" \/>\n<meta name=\"twitter:card\" content=\"summary_large_image\" \/>\n<script type=\"application\/ld+json\" class=\"yoast-schema-graph\">{\"@context\":\"https:\/\/schema.org\",\"@graph\":[{\"@type\":\"WebPage\",\"@id\":\"https:\/\/hannacosmetica.com\/tienda\/manicura\/brocha\/brocha-de-unas-cepillo-limpia-polvo-de-unas-brocha-de-maquillaje\/\",\"url\":\"https:\/\/hannacosmetica.com\/tienda\/manicura\/brocha\/brocha-de-unas-cepillo-limpia-polvo-de-unas-brocha-de-maquillaje\/\",\"name\":\"Brocha de u\u00f1as \/ Cepillo limpia polvo de u\u00f1as \/ Brocha de Maquillaje - Hanna Cosm\u00e9tica\",\"isPartOf\":{\"@id\":\"https:\/\/hannacosmetica.com\/#website\"},\"datePublished\":\"2023-05-04T16:26:20+00:00\",\"dateModified\":\"2023-08-22T13:46:31+00:00\",\"breadcrumb\":{\"@id\":\"https:\/\/hannacosmetica.com\/tienda\/manicura\/brocha\/brocha-de-unas-cepillo-limpia-polvo-de-unas-brocha-de-maquillaje\/#breadcrumb\"},\"inLanguage\":\"fr-FR\",\"potentialAction\":[{\"@type\":\"ReadAction\",\"target\":[\"https:\/\/hannacosmetica.com\/tienda\/manicura\/brocha\/brocha-de-unas-cepillo-limpia-polvo-de-unas-brocha-de-maquillaje\/\"]}]},{\"@type\":\"BreadcrumbList\",\"@id\":\"https:\/\/hannacosmetica.com\/tienda\/manicura\/brocha\/brocha-de-unas-cepillo-limpia-polvo-de-unas-brocha-de-maquillaje\/#breadcrumb\",\"itemListElement\":[{\"@type\":\"ListItem\",\"position\":1,\"name\":\"Portada\",\"item\":\"https:\/\/hannacosmetica.com\/\"},{\"@type\":\"ListItem\",\"position\":2,\"name\":\"Tienda\",\"item\":\"https:\/\/hannacosmetica.com\/shop\/\"},{\"@type\":\"ListItem\",\"position\":3,\"name\":\"Brocha de u\u00f1as \/ Cepillo limpia polvo de u\u00f1as \/ Brocha de Maquillaje\"}]},{\"@type\":\"WebSite\",\"@id\":\"https:\/\/hannacosmetica.com\/#website\",\"url\":\"https:\/\/hannacosmetica.com\/\",\"name\":\"Hanna Cosm\u00e9tica\",\"description\":\"Tienda de productos u\u00f1as, bellezas y peluquer\u00edas\",\"publisher\":{\"@id\":\"https:\/\/hannacosmetica.com\/#organization\"},\"potentialAction\":[{\"@type\":\"SearchAction\",\"target\":{\"@type\":\"EntryPoint\",\"urlTemplate\":\"https:\/\/hannacosmetica.com\/?s={search_term_string}\"},\"query-input\":\"required name=search_term_string\"}],\"inLanguage\":\"fr-FR\"},{\"@type\":\"Organization\",\"@id\":\"https:\/\/hannacosmetica.com\/#organization\",\"name\":\"Hanna Cosm\u00e9tica\",\"url\":\"https:\/\/hannacosmetica.com\/\",\"logo\":{\"@type\":\"ImageObject\",\"inLanguage\":\"fr-FR\",\"@id\":\"https:\/\/hannacosmetica.com\/#\/schema\/logo\/image\/\",\"url\":\"https:\/\/hannacosmetica.com\/wp-content\/uploads\/2022\/07\/Logo-Joyeria-Femenino-Floral-Negro.png\",\"contentUrl\":\"https:\/\/hannacosmetica.com\/wp-content\/uploads\/2022\/07\/Logo-Joyeria-Femenino-Floral-Negro.png\",\"width\":361,\"height\":126,\"caption\":\"Hanna Cosm\u00e9tica\"},\"image\":{\"@id\":\"https:\/\/hannacosmetica.com\/#\/schema\/logo\/image\/\"}}]}<\/script>\n<!-- \/ Yoast SEO plugin. -->","yoast_head_json":{"title":"Brocha de u\u00f1as \/ Cepillo limpia polvo de u\u00f1as \/ Brocha de Maquillaje - Hanna Cosm\u00e9tica","robots":{"index":"index","follow":"follow","max-snippet":"max-snippet:-1","max-image-preview":"max-image-preview:large","max-video-preview":"max-video-preview:-1"},"canonical":"https:\/\/hannacosmetica.com\/fr\/tienda\/manicura\/brocha\/brocha-de-unas-cepillo-limpia-polvo-de-unas-brocha-de-maquillaje\/","og_locale":"fr_FR","og_type":"article","og_title":"Brocha de u\u00f1as \/ Cepillo limpia polvo de u\u00f1as \/ Brocha de Maquillaje - Hanna Cosm\u00e9tica","og_description":"\u3010Cepillo multifunci\u00f3n\u3011 El cepillo de u\u00f1as profesional para limpiar el polvo despu\u00e9s de limar y perforar las u\u00f1as. Adecuado para manicura profesional&hellip;","og_url":"https:\/\/hannacosmetica.com\/fr\/tienda\/manicura\/brocha\/brocha-de-unas-cepillo-limpia-polvo-de-unas-brocha-de-maquillaje\/","og_site_name":"Hanna Cosm\u00e9tica","article_modified_time":"2023-08-22T13:46:31+00:00","og_image":[{"width":875,"height":875,"url":"https:\/\/hannacosmetica.com\/wp-content\/uploads\/2023\/05\/Black-Beige-Aesthetic-Minimalist-Signature-Initial-Logo-2023-05-04T173950.006.png","type":"image\/png"}],"twitter_card":"summary_large_image","schema":{"@context":"https:\/\/schema.org","@graph":[{"@type":"WebPage","@id":"https:\/\/hannacosmetica.com\/tienda\/manicura\/brocha\/brocha-de-unas-cepillo-limpia-polvo-de-unas-brocha-de-maquillaje\/","url":"https:\/\/hannacosmetica.com\/tienda\/manicura\/brocha\/brocha-de-unas-cepillo-limpia-polvo-de-unas-brocha-de-maquillaje\/","name":"Brocha de u\u00f1as \/ Cepillo limpia polvo de u\u00f1as \/ Brocha de Maquillaje - Hanna Cosm\u00e9tica","isPartOf":{"@id":"https:\/\/hannacosmetica.com\/#website"},"datePublished":"2023-05-04T16:26:20+00:00","dateModified":"2023-08-22T13:46:31+00:00","breadcrumb":{"@id":"https:\/\/hannacosmetica.com\/tienda\/manicura\/brocha\/brocha-de-unas-cepillo-limpia-polvo-de-unas-brocha-de-maquillaje\/#breadcrumb"},"inLanguage":"fr-FR","potentialAction":[{"@type":"ReadAction","target":["https:\/\/hannacosmetica.com\/tienda\/manicura\/brocha\/brocha-de-unas-cepillo-limpia-polvo-de-unas-brocha-de-maquillaje\/"]}]},{"@type":"BreadcrumbList","@id":"https:\/\/hannacosmetica.com\/tienda\/manicura\/brocha\/brocha-de-unas-cepillo-limpia-polvo-de-unas-brocha-de-maquillaje\/#breadcrumb","itemListElement":[{"@type":"ListItem","position":1,"name":"Portada","item":"https:\/\/hannacosmetica.com\/"},{"@type":"ListItem","position":2,"name":"Tienda","item":"https:\/\/hannacosmetica.com\/shop\/"},{"@type":"ListItem","position":3,"name":"Brocha de u\u00f1as \/ Cepillo limpia polvo de u\u00f1as \/ Brocha de Maquillaje"}]},{"@type":"WebSite","@id":"https:\/\/hannacosmetica.com\/#website","url":"https:\/\/hannacosmetica.com\/","name":"Hanna Cosm\u00e9tica","description":"Tienda de productos u\u00f1as, bellezas y peluquer\u00edas","publisher":{"@id":"https:\/\/hannacosmetica.com\/#organization"},"potentialAction":[{"@type":"SearchAction","target":{"@type":"EntryPoint","urlTemplate":"https:\/\/hannacosmetica.com\/?s={search_term_string}"},"query-input":"required name=search_term_string"}],"inLanguage":"fr-FR"},{"@type":"Organization","@id":"https:\/\/hannacosmetica.com\/#organization","name":"Hanna Cosm\u00e9tica","url":"https:\/\/hannacosmetica.com\/","logo":{"@type":"ImageObject","inLanguage":"fr-FR","@id":"https:\/\/hannacosmetica.com\/#\/schema\/logo\/image\/","url":"https:\/\/hannacosmetica.com\/wp-content\/uploads\/2022\/07\/Logo-Joyeria-Femenino-Floral-Negro.png","contentUrl":"https:\/\/hannacosmetica.com\/wp-content\/uploads\/2022\/07\/Logo-Joyeria-Femenino-Floral-Negro.png","width":361,"height":126,"caption":"Hanna Cosm\u00e9tica"},"image":{"@id":"https:\/\/hannacosmetica.com\/#\/schema\/logo\/image\/"}}]}},"_links":{"self":[{"href":"https:\/\/hannacosmetica.com\/fr\/wp-json\/wp\/v2\/product\/13628"}],"collection":[{"href":"https:\/\/hannacosmetica.com\/fr\/wp-json\/wp\/v2\/product"}],"about":[{"href":"https:\/\/hannacosmetica.com\/fr\/wp-json\/wp\/v2\/types\/product"}],"replies":[{"embeddable":true,"href":"https:\/\/hannacosmetica.com\/fr\/wp-json\/wp\/v2\/comments?post=13628"}],"version-history":[{"count":1,"href":"https:\/\/hannacosmetica.com\/fr\/wp-json\/wp\/v2\/product\/13628\/revisions"}],"predecessor-version":[{"id":13642,"href":"https:\/\/hannacosmetica.com\/fr\/wp-json\/wp\/v2\/product\/13628\/revisions\/13642"}],"wp:featuredmedia":[{"embeddable":true,"href":"https:\/\/hannacosmetica.com\/fr\/wp-json\/wp\/v2\/media\/13632"}],"wp:attachment":[{"href":"https:\/\/hannacosmetica.com\/fr\/wp-json\/wp\/v2\/media?parent=13628"}],"wp:term":[{"taxonomy":"product_cat","embeddable":true,"href":"https:\/\/hannacosmetica.com\/fr\/wp-json\/wp\/v2\/product_cat?post=13628"},{"taxonomy":"product_tag","embeddable":true,"href":"https:\/\/hannacosmetica.com\/fr\/wp-json\/wp\/v2\/product_tag?post=13628"}],"curies":[{"name":"wp","href":"https:\/\/api.w.org\/{rel}","templated":true}]}}