{"id":13225,"date":"2023-05-01T09:21:17","date_gmt":"2023-05-01T09:21:17","guid":{"rendered":"https:\/\/hannacosmetica.com\/?post_type=product&#038;p=13225"},"modified":"2025-10-01T12:47:47","modified_gmt":"2025-10-01T12:47:47","slug":"esmalte-semipermanente-hanna-15ml-02","status":"publish","type":"product","link":"https:\/\/hannacosmetica.com\/fr\/tienda\/hanna-exclusive\/esmalte-hanna\/esmalte-semipermanente-hanna-15ml-02\/","title":{"rendered":"Esmalte Semipermanente Hanna 15ml #02"},"content":{"rendered":"<ul>\n<li>Marca: Hanna<\/li>\n<li>Tama\u00f1o: 15ml<\/li>\n<li>Dise\u00f1o elegante, con brocha de punta redondeada\u00a0 \u00a0para\u00a0 una f\u00e1cil aplicaci\u00f3n en los\u00a0 bordes de las\u00a0 u\u00f1as.<\/li>\n<li>Cobertura: alta cobertura con una sola capa<\/li>\n<li>Materiales seguros hecho de resina natural e\u00a0 ingredientes libres de toxinas\u00a0 , es seguro paras\u00a0 las u\u00f1as y tiene poco olor.<\/li>\n<li><span class=\"a-list-item\">De larga duraci\u00f3n\uff1aaplicado seg\u00fan el procedimiento correcto y secado con una l\u00e1mpara de u\u00f1as, el esmalte de gel HANNA dura 21-30 d\u00edas.<\/span><\/li>\n<li>requiere de secado en l\u00e1mpara\u00a0 LED\u00a0 o UV<\/li>\n<\/ul>","protected":false},"excerpt":{"rendered":"<p>Marca: Hanna Tama\u00f1o: 15ml Dise\u00f1o elegante, con brocha de punta redondeada\u00a0 \u00a0para\u00a0 una f\u00e1cil aplicaci\u00f3n en los\u00a0 bordes de las\u00a0 u\u00f1as. Cobertura:&hellip;<\/p>","protected":false},"featured_media":14704,"comment_status":"open","ping_status":"closed","template":"","meta":[],"product_cat":[305,304,82,87],"product_tag":[],"yoast_head":"<!-- This site is optimized with the Yoast SEO plugin v19.9 - https:\/\/yoast.com\/wordpress\/plugins\/seo\/ -->\n<title>Esmalte Semipermanente Hanna 15ml #02 - Hanna Cosm\u00e9tica<\/title>\n<meta name=\"robots\" content=\"index, follow, max-snippet:-1, max-image-preview:large, max-video-preview:-1\" \/>\n<link rel=\"canonical\" href=\"https:\/\/hannacosmetica.com\/fr\/tienda\/hanna-exclusive\/esmalte-hanna\/esmalte-semipermanente-hanna-15ml-02\/\" \/>\n<meta property=\"og:locale\" content=\"fr_FR\" \/>\n<meta property=\"og:type\" content=\"article\" \/>\n<meta property=\"og:title\" content=\"Esmalte Semipermanente Hanna 15ml #02 - Hanna Cosm\u00e9tica\" \/>\n<meta property=\"og:description\" content=\"Marca: Hanna Tama\u00f1o: 15ml Dise\u00f1o elegante, con brocha de punta redondeada\u00a0 \u00a0para\u00a0 una f\u00e1cil aplicaci\u00f3n en los\u00a0 bordes de las\u00a0 u\u00f1as. Cobertura:&hellip;\" \/>\n<meta property=\"og:url\" content=\"https:\/\/hannacosmetica.com\/fr\/tienda\/hanna-exclusive\/esmalte-hanna\/esmalte-semipermanente-hanna-15ml-02\/\" \/>\n<meta property=\"og:site_name\" content=\"Hanna Cosm\u00e9tica\" \/>\n<meta property=\"article:modified_time\" content=\"2025-10-01T12:47:47+00:00\" \/>\n<meta property=\"og:image\" content=\"https:\/\/hannacosmetica.com\/wp-content\/uploads\/2023\/05\/02-1520x1520.png\" \/>\n\t<meta property=\"og:image:width\" content=\"1520\" \/>\n\t<meta property=\"og:image:height\" content=\"1520\" \/>\n\t<meta property=\"og:image:type\" content=\"image\/png\" \/>\n<meta name=\"twitter:card\" content=\"summary_large_image\" \/>\n<script type=\"application\/ld+json\" class=\"yoast-schema-graph\">{\"@context\":\"https:\/\/schema.org\",\"@graph\":[{\"@type\":\"WebPage\",\"@id\":\"https:\/\/hannacosmetica.com\/tienda\/hanna-exclusive\/esmalte-hanna\/esmalte-semipermanente-hanna-15ml-02\/\",\"url\":\"https:\/\/hannacosmetica.com\/tienda\/hanna-exclusive\/esmalte-hanna\/esmalte-semipermanente-hanna-15ml-02\/\",\"name\":\"Esmalte Semipermanente Hanna 15ml #02 - Hanna Cosm\u00e9tica\",\"isPartOf\":{\"@id\":\"https:\/\/hannacosmetica.com\/#website\"},\"datePublished\":\"2023-05-01T09:21:17+00:00\",\"dateModified\":\"2025-10-01T12:47:47+00:00\",\"breadcrumb\":{\"@id\":\"https:\/\/hannacosmetica.com\/tienda\/hanna-exclusive\/esmalte-hanna\/esmalte-semipermanente-hanna-15ml-02\/#breadcrumb\"},\"inLanguage\":\"fr-FR\",\"potentialAction\":[{\"@type\":\"ReadAction\",\"target\":[\"https:\/\/hannacosmetica.com\/tienda\/hanna-exclusive\/esmalte-hanna\/esmalte-semipermanente-hanna-15ml-02\/\"]}]},{\"@type\":\"BreadcrumbList\",\"@id\":\"https:\/\/hannacosmetica.com\/tienda\/hanna-exclusive\/esmalte-hanna\/esmalte-semipermanente-hanna-15ml-02\/#breadcrumb\",\"itemListElement\":[{\"@type\":\"ListItem\",\"position\":1,\"name\":\"Portada\",\"item\":\"https:\/\/hannacosmetica.com\/\"},{\"@type\":\"ListItem\",\"position\":2,\"name\":\"Tienda\",\"item\":\"https:\/\/hannacosmetica.com\/shop\/\"},{\"@type\":\"ListItem\",\"position\":3,\"name\":\"Esmalte Semipermanente Hanna 15ml #02\"}]},{\"@type\":\"WebSite\",\"@id\":\"https:\/\/hannacosmetica.com\/#website\",\"url\":\"https:\/\/hannacosmetica.com\/\",\"name\":\"Hanna Cosm\u00e9tica\",\"description\":\"Tienda de productos u\u00f1as, bellezas y peluquer\u00edas\",\"publisher\":{\"@id\":\"https:\/\/hannacosmetica.com\/#organization\"},\"potentialAction\":[{\"@type\":\"SearchAction\",\"target\":{\"@type\":\"EntryPoint\",\"urlTemplate\":\"https:\/\/hannacosmetica.com\/?s={search_term_string}\"},\"query-input\":\"required name=search_term_string\"}],\"inLanguage\":\"fr-FR\"},{\"@type\":\"Organization\",\"@id\":\"https:\/\/hannacosmetica.com\/#organization\",\"name\":\"Hanna Cosm\u00e9tica\",\"url\":\"https:\/\/hannacosmetica.com\/\",\"logo\":{\"@type\":\"ImageObject\",\"inLanguage\":\"fr-FR\",\"@id\":\"https:\/\/hannacosmetica.com\/#\/schema\/logo\/image\/\",\"url\":\"https:\/\/hannacosmetica.com\/wp-content\/uploads\/2022\/07\/Logo-Joyeria-Femenino-Floral-Negro.png\",\"contentUrl\":\"https:\/\/hannacosmetica.com\/wp-content\/uploads\/2022\/07\/Logo-Joyeria-Femenino-Floral-Negro.png\",\"width\":361,\"height\":126,\"caption\":\"Hanna Cosm\u00e9tica\"},\"image\":{\"@id\":\"https:\/\/hannacosmetica.com\/#\/schema\/logo\/image\/\"}}]}<\/script>\n<!-- \/ Yoast SEO plugin. -->","yoast_head_json":{"title":"Esmalte Semipermanente Hanna 15ml #02 - Hanna Cosm\u00e9tica","robots":{"index":"index","follow":"follow","max-snippet":"max-snippet:-1","max-image-preview":"max-image-preview:large","max-video-preview":"max-video-preview:-1"},"canonical":"https:\/\/hannacosmetica.com\/fr\/tienda\/hanna-exclusive\/esmalte-hanna\/esmalte-semipermanente-hanna-15ml-02\/","og_locale":"fr_FR","og_type":"article","og_title":"Esmalte Semipermanente Hanna 15ml #02 - Hanna Cosm\u00e9tica","og_description":"Marca: Hanna Tama\u00f1o: 15ml Dise\u00f1o elegante, con brocha de punta redondeada\u00a0 \u00a0para\u00a0 una f\u00e1cil aplicaci\u00f3n en los\u00a0 bordes de las\u00a0 u\u00f1as. Cobertura:&hellip;","og_url":"https:\/\/hannacosmetica.com\/fr\/tienda\/hanna-exclusive\/esmalte-hanna\/esmalte-semipermanente-hanna-15ml-02\/","og_site_name":"Hanna Cosm\u00e9tica","article_modified_time":"2025-10-01T12:47:47+00:00","og_image":[{"width":1520,"height":1520,"url":"https:\/\/hannacosmetica.com\/wp-content\/uploads\/2023\/05\/02-1520x1520.png","type":"image\/png"}],"twitter_card":"summary_large_image","schema":{"@context":"https:\/\/schema.org","@graph":[{"@type":"WebPage","@id":"https:\/\/hannacosmetica.com\/tienda\/hanna-exclusive\/esmalte-hanna\/esmalte-semipermanente-hanna-15ml-02\/","url":"https:\/\/hannacosmetica.com\/tienda\/hanna-exclusive\/esmalte-hanna\/esmalte-semipermanente-hanna-15ml-02\/","name":"Esmalte Semipermanente Hanna 15ml #02 - Hanna Cosm\u00e9tica","isPartOf":{"@id":"https:\/\/hannacosmetica.com\/#website"},"datePublished":"2023-05-01T09:21:17+00:00","dateModified":"2025-10-01T12:47:47+00:00","breadcrumb":{"@id":"https:\/\/hannacosmetica.com\/tienda\/hanna-exclusive\/esmalte-hanna\/esmalte-semipermanente-hanna-15ml-02\/#breadcrumb"},"inLanguage":"fr-FR","potentialAction":[{"@type":"ReadAction","target":["https:\/\/hannacosmetica.com\/tienda\/hanna-exclusive\/esmalte-hanna\/esmalte-semipermanente-hanna-15ml-02\/"]}]},{"@type":"BreadcrumbList","@id":"https:\/\/hannacosmetica.com\/tienda\/hanna-exclusive\/esmalte-hanna\/esmalte-semipermanente-hanna-15ml-02\/#breadcrumb","itemListElement":[{"@type":"ListItem","position":1,"name":"Portada","item":"https:\/\/hannacosmetica.com\/"},{"@type":"ListItem","position":2,"name":"Tienda","item":"https:\/\/hannacosmetica.com\/shop\/"},{"@type":"ListItem","position":3,"name":"Esmalte Semipermanente Hanna 15ml #02"}]},{"@type":"WebSite","@id":"https:\/\/hannacosmetica.com\/#website","url":"https:\/\/hannacosmetica.com\/","name":"Hanna Cosm\u00e9tica","description":"Tienda de productos u\u00f1as, bellezas y peluquer\u00edas","publisher":{"@id":"https:\/\/hannacosmetica.com\/#organization"},"potentialAction":[{"@type":"SearchAction","target":{"@type":"EntryPoint","urlTemplate":"https:\/\/hannacosmetica.com\/?s={search_term_string}"},"query-input":"required name=search_term_string"}],"inLanguage":"fr-FR"},{"@type":"Organization","@id":"https:\/\/hannacosmetica.com\/#organization","name":"Hanna Cosm\u00e9tica","url":"https:\/\/hannacosmetica.com\/","logo":{"@type":"ImageObject","inLanguage":"fr-FR","@id":"https:\/\/hannacosmetica.com\/#\/schema\/logo\/image\/","url":"https:\/\/hannacosmetica.com\/wp-content\/uploads\/2022\/07\/Logo-Joyeria-Femenino-Floral-Negro.png","contentUrl":"https:\/\/hannacosmetica.com\/wp-content\/uploads\/2022\/07\/Logo-Joyeria-Femenino-Floral-Negro.png","width":361,"height":126,"caption":"Hanna Cosm\u00e9tica"},"image":{"@id":"https:\/\/hannacosmetica.com\/#\/schema\/logo\/image\/"}}]}},"_links":{"self":[{"href":"https:\/\/hannacosmetica.com\/fr\/wp-json\/wp\/v2\/product\/13225"}],"collection":[{"href":"https:\/\/hannacosmetica.com\/fr\/wp-json\/wp\/v2\/product"}],"about":[{"href":"https:\/\/hannacosmetica.com\/fr\/wp-json\/wp\/v2\/types\/product"}],"replies":[{"embeddable":true,"href":"https:\/\/hannacosmetica.com\/fr\/wp-json\/wp\/v2\/comments?post=13225"}],"version-history":[{"count":1,"href":"https:\/\/hannacosmetica.com\/fr\/wp-json\/wp\/v2\/product\/13225\/revisions"}],"predecessor-version":[{"id":13226,"href":"https:\/\/hannacosmetica.com\/fr\/wp-json\/wp\/v2\/product\/13225\/revisions\/13226"}],"wp:featuredmedia":[{"embeddable":true,"href":"https:\/\/hannacosmetica.com\/fr\/wp-json\/wp\/v2\/media\/14704"}],"wp:attachment":[{"href":"https:\/\/hannacosmetica.com\/fr\/wp-json\/wp\/v2\/media?parent=13225"}],"wp:term":[{"taxonomy":"product_cat","embeddable":true,"href":"https:\/\/hannacosmetica.com\/fr\/wp-json\/wp\/v2\/product_cat?post=13225"},{"taxonomy":"product_tag","embeddable":true,"href":"https:\/\/hannacosmetica.com\/fr\/wp-json\/wp\/v2\/product_tag?post=13225"}],"curies":[{"name":"wp","href":"https:\/\/api.w.org\/{rel}","templated":true}]}}