{"id":13050,"date":"2023-04-21T16:51:55","date_gmt":"2023-04-21T16:51:55","guid":{"rendered":"https:\/\/hannacosmetica.com\/?post_type=product&#038;p=13050"},"modified":"2026-01-16T17:40:54","modified_gmt":"2026-01-16T17:40:54","slug":"organizador-de-brochas-de-maquillaje-2","status":"publish","type":"product","link":"https:\/\/hannacosmetica.com\/fr\/tienda\/manicura\/complementos\/organizador-de-brochas-de-maquillaje-2\/","title":{"rendered":"Organizador de brochas de Maquillaje"},"content":{"rendered":"<ul class=\"a-unordered-list a-vertical a-spacing-mini\">\n<li><span class=\"a-list-item\">Soportes para brochas de maquillaje para tocador: la caja de almacenamiento de joyas de cofre duradero se puede usar para almacenar joyas, baratijas, anillos, aretes, recuerdos y m\u00e1s.<\/span><\/li>\n<li><span class=\"a-list-item\">Soporte para brochas de maquillaje: Organizaci\u00f3n de brochas de maquillaje Ideal para regalos de cumplea\u00f1os de Navidad, decorar tocadores, exhibir joyas, centros de mesa para bodas, encimeras para el hogar, decoraci\u00f3n de vestidores.<\/span><\/li>\n<li><span class=\"a-list-item\">El almacenamiento de brochas de maquillaje no es solo un organizador de maquillaje, tambi\u00e9n se puede usar como soporte para bol\u00edgrafos en su estudio u oficina. La caja de cristal tambi\u00e9n es un regalo ideal de Navidad, regalo de cumplea\u00f1os, regalo de aniversario, regalo de registro de bodas o regalo para los amantes del maquillaje.<\/span><\/li>\n<li><span class=\"a-list-item\">Bandeja de tocador de cristal con espejo: esta bandeja decorativa est\u00e1 hecha de metal de primera calidad y material de cristal. Este soporte para perfume cuenta con una superficie galvanizada que garantiza una textura exquisita y una larga vida \u00fatil.<\/span><\/li>\n<li><span class=\"a-list-item\">Organizadores y almacenamiento de tecnolog\u00eda de u\u00f1as: el tama\u00f1o de la caja de joyer\u00eda de cristal es de 8 x 8 x 11,5 cm\/3,1 x 3,1 x 4,5 pulgadas. De peso ligero, de tama\u00f1o peque\u00f1o, f\u00e1cil de transportar, no aumentar\u00e1 su carga\u00a0<\/span><\/li>\n<\/ul>","protected":false},"excerpt":{"rendered":"<p>Soportes para brochas de maquillaje para tocador: la caja de almacenamiento de joyas de cofre duradero se puede usar para almacenar joyas,&hellip;<\/p>","protected":false},"featured_media":13051,"comment_status":"open","ping_status":"closed","template":"","meta":[],"product_cat":[82,101,87],"product_tag":[],"yoast_head":"<!-- This site is optimized with the Yoast SEO plugin v19.9 - https:\/\/yoast.com\/wordpress\/plugins\/seo\/ -->\n<title>Organizador de brochas de Maquillaje - Hanna Cosm\u00e9tica<\/title>\n<meta name=\"robots\" content=\"index, follow, max-snippet:-1, max-image-preview:large, max-video-preview:-1\" \/>\n<link rel=\"canonical\" href=\"https:\/\/hannacosmetica.com\/fr\/tienda\/manicura\/complementos\/organizador-de-brochas-de-maquillaje-2\/\" \/>\n<meta property=\"og:locale\" content=\"fr_FR\" \/>\n<meta property=\"og:type\" content=\"article\" \/>\n<meta property=\"og:title\" content=\"Organizador de brochas de Maquillaje - Hanna Cosm\u00e9tica\" \/>\n<meta property=\"og:description\" content=\"Soportes para brochas de maquillaje para tocador: la caja de almacenamiento de joyas de cofre duradero se puede usar para almacenar joyas,&hellip;\" \/>\n<meta property=\"og:url\" content=\"https:\/\/hannacosmetica.com\/fr\/tienda\/manicura\/complementos\/organizador-de-brochas-de-maquillaje-2\/\" \/>\n<meta property=\"og:site_name\" content=\"Hanna Cosm\u00e9tica\" \/>\n<meta property=\"article:modified_time\" content=\"2026-01-16T17:40:54+00:00\" \/>\n<meta property=\"og:image\" content=\"https:\/\/hannacosmetica.com\/wp-content\/uploads\/2023\/04\/100180-2023-04-21T184340.923.png\" \/>\n\t<meta property=\"og:image:width\" content=\"1000\" \/>\n\t<meta property=\"og:image:height\" content=\"1000\" \/>\n\t<meta property=\"og:image:type\" content=\"image\/png\" \/>\n<meta name=\"twitter:card\" content=\"summary_large_image\" \/>\n<script type=\"application\/ld+json\" class=\"yoast-schema-graph\">{\"@context\":\"https:\/\/schema.org\",\"@graph\":[{\"@type\":\"WebPage\",\"@id\":\"https:\/\/hannacosmetica.com\/tienda\/manicura\/complementos\/organizador-de-brochas-de-maquillaje-2\/\",\"url\":\"https:\/\/hannacosmetica.com\/tienda\/manicura\/complementos\/organizador-de-brochas-de-maquillaje-2\/\",\"name\":\"Organizador de brochas de Maquillaje - Hanna Cosm\u00e9tica\",\"isPartOf\":{\"@id\":\"https:\/\/hannacosmetica.com\/#website\"},\"datePublished\":\"2023-04-21T16:51:55+00:00\",\"dateModified\":\"2026-01-16T17:40:54+00:00\",\"breadcrumb\":{\"@id\":\"https:\/\/hannacosmetica.com\/tienda\/manicura\/complementos\/organizador-de-brochas-de-maquillaje-2\/#breadcrumb\"},\"inLanguage\":\"fr-FR\",\"potentialAction\":[{\"@type\":\"ReadAction\",\"target\":[\"https:\/\/hannacosmetica.com\/tienda\/manicura\/complementos\/organizador-de-brochas-de-maquillaje-2\/\"]}]},{\"@type\":\"BreadcrumbList\",\"@id\":\"https:\/\/hannacosmetica.com\/tienda\/manicura\/complementos\/organizador-de-brochas-de-maquillaje-2\/#breadcrumb\",\"itemListElement\":[{\"@type\":\"ListItem\",\"position\":1,\"name\":\"Portada\",\"item\":\"https:\/\/hannacosmetica.com\/\"},{\"@type\":\"ListItem\",\"position\":2,\"name\":\"Tienda\",\"item\":\"https:\/\/hannacosmetica.com\/shop\/\"},{\"@type\":\"ListItem\",\"position\":3,\"name\":\"Organizador de brochas de Maquillaje\"}]},{\"@type\":\"WebSite\",\"@id\":\"https:\/\/hannacosmetica.com\/#website\",\"url\":\"https:\/\/hannacosmetica.com\/\",\"name\":\"Hanna Cosm\u00e9tica\",\"description\":\"Tienda de productos u\u00f1as, bellezas y peluquer\u00edas\",\"publisher\":{\"@id\":\"https:\/\/hannacosmetica.com\/#organization\"},\"potentialAction\":[{\"@type\":\"SearchAction\",\"target\":{\"@type\":\"EntryPoint\",\"urlTemplate\":\"https:\/\/hannacosmetica.com\/?s={search_term_string}\"},\"query-input\":\"required name=search_term_string\"}],\"inLanguage\":\"fr-FR\"},{\"@type\":\"Organization\",\"@id\":\"https:\/\/hannacosmetica.com\/#organization\",\"name\":\"Hanna Cosm\u00e9tica\",\"url\":\"https:\/\/hannacosmetica.com\/\",\"logo\":{\"@type\":\"ImageObject\",\"inLanguage\":\"fr-FR\",\"@id\":\"https:\/\/hannacosmetica.com\/#\/schema\/logo\/image\/\",\"url\":\"https:\/\/hannacosmetica.com\/wp-content\/uploads\/2022\/07\/Logo-Joyeria-Femenino-Floral-Negro.png\",\"contentUrl\":\"https:\/\/hannacosmetica.com\/wp-content\/uploads\/2022\/07\/Logo-Joyeria-Femenino-Floral-Negro.png\",\"width\":361,\"height\":126,\"caption\":\"Hanna Cosm\u00e9tica\"},\"image\":{\"@id\":\"https:\/\/hannacosmetica.com\/#\/schema\/logo\/image\/\"}}]}<\/script>\n<!-- \/ Yoast SEO plugin. -->","yoast_head_json":{"title":"Organizador de brochas de Maquillaje - Hanna Cosm\u00e9tica","robots":{"index":"index","follow":"follow","max-snippet":"max-snippet:-1","max-image-preview":"max-image-preview:large","max-video-preview":"max-video-preview:-1"},"canonical":"https:\/\/hannacosmetica.com\/fr\/tienda\/manicura\/complementos\/organizador-de-brochas-de-maquillaje-2\/","og_locale":"fr_FR","og_type":"article","og_title":"Organizador de brochas de Maquillaje - Hanna Cosm\u00e9tica","og_description":"Soportes para brochas de maquillaje para tocador: la caja de almacenamiento de joyas de cofre duradero se puede usar para almacenar joyas,&hellip;","og_url":"https:\/\/hannacosmetica.com\/fr\/tienda\/manicura\/complementos\/organizador-de-brochas-de-maquillaje-2\/","og_site_name":"Hanna Cosm\u00e9tica","article_modified_time":"2026-01-16T17:40:54+00:00","og_image":[{"width":1000,"height":1000,"url":"https:\/\/hannacosmetica.com\/wp-content\/uploads\/2023\/04\/100180-2023-04-21T184340.923.png","type":"image\/png"}],"twitter_card":"summary_large_image","schema":{"@context":"https:\/\/schema.org","@graph":[{"@type":"WebPage","@id":"https:\/\/hannacosmetica.com\/tienda\/manicura\/complementos\/organizador-de-brochas-de-maquillaje-2\/","url":"https:\/\/hannacosmetica.com\/tienda\/manicura\/complementos\/organizador-de-brochas-de-maquillaje-2\/","name":"Organizador de brochas de Maquillaje - Hanna Cosm\u00e9tica","isPartOf":{"@id":"https:\/\/hannacosmetica.com\/#website"},"datePublished":"2023-04-21T16:51:55+00:00","dateModified":"2026-01-16T17:40:54+00:00","breadcrumb":{"@id":"https:\/\/hannacosmetica.com\/tienda\/manicura\/complementos\/organizador-de-brochas-de-maquillaje-2\/#breadcrumb"},"inLanguage":"fr-FR","potentialAction":[{"@type":"ReadAction","target":["https:\/\/hannacosmetica.com\/tienda\/manicura\/complementos\/organizador-de-brochas-de-maquillaje-2\/"]}]},{"@type":"BreadcrumbList","@id":"https:\/\/hannacosmetica.com\/tienda\/manicura\/complementos\/organizador-de-brochas-de-maquillaje-2\/#breadcrumb","itemListElement":[{"@type":"ListItem","position":1,"name":"Portada","item":"https:\/\/hannacosmetica.com\/"},{"@type":"ListItem","position":2,"name":"Tienda","item":"https:\/\/hannacosmetica.com\/shop\/"},{"@type":"ListItem","position":3,"name":"Organizador de brochas de Maquillaje"}]},{"@type":"WebSite","@id":"https:\/\/hannacosmetica.com\/#website","url":"https:\/\/hannacosmetica.com\/","name":"Hanna Cosm\u00e9tica","description":"Tienda de productos u\u00f1as, bellezas y peluquer\u00edas","publisher":{"@id":"https:\/\/hannacosmetica.com\/#organization"},"potentialAction":[{"@type":"SearchAction","target":{"@type":"EntryPoint","urlTemplate":"https:\/\/hannacosmetica.com\/?s={search_term_string}"},"query-input":"required name=search_term_string"}],"inLanguage":"fr-FR"},{"@type":"Organization","@id":"https:\/\/hannacosmetica.com\/#organization","name":"Hanna Cosm\u00e9tica","url":"https:\/\/hannacosmetica.com\/","logo":{"@type":"ImageObject","inLanguage":"fr-FR","@id":"https:\/\/hannacosmetica.com\/#\/schema\/logo\/image\/","url":"https:\/\/hannacosmetica.com\/wp-content\/uploads\/2022\/07\/Logo-Joyeria-Femenino-Floral-Negro.png","contentUrl":"https:\/\/hannacosmetica.com\/wp-content\/uploads\/2022\/07\/Logo-Joyeria-Femenino-Floral-Negro.png","width":361,"height":126,"caption":"Hanna Cosm\u00e9tica"},"image":{"@id":"https:\/\/hannacosmetica.com\/#\/schema\/logo\/image\/"}}]}},"_links":{"self":[{"href":"https:\/\/hannacosmetica.com\/fr\/wp-json\/wp\/v2\/product\/13050"}],"collection":[{"href":"https:\/\/hannacosmetica.com\/fr\/wp-json\/wp\/v2\/product"}],"about":[{"href":"https:\/\/hannacosmetica.com\/fr\/wp-json\/wp\/v2\/types\/product"}],"replies":[{"embeddable":true,"href":"https:\/\/hannacosmetica.com\/fr\/wp-json\/wp\/v2\/comments?post=13050"}],"version-history":[{"count":1,"href":"https:\/\/hannacosmetica.com\/fr\/wp-json\/wp\/v2\/product\/13050\/revisions"}],"predecessor-version":[{"id":13056,"href":"https:\/\/hannacosmetica.com\/fr\/wp-json\/wp\/v2\/product\/13050\/revisions\/13056"}],"wp:featuredmedia":[{"embeddable":true,"href":"https:\/\/hannacosmetica.com\/fr\/wp-json\/wp\/v2\/media\/13051"}],"wp:attachment":[{"href":"https:\/\/hannacosmetica.com\/fr\/wp-json\/wp\/v2\/media?parent=13050"}],"wp:term":[{"taxonomy":"product_cat","embeddable":true,"href":"https:\/\/hannacosmetica.com\/fr\/wp-json\/wp\/v2\/product_cat?post=13050"},{"taxonomy":"product_tag","embeddable":true,"href":"https:\/\/hannacosmetica.com\/fr\/wp-json\/wp\/v2\/product_tag?post=13050"}],"curies":[{"name":"wp","href":"https:\/\/api.w.org\/{rel}","templated":true}]}}