{"id":12983,"date":"2023-04-21T11:10:33","date_gmt":"2023-04-21T11:10:33","guid":{"rendered":"https:\/\/hannacosmetica.com\/?post_type=product&#038;p=12983"},"modified":"2025-02-12T12:20:00","modified_gmt":"2025-02-12T12:20:00","slug":"tips-enteros-de-gel-mate-300pcs-unas-postizas-soft-gel","status":"publish","type":"product","link":"https:\/\/hannacosmetica.com\/fr\/tienda\/manicura\/moldes\/tips-enteros-de-gel-mate-300pcs-unas-postizas-soft-gel\/","title":{"rendered":"Tips Enteros de Gel  Medium Mate 300Pcs\/ U\u00f1as Postizas Soft Gel"},"content":{"rendered":"<ul class=\"a-unordered-list a-vertical a-spacing-mini\">\n<li><span class=\"a-list-item\">Tips U\u00f1as Medium bailarina Gel U\u00f1as en Resina U\u00f1as de Gel Nail Tips Cobertura Acr\u00edlico U\u00f1as Postizas en Ata\u00fad U\u00f1as Artificiales \/\u00a0 tips press on\u00a0\u00a0<\/span><\/li>\n<li><span class=\"a-list-item\">\u3010Puntas de u\u00f1as mate de 15 tama\u00f1os\u3011las u\u00f1as de GEL de 300 piezas ofrecen 15 tama\u00f1os diferentes\u00a0 del o al 11 y n\u00fameros medios 8.5, 9.5, 10.5 para satisfacer las necesidades de cada dedo, 20 u\u00f1as de cada tama\u00f1o. Y las u\u00f1as se almacenan en una caja, que es f\u00e1cil de transportar y puede proteger las u\u00f1as de la flexi\u00f3n en comparaci\u00f3n a los productos que se envasan en bolsas.<\/span><\/li>\n<li><span class=\"a-list-item\">\u3010Punta de u\u00f1as de gel suave sin arrugas\u3011No se preocupe por romper o dejar arrugas. Esta punta de gel para u\u00f1as es suave y flexible. Es tan flexible que puedes presionarlo y aplicar el color que m\u00e1s te guste. La belleza no necesita preocuparse.<\/span><\/li>\n<li><span class=\"a-list-item\">\u3010Ultrafino y c\u00f3modo\u3011La ra\u00edz de las puntas de las u\u00f1as est\u00e1 dise\u00f1ada con un dise\u00f1o ultrafino, lo que mejora la comodidad y el ajuste de la u\u00f1a extendida y evita que sea pesado e inc\u00f3modo. La cola de la punta de la u\u00f1a est\u00e1 engrosada, no es f\u00e1cil de romper y prolonga la vida \u00fatil.<\/span><\/li>\n<li><span class=\"a-list-item\">\u3010M\u00faltiples aplicaciones\u3011 Nuestras puntas de u\u00f1as se pueden usar para u\u00f1as acr\u00edlicas, gel de extensi\u00f3n de u\u00f1as polivin\u00edlicas, esmalte de u\u00f1as de gel, ideal para sal\u00f3n de u\u00f1as, bricolaje en el arte de u\u00f1as en casa. maravilloso regalo para su esposa, novia, madre o hermanas y participe perfectamente en la fiesta, citas y bodas, etc.<\/span><\/li>\n<\/ul>","protected":false},"excerpt":{"rendered":"<p>Tips U\u00f1as Medium bailarina Gel U\u00f1as en Resina U\u00f1as de Gel Nail Tips Cobertura Acr\u00edlico U\u00f1as Postizas en Ata\u00fad U\u00f1as Artificiales \/\u00a0&hellip;<\/p>","protected":false},"featured_media":16006,"comment_status":"open","ping_status":"closed","template":"","meta":[],"product_cat":[82,93],"product_tag":[],"yoast_head":"<!-- This site is optimized with the Yoast SEO plugin v19.9 - https:\/\/yoast.com\/wordpress\/plugins\/seo\/ -->\n<title>Tips Enteros de Gel Medium Mate 300Pcs\/ U\u00f1as Postizas Soft Gel - Hanna Cosm\u00e9tica<\/title>\n<meta name=\"robots\" content=\"index, follow, max-snippet:-1, max-image-preview:large, max-video-preview:-1\" \/>\n<link rel=\"canonical\" href=\"https:\/\/hannacosmetica.com\/fr\/tienda\/manicura\/moldes\/tips-enteros-de-gel-mate-300pcs-unas-postizas-soft-gel\/\" \/>\n<meta property=\"og:locale\" content=\"fr_FR\" \/>\n<meta property=\"og:type\" content=\"article\" \/>\n<meta property=\"og:title\" content=\"Tips Enteros de Gel Medium Mate 300Pcs\/ U\u00f1as Postizas Soft Gel - Hanna Cosm\u00e9tica\" \/>\n<meta property=\"og:description\" content=\"Tips U\u00f1as Medium bailarina Gel U\u00f1as en Resina U\u00f1as de Gel Nail Tips Cobertura Acr\u00edlico U\u00f1as Postizas en Ata\u00fad U\u00f1as Artificiales \/\u00a0&hellip;\" \/>\n<meta property=\"og:url\" content=\"https:\/\/hannacosmetica.com\/fr\/tienda\/manicura\/moldes\/tips-enteros-de-gel-mate-300pcs-unas-postizas-soft-gel\/\" \/>\n<meta property=\"og:site_name\" content=\"Hanna Cosm\u00e9tica\" \/>\n<meta property=\"article:modified_time\" content=\"2025-02-12T12:20:00+00:00\" \/>\n<meta property=\"og:image\" content=\"https:\/\/hannacosmetica.com\/wp-content\/uploads\/2023\/04\/857656864391686757.png\" \/>\n\t<meta property=\"og:image:width\" content=\"1080\" \/>\n\t<meta property=\"og:image:height\" content=\"1080\" \/>\n\t<meta property=\"og:image:type\" content=\"image\/png\" \/>\n<meta name=\"twitter:card\" content=\"summary_large_image\" \/>\n<script type=\"application\/ld+json\" class=\"yoast-schema-graph\">{\"@context\":\"https:\/\/schema.org\",\"@graph\":[{\"@type\":\"WebPage\",\"@id\":\"https:\/\/hannacosmetica.com\/tienda\/manicura\/moldes\/tips-enteros-de-gel-mate-300pcs-unas-postizas-soft-gel\/\",\"url\":\"https:\/\/hannacosmetica.com\/tienda\/manicura\/moldes\/tips-enteros-de-gel-mate-300pcs-unas-postizas-soft-gel\/\",\"name\":\"Tips Enteros de Gel Medium Mate 300Pcs\/ U\u00f1as Postizas Soft Gel - Hanna Cosm\u00e9tica\",\"isPartOf\":{\"@id\":\"https:\/\/hannacosmetica.com\/#website\"},\"datePublished\":\"2023-04-21T11:10:33+00:00\",\"dateModified\":\"2025-02-12T12:20:00+00:00\",\"breadcrumb\":{\"@id\":\"https:\/\/hannacosmetica.com\/tienda\/manicura\/moldes\/tips-enteros-de-gel-mate-300pcs-unas-postizas-soft-gel\/#breadcrumb\"},\"inLanguage\":\"fr-FR\",\"potentialAction\":[{\"@type\":\"ReadAction\",\"target\":[\"https:\/\/hannacosmetica.com\/tienda\/manicura\/moldes\/tips-enteros-de-gel-mate-300pcs-unas-postizas-soft-gel\/\"]}]},{\"@type\":\"BreadcrumbList\",\"@id\":\"https:\/\/hannacosmetica.com\/tienda\/manicura\/moldes\/tips-enteros-de-gel-mate-300pcs-unas-postizas-soft-gel\/#breadcrumb\",\"itemListElement\":[{\"@type\":\"ListItem\",\"position\":1,\"name\":\"Portada\",\"item\":\"https:\/\/hannacosmetica.com\/\"},{\"@type\":\"ListItem\",\"position\":2,\"name\":\"Tienda\",\"item\":\"https:\/\/hannacosmetica.com\/shop\/\"},{\"@type\":\"ListItem\",\"position\":3,\"name\":\"Tips Enteros de Gel Medium Mate 300Pcs\/ U\u00f1as Postizas Soft Gel\"}]},{\"@type\":\"WebSite\",\"@id\":\"https:\/\/hannacosmetica.com\/#website\",\"url\":\"https:\/\/hannacosmetica.com\/\",\"name\":\"Hanna Cosm\u00e9tica\",\"description\":\"Tienda de productos u\u00f1as, bellezas y peluquer\u00edas\",\"publisher\":{\"@id\":\"https:\/\/hannacosmetica.com\/#organization\"},\"potentialAction\":[{\"@type\":\"SearchAction\",\"target\":{\"@type\":\"EntryPoint\",\"urlTemplate\":\"https:\/\/hannacosmetica.com\/?s={search_term_string}\"},\"query-input\":\"required name=search_term_string\"}],\"inLanguage\":\"fr-FR\"},{\"@type\":\"Organization\",\"@id\":\"https:\/\/hannacosmetica.com\/#organization\",\"name\":\"Hanna Cosm\u00e9tica\",\"url\":\"https:\/\/hannacosmetica.com\/\",\"logo\":{\"@type\":\"ImageObject\",\"inLanguage\":\"fr-FR\",\"@id\":\"https:\/\/hannacosmetica.com\/#\/schema\/logo\/image\/\",\"url\":\"https:\/\/hannacosmetica.com\/wp-content\/uploads\/2022\/07\/Logo-Joyeria-Femenino-Floral-Negro.png\",\"contentUrl\":\"https:\/\/hannacosmetica.com\/wp-content\/uploads\/2022\/07\/Logo-Joyeria-Femenino-Floral-Negro.png\",\"width\":361,\"height\":126,\"caption\":\"Hanna Cosm\u00e9tica\"},\"image\":{\"@id\":\"https:\/\/hannacosmetica.com\/#\/schema\/logo\/image\/\"}}]}<\/script>\n<!-- \/ Yoast SEO plugin. -->","yoast_head_json":{"title":"Tips Enteros de Gel Medium Mate 300Pcs\/ U\u00f1as Postizas Soft Gel - Hanna Cosm\u00e9tica","robots":{"index":"index","follow":"follow","max-snippet":"max-snippet:-1","max-image-preview":"max-image-preview:large","max-video-preview":"max-video-preview:-1"},"canonical":"https:\/\/hannacosmetica.com\/fr\/tienda\/manicura\/moldes\/tips-enteros-de-gel-mate-300pcs-unas-postizas-soft-gel\/","og_locale":"fr_FR","og_type":"article","og_title":"Tips Enteros de Gel Medium Mate 300Pcs\/ U\u00f1as Postizas Soft Gel - Hanna Cosm\u00e9tica","og_description":"Tips U\u00f1as Medium bailarina Gel U\u00f1as en Resina U\u00f1as de Gel Nail Tips Cobertura Acr\u00edlico U\u00f1as Postizas en Ata\u00fad U\u00f1as Artificiales \/\u00a0&hellip;","og_url":"https:\/\/hannacosmetica.com\/fr\/tienda\/manicura\/moldes\/tips-enteros-de-gel-mate-300pcs-unas-postizas-soft-gel\/","og_site_name":"Hanna Cosm\u00e9tica","article_modified_time":"2025-02-12T12:20:00+00:00","og_image":[{"width":1080,"height":1080,"url":"https:\/\/hannacosmetica.com\/wp-content\/uploads\/2023\/04\/857656864391686757.png","type":"image\/png"}],"twitter_card":"summary_large_image","schema":{"@context":"https:\/\/schema.org","@graph":[{"@type":"WebPage","@id":"https:\/\/hannacosmetica.com\/tienda\/manicura\/moldes\/tips-enteros-de-gel-mate-300pcs-unas-postizas-soft-gel\/","url":"https:\/\/hannacosmetica.com\/tienda\/manicura\/moldes\/tips-enteros-de-gel-mate-300pcs-unas-postizas-soft-gel\/","name":"Tips Enteros de Gel Medium Mate 300Pcs\/ U\u00f1as Postizas Soft Gel - Hanna Cosm\u00e9tica","isPartOf":{"@id":"https:\/\/hannacosmetica.com\/#website"},"datePublished":"2023-04-21T11:10:33+00:00","dateModified":"2025-02-12T12:20:00+00:00","breadcrumb":{"@id":"https:\/\/hannacosmetica.com\/tienda\/manicura\/moldes\/tips-enteros-de-gel-mate-300pcs-unas-postizas-soft-gel\/#breadcrumb"},"inLanguage":"fr-FR","potentialAction":[{"@type":"ReadAction","target":["https:\/\/hannacosmetica.com\/tienda\/manicura\/moldes\/tips-enteros-de-gel-mate-300pcs-unas-postizas-soft-gel\/"]}]},{"@type":"BreadcrumbList","@id":"https:\/\/hannacosmetica.com\/tienda\/manicura\/moldes\/tips-enteros-de-gel-mate-300pcs-unas-postizas-soft-gel\/#breadcrumb","itemListElement":[{"@type":"ListItem","position":1,"name":"Portada","item":"https:\/\/hannacosmetica.com\/"},{"@type":"ListItem","position":2,"name":"Tienda","item":"https:\/\/hannacosmetica.com\/shop\/"},{"@type":"ListItem","position":3,"name":"Tips Enteros de Gel Medium Mate 300Pcs\/ U\u00f1as Postizas Soft Gel"}]},{"@type":"WebSite","@id":"https:\/\/hannacosmetica.com\/#website","url":"https:\/\/hannacosmetica.com\/","name":"Hanna Cosm\u00e9tica","description":"Tienda de productos u\u00f1as, bellezas y peluquer\u00edas","publisher":{"@id":"https:\/\/hannacosmetica.com\/#organization"},"potentialAction":[{"@type":"SearchAction","target":{"@type":"EntryPoint","urlTemplate":"https:\/\/hannacosmetica.com\/?s={search_term_string}"},"query-input":"required name=search_term_string"}],"inLanguage":"fr-FR"},{"@type":"Organization","@id":"https:\/\/hannacosmetica.com\/#organization","name":"Hanna Cosm\u00e9tica","url":"https:\/\/hannacosmetica.com\/","logo":{"@type":"ImageObject","inLanguage":"fr-FR","@id":"https:\/\/hannacosmetica.com\/#\/schema\/logo\/image\/","url":"https:\/\/hannacosmetica.com\/wp-content\/uploads\/2022\/07\/Logo-Joyeria-Femenino-Floral-Negro.png","contentUrl":"https:\/\/hannacosmetica.com\/wp-content\/uploads\/2022\/07\/Logo-Joyeria-Femenino-Floral-Negro.png","width":361,"height":126,"caption":"Hanna Cosm\u00e9tica"},"image":{"@id":"https:\/\/hannacosmetica.com\/#\/schema\/logo\/image\/"}}]}},"_links":{"self":[{"href":"https:\/\/hannacosmetica.com\/fr\/wp-json\/wp\/v2\/product\/12983"}],"collection":[{"href":"https:\/\/hannacosmetica.com\/fr\/wp-json\/wp\/v2\/product"}],"about":[{"href":"https:\/\/hannacosmetica.com\/fr\/wp-json\/wp\/v2\/types\/product"}],"replies":[{"embeddable":true,"href":"https:\/\/hannacosmetica.com\/fr\/wp-json\/wp\/v2\/comments?post=12983"}],"version-history":[{"count":5,"href":"https:\/\/hannacosmetica.com\/fr\/wp-json\/wp\/v2\/product\/12983\/revisions"}],"predecessor-version":[{"id":16102,"href":"https:\/\/hannacosmetica.com\/fr\/wp-json\/wp\/v2\/product\/12983\/revisions\/16102"}],"wp:featuredmedia":[{"embeddable":true,"href":"https:\/\/hannacosmetica.com\/fr\/wp-json\/wp\/v2\/media\/16006"}],"wp:attachment":[{"href":"https:\/\/hannacosmetica.com\/fr\/wp-json\/wp\/v2\/media?parent=12983"}],"wp:term":[{"taxonomy":"product_cat","embeddable":true,"href":"https:\/\/hannacosmetica.com\/fr\/wp-json\/wp\/v2\/product_cat?post=12983"},{"taxonomy":"product_tag","embeddable":true,"href":"https:\/\/hannacosmetica.com\/fr\/wp-json\/wp\/v2\/product_tag?post=12983"}],"curies":[{"name":"wp","href":"https:\/\/api.w.org\/{rel}","templated":true}]}}