{"id":12953,"date":"2023-04-21T08:34:51","date_gmt":"2023-04-21T08:34:51","guid":{"rendered":"https:\/\/hannacosmetica.com\/?post_type=product&#038;p=12953"},"modified":"2023-08-22T13:53:55","modified_gmt":"2023-08-22T13:53:55","slug":"removedor-de-callos-inoxidable-afeitadora-de-durezas-quita-callosidades","status":"publish","type":"product","link":"https:\/\/hannacosmetica.com\/fr\/tienda\/estetica\/complementos-estetica\/removedor-de-callos-inoxidable-afeitadora-de-durezas-quita-callosidades\/","title":{"rendered":"Removedor de Callos Inoxidable \/ Afeitadora de Durezas\/ Quita Callosidades"},"content":{"rendered":"<ul class=\"a-unordered-list a-vertical a-spacing-mini\">\n<li><span class=\"a-list-item\">Fabricado en acero inoxidable, no se oxida, no se deforma, durar\u00e1 mucho tiempo. Incluye 1 cuchilla\u00a0<\/span><\/li>\n<li><span class=\"a-list-item\">Resultados profesionales indoloros seguros en el hogar. El removedor de callos tiene un \u00e1ngulo espec\u00edfico para proporcionar una presi\u00f3n m\u00ednima en la piel para eliminar la acumulaci\u00f3n de piel dura. Adecuado tanto para uso profesional como dom\u00e9stico, perfecto para eliminar callos, ma\u00edz, piel dura, cut\u00edcula.<\/span><\/li>\n<li><span class=\"a-list-item\">Dise\u00f1ado con una cabeza de acero inoxidable y un mango ergon\u00f3mico para un f\u00e1cil control cuando est\u00e1 en uso, asegurando pies hermosos y suaves en minutos.<\/span><\/li>\n<li><span class=\"a-list-item\">F\u00e1cil de usar, cabeza extra\u00edble dise\u00f1ada, muy conveniente para cambiar la hoja o cargar la cabeza del archivo.<\/span><\/li>\n<li><span class=\"a-list-item\">Reutilizable, simplemente enjuague con agua para limpiar.<\/span><\/li>\n<\/ul>","protected":false},"excerpt":{"rendered":"<p>Fabricado en acero inoxidable, no se oxida, no se deforma, durar\u00e1 mucho tiempo. Incluye 1 cuchilla\u00a0 Resultados profesionales indoloros seguros en el&hellip;<\/p>","protected":false},"featured_media":12957,"comment_status":"open","ping_status":"closed","template":"","meta":[],"product_cat":[82,101,84,115],"product_tag":[],"yoast_head":"<!-- This site is optimized with the Yoast SEO plugin v19.9 - https:\/\/yoast.com\/wordpress\/plugins\/seo\/ -->\n<title>Removedor de Callos Inoxidable \/ Afeitadora de Durezas\/ Quita Callosidades - Hanna Cosm\u00e9tica<\/title>\n<meta name=\"robots\" content=\"index, follow, max-snippet:-1, max-image-preview:large, max-video-preview:-1\" \/>\n<link rel=\"canonical\" href=\"https:\/\/hannacosmetica.com\/fr\/tienda\/estetica\/complementos-estetica\/removedor-de-callos-inoxidable-afeitadora-de-durezas-quita-callosidades\/\" \/>\n<meta property=\"og:locale\" content=\"fr_FR\" \/>\n<meta property=\"og:type\" content=\"article\" \/>\n<meta property=\"og:title\" content=\"Removedor de Callos Inoxidable \/ Afeitadora de Durezas\/ Quita Callosidades - Hanna Cosm\u00e9tica\" \/>\n<meta property=\"og:description\" content=\"Fabricado en acero inoxidable, no se oxida, no se deforma, durar\u00e1 mucho tiempo. Incluye 1 cuchilla\u00a0 Resultados profesionales indoloros seguros en el&hellip;\" \/>\n<meta property=\"og:url\" content=\"https:\/\/hannacosmetica.com\/fr\/tienda\/estetica\/complementos-estetica\/removedor-de-callos-inoxidable-afeitadora-de-durezas-quita-callosidades\/\" \/>\n<meta property=\"og:site_name\" content=\"Hanna Cosm\u00e9tica\" \/>\n<meta property=\"article:modified_time\" content=\"2023-08-22T13:53:55+00:00\" \/>\n<meta property=\"og:image\" content=\"https:\/\/hannacosmetica.com\/wp-content\/uploads\/2023\/04\/100180-42.png\" \/>\n\t<meta property=\"og:image:width\" content=\"1000\" \/>\n\t<meta property=\"og:image:height\" content=\"1000\" \/>\n\t<meta property=\"og:image:type\" content=\"image\/png\" \/>\n<meta name=\"twitter:card\" content=\"summary_large_image\" \/>\n<script type=\"application\/ld+json\" class=\"yoast-schema-graph\">{\"@context\":\"https:\/\/schema.org\",\"@graph\":[{\"@type\":\"WebPage\",\"@id\":\"https:\/\/hannacosmetica.com\/tienda\/estetica\/complementos-estetica\/removedor-de-callos-inoxidable-afeitadora-de-durezas-quita-callosidades\/\",\"url\":\"https:\/\/hannacosmetica.com\/tienda\/estetica\/complementos-estetica\/removedor-de-callos-inoxidable-afeitadora-de-durezas-quita-callosidades\/\",\"name\":\"Removedor de Callos Inoxidable \/ Afeitadora de Durezas\/ Quita Callosidades - Hanna Cosm\u00e9tica\",\"isPartOf\":{\"@id\":\"https:\/\/hannacosmetica.com\/#website\"},\"datePublished\":\"2023-04-21T08:34:51+00:00\",\"dateModified\":\"2023-08-22T13:53:55+00:00\",\"breadcrumb\":{\"@id\":\"https:\/\/hannacosmetica.com\/tienda\/estetica\/complementos-estetica\/removedor-de-callos-inoxidable-afeitadora-de-durezas-quita-callosidades\/#breadcrumb\"},\"inLanguage\":\"fr-FR\",\"potentialAction\":[{\"@type\":\"ReadAction\",\"target\":[\"https:\/\/hannacosmetica.com\/tienda\/estetica\/complementos-estetica\/removedor-de-callos-inoxidable-afeitadora-de-durezas-quita-callosidades\/\"]}]},{\"@type\":\"BreadcrumbList\",\"@id\":\"https:\/\/hannacosmetica.com\/tienda\/estetica\/complementos-estetica\/removedor-de-callos-inoxidable-afeitadora-de-durezas-quita-callosidades\/#breadcrumb\",\"itemListElement\":[{\"@type\":\"ListItem\",\"position\":1,\"name\":\"Portada\",\"item\":\"https:\/\/hannacosmetica.com\/\"},{\"@type\":\"ListItem\",\"position\":2,\"name\":\"Tienda\",\"item\":\"https:\/\/hannacosmetica.com\/shop\/\"},{\"@type\":\"ListItem\",\"position\":3,\"name\":\"Removedor de Callos Inoxidable \/ Afeitadora de Durezas\/ Quita Callosidades\"}]},{\"@type\":\"WebSite\",\"@id\":\"https:\/\/hannacosmetica.com\/#website\",\"url\":\"https:\/\/hannacosmetica.com\/\",\"name\":\"Hanna Cosm\u00e9tica\",\"description\":\"Tienda de productos u\u00f1as, bellezas y peluquer\u00edas\",\"publisher\":{\"@id\":\"https:\/\/hannacosmetica.com\/#organization\"},\"potentialAction\":[{\"@type\":\"SearchAction\",\"target\":{\"@type\":\"EntryPoint\",\"urlTemplate\":\"https:\/\/hannacosmetica.com\/?s={search_term_string}\"},\"query-input\":\"required name=search_term_string\"}],\"inLanguage\":\"fr-FR\"},{\"@type\":\"Organization\",\"@id\":\"https:\/\/hannacosmetica.com\/#organization\",\"name\":\"Hanna Cosm\u00e9tica\",\"url\":\"https:\/\/hannacosmetica.com\/\",\"logo\":{\"@type\":\"ImageObject\",\"inLanguage\":\"fr-FR\",\"@id\":\"https:\/\/hannacosmetica.com\/#\/schema\/logo\/image\/\",\"url\":\"https:\/\/hannacosmetica.com\/wp-content\/uploads\/2022\/07\/Logo-Joyeria-Femenino-Floral-Negro.png\",\"contentUrl\":\"https:\/\/hannacosmetica.com\/wp-content\/uploads\/2022\/07\/Logo-Joyeria-Femenino-Floral-Negro.png\",\"width\":361,\"height\":126,\"caption\":\"Hanna Cosm\u00e9tica\"},\"image\":{\"@id\":\"https:\/\/hannacosmetica.com\/#\/schema\/logo\/image\/\"}}]}<\/script>\n<!-- \/ Yoast SEO plugin. -->","yoast_head_json":{"title":"Removedor de Callos Inoxidable \/ Afeitadora de Durezas\/ Quita Callosidades - Hanna Cosm\u00e9tica","robots":{"index":"index","follow":"follow","max-snippet":"max-snippet:-1","max-image-preview":"max-image-preview:large","max-video-preview":"max-video-preview:-1"},"canonical":"https:\/\/hannacosmetica.com\/fr\/tienda\/estetica\/complementos-estetica\/removedor-de-callos-inoxidable-afeitadora-de-durezas-quita-callosidades\/","og_locale":"fr_FR","og_type":"article","og_title":"Removedor de Callos Inoxidable \/ Afeitadora de Durezas\/ Quita Callosidades - Hanna Cosm\u00e9tica","og_description":"Fabricado en acero inoxidable, no se oxida, no se deforma, durar\u00e1 mucho tiempo. Incluye 1 cuchilla\u00a0 Resultados profesionales indoloros seguros en el&hellip;","og_url":"https:\/\/hannacosmetica.com\/fr\/tienda\/estetica\/complementos-estetica\/removedor-de-callos-inoxidable-afeitadora-de-durezas-quita-callosidades\/","og_site_name":"Hanna Cosm\u00e9tica","article_modified_time":"2023-08-22T13:53:55+00:00","og_image":[{"width":1000,"height":1000,"url":"https:\/\/hannacosmetica.com\/wp-content\/uploads\/2023\/04\/100180-42.png","type":"image\/png"}],"twitter_card":"summary_large_image","schema":{"@context":"https:\/\/schema.org","@graph":[{"@type":"WebPage","@id":"https:\/\/hannacosmetica.com\/tienda\/estetica\/complementos-estetica\/removedor-de-callos-inoxidable-afeitadora-de-durezas-quita-callosidades\/","url":"https:\/\/hannacosmetica.com\/tienda\/estetica\/complementos-estetica\/removedor-de-callos-inoxidable-afeitadora-de-durezas-quita-callosidades\/","name":"Removedor de Callos Inoxidable \/ Afeitadora de Durezas\/ Quita Callosidades - Hanna Cosm\u00e9tica","isPartOf":{"@id":"https:\/\/hannacosmetica.com\/#website"},"datePublished":"2023-04-21T08:34:51+00:00","dateModified":"2023-08-22T13:53:55+00:00","breadcrumb":{"@id":"https:\/\/hannacosmetica.com\/tienda\/estetica\/complementos-estetica\/removedor-de-callos-inoxidable-afeitadora-de-durezas-quita-callosidades\/#breadcrumb"},"inLanguage":"fr-FR","potentialAction":[{"@type":"ReadAction","target":["https:\/\/hannacosmetica.com\/tienda\/estetica\/complementos-estetica\/removedor-de-callos-inoxidable-afeitadora-de-durezas-quita-callosidades\/"]}]},{"@type":"BreadcrumbList","@id":"https:\/\/hannacosmetica.com\/tienda\/estetica\/complementos-estetica\/removedor-de-callos-inoxidable-afeitadora-de-durezas-quita-callosidades\/#breadcrumb","itemListElement":[{"@type":"ListItem","position":1,"name":"Portada","item":"https:\/\/hannacosmetica.com\/"},{"@type":"ListItem","position":2,"name":"Tienda","item":"https:\/\/hannacosmetica.com\/shop\/"},{"@type":"ListItem","position":3,"name":"Removedor de Callos Inoxidable \/ Afeitadora de Durezas\/ Quita Callosidades"}]},{"@type":"WebSite","@id":"https:\/\/hannacosmetica.com\/#website","url":"https:\/\/hannacosmetica.com\/","name":"Hanna Cosm\u00e9tica","description":"Tienda de productos u\u00f1as, bellezas y peluquer\u00edas","publisher":{"@id":"https:\/\/hannacosmetica.com\/#organization"},"potentialAction":[{"@type":"SearchAction","target":{"@type":"EntryPoint","urlTemplate":"https:\/\/hannacosmetica.com\/?s={search_term_string}"},"query-input":"required name=search_term_string"}],"inLanguage":"fr-FR"},{"@type":"Organization","@id":"https:\/\/hannacosmetica.com\/#organization","name":"Hanna Cosm\u00e9tica","url":"https:\/\/hannacosmetica.com\/","logo":{"@type":"ImageObject","inLanguage":"fr-FR","@id":"https:\/\/hannacosmetica.com\/#\/schema\/logo\/image\/","url":"https:\/\/hannacosmetica.com\/wp-content\/uploads\/2022\/07\/Logo-Joyeria-Femenino-Floral-Negro.png","contentUrl":"https:\/\/hannacosmetica.com\/wp-content\/uploads\/2022\/07\/Logo-Joyeria-Femenino-Floral-Negro.png","width":361,"height":126,"caption":"Hanna Cosm\u00e9tica"},"image":{"@id":"https:\/\/hannacosmetica.com\/#\/schema\/logo\/image\/"}}]}},"_links":{"self":[{"href":"https:\/\/hannacosmetica.com\/fr\/wp-json\/wp\/v2\/product\/12953"}],"collection":[{"href":"https:\/\/hannacosmetica.com\/fr\/wp-json\/wp\/v2\/product"}],"about":[{"href":"https:\/\/hannacosmetica.com\/fr\/wp-json\/wp\/v2\/types\/product"}],"replies":[{"embeddable":true,"href":"https:\/\/hannacosmetica.com\/fr\/wp-json\/wp\/v2\/comments?post=12953"}],"version-history":[{"count":1,"href":"https:\/\/hannacosmetica.com\/fr\/wp-json\/wp\/v2\/product\/12953\/revisions"}],"predecessor-version":[{"id":12959,"href":"https:\/\/hannacosmetica.com\/fr\/wp-json\/wp\/v2\/product\/12953\/revisions\/12959"}],"wp:featuredmedia":[{"embeddable":true,"href":"https:\/\/hannacosmetica.com\/fr\/wp-json\/wp\/v2\/media\/12957"}],"wp:attachment":[{"href":"https:\/\/hannacosmetica.com\/fr\/wp-json\/wp\/v2\/media?parent=12953"}],"wp:term":[{"taxonomy":"product_cat","embeddable":true,"href":"https:\/\/hannacosmetica.com\/fr\/wp-json\/wp\/v2\/product_cat?post=12953"},{"taxonomy":"product_tag","embeddable":true,"href":"https:\/\/hannacosmetica.com\/fr\/wp-json\/wp\/v2\/product_tag?post=12953"}],"curies":[{"name":"wp","href":"https:\/\/api.w.org\/{rel}","templated":true}]}}