{"id":12946,"date":"2023-04-21T08:19:13","date_gmt":"2023-04-21T08:19:13","guid":{"rendered":"https:\/\/hannacosmetica.com\/?post_type=product&#038;p=12946"},"modified":"2025-07-10T14:12:31","modified_gmt":"2025-07-10T14:12:31","slug":"100-pares-de-separadores-desechables-para-dedos-de-los-pies-separadores-de-espuma","status":"publish","type":"product","link":"https:\/\/hannacosmetica.com\/fr\/tienda\/manicura\/complementos\/100-pares-de-separadores-desechables-para-dedos-de-los-pies-separadores-de-espuma\/","title":{"rendered":"100 Pares de Separadores Desechables para Dedos de Los Pies\/ Separadores de Espuma"},"content":{"rendered":"<ul>\n<li>separadores de punta de espuma est\u00e1 hecho de esponja de alta densidad con una hermosa forma de coraz\u00f3n.<\/li>\n<li>Separadores de punteras de espuma de tama\u00f1o port\u00e1til f\u00e1ciles de llevar.<br \/>\npuede aliviar eficazmente el dolor la malformaci\u00f3n de los dedos de los pies.<\/li>\n<li>separadores de espuma para los dedos es c\u00f3modo sin lastimar las manos los pies.<\/li>\n<li>cantidad: 100 Pares<\/li>\n<\/ul>","protected":false},"excerpt":{"rendered":"<p>separadores de punta de espuma est\u00e1 hecho de esponja de alta densidad con una hermosa forma de coraz\u00f3n. Separadores de punteras de&hellip;<\/p>","protected":false},"featured_media":12943,"comment_status":"open","ping_status":"closed","template":"","meta":[],"product_cat":[82,101],"product_tag":[],"yoast_head":"<!-- This site is optimized with the Yoast SEO plugin v19.9 - https:\/\/yoast.com\/wordpress\/plugins\/seo\/ -->\n<title>100 Pares de Separadores Desechables para Dedos de Los Pies\/ Separadores de Espuma - Hanna Cosm\u00e9tica<\/title>\n<meta name=\"robots\" content=\"index, follow, max-snippet:-1, max-image-preview:large, max-video-preview:-1\" \/>\n<link rel=\"canonical\" href=\"https:\/\/hannacosmetica.com\/fr\/tienda\/manicura\/complementos\/100-pares-de-separadores-desechables-para-dedos-de-los-pies-separadores-de-espuma\/\" \/>\n<meta property=\"og:locale\" content=\"fr_FR\" \/>\n<meta property=\"og:type\" content=\"article\" \/>\n<meta property=\"og:title\" content=\"100 Pares de Separadores Desechables para Dedos de Los Pies\/ Separadores de Espuma - Hanna Cosm\u00e9tica\" \/>\n<meta property=\"og:description\" content=\"separadores de punta de espuma est\u00e1 hecho de esponja de alta densidad con una hermosa forma de coraz\u00f3n. Separadores de punteras de&hellip;\" \/>\n<meta property=\"og:url\" content=\"https:\/\/hannacosmetica.com\/fr\/tienda\/manicura\/complementos\/100-pares-de-separadores-desechables-para-dedos-de-los-pies-separadores-de-espuma\/\" \/>\n<meta property=\"og:site_name\" content=\"Hanna Cosm\u00e9tica\" \/>\n<meta property=\"article:modified_time\" content=\"2025-07-10T14:12:31+00:00\" \/>\n<meta property=\"og:image\" content=\"https:\/\/hannacosmetica.com\/wp-content\/uploads\/2023\/04\/100180-35.png\" \/>\n\t<meta property=\"og:image:width\" content=\"1000\" \/>\n\t<meta property=\"og:image:height\" content=\"1000\" \/>\n\t<meta property=\"og:image:type\" content=\"image\/png\" \/>\n<meta name=\"twitter:card\" content=\"summary_large_image\" \/>\n<script type=\"application\/ld+json\" class=\"yoast-schema-graph\">{\"@context\":\"https:\/\/schema.org\",\"@graph\":[{\"@type\":\"WebPage\",\"@id\":\"https:\/\/hannacosmetica.com\/tienda\/manicura\/complementos\/100-pares-de-separadores-desechables-para-dedos-de-los-pies-separadores-de-espuma\/\",\"url\":\"https:\/\/hannacosmetica.com\/tienda\/manicura\/complementos\/100-pares-de-separadores-desechables-para-dedos-de-los-pies-separadores-de-espuma\/\",\"name\":\"100 Pares de Separadores Desechables para Dedos de Los Pies\/ Separadores de Espuma - Hanna Cosm\u00e9tica\",\"isPartOf\":{\"@id\":\"https:\/\/hannacosmetica.com\/#website\"},\"datePublished\":\"2023-04-21T08:19:13+00:00\",\"dateModified\":\"2025-07-10T14:12:31+00:00\",\"breadcrumb\":{\"@id\":\"https:\/\/hannacosmetica.com\/tienda\/manicura\/complementos\/100-pares-de-separadores-desechables-para-dedos-de-los-pies-separadores-de-espuma\/#breadcrumb\"},\"inLanguage\":\"fr-FR\",\"potentialAction\":[{\"@type\":\"ReadAction\",\"target\":[\"https:\/\/hannacosmetica.com\/tienda\/manicura\/complementos\/100-pares-de-separadores-desechables-para-dedos-de-los-pies-separadores-de-espuma\/\"]}]},{\"@type\":\"BreadcrumbList\",\"@id\":\"https:\/\/hannacosmetica.com\/tienda\/manicura\/complementos\/100-pares-de-separadores-desechables-para-dedos-de-los-pies-separadores-de-espuma\/#breadcrumb\",\"itemListElement\":[{\"@type\":\"ListItem\",\"position\":1,\"name\":\"Portada\",\"item\":\"https:\/\/hannacosmetica.com\/\"},{\"@type\":\"ListItem\",\"position\":2,\"name\":\"Tienda\",\"item\":\"https:\/\/hannacosmetica.com\/shop\/\"},{\"@type\":\"ListItem\",\"position\":3,\"name\":\"100 Pares de Separadores Desechables para Dedos de Los Pies\/ Separadores de Espuma\"}]},{\"@type\":\"WebSite\",\"@id\":\"https:\/\/hannacosmetica.com\/#website\",\"url\":\"https:\/\/hannacosmetica.com\/\",\"name\":\"Hanna Cosm\u00e9tica\",\"description\":\"Tienda de productos u\u00f1as, bellezas y peluquer\u00edas\",\"publisher\":{\"@id\":\"https:\/\/hannacosmetica.com\/#organization\"},\"potentialAction\":[{\"@type\":\"SearchAction\",\"target\":{\"@type\":\"EntryPoint\",\"urlTemplate\":\"https:\/\/hannacosmetica.com\/?s={search_term_string}\"},\"query-input\":\"required name=search_term_string\"}],\"inLanguage\":\"fr-FR\"},{\"@type\":\"Organization\",\"@id\":\"https:\/\/hannacosmetica.com\/#organization\",\"name\":\"Hanna Cosm\u00e9tica\",\"url\":\"https:\/\/hannacosmetica.com\/\",\"logo\":{\"@type\":\"ImageObject\",\"inLanguage\":\"fr-FR\",\"@id\":\"https:\/\/hannacosmetica.com\/#\/schema\/logo\/image\/\",\"url\":\"https:\/\/hannacosmetica.com\/wp-content\/uploads\/2022\/07\/Logo-Joyeria-Femenino-Floral-Negro.png\",\"contentUrl\":\"https:\/\/hannacosmetica.com\/wp-content\/uploads\/2022\/07\/Logo-Joyeria-Femenino-Floral-Negro.png\",\"width\":361,\"height\":126,\"caption\":\"Hanna Cosm\u00e9tica\"},\"image\":{\"@id\":\"https:\/\/hannacosmetica.com\/#\/schema\/logo\/image\/\"}}]}<\/script>\n<!-- \/ Yoast SEO plugin. -->","yoast_head_json":{"title":"100 Pares de Separadores Desechables para Dedos de Los Pies\/ Separadores de Espuma - Hanna Cosm\u00e9tica","robots":{"index":"index","follow":"follow","max-snippet":"max-snippet:-1","max-image-preview":"max-image-preview:large","max-video-preview":"max-video-preview:-1"},"canonical":"https:\/\/hannacosmetica.com\/fr\/tienda\/manicura\/complementos\/100-pares-de-separadores-desechables-para-dedos-de-los-pies-separadores-de-espuma\/","og_locale":"fr_FR","og_type":"article","og_title":"100 Pares de Separadores Desechables para Dedos de Los Pies\/ Separadores de Espuma - Hanna Cosm\u00e9tica","og_description":"separadores de punta de espuma est\u00e1 hecho de esponja de alta densidad con una hermosa forma de coraz\u00f3n. Separadores de punteras de&hellip;","og_url":"https:\/\/hannacosmetica.com\/fr\/tienda\/manicura\/complementos\/100-pares-de-separadores-desechables-para-dedos-de-los-pies-separadores-de-espuma\/","og_site_name":"Hanna Cosm\u00e9tica","article_modified_time":"2025-07-10T14:12:31+00:00","og_image":[{"width":1000,"height":1000,"url":"https:\/\/hannacosmetica.com\/wp-content\/uploads\/2023\/04\/100180-35.png","type":"image\/png"}],"twitter_card":"summary_large_image","schema":{"@context":"https:\/\/schema.org","@graph":[{"@type":"WebPage","@id":"https:\/\/hannacosmetica.com\/tienda\/manicura\/complementos\/100-pares-de-separadores-desechables-para-dedos-de-los-pies-separadores-de-espuma\/","url":"https:\/\/hannacosmetica.com\/tienda\/manicura\/complementos\/100-pares-de-separadores-desechables-para-dedos-de-los-pies-separadores-de-espuma\/","name":"100 Pares de Separadores Desechables para Dedos de Los Pies\/ Separadores de Espuma - Hanna Cosm\u00e9tica","isPartOf":{"@id":"https:\/\/hannacosmetica.com\/#website"},"datePublished":"2023-04-21T08:19:13+00:00","dateModified":"2025-07-10T14:12:31+00:00","breadcrumb":{"@id":"https:\/\/hannacosmetica.com\/tienda\/manicura\/complementos\/100-pares-de-separadores-desechables-para-dedos-de-los-pies-separadores-de-espuma\/#breadcrumb"},"inLanguage":"fr-FR","potentialAction":[{"@type":"ReadAction","target":["https:\/\/hannacosmetica.com\/tienda\/manicura\/complementos\/100-pares-de-separadores-desechables-para-dedos-de-los-pies-separadores-de-espuma\/"]}]},{"@type":"BreadcrumbList","@id":"https:\/\/hannacosmetica.com\/tienda\/manicura\/complementos\/100-pares-de-separadores-desechables-para-dedos-de-los-pies-separadores-de-espuma\/#breadcrumb","itemListElement":[{"@type":"ListItem","position":1,"name":"Portada","item":"https:\/\/hannacosmetica.com\/"},{"@type":"ListItem","position":2,"name":"Tienda","item":"https:\/\/hannacosmetica.com\/shop\/"},{"@type":"ListItem","position":3,"name":"100 Pares de Separadores Desechables para Dedos de Los Pies\/ Separadores de Espuma"}]},{"@type":"WebSite","@id":"https:\/\/hannacosmetica.com\/#website","url":"https:\/\/hannacosmetica.com\/","name":"Hanna Cosm\u00e9tica","description":"Tienda de productos u\u00f1as, bellezas y peluquer\u00edas","publisher":{"@id":"https:\/\/hannacosmetica.com\/#organization"},"potentialAction":[{"@type":"SearchAction","target":{"@type":"EntryPoint","urlTemplate":"https:\/\/hannacosmetica.com\/?s={search_term_string}"},"query-input":"required name=search_term_string"}],"inLanguage":"fr-FR"},{"@type":"Organization","@id":"https:\/\/hannacosmetica.com\/#organization","name":"Hanna Cosm\u00e9tica","url":"https:\/\/hannacosmetica.com\/","logo":{"@type":"ImageObject","inLanguage":"fr-FR","@id":"https:\/\/hannacosmetica.com\/#\/schema\/logo\/image\/","url":"https:\/\/hannacosmetica.com\/wp-content\/uploads\/2022\/07\/Logo-Joyeria-Femenino-Floral-Negro.png","contentUrl":"https:\/\/hannacosmetica.com\/wp-content\/uploads\/2022\/07\/Logo-Joyeria-Femenino-Floral-Negro.png","width":361,"height":126,"caption":"Hanna Cosm\u00e9tica"},"image":{"@id":"https:\/\/hannacosmetica.com\/#\/schema\/logo\/image\/"}}]}},"_links":{"self":[{"href":"https:\/\/hannacosmetica.com\/fr\/wp-json\/wp\/v2\/product\/12946"}],"collection":[{"href":"https:\/\/hannacosmetica.com\/fr\/wp-json\/wp\/v2\/product"}],"about":[{"href":"https:\/\/hannacosmetica.com\/fr\/wp-json\/wp\/v2\/types\/product"}],"replies":[{"embeddable":true,"href":"https:\/\/hannacosmetica.com\/fr\/wp-json\/wp\/v2\/comments?post=12946"}],"version-history":[{"count":2,"href":"https:\/\/hannacosmetica.com\/fr\/wp-json\/wp\/v2\/product\/12946\/revisions"}],"predecessor-version":[{"id":20618,"href":"https:\/\/hannacosmetica.com\/fr\/wp-json\/wp\/v2\/product\/12946\/revisions\/20618"}],"wp:featuredmedia":[{"embeddable":true,"href":"https:\/\/hannacosmetica.com\/fr\/wp-json\/wp\/v2\/media\/12943"}],"wp:attachment":[{"href":"https:\/\/hannacosmetica.com\/fr\/wp-json\/wp\/v2\/media?parent=12946"}],"wp:term":[{"taxonomy":"product_cat","embeddable":true,"href":"https:\/\/hannacosmetica.com\/fr\/wp-json\/wp\/v2\/product_cat?post=12946"},{"taxonomy":"product_tag","embeddable":true,"href":"https:\/\/hannacosmetica.com\/fr\/wp-json\/wp\/v2\/product_tag?post=12946"}],"curies":[{"name":"wp","href":"https:\/\/api.w.org\/{rel}","templated":true}]}}