{"id":12932,"date":"2023-04-20T16:54:41","date_gmt":"2023-04-20T16:54:41","guid":{"rendered":"https:\/\/hannacosmetica.com\/?post_type=product&#038;p=12932"},"modified":"2026-01-16T17:41:25","modified_gmt":"2026-01-16T17:41:25","slug":"lampara-uv-led-para-unas-5w-lampara-led-unas-secador-de-unas-mango-portatil-lampara-de-curado-herramientas-de-arte-de-unas-temporizador-de-30-60-99s","status":"publish","type":"product","link":"https:\/\/hannacosmetica.com\/fr\/tienda\/maquinaria\/lamparas-de-secado-de-unas\/lampara-uv-led-para-unas-5w-lampara-led-unas-secador-de-unas-mango-portatil-lampara-de-curado-herramientas-de-arte-de-unas-temporizador-de-30-60-99s\/","title":{"rendered":"L\u00e1mpara UV LED para u\u00f1as, 5W L\u00e1mpara LED U\u00f1as Secador de U\u00f1as, Mango port\u00e1til L\u00e1mpara de curado Herramientas de Arte de U\u00f1as, Temporizador de 30\/60\/99s"},"content":{"rendered":"<ul class=\"a-unordered-list a-vertical a-spacing-mini\">\n<li><span class=\"a-list-item\">Esta l\u00e1mpara LED Adecuado Para Todos Los Esmaltes De U\u00f1as, adecuada para secar pegamento de fototerapia UV, pegamento para extensiones, l\u00e1mpara LED para esmalte de u\u00f1as y muchos m\u00e1s.<\/span><\/li>\n<li><span class=\"a-list-item\">La l\u00e1mpara de u\u00f1as UV LED utiliza la \u00faltima tecnolog\u00eda de fuente de luz, no da\u00f1a los ojos, no da\u00f1a las manos, Muy inteligente, port\u00e1til, r\u00e1pido y silencioso para su uso.<\/span><\/li>\n<li><span class=\"a-list-item\">La mini l\u00e1mpara de u\u00f1as UV ofrece un buen rendimiento \u00f3ptico, 3 modos de sincronizaci\u00f3n, la pantalla muestra el tiempo de uso.<\/span><\/li>\n<li><span class=\"a-list-item\">La fuente de alimentaci\u00f3n USB se puede usar en cualquier lugar, pero tambi\u00e9n puede ser un regalo perfecto para el D\u00eda de la Madre, el D\u00eda de San Valent\u00edn, el aniversario de bodas, etc.<\/span><\/li>\n<li><span class=\"a-list-item\">La l\u00e1mpara de u\u00f1as LED Ahorre tiempo, esfuerzo y una suma de dinero para obtener una excelente experiencia de manicura en el sal\u00f3n en cualquier momento y lugar, ideal para el hogar, la oficina, la escuela o los viajes.<\/span><\/li>\n<\/ul>","protected":false},"excerpt":{"rendered":"<p>Esta l\u00e1mpara LED Adecuado Para Todos Los Esmaltes De U\u00f1as, adecuada para secar pegamento de fototerapia UV, pegamento para extensiones, l\u00e1mpara LED&hellip;<\/p>","protected":false},"featured_media":12935,"comment_status":"open","ping_status":"closed","template":"","meta":[],"product_cat":[82,101,86,119],"product_tag":[],"yoast_head":"<!-- This site is optimized with the Yoast SEO plugin v19.9 - https:\/\/yoast.com\/wordpress\/plugins\/seo\/ -->\n<title>L\u00e1mpara UV LED para u\u00f1as, 5W L\u00e1mpara LED U\u00f1as Secador de U\u00f1as, Mango port\u00e1til L\u00e1mpara de curado Herramientas de Arte de U\u00f1as, Temporizador de 30\/60\/99s - Hanna Cosm\u00e9tica<\/title>\n<meta name=\"robots\" content=\"index, follow, max-snippet:-1, max-image-preview:large, max-video-preview:-1\" \/>\n<link rel=\"canonical\" href=\"https:\/\/hannacosmetica.com\/fr\/tienda\/maquinaria\/lamparas-de-secado-de-unas\/lampara-uv-led-para-unas-5w-lampara-led-unas-secador-de-unas-mango-portatil-lampara-de-curado-herramientas-de-arte-de-unas-temporizador-de-30-60-99s\/\" \/>\n<meta property=\"og:locale\" content=\"fr_FR\" \/>\n<meta property=\"og:type\" content=\"article\" \/>\n<meta property=\"og:title\" content=\"L\u00e1mpara UV LED para u\u00f1as, 5W L\u00e1mpara LED U\u00f1as Secador de U\u00f1as, Mango port\u00e1til L\u00e1mpara de curado Herramientas de Arte de U\u00f1as, Temporizador de 30\/60\/99s - Hanna Cosm\u00e9tica\" \/>\n<meta property=\"og:description\" content=\"Esta l\u00e1mpara LED Adecuado Para Todos Los Esmaltes De U\u00f1as, adecuada para secar pegamento de fototerapia UV, pegamento para extensiones, l\u00e1mpara LED&hellip;\" \/>\n<meta property=\"og:url\" content=\"https:\/\/hannacosmetica.com\/fr\/tienda\/maquinaria\/lamparas-de-secado-de-unas\/lampara-uv-led-para-unas-5w-lampara-led-unas-secador-de-unas-mango-portatil-lampara-de-curado-herramientas-de-arte-de-unas-temporizador-de-30-60-99s\/\" \/>\n<meta property=\"og:site_name\" content=\"Hanna Cosm\u00e9tica\" \/>\n<meta property=\"article:modified_time\" content=\"2026-01-16T17:41:25+00:00\" \/>\n<meta property=\"og:image\" content=\"https:\/\/hannacosmetica.com\/wp-content\/uploads\/2023\/04\/\u6355\u83b7-17.jpg\" \/>\n\t<meta property=\"og:image:width\" content=\"679\" \/>\n\t<meta property=\"og:image:height\" content=\"700\" \/>\n\t<meta property=\"og:image:type\" content=\"image\/jpeg\" \/>\n<meta name=\"twitter:card\" content=\"summary_large_image\" \/>\n<script type=\"application\/ld+json\" class=\"yoast-schema-graph\">{\"@context\":\"https:\/\/schema.org\",\"@graph\":[{\"@type\":\"WebPage\",\"@id\":\"https:\/\/hannacosmetica.com\/tienda\/maquinaria\/lamparas-de-secado-de-unas\/lampara-uv-led-para-unas-5w-lampara-led-unas-secador-de-unas-mango-portatil-lampara-de-curado-herramientas-de-arte-de-unas-temporizador-de-30-60-99s\/\",\"url\":\"https:\/\/hannacosmetica.com\/tienda\/maquinaria\/lamparas-de-secado-de-unas\/lampara-uv-led-para-unas-5w-lampara-led-unas-secador-de-unas-mango-portatil-lampara-de-curado-herramientas-de-arte-de-unas-temporizador-de-30-60-99s\/\",\"name\":\"L\u00e1mpara UV LED para u\u00f1as, 5W L\u00e1mpara LED U\u00f1as Secador de U\u00f1as, Mango port\u00e1til L\u00e1mpara de curado Herramientas de Arte de U\u00f1as, Temporizador de 30\/60\/99s - Hanna Cosm\u00e9tica\",\"isPartOf\":{\"@id\":\"https:\/\/hannacosmetica.com\/#website\"},\"datePublished\":\"2023-04-20T16:54:41+00:00\",\"dateModified\":\"2026-01-16T17:41:25+00:00\",\"breadcrumb\":{\"@id\":\"https:\/\/hannacosmetica.com\/tienda\/maquinaria\/lamparas-de-secado-de-unas\/lampara-uv-led-para-unas-5w-lampara-led-unas-secador-de-unas-mango-portatil-lampara-de-curado-herramientas-de-arte-de-unas-temporizador-de-30-60-99s\/#breadcrumb\"},\"inLanguage\":\"fr-FR\",\"potentialAction\":[{\"@type\":\"ReadAction\",\"target\":[\"https:\/\/hannacosmetica.com\/tienda\/maquinaria\/lamparas-de-secado-de-unas\/lampara-uv-led-para-unas-5w-lampara-led-unas-secador-de-unas-mango-portatil-lampara-de-curado-herramientas-de-arte-de-unas-temporizador-de-30-60-99s\/\"]}]},{\"@type\":\"BreadcrumbList\",\"@id\":\"https:\/\/hannacosmetica.com\/tienda\/maquinaria\/lamparas-de-secado-de-unas\/lampara-uv-led-para-unas-5w-lampara-led-unas-secador-de-unas-mango-portatil-lampara-de-curado-herramientas-de-arte-de-unas-temporizador-de-30-60-99s\/#breadcrumb\",\"itemListElement\":[{\"@type\":\"ListItem\",\"position\":1,\"name\":\"Portada\",\"item\":\"https:\/\/hannacosmetica.com\/\"},{\"@type\":\"ListItem\",\"position\":2,\"name\":\"Tienda\",\"item\":\"https:\/\/hannacosmetica.com\/shop\/\"},{\"@type\":\"ListItem\",\"position\":3,\"name\":\"L\u00e1mpara UV LED para u\u00f1as, 5W L\u00e1mpara LED U\u00f1as Secador de U\u00f1as, Mango port\u00e1til L\u00e1mpara de curado Herramientas de Arte de U\u00f1as, Temporizador de 30\/60\/99s\"}]},{\"@type\":\"WebSite\",\"@id\":\"https:\/\/hannacosmetica.com\/#website\",\"url\":\"https:\/\/hannacosmetica.com\/\",\"name\":\"Hanna Cosm\u00e9tica\",\"description\":\"Tienda de productos u\u00f1as, bellezas y peluquer\u00edas\",\"publisher\":{\"@id\":\"https:\/\/hannacosmetica.com\/#organization\"},\"potentialAction\":[{\"@type\":\"SearchAction\",\"target\":{\"@type\":\"EntryPoint\",\"urlTemplate\":\"https:\/\/hannacosmetica.com\/?s={search_term_string}\"},\"query-input\":\"required name=search_term_string\"}],\"inLanguage\":\"fr-FR\"},{\"@type\":\"Organization\",\"@id\":\"https:\/\/hannacosmetica.com\/#organization\",\"name\":\"Hanna Cosm\u00e9tica\",\"url\":\"https:\/\/hannacosmetica.com\/\",\"logo\":{\"@type\":\"ImageObject\",\"inLanguage\":\"fr-FR\",\"@id\":\"https:\/\/hannacosmetica.com\/#\/schema\/logo\/image\/\",\"url\":\"https:\/\/hannacosmetica.com\/wp-content\/uploads\/2022\/07\/Logo-Joyeria-Femenino-Floral-Negro.png\",\"contentUrl\":\"https:\/\/hannacosmetica.com\/wp-content\/uploads\/2022\/07\/Logo-Joyeria-Femenino-Floral-Negro.png\",\"width\":361,\"height\":126,\"caption\":\"Hanna Cosm\u00e9tica\"},\"image\":{\"@id\":\"https:\/\/hannacosmetica.com\/#\/schema\/logo\/image\/\"}}]}<\/script>\n<!-- \/ Yoast SEO plugin. -->","yoast_head_json":{"title":"L\u00e1mpara UV LED para u\u00f1as, 5W L\u00e1mpara LED U\u00f1as Secador de U\u00f1as, Mango port\u00e1til L\u00e1mpara de curado Herramientas de Arte de U\u00f1as, Temporizador de 30\/60\/99s - Hanna Cosm\u00e9tica","robots":{"index":"index","follow":"follow","max-snippet":"max-snippet:-1","max-image-preview":"max-image-preview:large","max-video-preview":"max-video-preview:-1"},"canonical":"https:\/\/hannacosmetica.com\/fr\/tienda\/maquinaria\/lamparas-de-secado-de-unas\/lampara-uv-led-para-unas-5w-lampara-led-unas-secador-de-unas-mango-portatil-lampara-de-curado-herramientas-de-arte-de-unas-temporizador-de-30-60-99s\/","og_locale":"fr_FR","og_type":"article","og_title":"L\u00e1mpara UV LED para u\u00f1as, 5W L\u00e1mpara LED U\u00f1as Secador de U\u00f1as, Mango port\u00e1til L\u00e1mpara de curado Herramientas de Arte de U\u00f1as, Temporizador de 30\/60\/99s - Hanna Cosm\u00e9tica","og_description":"Esta l\u00e1mpara LED Adecuado Para Todos Los Esmaltes De U\u00f1as, adecuada para secar pegamento de fototerapia UV, pegamento para extensiones, l\u00e1mpara LED&hellip;","og_url":"https:\/\/hannacosmetica.com\/fr\/tienda\/maquinaria\/lamparas-de-secado-de-unas\/lampara-uv-led-para-unas-5w-lampara-led-unas-secador-de-unas-mango-portatil-lampara-de-curado-herramientas-de-arte-de-unas-temporizador-de-30-60-99s\/","og_site_name":"Hanna Cosm\u00e9tica","article_modified_time":"2026-01-16T17:41:25+00:00","og_image":[{"width":679,"height":700,"url":"https:\/\/hannacosmetica.com\/wp-content\/uploads\/2023\/04\/\u6355\u83b7-17.jpg","type":"image\/jpeg"}],"twitter_card":"summary_large_image","schema":{"@context":"https:\/\/schema.org","@graph":[{"@type":"WebPage","@id":"https:\/\/hannacosmetica.com\/tienda\/maquinaria\/lamparas-de-secado-de-unas\/lampara-uv-led-para-unas-5w-lampara-led-unas-secador-de-unas-mango-portatil-lampara-de-curado-herramientas-de-arte-de-unas-temporizador-de-30-60-99s\/","url":"https:\/\/hannacosmetica.com\/tienda\/maquinaria\/lamparas-de-secado-de-unas\/lampara-uv-led-para-unas-5w-lampara-led-unas-secador-de-unas-mango-portatil-lampara-de-curado-herramientas-de-arte-de-unas-temporizador-de-30-60-99s\/","name":"L\u00e1mpara UV LED para u\u00f1as, 5W L\u00e1mpara LED U\u00f1as Secador de U\u00f1as, Mango port\u00e1til L\u00e1mpara de curado Herramientas de Arte de U\u00f1as, Temporizador de 30\/60\/99s - Hanna Cosm\u00e9tica","isPartOf":{"@id":"https:\/\/hannacosmetica.com\/#website"},"datePublished":"2023-04-20T16:54:41+00:00","dateModified":"2026-01-16T17:41:25+00:00","breadcrumb":{"@id":"https:\/\/hannacosmetica.com\/tienda\/maquinaria\/lamparas-de-secado-de-unas\/lampara-uv-led-para-unas-5w-lampara-led-unas-secador-de-unas-mango-portatil-lampara-de-curado-herramientas-de-arte-de-unas-temporizador-de-30-60-99s\/#breadcrumb"},"inLanguage":"fr-FR","potentialAction":[{"@type":"ReadAction","target":["https:\/\/hannacosmetica.com\/tienda\/maquinaria\/lamparas-de-secado-de-unas\/lampara-uv-led-para-unas-5w-lampara-led-unas-secador-de-unas-mango-portatil-lampara-de-curado-herramientas-de-arte-de-unas-temporizador-de-30-60-99s\/"]}]},{"@type":"BreadcrumbList","@id":"https:\/\/hannacosmetica.com\/tienda\/maquinaria\/lamparas-de-secado-de-unas\/lampara-uv-led-para-unas-5w-lampara-led-unas-secador-de-unas-mango-portatil-lampara-de-curado-herramientas-de-arte-de-unas-temporizador-de-30-60-99s\/#breadcrumb","itemListElement":[{"@type":"ListItem","position":1,"name":"Portada","item":"https:\/\/hannacosmetica.com\/"},{"@type":"ListItem","position":2,"name":"Tienda","item":"https:\/\/hannacosmetica.com\/shop\/"},{"@type":"ListItem","position":3,"name":"L\u00e1mpara UV LED para u\u00f1as, 5W L\u00e1mpara LED U\u00f1as Secador de U\u00f1as, Mango port\u00e1til L\u00e1mpara de curado Herramientas de Arte de U\u00f1as, Temporizador de 30\/60\/99s"}]},{"@type":"WebSite","@id":"https:\/\/hannacosmetica.com\/#website","url":"https:\/\/hannacosmetica.com\/","name":"Hanna Cosm\u00e9tica","description":"Tienda de productos u\u00f1as, bellezas y peluquer\u00edas","publisher":{"@id":"https:\/\/hannacosmetica.com\/#organization"},"potentialAction":[{"@type":"SearchAction","target":{"@type":"EntryPoint","urlTemplate":"https:\/\/hannacosmetica.com\/?s={search_term_string}"},"query-input":"required name=search_term_string"}],"inLanguage":"fr-FR"},{"@type":"Organization","@id":"https:\/\/hannacosmetica.com\/#organization","name":"Hanna Cosm\u00e9tica","url":"https:\/\/hannacosmetica.com\/","logo":{"@type":"ImageObject","inLanguage":"fr-FR","@id":"https:\/\/hannacosmetica.com\/#\/schema\/logo\/image\/","url":"https:\/\/hannacosmetica.com\/wp-content\/uploads\/2022\/07\/Logo-Joyeria-Femenino-Floral-Negro.png","contentUrl":"https:\/\/hannacosmetica.com\/wp-content\/uploads\/2022\/07\/Logo-Joyeria-Femenino-Floral-Negro.png","width":361,"height":126,"caption":"Hanna Cosm\u00e9tica"},"image":{"@id":"https:\/\/hannacosmetica.com\/#\/schema\/logo\/image\/"}}]}},"_links":{"self":[{"href":"https:\/\/hannacosmetica.com\/fr\/wp-json\/wp\/v2\/product\/12932"}],"collection":[{"href":"https:\/\/hannacosmetica.com\/fr\/wp-json\/wp\/v2\/product"}],"about":[{"href":"https:\/\/hannacosmetica.com\/fr\/wp-json\/wp\/v2\/types\/product"}],"replies":[{"embeddable":true,"href":"https:\/\/hannacosmetica.com\/fr\/wp-json\/wp\/v2\/comments?post=12932"}],"version-history":[{"count":1,"href":"https:\/\/hannacosmetica.com\/fr\/wp-json\/wp\/v2\/product\/12932\/revisions"}],"predecessor-version":[{"id":12939,"href":"https:\/\/hannacosmetica.com\/fr\/wp-json\/wp\/v2\/product\/12932\/revisions\/12939"}],"wp:featuredmedia":[{"embeddable":true,"href":"https:\/\/hannacosmetica.com\/fr\/wp-json\/wp\/v2\/media\/12935"}],"wp:attachment":[{"href":"https:\/\/hannacosmetica.com\/fr\/wp-json\/wp\/v2\/media?parent=12932"}],"wp:term":[{"taxonomy":"product_cat","embeddable":true,"href":"https:\/\/hannacosmetica.com\/fr\/wp-json\/wp\/v2\/product_cat?post=12932"},{"taxonomy":"product_tag","embeddable":true,"href":"https:\/\/hannacosmetica.com\/fr\/wp-json\/wp\/v2\/product_tag?post=12932"}],"curies":[{"name":"wp","href":"https:\/\/api.w.org\/{rel}","templated":true}]}}