{"id":12924,"date":"2023-04-20T16:46:33","date_gmt":"2023-04-20T16:46:33","guid":{"rendered":"https:\/\/hannacosmetica.com\/?post_type=product&#038;p=12924"},"modified":"2026-01-16T17:41:51","modified_gmt":"2026-01-16T17:41:51","slug":"lampara-led-unas-5w-secador-de-unas-portatil-lampara-uv-led-unas-recargable-con-3-temporizador-30-60-90s-mini-lampara-unas-para-manicura-gel-de-unas-pedicure-nail-art","status":"publish","type":"product","link":"https:\/\/hannacosmetica.com\/fr\/tienda\/maquinaria\/lamparas-de-secado-de-unas\/lampara-led-unas-5w-secador-de-unas-portatil-lampara-uv-led-unas-recargable-con-3-temporizador-30-60-90s-mini-lampara-unas-para-manicura-gel-de-unas-pedicure-nail-art\/","title":{"rendered":"Lampara Led U\u00f1as, 5W Secador de U\u00f1as Port\u00e1til, Lampara UV Led U\u00f1as Recargable con 3 Temporizador 30\/60\/90S, Mini Lampara U\u00f1as para Manicura, Gel de U\u00f1as, Pedicure, Nail Art"},"content":{"rendered":"<ul class=\"a-unordered-list a-vertical a-spacing-mini\">\n<li><span class=\"a-list-item\">\ud83d\udc85 Dise\u00f1o de Mano: Esta lampara led u\u00f1as es de tama\u00f1o peque\u00f1o y con dise\u00f1o de mano, cura la u\u00f1a a la vez para usted, se puede utilizar en la mano o en la mesa, totalmente curado sin zona muerta.<\/span><\/li>\n<li><span class=\"a-list-item\">\ud83d\udc85 3 Modos de Tiempo: Nuestros secador de u\u00f1as con 30s, 60s, 90s tres ajustes de tiempo diferentes, adecuados para diferentes tipos y grosores de gel. El calor bajo de 5W le ayuda a curar sus u\u00f1as r\u00e1pidamente sin da\u00f1ar sus manos.<\/span><\/li>\n<li><span class=\"a-list-item\">\ud83d\udc85 Recargable, Util\u00edcelo en Cualquier Lugar: La lampara de u\u00f1as es recargable y compacta, por lo que puede llevarla con usted, para que pueda hacer la manicura en cualquier lugar. Perfecto para el hogar, la oficina, la escuela o los viajes.<\/span><\/li>\n<li><span class=\"a-list-item\">\ud83d\udc85 F\u00e1cil de Usar: Encienda el interruptor, la maquina u\u00f1as est\u00e1 predeterminada en 30s, puede encender la l\u00e1mpara UV tocando el bot\u00f3n de la lampara u\u00f1as, presione largamente el bot\u00f3n t\u00e1ctil durante 2s, y puede elegir el tiempo de 60s y 90s.<\/span><\/li>\n<li><span class=\"a-list-item\">\ud83d\udc85 Exquisito Dise\u00f1o: Nuestra lampara led u\u00f1as no s\u00f3lo son la mejor opci\u00f3n para los amantes de las u\u00f1as, sino tambi\u00e9n el regalo perfecto para sus amigos, la familia, la manicura. Disfrute de una experiencia de sal\u00f3n de u\u00f1as en casa con sus amigos y familiares.<\/span><\/li>\n<\/ul>","protected":false},"excerpt":{"rendered":"<p>\ud83d\udc85 Dise\u00f1o de Mano: Esta lampara led u\u00f1as es de tama\u00f1o peque\u00f1o y con dise\u00f1o de mano, cura la u\u00f1a a la&hellip;<\/p>","protected":false},"featured_media":12925,"comment_status":"open","ping_status":"closed","template":"","meta":[],"product_cat":[82,101,86,119],"product_tag":[],"yoast_head":"<!-- This site is optimized with the Yoast SEO plugin v19.9 - https:\/\/yoast.com\/wordpress\/plugins\/seo\/ -->\n<title>Lampara Led U\u00f1as, 5W Secador de U\u00f1as Port\u00e1til, Lampara UV Led U\u00f1as Recargable con 3 Temporizador 30\/60\/90S, Mini Lampara U\u00f1as para Manicura, Gel de U\u00f1as, Pedicure, Nail Art - Hanna Cosm\u00e9tica<\/title>\n<meta name=\"robots\" content=\"index, follow, max-snippet:-1, max-image-preview:large, max-video-preview:-1\" \/>\n<link rel=\"canonical\" href=\"https:\/\/hannacosmetica.com\/fr\/tienda\/maquinaria\/lamparas-de-secado-de-unas\/lampara-led-unas-5w-secador-de-unas-portatil-lampara-uv-led-unas-recargable-con-3-temporizador-30-60-90s-mini-lampara-unas-para-manicura-gel-de-unas-pedicure-nail-art\/\" \/>\n<meta property=\"og:locale\" content=\"fr_FR\" \/>\n<meta property=\"og:type\" content=\"article\" \/>\n<meta property=\"og:title\" content=\"Lampara Led U\u00f1as, 5W Secador de U\u00f1as Port\u00e1til, Lampara UV Led U\u00f1as Recargable con 3 Temporizador 30\/60\/90S, Mini Lampara U\u00f1as para Manicura, Gel de U\u00f1as, Pedicure, Nail Art - Hanna Cosm\u00e9tica\" \/>\n<meta property=\"og:description\" content=\"\ud83d\udc85 Dise\u00f1o de Mano: Esta lampara led u\u00f1as es de tama\u00f1o peque\u00f1o y con dise\u00f1o de mano, cura la u\u00f1a a la&hellip;\" \/>\n<meta property=\"og:url\" content=\"https:\/\/hannacosmetica.com\/fr\/tienda\/maquinaria\/lamparas-de-secado-de-unas\/lampara-led-unas-5w-secador-de-unas-portatil-lampara-uv-led-unas-recargable-con-3-temporizador-30-60-90s-mini-lampara-unas-para-manicura-gel-de-unas-pedicure-nail-art\/\" \/>\n<meta property=\"og:site_name\" content=\"Hanna Cosm\u00e9tica\" \/>\n<meta property=\"article:modified_time\" content=\"2026-01-16T17:41:51+00:00\" \/>\n<meta property=\"og:image\" content=\"https:\/\/hannacosmetica.com\/wp-content\/uploads\/2023\/04\/\u6355\u83b7-16.jpg\" \/>\n\t<meta property=\"og:image:width\" content=\"679\" \/>\n\t<meta property=\"og:image:height\" content=\"793\" \/>\n\t<meta property=\"og:image:type\" content=\"image\/jpeg\" \/>\n<meta name=\"twitter:card\" content=\"summary_large_image\" \/>\n<script type=\"application\/ld+json\" class=\"yoast-schema-graph\">{\"@context\":\"https:\/\/schema.org\",\"@graph\":[{\"@type\":\"WebPage\",\"@id\":\"https:\/\/hannacosmetica.com\/tienda\/maquinaria\/lamparas-de-secado-de-unas\/lampara-led-unas-5w-secador-de-unas-portatil-lampara-uv-led-unas-recargable-con-3-temporizador-30-60-90s-mini-lampara-unas-para-manicura-gel-de-unas-pedicure-nail-art\/\",\"url\":\"https:\/\/hannacosmetica.com\/tienda\/maquinaria\/lamparas-de-secado-de-unas\/lampara-led-unas-5w-secador-de-unas-portatil-lampara-uv-led-unas-recargable-con-3-temporizador-30-60-90s-mini-lampara-unas-para-manicura-gel-de-unas-pedicure-nail-art\/\",\"name\":\"Lampara Led U\u00f1as, 5W Secador de U\u00f1as Port\u00e1til, Lampara UV Led U\u00f1as Recargable con 3 Temporizador 30\/60\/90S, Mini Lampara U\u00f1as para Manicura, Gel de U\u00f1as, Pedicure, Nail Art - Hanna Cosm\u00e9tica\",\"isPartOf\":{\"@id\":\"https:\/\/hannacosmetica.com\/#website\"},\"datePublished\":\"2023-04-20T16:46:33+00:00\",\"dateModified\":\"2026-01-16T17:41:51+00:00\",\"breadcrumb\":{\"@id\":\"https:\/\/hannacosmetica.com\/tienda\/maquinaria\/lamparas-de-secado-de-unas\/lampara-led-unas-5w-secador-de-unas-portatil-lampara-uv-led-unas-recargable-con-3-temporizador-30-60-90s-mini-lampara-unas-para-manicura-gel-de-unas-pedicure-nail-art\/#breadcrumb\"},\"inLanguage\":\"fr-FR\",\"potentialAction\":[{\"@type\":\"ReadAction\",\"target\":[\"https:\/\/hannacosmetica.com\/tienda\/maquinaria\/lamparas-de-secado-de-unas\/lampara-led-unas-5w-secador-de-unas-portatil-lampara-uv-led-unas-recargable-con-3-temporizador-30-60-90s-mini-lampara-unas-para-manicura-gel-de-unas-pedicure-nail-art\/\"]}]},{\"@type\":\"BreadcrumbList\",\"@id\":\"https:\/\/hannacosmetica.com\/tienda\/maquinaria\/lamparas-de-secado-de-unas\/lampara-led-unas-5w-secador-de-unas-portatil-lampara-uv-led-unas-recargable-con-3-temporizador-30-60-90s-mini-lampara-unas-para-manicura-gel-de-unas-pedicure-nail-art\/#breadcrumb\",\"itemListElement\":[{\"@type\":\"ListItem\",\"position\":1,\"name\":\"Portada\",\"item\":\"https:\/\/hannacosmetica.com\/\"},{\"@type\":\"ListItem\",\"position\":2,\"name\":\"Tienda\",\"item\":\"https:\/\/hannacosmetica.com\/shop\/\"},{\"@type\":\"ListItem\",\"position\":3,\"name\":\"Lampara Led U\u00f1as, 5W Secador de U\u00f1as Port\u00e1til, Lampara UV Led U\u00f1as Recargable con 3 Temporizador 30\/60\/90S, Mini Lampara U\u00f1as para Manicura, Gel de U\u00f1as, Pedicure, Nail Art\"}]},{\"@type\":\"WebSite\",\"@id\":\"https:\/\/hannacosmetica.com\/#website\",\"url\":\"https:\/\/hannacosmetica.com\/\",\"name\":\"Hanna Cosm\u00e9tica\",\"description\":\"Tienda de productos u\u00f1as, bellezas y peluquer\u00edas\",\"publisher\":{\"@id\":\"https:\/\/hannacosmetica.com\/#organization\"},\"potentialAction\":[{\"@type\":\"SearchAction\",\"target\":{\"@type\":\"EntryPoint\",\"urlTemplate\":\"https:\/\/hannacosmetica.com\/?s={search_term_string}\"},\"query-input\":\"required name=search_term_string\"}],\"inLanguage\":\"fr-FR\"},{\"@type\":\"Organization\",\"@id\":\"https:\/\/hannacosmetica.com\/#organization\",\"name\":\"Hanna Cosm\u00e9tica\",\"url\":\"https:\/\/hannacosmetica.com\/\",\"logo\":{\"@type\":\"ImageObject\",\"inLanguage\":\"fr-FR\",\"@id\":\"https:\/\/hannacosmetica.com\/#\/schema\/logo\/image\/\",\"url\":\"https:\/\/hannacosmetica.com\/wp-content\/uploads\/2022\/07\/Logo-Joyeria-Femenino-Floral-Negro.png\",\"contentUrl\":\"https:\/\/hannacosmetica.com\/wp-content\/uploads\/2022\/07\/Logo-Joyeria-Femenino-Floral-Negro.png\",\"width\":361,\"height\":126,\"caption\":\"Hanna Cosm\u00e9tica\"},\"image\":{\"@id\":\"https:\/\/hannacosmetica.com\/#\/schema\/logo\/image\/\"}}]}<\/script>\n<!-- \/ Yoast SEO plugin. -->","yoast_head_json":{"title":"Lampara Led U\u00f1as, 5W Secador de U\u00f1as Port\u00e1til, Lampara UV Led U\u00f1as Recargable con 3 Temporizador 30\/60\/90S, Mini Lampara U\u00f1as para Manicura, Gel de U\u00f1as, Pedicure, Nail Art - Hanna Cosm\u00e9tica","robots":{"index":"index","follow":"follow","max-snippet":"max-snippet:-1","max-image-preview":"max-image-preview:large","max-video-preview":"max-video-preview:-1"},"canonical":"https:\/\/hannacosmetica.com\/fr\/tienda\/maquinaria\/lamparas-de-secado-de-unas\/lampara-led-unas-5w-secador-de-unas-portatil-lampara-uv-led-unas-recargable-con-3-temporizador-30-60-90s-mini-lampara-unas-para-manicura-gel-de-unas-pedicure-nail-art\/","og_locale":"fr_FR","og_type":"article","og_title":"Lampara Led U\u00f1as, 5W Secador de U\u00f1as Port\u00e1til, Lampara UV Led U\u00f1as Recargable con 3 Temporizador 30\/60\/90S, Mini Lampara U\u00f1as para Manicura, Gel de U\u00f1as, Pedicure, Nail Art - Hanna Cosm\u00e9tica","og_description":"\ud83d\udc85 Dise\u00f1o de Mano: Esta lampara led u\u00f1as es de tama\u00f1o peque\u00f1o y con dise\u00f1o de mano, cura la u\u00f1a a la&hellip;","og_url":"https:\/\/hannacosmetica.com\/fr\/tienda\/maquinaria\/lamparas-de-secado-de-unas\/lampara-led-unas-5w-secador-de-unas-portatil-lampara-uv-led-unas-recargable-con-3-temporizador-30-60-90s-mini-lampara-unas-para-manicura-gel-de-unas-pedicure-nail-art\/","og_site_name":"Hanna Cosm\u00e9tica","article_modified_time":"2026-01-16T17:41:51+00:00","og_image":[{"width":679,"height":793,"url":"https:\/\/hannacosmetica.com\/wp-content\/uploads\/2023\/04\/\u6355\u83b7-16.jpg","type":"image\/jpeg"}],"twitter_card":"summary_large_image","schema":{"@context":"https:\/\/schema.org","@graph":[{"@type":"WebPage","@id":"https:\/\/hannacosmetica.com\/tienda\/maquinaria\/lamparas-de-secado-de-unas\/lampara-led-unas-5w-secador-de-unas-portatil-lampara-uv-led-unas-recargable-con-3-temporizador-30-60-90s-mini-lampara-unas-para-manicura-gel-de-unas-pedicure-nail-art\/","url":"https:\/\/hannacosmetica.com\/tienda\/maquinaria\/lamparas-de-secado-de-unas\/lampara-led-unas-5w-secador-de-unas-portatil-lampara-uv-led-unas-recargable-con-3-temporizador-30-60-90s-mini-lampara-unas-para-manicura-gel-de-unas-pedicure-nail-art\/","name":"Lampara Led U\u00f1as, 5W Secador de U\u00f1as Port\u00e1til, Lampara UV Led U\u00f1as Recargable con 3 Temporizador 30\/60\/90S, Mini Lampara U\u00f1as para Manicura, Gel de U\u00f1as, Pedicure, Nail Art - Hanna Cosm\u00e9tica","isPartOf":{"@id":"https:\/\/hannacosmetica.com\/#website"},"datePublished":"2023-04-20T16:46:33+00:00","dateModified":"2026-01-16T17:41:51+00:00","breadcrumb":{"@id":"https:\/\/hannacosmetica.com\/tienda\/maquinaria\/lamparas-de-secado-de-unas\/lampara-led-unas-5w-secador-de-unas-portatil-lampara-uv-led-unas-recargable-con-3-temporizador-30-60-90s-mini-lampara-unas-para-manicura-gel-de-unas-pedicure-nail-art\/#breadcrumb"},"inLanguage":"fr-FR","potentialAction":[{"@type":"ReadAction","target":["https:\/\/hannacosmetica.com\/tienda\/maquinaria\/lamparas-de-secado-de-unas\/lampara-led-unas-5w-secador-de-unas-portatil-lampara-uv-led-unas-recargable-con-3-temporizador-30-60-90s-mini-lampara-unas-para-manicura-gel-de-unas-pedicure-nail-art\/"]}]},{"@type":"BreadcrumbList","@id":"https:\/\/hannacosmetica.com\/tienda\/maquinaria\/lamparas-de-secado-de-unas\/lampara-led-unas-5w-secador-de-unas-portatil-lampara-uv-led-unas-recargable-con-3-temporizador-30-60-90s-mini-lampara-unas-para-manicura-gel-de-unas-pedicure-nail-art\/#breadcrumb","itemListElement":[{"@type":"ListItem","position":1,"name":"Portada","item":"https:\/\/hannacosmetica.com\/"},{"@type":"ListItem","position":2,"name":"Tienda","item":"https:\/\/hannacosmetica.com\/shop\/"},{"@type":"ListItem","position":3,"name":"Lampara Led U\u00f1as, 5W Secador de U\u00f1as Port\u00e1til, Lampara UV Led U\u00f1as Recargable con 3 Temporizador 30\/60\/90S, Mini Lampara U\u00f1as para Manicura, Gel de U\u00f1as, Pedicure, Nail Art"}]},{"@type":"WebSite","@id":"https:\/\/hannacosmetica.com\/#website","url":"https:\/\/hannacosmetica.com\/","name":"Hanna Cosm\u00e9tica","description":"Tienda de productos u\u00f1as, bellezas y peluquer\u00edas","publisher":{"@id":"https:\/\/hannacosmetica.com\/#organization"},"potentialAction":[{"@type":"SearchAction","target":{"@type":"EntryPoint","urlTemplate":"https:\/\/hannacosmetica.com\/?s={search_term_string}"},"query-input":"required name=search_term_string"}],"inLanguage":"fr-FR"},{"@type":"Organization","@id":"https:\/\/hannacosmetica.com\/#organization","name":"Hanna Cosm\u00e9tica","url":"https:\/\/hannacosmetica.com\/","logo":{"@type":"ImageObject","inLanguage":"fr-FR","@id":"https:\/\/hannacosmetica.com\/#\/schema\/logo\/image\/","url":"https:\/\/hannacosmetica.com\/wp-content\/uploads\/2022\/07\/Logo-Joyeria-Femenino-Floral-Negro.png","contentUrl":"https:\/\/hannacosmetica.com\/wp-content\/uploads\/2022\/07\/Logo-Joyeria-Femenino-Floral-Negro.png","width":361,"height":126,"caption":"Hanna Cosm\u00e9tica"},"image":{"@id":"https:\/\/hannacosmetica.com\/#\/schema\/logo\/image\/"}}]}},"_links":{"self":[{"href":"https:\/\/hannacosmetica.com\/fr\/wp-json\/wp\/v2\/product\/12924"}],"collection":[{"href":"https:\/\/hannacosmetica.com\/fr\/wp-json\/wp\/v2\/product"}],"about":[{"href":"https:\/\/hannacosmetica.com\/fr\/wp-json\/wp\/v2\/types\/product"}],"replies":[{"embeddable":true,"href":"https:\/\/hannacosmetica.com\/fr\/wp-json\/wp\/v2\/comments?post=12924"}],"version-history":[{"count":1,"href":"https:\/\/hannacosmetica.com\/fr\/wp-json\/wp\/v2\/product\/12924\/revisions"}],"predecessor-version":[{"id":12929,"href":"https:\/\/hannacosmetica.com\/fr\/wp-json\/wp\/v2\/product\/12924\/revisions\/12929"}],"wp:featuredmedia":[{"embeddable":true,"href":"https:\/\/hannacosmetica.com\/fr\/wp-json\/wp\/v2\/media\/12925"}],"wp:attachment":[{"href":"https:\/\/hannacosmetica.com\/fr\/wp-json\/wp\/v2\/media?parent=12924"}],"wp:term":[{"taxonomy":"product_cat","embeddable":true,"href":"https:\/\/hannacosmetica.com\/fr\/wp-json\/wp\/v2\/product_cat?post=12924"},{"taxonomy":"product_tag","embeddable":true,"href":"https:\/\/hannacosmetica.com\/fr\/wp-json\/wp\/v2\/product_tag?post=12924"}],"curies":[{"name":"wp","href":"https:\/\/api.w.org\/{rel}","templated":true}]}}