{"id":12900,"date":"2023-04-20T16:20:54","date_gmt":"2023-04-20T16:20:54","guid":{"rendered":"https:\/\/hannacosmetica.com\/?post_type=product&#038;p=12900"},"modified":"2023-08-22T13:55:27","modified_gmt":"2023-08-22T13:55:27","slug":"soporte-de-exhibicion-de-unas-acrilicasoporte-para-puntas-de-unas-magneticamente-transparente-herramientas-de-bricolaje-base-de-practica-de-unas-iman-oro-plata","status":"publish","type":"product","link":"https:\/\/hannacosmetica.com\/fr\/tienda\/manicura\/complementos\/soporte-de-exhibicion-de-unas-acrilicasoporte-para-puntas-de-unas-magneticamente-transparente-herramientas-de-bricolaje-base-de-practica-de-unas-iman-oro-plata\/","title":{"rendered":"Soporte de Exhibici\u00f3n de U\u00f1as Acr\u00edlica,Soporte para puntas de u\u00f1as Magn\u00e9ticamente transparente Herramientas de bricolaje base de pr\u00e1ctica de u\u00f1as im\u00e1n (Oro, Plata, )"},"content":{"rendered":"<ul class=\"a-unordered-list a-vertical a-spacing-mini\">\n<li><span class=\"a-list-item\">(1 juego de herramientas que incluye 5 puntas de u\u00f1as y 1 base acr\u00edlica).<\/span><\/li>\n<li><span class=\"a-list-item\">Usos universales: Opciones agradables para principiantes en el aprendizaje del arte de las u\u00f1as, favores del arte de las u\u00f1as, artistas de sal\u00f3n, uso personal y m\u00e1s, maravillosas herramientas de manicura para el entrenamiento del arte de las u\u00f1as.<\/span><\/li>\n<li><span class=\"a-list-item\">Tacto c\u00f3modo: Hecho de materiales de calidad y no t\u00f3xicos, con una estructura resistente y un tacto c\u00f3modo, no se desvanece f\u00e1cilmente, se oxida.<\/span><\/li>\n<li><span class=\"a-list-item\">Dise\u00f1o magn\u00e9tico: Cada soporte para u\u00f1as est\u00e1 dise\u00f1ado con un fondo magn\u00e9tico, lo que le permite permanecer unido al soporte de acr\u00edlico magn\u00e9tico de forma segura y firme, no se resbala ni se cae.<\/span><\/li>\n<li><span class=\"a-list-item\">Material seguro y resistente: Los soportes magn\u00e9ticos para pr\u00e1ctica de u\u00f1as est\u00e1n hechos de pl\u00e1stico y material acr\u00edlico, pueden funcionar durante mucho tiempo y no se secan, son f\u00e1ciles de usar y quitar.<\/span><\/li>\n<\/ul>","protected":false},"excerpt":{"rendered":"<p>(1 juego de herramientas que incluye 5 puntas de u\u00f1as y 1 base acr\u00edlica). Usos universales: Opciones agradables para principiantes en el&hellip;<\/p>","protected":false},"featured_media":12901,"comment_status":"open","ping_status":"closed","template":"","meta":[],"product_cat":[82,101],"product_tag":[],"yoast_head":"<!-- This site is optimized with the Yoast SEO plugin v19.9 - https:\/\/yoast.com\/wordpress\/plugins\/seo\/ -->\n<title>Soporte de Exhibici\u00f3n de U\u00f1as Acr\u00edlica,Soporte para puntas de u\u00f1as Magn\u00e9ticamente transparente Herramientas de bricolaje base de pr\u00e1ctica de u\u00f1as im\u00e1n (Oro, Plata, ) - Hanna Cosm\u00e9tica<\/title>\n<meta name=\"robots\" content=\"index, follow, max-snippet:-1, max-image-preview:large, max-video-preview:-1\" \/>\n<link rel=\"canonical\" href=\"https:\/\/hannacosmetica.com\/fr\/tienda\/manicura\/complementos\/soporte-de-exhibicion-de-unas-acrilicasoporte-para-puntas-de-unas-magneticamente-transparente-herramientas-de-bricolaje-base-de-practica-de-unas-iman-oro-plata\/\" \/>\n<meta property=\"og:locale\" content=\"fr_FR\" \/>\n<meta property=\"og:type\" content=\"article\" \/>\n<meta property=\"og:title\" content=\"Soporte de Exhibici\u00f3n de U\u00f1as Acr\u00edlica,Soporte para puntas de u\u00f1as Magn\u00e9ticamente transparente Herramientas de bricolaje base de pr\u00e1ctica de u\u00f1as im\u00e1n (Oro, Plata, ) - Hanna Cosm\u00e9tica\" \/>\n<meta property=\"og:description\" content=\"(1 juego de herramientas que incluye 5 puntas de u\u00f1as y 1 base acr\u00edlica). Usos universales: Opciones agradables para principiantes en el&hellip;\" \/>\n<meta property=\"og:url\" content=\"https:\/\/hannacosmetica.com\/fr\/tienda\/manicura\/complementos\/soporte-de-exhibicion-de-unas-acrilicasoporte-para-puntas-de-unas-magneticamente-transparente-herramientas-de-bricolaje-base-de-practica-de-unas-iman-oro-plata\/\" \/>\n<meta property=\"og:site_name\" content=\"Hanna Cosm\u00e9tica\" \/>\n<meta property=\"article:modified_time\" content=\"2023-08-22T13:55:27+00:00\" \/>\n<meta property=\"og:image\" content=\"https:\/\/hannacosmetica.com\/wp-content\/uploads\/2023\/04\/71BeGtUdhyL._AC_SL1500_-4.jpg\" \/>\n\t<meta property=\"og:image:width\" content=\"355\" \/>\n\t<meta property=\"og:image:height\" content=\"355\" \/>\n\t<meta property=\"og:image:type\" content=\"image\/jpeg\" \/>\n<meta name=\"twitter:card\" content=\"summary_large_image\" \/>\n<script type=\"application\/ld+json\" class=\"yoast-schema-graph\">{\"@context\":\"https:\/\/schema.org\",\"@graph\":[{\"@type\":\"WebPage\",\"@id\":\"https:\/\/hannacosmetica.com\/tienda\/manicura\/complementos\/soporte-de-exhibicion-de-unas-acrilicasoporte-para-puntas-de-unas-magneticamente-transparente-herramientas-de-bricolaje-base-de-practica-de-unas-iman-oro-plata\/\",\"url\":\"https:\/\/hannacosmetica.com\/tienda\/manicura\/complementos\/soporte-de-exhibicion-de-unas-acrilicasoporte-para-puntas-de-unas-magneticamente-transparente-herramientas-de-bricolaje-base-de-practica-de-unas-iman-oro-plata\/\",\"name\":\"Soporte de Exhibici\u00f3n de U\u00f1as Acr\u00edlica,Soporte para puntas de u\u00f1as Magn\u00e9ticamente transparente Herramientas de bricolaje base de pr\u00e1ctica de u\u00f1as im\u00e1n (Oro, Plata, ) - Hanna Cosm\u00e9tica\",\"isPartOf\":{\"@id\":\"https:\/\/hannacosmetica.com\/#website\"},\"datePublished\":\"2023-04-20T16:20:54+00:00\",\"dateModified\":\"2023-08-22T13:55:27+00:00\",\"breadcrumb\":{\"@id\":\"https:\/\/hannacosmetica.com\/tienda\/manicura\/complementos\/soporte-de-exhibicion-de-unas-acrilicasoporte-para-puntas-de-unas-magneticamente-transparente-herramientas-de-bricolaje-base-de-practica-de-unas-iman-oro-plata\/#breadcrumb\"},\"inLanguage\":\"fr-FR\",\"potentialAction\":[{\"@type\":\"ReadAction\",\"target\":[\"https:\/\/hannacosmetica.com\/tienda\/manicura\/complementos\/soporte-de-exhibicion-de-unas-acrilicasoporte-para-puntas-de-unas-magneticamente-transparente-herramientas-de-bricolaje-base-de-practica-de-unas-iman-oro-plata\/\"]}]},{\"@type\":\"BreadcrumbList\",\"@id\":\"https:\/\/hannacosmetica.com\/tienda\/manicura\/complementos\/soporte-de-exhibicion-de-unas-acrilicasoporte-para-puntas-de-unas-magneticamente-transparente-herramientas-de-bricolaje-base-de-practica-de-unas-iman-oro-plata\/#breadcrumb\",\"itemListElement\":[{\"@type\":\"ListItem\",\"position\":1,\"name\":\"Portada\",\"item\":\"https:\/\/hannacosmetica.com\/\"},{\"@type\":\"ListItem\",\"position\":2,\"name\":\"Tienda\",\"item\":\"https:\/\/hannacosmetica.com\/shop\/\"},{\"@type\":\"ListItem\",\"position\":3,\"name\":\"Soporte de Exhibici\u00f3n de U\u00f1as Acr\u00edlica,Soporte para puntas de u\u00f1as Magn\u00e9ticamente transparente Herramientas de bricolaje base de pr\u00e1ctica de u\u00f1as im\u00e1n (Oro, Plata, )\"}]},{\"@type\":\"WebSite\",\"@id\":\"https:\/\/hannacosmetica.com\/#website\",\"url\":\"https:\/\/hannacosmetica.com\/\",\"name\":\"Hanna Cosm\u00e9tica\",\"description\":\"Tienda de productos u\u00f1as, bellezas y peluquer\u00edas\",\"publisher\":{\"@id\":\"https:\/\/hannacosmetica.com\/#organization\"},\"potentialAction\":[{\"@type\":\"SearchAction\",\"target\":{\"@type\":\"EntryPoint\",\"urlTemplate\":\"https:\/\/hannacosmetica.com\/?s={search_term_string}\"},\"query-input\":\"required name=search_term_string\"}],\"inLanguage\":\"fr-FR\"},{\"@type\":\"Organization\",\"@id\":\"https:\/\/hannacosmetica.com\/#organization\",\"name\":\"Hanna Cosm\u00e9tica\",\"url\":\"https:\/\/hannacosmetica.com\/\",\"logo\":{\"@type\":\"ImageObject\",\"inLanguage\":\"fr-FR\",\"@id\":\"https:\/\/hannacosmetica.com\/#\/schema\/logo\/image\/\",\"url\":\"https:\/\/hannacosmetica.com\/wp-content\/uploads\/2022\/07\/Logo-Joyeria-Femenino-Floral-Negro.png\",\"contentUrl\":\"https:\/\/hannacosmetica.com\/wp-content\/uploads\/2022\/07\/Logo-Joyeria-Femenino-Floral-Negro.png\",\"width\":361,\"height\":126,\"caption\":\"Hanna Cosm\u00e9tica\"},\"image\":{\"@id\":\"https:\/\/hannacosmetica.com\/#\/schema\/logo\/image\/\"}}]}<\/script>\n<!-- \/ Yoast SEO plugin. -->","yoast_head_json":{"title":"Soporte de Exhibici\u00f3n de U\u00f1as Acr\u00edlica,Soporte para puntas de u\u00f1as Magn\u00e9ticamente transparente Herramientas de bricolaje base de pr\u00e1ctica de u\u00f1as im\u00e1n (Oro, Plata, ) - Hanna Cosm\u00e9tica","robots":{"index":"index","follow":"follow","max-snippet":"max-snippet:-1","max-image-preview":"max-image-preview:large","max-video-preview":"max-video-preview:-1"},"canonical":"https:\/\/hannacosmetica.com\/fr\/tienda\/manicura\/complementos\/soporte-de-exhibicion-de-unas-acrilicasoporte-para-puntas-de-unas-magneticamente-transparente-herramientas-de-bricolaje-base-de-practica-de-unas-iman-oro-plata\/","og_locale":"fr_FR","og_type":"article","og_title":"Soporte de Exhibici\u00f3n de U\u00f1as Acr\u00edlica,Soporte para puntas de u\u00f1as Magn\u00e9ticamente transparente Herramientas de bricolaje base de pr\u00e1ctica de u\u00f1as im\u00e1n (Oro, Plata, ) - Hanna Cosm\u00e9tica","og_description":"(1 juego de herramientas que incluye 5 puntas de u\u00f1as y 1 base acr\u00edlica). Usos universales: Opciones agradables para principiantes en el&hellip;","og_url":"https:\/\/hannacosmetica.com\/fr\/tienda\/manicura\/complementos\/soporte-de-exhibicion-de-unas-acrilicasoporte-para-puntas-de-unas-magneticamente-transparente-herramientas-de-bricolaje-base-de-practica-de-unas-iman-oro-plata\/","og_site_name":"Hanna Cosm\u00e9tica","article_modified_time":"2023-08-22T13:55:27+00:00","og_image":[{"width":355,"height":355,"url":"https:\/\/hannacosmetica.com\/wp-content\/uploads\/2023\/04\/71BeGtUdhyL._AC_SL1500_-4.jpg","type":"image\/jpeg"}],"twitter_card":"summary_large_image","schema":{"@context":"https:\/\/schema.org","@graph":[{"@type":"WebPage","@id":"https:\/\/hannacosmetica.com\/tienda\/manicura\/complementos\/soporte-de-exhibicion-de-unas-acrilicasoporte-para-puntas-de-unas-magneticamente-transparente-herramientas-de-bricolaje-base-de-practica-de-unas-iman-oro-plata\/","url":"https:\/\/hannacosmetica.com\/tienda\/manicura\/complementos\/soporte-de-exhibicion-de-unas-acrilicasoporte-para-puntas-de-unas-magneticamente-transparente-herramientas-de-bricolaje-base-de-practica-de-unas-iman-oro-plata\/","name":"Soporte de Exhibici\u00f3n de U\u00f1as Acr\u00edlica,Soporte para puntas de u\u00f1as Magn\u00e9ticamente transparente Herramientas de bricolaje base de pr\u00e1ctica de u\u00f1as im\u00e1n (Oro, Plata, ) - Hanna Cosm\u00e9tica","isPartOf":{"@id":"https:\/\/hannacosmetica.com\/#website"},"datePublished":"2023-04-20T16:20:54+00:00","dateModified":"2023-08-22T13:55:27+00:00","breadcrumb":{"@id":"https:\/\/hannacosmetica.com\/tienda\/manicura\/complementos\/soporte-de-exhibicion-de-unas-acrilicasoporte-para-puntas-de-unas-magneticamente-transparente-herramientas-de-bricolaje-base-de-practica-de-unas-iman-oro-plata\/#breadcrumb"},"inLanguage":"fr-FR","potentialAction":[{"@type":"ReadAction","target":["https:\/\/hannacosmetica.com\/tienda\/manicura\/complementos\/soporte-de-exhibicion-de-unas-acrilicasoporte-para-puntas-de-unas-magneticamente-transparente-herramientas-de-bricolaje-base-de-practica-de-unas-iman-oro-plata\/"]}]},{"@type":"BreadcrumbList","@id":"https:\/\/hannacosmetica.com\/tienda\/manicura\/complementos\/soporte-de-exhibicion-de-unas-acrilicasoporte-para-puntas-de-unas-magneticamente-transparente-herramientas-de-bricolaje-base-de-practica-de-unas-iman-oro-plata\/#breadcrumb","itemListElement":[{"@type":"ListItem","position":1,"name":"Portada","item":"https:\/\/hannacosmetica.com\/"},{"@type":"ListItem","position":2,"name":"Tienda","item":"https:\/\/hannacosmetica.com\/shop\/"},{"@type":"ListItem","position":3,"name":"Soporte de Exhibici\u00f3n de U\u00f1as Acr\u00edlica,Soporte para puntas de u\u00f1as Magn\u00e9ticamente transparente Herramientas de bricolaje base de pr\u00e1ctica de u\u00f1as im\u00e1n (Oro, Plata, )"}]},{"@type":"WebSite","@id":"https:\/\/hannacosmetica.com\/#website","url":"https:\/\/hannacosmetica.com\/","name":"Hanna Cosm\u00e9tica","description":"Tienda de productos u\u00f1as, bellezas y peluquer\u00edas","publisher":{"@id":"https:\/\/hannacosmetica.com\/#organization"},"potentialAction":[{"@type":"SearchAction","target":{"@type":"EntryPoint","urlTemplate":"https:\/\/hannacosmetica.com\/?s={search_term_string}"},"query-input":"required name=search_term_string"}],"inLanguage":"fr-FR"},{"@type":"Organization","@id":"https:\/\/hannacosmetica.com\/#organization","name":"Hanna Cosm\u00e9tica","url":"https:\/\/hannacosmetica.com\/","logo":{"@type":"ImageObject","inLanguage":"fr-FR","@id":"https:\/\/hannacosmetica.com\/#\/schema\/logo\/image\/","url":"https:\/\/hannacosmetica.com\/wp-content\/uploads\/2022\/07\/Logo-Joyeria-Femenino-Floral-Negro.png","contentUrl":"https:\/\/hannacosmetica.com\/wp-content\/uploads\/2022\/07\/Logo-Joyeria-Femenino-Floral-Negro.png","width":361,"height":126,"caption":"Hanna Cosm\u00e9tica"},"image":{"@id":"https:\/\/hannacosmetica.com\/#\/schema\/logo\/image\/"}}]}},"_links":{"self":[{"href":"https:\/\/hannacosmetica.com\/fr\/wp-json\/wp\/v2\/product\/12900"}],"collection":[{"href":"https:\/\/hannacosmetica.com\/fr\/wp-json\/wp\/v2\/product"}],"about":[{"href":"https:\/\/hannacosmetica.com\/fr\/wp-json\/wp\/v2\/types\/product"}],"replies":[{"embeddable":true,"href":"https:\/\/hannacosmetica.com\/fr\/wp-json\/wp\/v2\/comments?post=12900"}],"version-history":[{"count":1,"href":"https:\/\/hannacosmetica.com\/fr\/wp-json\/wp\/v2\/product\/12900\/revisions"}],"predecessor-version":[{"id":12909,"href":"https:\/\/hannacosmetica.com\/fr\/wp-json\/wp\/v2\/product\/12900\/revisions\/12909"}],"wp:featuredmedia":[{"embeddable":true,"href":"https:\/\/hannacosmetica.com\/fr\/wp-json\/wp\/v2\/media\/12901"}],"wp:attachment":[{"href":"https:\/\/hannacosmetica.com\/fr\/wp-json\/wp\/v2\/media?parent=12900"}],"wp:term":[{"taxonomy":"product_cat","embeddable":true,"href":"https:\/\/hannacosmetica.com\/fr\/wp-json\/wp\/v2\/product_cat?post=12900"},{"taxonomy":"product_tag","embeddable":true,"href":"https:\/\/hannacosmetica.com\/fr\/wp-json\/wp\/v2\/product_tag?post=12900"}],"curies":[{"name":"wp","href":"https:\/\/api.w.org\/{rel}","templated":true}]}}