{"id":12894,"date":"2023-04-20T15:01:53","date_gmt":"2023-04-20T15:01:53","guid":{"rendered":"https:\/\/hannacosmetica.com\/?post_type=product&#038;p=12894"},"modified":"2023-08-22T13:55:43","modified_gmt":"2023-08-22T13:55:43","slug":"cojin-de-apoyo-para-brazo-de-muneca-de-salon-de-descanso-para-unas-de-cuero-de-pu-almohada-de-mano-de-manicura-cojin-de-apoyo-para-el-resto-de-unas-de-plata-30x10cm-marmol","status":"publish","type":"product","link":"https:\/\/hannacosmetica.com\/fr\/tienda\/manicura\/complementos\/cojin-de-apoyo-para-brazo-de-muneca-de-salon-de-descanso-para-unas-de-cuero-de-pu-almohada-de-mano-de-manicura-cojin-de-apoyo-para-el-resto-de-unas-de-plata-30x10cm-marmol\/","title":{"rendered":"Coj\u00edn de Apoyo para Brazo de Mu\u00f1eca de Sal\u00f3n de Descanso para U\u00f1as de Cuero de PU Almohada de Mano de Manicura Coj\u00edn de Apoyo para El Resto de U\u00f1as de Plata 30X10cm Marmol"},"content":{"rendered":"<ul class=\"a-unordered-list a-vertical a-spacing-mini\">\n<li><span class=\"a-list-item\">Coj\u00edn para las manos para decoraci\u00f3n de u\u00f1as: evita las manchas y suciedad en la mesa y mantiene tus u\u00f1as limpias y ordenadas.<\/span><\/li>\n<li><span class=\"a-list-item\">Almohadilla para reposabrazos de poliuretano suave y c\u00f3moda, algod\u00f3n suave incorporado, buena elasticidad, resistencia al desgaste, resistencia a la corrosi\u00f3n, resistencia a la suciedad, se puede utilizar repetidamente.<\/span><\/li>\n<li><span class=\"a-list-item\">Coj\u00edn de piel para manicura, piel sint\u00e9tica, acabado fino, se decolora, adecuado para salones de u\u00f1as y uso dom\u00e9stico.<\/span><\/li>\n<li><span class=\"a-list-item\">Accesorios de cuidado de mesa de silicona * Dise\u00f1o ergon\u00f3mico para una manicura c\u00f3moda, alivia eficazmente la fatiga de los clientes y reduce la presi\u00f3n de las manos durante la manicura.<\/span><\/li>\n<li><span class=\"a-list-item\">Escritorio lavable plegable. Fabricado con materiales de alta calidad, no t\u00f3xico, no da\u00f1a el cuerpo humano y seguro.<\/span><\/li>\n<\/ul>","protected":false},"excerpt":{"rendered":"<p>Coj\u00edn para las manos para decoraci\u00f3n de u\u00f1as: evita las manchas y suciedad en la mesa y mantiene tus u\u00f1as limpias y&hellip;<\/p>","protected":false},"featured_media":12895,"comment_status":"open","ping_status":"closed","template":"","meta":[],"product_cat":[82,101],"product_tag":[],"yoast_head":"<!-- This site is optimized with the Yoast SEO plugin v19.9 - https:\/\/yoast.com\/wordpress\/plugins\/seo\/ -->\n<title>Coj\u00edn de Apoyo para Brazo de Mu\u00f1eca de Sal\u00f3n de Descanso para U\u00f1as de Cuero de PU Almohada de Mano de Manicura Coj\u00edn de Apoyo para El Resto de U\u00f1as de Plata 30X10cm Marmol - Hanna Cosm\u00e9tica<\/title>\n<meta name=\"robots\" content=\"index, follow, max-snippet:-1, max-image-preview:large, max-video-preview:-1\" \/>\n<link rel=\"canonical\" href=\"https:\/\/hannacosmetica.com\/fr\/tienda\/manicura\/complementos\/cojin-de-apoyo-para-brazo-de-muneca-de-salon-de-descanso-para-unas-de-cuero-de-pu-almohada-de-mano-de-manicura-cojin-de-apoyo-para-el-resto-de-unas-de-plata-30x10cm-marmol\/\" \/>\n<meta property=\"og:locale\" content=\"fr_FR\" \/>\n<meta property=\"og:type\" content=\"article\" \/>\n<meta property=\"og:title\" content=\"Coj\u00edn de Apoyo para Brazo de Mu\u00f1eca de Sal\u00f3n de Descanso para U\u00f1as de Cuero de PU Almohada de Mano de Manicura Coj\u00edn de Apoyo para El Resto de U\u00f1as de Plata 30X10cm Marmol - Hanna Cosm\u00e9tica\" \/>\n<meta property=\"og:description\" content=\"Coj\u00edn para las manos para decoraci\u00f3n de u\u00f1as: evita las manchas y suciedad en la mesa y mantiene tus u\u00f1as limpias y&hellip;\" \/>\n<meta property=\"og:url\" content=\"https:\/\/hannacosmetica.com\/fr\/tienda\/manicura\/complementos\/cojin-de-apoyo-para-brazo-de-muneca-de-salon-de-descanso-para-unas-de-cuero-de-pu-almohada-de-mano-de-manicura-cojin-de-apoyo-para-el-resto-de-unas-de-plata-30x10cm-marmol\/\" \/>\n<meta property=\"og:site_name\" content=\"Hanna Cosm\u00e9tica\" \/>\n<meta property=\"article:modified_time\" content=\"2023-08-22T13:55:43+00:00\" \/>\n<meta property=\"og:image\" content=\"https:\/\/hannacosmetica.com\/wp-content\/uploads\/2023\/04\/PRIMER-2.png\" \/>\n\t<meta property=\"og:image:width\" content=\"800\" \/>\n\t<meta property=\"og:image:height\" content=\"600\" \/>\n\t<meta property=\"og:image:type\" content=\"image\/png\" \/>\n<meta name=\"twitter:card\" content=\"summary_large_image\" \/>\n<script type=\"application\/ld+json\" class=\"yoast-schema-graph\">{\"@context\":\"https:\/\/schema.org\",\"@graph\":[{\"@type\":\"WebPage\",\"@id\":\"https:\/\/hannacosmetica.com\/tienda\/manicura\/complementos\/cojin-de-apoyo-para-brazo-de-muneca-de-salon-de-descanso-para-unas-de-cuero-de-pu-almohada-de-mano-de-manicura-cojin-de-apoyo-para-el-resto-de-unas-de-plata-30x10cm-marmol\/\",\"url\":\"https:\/\/hannacosmetica.com\/tienda\/manicura\/complementos\/cojin-de-apoyo-para-brazo-de-muneca-de-salon-de-descanso-para-unas-de-cuero-de-pu-almohada-de-mano-de-manicura-cojin-de-apoyo-para-el-resto-de-unas-de-plata-30x10cm-marmol\/\",\"name\":\"Coj\u00edn de Apoyo para Brazo de Mu\u00f1eca de Sal\u00f3n de Descanso para U\u00f1as de Cuero de PU Almohada de Mano de Manicura Coj\u00edn de Apoyo para El Resto de U\u00f1as de Plata 30X10cm Marmol - Hanna Cosm\u00e9tica\",\"isPartOf\":{\"@id\":\"https:\/\/hannacosmetica.com\/#website\"},\"datePublished\":\"2023-04-20T15:01:53+00:00\",\"dateModified\":\"2023-08-22T13:55:43+00:00\",\"breadcrumb\":{\"@id\":\"https:\/\/hannacosmetica.com\/tienda\/manicura\/complementos\/cojin-de-apoyo-para-brazo-de-muneca-de-salon-de-descanso-para-unas-de-cuero-de-pu-almohada-de-mano-de-manicura-cojin-de-apoyo-para-el-resto-de-unas-de-plata-30x10cm-marmol\/#breadcrumb\"},\"inLanguage\":\"fr-FR\",\"potentialAction\":[{\"@type\":\"ReadAction\",\"target\":[\"https:\/\/hannacosmetica.com\/tienda\/manicura\/complementos\/cojin-de-apoyo-para-brazo-de-muneca-de-salon-de-descanso-para-unas-de-cuero-de-pu-almohada-de-mano-de-manicura-cojin-de-apoyo-para-el-resto-de-unas-de-plata-30x10cm-marmol\/\"]}]},{\"@type\":\"BreadcrumbList\",\"@id\":\"https:\/\/hannacosmetica.com\/tienda\/manicura\/complementos\/cojin-de-apoyo-para-brazo-de-muneca-de-salon-de-descanso-para-unas-de-cuero-de-pu-almohada-de-mano-de-manicura-cojin-de-apoyo-para-el-resto-de-unas-de-plata-30x10cm-marmol\/#breadcrumb\",\"itemListElement\":[{\"@type\":\"ListItem\",\"position\":1,\"name\":\"Portada\",\"item\":\"https:\/\/hannacosmetica.com\/\"},{\"@type\":\"ListItem\",\"position\":2,\"name\":\"Tienda\",\"item\":\"https:\/\/hannacosmetica.com\/shop\/\"},{\"@type\":\"ListItem\",\"position\":3,\"name\":\"Coj\u00edn de Apoyo para Brazo de Mu\u00f1eca de Sal\u00f3n de Descanso para U\u00f1as de Cuero de PU Almohada de Mano de Manicura Coj\u00edn de Apoyo para El Resto de U\u00f1as de Plata 30X10cm Marmol\"}]},{\"@type\":\"WebSite\",\"@id\":\"https:\/\/hannacosmetica.com\/#website\",\"url\":\"https:\/\/hannacosmetica.com\/\",\"name\":\"Hanna Cosm\u00e9tica\",\"description\":\"Tienda de productos u\u00f1as, bellezas y peluquer\u00edas\",\"publisher\":{\"@id\":\"https:\/\/hannacosmetica.com\/#organization\"},\"potentialAction\":[{\"@type\":\"SearchAction\",\"target\":{\"@type\":\"EntryPoint\",\"urlTemplate\":\"https:\/\/hannacosmetica.com\/?s={search_term_string}\"},\"query-input\":\"required name=search_term_string\"}],\"inLanguage\":\"fr-FR\"},{\"@type\":\"Organization\",\"@id\":\"https:\/\/hannacosmetica.com\/#organization\",\"name\":\"Hanna Cosm\u00e9tica\",\"url\":\"https:\/\/hannacosmetica.com\/\",\"logo\":{\"@type\":\"ImageObject\",\"inLanguage\":\"fr-FR\",\"@id\":\"https:\/\/hannacosmetica.com\/#\/schema\/logo\/image\/\",\"url\":\"https:\/\/hannacosmetica.com\/wp-content\/uploads\/2022\/07\/Logo-Joyeria-Femenino-Floral-Negro.png\",\"contentUrl\":\"https:\/\/hannacosmetica.com\/wp-content\/uploads\/2022\/07\/Logo-Joyeria-Femenino-Floral-Negro.png\",\"width\":361,\"height\":126,\"caption\":\"Hanna Cosm\u00e9tica\"},\"image\":{\"@id\":\"https:\/\/hannacosmetica.com\/#\/schema\/logo\/image\/\"}}]}<\/script>\n<!-- \/ Yoast SEO plugin. -->","yoast_head_json":{"title":"Coj\u00edn de Apoyo para Brazo de Mu\u00f1eca de Sal\u00f3n de Descanso para U\u00f1as de Cuero de PU Almohada de Mano de Manicura Coj\u00edn de Apoyo para El Resto de U\u00f1as de Plata 30X10cm Marmol - Hanna Cosm\u00e9tica","robots":{"index":"index","follow":"follow","max-snippet":"max-snippet:-1","max-image-preview":"max-image-preview:large","max-video-preview":"max-video-preview:-1"},"canonical":"https:\/\/hannacosmetica.com\/fr\/tienda\/manicura\/complementos\/cojin-de-apoyo-para-brazo-de-muneca-de-salon-de-descanso-para-unas-de-cuero-de-pu-almohada-de-mano-de-manicura-cojin-de-apoyo-para-el-resto-de-unas-de-plata-30x10cm-marmol\/","og_locale":"fr_FR","og_type":"article","og_title":"Coj\u00edn de Apoyo para Brazo de Mu\u00f1eca de Sal\u00f3n de Descanso para U\u00f1as de Cuero de PU Almohada de Mano de Manicura Coj\u00edn de Apoyo para El Resto de U\u00f1as de Plata 30X10cm Marmol - Hanna Cosm\u00e9tica","og_description":"Coj\u00edn para las manos para decoraci\u00f3n de u\u00f1as: evita las manchas y suciedad en la mesa y mantiene tus u\u00f1as limpias y&hellip;","og_url":"https:\/\/hannacosmetica.com\/fr\/tienda\/manicura\/complementos\/cojin-de-apoyo-para-brazo-de-muneca-de-salon-de-descanso-para-unas-de-cuero-de-pu-almohada-de-mano-de-manicura-cojin-de-apoyo-para-el-resto-de-unas-de-plata-30x10cm-marmol\/","og_site_name":"Hanna Cosm\u00e9tica","article_modified_time":"2023-08-22T13:55:43+00:00","og_image":[{"width":800,"height":600,"url":"https:\/\/hannacosmetica.com\/wp-content\/uploads\/2023\/04\/PRIMER-2.png","type":"image\/png"}],"twitter_card":"summary_large_image","schema":{"@context":"https:\/\/schema.org","@graph":[{"@type":"WebPage","@id":"https:\/\/hannacosmetica.com\/tienda\/manicura\/complementos\/cojin-de-apoyo-para-brazo-de-muneca-de-salon-de-descanso-para-unas-de-cuero-de-pu-almohada-de-mano-de-manicura-cojin-de-apoyo-para-el-resto-de-unas-de-plata-30x10cm-marmol\/","url":"https:\/\/hannacosmetica.com\/tienda\/manicura\/complementos\/cojin-de-apoyo-para-brazo-de-muneca-de-salon-de-descanso-para-unas-de-cuero-de-pu-almohada-de-mano-de-manicura-cojin-de-apoyo-para-el-resto-de-unas-de-plata-30x10cm-marmol\/","name":"Coj\u00edn de Apoyo para Brazo de Mu\u00f1eca de Sal\u00f3n de Descanso para U\u00f1as de Cuero de PU Almohada de Mano de Manicura Coj\u00edn de Apoyo para El Resto de U\u00f1as de Plata 30X10cm Marmol - Hanna Cosm\u00e9tica","isPartOf":{"@id":"https:\/\/hannacosmetica.com\/#website"},"datePublished":"2023-04-20T15:01:53+00:00","dateModified":"2023-08-22T13:55:43+00:00","breadcrumb":{"@id":"https:\/\/hannacosmetica.com\/tienda\/manicura\/complementos\/cojin-de-apoyo-para-brazo-de-muneca-de-salon-de-descanso-para-unas-de-cuero-de-pu-almohada-de-mano-de-manicura-cojin-de-apoyo-para-el-resto-de-unas-de-plata-30x10cm-marmol\/#breadcrumb"},"inLanguage":"fr-FR","potentialAction":[{"@type":"ReadAction","target":["https:\/\/hannacosmetica.com\/tienda\/manicura\/complementos\/cojin-de-apoyo-para-brazo-de-muneca-de-salon-de-descanso-para-unas-de-cuero-de-pu-almohada-de-mano-de-manicura-cojin-de-apoyo-para-el-resto-de-unas-de-plata-30x10cm-marmol\/"]}]},{"@type":"BreadcrumbList","@id":"https:\/\/hannacosmetica.com\/tienda\/manicura\/complementos\/cojin-de-apoyo-para-brazo-de-muneca-de-salon-de-descanso-para-unas-de-cuero-de-pu-almohada-de-mano-de-manicura-cojin-de-apoyo-para-el-resto-de-unas-de-plata-30x10cm-marmol\/#breadcrumb","itemListElement":[{"@type":"ListItem","position":1,"name":"Portada","item":"https:\/\/hannacosmetica.com\/"},{"@type":"ListItem","position":2,"name":"Tienda","item":"https:\/\/hannacosmetica.com\/shop\/"},{"@type":"ListItem","position":3,"name":"Coj\u00edn de Apoyo para Brazo de Mu\u00f1eca de Sal\u00f3n de Descanso para U\u00f1as de Cuero de PU Almohada de Mano de Manicura Coj\u00edn de Apoyo para El Resto de U\u00f1as de Plata 30X10cm Marmol"}]},{"@type":"WebSite","@id":"https:\/\/hannacosmetica.com\/#website","url":"https:\/\/hannacosmetica.com\/","name":"Hanna Cosm\u00e9tica","description":"Tienda de productos u\u00f1as, bellezas y peluquer\u00edas","publisher":{"@id":"https:\/\/hannacosmetica.com\/#organization"},"potentialAction":[{"@type":"SearchAction","target":{"@type":"EntryPoint","urlTemplate":"https:\/\/hannacosmetica.com\/?s={search_term_string}"},"query-input":"required name=search_term_string"}],"inLanguage":"fr-FR"},{"@type":"Organization","@id":"https:\/\/hannacosmetica.com\/#organization","name":"Hanna Cosm\u00e9tica","url":"https:\/\/hannacosmetica.com\/","logo":{"@type":"ImageObject","inLanguage":"fr-FR","@id":"https:\/\/hannacosmetica.com\/#\/schema\/logo\/image\/","url":"https:\/\/hannacosmetica.com\/wp-content\/uploads\/2022\/07\/Logo-Joyeria-Femenino-Floral-Negro.png","contentUrl":"https:\/\/hannacosmetica.com\/wp-content\/uploads\/2022\/07\/Logo-Joyeria-Femenino-Floral-Negro.png","width":361,"height":126,"caption":"Hanna Cosm\u00e9tica"},"image":{"@id":"https:\/\/hannacosmetica.com\/#\/schema\/logo\/image\/"}}]}},"_links":{"self":[{"href":"https:\/\/hannacosmetica.com\/fr\/wp-json\/wp\/v2\/product\/12894"}],"collection":[{"href":"https:\/\/hannacosmetica.com\/fr\/wp-json\/wp\/v2\/product"}],"about":[{"href":"https:\/\/hannacosmetica.com\/fr\/wp-json\/wp\/v2\/types\/product"}],"replies":[{"embeddable":true,"href":"https:\/\/hannacosmetica.com\/fr\/wp-json\/wp\/v2\/comments?post=12894"}],"version-history":[{"count":1,"href":"https:\/\/hannacosmetica.com\/fr\/wp-json\/wp\/v2\/product\/12894\/revisions"}],"predecessor-version":[{"id":12899,"href":"https:\/\/hannacosmetica.com\/fr\/wp-json\/wp\/v2\/product\/12894\/revisions\/12899"}],"wp:featuredmedia":[{"embeddable":true,"href":"https:\/\/hannacosmetica.com\/fr\/wp-json\/wp\/v2\/media\/12895"}],"wp:attachment":[{"href":"https:\/\/hannacosmetica.com\/fr\/wp-json\/wp\/v2\/media?parent=12894"}],"wp:term":[{"taxonomy":"product_cat","embeddable":true,"href":"https:\/\/hannacosmetica.com\/fr\/wp-json\/wp\/v2\/product_cat?post=12894"},{"taxonomy":"product_tag","embeddable":true,"href":"https:\/\/hannacosmetica.com\/fr\/wp-json\/wp\/v2\/product_tag?post=12894"}],"curies":[{"name":"wp","href":"https:\/\/api.w.org\/{rel}","templated":true}]}}