{"id":12852,"date":"2023-04-17T14:24:36","date_gmt":"2023-04-17T14:24:36","guid":{"rendered":"https:\/\/hannacosmetica.com\/?post_type=product&#038;p=12852"},"modified":"2024-09-18T16:10:12","modified_gmt":"2024-09-18T16:10:12","slug":"pigmento-de-unas-polvo-efecto-espejo-polvo-metalizado","status":"publish","type":"product","link":"https:\/\/hannacosmetica.com\/fr\/tienda\/manicura\/decoracion\/pigmento-de-unas-polvo-efecto-espejo-polvo-metalizado\/","title":{"rendered":"Pigmento de U\u00f1as\/ Polvo Efecto Espejo\/ Polvo Metalizado"},"content":{"rendered":"<ul>\n<li>Amplia aplicaci\u00f3n: el polvo se puede aplicar en u\u00f1as de gel, u\u00f1as acr\u00edlicas, u\u00f1as naturales o puntas de u\u00f1as postizas.<\/li>\n<\/ul>\n<div id=\"ppd\">\n<div id=\"centerCol\" class=\"centerColAlign\">\n<div id=\"featurebullets_feature_div\" class=\"celwidget\" data-feature-name=\"featurebullets\" data-csa-c-type=\"widget\" data-csa-c-content-id=\"featurebullets\" data-csa-c-slot-id=\"featurebullets_feature_div\" data-csa-c-asin=\"B0B6P5BY3S\" data-csa-c-is-in-initial-active-row=\"false\" data-csa-c-id=\"9fgdh5-d5lybw-antfan-g1dv8j\" data-cel-widget=\"featurebullets_feature_div\">\n<div id=\"feature-bullets\" class=\"a-section a-spacing-medium a-spacing-top-small\">\n<ul class=\"a-unordered-list a-vertical a-spacing-mini\">\n<li><span class=\"a-list-item\">\u00a0La purpurina para u\u00f1as es adecuada para profesionales o principiantes y es perfecta para u\u00f1as naturales o artificiales. Y se puede mezclar con todos los esmaltes de u\u00f1as de gel, polvos DIP y todos los polvos de u\u00f1as.<\/span><\/li>\n<li><span class=\"a-list-item\">Polvo de u\u00f1as de grado sal\u00f3n: pigmento prensado s\u00f3lido, sin pigmentos voladores, sin desbordamiento, menos consumo durante el uso. Este polvo de espejo s\u00f3lido es m\u00e1s adecuado para tus necesidades diarias y diversifica tus u\u00f1as.<\/span><\/li>\n<\/ul>\n<\/div>\n<\/div>\n<div id=\"provenanceCertifications_feature_div\" class=\"celwidget\" data-feature-name=\"provenanceCertifications\" data-csa-c-type=\"widget\" data-csa-c-content-id=\"provenanceCertifications\" data-csa-c-slot-id=\"provenanceCertifications_feature_div\" data-csa-c-asin=\"B0B6P5BY3S\" data-csa-c-is-in-initial-active-row=\"false\" data-csa-c-id=\"tg7l62-3z20qs-dwbtm6-v6oqqv\" data-cel-widget=\"provenanceCertifications_feature_div\"><\/div>\n<div id=\"serviceCapabilities_feature_div\" class=\"celwidget\" data-feature-name=\"serviceCapabilities\" data-csa-c-type=\"widget\" data-csa-c-content-id=\"serviceCapabilities\" data-csa-c-slot-id=\"serviceCapabilities_feature_div\" data-csa-c-asin=\"B0B6P5BY3S\" data-csa-c-is-in-initial-active-row=\"false\" data-csa-c-id=\"fwu8zv-4bpuuq-j5036j-n8i9tf\" data-cel-widget=\"serviceCapabilities_feature_div\">\n<div id=\"vas-service-capabilities\" class=\"a-section a-spacing-none a-spacing-top-micro\"><\/div>\n<\/div>\n<div id=\"globalStoreInfoBullets_feature_div\" class=\"celwidget\" data-feature-name=\"globalStoreInfoBullets\" data-csa-c-type=\"widget\" data-csa-c-content-id=\"globalStoreInfoBullets\" data-csa-c-slot-id=\"globalStoreInfoBullets_feature_div\" data-csa-c-asin=\"B0B6P5BY3S\" data-csa-c-is-in-initial-active-row=\"false\" data-csa-c-id=\"lsbolo-wpupf3-cowp7-v3pdyu\" data-cel-widget=\"globalStoreInfoBullets_feature_div\"><\/div>\n<div id=\"HLCXComparisonJumplink_feature_div\"><\/div>\n<div id=\"addOnItem_feature_div\" class=\"celwidget\" data-feature-name=\"addOnItem\" data-csa-c-type=\"widget\" data-csa-c-content-id=\"addOnItem\" data-csa-c-slot-id=\"addOnItem_feature_div\" data-csa-c-asin=\"B0B6P5BY3S\" data-csa-c-is-in-initial-active-row=\"false\" data-csa-c-id=\"k4xcab-mu7umt-vu2cb6-ld0ht5\" data-cel-widget=\"addOnItem_feature_div\"><\/div>\n<div id=\"giftcard-holiday-availability-messaging_feature_div\" class=\"celwidget\" data-feature-name=\"giftCardHolidayAvailabilityMessaging\" data-csa-c-type=\"widget\" data-csa-c-content-id=\"giftCardHolidayAvailabilityMessaging\" data-csa-c-slot-id=\"giftcard-holiday-availability-messaging_feature_div\" data-csa-c-asin=\"B0B6P5BY3S\" data-csa-c-is-in-initial-active-row=\"false\" data-csa-c-id=\"hsgq9o-pf6wk2-7fagov-q4k668\" data-cel-widget=\"giftcard-holiday-availability-messaging_feature_div\"><\/div>\n<div id=\"andonCord_feature_div\" class=\"celwidget\" data-feature-name=\"andonCord\" data-csa-c-type=\"widget\" data-csa-c-content-id=\"andonCord\" data-csa-c-slot-id=\"andonCord_feature_div\" data-csa-c-asin=\"B0B6P5BY3S\" data-csa-c-is-in-initial-active-row=\"false\" data-csa-c-id=\"61ov50-p258v9-mrri9o-usahi\" data-cel-widget=\"andonCord_feature_div\"><\/div>\n<div id=\"olp_feature_div\" class=\"celwidget\" data-feature-name=\"olp\" data-csa-c-type=\"widget\" data-csa-c-content-id=\"olp\" data-csa-c-slot-id=\"olp_feature_div\" data-csa-c-asin=\"B0B6P5BY3S\" data-csa-c-is-in-initial-active-row=\"false\" data-csa-c-id=\"tml5zc-q4n6gf-4o9ydm-cszyv9\" data-cel-widget=\"olp_feature_div\">\n<div id=\"all-offers-display\" class=\"a-section\"><\/div>\n<\/div>\n<div id=\"buyingOptionNostosBadge_feature_div\" class=\"celwidget\" data-feature-name=\"buyingOptionNostosBadge\" data-csa-c-type=\"widget\" data-csa-c-content-id=\"buyingOptionNostosBadge\" data-csa-c-slot-id=\"buyingOptionNostosBadge_feature_div\" data-csa-c-asin=\"B0B6P5BY3S\" data-csa-c-is-in-initial-active-row=\"false\" data-csa-c-id=\"ud54k6-cqq19b-ekrhev-507enf\" data-cel-widget=\"buyingOptionNostosBadge_feature_div\"><\/div>\n<div id=\"edpIngress_feature_div\" class=\"celwidget\" data-feature-name=\"edpIngress\" data-csa-c-type=\"widget\" data-csa-c-content-id=\"edpIngress\" data-csa-c-slot-id=\"edpIngress_feature_div\" data-csa-c-asin=\"B0B6P5BY3S\" data-csa-c-is-in-initial-active-row=\"false\" data-csa-c-id=\"fjiugy-uo75va-iupycs-v04v7\" data-cel-widget=\"edpIngress_feature_div\"><\/div>\n<div id=\"newerVersion_feature_div\" class=\"celwidget\" data-feature-name=\"newerVersion\" data-csa-c-type=\"widget\" data-csa-c-content-id=\"newerVersion\" data-csa-c-slot-id=\"newerVersion_feature_div\" data-csa-c-asin=\"B0B6P5BY3S\" data-csa-c-is-in-initial-active-row=\"false\" data-csa-c-id=\"ltwyxx-yhczvh-9u7h2b-bv70ut\" data-cel-widget=\"newerVersion_feature_div\"><\/div>\n<div id=\"valuePick_feature_div\" class=\"celwidget\" data-feature-name=\"valuePick\" data-csa-c-type=\"widget\" data-csa-c-content-id=\"valuePick\" data-csa-c-slot-id=\"valuePick_feature_div\" data-csa-c-asin=\"B0B6P5BY3S\" data-csa-c-is-in-initial-active-row=\"false\" data-csa-c-id=\"4gjsni-7v6m33-kcx4sp-3v5kcw\" data-cel-widget=\"valuePick_feature_div\"><\/div>\n<div id=\"certifiedRefurbishedVersion_feature_div\" class=\"celwidget\" data-feature-name=\"certifiedRefurbishedVersion\" data-csa-c-type=\"widget\" data-csa-c-content-id=\"certifiedRefurbishedVersion\" data-csa-c-slot-id=\"certifiedRefurbishedVersion_feature_div\" data-csa-c-asin=\"B0B6P5BY3S\" data-csa-c-is-in-initial-active-row=\"false\" data-csa-c-id=\"wbervh-bd9u1q-6dbrze-9xvn44\" data-cel-widget=\"certifiedRefurbishedVersion_feature_div\"><\/div>\n<div id=\"recommendations_feature_div\" class=\"celwidget\" data-feature-name=\"recommendations\" data-csa-c-type=\"widget\" data-csa-c-content-id=\"recommendations\" data-csa-c-slot-id=\"recommendations_feature_div\" data-csa-c-asin=\"B0B6P5BY3S\" data-csa-c-is-in-initial-active-row=\"false\" data-csa-c-id=\"7485zu-v7ml4b-m7ue18-4snjvm\" data-cel-widget=\"recommendations_feature_div\"><\/div>\n<div id=\"productAlert_feature_div\" class=\"celwidget\" data-feature-name=\"productAlert\" data-csa-c-type=\"widget\" data-csa-c-content-id=\"productAlert\" data-csa-c-slot-id=\"productAlert_feature_div\" data-csa-c-asin=\"B0B6P5BY3S\" data-csa-c-is-in-initial-active-row=\"false\" data-csa-c-id=\"r0094v-aev1d6-4iw8tm-e77baq\" data-cel-widget=\"productAlert_feature_div\"><\/div>\n<div id=\"promotionalBundle_feature_div\" class=\"celwidget\" data-feature-name=\"promotionalBundle\" data-csa-c-type=\"widget\" data-csa-c-content-id=\"promotionalBundle\" data-csa-c-slot-id=\"promotionalBundle_feature_div\" data-csa-c-asin=\"B0B6P5BY3S\" data-csa-c-is-in-initial-active-row=\"false\" data-csa-c-id=\"9xezum-21wegg-ctc162-aytcde\" data-cel-widget=\"promotionalBundle_feature_div\"><\/div>\n<\/div>\n<div id=\"hqpWrapper\" class=\"centerColAlign\">\n<div id=\"heroQuickPromo_feature_div\" class=\"celwidget\" data-feature-name=\"heroQuickPromo\" data-csa-c-type=\"widget\" data-csa-c-content-id=\"heroQuickPromo\" data-csa-c-slot-id=\"heroQuickPromo_feature_div\" data-csa-c-asin=\"B0B6P5BY3S\" data-csa-c-is-in-initial-active-row=\"false\" data-csa-c-id=\"rgm85y-mq9r8o-jsicq0-lfh0ag\" data-cel-widget=\"heroQuickPromo_feature_div\">\n<div id=\"hero-quick-promo-grid_feature_div\"><\/div>\n<\/div>\n<\/div>\n<\/div>\n<div id=\"hover-zoom-end\" class=\"a-section a-spacing-small a-padding-mini\"><\/div>\n<div id=\"ATFCriticalFeaturesDataContainer\">\n<div id=\"twisterJsInitializer_feature_div\" class=\"celwidget\" data-feature-name=\"twisterJsInitializer\" data-csa-c-type=\"widget\" data-csa-c-content-id=\"twisterJsInitializer\" data-csa-c-slot-id=\"twisterJsInitializer_feature_div\" data-csa-c-asin=\"B0B6P5BY3S\" data-csa-c-is-in-initial-active-row=\"false\" data-csa-c-id=\"ww4tmt-oy0t31-15zz57-c4k6pa\" data-cel-widget=\"twisterJsInitializer_feature_div\"><\/div>\n<div id=\"imageBlockVariations_feature_div\" class=\"celwidget\" data-feature-name=\"imageBlockVariations\" data-csa-c-type=\"widget\" data-csa-c-content-id=\"imageBlockVariations\" data-csa-c-slot-id=\"imageBlockVariations_feature_div\" data-csa-c-asin=\"B0B6P5BY3S\" data-csa-c-is-in-initial-active-row=\"false\" data-csa-c-id=\"5nw1h5-6ly6hc-gm4as1-hnvn4o\" data-cel-widget=\"imageBlockVariations_feature_div\"><\/div>\n<\/div>\n<div id=\"bottomRow\">\n<div id=\"iconfarmv2SecondaryViews_feature_div\" class=\"celwidget\" data-feature-name=\"iconfarmv2SecondaryViews\" data-csa-c-type=\"widget\" data-csa-c-content-id=\"iconfarmv2SecondaryViews\" data-csa-c-slot-id=\"iconfarmv2SecondaryViews_feature_div\" data-csa-c-asin=\"B0B6P5BY3S\" data-csa-c-is-in-initial-active-row=\"false\" data-csa-c-id=\"qz64vq-aw9kp8-mnhrrj-gdkyhp\" data-cel-widget=\"iconfarmv2SecondaryViews_feature_div\"><\/div>\n<\/div>\n<div id=\"emit-js_feature_div\" class=\"celwidget\" data-feature-name=\"emit-js\" data-csa-c-type=\"widget\" data-csa-c-content-id=\"emit-js\" data-csa-c-slot-id=\"emit-js_feature_div\" data-csa-c-asin=\"\" data-csa-c-is-in-initial-active-row=\"false\" data-csa-c-id=\"yv5uc3-z4ghv5-7l9e0g-5959n5\" data-cel-widget=\"emit-js_feature_div\"><\/div>\n<div id=\"bundleV2_feature_div\" class=\"celwidget\" data-feature-name=\"bundleV2\" data-csa-c-type=\"widget\" data-csa-c-content-id=\"bundleV2\" data-csa-c-slot-id=\"bundleV2_feature_div\" data-csa-c-asin=\"\" data-csa-c-is-in-initial-active-row=\"false\" data-csa-c-id=\"8dw65q-slez89-eqrgbt-17uhf2\" data-cel-widget=\"bundleV2_feature_div\"><\/div>\n<div id=\"similarities_feature_div\" class=\"celwidget\" data-feature-name=\"similarities\" data-csa-c-type=\"widget\" data-csa-c-content-id=\"similarities\" data-csa-c-slot-id=\"similarities_feature_div\" data-csa-c-asin=\"\" data-csa-c-is-in-initial-active-row=\"false\" data-csa-c-id=\"q7ldk0-ot0zd4-3zj9jm-wj2cal\" data-cel-widget=\"similarities_feature_div\">\n<div id=\"sims-consolidated-1_feature_div\">\n<div id=\"sims-consolidated-1_feature_div\"><\/div>\n<\/div>\n<\/div>\n<div id=\"grocery-bundle_feature_div\" class=\"celwidget\" data-feature-name=\"grocery-bundle\" data-csa-c-type=\"widget\" data-csa-c-content-id=\"grocery-bundle\" data-csa-c-slot-id=\"grocery-bundle_feature_div\" data-csa-c-asin=\"\" data-csa-c-is-in-initial-active-row=\"false\" data-csa-c-id=\"ng2ly9-g0taa-yyh0er-pfom01\" data-cel-widget=\"grocery-bundle_feature_div\">\n<div id=\"sims-consolidated-2_feature_div\">\n<div id=\"sims-consolidated-2_feature_div\"><\/div>\n<\/div>\n<\/div>\n<div id=\"miraiBTFShopByLook_feature_div\" class=\"celwidget\" data-feature-name=\"miraiBTFShopByLook\" data-csa-c-type=\"widget\" data-csa-c-content-id=\"miraiBTFShopByLook\" data-csa-c-slot-id=\"miraiBTFShopByLook_feature_div\" data-csa-c-asin=\"\" data-csa-c-is-in-initial-active-row=\"false\" data-csa-c-id=\"7rqzll-szp19b-czyrm2-nvx06b\" data-cel-widget=\"miraiBTFShopByLook_feature_div\"><\/div>\n<div id=\"similarities_feature_div\" class=\"celwidget\" data-feature-name=\"similarities\" data-csa-c-type=\"widget\" data-csa-c-content-id=\"similarities\" data-csa-c-slot-id=\"similarities_feature_div\" data-csa-c-asin=\"\" data-csa-c-is-in-initial-active-row=\"false\" data-csa-c-id=\"3ycf0y-g2fpks-plfsgm-5yvmqq\" data-cel-widget=\"similarities_feature_div\">\n<div id=\"sims-consolidated-3_feature_div\">\n<div id=\"sims-consolidated-3_feature_div\"><\/div>\n<\/div>\n<\/div>\n<div id=\"dp-ads-center-promo-top_feature_div\" class=\"celwidget\" data-feature-name=\"dp-ads-center-promo-top\" data-csa-c-type=\"widget\" data-csa-c-content-id=\"dp-ads-center-promo-top\" data-csa-c-slot-id=\"dp-ads-center-promo-top_feature_div\" data-csa-c-asin=\"\" data-csa-c-is-in-initial-active-row=\"false\" data-csa-c-id=\"yd27x6-ri9q06-vanj8x-b6r6v\" data-cel-widget=\"dp-ads-center-promo-top_feature_div\"><\/div>\n<div id=\"promotions_feature_div\" class=\"celwidget\" data-feature-name=\"promotions\" data-csa-c-type=\"widget\" data-csa-c-content-id=\"promotions\" data-csa-c-slot-id=\"promotions_feature_div\" data-csa-c-asin=\"\" data-csa-c-is-in-initial-active-row=\"false\" data-csa-c-id=\"ab46g9-kugf8j-umvlds-6savzw\" data-cel-widget=\"promotions_feature_div\"><\/div>\n<div id=\"cpsiaProductSafetyWarning_feature_div\" class=\"celwidget\" data-feature-name=\"cpsiaProductSafetyWarning\" data-csa-c-type=\"widget\" data-csa-c-content-id=\"cpsiaProductSafetyWarning\" data-csa-c-slot-id=\"cpsiaProductSafetyWarning_feature_div\" data-csa-c-asin=\"\" data-csa-c-is-in-initial-active-row=\"false\" data-csa-c-id=\"wwfv9c-984x9e-ifmnyu-rvjtou\" data-cel-widget=\"cpsiaProductSafetyWarning_feature_div\">\n<div class=\"celwidget c-f\" data-csa-op-log-render=\"\" data-csa-c-content-id=\"DsUnknown\" data-csa-c-slot-id=\"DsUnknown-1\" data-csa-c-type=\"widget\" data-csa-c-painter=\"dp-cpsia-product-safety-warning-cards\" data-csa-c-id=\"6a4nfk-9nl9pd-39colb-aqk4iq\" data-cel-widget=\"dp-cpsia-product-safety-warning_DetailPage_0\">\n<div id=\"CardInstanceEDTiYcvFjb4AdeXq5lHjMA\" data-card-metrics-id=\"dp-cpsia-product-safety-warning_DetailPage_0\"><\/div>\n<\/div>\n<\/div>\n<div id=\"postPurchaseSideSheet_feature_div\" class=\"celwidget\" data-feature-name=\"postPurchaseSideSheet\" data-csa-c-type=\"widget\" data-csa-c-content-id=\"postPurchaseSideSheet\" data-csa-c-slot-id=\"postPurchaseSideSheet_feature_div\" data-csa-c-asin=\"\" data-csa-c-is-in-initial-active-row=\"false\" data-csa-c-id=\"xuad7b-kqnbxp-1r8ei4-u04cw3\" data-cel-widget=\"postPurchaseSideSheet_feature_div\"><\/div>\n<div id=\"ask-dp-search_feature_div\" class=\"celwidget\" data-feature-name=\"ask-dp-search\" data-csa-c-type=\"widget\" data-csa-c-content-id=\"ask-dp-search\" data-csa-c-slot-id=\"ask-dp-search_feature_div\" data-csa-c-asin=\"\" data-csa-c-is-in-initial-active-row=\"false\" data-csa-c-id=\"g9oalf-546snf-370092-pc4fi2\" data-cel-widget=\"ask-dp-search_feature_div\">\n<div id=\"ask-dp-search_feature_div\">\n<div id=\"ask-dp-search_feature_div\"><\/div>\n<\/div>\n<\/div>\n<div id=\"aplusBrandStory_feature_div\" class=\"celwidget\" data-feature-name=\"aplusBrandStory\" data-csa-c-type=\"widget\" data-csa-c-content-id=\"aplusBrandStory\" data-csa-c-slot-id=\"aplusBrandStory_feature_div\" data-csa-c-asin=\"\" data-csa-c-is-in-initial-active-row=\"false\" data-csa-c-id=\"p4pd04-urmbj3-39wrcw-rg43qq\" data-cel-widget=\"aplusBrandStory_feature_div\"><\/div>\n<div id=\"climatePledgeFriendlyBTF_feature_div\" class=\"celwidget\" data-feature-name=\"climatePledgeFriendlyBTF\" data-csa-c-type=\"widget\" data-csa-c-content-id=\"climatePledgeFriendlyBTF\" data-csa-c-slot-id=\"climatePledgeFriendlyBTF_feature_div\" data-csa-c-asin=\"\" data-csa-c-is-in-initial-active-row=\"false\" data-csa-c-id=\"bw9tve-3hmg7f-rwunid-i4h50v\" data-cel-widget=\"climatePledgeFriendlyBTF_feature_div\"><\/div>\n<div id=\"aplus_feature_div\" class=\"celwidget\" data-feature-name=\"aplus\" data-csa-c-type=\"widget\" data-csa-c-content-id=\"aplus\" data-csa-c-slot-id=\"aplus_feature_div\" data-csa-c-asin=\"\" data-csa-c-is-in-initial-active-row=\"false\" data-csa-c-id=\"so51mi-ml0vr-cwkfbq-l8n6l\" data-cel-widget=\"aplus_feature_div\"><\/div>\n<div id=\"aplusSustainabilityStory_feature_div\" class=\"celwidget\" data-feature-name=\"aplusSustainabilityStory\" data-csa-c-type=\"widget\" data-csa-c-content-id=\"aplusSustainabilityStory\" data-csa-c-slot-id=\"aplusSustainabilityStory_feature_div\" data-csa-c-asin=\"\" data-csa-c-is-in-initial-active-row=\"false\" data-csa-c-id=\"bqzr4d-or9alg-z2kyjp-1dpozc\" data-cel-widget=\"aplusSustainabilityStory_feature_div\"><\/div>\n<div id=\"legal_feature_div\" class=\"celwidget\" data-feature-name=\"legal\" data-csa-c-type=\"widget\" data-csa-c-content-id=\"legal\" data-csa-c-slot-id=\"legal_feature_div\" data-csa-c-asin=\"\" data-csa-c-is-in-initial-active-row=\"false\" data-csa-c-id=\"h0eg0h-37dymz-94aitv-whmlrw\" data-cel-widget=\"legal_feature_div\"><\/div>\n<div id=\"productDescription_feature_div\" class=\"celwidget\" data-feature-name=\"productDescription\" data-csa-c-type=\"widget\" data-csa-c-content-id=\"productDescription\" data-csa-c-slot-id=\"productDescription_feature_div\" data-csa-c-asin=\"\" data-csa-c-is-in-initial-active-row=\"false\" data-csa-c-id=\"wxuq12-9ui1xd-5i6wlo-vko1oi\" data-cel-widget=\"productDescription_feature_div\">\n<div>\n<div id=\"productDescription_feature_div\" class=\"a-row feature\" data-feature-name=\"productDescription\" data-template-name=\"productDescription\" data-cel-widget=\"productDescription_feature_div\">\n<div class=\"a-divider a-divider-section\"><\/div>\n<\/div>\n<\/div>\n<\/div>","protected":false},"excerpt":{"rendered":"<p>Amplia aplicaci\u00f3n: el polvo se puede aplicar en u\u00f1as de gel, u\u00f1as acr\u00edlicas, u\u00f1as naturales o puntas de u\u00f1as postizas. \u00a0La purpurina&hellip;<\/p>","protected":false},"featured_media":12853,"comment_status":"open","ping_status":"closed","template":"","meta":[],"product_cat":[82,98,87],"product_tag":[],"yoast_head":"<!-- This site is optimized with the Yoast SEO plugin v19.9 - https:\/\/yoast.com\/wordpress\/plugins\/seo\/ -->\n<title>Pigmento de U\u00f1as\/ Polvo Efecto Espejo\/ Polvo Metalizado - Hanna Cosm\u00e9tica<\/title>\n<meta name=\"robots\" content=\"index, follow, max-snippet:-1, max-image-preview:large, max-video-preview:-1\" \/>\n<link rel=\"canonical\" href=\"https:\/\/hannacosmetica.com\/fr\/tienda\/manicura\/decoracion\/pigmento-de-unas-polvo-efecto-espejo-polvo-metalizado\/\" \/>\n<meta property=\"og:locale\" content=\"fr_FR\" \/>\n<meta property=\"og:type\" content=\"article\" \/>\n<meta property=\"og:title\" content=\"Pigmento de U\u00f1as\/ Polvo Efecto Espejo\/ Polvo Metalizado - Hanna Cosm\u00e9tica\" \/>\n<meta property=\"og:description\" content=\"Amplia aplicaci\u00f3n: el polvo se puede aplicar en u\u00f1as de gel, u\u00f1as acr\u00edlicas, u\u00f1as naturales o puntas de u\u00f1as postizas. \u00a0La purpurina&hellip;\" \/>\n<meta property=\"og:url\" content=\"https:\/\/hannacosmetica.com\/fr\/tienda\/manicura\/decoracion\/pigmento-de-unas-polvo-efecto-espejo-polvo-metalizado\/\" \/>\n<meta property=\"og:site_name\" content=\"Hanna Cosm\u00e9tica\" \/>\n<meta property=\"article:modified_time\" content=\"2024-09-18T16:10:12+00:00\" \/>\n<meta property=\"og:image\" content=\"https:\/\/hannacosmetica.com\/wp-content\/uploads\/2023\/04\/100180-7.png\" \/>\n\t<meta property=\"og:image:width\" content=\"1000\" \/>\n\t<meta property=\"og:image:height\" content=\"1000\" \/>\n\t<meta property=\"og:image:type\" content=\"image\/png\" \/>\n<meta name=\"twitter:card\" content=\"summary_large_image\" \/>\n<script type=\"application\/ld+json\" class=\"yoast-schema-graph\">{\"@context\":\"https:\/\/schema.org\",\"@graph\":[{\"@type\":\"WebPage\",\"@id\":\"https:\/\/hannacosmetica.com\/tienda\/manicura\/decoracion\/pigmento-de-unas-polvo-efecto-espejo-polvo-metalizado\/\",\"url\":\"https:\/\/hannacosmetica.com\/tienda\/manicura\/decoracion\/pigmento-de-unas-polvo-efecto-espejo-polvo-metalizado\/\",\"name\":\"Pigmento de U\u00f1as\/ Polvo Efecto Espejo\/ Polvo Metalizado - Hanna Cosm\u00e9tica\",\"isPartOf\":{\"@id\":\"https:\/\/hannacosmetica.com\/#website\"},\"datePublished\":\"2023-04-17T14:24:36+00:00\",\"dateModified\":\"2024-09-18T16:10:12+00:00\",\"breadcrumb\":{\"@id\":\"https:\/\/hannacosmetica.com\/tienda\/manicura\/decoracion\/pigmento-de-unas-polvo-efecto-espejo-polvo-metalizado\/#breadcrumb\"},\"inLanguage\":\"fr-FR\",\"potentialAction\":[{\"@type\":\"ReadAction\",\"target\":[\"https:\/\/hannacosmetica.com\/tienda\/manicura\/decoracion\/pigmento-de-unas-polvo-efecto-espejo-polvo-metalizado\/\"]}]},{\"@type\":\"BreadcrumbList\",\"@id\":\"https:\/\/hannacosmetica.com\/tienda\/manicura\/decoracion\/pigmento-de-unas-polvo-efecto-espejo-polvo-metalizado\/#breadcrumb\",\"itemListElement\":[{\"@type\":\"ListItem\",\"position\":1,\"name\":\"Portada\",\"item\":\"https:\/\/hannacosmetica.com\/\"},{\"@type\":\"ListItem\",\"position\":2,\"name\":\"Tienda\",\"item\":\"https:\/\/hannacosmetica.com\/shop\/\"},{\"@type\":\"ListItem\",\"position\":3,\"name\":\"Pigmento de U\u00f1as\/ Polvo Efecto Espejo\/ Polvo Metalizado\"}]},{\"@type\":\"WebSite\",\"@id\":\"https:\/\/hannacosmetica.com\/#website\",\"url\":\"https:\/\/hannacosmetica.com\/\",\"name\":\"Hanna Cosm\u00e9tica\",\"description\":\"Tienda de productos u\u00f1as, bellezas y peluquer\u00edas\",\"publisher\":{\"@id\":\"https:\/\/hannacosmetica.com\/#organization\"},\"potentialAction\":[{\"@type\":\"SearchAction\",\"target\":{\"@type\":\"EntryPoint\",\"urlTemplate\":\"https:\/\/hannacosmetica.com\/?s={search_term_string}\"},\"query-input\":\"required name=search_term_string\"}],\"inLanguage\":\"fr-FR\"},{\"@type\":\"Organization\",\"@id\":\"https:\/\/hannacosmetica.com\/#organization\",\"name\":\"Hanna Cosm\u00e9tica\",\"url\":\"https:\/\/hannacosmetica.com\/\",\"logo\":{\"@type\":\"ImageObject\",\"inLanguage\":\"fr-FR\",\"@id\":\"https:\/\/hannacosmetica.com\/#\/schema\/logo\/image\/\",\"url\":\"https:\/\/hannacosmetica.com\/wp-content\/uploads\/2022\/07\/Logo-Joyeria-Femenino-Floral-Negro.png\",\"contentUrl\":\"https:\/\/hannacosmetica.com\/wp-content\/uploads\/2022\/07\/Logo-Joyeria-Femenino-Floral-Negro.png\",\"width\":361,\"height\":126,\"caption\":\"Hanna Cosm\u00e9tica\"},\"image\":{\"@id\":\"https:\/\/hannacosmetica.com\/#\/schema\/logo\/image\/\"}}]}<\/script>\n<!-- \/ Yoast SEO plugin. -->","yoast_head_json":{"title":"Pigmento de U\u00f1as\/ Polvo Efecto Espejo\/ Polvo Metalizado - Hanna Cosm\u00e9tica","robots":{"index":"index","follow":"follow","max-snippet":"max-snippet:-1","max-image-preview":"max-image-preview:large","max-video-preview":"max-video-preview:-1"},"canonical":"https:\/\/hannacosmetica.com\/fr\/tienda\/manicura\/decoracion\/pigmento-de-unas-polvo-efecto-espejo-polvo-metalizado\/","og_locale":"fr_FR","og_type":"article","og_title":"Pigmento de U\u00f1as\/ Polvo Efecto Espejo\/ Polvo Metalizado - Hanna Cosm\u00e9tica","og_description":"Amplia aplicaci\u00f3n: el polvo se puede aplicar en u\u00f1as de gel, u\u00f1as acr\u00edlicas, u\u00f1as naturales o puntas de u\u00f1as postizas. \u00a0La purpurina&hellip;","og_url":"https:\/\/hannacosmetica.com\/fr\/tienda\/manicura\/decoracion\/pigmento-de-unas-polvo-efecto-espejo-polvo-metalizado\/","og_site_name":"Hanna Cosm\u00e9tica","article_modified_time":"2024-09-18T16:10:12+00:00","og_image":[{"width":1000,"height":1000,"url":"https:\/\/hannacosmetica.com\/wp-content\/uploads\/2023\/04\/100180-7.png","type":"image\/png"}],"twitter_card":"summary_large_image","schema":{"@context":"https:\/\/schema.org","@graph":[{"@type":"WebPage","@id":"https:\/\/hannacosmetica.com\/tienda\/manicura\/decoracion\/pigmento-de-unas-polvo-efecto-espejo-polvo-metalizado\/","url":"https:\/\/hannacosmetica.com\/tienda\/manicura\/decoracion\/pigmento-de-unas-polvo-efecto-espejo-polvo-metalizado\/","name":"Pigmento de U\u00f1as\/ Polvo Efecto Espejo\/ Polvo Metalizado - Hanna Cosm\u00e9tica","isPartOf":{"@id":"https:\/\/hannacosmetica.com\/#website"},"datePublished":"2023-04-17T14:24:36+00:00","dateModified":"2024-09-18T16:10:12+00:00","breadcrumb":{"@id":"https:\/\/hannacosmetica.com\/tienda\/manicura\/decoracion\/pigmento-de-unas-polvo-efecto-espejo-polvo-metalizado\/#breadcrumb"},"inLanguage":"fr-FR","potentialAction":[{"@type":"ReadAction","target":["https:\/\/hannacosmetica.com\/tienda\/manicura\/decoracion\/pigmento-de-unas-polvo-efecto-espejo-polvo-metalizado\/"]}]},{"@type":"BreadcrumbList","@id":"https:\/\/hannacosmetica.com\/tienda\/manicura\/decoracion\/pigmento-de-unas-polvo-efecto-espejo-polvo-metalizado\/#breadcrumb","itemListElement":[{"@type":"ListItem","position":1,"name":"Portada","item":"https:\/\/hannacosmetica.com\/"},{"@type":"ListItem","position":2,"name":"Tienda","item":"https:\/\/hannacosmetica.com\/shop\/"},{"@type":"ListItem","position":3,"name":"Pigmento de U\u00f1as\/ Polvo Efecto Espejo\/ Polvo Metalizado"}]},{"@type":"WebSite","@id":"https:\/\/hannacosmetica.com\/#website","url":"https:\/\/hannacosmetica.com\/","name":"Hanna Cosm\u00e9tica","description":"Tienda de productos u\u00f1as, bellezas y peluquer\u00edas","publisher":{"@id":"https:\/\/hannacosmetica.com\/#organization"},"potentialAction":[{"@type":"SearchAction","target":{"@type":"EntryPoint","urlTemplate":"https:\/\/hannacosmetica.com\/?s={search_term_string}"},"query-input":"required name=search_term_string"}],"inLanguage":"fr-FR"},{"@type":"Organization","@id":"https:\/\/hannacosmetica.com\/#organization","name":"Hanna Cosm\u00e9tica","url":"https:\/\/hannacosmetica.com\/","logo":{"@type":"ImageObject","inLanguage":"fr-FR","@id":"https:\/\/hannacosmetica.com\/#\/schema\/logo\/image\/","url":"https:\/\/hannacosmetica.com\/wp-content\/uploads\/2022\/07\/Logo-Joyeria-Femenino-Floral-Negro.png","contentUrl":"https:\/\/hannacosmetica.com\/wp-content\/uploads\/2022\/07\/Logo-Joyeria-Femenino-Floral-Negro.png","width":361,"height":126,"caption":"Hanna Cosm\u00e9tica"},"image":{"@id":"https:\/\/hannacosmetica.com\/#\/schema\/logo\/image\/"}}]}},"_links":{"self":[{"href":"https:\/\/hannacosmetica.com\/fr\/wp-json\/wp\/v2\/product\/12852"}],"collection":[{"href":"https:\/\/hannacosmetica.com\/fr\/wp-json\/wp\/v2\/product"}],"about":[{"href":"https:\/\/hannacosmetica.com\/fr\/wp-json\/wp\/v2\/types\/product"}],"replies":[{"embeddable":true,"href":"https:\/\/hannacosmetica.com\/fr\/wp-json\/wp\/v2\/comments?post=12852"}],"version-history":[{"count":1,"href":"https:\/\/hannacosmetica.com\/fr\/wp-json\/wp\/v2\/product\/12852\/revisions"}],"predecessor-version":[{"id":12855,"href":"https:\/\/hannacosmetica.com\/fr\/wp-json\/wp\/v2\/product\/12852\/revisions\/12855"}],"wp:featuredmedia":[{"embeddable":true,"href":"https:\/\/hannacosmetica.com\/fr\/wp-json\/wp\/v2\/media\/12853"}],"wp:attachment":[{"href":"https:\/\/hannacosmetica.com\/fr\/wp-json\/wp\/v2\/media?parent=12852"}],"wp:term":[{"taxonomy":"product_cat","embeddable":true,"href":"https:\/\/hannacosmetica.com\/fr\/wp-json\/wp\/v2\/product_cat?post=12852"},{"taxonomy":"product_tag","embeddable":true,"href":"https:\/\/hannacosmetica.com\/fr\/wp-json\/wp\/v2\/product_tag?post=12852"}],"curies":[{"name":"wp","href":"https:\/\/api.w.org\/{rel}","templated":true}]}}