{"id":12843,"date":"2023-04-14T17:50:01","date_gmt":"2023-04-14T17:50:01","guid":{"rendered":"https:\/\/hannacosmetica.com\/?post_type=product&#038;p=12843"},"modified":"2023-10-24T14:29:00","modified_gmt":"2023-10-24T14:29:00","slug":"1-maleta-de-maquillaje-unas-peluqueria-profesional-maletin-para-cosmeticos-3-en-1-gran-capacidad-maletin-de-peluqueria-34-x-24-x-705-cm-con-cerradura-ruedas-360-para-viaje-manicura-3","status":"publish","type":"product","link":"https:\/\/hannacosmetica.com\/fr\/tienda\/manicura\/maletin\/1-maleta-de-maquillaje-unas-peluqueria-profesional-maletin-para-cosmeticos-3-en-1-gran-capacidad-maletin-de-peluqueria-34-x-24-x-705-cm-con-cerradura-ruedas-360-para-viaje-manicura-3\/","title":{"rendered":"1 Maleta de Maquillaje\/U\u00f1as\/Peluqueria Profesional, Malet\u00edn para Cosm\u00e9ticos 3 en 1, Gran Capacidad, Malet\u00edn de Peluquer\u00eda, 34 x 24 x 70,5 cm, con Cerradura, Ruedas 360\u00b0, para Viaje, Manicura 3"},"content":{"rendered":"<ul class=\"a-unordered-list a-vertical a-spacing-mini\">\n<li><span class=\"a-list-item\">[Zonas separadas] Este malet\u00edn de 3 niveles ofrece mucho espacio: los 2 niveles superiores almacenan las cosas peque\u00f1as, tales como barras de labios y sombras de ojos, y un gran compartimento en la parte inferior para el secador de pelo y la l\u00e1mpara UV<\/span><\/li>\n<li><span class=\"a-list-item\">[Calidad y durabilidad] Su superficie de pl\u00e1stico ABS repele el agua y es f\u00e1cil de limpiar. Reforzada con marco de aluminio y pl\u00e1stico en las esquinas inferiores, que es resistente. El mango telesc\u00f3pico est\u00e1 reforzado con cierre de gancho y bucle<\/span><\/li>\n<li><span class=\"a-list-item\">[Juntos o por separado] El malet\u00edn superior peque\u00f1o, la caja central y el compartimento inferior grande pueden utilizarse juntos o por separado seg\u00fan tus necesidades<\/span><\/li>\n<li><span class=\"a-list-item\">[Bloqueable y f\u00e1cil de transportar] Gracias a los cierres y a las 4 llaves, esta maleta de maquillaje protege tus productos de belleza. Las 4 ruedas son extra\u00edbles, f\u00e1ciles de instalar y giran 360\u00b0, puedes moverla a cualquier lugar<\/span><\/li>\n<li><span class=\"a-list-item\">[Buena idea de regalo] Si tus seres queridos son aficionados al maquillaje, profesionales de la belleza, peluqueros o estilistas de u\u00f1as, este estuche de maquillaje es un regalo ideal<\/span><\/li>\n<\/ul>\n","protected":false},"excerpt":{"rendered":"<p>[Zonas separadas] Este malet\u00edn de 3 niveles ofrece mucho espacio: los 2 niveles superiores almacenan las cosas peque\u00f1as, tales como barras de&hellip;<\/p>\n","protected":false},"featured_media":12844,"comment_status":"open","ping_status":"closed","template":"","meta":[],"product_cat":[304,154,294,82,83,84,85,86],"product_tag":[],"yoast_head":"<!-- This site is optimized with the Yoast SEO plugin v19.9 - https:\/\/yoast.com\/wordpress\/plugins\/seo\/ -->\n<title>1 Maleta de Maquillaje\/U\u00f1as\/Peluqueria Profesional, Malet\u00edn para Cosm\u00e9ticos 3 en 1, Gran Capacidad, Malet\u00edn de Peluquer\u00eda, 34 x 24 x 70,5 cm, con Cerradura, Ruedas 360\u00b0, para Viaje, Manicura 3 - Hanna Cosm\u00e9tica<\/title>\n<meta name=\"robots\" content=\"index, follow, max-snippet:-1, max-image-preview:large, max-video-preview:-1\" \/>\n<link rel=\"canonical\" href=\"https:\/\/hannacosmetica.com\/fr\/tienda\/manicura\/maletin\/1-maleta-de-maquillaje-unas-peluqueria-profesional-maletin-para-cosmeticos-3-en-1-gran-capacidad-maletin-de-peluqueria-34-x-24-x-705-cm-con-cerradura-ruedas-360-para-viaje-manicura-3\/\" \/>\n<meta property=\"og:locale\" content=\"fr_FR\" \/>\n<meta property=\"og:type\" content=\"article\" \/>\n<meta property=\"og:title\" content=\"1 Maleta de Maquillaje\/U\u00f1as\/Peluqueria Profesional, Malet\u00edn para Cosm\u00e9ticos 3 en 1, Gran Capacidad, Malet\u00edn de Peluquer\u00eda, 34 x 24 x 70,5 cm, con Cerradura, Ruedas 360\u00b0, para Viaje, Manicura 3 - Hanna Cosm\u00e9tica\" \/>\n<meta property=\"og:description\" content=\"[Zonas separadas] Este malet\u00edn de 3 niveles ofrece mucho espacio: los 2 niveles superiores almacenan las cosas peque\u00f1as, tales como barras de&hellip;\" \/>\n<meta property=\"og:url\" content=\"https:\/\/hannacosmetica.com\/fr\/tienda\/manicura\/maletin\/1-maleta-de-maquillaje-unas-peluqueria-profesional-maletin-para-cosmeticos-3-en-1-gran-capacidad-maletin-de-peluqueria-34-x-24-x-705-cm-con-cerradura-ruedas-360-para-viaje-manicura-3\/\" \/>\n<meta property=\"og:site_name\" content=\"Hanna Cosm\u00e9tica\" \/>\n<meta property=\"article:modified_time\" content=\"2023-10-24T14:29:00+00:00\" \/>\n<meta property=\"og:image\" content=\"https:\/\/hannacosmetica.com\/wp-content\/uploads\/2023\/04\/Black-Beige-Aesthetic-Minimalist-Signature-Initial-Logo-70.png\" \/>\n\t<meta property=\"og:image:width\" content=\"1563\" \/>\n\t<meta property=\"og:image:height\" content=\"1563\" \/>\n\t<meta property=\"og:image:type\" content=\"image\/png\" \/>\n<meta name=\"twitter:card\" content=\"summary_large_image\" \/>\n<script type=\"application\/ld+json\" class=\"yoast-schema-graph\">{\"@context\":\"https:\/\/schema.org\",\"@graph\":[{\"@type\":\"WebPage\",\"@id\":\"https:\/\/hannacosmetica.com\/tienda\/manicura\/maletin\/1-maleta-de-maquillaje-unas-peluqueria-profesional-maletin-para-cosmeticos-3-en-1-gran-capacidad-maletin-de-peluqueria-34-x-24-x-705-cm-con-cerradura-ruedas-360-para-viaje-manicura-3\/\",\"url\":\"https:\/\/hannacosmetica.com\/tienda\/manicura\/maletin\/1-maleta-de-maquillaje-unas-peluqueria-profesional-maletin-para-cosmeticos-3-en-1-gran-capacidad-maletin-de-peluqueria-34-x-24-x-705-cm-con-cerradura-ruedas-360-para-viaje-manicura-3\/\",\"name\":\"1 Maleta de Maquillaje\/U\u00f1as\/Peluqueria Profesional, Malet\u00edn para Cosm\u00e9ticos 3 en 1, Gran Capacidad, Malet\u00edn de Peluquer\u00eda, 34 x 24 x 70,5 cm, con Cerradura, Ruedas 360\u00b0, para Viaje, Manicura 3 - Hanna Cosm\u00e9tica\",\"isPartOf\":{\"@id\":\"https:\/\/hannacosmetica.com\/#website\"},\"datePublished\":\"2023-04-14T17:50:01+00:00\",\"dateModified\":\"2023-10-24T14:29:00+00:00\",\"breadcrumb\":{\"@id\":\"https:\/\/hannacosmetica.com\/tienda\/manicura\/maletin\/1-maleta-de-maquillaje-unas-peluqueria-profesional-maletin-para-cosmeticos-3-en-1-gran-capacidad-maletin-de-peluqueria-34-x-24-x-705-cm-con-cerradura-ruedas-360-para-viaje-manicura-3\/#breadcrumb\"},\"inLanguage\":\"fr-FR\",\"potentialAction\":[{\"@type\":\"ReadAction\",\"target\":[\"https:\/\/hannacosmetica.com\/tienda\/manicura\/maletin\/1-maleta-de-maquillaje-unas-peluqueria-profesional-maletin-para-cosmeticos-3-en-1-gran-capacidad-maletin-de-peluqueria-34-x-24-x-705-cm-con-cerradura-ruedas-360-para-viaje-manicura-3\/\"]}]},{\"@type\":\"BreadcrumbList\",\"@id\":\"https:\/\/hannacosmetica.com\/tienda\/manicura\/maletin\/1-maleta-de-maquillaje-unas-peluqueria-profesional-maletin-para-cosmeticos-3-en-1-gran-capacidad-maletin-de-peluqueria-34-x-24-x-705-cm-con-cerradura-ruedas-360-para-viaje-manicura-3\/#breadcrumb\",\"itemListElement\":[{\"@type\":\"ListItem\",\"position\":1,\"name\":\"Portada\",\"item\":\"https:\/\/hannacosmetica.com\/\"},{\"@type\":\"ListItem\",\"position\":2,\"name\":\"Tienda\",\"item\":\"https:\/\/hannacosmetica.com\/shop\/\"},{\"@type\":\"ListItem\",\"position\":3,\"name\":\"1 Maleta de Maquillaje\/U\u00f1as\/Peluqueria Profesional, Malet\u00edn para Cosm\u00e9ticos 3 en 1, Gran Capacidad, Malet\u00edn de Peluquer\u00eda, 34 x 24 x 70,5 cm, con Cerradura, Ruedas 360\u00b0, para Viaje, Manicura 3\"}]},{\"@type\":\"WebSite\",\"@id\":\"https:\/\/hannacosmetica.com\/#website\",\"url\":\"https:\/\/hannacosmetica.com\/\",\"name\":\"Hanna Cosm\u00e9tica\",\"description\":\"Tienda de productos u\u00f1as, bellezas y peluquer\u00edas\",\"publisher\":{\"@id\":\"https:\/\/hannacosmetica.com\/#organization\"},\"potentialAction\":[{\"@type\":\"SearchAction\",\"target\":{\"@type\":\"EntryPoint\",\"urlTemplate\":\"https:\/\/hannacosmetica.com\/?s={search_term_string}\"},\"query-input\":\"required name=search_term_string\"}],\"inLanguage\":\"fr-FR\"},{\"@type\":\"Organization\",\"@id\":\"https:\/\/hannacosmetica.com\/#organization\",\"name\":\"Hanna Cosm\u00e9tica\",\"url\":\"https:\/\/hannacosmetica.com\/\",\"logo\":{\"@type\":\"ImageObject\",\"inLanguage\":\"fr-FR\",\"@id\":\"https:\/\/hannacosmetica.com\/#\/schema\/logo\/image\/\",\"url\":\"https:\/\/hannacosmetica.com\/wp-content\/uploads\/2022\/07\/Logo-Joyeria-Femenino-Floral-Negro.png\",\"contentUrl\":\"https:\/\/hannacosmetica.com\/wp-content\/uploads\/2022\/07\/Logo-Joyeria-Femenino-Floral-Negro.png\",\"width\":361,\"height\":126,\"caption\":\"Hanna Cosm\u00e9tica\"},\"image\":{\"@id\":\"https:\/\/hannacosmetica.com\/#\/schema\/logo\/image\/\"}}]}<\/script>\n<!-- \/ Yoast SEO plugin. -->","yoast_head_json":{"title":"1 Maleta de Maquillaje\/U\u00f1as\/Peluqueria Profesional, Malet\u00edn para Cosm\u00e9ticos 3 en 1, Gran Capacidad, Malet\u00edn de Peluquer\u00eda, 34 x 24 x 70,5 cm, con Cerradura, Ruedas 360\u00b0, para Viaje, Manicura 3 - Hanna Cosm\u00e9tica","robots":{"index":"index","follow":"follow","max-snippet":"max-snippet:-1","max-image-preview":"max-image-preview:large","max-video-preview":"max-video-preview:-1"},"canonical":"https:\/\/hannacosmetica.com\/fr\/tienda\/manicura\/maletin\/1-maleta-de-maquillaje-unas-peluqueria-profesional-maletin-para-cosmeticos-3-en-1-gran-capacidad-maletin-de-peluqueria-34-x-24-x-705-cm-con-cerradura-ruedas-360-para-viaje-manicura-3\/","og_locale":"fr_FR","og_type":"article","og_title":"1 Maleta de Maquillaje\/U\u00f1as\/Peluqueria Profesional, Malet\u00edn para Cosm\u00e9ticos 3 en 1, Gran Capacidad, Malet\u00edn de Peluquer\u00eda, 34 x 24 x 70,5 cm, con Cerradura, Ruedas 360\u00b0, para Viaje, Manicura 3 - Hanna Cosm\u00e9tica","og_description":"[Zonas separadas] Este malet\u00edn de 3 niveles ofrece mucho espacio: los 2 niveles superiores almacenan las cosas peque\u00f1as, tales como barras de&hellip;","og_url":"https:\/\/hannacosmetica.com\/fr\/tienda\/manicura\/maletin\/1-maleta-de-maquillaje-unas-peluqueria-profesional-maletin-para-cosmeticos-3-en-1-gran-capacidad-maletin-de-peluqueria-34-x-24-x-705-cm-con-cerradura-ruedas-360-para-viaje-manicura-3\/","og_site_name":"Hanna Cosm\u00e9tica","article_modified_time":"2023-10-24T14:29:00+00:00","og_image":[{"width":1563,"height":1563,"url":"https:\/\/hannacosmetica.com\/wp-content\/uploads\/2023\/04\/Black-Beige-Aesthetic-Minimalist-Signature-Initial-Logo-70.png","type":"image\/png"}],"twitter_card":"summary_large_image","schema":{"@context":"https:\/\/schema.org","@graph":[{"@type":"WebPage","@id":"https:\/\/hannacosmetica.com\/tienda\/manicura\/maletin\/1-maleta-de-maquillaje-unas-peluqueria-profesional-maletin-para-cosmeticos-3-en-1-gran-capacidad-maletin-de-peluqueria-34-x-24-x-705-cm-con-cerradura-ruedas-360-para-viaje-manicura-3\/","url":"https:\/\/hannacosmetica.com\/tienda\/manicura\/maletin\/1-maleta-de-maquillaje-unas-peluqueria-profesional-maletin-para-cosmeticos-3-en-1-gran-capacidad-maletin-de-peluqueria-34-x-24-x-705-cm-con-cerradura-ruedas-360-para-viaje-manicura-3\/","name":"1 Maleta de Maquillaje\/U\u00f1as\/Peluqueria Profesional, Malet\u00edn para Cosm\u00e9ticos 3 en 1, Gran Capacidad, Malet\u00edn de Peluquer\u00eda, 34 x 24 x 70,5 cm, con Cerradura, Ruedas 360\u00b0, para Viaje, Manicura 3 - Hanna Cosm\u00e9tica","isPartOf":{"@id":"https:\/\/hannacosmetica.com\/#website"},"datePublished":"2023-04-14T17:50:01+00:00","dateModified":"2023-10-24T14:29:00+00:00","breadcrumb":{"@id":"https:\/\/hannacosmetica.com\/tienda\/manicura\/maletin\/1-maleta-de-maquillaje-unas-peluqueria-profesional-maletin-para-cosmeticos-3-en-1-gran-capacidad-maletin-de-peluqueria-34-x-24-x-705-cm-con-cerradura-ruedas-360-para-viaje-manicura-3\/#breadcrumb"},"inLanguage":"fr-FR","potentialAction":[{"@type":"ReadAction","target":["https:\/\/hannacosmetica.com\/tienda\/manicura\/maletin\/1-maleta-de-maquillaje-unas-peluqueria-profesional-maletin-para-cosmeticos-3-en-1-gran-capacidad-maletin-de-peluqueria-34-x-24-x-705-cm-con-cerradura-ruedas-360-para-viaje-manicura-3\/"]}]},{"@type":"BreadcrumbList","@id":"https:\/\/hannacosmetica.com\/tienda\/manicura\/maletin\/1-maleta-de-maquillaje-unas-peluqueria-profesional-maletin-para-cosmeticos-3-en-1-gran-capacidad-maletin-de-peluqueria-34-x-24-x-705-cm-con-cerradura-ruedas-360-para-viaje-manicura-3\/#breadcrumb","itemListElement":[{"@type":"ListItem","position":1,"name":"Portada","item":"https:\/\/hannacosmetica.com\/"},{"@type":"ListItem","position":2,"name":"Tienda","item":"https:\/\/hannacosmetica.com\/shop\/"},{"@type":"ListItem","position":3,"name":"1 Maleta de Maquillaje\/U\u00f1as\/Peluqueria Profesional, Malet\u00edn para Cosm\u00e9ticos 3 en 1, Gran Capacidad, Malet\u00edn de Peluquer\u00eda, 34 x 24 x 70,5 cm, con Cerradura, Ruedas 360\u00b0, para Viaje, Manicura 3"}]},{"@type":"WebSite","@id":"https:\/\/hannacosmetica.com\/#website","url":"https:\/\/hannacosmetica.com\/","name":"Hanna Cosm\u00e9tica","description":"Tienda de productos u\u00f1as, bellezas y peluquer\u00edas","publisher":{"@id":"https:\/\/hannacosmetica.com\/#organization"},"potentialAction":[{"@type":"SearchAction","target":{"@type":"EntryPoint","urlTemplate":"https:\/\/hannacosmetica.com\/?s={search_term_string}"},"query-input":"required name=search_term_string"}],"inLanguage":"fr-FR"},{"@type":"Organization","@id":"https:\/\/hannacosmetica.com\/#organization","name":"Hanna Cosm\u00e9tica","url":"https:\/\/hannacosmetica.com\/","logo":{"@type":"ImageObject","inLanguage":"fr-FR","@id":"https:\/\/hannacosmetica.com\/#\/schema\/logo\/image\/","url":"https:\/\/hannacosmetica.com\/wp-content\/uploads\/2022\/07\/Logo-Joyeria-Femenino-Floral-Negro.png","contentUrl":"https:\/\/hannacosmetica.com\/wp-content\/uploads\/2022\/07\/Logo-Joyeria-Femenino-Floral-Negro.png","width":361,"height":126,"caption":"Hanna Cosm\u00e9tica"},"image":{"@id":"https:\/\/hannacosmetica.com\/#\/schema\/logo\/image\/"}}]}},"_links":{"self":[{"href":"https:\/\/hannacosmetica.com\/fr\/wp-json\/wp\/v2\/product\/12843"}],"collection":[{"href":"https:\/\/hannacosmetica.com\/fr\/wp-json\/wp\/v2\/product"}],"about":[{"href":"https:\/\/hannacosmetica.com\/fr\/wp-json\/wp\/v2\/types\/product"}],"replies":[{"embeddable":true,"href":"https:\/\/hannacosmetica.com\/fr\/wp-json\/wp\/v2\/comments?post=12843"}],"version-history":[{"count":1,"href":"https:\/\/hannacosmetica.com\/fr\/wp-json\/wp\/v2\/product\/12843\/revisions"}],"predecessor-version":[{"id":12847,"href":"https:\/\/hannacosmetica.com\/fr\/wp-json\/wp\/v2\/product\/12843\/revisions\/12847"}],"wp:featuredmedia":[{"embeddable":true,"href":"https:\/\/hannacosmetica.com\/fr\/wp-json\/wp\/v2\/media\/12844"}],"wp:attachment":[{"href":"https:\/\/hannacosmetica.com\/fr\/wp-json\/wp\/v2\/media?parent=12843"}],"wp:term":[{"taxonomy":"product_cat","embeddable":true,"href":"https:\/\/hannacosmetica.com\/fr\/wp-json\/wp\/v2\/product_cat?post=12843"},{"taxonomy":"product_tag","embeddable":true,"href":"https:\/\/hannacosmetica.com\/fr\/wp-json\/wp\/v2\/product_tag?post=12843"}],"curies":[{"name":"wp","href":"https:\/\/api.w.org\/{rel}","templated":true}]}}