{"id":12788,"date":"2023-04-14T14:27:15","date_gmt":"2023-04-14T14:27:15","guid":{"rendered":"https:\/\/hannacosmetica.com\/?post_type=product&#038;p=12788"},"modified":"2023-04-14T14:56:30","modified_gmt":"2023-04-14T14:56:30","slug":"pack-10-pulidores-para-unas-100-100-pulidor-de-unas-hanna-10u-buffer","status":"publish","type":"product","link":"https:\/\/hannacosmetica.com\/fr\/tienda\/manicura\/limas-y-pulidoras\/pack-10-pulidores-para-unas-100-100-pulidor-de-unas-hanna-10u-buffer\/","title":{"rendered":"10 Unidad Pulidores para U\u00f1as 100\/100 \/ Pulidor de U\u00f1as Hanna 10u\/ Buffer"},"content":{"rendered":"<ul>\n<li>Cantidad: 10 Unidades<\/li>\n<li>Marca: HANNA<\/li>\n<li><span class=\"a-list-item\">Material: est Pulidor\u00a0 de u\u00f1as utiliza papel de lija y esponja material, que es resistente al desgaste y se puede utilizar durante mucho tiempo<\/span><\/li>\n<li><span class=\"a-list-item\">Doble cara: el pulidor de esponja est\u00e1 dise\u00f1ado con caras, de modo que ambos lados se pueden usar para moler las u\u00f1as y puede usarlo de manera m\u00e1s conveniente<\/span><\/li>\n<\/ul>\n<ul class=\"a-unordered-list a-vertical a-spacing-mini\">\n<li>Gramaje : 100\/100<\/li>\n<li>forma: Media Luna<\/li>\n<\/ul>","protected":false},"excerpt":{"rendered":"<p>Cantidad: 10 Unidades Marca: HANNA Material: est Pulidor\u00a0 de u\u00f1as utiliza papel de lija y esponja material, que es resistente al desgaste&hellip;<\/p>","protected":false},"featured_media":12790,"comment_status":"open","ping_status":"closed","template":"","meta":[],"product_cat":[304,82,99,87],"product_tag":[],"yoast_head":"<!-- This site is optimized with the Yoast SEO plugin v19.9 - https:\/\/yoast.com\/wordpress\/plugins\/seo\/ -->\n<title>10 Unidad Pulidores para U\u00f1as 100\/100 \/ Pulidor de U\u00f1as Hanna 10u\/ Buffer - Hanna Cosm\u00e9tica<\/title>\n<meta name=\"robots\" content=\"index, follow, max-snippet:-1, max-image-preview:large, max-video-preview:-1\" \/>\n<link rel=\"canonical\" href=\"https:\/\/hannacosmetica.com\/fr\/tienda\/manicura\/limas-y-pulidoras\/pack-10-pulidores-para-unas-100-100-pulidor-de-unas-hanna-10u-buffer\/\" \/>\n<meta property=\"og:locale\" content=\"fr_FR\" \/>\n<meta property=\"og:type\" content=\"article\" \/>\n<meta property=\"og:title\" content=\"10 Unidad Pulidores para U\u00f1as 100\/100 \/ Pulidor de U\u00f1as Hanna 10u\/ Buffer - Hanna Cosm\u00e9tica\" \/>\n<meta property=\"og:description\" content=\"Cantidad: 10 Unidades Marca: HANNA Material: est Pulidor\u00a0 de u\u00f1as utiliza papel de lija y esponja material, que es resistente al desgaste&hellip;\" \/>\n<meta property=\"og:url\" content=\"https:\/\/hannacosmetica.com\/fr\/tienda\/manicura\/limas-y-pulidoras\/pack-10-pulidores-para-unas-100-100-pulidor-de-unas-hanna-10u-buffer\/\" \/>\n<meta property=\"og:site_name\" content=\"Hanna Cosm\u00e9tica\" \/>\n<meta property=\"article:modified_time\" content=\"2023-04-14T14:56:30+00:00\" \/>\n<meta property=\"og:image\" content=\"https:\/\/hannacosmetica.com\/wp-content\/uploads\/2023\/04\/100180-6.png\" \/>\n\t<meta property=\"og:image:width\" content=\"1125\" \/>\n\t<meta property=\"og:image:height\" content=\"1125\" \/>\n\t<meta property=\"og:image:type\" content=\"image\/png\" \/>\n<meta name=\"twitter:card\" content=\"summary_large_image\" \/>\n<script type=\"application\/ld+json\" class=\"yoast-schema-graph\">{\"@context\":\"https:\/\/schema.org\",\"@graph\":[{\"@type\":\"WebPage\",\"@id\":\"https:\/\/hannacosmetica.com\/tienda\/manicura\/limas-y-pulidoras\/pack-10-pulidores-para-unas-100-100-pulidor-de-unas-hanna-10u-buffer\/\",\"url\":\"https:\/\/hannacosmetica.com\/tienda\/manicura\/limas-y-pulidoras\/pack-10-pulidores-para-unas-100-100-pulidor-de-unas-hanna-10u-buffer\/\",\"name\":\"10 Unidad Pulidores para U\u00f1as 100\/100 \/ Pulidor de U\u00f1as Hanna 10u\/ Buffer - Hanna Cosm\u00e9tica\",\"isPartOf\":{\"@id\":\"https:\/\/hannacosmetica.com\/#website\"},\"datePublished\":\"2023-04-14T14:27:15+00:00\",\"dateModified\":\"2023-04-14T14:56:30+00:00\",\"breadcrumb\":{\"@id\":\"https:\/\/hannacosmetica.com\/tienda\/manicura\/limas-y-pulidoras\/pack-10-pulidores-para-unas-100-100-pulidor-de-unas-hanna-10u-buffer\/#breadcrumb\"},\"inLanguage\":\"fr-FR\",\"potentialAction\":[{\"@type\":\"ReadAction\",\"target\":[\"https:\/\/hannacosmetica.com\/tienda\/manicura\/limas-y-pulidoras\/pack-10-pulidores-para-unas-100-100-pulidor-de-unas-hanna-10u-buffer\/\"]}]},{\"@type\":\"BreadcrumbList\",\"@id\":\"https:\/\/hannacosmetica.com\/tienda\/manicura\/limas-y-pulidoras\/pack-10-pulidores-para-unas-100-100-pulidor-de-unas-hanna-10u-buffer\/#breadcrumb\",\"itemListElement\":[{\"@type\":\"ListItem\",\"position\":1,\"name\":\"Portada\",\"item\":\"https:\/\/hannacosmetica.com\/\"},{\"@type\":\"ListItem\",\"position\":2,\"name\":\"Tienda\",\"item\":\"https:\/\/hannacosmetica.com\/shop\/\"},{\"@type\":\"ListItem\",\"position\":3,\"name\":\"10 Unidad Pulidores para U\u00f1as 100\/100 \/ Pulidor de U\u00f1as Hanna 10u\/ Buffer\"}]},{\"@type\":\"WebSite\",\"@id\":\"https:\/\/hannacosmetica.com\/#website\",\"url\":\"https:\/\/hannacosmetica.com\/\",\"name\":\"Hanna Cosm\u00e9tica\",\"description\":\"Tienda de productos u\u00f1as, bellezas y peluquer\u00edas\",\"publisher\":{\"@id\":\"https:\/\/hannacosmetica.com\/#organization\"},\"potentialAction\":[{\"@type\":\"SearchAction\",\"target\":{\"@type\":\"EntryPoint\",\"urlTemplate\":\"https:\/\/hannacosmetica.com\/?s={search_term_string}\"},\"query-input\":\"required name=search_term_string\"}],\"inLanguage\":\"fr-FR\"},{\"@type\":\"Organization\",\"@id\":\"https:\/\/hannacosmetica.com\/#organization\",\"name\":\"Hanna Cosm\u00e9tica\",\"url\":\"https:\/\/hannacosmetica.com\/\",\"logo\":{\"@type\":\"ImageObject\",\"inLanguage\":\"fr-FR\",\"@id\":\"https:\/\/hannacosmetica.com\/#\/schema\/logo\/image\/\",\"url\":\"https:\/\/hannacosmetica.com\/wp-content\/uploads\/2022\/07\/Logo-Joyeria-Femenino-Floral-Negro.png\",\"contentUrl\":\"https:\/\/hannacosmetica.com\/wp-content\/uploads\/2022\/07\/Logo-Joyeria-Femenino-Floral-Negro.png\",\"width\":361,\"height\":126,\"caption\":\"Hanna Cosm\u00e9tica\"},\"image\":{\"@id\":\"https:\/\/hannacosmetica.com\/#\/schema\/logo\/image\/\"}}]}<\/script>\n<!-- \/ Yoast SEO plugin. -->","yoast_head_json":{"title":"10 Unidad Pulidores para U\u00f1as 100\/100 \/ Pulidor de U\u00f1as Hanna 10u\/ Buffer - Hanna Cosm\u00e9tica","robots":{"index":"index","follow":"follow","max-snippet":"max-snippet:-1","max-image-preview":"max-image-preview:large","max-video-preview":"max-video-preview:-1"},"canonical":"https:\/\/hannacosmetica.com\/fr\/tienda\/manicura\/limas-y-pulidoras\/pack-10-pulidores-para-unas-100-100-pulidor-de-unas-hanna-10u-buffer\/","og_locale":"fr_FR","og_type":"article","og_title":"10 Unidad Pulidores para U\u00f1as 100\/100 \/ Pulidor de U\u00f1as Hanna 10u\/ Buffer - Hanna Cosm\u00e9tica","og_description":"Cantidad: 10 Unidades Marca: HANNA Material: est Pulidor\u00a0 de u\u00f1as utiliza papel de lija y esponja material, que es resistente al desgaste&hellip;","og_url":"https:\/\/hannacosmetica.com\/fr\/tienda\/manicura\/limas-y-pulidoras\/pack-10-pulidores-para-unas-100-100-pulidor-de-unas-hanna-10u-buffer\/","og_site_name":"Hanna Cosm\u00e9tica","article_modified_time":"2023-04-14T14:56:30+00:00","og_image":[{"width":1125,"height":1125,"url":"https:\/\/hannacosmetica.com\/wp-content\/uploads\/2023\/04\/100180-6.png","type":"image\/png"}],"twitter_card":"summary_large_image","schema":{"@context":"https:\/\/schema.org","@graph":[{"@type":"WebPage","@id":"https:\/\/hannacosmetica.com\/tienda\/manicura\/limas-y-pulidoras\/pack-10-pulidores-para-unas-100-100-pulidor-de-unas-hanna-10u-buffer\/","url":"https:\/\/hannacosmetica.com\/tienda\/manicura\/limas-y-pulidoras\/pack-10-pulidores-para-unas-100-100-pulidor-de-unas-hanna-10u-buffer\/","name":"10 Unidad Pulidores para U\u00f1as 100\/100 \/ Pulidor de U\u00f1as Hanna 10u\/ Buffer - Hanna Cosm\u00e9tica","isPartOf":{"@id":"https:\/\/hannacosmetica.com\/#website"},"datePublished":"2023-04-14T14:27:15+00:00","dateModified":"2023-04-14T14:56:30+00:00","breadcrumb":{"@id":"https:\/\/hannacosmetica.com\/tienda\/manicura\/limas-y-pulidoras\/pack-10-pulidores-para-unas-100-100-pulidor-de-unas-hanna-10u-buffer\/#breadcrumb"},"inLanguage":"fr-FR","potentialAction":[{"@type":"ReadAction","target":["https:\/\/hannacosmetica.com\/tienda\/manicura\/limas-y-pulidoras\/pack-10-pulidores-para-unas-100-100-pulidor-de-unas-hanna-10u-buffer\/"]}]},{"@type":"BreadcrumbList","@id":"https:\/\/hannacosmetica.com\/tienda\/manicura\/limas-y-pulidoras\/pack-10-pulidores-para-unas-100-100-pulidor-de-unas-hanna-10u-buffer\/#breadcrumb","itemListElement":[{"@type":"ListItem","position":1,"name":"Portada","item":"https:\/\/hannacosmetica.com\/"},{"@type":"ListItem","position":2,"name":"Tienda","item":"https:\/\/hannacosmetica.com\/shop\/"},{"@type":"ListItem","position":3,"name":"10 Unidad Pulidores para U\u00f1as 100\/100 \/ Pulidor de U\u00f1as Hanna 10u\/ Buffer"}]},{"@type":"WebSite","@id":"https:\/\/hannacosmetica.com\/#website","url":"https:\/\/hannacosmetica.com\/","name":"Hanna Cosm\u00e9tica","description":"Tienda de productos u\u00f1as, bellezas y peluquer\u00edas","publisher":{"@id":"https:\/\/hannacosmetica.com\/#organization"},"potentialAction":[{"@type":"SearchAction","target":{"@type":"EntryPoint","urlTemplate":"https:\/\/hannacosmetica.com\/?s={search_term_string}"},"query-input":"required name=search_term_string"}],"inLanguage":"fr-FR"},{"@type":"Organization","@id":"https:\/\/hannacosmetica.com\/#organization","name":"Hanna Cosm\u00e9tica","url":"https:\/\/hannacosmetica.com\/","logo":{"@type":"ImageObject","inLanguage":"fr-FR","@id":"https:\/\/hannacosmetica.com\/#\/schema\/logo\/image\/","url":"https:\/\/hannacosmetica.com\/wp-content\/uploads\/2022\/07\/Logo-Joyeria-Femenino-Floral-Negro.png","contentUrl":"https:\/\/hannacosmetica.com\/wp-content\/uploads\/2022\/07\/Logo-Joyeria-Femenino-Floral-Negro.png","width":361,"height":126,"caption":"Hanna Cosm\u00e9tica"},"image":{"@id":"https:\/\/hannacosmetica.com\/#\/schema\/logo\/image\/"}}]}},"_links":{"self":[{"href":"https:\/\/hannacosmetica.com\/fr\/wp-json\/wp\/v2\/product\/12788"}],"collection":[{"href":"https:\/\/hannacosmetica.com\/fr\/wp-json\/wp\/v2\/product"}],"about":[{"href":"https:\/\/hannacosmetica.com\/fr\/wp-json\/wp\/v2\/types\/product"}],"replies":[{"embeddable":true,"href":"https:\/\/hannacosmetica.com\/fr\/wp-json\/wp\/v2\/comments?post=12788"}],"version-history":[{"count":2,"href":"https:\/\/hannacosmetica.com\/fr\/wp-json\/wp\/v2\/product\/12788\/revisions"}],"predecessor-version":[{"id":12801,"href":"https:\/\/hannacosmetica.com\/fr\/wp-json\/wp\/v2\/product\/12788\/revisions\/12801"}],"wp:featuredmedia":[{"embeddable":true,"href":"https:\/\/hannacosmetica.com\/fr\/wp-json\/wp\/v2\/media\/12790"}],"wp:attachment":[{"href":"https:\/\/hannacosmetica.com\/fr\/wp-json\/wp\/v2\/media?parent=12788"}],"wp:term":[{"taxonomy":"product_cat","embeddable":true,"href":"https:\/\/hannacosmetica.com\/fr\/wp-json\/wp\/v2\/product_cat?post=12788"},{"taxonomy":"product_tag","embeddable":true,"href":"https:\/\/hannacosmetica.com\/fr\/wp-json\/wp\/v2\/product_tag?post=12788"}],"curies":[{"name":"wp","href":"https:\/\/api.w.org\/{rel}","templated":true}]}}