{"id":12739,"date":"2023-04-14T13:16:22","date_gmt":"2023-04-14T13:16:22","guid":{"rendered":"https:\/\/hannacosmetica.com\/?post_type=product&#038;p=12739"},"modified":"2023-10-24T15:08:57","modified_gmt":"2023-10-24T15:08:57","slug":"1-plato-de-porcelana-dappen-con-tapa-de-madera-suave-nail-art-acrilico-liquido-polvo-dappen-plato-nail-art-herramientas-de-porcelana-taza-de-porcelana-dappen-contenedor-botella-titular-de-unas","status":"publish","type":"product","link":"https:\/\/hannacosmetica.com\/fr\/tienda\/manicura\/complementos\/1-plato-de-porcelana-dappen-con-tapa-de-madera-suave-nail-art-acrilico-liquido-polvo-dappen-plato-nail-art-herramientas-de-porcelana-taza-de-porcelana-dappen-contenedor-botella-titular-de-unas\/","title":{"rendered":"1 Plato de Porcelana Dappen con Tapa de Madera Suave Nail Art Acr\u00edlico L\u00edquido Polvo Dappen Plato Nail Art Herramientas de porcelana taza de porcelana Dappen contenedor botella titular de u\u00f1as"},"content":{"rendered":"<ul class=\"a-unordered-list a-vertical a-spacing-mini\">\n<li><span class=\"a-list-item\">Material: porcelana y madera. Tama\u00f1o: di\u00e1metro interior de la boca de la taza: 28 mm. Paquete: 1 plato de porcelana para u\u00f1as acr\u00edlicas.<\/span><\/li>\n<li><span class=\"a-list-item\">Viene con tapa de madera suave, antievaporaci\u00f3n, puede preservar mejor el producto, ahorrando dinero y tiempo.<\/span><\/li>\n<li><span class=\"a-list-item\">El dise\u00f1o de botella de boca ancha permite un f\u00e1cil llenado, f\u00e1cil de usar y limpiar. Aspecto exquisito, tambi\u00e9n es una hermosa decoraci\u00f3n.<\/span><\/li>\n<li><span class=\"a-list-item\">Adecuado para sal\u00f3n profesional, tienda de u\u00f1as y uso personal de bricolaje. Un recipiente de almacenamiento \u00fatil y pr\u00e1ctico, vale la pena valor.<\/span><\/li>\n<li><span class=\"a-list-item\">Perfecto para mezclar l\u00edquido acr\u00edlico de u\u00f1as, polvo y otros l\u00edquidos, removedor de maquillaje de u\u00f1as, etc. Tambi\u00e9n puedes almacenar colecciones de muestras, manualidades, accesorios de joyer\u00eda, etc.<\/span><\/li>\n<\/ul>","protected":false},"excerpt":{"rendered":"<p>Material: porcelana y madera. Tama\u00f1o: di\u00e1metro interior de la boca de la taza: 28 mm. Paquete: 1 plato de porcelana para u\u00f1as&hellip;<\/p>","protected":false},"featured_media":12740,"comment_status":"open","ping_status":"closed","template":"","meta":[],"product_cat":[132,145,82,101],"product_tag":[],"yoast_head":"<!-- This site is optimized with the Yoast SEO plugin v19.9 - https:\/\/yoast.com\/wordpress\/plugins\/seo\/ -->\n<title>1 Plato de Porcelana Dappen con Tapa de Madera Suave Nail Art Acr\u00edlico L\u00edquido Polvo Dappen Plato Nail Art Herramientas de porcelana taza de porcelana Dappen contenedor botella titular de u\u00f1as - Hanna Cosm\u00e9tica<\/title>\n<meta name=\"robots\" content=\"index, follow, max-snippet:-1, max-image-preview:large, max-video-preview:-1\" \/>\n<link rel=\"canonical\" href=\"https:\/\/hannacosmetica.com\/fr\/tienda\/manicura\/complementos\/1-plato-de-porcelana-dappen-con-tapa-de-madera-suave-nail-art-acrilico-liquido-polvo-dappen-plato-nail-art-herramientas-de-porcelana-taza-de-porcelana-dappen-contenedor-botella-titular-de-unas\/\" \/>\n<meta property=\"og:locale\" content=\"fr_FR\" \/>\n<meta property=\"og:type\" content=\"article\" \/>\n<meta property=\"og:title\" content=\"1 Plato de Porcelana Dappen con Tapa de Madera Suave Nail Art Acr\u00edlico L\u00edquido Polvo Dappen Plato Nail Art Herramientas de porcelana taza de porcelana Dappen contenedor botella titular de u\u00f1as - Hanna Cosm\u00e9tica\" \/>\n<meta property=\"og:description\" content=\"Material: porcelana y madera. Tama\u00f1o: di\u00e1metro interior de la boca de la taza: 28 mm. Paquete: 1 plato de porcelana para u\u00f1as&hellip;\" \/>\n<meta property=\"og:url\" content=\"https:\/\/hannacosmetica.com\/fr\/tienda\/manicura\/complementos\/1-plato-de-porcelana-dappen-con-tapa-de-madera-suave-nail-art-acrilico-liquido-polvo-dappen-plato-nail-art-herramientas-de-porcelana-taza-de-porcelana-dappen-contenedor-botella-titular-de-unas\/\" \/>\n<meta property=\"og:site_name\" content=\"Hanna Cosm\u00e9tica\" \/>\n<meta property=\"article:modified_time\" content=\"2023-10-24T15:08:57+00:00\" \/>\n<meta property=\"og:image\" content=\"https:\/\/hannacosmetica.com\/wp-content\/uploads\/2023\/04\/Black-Beige-Aesthetic-Minimalist-Signature-Initial-Logo-44.png\" \/>\n\t<meta property=\"og:image:width\" content=\"1563\" \/>\n\t<meta property=\"og:image:height\" content=\"1563\" \/>\n\t<meta property=\"og:image:type\" content=\"image\/png\" \/>\n<meta name=\"twitter:card\" content=\"summary_large_image\" \/>\n<script type=\"application\/ld+json\" class=\"yoast-schema-graph\">{\"@context\":\"https:\/\/schema.org\",\"@graph\":[{\"@type\":\"WebPage\",\"@id\":\"https:\/\/hannacosmetica.com\/tienda\/manicura\/complementos\/1-plato-de-porcelana-dappen-con-tapa-de-madera-suave-nail-art-acrilico-liquido-polvo-dappen-plato-nail-art-herramientas-de-porcelana-taza-de-porcelana-dappen-contenedor-botella-titular-de-unas\/\",\"url\":\"https:\/\/hannacosmetica.com\/tienda\/manicura\/complementos\/1-plato-de-porcelana-dappen-con-tapa-de-madera-suave-nail-art-acrilico-liquido-polvo-dappen-plato-nail-art-herramientas-de-porcelana-taza-de-porcelana-dappen-contenedor-botella-titular-de-unas\/\",\"name\":\"1 Plato de Porcelana Dappen con Tapa de Madera Suave Nail Art Acr\u00edlico L\u00edquido Polvo Dappen Plato Nail Art Herramientas de porcelana taza de porcelana Dappen contenedor botella titular de u\u00f1as - Hanna Cosm\u00e9tica\",\"isPartOf\":{\"@id\":\"https:\/\/hannacosmetica.com\/#website\"},\"datePublished\":\"2023-04-14T13:16:22+00:00\",\"dateModified\":\"2023-10-24T15:08:57+00:00\",\"breadcrumb\":{\"@id\":\"https:\/\/hannacosmetica.com\/tienda\/manicura\/complementos\/1-plato-de-porcelana-dappen-con-tapa-de-madera-suave-nail-art-acrilico-liquido-polvo-dappen-plato-nail-art-herramientas-de-porcelana-taza-de-porcelana-dappen-contenedor-botella-titular-de-unas\/#breadcrumb\"},\"inLanguage\":\"fr-FR\",\"potentialAction\":[{\"@type\":\"ReadAction\",\"target\":[\"https:\/\/hannacosmetica.com\/tienda\/manicura\/complementos\/1-plato-de-porcelana-dappen-con-tapa-de-madera-suave-nail-art-acrilico-liquido-polvo-dappen-plato-nail-art-herramientas-de-porcelana-taza-de-porcelana-dappen-contenedor-botella-titular-de-unas\/\"]}]},{\"@type\":\"BreadcrumbList\",\"@id\":\"https:\/\/hannacosmetica.com\/tienda\/manicura\/complementos\/1-plato-de-porcelana-dappen-con-tapa-de-madera-suave-nail-art-acrilico-liquido-polvo-dappen-plato-nail-art-herramientas-de-porcelana-taza-de-porcelana-dappen-contenedor-botella-titular-de-unas\/#breadcrumb\",\"itemListElement\":[{\"@type\":\"ListItem\",\"position\":1,\"name\":\"Portada\",\"item\":\"https:\/\/hannacosmetica.com\/\"},{\"@type\":\"ListItem\",\"position\":2,\"name\":\"Tienda\",\"item\":\"https:\/\/hannacosmetica.com\/shop\/\"},{\"@type\":\"ListItem\",\"position\":3,\"name\":\"1 Plato de Porcelana Dappen con Tapa de Madera Suave Nail Art Acr\u00edlico L\u00edquido Polvo Dappen Plato Nail Art Herramientas de porcelana taza de porcelana Dappen contenedor botella titular de u\u00f1as\"}]},{\"@type\":\"WebSite\",\"@id\":\"https:\/\/hannacosmetica.com\/#website\",\"url\":\"https:\/\/hannacosmetica.com\/\",\"name\":\"Hanna Cosm\u00e9tica\",\"description\":\"Tienda de productos u\u00f1as, bellezas y peluquer\u00edas\",\"publisher\":{\"@id\":\"https:\/\/hannacosmetica.com\/#organization\"},\"potentialAction\":[{\"@type\":\"SearchAction\",\"target\":{\"@type\":\"EntryPoint\",\"urlTemplate\":\"https:\/\/hannacosmetica.com\/?s={search_term_string}\"},\"query-input\":\"required name=search_term_string\"}],\"inLanguage\":\"fr-FR\"},{\"@type\":\"Organization\",\"@id\":\"https:\/\/hannacosmetica.com\/#organization\",\"name\":\"Hanna Cosm\u00e9tica\",\"url\":\"https:\/\/hannacosmetica.com\/\",\"logo\":{\"@type\":\"ImageObject\",\"inLanguage\":\"fr-FR\",\"@id\":\"https:\/\/hannacosmetica.com\/#\/schema\/logo\/image\/\",\"url\":\"https:\/\/hannacosmetica.com\/wp-content\/uploads\/2022\/07\/Logo-Joyeria-Femenino-Floral-Negro.png\",\"contentUrl\":\"https:\/\/hannacosmetica.com\/wp-content\/uploads\/2022\/07\/Logo-Joyeria-Femenino-Floral-Negro.png\",\"width\":361,\"height\":126,\"caption\":\"Hanna Cosm\u00e9tica\"},\"image\":{\"@id\":\"https:\/\/hannacosmetica.com\/#\/schema\/logo\/image\/\"}}]}<\/script>\n<!-- \/ Yoast SEO plugin. -->","yoast_head_json":{"title":"1 Plato de Porcelana Dappen con Tapa de Madera Suave Nail Art Acr\u00edlico L\u00edquido Polvo Dappen Plato Nail Art Herramientas de porcelana taza de porcelana Dappen contenedor botella titular de u\u00f1as - Hanna Cosm\u00e9tica","robots":{"index":"index","follow":"follow","max-snippet":"max-snippet:-1","max-image-preview":"max-image-preview:large","max-video-preview":"max-video-preview:-1"},"canonical":"https:\/\/hannacosmetica.com\/fr\/tienda\/manicura\/complementos\/1-plato-de-porcelana-dappen-con-tapa-de-madera-suave-nail-art-acrilico-liquido-polvo-dappen-plato-nail-art-herramientas-de-porcelana-taza-de-porcelana-dappen-contenedor-botella-titular-de-unas\/","og_locale":"fr_FR","og_type":"article","og_title":"1 Plato de Porcelana Dappen con Tapa de Madera Suave Nail Art Acr\u00edlico L\u00edquido Polvo Dappen Plato Nail Art Herramientas de porcelana taza de porcelana Dappen contenedor botella titular de u\u00f1as - Hanna Cosm\u00e9tica","og_description":"Material: porcelana y madera. Tama\u00f1o: di\u00e1metro interior de la boca de la taza: 28 mm. Paquete: 1 plato de porcelana para u\u00f1as&hellip;","og_url":"https:\/\/hannacosmetica.com\/fr\/tienda\/manicura\/complementos\/1-plato-de-porcelana-dappen-con-tapa-de-madera-suave-nail-art-acrilico-liquido-polvo-dappen-plato-nail-art-herramientas-de-porcelana-taza-de-porcelana-dappen-contenedor-botella-titular-de-unas\/","og_site_name":"Hanna Cosm\u00e9tica","article_modified_time":"2023-10-24T15:08:57+00:00","og_image":[{"width":1563,"height":1563,"url":"https:\/\/hannacosmetica.com\/wp-content\/uploads\/2023\/04\/Black-Beige-Aesthetic-Minimalist-Signature-Initial-Logo-44.png","type":"image\/png"}],"twitter_card":"summary_large_image","schema":{"@context":"https:\/\/schema.org","@graph":[{"@type":"WebPage","@id":"https:\/\/hannacosmetica.com\/tienda\/manicura\/complementos\/1-plato-de-porcelana-dappen-con-tapa-de-madera-suave-nail-art-acrilico-liquido-polvo-dappen-plato-nail-art-herramientas-de-porcelana-taza-de-porcelana-dappen-contenedor-botella-titular-de-unas\/","url":"https:\/\/hannacosmetica.com\/tienda\/manicura\/complementos\/1-plato-de-porcelana-dappen-con-tapa-de-madera-suave-nail-art-acrilico-liquido-polvo-dappen-plato-nail-art-herramientas-de-porcelana-taza-de-porcelana-dappen-contenedor-botella-titular-de-unas\/","name":"1 Plato de Porcelana Dappen con Tapa de Madera Suave Nail Art Acr\u00edlico L\u00edquido Polvo Dappen Plato Nail Art Herramientas de porcelana taza de porcelana Dappen contenedor botella titular de u\u00f1as - Hanna Cosm\u00e9tica","isPartOf":{"@id":"https:\/\/hannacosmetica.com\/#website"},"datePublished":"2023-04-14T13:16:22+00:00","dateModified":"2023-10-24T15:08:57+00:00","breadcrumb":{"@id":"https:\/\/hannacosmetica.com\/tienda\/manicura\/complementos\/1-plato-de-porcelana-dappen-con-tapa-de-madera-suave-nail-art-acrilico-liquido-polvo-dappen-plato-nail-art-herramientas-de-porcelana-taza-de-porcelana-dappen-contenedor-botella-titular-de-unas\/#breadcrumb"},"inLanguage":"fr-FR","potentialAction":[{"@type":"ReadAction","target":["https:\/\/hannacosmetica.com\/tienda\/manicura\/complementos\/1-plato-de-porcelana-dappen-con-tapa-de-madera-suave-nail-art-acrilico-liquido-polvo-dappen-plato-nail-art-herramientas-de-porcelana-taza-de-porcelana-dappen-contenedor-botella-titular-de-unas\/"]}]},{"@type":"BreadcrumbList","@id":"https:\/\/hannacosmetica.com\/tienda\/manicura\/complementos\/1-plato-de-porcelana-dappen-con-tapa-de-madera-suave-nail-art-acrilico-liquido-polvo-dappen-plato-nail-art-herramientas-de-porcelana-taza-de-porcelana-dappen-contenedor-botella-titular-de-unas\/#breadcrumb","itemListElement":[{"@type":"ListItem","position":1,"name":"Portada","item":"https:\/\/hannacosmetica.com\/"},{"@type":"ListItem","position":2,"name":"Tienda","item":"https:\/\/hannacosmetica.com\/shop\/"},{"@type":"ListItem","position":3,"name":"1 Plato de Porcelana Dappen con Tapa de Madera Suave Nail Art Acr\u00edlico L\u00edquido Polvo Dappen Plato Nail Art Herramientas de porcelana taza de porcelana Dappen contenedor botella titular de u\u00f1as"}]},{"@type":"WebSite","@id":"https:\/\/hannacosmetica.com\/#website","url":"https:\/\/hannacosmetica.com\/","name":"Hanna Cosm\u00e9tica","description":"Tienda de productos u\u00f1as, bellezas y peluquer\u00edas","publisher":{"@id":"https:\/\/hannacosmetica.com\/#organization"},"potentialAction":[{"@type":"SearchAction","target":{"@type":"EntryPoint","urlTemplate":"https:\/\/hannacosmetica.com\/?s={search_term_string}"},"query-input":"required name=search_term_string"}],"inLanguage":"fr-FR"},{"@type":"Organization","@id":"https:\/\/hannacosmetica.com\/#organization","name":"Hanna Cosm\u00e9tica","url":"https:\/\/hannacosmetica.com\/","logo":{"@type":"ImageObject","inLanguage":"fr-FR","@id":"https:\/\/hannacosmetica.com\/#\/schema\/logo\/image\/","url":"https:\/\/hannacosmetica.com\/wp-content\/uploads\/2022\/07\/Logo-Joyeria-Femenino-Floral-Negro.png","contentUrl":"https:\/\/hannacosmetica.com\/wp-content\/uploads\/2022\/07\/Logo-Joyeria-Femenino-Floral-Negro.png","width":361,"height":126,"caption":"Hanna Cosm\u00e9tica"},"image":{"@id":"https:\/\/hannacosmetica.com\/#\/schema\/logo\/image\/"}}]}},"_links":{"self":[{"href":"https:\/\/hannacosmetica.com\/fr\/wp-json\/wp\/v2\/product\/12739"}],"collection":[{"href":"https:\/\/hannacosmetica.com\/fr\/wp-json\/wp\/v2\/product"}],"about":[{"href":"https:\/\/hannacosmetica.com\/fr\/wp-json\/wp\/v2\/types\/product"}],"replies":[{"embeddable":true,"href":"https:\/\/hannacosmetica.com\/fr\/wp-json\/wp\/v2\/comments?post=12739"}],"version-history":[{"count":2,"href":"https:\/\/hannacosmetica.com\/fr\/wp-json\/wp\/v2\/product\/12739\/revisions"}],"predecessor-version":[{"id":15355,"href":"https:\/\/hannacosmetica.com\/fr\/wp-json\/wp\/v2\/product\/12739\/revisions\/15355"}],"wp:featuredmedia":[{"embeddable":true,"href":"https:\/\/hannacosmetica.com\/fr\/wp-json\/wp\/v2\/media\/12740"}],"wp:attachment":[{"href":"https:\/\/hannacosmetica.com\/fr\/wp-json\/wp\/v2\/media?parent=12739"}],"wp:term":[{"taxonomy":"product_cat","embeddable":true,"href":"https:\/\/hannacosmetica.com\/fr\/wp-json\/wp\/v2\/product_cat?post=12739"},{"taxonomy":"product_tag","embeddable":true,"href":"https:\/\/hannacosmetica.com\/fr\/wp-json\/wp\/v2\/product_tag?post=12739"}],"curies":[{"name":"wp","href":"https:\/\/api.w.org\/{rel}","templated":true}]}}