{"id":12730,"date":"2023-04-14T12:49:58","date_gmt":"2023-04-14T12:49:58","guid":{"rendered":"https:\/\/hannacosmetica.com\/?post_type=product&#038;p=12730"},"modified":"2023-04-14T12:49:58","modified_gmt":"2023-04-14T12:49:58","slug":"1-pinceles-kolinsky-para-unas-decoracion-fino-7mm-pincel-de-gel-nail-art-profesional-con-mango-de-madera-roja-semipermanente-acrilicas-pintura-lineas-para-casa-bricolaje-salon","status":"publish","type":"product","link":"https:\/\/hannacosmetica.com\/fr\/tienda\/manicura\/pinceles\/1-pinceles-kolinsky-para-unas-decoracion-fino-7mm-pincel-de-gel-nail-art-profesional-con-mango-de-madera-roja-semipermanente-acrilicas-pintura-lineas-para-casa-bricolaje-salon\/","title":{"rendered":"1 Pinceles Kolinsky para U\u00f1as Decoracion Fino,  7mm Pincel de Gel Nail Art Profesional con Mango de Madera Roja Semipermanente Acrilicas Pintura Lineas para Casa Bricolaje Sal\u00f3n"},"content":{"rendered":"<ul class=\"a-unordered-list a-vertical a-spacing-mini\">\n<li><span class=\"a-list-item\">\ud83d\udc9e \u3010100% KOLINSKY\u3011 1 pinceles Kolinsky de u\u00f1as(7mm). Kolinsky es siempre el mejor cabello para pintar: buena elasticidad, no es f\u00e1cil de bifurcar, f\u00e1cil de controlar. Ahora nuestro dise\u00f1ador de bol\u00edgrafos intenta usar este kolinsky puro para punta de pincele. Esperamos que esto pueda brindarle una mejor experiencia en el dise\u00f1o de u\u00f1as. Adem\u00e1s, debido a que este cepillo de pelo no es demasiado fino, no solo puede usarlo para el arte de las u\u00f1as, sino tambi\u00e9n para los detalles de su pintura.<\/span><\/li>\n<li><span class=\"a-list-item\">\ud83d\udc9e \u3010CUERPO LARGO DEL CEPILLO DE MADERA ROJA\u3011 El cuerpo del cepillo est\u00e1 hecho de madera roja, elegante y sin malos olores. Por lo general, la madera roja se fabrica para muebles de lujo: alta calidad, un poco de fragancia, resistente al desgaste y duradera. Estos cepillos de u\u00f1as est\u00e1n hechos de madera Kolinsky y Red, a juego perfecto<\/span><\/li>\n<li><span class=\"a-list-item\">\ud83d\udc9e \u3010APLICACIONES M\u00daLTIPLES\u3011 Este juego de pinceles para u\u00f1as se puede utilizar para efectos de remolinos y mezclas, rellenar colores y dibujar peque\u00f1os detalles. Este pincel ligero para l\u00edneas de u\u00f1as tambi\u00e9n es muy f\u00e1cil de sujetar para dibujar patrones, como flores, estrellas o rocas. Adem\u00e1s, puede utilizar este c\u00f3modo pincel para pintar bellas artes o pintar modelos 3D.<\/span><\/li>\n<li><span class=\"a-list-item\">\ud83d\udc9e \u3010AMPLIO USO Y BUENOS REGALOS\u3011 Adecuado para principiantes en el arte de u\u00f1as, artistas profesionales, salones, bricolaje, uso dom\u00e9stico, etc. Puede ser un buen regalo para su novia, esposa, hermana o hijas, hacer que sus u\u00f1as se vean m\u00e1s delicadas y elegantes.<\/span><\/li>\n<li><span class=\"a-list-item\">\ud83d\udc9e \u3010CONSEJOS DE LIMPIEZA Y CALENTAMIENTO\u3011 Utilice limpiador de u\u00f1as o mon\u00f3mero l\u00edquido para limpiar. Despu\u00e9s de la limpieza, puede usar papel toalla para darle forma o secarlo y mantenerlo bien ventilado y evitar la luz solar. Estos pasos har\u00e1n que su cepillo dure m\u00e1s. Es normal que se desprendan los pelos de un cepillo de u\u00f1as nuevo. Si hay m\u00e1s, h\u00e1ganoslo saber, y si tiene alguna pregunta sobre el producto, no dude en<\/span><\/li>\n<\/ul>","protected":false},"excerpt":{"rendered":"<p>\ud83d\udc9e \u3010100% KOLINSKY\u3011 1 pinceles Kolinsky de u\u00f1as(7mm). Kolinsky es siempre el mejor cabello para pintar: buena elasticidad, no es f\u00e1cil de&hellip;<\/p>","protected":false},"featured_media":12731,"comment_status":"open","ping_status":"closed","template":"","meta":[],"product_cat":[304,82,97,87],"product_tag":[],"yoast_head":"<!-- This site is optimized with the Yoast SEO plugin v19.9 - https:\/\/yoast.com\/wordpress\/plugins\/seo\/ -->\n<title>1 Pinceles Kolinsky para U\u00f1as Decoracion Fino, 7mm Pincel de Gel Nail Art Profesional con Mango de Madera Roja Semipermanente Acrilicas Pintura Lineas para Casa Bricolaje Sal\u00f3n - Hanna Cosm\u00e9tica<\/title>\n<meta name=\"robots\" content=\"index, follow, max-snippet:-1, max-image-preview:large, max-video-preview:-1\" \/>\n<link rel=\"canonical\" href=\"https:\/\/hannacosmetica.com\/fr\/tienda\/manicura\/pinceles\/1-pinceles-kolinsky-para-unas-decoracion-fino-7mm-pincel-de-gel-nail-art-profesional-con-mango-de-madera-roja-semipermanente-acrilicas-pintura-lineas-para-casa-bricolaje-salon\/\" \/>\n<meta property=\"og:locale\" content=\"fr_FR\" \/>\n<meta property=\"og:type\" content=\"article\" \/>\n<meta property=\"og:title\" content=\"1 Pinceles Kolinsky para U\u00f1as Decoracion Fino, 7mm Pincel de Gel Nail Art Profesional con Mango de Madera Roja Semipermanente Acrilicas Pintura Lineas para Casa Bricolaje Sal\u00f3n - Hanna Cosm\u00e9tica\" \/>\n<meta property=\"og:description\" content=\"\ud83d\udc9e \u3010100% KOLINSKY\u3011 1 pinceles Kolinsky de u\u00f1as(7mm). Kolinsky es siempre el mejor cabello para pintar: buena elasticidad, no es f\u00e1cil de&hellip;\" \/>\n<meta property=\"og:url\" content=\"https:\/\/hannacosmetica.com\/fr\/tienda\/manicura\/pinceles\/1-pinceles-kolinsky-para-unas-decoracion-fino-7mm-pincel-de-gel-nail-art-profesional-con-mango-de-madera-roja-semipermanente-acrilicas-pintura-lineas-para-casa-bricolaje-salon\/\" \/>\n<meta property=\"og:site_name\" content=\"Hanna Cosm\u00e9tica\" \/>\n<meta property=\"og:image\" content=\"https:\/\/hannacosmetica.com\/wp-content\/uploads\/2023\/04\/Black-Beige-Aesthetic-Minimalist-Signature-Initial-Logo-40.png\" \/>\n\t<meta property=\"og:image:width\" content=\"1563\" \/>\n\t<meta property=\"og:image:height\" content=\"1563\" \/>\n\t<meta property=\"og:image:type\" content=\"image\/png\" \/>\n<meta name=\"twitter:card\" content=\"summary_large_image\" \/>\n<script type=\"application\/ld+json\" class=\"yoast-schema-graph\">{\"@context\":\"https:\/\/schema.org\",\"@graph\":[{\"@type\":\"WebPage\",\"@id\":\"https:\/\/hannacosmetica.com\/tienda\/manicura\/pinceles\/1-pinceles-kolinsky-para-unas-decoracion-fino-7mm-pincel-de-gel-nail-art-profesional-con-mango-de-madera-roja-semipermanente-acrilicas-pintura-lineas-para-casa-bricolaje-salon\/\",\"url\":\"https:\/\/hannacosmetica.com\/tienda\/manicura\/pinceles\/1-pinceles-kolinsky-para-unas-decoracion-fino-7mm-pincel-de-gel-nail-art-profesional-con-mango-de-madera-roja-semipermanente-acrilicas-pintura-lineas-para-casa-bricolaje-salon\/\",\"name\":\"1 Pinceles Kolinsky para U\u00f1as Decoracion Fino, 7mm Pincel de Gel Nail Art Profesional con Mango de Madera Roja Semipermanente Acrilicas Pintura Lineas para Casa Bricolaje Sal\u00f3n - Hanna Cosm\u00e9tica\",\"isPartOf\":{\"@id\":\"https:\/\/hannacosmetica.com\/#website\"},\"datePublished\":\"2023-04-14T12:49:58+00:00\",\"dateModified\":\"2023-04-14T12:49:58+00:00\",\"breadcrumb\":{\"@id\":\"https:\/\/hannacosmetica.com\/tienda\/manicura\/pinceles\/1-pinceles-kolinsky-para-unas-decoracion-fino-7mm-pincel-de-gel-nail-art-profesional-con-mango-de-madera-roja-semipermanente-acrilicas-pintura-lineas-para-casa-bricolaje-salon\/#breadcrumb\"},\"inLanguage\":\"fr-FR\",\"potentialAction\":[{\"@type\":\"ReadAction\",\"target\":[\"https:\/\/hannacosmetica.com\/tienda\/manicura\/pinceles\/1-pinceles-kolinsky-para-unas-decoracion-fino-7mm-pincel-de-gel-nail-art-profesional-con-mango-de-madera-roja-semipermanente-acrilicas-pintura-lineas-para-casa-bricolaje-salon\/\"]}]},{\"@type\":\"BreadcrumbList\",\"@id\":\"https:\/\/hannacosmetica.com\/tienda\/manicura\/pinceles\/1-pinceles-kolinsky-para-unas-decoracion-fino-7mm-pincel-de-gel-nail-art-profesional-con-mango-de-madera-roja-semipermanente-acrilicas-pintura-lineas-para-casa-bricolaje-salon\/#breadcrumb\",\"itemListElement\":[{\"@type\":\"ListItem\",\"position\":1,\"name\":\"Portada\",\"item\":\"https:\/\/hannacosmetica.com\/\"},{\"@type\":\"ListItem\",\"position\":2,\"name\":\"Tienda\",\"item\":\"https:\/\/hannacosmetica.com\/shop\/\"},{\"@type\":\"ListItem\",\"position\":3,\"name\":\"1 Pinceles Kolinsky para U\u00f1as Decoracion Fino, 7mm Pincel de Gel Nail Art Profesional con Mango de Madera Roja Semipermanente Acrilicas Pintura Lineas para Casa Bricolaje Sal\u00f3n\"}]},{\"@type\":\"WebSite\",\"@id\":\"https:\/\/hannacosmetica.com\/#website\",\"url\":\"https:\/\/hannacosmetica.com\/\",\"name\":\"Hanna Cosm\u00e9tica\",\"description\":\"Tienda de productos u\u00f1as, bellezas y peluquer\u00edas\",\"publisher\":{\"@id\":\"https:\/\/hannacosmetica.com\/#organization\"},\"potentialAction\":[{\"@type\":\"SearchAction\",\"target\":{\"@type\":\"EntryPoint\",\"urlTemplate\":\"https:\/\/hannacosmetica.com\/?s={search_term_string}\"},\"query-input\":\"required name=search_term_string\"}],\"inLanguage\":\"fr-FR\"},{\"@type\":\"Organization\",\"@id\":\"https:\/\/hannacosmetica.com\/#organization\",\"name\":\"Hanna Cosm\u00e9tica\",\"url\":\"https:\/\/hannacosmetica.com\/\",\"logo\":{\"@type\":\"ImageObject\",\"inLanguage\":\"fr-FR\",\"@id\":\"https:\/\/hannacosmetica.com\/#\/schema\/logo\/image\/\",\"url\":\"https:\/\/hannacosmetica.com\/wp-content\/uploads\/2022\/07\/Logo-Joyeria-Femenino-Floral-Negro.png\",\"contentUrl\":\"https:\/\/hannacosmetica.com\/wp-content\/uploads\/2022\/07\/Logo-Joyeria-Femenino-Floral-Negro.png\",\"width\":361,\"height\":126,\"caption\":\"Hanna Cosm\u00e9tica\"},\"image\":{\"@id\":\"https:\/\/hannacosmetica.com\/#\/schema\/logo\/image\/\"}}]}<\/script>\n<!-- \/ Yoast SEO plugin. -->","yoast_head_json":{"title":"1 Pinceles Kolinsky para U\u00f1as Decoracion Fino, 7mm Pincel de Gel Nail Art Profesional con Mango de Madera Roja Semipermanente Acrilicas Pintura Lineas para Casa Bricolaje Sal\u00f3n - Hanna Cosm\u00e9tica","robots":{"index":"index","follow":"follow","max-snippet":"max-snippet:-1","max-image-preview":"max-image-preview:large","max-video-preview":"max-video-preview:-1"},"canonical":"https:\/\/hannacosmetica.com\/fr\/tienda\/manicura\/pinceles\/1-pinceles-kolinsky-para-unas-decoracion-fino-7mm-pincel-de-gel-nail-art-profesional-con-mango-de-madera-roja-semipermanente-acrilicas-pintura-lineas-para-casa-bricolaje-salon\/","og_locale":"fr_FR","og_type":"article","og_title":"1 Pinceles Kolinsky para U\u00f1as Decoracion Fino, 7mm Pincel de Gel Nail Art Profesional con Mango de Madera Roja Semipermanente Acrilicas Pintura Lineas para Casa Bricolaje Sal\u00f3n - Hanna Cosm\u00e9tica","og_description":"\ud83d\udc9e \u3010100% KOLINSKY\u3011 1 pinceles Kolinsky de u\u00f1as(7mm). Kolinsky es siempre el mejor cabello para pintar: buena elasticidad, no es f\u00e1cil de&hellip;","og_url":"https:\/\/hannacosmetica.com\/fr\/tienda\/manicura\/pinceles\/1-pinceles-kolinsky-para-unas-decoracion-fino-7mm-pincel-de-gel-nail-art-profesional-con-mango-de-madera-roja-semipermanente-acrilicas-pintura-lineas-para-casa-bricolaje-salon\/","og_site_name":"Hanna Cosm\u00e9tica","og_image":[{"width":1563,"height":1563,"url":"https:\/\/hannacosmetica.com\/wp-content\/uploads\/2023\/04\/Black-Beige-Aesthetic-Minimalist-Signature-Initial-Logo-40.png","type":"image\/png"}],"twitter_card":"summary_large_image","schema":{"@context":"https:\/\/schema.org","@graph":[{"@type":"WebPage","@id":"https:\/\/hannacosmetica.com\/tienda\/manicura\/pinceles\/1-pinceles-kolinsky-para-unas-decoracion-fino-7mm-pincel-de-gel-nail-art-profesional-con-mango-de-madera-roja-semipermanente-acrilicas-pintura-lineas-para-casa-bricolaje-salon\/","url":"https:\/\/hannacosmetica.com\/tienda\/manicura\/pinceles\/1-pinceles-kolinsky-para-unas-decoracion-fino-7mm-pincel-de-gel-nail-art-profesional-con-mango-de-madera-roja-semipermanente-acrilicas-pintura-lineas-para-casa-bricolaje-salon\/","name":"1 Pinceles Kolinsky para U\u00f1as Decoracion Fino, 7mm Pincel de Gel Nail Art Profesional con Mango de Madera Roja Semipermanente Acrilicas Pintura Lineas para Casa Bricolaje Sal\u00f3n - Hanna Cosm\u00e9tica","isPartOf":{"@id":"https:\/\/hannacosmetica.com\/#website"},"datePublished":"2023-04-14T12:49:58+00:00","dateModified":"2023-04-14T12:49:58+00:00","breadcrumb":{"@id":"https:\/\/hannacosmetica.com\/tienda\/manicura\/pinceles\/1-pinceles-kolinsky-para-unas-decoracion-fino-7mm-pincel-de-gel-nail-art-profesional-con-mango-de-madera-roja-semipermanente-acrilicas-pintura-lineas-para-casa-bricolaje-salon\/#breadcrumb"},"inLanguage":"fr-FR","potentialAction":[{"@type":"ReadAction","target":["https:\/\/hannacosmetica.com\/tienda\/manicura\/pinceles\/1-pinceles-kolinsky-para-unas-decoracion-fino-7mm-pincel-de-gel-nail-art-profesional-con-mango-de-madera-roja-semipermanente-acrilicas-pintura-lineas-para-casa-bricolaje-salon\/"]}]},{"@type":"BreadcrumbList","@id":"https:\/\/hannacosmetica.com\/tienda\/manicura\/pinceles\/1-pinceles-kolinsky-para-unas-decoracion-fino-7mm-pincel-de-gel-nail-art-profesional-con-mango-de-madera-roja-semipermanente-acrilicas-pintura-lineas-para-casa-bricolaje-salon\/#breadcrumb","itemListElement":[{"@type":"ListItem","position":1,"name":"Portada","item":"https:\/\/hannacosmetica.com\/"},{"@type":"ListItem","position":2,"name":"Tienda","item":"https:\/\/hannacosmetica.com\/shop\/"},{"@type":"ListItem","position":3,"name":"1 Pinceles Kolinsky para U\u00f1as Decoracion Fino, 7mm Pincel de Gel Nail Art Profesional con Mango de Madera Roja Semipermanente Acrilicas Pintura Lineas para Casa Bricolaje Sal\u00f3n"}]},{"@type":"WebSite","@id":"https:\/\/hannacosmetica.com\/#website","url":"https:\/\/hannacosmetica.com\/","name":"Hanna Cosm\u00e9tica","description":"Tienda de productos u\u00f1as, bellezas y peluquer\u00edas","publisher":{"@id":"https:\/\/hannacosmetica.com\/#organization"},"potentialAction":[{"@type":"SearchAction","target":{"@type":"EntryPoint","urlTemplate":"https:\/\/hannacosmetica.com\/?s={search_term_string}"},"query-input":"required name=search_term_string"}],"inLanguage":"fr-FR"},{"@type":"Organization","@id":"https:\/\/hannacosmetica.com\/#organization","name":"Hanna Cosm\u00e9tica","url":"https:\/\/hannacosmetica.com\/","logo":{"@type":"ImageObject","inLanguage":"fr-FR","@id":"https:\/\/hannacosmetica.com\/#\/schema\/logo\/image\/","url":"https:\/\/hannacosmetica.com\/wp-content\/uploads\/2022\/07\/Logo-Joyeria-Femenino-Floral-Negro.png","contentUrl":"https:\/\/hannacosmetica.com\/wp-content\/uploads\/2022\/07\/Logo-Joyeria-Femenino-Floral-Negro.png","width":361,"height":126,"caption":"Hanna Cosm\u00e9tica"},"image":{"@id":"https:\/\/hannacosmetica.com\/#\/schema\/logo\/image\/"}}]}},"_links":{"self":[{"href":"https:\/\/hannacosmetica.com\/fr\/wp-json\/wp\/v2\/product\/12730"}],"collection":[{"href":"https:\/\/hannacosmetica.com\/fr\/wp-json\/wp\/v2\/product"}],"about":[{"href":"https:\/\/hannacosmetica.com\/fr\/wp-json\/wp\/v2\/types\/product"}],"replies":[{"embeddable":true,"href":"https:\/\/hannacosmetica.com\/fr\/wp-json\/wp\/v2\/comments?post=12730"}],"version-history":[{"count":1,"href":"https:\/\/hannacosmetica.com\/fr\/wp-json\/wp\/v2\/product\/12730\/revisions"}],"predecessor-version":[{"id":12734,"href":"https:\/\/hannacosmetica.com\/fr\/wp-json\/wp\/v2\/product\/12730\/revisions\/12734"}],"wp:featuredmedia":[{"embeddable":true,"href":"https:\/\/hannacosmetica.com\/fr\/wp-json\/wp\/v2\/media\/12731"}],"wp:attachment":[{"href":"https:\/\/hannacosmetica.com\/fr\/wp-json\/wp\/v2\/media?parent=12730"}],"wp:term":[{"taxonomy":"product_cat","embeddable":true,"href":"https:\/\/hannacosmetica.com\/fr\/wp-json\/wp\/v2\/product_cat?post=12730"},{"taxonomy":"product_tag","embeddable":true,"href":"https:\/\/hannacosmetica.com\/fr\/wp-json\/wp\/v2\/product_tag?post=12730"}],"curies":[{"name":"wp","href":"https:\/\/api.w.org\/{rel}","templated":true}]}}