{"id":12719,"date":"2023-04-14T12:15:39","date_gmt":"2023-04-14T12:15:39","guid":{"rendered":"https:\/\/hannacosmetica.com\/?post_type=product&#038;p=12719"},"modified":"2025-04-09T15:05:04","modified_gmt":"2025-04-09T15:05:04","slug":"1-pinceles-unas-acrilicas-cepillo-de-unas-redondo-pinceles-de-unas-para-polvo-acrilico-unas-talladas-extension-de-unas-de-polietileno-gel-manicura-herramienta-8","status":"publish","type":"product","link":"https:\/\/hannacosmetica.com\/fr\/tienda\/manicura\/pinceles\/1-pinceles-unas-acrilicas-cepillo-de-unas-redondo-pinceles-de-unas-para-polvo-acrilico-unas-talladas-extension-de-unas-de-polietileno-gel-manicura-herramienta-8\/","title":{"rendered":"1 Pinceles U\u00f1as Acrilicas Cepillo de u\u00f1as redondo Pinceles de u\u00f1as para polvo acr\u00edlico U\u00f1as talladas Extensi\u00f3n de u\u00f1as de polietileno Gel Manicura herramienta (8#)"},"content":{"rendered":"<ul class=\"a-unordered-list a-vertical a-spacing-mini\">\n<li><span class=\"a-list-item\">\u00danico y moda: las asas lisas est\u00e1n llenas de purpurina l\u00edquida y brillante colorida. El l\u00edquido especial dentro del mango puede fluir en cualquier lugar, los brillantes brillantes brillantes y coloridos son encantadores y divertidos cuando dibujas el dise\u00f1o de arte de u\u00f1as, es \u00fanico y moderno.<\/span><\/li>\n<li><span class=\"a-list-item\">Dise\u00f1o perfecto: el pelo de sable puro est\u00e1 rizado en la base para crear un arco en el centro del cepillo que le da una forma favorecedora sin comprometer la punta redonda. Te ayuda a trabajar m\u00e1s r\u00e1pido al aplicar acr\u00edlico.<\/span><\/li>\n<li><span class=\"a-list-item\">Salones de u\u00f1as y u\u00f1as para el hogar: el cepillo de u\u00f1as es duradero para el uso diario, ideal para salones profesionales y arte de u\u00f1as en casa, adecuado tanto para especialistas en u\u00f1as como para estudiantes de u\u00f1as. Junto con su peso ligero, tambi\u00e9n es perfecto para una manicura m\u00f3vil. Es muy c\u00f3modo de usar cuando se viaja y es recargable.<\/span><\/li>\n<li><span class=\"a-list-item\">Almacenamiento: lavar a fondo despu\u00e9s de usar el cepillo cada vez. No utilice acetona que eliminar\u00e1 el brillo de las cerdas para hacer residuos de acr\u00edlico pegajosos y acumulaci\u00f3n. Retire la mayor cantidad de humedad posible con una toalla de papel y mant\u00e9ngalo en posici\u00f3n vertical. Mantenga siempre los cepillos fuera de la luz solar directa y aires. Equipado con un tubo de almacenamiento redondo para un f\u00e1cil almacenamiento.<\/span><\/li>\n<\/ul>","protected":false},"excerpt":{"rendered":"<p>\u00danico y moda: las asas lisas est\u00e1n llenas de purpurina l\u00edquida y brillante colorida. El l\u00edquido especial dentro del mango puede fluir&hellip;<\/p>","protected":false},"featured_media":12721,"comment_status":"open","ping_status":"closed","template":"","meta":[],"product_cat":[304,82,97,87],"product_tag":[],"yoast_head":"<!-- This site is optimized with the Yoast SEO plugin v19.9 - https:\/\/yoast.com\/wordpress\/plugins\/seo\/ -->\n<title>1 Pinceles U\u00f1as Acrilicas Cepillo de u\u00f1as redondo Pinceles de u\u00f1as para polvo acr\u00edlico U\u00f1as talladas Extensi\u00f3n de u\u00f1as de polietileno Gel Manicura herramienta (8#) - Hanna Cosm\u00e9tica<\/title>\n<meta name=\"robots\" content=\"index, follow, max-snippet:-1, max-image-preview:large, max-video-preview:-1\" \/>\n<link rel=\"canonical\" href=\"https:\/\/hannacosmetica.com\/fr\/tienda\/manicura\/pinceles\/1-pinceles-unas-acrilicas-cepillo-de-unas-redondo-pinceles-de-unas-para-polvo-acrilico-unas-talladas-extension-de-unas-de-polietileno-gel-manicura-herramienta-8\/\" \/>\n<meta property=\"og:locale\" content=\"fr_FR\" \/>\n<meta property=\"og:type\" content=\"article\" \/>\n<meta property=\"og:title\" content=\"1 Pinceles U\u00f1as Acrilicas Cepillo de u\u00f1as redondo Pinceles de u\u00f1as para polvo acr\u00edlico U\u00f1as talladas Extensi\u00f3n de u\u00f1as de polietileno Gel Manicura herramienta (8#) - Hanna Cosm\u00e9tica\" \/>\n<meta property=\"og:description\" content=\"\u00danico y moda: las asas lisas est\u00e1n llenas de purpurina l\u00edquida y brillante colorida. El l\u00edquido especial dentro del mango puede fluir&hellip;\" \/>\n<meta property=\"og:url\" content=\"https:\/\/hannacosmetica.com\/fr\/tienda\/manicura\/pinceles\/1-pinceles-unas-acrilicas-cepillo-de-unas-redondo-pinceles-de-unas-para-polvo-acrilico-unas-talladas-extension-de-unas-de-polietileno-gel-manicura-herramienta-8\/\" \/>\n<meta property=\"og:site_name\" content=\"Hanna Cosm\u00e9tica\" \/>\n<meta property=\"article:modified_time\" content=\"2025-04-09T15:05:04+00:00\" \/>\n<meta property=\"og:image\" content=\"https:\/\/hannacosmetica.com\/wp-content\/uploads\/2023\/04\/Black-Beige-Aesthetic-Minimalist-Signature-Initial-Logo-37.png\" \/>\n\t<meta property=\"og:image:width\" content=\"1563\" \/>\n\t<meta property=\"og:image:height\" content=\"1563\" \/>\n\t<meta property=\"og:image:type\" content=\"image\/png\" \/>\n<meta name=\"twitter:card\" content=\"summary_large_image\" \/>\n<script type=\"application\/ld+json\" class=\"yoast-schema-graph\">{\"@context\":\"https:\/\/schema.org\",\"@graph\":[{\"@type\":\"WebPage\",\"@id\":\"https:\/\/hannacosmetica.com\/tienda\/manicura\/pinceles\/1-pinceles-unas-acrilicas-cepillo-de-unas-redondo-pinceles-de-unas-para-polvo-acrilico-unas-talladas-extension-de-unas-de-polietileno-gel-manicura-herramienta-8\/\",\"url\":\"https:\/\/hannacosmetica.com\/tienda\/manicura\/pinceles\/1-pinceles-unas-acrilicas-cepillo-de-unas-redondo-pinceles-de-unas-para-polvo-acrilico-unas-talladas-extension-de-unas-de-polietileno-gel-manicura-herramienta-8\/\",\"name\":\"1 Pinceles U\u00f1as Acrilicas Cepillo de u\u00f1as redondo Pinceles de u\u00f1as para polvo acr\u00edlico U\u00f1as talladas Extensi\u00f3n de u\u00f1as de polietileno Gel Manicura herramienta (8#) - Hanna Cosm\u00e9tica\",\"isPartOf\":{\"@id\":\"https:\/\/hannacosmetica.com\/#website\"},\"datePublished\":\"2023-04-14T12:15:39+00:00\",\"dateModified\":\"2025-04-09T15:05:04+00:00\",\"breadcrumb\":{\"@id\":\"https:\/\/hannacosmetica.com\/tienda\/manicura\/pinceles\/1-pinceles-unas-acrilicas-cepillo-de-unas-redondo-pinceles-de-unas-para-polvo-acrilico-unas-talladas-extension-de-unas-de-polietileno-gel-manicura-herramienta-8\/#breadcrumb\"},\"inLanguage\":\"fr-FR\",\"potentialAction\":[{\"@type\":\"ReadAction\",\"target\":[\"https:\/\/hannacosmetica.com\/tienda\/manicura\/pinceles\/1-pinceles-unas-acrilicas-cepillo-de-unas-redondo-pinceles-de-unas-para-polvo-acrilico-unas-talladas-extension-de-unas-de-polietileno-gel-manicura-herramienta-8\/\"]}]},{\"@type\":\"BreadcrumbList\",\"@id\":\"https:\/\/hannacosmetica.com\/tienda\/manicura\/pinceles\/1-pinceles-unas-acrilicas-cepillo-de-unas-redondo-pinceles-de-unas-para-polvo-acrilico-unas-talladas-extension-de-unas-de-polietileno-gel-manicura-herramienta-8\/#breadcrumb\",\"itemListElement\":[{\"@type\":\"ListItem\",\"position\":1,\"name\":\"Portada\",\"item\":\"https:\/\/hannacosmetica.com\/\"},{\"@type\":\"ListItem\",\"position\":2,\"name\":\"Tienda\",\"item\":\"https:\/\/hannacosmetica.com\/shop\/\"},{\"@type\":\"ListItem\",\"position\":3,\"name\":\"1 Pinceles U\u00f1as Acrilicas Cepillo de u\u00f1as redondo Pinceles de u\u00f1as para polvo acr\u00edlico U\u00f1as talladas Extensi\u00f3n de u\u00f1as de polietileno Gel Manicura herramienta (8#)\"}]},{\"@type\":\"WebSite\",\"@id\":\"https:\/\/hannacosmetica.com\/#website\",\"url\":\"https:\/\/hannacosmetica.com\/\",\"name\":\"Hanna Cosm\u00e9tica\",\"description\":\"Tienda de productos u\u00f1as, bellezas y peluquer\u00edas\",\"publisher\":{\"@id\":\"https:\/\/hannacosmetica.com\/#organization\"},\"potentialAction\":[{\"@type\":\"SearchAction\",\"target\":{\"@type\":\"EntryPoint\",\"urlTemplate\":\"https:\/\/hannacosmetica.com\/?s={search_term_string}\"},\"query-input\":\"required name=search_term_string\"}],\"inLanguage\":\"fr-FR\"},{\"@type\":\"Organization\",\"@id\":\"https:\/\/hannacosmetica.com\/#organization\",\"name\":\"Hanna Cosm\u00e9tica\",\"url\":\"https:\/\/hannacosmetica.com\/\",\"logo\":{\"@type\":\"ImageObject\",\"inLanguage\":\"fr-FR\",\"@id\":\"https:\/\/hannacosmetica.com\/#\/schema\/logo\/image\/\",\"url\":\"https:\/\/hannacosmetica.com\/wp-content\/uploads\/2022\/07\/Logo-Joyeria-Femenino-Floral-Negro.png\",\"contentUrl\":\"https:\/\/hannacosmetica.com\/wp-content\/uploads\/2022\/07\/Logo-Joyeria-Femenino-Floral-Negro.png\",\"width\":361,\"height\":126,\"caption\":\"Hanna Cosm\u00e9tica\"},\"image\":{\"@id\":\"https:\/\/hannacosmetica.com\/#\/schema\/logo\/image\/\"}}]}<\/script>\n<!-- \/ Yoast SEO plugin. -->","yoast_head_json":{"title":"1 Pinceles U\u00f1as Acrilicas Cepillo de u\u00f1as redondo Pinceles de u\u00f1as para polvo acr\u00edlico U\u00f1as talladas Extensi\u00f3n de u\u00f1as de polietileno Gel Manicura herramienta (8#) - Hanna Cosm\u00e9tica","robots":{"index":"index","follow":"follow","max-snippet":"max-snippet:-1","max-image-preview":"max-image-preview:large","max-video-preview":"max-video-preview:-1"},"canonical":"https:\/\/hannacosmetica.com\/fr\/tienda\/manicura\/pinceles\/1-pinceles-unas-acrilicas-cepillo-de-unas-redondo-pinceles-de-unas-para-polvo-acrilico-unas-talladas-extension-de-unas-de-polietileno-gel-manicura-herramienta-8\/","og_locale":"fr_FR","og_type":"article","og_title":"1 Pinceles U\u00f1as Acrilicas Cepillo de u\u00f1as redondo Pinceles de u\u00f1as para polvo acr\u00edlico U\u00f1as talladas Extensi\u00f3n de u\u00f1as de polietileno Gel Manicura herramienta (8#) - Hanna Cosm\u00e9tica","og_description":"\u00danico y moda: las asas lisas est\u00e1n llenas de purpurina l\u00edquida y brillante colorida. El l\u00edquido especial dentro del mango puede fluir&hellip;","og_url":"https:\/\/hannacosmetica.com\/fr\/tienda\/manicura\/pinceles\/1-pinceles-unas-acrilicas-cepillo-de-unas-redondo-pinceles-de-unas-para-polvo-acrilico-unas-talladas-extension-de-unas-de-polietileno-gel-manicura-herramienta-8\/","og_site_name":"Hanna Cosm\u00e9tica","article_modified_time":"2025-04-09T15:05:04+00:00","og_image":[{"width":1563,"height":1563,"url":"https:\/\/hannacosmetica.com\/wp-content\/uploads\/2023\/04\/Black-Beige-Aesthetic-Minimalist-Signature-Initial-Logo-37.png","type":"image\/png"}],"twitter_card":"summary_large_image","schema":{"@context":"https:\/\/schema.org","@graph":[{"@type":"WebPage","@id":"https:\/\/hannacosmetica.com\/tienda\/manicura\/pinceles\/1-pinceles-unas-acrilicas-cepillo-de-unas-redondo-pinceles-de-unas-para-polvo-acrilico-unas-talladas-extension-de-unas-de-polietileno-gel-manicura-herramienta-8\/","url":"https:\/\/hannacosmetica.com\/tienda\/manicura\/pinceles\/1-pinceles-unas-acrilicas-cepillo-de-unas-redondo-pinceles-de-unas-para-polvo-acrilico-unas-talladas-extension-de-unas-de-polietileno-gel-manicura-herramienta-8\/","name":"1 Pinceles U\u00f1as Acrilicas Cepillo de u\u00f1as redondo Pinceles de u\u00f1as para polvo acr\u00edlico U\u00f1as talladas Extensi\u00f3n de u\u00f1as de polietileno Gel Manicura herramienta (8#) - Hanna Cosm\u00e9tica","isPartOf":{"@id":"https:\/\/hannacosmetica.com\/#website"},"datePublished":"2023-04-14T12:15:39+00:00","dateModified":"2025-04-09T15:05:04+00:00","breadcrumb":{"@id":"https:\/\/hannacosmetica.com\/tienda\/manicura\/pinceles\/1-pinceles-unas-acrilicas-cepillo-de-unas-redondo-pinceles-de-unas-para-polvo-acrilico-unas-talladas-extension-de-unas-de-polietileno-gel-manicura-herramienta-8\/#breadcrumb"},"inLanguage":"fr-FR","potentialAction":[{"@type":"ReadAction","target":["https:\/\/hannacosmetica.com\/tienda\/manicura\/pinceles\/1-pinceles-unas-acrilicas-cepillo-de-unas-redondo-pinceles-de-unas-para-polvo-acrilico-unas-talladas-extension-de-unas-de-polietileno-gel-manicura-herramienta-8\/"]}]},{"@type":"BreadcrumbList","@id":"https:\/\/hannacosmetica.com\/tienda\/manicura\/pinceles\/1-pinceles-unas-acrilicas-cepillo-de-unas-redondo-pinceles-de-unas-para-polvo-acrilico-unas-talladas-extension-de-unas-de-polietileno-gel-manicura-herramienta-8\/#breadcrumb","itemListElement":[{"@type":"ListItem","position":1,"name":"Portada","item":"https:\/\/hannacosmetica.com\/"},{"@type":"ListItem","position":2,"name":"Tienda","item":"https:\/\/hannacosmetica.com\/shop\/"},{"@type":"ListItem","position":3,"name":"1 Pinceles U\u00f1as Acrilicas Cepillo de u\u00f1as redondo Pinceles de u\u00f1as para polvo acr\u00edlico U\u00f1as talladas Extensi\u00f3n de u\u00f1as de polietileno Gel Manicura herramienta (8#)"}]},{"@type":"WebSite","@id":"https:\/\/hannacosmetica.com\/#website","url":"https:\/\/hannacosmetica.com\/","name":"Hanna Cosm\u00e9tica","description":"Tienda de productos u\u00f1as, bellezas y peluquer\u00edas","publisher":{"@id":"https:\/\/hannacosmetica.com\/#organization"},"potentialAction":[{"@type":"SearchAction","target":{"@type":"EntryPoint","urlTemplate":"https:\/\/hannacosmetica.com\/?s={search_term_string}"},"query-input":"required name=search_term_string"}],"inLanguage":"fr-FR"},{"@type":"Organization","@id":"https:\/\/hannacosmetica.com\/#organization","name":"Hanna Cosm\u00e9tica","url":"https:\/\/hannacosmetica.com\/","logo":{"@type":"ImageObject","inLanguage":"fr-FR","@id":"https:\/\/hannacosmetica.com\/#\/schema\/logo\/image\/","url":"https:\/\/hannacosmetica.com\/wp-content\/uploads\/2022\/07\/Logo-Joyeria-Femenino-Floral-Negro.png","contentUrl":"https:\/\/hannacosmetica.com\/wp-content\/uploads\/2022\/07\/Logo-Joyeria-Femenino-Floral-Negro.png","width":361,"height":126,"caption":"Hanna Cosm\u00e9tica"},"image":{"@id":"https:\/\/hannacosmetica.com\/#\/schema\/logo\/image\/"}}]}},"_links":{"self":[{"href":"https:\/\/hannacosmetica.com\/fr\/wp-json\/wp\/v2\/product\/12719"}],"collection":[{"href":"https:\/\/hannacosmetica.com\/fr\/wp-json\/wp\/v2\/product"}],"about":[{"href":"https:\/\/hannacosmetica.com\/fr\/wp-json\/wp\/v2\/types\/product"}],"replies":[{"embeddable":true,"href":"https:\/\/hannacosmetica.com\/fr\/wp-json\/wp\/v2\/comments?post=12719"}],"version-history":[{"count":1,"href":"https:\/\/hannacosmetica.com\/fr\/wp-json\/wp\/v2\/product\/12719\/revisions"}],"predecessor-version":[{"id":12725,"href":"https:\/\/hannacosmetica.com\/fr\/wp-json\/wp\/v2\/product\/12719\/revisions\/12725"}],"wp:featuredmedia":[{"embeddable":true,"href":"https:\/\/hannacosmetica.com\/fr\/wp-json\/wp\/v2\/media\/12721"}],"wp:attachment":[{"href":"https:\/\/hannacosmetica.com\/fr\/wp-json\/wp\/v2\/media?parent=12719"}],"wp:term":[{"taxonomy":"product_cat","embeddable":true,"href":"https:\/\/hannacosmetica.com\/fr\/wp-json\/wp\/v2\/product_cat?post=12719"},{"taxonomy":"product_tag","embeddable":true,"href":"https:\/\/hannacosmetica.com\/fr\/wp-json\/wp\/v2\/product_tag?post=12719"}],"curies":[{"name":"wp","href":"https:\/\/api.w.org\/{rel}","templated":true}]}}