{"id":12676,"date":"2023-04-13T16:40:50","date_gmt":"2023-04-13T16:40:50","guid":{"rendered":"https:\/\/hannacosmetica.com\/?post_type=product&#038;p=12676"},"modified":"2023-04-13T16:41:31","modified_gmt":"2023-04-13T16:41:31","slug":"purpurina-holografica-para-decoracion-de-unas-lentejuelas-3d","status":"publish","type":"product","link":"https:\/\/hannacosmetica.com\/fr\/tienda\/manicura\/decoracion\/purpurina-holografica-para-decoracion-de-unas-lentejuelas-3d\/","title":{"rendered":"Purpurina Hologr\u00e1fica para Decoraci\u00f3n de U\u00f1as\/ Lentejuelas 3D"},"content":{"rendered":"<p>Contenido del paquete\u3011 6 cajas \/ juego de purpurina en polvo.<\/p>\n<ul class=\"a-unordered-list a-vertical a-spacing-mini\">\n<li><span class=\"a-list-item\">Adecuado para cosm\u00e9ticos, pintura facial, manualidades, arte de u\u00f1as, tatuajes temporales, sombra de ojos, copas de vino, velas<\/span><\/li>\n<li><span class=\"a-list-item\">Adecuado para usar en la parte superior del esmalte de u\u00f1as, sistema de gel UV, etc.<\/span><\/li>\n<li><span class=\"a-list-item\">Las lentejuelas brillantes para u\u00f1as te dan un efecto brillante y te hacen llamar la atenci\u00f3n de todo el mundo de las u\u00f1as.<\/span><\/li>\n<\/ul>","protected":false},"excerpt":{"rendered":"<p>Contenido del paquete\u3011 6 cajas \/ juego de purpurina en polvo. Adecuado para cosm\u00e9ticos, pintura facial, manualidades, arte de u\u00f1as, tatuajes temporales,&hellip;<\/p>","protected":false},"featured_media":12678,"comment_status":"open","ping_status":"closed","template":"","meta":[],"product_cat":[304,98,87],"product_tag":[],"yoast_head":"<!-- This site is optimized with the Yoast SEO plugin v19.9 - https:\/\/yoast.com\/wordpress\/plugins\/seo\/ -->\n<title>Purpurina Hologr\u00e1fica para Decoraci\u00f3n de U\u00f1as\/ Lentejuelas 3D - Hanna Cosm\u00e9tica<\/title>\n<meta name=\"robots\" content=\"index, follow, max-snippet:-1, max-image-preview:large, max-video-preview:-1\" \/>\n<link rel=\"canonical\" href=\"https:\/\/hannacosmetica.com\/fr\/tienda\/manicura\/decoracion\/purpurina-holografica-para-decoracion-de-unas-lentejuelas-3d\/\" \/>\n<meta property=\"og:locale\" content=\"fr_FR\" \/>\n<meta property=\"og:type\" content=\"article\" \/>\n<meta property=\"og:title\" content=\"Purpurina Hologr\u00e1fica para Decoraci\u00f3n de U\u00f1as\/ Lentejuelas 3D - Hanna Cosm\u00e9tica\" \/>\n<meta property=\"og:description\" content=\"Contenido del paquete\u3011 6 cajas \/ juego de purpurina en polvo. Adecuado para cosm\u00e9ticos, pintura facial, manualidades, arte de u\u00f1as, tatuajes temporales,&hellip;\" \/>\n<meta property=\"og:url\" content=\"https:\/\/hannacosmetica.com\/fr\/tienda\/manicura\/decoracion\/purpurina-holografica-para-decoracion-de-unas-lentejuelas-3d\/\" \/>\n<meta property=\"og:site_name\" content=\"Hanna Cosm\u00e9tica\" \/>\n<meta property=\"article:modified_time\" content=\"2023-04-13T16:41:31+00:00\" \/>\n<meta property=\"og:image\" content=\"https:\/\/hannacosmetica.com\/wp-content\/uploads\/2023\/04\/HANNA-UVLED-2023-04-13T181105.838.png\" \/>\n\t<meta property=\"og:image:width\" content=\"1800\" \/>\n\t<meta property=\"og:image:height\" content=\"1350\" \/>\n\t<meta property=\"og:image:type\" content=\"image\/png\" \/>\n<meta name=\"twitter:card\" content=\"summary_large_image\" \/>\n<script type=\"application\/ld+json\" class=\"yoast-schema-graph\">{\"@context\":\"https:\/\/schema.org\",\"@graph\":[{\"@type\":\"WebPage\",\"@id\":\"https:\/\/hannacosmetica.com\/tienda\/manicura\/decoracion\/purpurina-holografica-para-decoracion-de-unas-lentejuelas-3d\/\",\"url\":\"https:\/\/hannacosmetica.com\/tienda\/manicura\/decoracion\/purpurina-holografica-para-decoracion-de-unas-lentejuelas-3d\/\",\"name\":\"Purpurina Hologr\u00e1fica para Decoraci\u00f3n de U\u00f1as\/ Lentejuelas 3D - Hanna Cosm\u00e9tica\",\"isPartOf\":{\"@id\":\"https:\/\/hannacosmetica.com\/#website\"},\"datePublished\":\"2023-04-13T16:40:50+00:00\",\"dateModified\":\"2023-04-13T16:41:31+00:00\",\"breadcrumb\":{\"@id\":\"https:\/\/hannacosmetica.com\/tienda\/manicura\/decoracion\/purpurina-holografica-para-decoracion-de-unas-lentejuelas-3d\/#breadcrumb\"},\"inLanguage\":\"fr-FR\",\"potentialAction\":[{\"@type\":\"ReadAction\",\"target\":[\"https:\/\/hannacosmetica.com\/tienda\/manicura\/decoracion\/purpurina-holografica-para-decoracion-de-unas-lentejuelas-3d\/\"]}]},{\"@type\":\"BreadcrumbList\",\"@id\":\"https:\/\/hannacosmetica.com\/tienda\/manicura\/decoracion\/purpurina-holografica-para-decoracion-de-unas-lentejuelas-3d\/#breadcrumb\",\"itemListElement\":[{\"@type\":\"ListItem\",\"position\":1,\"name\":\"Portada\",\"item\":\"https:\/\/hannacosmetica.com\/\"},{\"@type\":\"ListItem\",\"position\":2,\"name\":\"Tienda\",\"item\":\"https:\/\/hannacosmetica.com\/shop\/\"},{\"@type\":\"ListItem\",\"position\":3,\"name\":\"Purpurina Hologr\u00e1fica para Decoraci\u00f3n de U\u00f1as\/ Lentejuelas 3D\"}]},{\"@type\":\"WebSite\",\"@id\":\"https:\/\/hannacosmetica.com\/#website\",\"url\":\"https:\/\/hannacosmetica.com\/\",\"name\":\"Hanna Cosm\u00e9tica\",\"description\":\"Tienda de productos u\u00f1as, bellezas y peluquer\u00edas\",\"publisher\":{\"@id\":\"https:\/\/hannacosmetica.com\/#organization\"},\"potentialAction\":[{\"@type\":\"SearchAction\",\"target\":{\"@type\":\"EntryPoint\",\"urlTemplate\":\"https:\/\/hannacosmetica.com\/?s={search_term_string}\"},\"query-input\":\"required name=search_term_string\"}],\"inLanguage\":\"fr-FR\"},{\"@type\":\"Organization\",\"@id\":\"https:\/\/hannacosmetica.com\/#organization\",\"name\":\"Hanna Cosm\u00e9tica\",\"url\":\"https:\/\/hannacosmetica.com\/\",\"logo\":{\"@type\":\"ImageObject\",\"inLanguage\":\"fr-FR\",\"@id\":\"https:\/\/hannacosmetica.com\/#\/schema\/logo\/image\/\",\"url\":\"https:\/\/hannacosmetica.com\/wp-content\/uploads\/2022\/07\/Logo-Joyeria-Femenino-Floral-Negro.png\",\"contentUrl\":\"https:\/\/hannacosmetica.com\/wp-content\/uploads\/2022\/07\/Logo-Joyeria-Femenino-Floral-Negro.png\",\"width\":361,\"height\":126,\"caption\":\"Hanna Cosm\u00e9tica\"},\"image\":{\"@id\":\"https:\/\/hannacosmetica.com\/#\/schema\/logo\/image\/\"}}]}<\/script>\n<!-- \/ Yoast SEO plugin. -->","yoast_head_json":{"title":"Purpurina Hologr\u00e1fica para Decoraci\u00f3n de U\u00f1as\/ Lentejuelas 3D - Hanna Cosm\u00e9tica","robots":{"index":"index","follow":"follow","max-snippet":"max-snippet:-1","max-image-preview":"max-image-preview:large","max-video-preview":"max-video-preview:-1"},"canonical":"https:\/\/hannacosmetica.com\/fr\/tienda\/manicura\/decoracion\/purpurina-holografica-para-decoracion-de-unas-lentejuelas-3d\/","og_locale":"fr_FR","og_type":"article","og_title":"Purpurina Hologr\u00e1fica para Decoraci\u00f3n de U\u00f1as\/ Lentejuelas 3D - Hanna Cosm\u00e9tica","og_description":"Contenido del paquete\u3011 6 cajas \/ juego de purpurina en polvo. Adecuado para cosm\u00e9ticos, pintura facial, manualidades, arte de u\u00f1as, tatuajes temporales,&hellip;","og_url":"https:\/\/hannacosmetica.com\/fr\/tienda\/manicura\/decoracion\/purpurina-holografica-para-decoracion-de-unas-lentejuelas-3d\/","og_site_name":"Hanna Cosm\u00e9tica","article_modified_time":"2023-04-13T16:41:31+00:00","og_image":[{"width":1800,"height":1350,"url":"https:\/\/hannacosmetica.com\/wp-content\/uploads\/2023\/04\/HANNA-UVLED-2023-04-13T181105.838.png","type":"image\/png"}],"twitter_card":"summary_large_image","schema":{"@context":"https:\/\/schema.org","@graph":[{"@type":"WebPage","@id":"https:\/\/hannacosmetica.com\/tienda\/manicura\/decoracion\/purpurina-holografica-para-decoracion-de-unas-lentejuelas-3d\/","url":"https:\/\/hannacosmetica.com\/tienda\/manicura\/decoracion\/purpurina-holografica-para-decoracion-de-unas-lentejuelas-3d\/","name":"Purpurina Hologr\u00e1fica para Decoraci\u00f3n de U\u00f1as\/ Lentejuelas 3D - Hanna Cosm\u00e9tica","isPartOf":{"@id":"https:\/\/hannacosmetica.com\/#website"},"datePublished":"2023-04-13T16:40:50+00:00","dateModified":"2023-04-13T16:41:31+00:00","breadcrumb":{"@id":"https:\/\/hannacosmetica.com\/tienda\/manicura\/decoracion\/purpurina-holografica-para-decoracion-de-unas-lentejuelas-3d\/#breadcrumb"},"inLanguage":"fr-FR","potentialAction":[{"@type":"ReadAction","target":["https:\/\/hannacosmetica.com\/tienda\/manicura\/decoracion\/purpurina-holografica-para-decoracion-de-unas-lentejuelas-3d\/"]}]},{"@type":"BreadcrumbList","@id":"https:\/\/hannacosmetica.com\/tienda\/manicura\/decoracion\/purpurina-holografica-para-decoracion-de-unas-lentejuelas-3d\/#breadcrumb","itemListElement":[{"@type":"ListItem","position":1,"name":"Portada","item":"https:\/\/hannacosmetica.com\/"},{"@type":"ListItem","position":2,"name":"Tienda","item":"https:\/\/hannacosmetica.com\/shop\/"},{"@type":"ListItem","position":3,"name":"Purpurina Hologr\u00e1fica para Decoraci\u00f3n de U\u00f1as\/ Lentejuelas 3D"}]},{"@type":"WebSite","@id":"https:\/\/hannacosmetica.com\/#website","url":"https:\/\/hannacosmetica.com\/","name":"Hanna Cosm\u00e9tica","description":"Tienda de productos u\u00f1as, bellezas y peluquer\u00edas","publisher":{"@id":"https:\/\/hannacosmetica.com\/#organization"},"potentialAction":[{"@type":"SearchAction","target":{"@type":"EntryPoint","urlTemplate":"https:\/\/hannacosmetica.com\/?s={search_term_string}"},"query-input":"required name=search_term_string"}],"inLanguage":"fr-FR"},{"@type":"Organization","@id":"https:\/\/hannacosmetica.com\/#organization","name":"Hanna Cosm\u00e9tica","url":"https:\/\/hannacosmetica.com\/","logo":{"@type":"ImageObject","inLanguage":"fr-FR","@id":"https:\/\/hannacosmetica.com\/#\/schema\/logo\/image\/","url":"https:\/\/hannacosmetica.com\/wp-content\/uploads\/2022\/07\/Logo-Joyeria-Femenino-Floral-Negro.png","contentUrl":"https:\/\/hannacosmetica.com\/wp-content\/uploads\/2022\/07\/Logo-Joyeria-Femenino-Floral-Negro.png","width":361,"height":126,"caption":"Hanna Cosm\u00e9tica"},"image":{"@id":"https:\/\/hannacosmetica.com\/#\/schema\/logo\/image\/"}}]}},"_links":{"self":[{"href":"https:\/\/hannacosmetica.com\/fr\/wp-json\/wp\/v2\/product\/12676"}],"collection":[{"href":"https:\/\/hannacosmetica.com\/fr\/wp-json\/wp\/v2\/product"}],"about":[{"href":"https:\/\/hannacosmetica.com\/fr\/wp-json\/wp\/v2\/types\/product"}],"replies":[{"embeddable":true,"href":"https:\/\/hannacosmetica.com\/fr\/wp-json\/wp\/v2\/comments?post=12676"}],"version-history":[{"count":3,"href":"https:\/\/hannacosmetica.com\/fr\/wp-json\/wp\/v2\/product\/12676\/revisions"}],"predecessor-version":[{"id":12691,"href":"https:\/\/hannacosmetica.com\/fr\/wp-json\/wp\/v2\/product\/12676\/revisions\/12691"}],"wp:featuredmedia":[{"embeddable":true,"href":"https:\/\/hannacosmetica.com\/fr\/wp-json\/wp\/v2\/media\/12678"}],"wp:attachment":[{"href":"https:\/\/hannacosmetica.com\/fr\/wp-json\/wp\/v2\/media?parent=12676"}],"wp:term":[{"taxonomy":"product_cat","embeddable":true,"href":"https:\/\/hannacosmetica.com\/fr\/wp-json\/wp\/v2\/product_cat?post=12676"},{"taxonomy":"product_tag","embeddable":true,"href":"https:\/\/hannacosmetica.com\/fr\/wp-json\/wp\/v2\/product_tag?post=12676"}],"curies":[{"name":"wp","href":"https:\/\/api.w.org\/{rel}","templated":true}]}}