{"id":12634,"date":"2023-04-13T14:06:22","date_gmt":"2023-04-13T14:06:22","guid":{"rendered":"https:\/\/hannacosmetica.com\/?post_type=product&#038;p=12634"},"modified":"2026-01-29T10:11:47","modified_gmt":"2026-01-29T10:11:47","slug":"hanna-pincel-acrilico-para-unas-100-puro-pinceles-acrilicos-kolinsky-tamano-10-pincel-para-pintar-unas-para-aplicacion-acrilica-dorado-pincel-profesional-para-unas-para-mujeres-8","status":"publish","type":"product","link":"https:\/\/hannacosmetica.com\/fr\/tienda\/manicura\/pinceles\/hanna-pincel-acrilico-para-unas-100-puro-pinceles-acrilicos-kolinsky-tamano-10-pincel-para-pintar-unas-para-aplicacion-acrilica-dorado-pincel-profesional-para-unas-para-mujeres-8\/","title":{"rendered":"1Pincel acr\u00edlico N\/10  para u\u00f1as, 100% puro Hanna , pinceles acr\u00edlicos Kolinsky, tama\u00f1o 10, pincel para pintar u\u00f1as para aplicaci\u00f3n acr\u00edlica, dorado pincel profesional para u\u00f1as para mujeres (#10)"},"content":{"rendered":"<h1 class=\"a-size-base-plus a-text-bold\"><span class=\"a-list-item\">PINCEL 100% KOLINSKY NUMERO 10<\/span><\/h1>\n<ul class=\"a-unordered-list a-vertical a-spacing-mini\">\n<li><span class=\"a-list-item\">PINCEL 10\u00a0 punto de Largo 20mm\/Ancho 7mm<\/span><\/li>\n<li><span class=\"a-list-item\">Pincel para u\u00f1as Pure Kolinsky: nuestros pinceles para u\u00f1as acr\u00edlicas est\u00e1n hechos 100% de cabello Kolinsky, que es suave, liso y natural, las cerdas no se caen f\u00e1cilmente. Tenemos cinco tama\u00f1os de bol\u00edgrafos para u\u00f1as, tama\u00f1o: 8\/10\/12\/14\/18<\/span><\/li>\n<li><span class=\"a-list-item\">Calidad premium: el balde para pinceles para u\u00f1as hecho de material de aleaci\u00f3n, no es f\u00e1cil de oxidar, no es f\u00e1cil de deformar, es m\u00e1s duradero. Un tubo recto separado ayuda a evitar que las martas se bifurquen. Mantenga el pelo del cepillo de u\u00f1as como el original, incluso si se ha usado muchas veces.<\/span><\/li>\n<li><span class=\"a-list-item\">Dise\u00f1o \u00fanico: el cepillo para u\u00f1as con mangos delicados y dise\u00f1o ergon\u00f3mico, proporciona una comodidad total para que lo sujeten todos los t\u00e9cnicos de u\u00f1as. El cabezal de cepillo de forma ovalada para polvo acr\u00edlico, extensi\u00f3n de u\u00f1as y tallado de u\u00f1as puede satisfacer sus diversas necesidades para crear u\u00f1as hermosas.<\/span><\/li>\n<li><span class=\"a-list-item\">NOTA: antes del primer uso, enjuague bien el nuevo cepillo para u\u00f1as con un limpiador de cepillos o mon\u00f3mero l\u00edquido, y NO use ACETONA para limpiar el cepillo. Despu\u00e9s de la manicura, s\u00e9cala lo m\u00e1s posible con una toalla de papel y dale forma antes de guardarla. Cuanto m\u00e1s a menudo se utilice el cepillo para u\u00f1as acr\u00edlicas, m\u00e1s suave ser\u00e1 el efecto.<\/span><\/li>\n<li><span class=\"a-list-item\">Amplio uso: los pinceles para u\u00f1as HANNA son adecuados para manicuristas y estudiantes profesionales, adecuados para bricolaje dom\u00e9stico o uso en salones. El cepillo para u\u00f1as acr\u00edlico con una hermosa caja de regalo es el mejor regalo para tus amigas.<\/span><\/li>\n<\/ul>","protected":false},"excerpt":{"rendered":"<p>PINCEL 100% KOLINSKY NUMERO 10 PINCEL 10\u00a0 punto de Largo 20mm\/Ancho 7mm Pincel para u\u00f1as Pure Kolinsky: nuestros pinceles para u\u00f1as acr\u00edlicas&hellip;<\/p>","protected":false},"featured_media":12642,"comment_status":"open","ping_status":"closed","template":"","meta":[],"product_cat":[304,82,97,87],"product_tag":[],"yoast_head":"<!-- This site is optimized with the Yoast SEO plugin v19.9 - https:\/\/yoast.com\/wordpress\/plugins\/seo\/ -->\n<title>1Pincel acr\u00edlico N\/10 para u\u00f1as, 100% puro Hanna , pinceles acr\u00edlicos Kolinsky, tama\u00f1o 10, pincel para pintar u\u00f1as para aplicaci\u00f3n acr\u00edlica, dorado pincel profesional para u\u00f1as para mujeres (#10) - Hanna Cosm\u00e9tica<\/title>\n<meta name=\"robots\" content=\"index, follow, max-snippet:-1, max-image-preview:large, max-video-preview:-1\" \/>\n<link rel=\"canonical\" href=\"https:\/\/hannacosmetica.com\/fr\/tienda\/manicura\/pinceles\/hanna-pincel-acrilico-para-unas-100-puro-pinceles-acrilicos-kolinsky-tamano-10-pincel-para-pintar-unas-para-aplicacion-acrilica-dorado-pincel-profesional-para-unas-para-mujeres-8\/\" \/>\n<meta property=\"og:locale\" content=\"fr_FR\" \/>\n<meta property=\"og:type\" content=\"article\" \/>\n<meta property=\"og:title\" content=\"1Pincel acr\u00edlico N\/10 para u\u00f1as, 100% puro Hanna , pinceles acr\u00edlicos Kolinsky, tama\u00f1o 10, pincel para pintar u\u00f1as para aplicaci\u00f3n acr\u00edlica, dorado pincel profesional para u\u00f1as para mujeres (#10) - Hanna Cosm\u00e9tica\" \/>\n<meta property=\"og:description\" content=\"PINCEL 100% KOLINSKY NUMERO 10 PINCEL 10\u00a0 punto de Largo 20mm\/Ancho 7mm Pincel para u\u00f1as Pure Kolinsky: nuestros pinceles para u\u00f1as acr\u00edlicas&hellip;\" \/>\n<meta property=\"og:url\" content=\"https:\/\/hannacosmetica.com\/fr\/tienda\/manicura\/pinceles\/hanna-pincel-acrilico-para-unas-100-puro-pinceles-acrilicos-kolinsky-tamano-10-pincel-para-pintar-unas-para-aplicacion-acrilica-dorado-pincel-profesional-para-unas-para-mujeres-8\/\" \/>\n<meta property=\"og:site_name\" content=\"Hanna Cosm\u00e9tica\" \/>\n<meta property=\"article:modified_time\" content=\"2026-01-29T10:11:47+00:00\" \/>\n<meta property=\"og:image\" content=\"https:\/\/hannacosmetica.com\/wp-content\/uploads\/2023\/04\/Black-Beige-Aesthetic-Minimalist-Signature-Initial-Logo-2.png\" \/>\n\t<meta property=\"og:image:width\" content=\"1563\" \/>\n\t<meta property=\"og:image:height\" content=\"1563\" \/>\n\t<meta property=\"og:image:type\" content=\"image\/png\" \/>\n<meta name=\"twitter:card\" content=\"summary_large_image\" \/>\n<script type=\"application\/ld+json\" class=\"yoast-schema-graph\">{\"@context\":\"https:\/\/schema.org\",\"@graph\":[{\"@type\":\"WebPage\",\"@id\":\"https:\/\/hannacosmetica.com\/tienda\/manicura\/pinceles\/hanna-pincel-acrilico-para-unas-100-puro-pinceles-acrilicos-kolinsky-tamano-10-pincel-para-pintar-unas-para-aplicacion-acrilica-dorado-pincel-profesional-para-unas-para-mujeres-8\/\",\"url\":\"https:\/\/hannacosmetica.com\/tienda\/manicura\/pinceles\/hanna-pincel-acrilico-para-unas-100-puro-pinceles-acrilicos-kolinsky-tamano-10-pincel-para-pintar-unas-para-aplicacion-acrilica-dorado-pincel-profesional-para-unas-para-mujeres-8\/\",\"name\":\"1Pincel acr\u00edlico N\/10 para u\u00f1as, 100% puro Hanna , pinceles acr\u00edlicos Kolinsky, tama\u00f1o 10, pincel para pintar u\u00f1as para aplicaci\u00f3n acr\u00edlica, dorado pincel profesional para u\u00f1as para mujeres (#10) - Hanna Cosm\u00e9tica\",\"isPartOf\":{\"@id\":\"https:\/\/hannacosmetica.com\/#website\"},\"datePublished\":\"2023-04-13T14:06:22+00:00\",\"dateModified\":\"2026-01-29T10:11:47+00:00\",\"breadcrumb\":{\"@id\":\"https:\/\/hannacosmetica.com\/tienda\/manicura\/pinceles\/hanna-pincel-acrilico-para-unas-100-puro-pinceles-acrilicos-kolinsky-tamano-10-pincel-para-pintar-unas-para-aplicacion-acrilica-dorado-pincel-profesional-para-unas-para-mujeres-8\/#breadcrumb\"},\"inLanguage\":\"fr-FR\",\"potentialAction\":[{\"@type\":\"ReadAction\",\"target\":[\"https:\/\/hannacosmetica.com\/tienda\/manicura\/pinceles\/hanna-pincel-acrilico-para-unas-100-puro-pinceles-acrilicos-kolinsky-tamano-10-pincel-para-pintar-unas-para-aplicacion-acrilica-dorado-pincel-profesional-para-unas-para-mujeres-8\/\"]}]},{\"@type\":\"BreadcrumbList\",\"@id\":\"https:\/\/hannacosmetica.com\/tienda\/manicura\/pinceles\/hanna-pincel-acrilico-para-unas-100-puro-pinceles-acrilicos-kolinsky-tamano-10-pincel-para-pintar-unas-para-aplicacion-acrilica-dorado-pincel-profesional-para-unas-para-mujeres-8\/#breadcrumb\",\"itemListElement\":[{\"@type\":\"ListItem\",\"position\":1,\"name\":\"Portada\",\"item\":\"https:\/\/hannacosmetica.com\/\"},{\"@type\":\"ListItem\",\"position\":2,\"name\":\"Tienda\",\"item\":\"https:\/\/hannacosmetica.com\/shop\/\"},{\"@type\":\"ListItem\",\"position\":3,\"name\":\"1Pincel acr\u00edlico N\/10 para u\u00f1as, 100% puro Hanna , pinceles acr\u00edlicos Kolinsky, tama\u00f1o 10, pincel para pintar u\u00f1as para aplicaci\u00f3n acr\u00edlica, dorado pincel profesional para u\u00f1as para mujeres (#10)\"}]},{\"@type\":\"WebSite\",\"@id\":\"https:\/\/hannacosmetica.com\/#website\",\"url\":\"https:\/\/hannacosmetica.com\/\",\"name\":\"Hanna Cosm\u00e9tica\",\"description\":\"Tienda de productos u\u00f1as, bellezas y peluquer\u00edas\",\"publisher\":{\"@id\":\"https:\/\/hannacosmetica.com\/#organization\"},\"potentialAction\":[{\"@type\":\"SearchAction\",\"target\":{\"@type\":\"EntryPoint\",\"urlTemplate\":\"https:\/\/hannacosmetica.com\/?s={search_term_string}\"},\"query-input\":\"required name=search_term_string\"}],\"inLanguage\":\"fr-FR\"},{\"@type\":\"Organization\",\"@id\":\"https:\/\/hannacosmetica.com\/#organization\",\"name\":\"Hanna Cosm\u00e9tica\",\"url\":\"https:\/\/hannacosmetica.com\/\",\"logo\":{\"@type\":\"ImageObject\",\"inLanguage\":\"fr-FR\",\"@id\":\"https:\/\/hannacosmetica.com\/#\/schema\/logo\/image\/\",\"url\":\"https:\/\/hannacosmetica.com\/wp-content\/uploads\/2022\/07\/Logo-Joyeria-Femenino-Floral-Negro.png\",\"contentUrl\":\"https:\/\/hannacosmetica.com\/wp-content\/uploads\/2022\/07\/Logo-Joyeria-Femenino-Floral-Negro.png\",\"width\":361,\"height\":126,\"caption\":\"Hanna Cosm\u00e9tica\"},\"image\":{\"@id\":\"https:\/\/hannacosmetica.com\/#\/schema\/logo\/image\/\"}}]}<\/script>\n<!-- \/ Yoast SEO plugin. -->","yoast_head_json":{"title":"1Pincel acr\u00edlico N\/10 para u\u00f1as, 100% puro Hanna , pinceles acr\u00edlicos Kolinsky, tama\u00f1o 10, pincel para pintar u\u00f1as para aplicaci\u00f3n acr\u00edlica, dorado pincel profesional para u\u00f1as para mujeres (#10) - Hanna Cosm\u00e9tica","robots":{"index":"index","follow":"follow","max-snippet":"max-snippet:-1","max-image-preview":"max-image-preview:large","max-video-preview":"max-video-preview:-1"},"canonical":"https:\/\/hannacosmetica.com\/fr\/tienda\/manicura\/pinceles\/hanna-pincel-acrilico-para-unas-100-puro-pinceles-acrilicos-kolinsky-tamano-10-pincel-para-pintar-unas-para-aplicacion-acrilica-dorado-pincel-profesional-para-unas-para-mujeres-8\/","og_locale":"fr_FR","og_type":"article","og_title":"1Pincel acr\u00edlico N\/10 para u\u00f1as, 100% puro Hanna , pinceles acr\u00edlicos Kolinsky, tama\u00f1o 10, pincel para pintar u\u00f1as para aplicaci\u00f3n acr\u00edlica, dorado pincel profesional para u\u00f1as para mujeres (#10) - Hanna Cosm\u00e9tica","og_description":"PINCEL 100% KOLINSKY NUMERO 10 PINCEL 10\u00a0 punto de Largo 20mm\/Ancho 7mm Pincel para u\u00f1as Pure Kolinsky: nuestros pinceles para u\u00f1as acr\u00edlicas&hellip;","og_url":"https:\/\/hannacosmetica.com\/fr\/tienda\/manicura\/pinceles\/hanna-pincel-acrilico-para-unas-100-puro-pinceles-acrilicos-kolinsky-tamano-10-pincel-para-pintar-unas-para-aplicacion-acrilica-dorado-pincel-profesional-para-unas-para-mujeres-8\/","og_site_name":"Hanna Cosm\u00e9tica","article_modified_time":"2026-01-29T10:11:47+00:00","og_image":[{"width":1563,"height":1563,"url":"https:\/\/hannacosmetica.com\/wp-content\/uploads\/2023\/04\/Black-Beige-Aesthetic-Minimalist-Signature-Initial-Logo-2.png","type":"image\/png"}],"twitter_card":"summary_large_image","schema":{"@context":"https:\/\/schema.org","@graph":[{"@type":"WebPage","@id":"https:\/\/hannacosmetica.com\/tienda\/manicura\/pinceles\/hanna-pincel-acrilico-para-unas-100-puro-pinceles-acrilicos-kolinsky-tamano-10-pincel-para-pintar-unas-para-aplicacion-acrilica-dorado-pincel-profesional-para-unas-para-mujeres-8\/","url":"https:\/\/hannacosmetica.com\/tienda\/manicura\/pinceles\/hanna-pincel-acrilico-para-unas-100-puro-pinceles-acrilicos-kolinsky-tamano-10-pincel-para-pintar-unas-para-aplicacion-acrilica-dorado-pincel-profesional-para-unas-para-mujeres-8\/","name":"1Pincel acr\u00edlico N\/10 para u\u00f1as, 100% puro Hanna , pinceles acr\u00edlicos Kolinsky, tama\u00f1o 10, pincel para pintar u\u00f1as para aplicaci\u00f3n acr\u00edlica, dorado pincel profesional para u\u00f1as para mujeres (#10) - Hanna Cosm\u00e9tica","isPartOf":{"@id":"https:\/\/hannacosmetica.com\/#website"},"datePublished":"2023-04-13T14:06:22+00:00","dateModified":"2026-01-29T10:11:47+00:00","breadcrumb":{"@id":"https:\/\/hannacosmetica.com\/tienda\/manicura\/pinceles\/hanna-pincel-acrilico-para-unas-100-puro-pinceles-acrilicos-kolinsky-tamano-10-pincel-para-pintar-unas-para-aplicacion-acrilica-dorado-pincel-profesional-para-unas-para-mujeres-8\/#breadcrumb"},"inLanguage":"fr-FR","potentialAction":[{"@type":"ReadAction","target":["https:\/\/hannacosmetica.com\/tienda\/manicura\/pinceles\/hanna-pincel-acrilico-para-unas-100-puro-pinceles-acrilicos-kolinsky-tamano-10-pincel-para-pintar-unas-para-aplicacion-acrilica-dorado-pincel-profesional-para-unas-para-mujeres-8\/"]}]},{"@type":"BreadcrumbList","@id":"https:\/\/hannacosmetica.com\/tienda\/manicura\/pinceles\/hanna-pincel-acrilico-para-unas-100-puro-pinceles-acrilicos-kolinsky-tamano-10-pincel-para-pintar-unas-para-aplicacion-acrilica-dorado-pincel-profesional-para-unas-para-mujeres-8\/#breadcrumb","itemListElement":[{"@type":"ListItem","position":1,"name":"Portada","item":"https:\/\/hannacosmetica.com\/"},{"@type":"ListItem","position":2,"name":"Tienda","item":"https:\/\/hannacosmetica.com\/shop\/"},{"@type":"ListItem","position":3,"name":"1Pincel acr\u00edlico N\/10 para u\u00f1as, 100% puro Hanna , pinceles acr\u00edlicos Kolinsky, tama\u00f1o 10, pincel para pintar u\u00f1as para aplicaci\u00f3n acr\u00edlica, dorado pincel profesional para u\u00f1as para mujeres (#10)"}]},{"@type":"WebSite","@id":"https:\/\/hannacosmetica.com\/#website","url":"https:\/\/hannacosmetica.com\/","name":"Hanna Cosm\u00e9tica","description":"Tienda de productos u\u00f1as, bellezas y peluquer\u00edas","publisher":{"@id":"https:\/\/hannacosmetica.com\/#organization"},"potentialAction":[{"@type":"SearchAction","target":{"@type":"EntryPoint","urlTemplate":"https:\/\/hannacosmetica.com\/?s={search_term_string}"},"query-input":"required name=search_term_string"}],"inLanguage":"fr-FR"},{"@type":"Organization","@id":"https:\/\/hannacosmetica.com\/#organization","name":"Hanna Cosm\u00e9tica","url":"https:\/\/hannacosmetica.com\/","logo":{"@type":"ImageObject","inLanguage":"fr-FR","@id":"https:\/\/hannacosmetica.com\/#\/schema\/logo\/image\/","url":"https:\/\/hannacosmetica.com\/wp-content\/uploads\/2022\/07\/Logo-Joyeria-Femenino-Floral-Negro.png","contentUrl":"https:\/\/hannacosmetica.com\/wp-content\/uploads\/2022\/07\/Logo-Joyeria-Femenino-Floral-Negro.png","width":361,"height":126,"caption":"Hanna Cosm\u00e9tica"},"image":{"@id":"https:\/\/hannacosmetica.com\/#\/schema\/logo\/image\/"}}]}},"_links":{"self":[{"href":"https:\/\/hannacosmetica.com\/fr\/wp-json\/wp\/v2\/product\/12634"}],"collection":[{"href":"https:\/\/hannacosmetica.com\/fr\/wp-json\/wp\/v2\/product"}],"about":[{"href":"https:\/\/hannacosmetica.com\/fr\/wp-json\/wp\/v2\/types\/product"}],"replies":[{"embeddable":true,"href":"https:\/\/hannacosmetica.com\/fr\/wp-json\/wp\/v2\/comments?post=12634"}],"version-history":[{"count":6,"href":"https:\/\/hannacosmetica.com\/fr\/wp-json\/wp\/v2\/product\/12634\/revisions"}],"predecessor-version":[{"id":12718,"href":"https:\/\/hannacosmetica.com\/fr\/wp-json\/wp\/v2\/product\/12634\/revisions\/12718"}],"wp:featuredmedia":[{"embeddable":true,"href":"https:\/\/hannacosmetica.com\/fr\/wp-json\/wp\/v2\/media\/12642"}],"wp:attachment":[{"href":"https:\/\/hannacosmetica.com\/fr\/wp-json\/wp\/v2\/media?parent=12634"}],"wp:term":[{"taxonomy":"product_cat","embeddable":true,"href":"https:\/\/hannacosmetica.com\/fr\/wp-json\/wp\/v2\/product_cat?post=12634"},{"taxonomy":"product_tag","embeddable":true,"href":"https:\/\/hannacosmetica.com\/fr\/wp-json\/wp\/v2\/product_tag?post=12634"}],"curies":[{"name":"wp","href":"https:\/\/api.w.org\/{rel}","templated":true}]}}