{"id":12630,"date":"2023-04-13T13:54:43","date_gmt":"2023-04-13T13:54:43","guid":{"rendered":"https:\/\/hannacosmetica.com\/?post_type=product&#038;p=12630"},"modified":"2025-10-13T10:40:00","modified_gmt":"2025-10-13T10:40:00","slug":"primer-hanna-15ml-promotor-de-adhesion-para-unas","status":"publish","type":"product","link":"https:\/\/hannacosmetica.com\/fr\/tienda\/manicura\/liquidos\/primer-hanna-15ml-promotor-de-adhesion-para-unas\/","title":{"rendered":"Primer Hanna 15ml\/ Promotor de adhesi\u00f3n  para  U\u00f1as"},"content":{"rendered":"<ul class=\"a-unordered-list a-vertical a-spacing-mini\">\n<li><span class=\"a-list-item\">MEJORA EL TRABAJO: la imprimaci\u00f3n mejora la fijaci\u00f3n y la duraci\u00f3n de las u\u00f1as Gel constructor \/ Gel de color \/ Esmalte en gel \/ Esmalte de u\u00f1as de un solo paso \/ Acr\u00edlico \/ Acr\u00edlico para u\u00f1as<\/span><\/li>\n<li><span class=\"a-list-item\">APLICACI\u00d3N R\u00c1PIDA: 1 Bullet of Primer para cada u\u00f1a<\/span><\/li>\n<li><span class=\"a-list-item\">SIN L\u00c1MPARAS: la imprimaci\u00f3n no requiere l\u00e1mparas porque se seca en unos instantes<\/span><\/li>\n<li><span class=\"a-list-item\">15 ml de producto de alta calidad utilizado en salones de u\u00f1as profesionales.<\/span><\/li>\n<\/ul>","protected":false},"excerpt":{"rendered":"<p>MEJORA EL TRABAJO: la imprimaci\u00f3n mejora la fijaci\u00f3n y la duraci\u00f3n de las u\u00f1as Gel constructor \/ Gel de color \/ Esmalte&hellip;<\/p>","protected":false},"featured_media":21216,"comment_status":"open","ping_status":"closed","template":"","meta":[],"product_cat":[304,82,94,87],"product_tag":[],"yoast_head":"<!-- This site is optimized with the Yoast SEO plugin v19.9 - https:\/\/yoast.com\/wordpress\/plugins\/seo\/ -->\n<title>Primer Hanna 15ml\/ Promotor de adhesi\u00f3n para U\u00f1as - Hanna Cosm\u00e9tica<\/title>\n<meta name=\"robots\" content=\"index, follow, max-snippet:-1, max-image-preview:large, max-video-preview:-1\" \/>\n<link rel=\"canonical\" href=\"https:\/\/hannacosmetica.com\/fr\/tienda\/manicura\/liquidos\/primer-hanna-15ml-promotor-de-adhesion-para-unas\/\" \/>\n<meta property=\"og:locale\" content=\"fr_FR\" \/>\n<meta property=\"og:type\" content=\"article\" \/>\n<meta property=\"og:title\" content=\"Primer Hanna 15ml\/ Promotor de adhesi\u00f3n para U\u00f1as - Hanna Cosm\u00e9tica\" \/>\n<meta property=\"og:description\" content=\"MEJORA EL TRABAJO: la imprimaci\u00f3n mejora la fijaci\u00f3n y la duraci\u00f3n de las u\u00f1as Gel constructor \/ Gel de color \/ Esmalte&hellip;\" \/>\n<meta property=\"og:url\" content=\"https:\/\/hannacosmetica.com\/fr\/tienda\/manicura\/liquidos\/primer-hanna-15ml-promotor-de-adhesion-para-unas\/\" \/>\n<meta property=\"og:site_name\" content=\"Hanna Cosm\u00e9tica\" \/>\n<meta property=\"article:modified_time\" content=\"2025-10-13T10:40:00+00:00\" \/>\n<meta property=\"og:image\" content=\"https:\/\/hannacosmetica.com\/wp-content\/uploads\/2025\/08\/5-Patas-para-una-mayor-firmeza-1.pdf-2025-08-25T140212.749.png\" \/>\n\t<meta property=\"og:image:width\" content=\"1469\" \/>\n\t<meta property=\"og:image:height\" content=\"1313\" \/>\n\t<meta property=\"og:image:type\" content=\"image\/png\" \/>\n<meta name=\"twitter:card\" content=\"summary_large_image\" \/>\n<script type=\"application\/ld+json\" class=\"yoast-schema-graph\">{\"@context\":\"https:\/\/schema.org\",\"@graph\":[{\"@type\":\"WebPage\",\"@id\":\"https:\/\/hannacosmetica.com\/tienda\/manicura\/liquidos\/primer-hanna-15ml-promotor-de-adhesion-para-unas\/\",\"url\":\"https:\/\/hannacosmetica.com\/tienda\/manicura\/liquidos\/primer-hanna-15ml-promotor-de-adhesion-para-unas\/\",\"name\":\"Primer Hanna 15ml\/ Promotor de adhesi\u00f3n para U\u00f1as - Hanna Cosm\u00e9tica\",\"isPartOf\":{\"@id\":\"https:\/\/hannacosmetica.com\/#website\"},\"datePublished\":\"2023-04-13T13:54:43+00:00\",\"dateModified\":\"2025-10-13T10:40:00+00:00\",\"breadcrumb\":{\"@id\":\"https:\/\/hannacosmetica.com\/tienda\/manicura\/liquidos\/primer-hanna-15ml-promotor-de-adhesion-para-unas\/#breadcrumb\"},\"inLanguage\":\"fr-FR\",\"potentialAction\":[{\"@type\":\"ReadAction\",\"target\":[\"https:\/\/hannacosmetica.com\/tienda\/manicura\/liquidos\/primer-hanna-15ml-promotor-de-adhesion-para-unas\/\"]}]},{\"@type\":\"BreadcrumbList\",\"@id\":\"https:\/\/hannacosmetica.com\/tienda\/manicura\/liquidos\/primer-hanna-15ml-promotor-de-adhesion-para-unas\/#breadcrumb\",\"itemListElement\":[{\"@type\":\"ListItem\",\"position\":1,\"name\":\"Portada\",\"item\":\"https:\/\/hannacosmetica.com\/\"},{\"@type\":\"ListItem\",\"position\":2,\"name\":\"Tienda\",\"item\":\"https:\/\/hannacosmetica.com\/shop\/\"},{\"@type\":\"ListItem\",\"position\":3,\"name\":\"Primer Hanna 15ml\/ Promotor de adhesi\u00f3n para U\u00f1as\"}]},{\"@type\":\"WebSite\",\"@id\":\"https:\/\/hannacosmetica.com\/#website\",\"url\":\"https:\/\/hannacosmetica.com\/\",\"name\":\"Hanna Cosm\u00e9tica\",\"description\":\"Tienda de productos u\u00f1as, bellezas y peluquer\u00edas\",\"publisher\":{\"@id\":\"https:\/\/hannacosmetica.com\/#organization\"},\"potentialAction\":[{\"@type\":\"SearchAction\",\"target\":{\"@type\":\"EntryPoint\",\"urlTemplate\":\"https:\/\/hannacosmetica.com\/?s={search_term_string}\"},\"query-input\":\"required name=search_term_string\"}],\"inLanguage\":\"fr-FR\"},{\"@type\":\"Organization\",\"@id\":\"https:\/\/hannacosmetica.com\/#organization\",\"name\":\"Hanna Cosm\u00e9tica\",\"url\":\"https:\/\/hannacosmetica.com\/\",\"logo\":{\"@type\":\"ImageObject\",\"inLanguage\":\"fr-FR\",\"@id\":\"https:\/\/hannacosmetica.com\/#\/schema\/logo\/image\/\",\"url\":\"https:\/\/hannacosmetica.com\/wp-content\/uploads\/2022\/07\/Logo-Joyeria-Femenino-Floral-Negro.png\",\"contentUrl\":\"https:\/\/hannacosmetica.com\/wp-content\/uploads\/2022\/07\/Logo-Joyeria-Femenino-Floral-Negro.png\",\"width\":361,\"height\":126,\"caption\":\"Hanna Cosm\u00e9tica\"},\"image\":{\"@id\":\"https:\/\/hannacosmetica.com\/#\/schema\/logo\/image\/\"}}]}<\/script>\n<!-- \/ Yoast SEO plugin. -->","yoast_head_json":{"title":"Primer Hanna 15ml\/ Promotor de adhesi\u00f3n para U\u00f1as - Hanna Cosm\u00e9tica","robots":{"index":"index","follow":"follow","max-snippet":"max-snippet:-1","max-image-preview":"max-image-preview:large","max-video-preview":"max-video-preview:-1"},"canonical":"https:\/\/hannacosmetica.com\/fr\/tienda\/manicura\/liquidos\/primer-hanna-15ml-promotor-de-adhesion-para-unas\/","og_locale":"fr_FR","og_type":"article","og_title":"Primer Hanna 15ml\/ Promotor de adhesi\u00f3n para U\u00f1as - Hanna Cosm\u00e9tica","og_description":"MEJORA EL TRABAJO: la imprimaci\u00f3n mejora la fijaci\u00f3n y la duraci\u00f3n de las u\u00f1as Gel constructor \/ Gel de color \/ Esmalte&hellip;","og_url":"https:\/\/hannacosmetica.com\/fr\/tienda\/manicura\/liquidos\/primer-hanna-15ml-promotor-de-adhesion-para-unas\/","og_site_name":"Hanna Cosm\u00e9tica","article_modified_time":"2025-10-13T10:40:00+00:00","og_image":[{"width":1469,"height":1313,"url":"https:\/\/hannacosmetica.com\/wp-content\/uploads\/2025\/08\/5-Patas-para-una-mayor-firmeza-1.pdf-2025-08-25T140212.749.png","type":"image\/png"}],"twitter_card":"summary_large_image","schema":{"@context":"https:\/\/schema.org","@graph":[{"@type":"WebPage","@id":"https:\/\/hannacosmetica.com\/tienda\/manicura\/liquidos\/primer-hanna-15ml-promotor-de-adhesion-para-unas\/","url":"https:\/\/hannacosmetica.com\/tienda\/manicura\/liquidos\/primer-hanna-15ml-promotor-de-adhesion-para-unas\/","name":"Primer Hanna 15ml\/ Promotor de adhesi\u00f3n para U\u00f1as - Hanna Cosm\u00e9tica","isPartOf":{"@id":"https:\/\/hannacosmetica.com\/#website"},"datePublished":"2023-04-13T13:54:43+00:00","dateModified":"2025-10-13T10:40:00+00:00","breadcrumb":{"@id":"https:\/\/hannacosmetica.com\/tienda\/manicura\/liquidos\/primer-hanna-15ml-promotor-de-adhesion-para-unas\/#breadcrumb"},"inLanguage":"fr-FR","potentialAction":[{"@type":"ReadAction","target":["https:\/\/hannacosmetica.com\/tienda\/manicura\/liquidos\/primer-hanna-15ml-promotor-de-adhesion-para-unas\/"]}]},{"@type":"BreadcrumbList","@id":"https:\/\/hannacosmetica.com\/tienda\/manicura\/liquidos\/primer-hanna-15ml-promotor-de-adhesion-para-unas\/#breadcrumb","itemListElement":[{"@type":"ListItem","position":1,"name":"Portada","item":"https:\/\/hannacosmetica.com\/"},{"@type":"ListItem","position":2,"name":"Tienda","item":"https:\/\/hannacosmetica.com\/shop\/"},{"@type":"ListItem","position":3,"name":"Primer Hanna 15ml\/ Promotor de adhesi\u00f3n para U\u00f1as"}]},{"@type":"WebSite","@id":"https:\/\/hannacosmetica.com\/#website","url":"https:\/\/hannacosmetica.com\/","name":"Hanna Cosm\u00e9tica","description":"Tienda de productos u\u00f1as, bellezas y peluquer\u00edas","publisher":{"@id":"https:\/\/hannacosmetica.com\/#organization"},"potentialAction":[{"@type":"SearchAction","target":{"@type":"EntryPoint","urlTemplate":"https:\/\/hannacosmetica.com\/?s={search_term_string}"},"query-input":"required name=search_term_string"}],"inLanguage":"fr-FR"},{"@type":"Organization","@id":"https:\/\/hannacosmetica.com\/#organization","name":"Hanna Cosm\u00e9tica","url":"https:\/\/hannacosmetica.com\/","logo":{"@type":"ImageObject","inLanguage":"fr-FR","@id":"https:\/\/hannacosmetica.com\/#\/schema\/logo\/image\/","url":"https:\/\/hannacosmetica.com\/wp-content\/uploads\/2022\/07\/Logo-Joyeria-Femenino-Floral-Negro.png","contentUrl":"https:\/\/hannacosmetica.com\/wp-content\/uploads\/2022\/07\/Logo-Joyeria-Femenino-Floral-Negro.png","width":361,"height":126,"caption":"Hanna Cosm\u00e9tica"},"image":{"@id":"https:\/\/hannacosmetica.com\/#\/schema\/logo\/image\/"}}]}},"_links":{"self":[{"href":"https:\/\/hannacosmetica.com\/fr\/wp-json\/wp\/v2\/product\/12630"}],"collection":[{"href":"https:\/\/hannacosmetica.com\/fr\/wp-json\/wp\/v2\/product"}],"about":[{"href":"https:\/\/hannacosmetica.com\/fr\/wp-json\/wp\/v2\/types\/product"}],"replies":[{"embeddable":true,"href":"https:\/\/hannacosmetica.com\/fr\/wp-json\/wp\/v2\/comments?post=12630"}],"version-history":[{"count":1,"href":"https:\/\/hannacosmetica.com\/fr\/wp-json\/wp\/v2\/product\/12630\/revisions"}],"predecessor-version":[{"id":12633,"href":"https:\/\/hannacosmetica.com\/fr\/wp-json\/wp\/v2\/product\/12630\/revisions\/12633"}],"wp:featuredmedia":[{"embeddable":true,"href":"https:\/\/hannacosmetica.com\/fr\/wp-json\/wp\/v2\/media\/21216"}],"wp:attachment":[{"href":"https:\/\/hannacosmetica.com\/fr\/wp-json\/wp\/v2\/media?parent=12630"}],"wp:term":[{"taxonomy":"product_cat","embeddable":true,"href":"https:\/\/hannacosmetica.com\/fr\/wp-json\/wp\/v2\/product_cat?post=12630"},{"taxonomy":"product_tag","embeddable":true,"href":"https:\/\/hannacosmetica.com\/fr\/wp-json\/wp\/v2\/product_tag?post=12630"}],"curies":[{"name":"wp","href":"https:\/\/api.w.org\/{rel}","templated":true}]}}