{"id":12598,"date":"2023-04-12T16:24:30","date_gmt":"2023-04-12T16:24:30","guid":{"rendered":"https:\/\/hannacosmetica.com\/?post_type=product&#038;p=12598"},"modified":"2023-04-12T16:24:31","modified_gmt":"2023-04-12T16:24:31","slug":"pincel-lengua-de-gato-pincel-para-unas-hanna","status":"publish","type":"product","link":"https:\/\/hannacosmetica.com\/fr\/tienda\/manicura\/pinceles\/pincel-lengua-de-gato-pincel-para-unas-hanna\/","title":{"rendered":"Pincel Lengua de Gato\/ Pincel para u\u00f1as Hanna"},"content":{"rendered":"<h6>Caracter\u00edsticas:<\/h6>\n<ul>\n<li>Pelo kolinsk dorado fino.<\/li>\n<li>marcha: Hanna<\/li>\n<li>Forma: lengua de gato.<\/li>\n<li>F\u00e9rula plana sin soldadura de lat\u00f3n niquelado .<\/li>\n<li>Mango largo, de color blanco placa brillante.<\/li>\n<li>Tiene un pelo flexible y resistente al desgaste, es apto tanto para pinturas espesas como fluidas, da un toque n\u00edtido y agudo.<\/li>\n<\/ul>\n<p><strong>Tipo:<\/strong>\u00a0lengua de gato<\/p>","protected":false},"excerpt":{"rendered":"<p>Caracter\u00edsticas: Pelo kolinsk dorado fino. marcha: Hanna Forma: lengua de gato. F\u00e9rula plana sin soldadura de lat\u00f3n niquelado . Mango largo, de&hellip;<\/p>","protected":false},"featured_media":12599,"comment_status":"open","ping_status":"closed","template":"","meta":[],"product_cat":[304,82,97,87],"product_tag":[],"yoast_head":"<!-- This site is optimized with the Yoast SEO plugin v19.9 - https:\/\/yoast.com\/wordpress\/plugins\/seo\/ -->\n<title>Pincel Lengua de Gato\/ Pincel para u\u00f1as Hanna - Hanna Cosm\u00e9tica<\/title>\n<meta name=\"robots\" content=\"index, follow, max-snippet:-1, max-image-preview:large, max-video-preview:-1\" \/>\n<link rel=\"canonical\" href=\"https:\/\/hannacosmetica.com\/fr\/tienda\/manicura\/pinceles\/pincel-lengua-de-gato-pincel-para-unas-hanna\/\" \/>\n<meta property=\"og:locale\" content=\"fr_FR\" \/>\n<meta property=\"og:type\" content=\"article\" \/>\n<meta property=\"og:title\" content=\"Pincel Lengua de Gato\/ Pincel para u\u00f1as Hanna - Hanna Cosm\u00e9tica\" \/>\n<meta property=\"og:description\" content=\"Caracter\u00edsticas: Pelo kolinsk dorado fino. marcha: Hanna Forma: lengua de gato. F\u00e9rula plana sin soldadura de lat\u00f3n niquelado . Mango largo, de&hellip;\" \/>\n<meta property=\"og:url\" content=\"https:\/\/hannacosmetica.com\/fr\/tienda\/manicura\/pinceles\/pincel-lengua-de-gato-pincel-para-unas-hanna\/\" \/>\n<meta property=\"og:site_name\" content=\"Hanna Cosm\u00e9tica\" \/>\n<meta property=\"article:modified_time\" content=\"2023-04-12T16:24:31+00:00\" \/>\n<meta property=\"og:image\" content=\"https:\/\/hannacosmetica.com\/wp-content\/uploads\/2023\/04\/HANNA-UVLED-2023-04-12T180906.240.png\" \/>\n\t<meta property=\"og:image:width\" content=\"1500\" \/>\n\t<meta property=\"og:image:height\" content=\"1125\" \/>\n\t<meta property=\"og:image:type\" content=\"image\/png\" \/>\n<meta name=\"twitter:card\" content=\"summary_large_image\" \/>\n<script type=\"application\/ld+json\" class=\"yoast-schema-graph\">{\"@context\":\"https:\/\/schema.org\",\"@graph\":[{\"@type\":\"WebPage\",\"@id\":\"https:\/\/hannacosmetica.com\/tienda\/manicura\/pinceles\/pincel-lengua-de-gato-pincel-para-unas-hanna\/\",\"url\":\"https:\/\/hannacosmetica.com\/tienda\/manicura\/pinceles\/pincel-lengua-de-gato-pincel-para-unas-hanna\/\",\"name\":\"Pincel Lengua de Gato\/ Pincel para u\u00f1as Hanna - Hanna Cosm\u00e9tica\",\"isPartOf\":{\"@id\":\"https:\/\/hannacosmetica.com\/#website\"},\"datePublished\":\"2023-04-12T16:24:30+00:00\",\"dateModified\":\"2023-04-12T16:24:31+00:00\",\"breadcrumb\":{\"@id\":\"https:\/\/hannacosmetica.com\/tienda\/manicura\/pinceles\/pincel-lengua-de-gato-pincel-para-unas-hanna\/#breadcrumb\"},\"inLanguage\":\"fr-FR\",\"potentialAction\":[{\"@type\":\"ReadAction\",\"target\":[\"https:\/\/hannacosmetica.com\/tienda\/manicura\/pinceles\/pincel-lengua-de-gato-pincel-para-unas-hanna\/\"]}]},{\"@type\":\"BreadcrumbList\",\"@id\":\"https:\/\/hannacosmetica.com\/tienda\/manicura\/pinceles\/pincel-lengua-de-gato-pincel-para-unas-hanna\/#breadcrumb\",\"itemListElement\":[{\"@type\":\"ListItem\",\"position\":1,\"name\":\"Portada\",\"item\":\"https:\/\/hannacosmetica.com\/\"},{\"@type\":\"ListItem\",\"position\":2,\"name\":\"Tienda\",\"item\":\"https:\/\/hannacosmetica.com\/shop\/\"},{\"@type\":\"ListItem\",\"position\":3,\"name\":\"Pincel Lengua de Gato\/ Pincel para u\u00f1as Hanna\"}]},{\"@type\":\"WebSite\",\"@id\":\"https:\/\/hannacosmetica.com\/#website\",\"url\":\"https:\/\/hannacosmetica.com\/\",\"name\":\"Hanna Cosm\u00e9tica\",\"description\":\"Tienda de productos u\u00f1as, bellezas y peluquer\u00edas\",\"publisher\":{\"@id\":\"https:\/\/hannacosmetica.com\/#organization\"},\"potentialAction\":[{\"@type\":\"SearchAction\",\"target\":{\"@type\":\"EntryPoint\",\"urlTemplate\":\"https:\/\/hannacosmetica.com\/?s={search_term_string}\"},\"query-input\":\"required name=search_term_string\"}],\"inLanguage\":\"fr-FR\"},{\"@type\":\"Organization\",\"@id\":\"https:\/\/hannacosmetica.com\/#organization\",\"name\":\"Hanna Cosm\u00e9tica\",\"url\":\"https:\/\/hannacosmetica.com\/\",\"logo\":{\"@type\":\"ImageObject\",\"inLanguage\":\"fr-FR\",\"@id\":\"https:\/\/hannacosmetica.com\/#\/schema\/logo\/image\/\",\"url\":\"https:\/\/hannacosmetica.com\/wp-content\/uploads\/2022\/07\/Logo-Joyeria-Femenino-Floral-Negro.png\",\"contentUrl\":\"https:\/\/hannacosmetica.com\/wp-content\/uploads\/2022\/07\/Logo-Joyeria-Femenino-Floral-Negro.png\",\"width\":361,\"height\":126,\"caption\":\"Hanna Cosm\u00e9tica\"},\"image\":{\"@id\":\"https:\/\/hannacosmetica.com\/#\/schema\/logo\/image\/\"}}]}<\/script>\n<!-- \/ Yoast SEO plugin. -->","yoast_head_json":{"title":"Pincel Lengua de Gato\/ Pincel para u\u00f1as Hanna - Hanna Cosm\u00e9tica","robots":{"index":"index","follow":"follow","max-snippet":"max-snippet:-1","max-image-preview":"max-image-preview:large","max-video-preview":"max-video-preview:-1"},"canonical":"https:\/\/hannacosmetica.com\/fr\/tienda\/manicura\/pinceles\/pincel-lengua-de-gato-pincel-para-unas-hanna\/","og_locale":"fr_FR","og_type":"article","og_title":"Pincel Lengua de Gato\/ Pincel para u\u00f1as Hanna - Hanna Cosm\u00e9tica","og_description":"Caracter\u00edsticas: Pelo kolinsk dorado fino. marcha: Hanna Forma: lengua de gato. F\u00e9rula plana sin soldadura de lat\u00f3n niquelado . Mango largo, de&hellip;","og_url":"https:\/\/hannacosmetica.com\/fr\/tienda\/manicura\/pinceles\/pincel-lengua-de-gato-pincel-para-unas-hanna\/","og_site_name":"Hanna Cosm\u00e9tica","article_modified_time":"2023-04-12T16:24:31+00:00","og_image":[{"width":1500,"height":1125,"url":"https:\/\/hannacosmetica.com\/wp-content\/uploads\/2023\/04\/HANNA-UVLED-2023-04-12T180906.240.png","type":"image\/png"}],"twitter_card":"summary_large_image","schema":{"@context":"https:\/\/schema.org","@graph":[{"@type":"WebPage","@id":"https:\/\/hannacosmetica.com\/tienda\/manicura\/pinceles\/pincel-lengua-de-gato-pincel-para-unas-hanna\/","url":"https:\/\/hannacosmetica.com\/tienda\/manicura\/pinceles\/pincel-lengua-de-gato-pincel-para-unas-hanna\/","name":"Pincel Lengua de Gato\/ Pincel para u\u00f1as Hanna - Hanna Cosm\u00e9tica","isPartOf":{"@id":"https:\/\/hannacosmetica.com\/#website"},"datePublished":"2023-04-12T16:24:30+00:00","dateModified":"2023-04-12T16:24:31+00:00","breadcrumb":{"@id":"https:\/\/hannacosmetica.com\/tienda\/manicura\/pinceles\/pincel-lengua-de-gato-pincel-para-unas-hanna\/#breadcrumb"},"inLanguage":"fr-FR","potentialAction":[{"@type":"ReadAction","target":["https:\/\/hannacosmetica.com\/tienda\/manicura\/pinceles\/pincel-lengua-de-gato-pincel-para-unas-hanna\/"]}]},{"@type":"BreadcrumbList","@id":"https:\/\/hannacosmetica.com\/tienda\/manicura\/pinceles\/pincel-lengua-de-gato-pincel-para-unas-hanna\/#breadcrumb","itemListElement":[{"@type":"ListItem","position":1,"name":"Portada","item":"https:\/\/hannacosmetica.com\/"},{"@type":"ListItem","position":2,"name":"Tienda","item":"https:\/\/hannacosmetica.com\/shop\/"},{"@type":"ListItem","position":3,"name":"Pincel Lengua de Gato\/ Pincel para u\u00f1as Hanna"}]},{"@type":"WebSite","@id":"https:\/\/hannacosmetica.com\/#website","url":"https:\/\/hannacosmetica.com\/","name":"Hanna Cosm\u00e9tica","description":"Tienda de productos u\u00f1as, bellezas y peluquer\u00edas","publisher":{"@id":"https:\/\/hannacosmetica.com\/#organization"},"potentialAction":[{"@type":"SearchAction","target":{"@type":"EntryPoint","urlTemplate":"https:\/\/hannacosmetica.com\/?s={search_term_string}"},"query-input":"required name=search_term_string"}],"inLanguage":"fr-FR"},{"@type":"Organization","@id":"https:\/\/hannacosmetica.com\/#organization","name":"Hanna Cosm\u00e9tica","url":"https:\/\/hannacosmetica.com\/","logo":{"@type":"ImageObject","inLanguage":"fr-FR","@id":"https:\/\/hannacosmetica.com\/#\/schema\/logo\/image\/","url":"https:\/\/hannacosmetica.com\/wp-content\/uploads\/2022\/07\/Logo-Joyeria-Femenino-Floral-Negro.png","contentUrl":"https:\/\/hannacosmetica.com\/wp-content\/uploads\/2022\/07\/Logo-Joyeria-Femenino-Floral-Negro.png","width":361,"height":126,"caption":"Hanna Cosm\u00e9tica"},"image":{"@id":"https:\/\/hannacosmetica.com\/#\/schema\/logo\/image\/"}}]}},"_links":{"self":[{"href":"https:\/\/hannacosmetica.com\/fr\/wp-json\/wp\/v2\/product\/12598"}],"collection":[{"href":"https:\/\/hannacosmetica.com\/fr\/wp-json\/wp\/v2\/product"}],"about":[{"href":"https:\/\/hannacosmetica.com\/fr\/wp-json\/wp\/v2\/types\/product"}],"replies":[{"embeddable":true,"href":"https:\/\/hannacosmetica.com\/fr\/wp-json\/wp\/v2\/comments?post=12598"}],"version-history":[{"count":1,"href":"https:\/\/hannacosmetica.com\/fr\/wp-json\/wp\/v2\/product\/12598\/revisions"}],"predecessor-version":[{"id":12602,"href":"https:\/\/hannacosmetica.com\/fr\/wp-json\/wp\/v2\/product\/12598\/revisions\/12602"}],"wp:featuredmedia":[{"embeddable":true,"href":"https:\/\/hannacosmetica.com\/fr\/wp-json\/wp\/v2\/media\/12599"}],"wp:attachment":[{"href":"https:\/\/hannacosmetica.com\/fr\/wp-json\/wp\/v2\/media?parent=12598"}],"wp:term":[{"taxonomy":"product_cat","embeddable":true,"href":"https:\/\/hannacosmetica.com\/fr\/wp-json\/wp\/v2\/product_cat?post=12598"},{"taxonomy":"product_tag","embeddable":true,"href":"https:\/\/hannacosmetica.com\/fr\/wp-json\/wp\/v2\/product_tag?post=12598"}],"curies":[{"name":"wp","href":"https:\/\/api.w.org\/{rel}","templated":true}]}}