{"id":12591,"date":"2023-04-12T15:50:24","date_gmt":"2023-04-12T15:50:24","guid":{"rendered":"https:\/\/hannacosmetica.com\/?post_type=product&#038;p=12591"},"modified":"2023-04-12T15:50:24","modified_gmt":"2023-04-12T15:50:24","slug":"aceite-de-cuticula-en-boli-hanna-aceite-revitalizador-olor-fresa","status":"publish","type":"product","link":"https:\/\/hannacosmetica.com\/fr\/tienda\/manicura\/liquidos\/aceite-de-cuticula-en-boli-hanna-aceite-revitalizador-olor-fresa\/","title":{"rendered":"Aceite de Cut\u00edcula en boli Hanna\/ Aceite revitalizador olor Fresa"},"content":{"rendered":"<ul>\n<li><span data-spm-anchor-id=\"a2g0o.detail.1000023.i0.685b2527y29p2L\">Adecuado para aplicar en u\u00f1as de gel UV\/U\u00f1as acr\u00edlicas\/u\u00f1as postizas\/u\u00f1as naturales\/etc.\u00a0<\/span><\/li>\n<li>\u00a0Herramienta profesional de manicura para t\u00e9cnico de manicura<br \/>\nPerfecto para uso dom\u00e9stico o uso profesional.<br \/>\nPluma nutriente de fruta f\u00e1cil de absorber. F\u00e1cil de usar.<\/li>\n<li>Ingredientes: aceite de semilla de uva. Amino\u00e1cidos. Queratina Natural. Calcio. Aceite de c\u00e1rtamo. Vitamina A. Vitamina E. Aceite de s\u00e9samo, timol, etc.<\/li>\n<li>M\u00e9todo de uso:<br \/>\nEl Cepillo giratorio en el otro extremo. El l\u00edquido se colocar\u00e1 a un lado para pintarlo y pintar bien la piel.<br \/>\nTambi\u00e9n puede masajear suavemente. Es m\u00e1s f\u00e1cil de absorber.<br \/>\nLas vitaminas son muy beneficiosas para las u\u00f1as, pueden hacer que Las u\u00f1as fr\u00e1giles se vuelvan fuertes. Promueve la producci\u00f3n de prote\u00edna de queratinocitos, para acelerar el crecimiento saludable de las u\u00f1as.<\/li>\n<\/ul>","protected":false},"excerpt":{"rendered":"<p>Adecuado para aplicar en u\u00f1as de gel UV\/U\u00f1as acr\u00edlicas\/u\u00f1as postizas\/u\u00f1as naturales\/etc.\u00a0 \u00a0Herramienta profesional de manicura para t\u00e9cnico de manicura Perfecto para uso&hellip;<\/p>","protected":false},"featured_media":12585,"comment_status":"open","ping_status":"closed","template":"","meta":[],"product_cat":[304,82,94,87],"product_tag":[],"yoast_head":"<!-- This site is optimized with the Yoast SEO plugin v19.9 - https:\/\/yoast.com\/wordpress\/plugins\/seo\/ -->\n<title>Aceite de Cut\u00edcula en boli Hanna\/ Aceite revitalizador olor Fresa - Hanna Cosm\u00e9tica<\/title>\n<meta name=\"robots\" content=\"index, follow, max-snippet:-1, max-image-preview:large, max-video-preview:-1\" \/>\n<link rel=\"canonical\" href=\"https:\/\/hannacosmetica.com\/fr\/tienda\/manicura\/liquidos\/aceite-de-cuticula-en-boli-hanna-aceite-revitalizador-olor-fresa\/\" \/>\n<meta property=\"og:locale\" content=\"fr_FR\" \/>\n<meta property=\"og:type\" content=\"article\" \/>\n<meta property=\"og:title\" content=\"Aceite de Cut\u00edcula en boli Hanna\/ Aceite revitalizador olor Fresa - Hanna Cosm\u00e9tica\" \/>\n<meta property=\"og:description\" content=\"Adecuado para aplicar en u\u00f1as de gel UV\/U\u00f1as acr\u00edlicas\/u\u00f1as postizas\/u\u00f1as naturales\/etc.\u00a0 \u00a0Herramienta profesional de manicura para t\u00e9cnico de manicura Perfecto para uso&hellip;\" \/>\n<meta property=\"og:url\" content=\"https:\/\/hannacosmetica.com\/fr\/tienda\/manicura\/liquidos\/aceite-de-cuticula-en-boli-hanna-aceite-revitalizador-olor-fresa\/\" \/>\n<meta property=\"og:site_name\" content=\"Hanna Cosm\u00e9tica\" \/>\n<meta property=\"og:image\" content=\"https:\/\/hannacosmetica.com\/wp-content\/uploads\/2023\/04\/HANNA-UVLED-2023-04-12T173441.845.png\" \/>\n\t<meta property=\"og:image:width\" content=\"1500\" \/>\n\t<meta property=\"og:image:height\" content=\"1125\" \/>\n\t<meta property=\"og:image:type\" content=\"image\/png\" \/>\n<meta name=\"twitter:card\" content=\"summary_large_image\" \/>\n<script type=\"application\/ld+json\" class=\"yoast-schema-graph\">{\"@context\":\"https:\/\/schema.org\",\"@graph\":[{\"@type\":\"WebPage\",\"@id\":\"https:\/\/hannacosmetica.com\/tienda\/manicura\/liquidos\/aceite-de-cuticula-en-boli-hanna-aceite-revitalizador-olor-fresa\/\",\"url\":\"https:\/\/hannacosmetica.com\/tienda\/manicura\/liquidos\/aceite-de-cuticula-en-boli-hanna-aceite-revitalizador-olor-fresa\/\",\"name\":\"Aceite de Cut\u00edcula en boli Hanna\/ Aceite revitalizador olor Fresa - Hanna Cosm\u00e9tica\",\"isPartOf\":{\"@id\":\"https:\/\/hannacosmetica.com\/#website\"},\"datePublished\":\"2023-04-12T15:50:24+00:00\",\"dateModified\":\"2023-04-12T15:50:24+00:00\",\"breadcrumb\":{\"@id\":\"https:\/\/hannacosmetica.com\/tienda\/manicura\/liquidos\/aceite-de-cuticula-en-boli-hanna-aceite-revitalizador-olor-fresa\/#breadcrumb\"},\"inLanguage\":\"fr-FR\",\"potentialAction\":[{\"@type\":\"ReadAction\",\"target\":[\"https:\/\/hannacosmetica.com\/tienda\/manicura\/liquidos\/aceite-de-cuticula-en-boli-hanna-aceite-revitalizador-olor-fresa\/\"]}]},{\"@type\":\"BreadcrumbList\",\"@id\":\"https:\/\/hannacosmetica.com\/tienda\/manicura\/liquidos\/aceite-de-cuticula-en-boli-hanna-aceite-revitalizador-olor-fresa\/#breadcrumb\",\"itemListElement\":[{\"@type\":\"ListItem\",\"position\":1,\"name\":\"Portada\",\"item\":\"https:\/\/hannacosmetica.com\/\"},{\"@type\":\"ListItem\",\"position\":2,\"name\":\"Tienda\",\"item\":\"https:\/\/hannacosmetica.com\/shop\/\"},{\"@type\":\"ListItem\",\"position\":3,\"name\":\"Aceite de Cut\u00edcula en boli Hanna\/ Aceite revitalizador olor Fresa\"}]},{\"@type\":\"WebSite\",\"@id\":\"https:\/\/hannacosmetica.com\/#website\",\"url\":\"https:\/\/hannacosmetica.com\/\",\"name\":\"Hanna Cosm\u00e9tica\",\"description\":\"Tienda de productos u\u00f1as, bellezas y peluquer\u00edas\",\"publisher\":{\"@id\":\"https:\/\/hannacosmetica.com\/#organization\"},\"potentialAction\":[{\"@type\":\"SearchAction\",\"target\":{\"@type\":\"EntryPoint\",\"urlTemplate\":\"https:\/\/hannacosmetica.com\/?s={search_term_string}\"},\"query-input\":\"required name=search_term_string\"}],\"inLanguage\":\"fr-FR\"},{\"@type\":\"Organization\",\"@id\":\"https:\/\/hannacosmetica.com\/#organization\",\"name\":\"Hanna Cosm\u00e9tica\",\"url\":\"https:\/\/hannacosmetica.com\/\",\"logo\":{\"@type\":\"ImageObject\",\"inLanguage\":\"fr-FR\",\"@id\":\"https:\/\/hannacosmetica.com\/#\/schema\/logo\/image\/\",\"url\":\"https:\/\/hannacosmetica.com\/wp-content\/uploads\/2022\/07\/Logo-Joyeria-Femenino-Floral-Negro.png\",\"contentUrl\":\"https:\/\/hannacosmetica.com\/wp-content\/uploads\/2022\/07\/Logo-Joyeria-Femenino-Floral-Negro.png\",\"width\":361,\"height\":126,\"caption\":\"Hanna Cosm\u00e9tica\"},\"image\":{\"@id\":\"https:\/\/hannacosmetica.com\/#\/schema\/logo\/image\/\"}}]}<\/script>\n<!-- \/ Yoast SEO plugin. -->","yoast_head_json":{"title":"Aceite de Cut\u00edcula en boli Hanna\/ Aceite revitalizador olor Fresa - Hanna Cosm\u00e9tica","robots":{"index":"index","follow":"follow","max-snippet":"max-snippet:-1","max-image-preview":"max-image-preview:large","max-video-preview":"max-video-preview:-1"},"canonical":"https:\/\/hannacosmetica.com\/fr\/tienda\/manicura\/liquidos\/aceite-de-cuticula-en-boli-hanna-aceite-revitalizador-olor-fresa\/","og_locale":"fr_FR","og_type":"article","og_title":"Aceite de Cut\u00edcula en boli Hanna\/ Aceite revitalizador olor Fresa - Hanna Cosm\u00e9tica","og_description":"Adecuado para aplicar en u\u00f1as de gel UV\/U\u00f1as acr\u00edlicas\/u\u00f1as postizas\/u\u00f1as naturales\/etc.\u00a0 \u00a0Herramienta profesional de manicura para t\u00e9cnico de manicura Perfecto para uso&hellip;","og_url":"https:\/\/hannacosmetica.com\/fr\/tienda\/manicura\/liquidos\/aceite-de-cuticula-en-boli-hanna-aceite-revitalizador-olor-fresa\/","og_site_name":"Hanna Cosm\u00e9tica","og_image":[{"width":1500,"height":1125,"url":"https:\/\/hannacosmetica.com\/wp-content\/uploads\/2023\/04\/HANNA-UVLED-2023-04-12T173441.845.png","type":"image\/png"}],"twitter_card":"summary_large_image","schema":{"@context":"https:\/\/schema.org","@graph":[{"@type":"WebPage","@id":"https:\/\/hannacosmetica.com\/tienda\/manicura\/liquidos\/aceite-de-cuticula-en-boli-hanna-aceite-revitalizador-olor-fresa\/","url":"https:\/\/hannacosmetica.com\/tienda\/manicura\/liquidos\/aceite-de-cuticula-en-boli-hanna-aceite-revitalizador-olor-fresa\/","name":"Aceite de Cut\u00edcula en boli Hanna\/ Aceite revitalizador olor Fresa - Hanna Cosm\u00e9tica","isPartOf":{"@id":"https:\/\/hannacosmetica.com\/#website"},"datePublished":"2023-04-12T15:50:24+00:00","dateModified":"2023-04-12T15:50:24+00:00","breadcrumb":{"@id":"https:\/\/hannacosmetica.com\/tienda\/manicura\/liquidos\/aceite-de-cuticula-en-boli-hanna-aceite-revitalizador-olor-fresa\/#breadcrumb"},"inLanguage":"fr-FR","potentialAction":[{"@type":"ReadAction","target":["https:\/\/hannacosmetica.com\/tienda\/manicura\/liquidos\/aceite-de-cuticula-en-boli-hanna-aceite-revitalizador-olor-fresa\/"]}]},{"@type":"BreadcrumbList","@id":"https:\/\/hannacosmetica.com\/tienda\/manicura\/liquidos\/aceite-de-cuticula-en-boli-hanna-aceite-revitalizador-olor-fresa\/#breadcrumb","itemListElement":[{"@type":"ListItem","position":1,"name":"Portada","item":"https:\/\/hannacosmetica.com\/"},{"@type":"ListItem","position":2,"name":"Tienda","item":"https:\/\/hannacosmetica.com\/shop\/"},{"@type":"ListItem","position":3,"name":"Aceite de Cut\u00edcula en boli Hanna\/ Aceite revitalizador olor Fresa"}]},{"@type":"WebSite","@id":"https:\/\/hannacosmetica.com\/#website","url":"https:\/\/hannacosmetica.com\/","name":"Hanna Cosm\u00e9tica","description":"Tienda de productos u\u00f1as, bellezas y peluquer\u00edas","publisher":{"@id":"https:\/\/hannacosmetica.com\/#organization"},"potentialAction":[{"@type":"SearchAction","target":{"@type":"EntryPoint","urlTemplate":"https:\/\/hannacosmetica.com\/?s={search_term_string}"},"query-input":"required name=search_term_string"}],"inLanguage":"fr-FR"},{"@type":"Organization","@id":"https:\/\/hannacosmetica.com\/#organization","name":"Hanna Cosm\u00e9tica","url":"https:\/\/hannacosmetica.com\/","logo":{"@type":"ImageObject","inLanguage":"fr-FR","@id":"https:\/\/hannacosmetica.com\/#\/schema\/logo\/image\/","url":"https:\/\/hannacosmetica.com\/wp-content\/uploads\/2022\/07\/Logo-Joyeria-Femenino-Floral-Negro.png","contentUrl":"https:\/\/hannacosmetica.com\/wp-content\/uploads\/2022\/07\/Logo-Joyeria-Femenino-Floral-Negro.png","width":361,"height":126,"caption":"Hanna Cosm\u00e9tica"},"image":{"@id":"https:\/\/hannacosmetica.com\/#\/schema\/logo\/image\/"}}]}},"_links":{"self":[{"href":"https:\/\/hannacosmetica.com\/fr\/wp-json\/wp\/v2\/product\/12591"}],"collection":[{"href":"https:\/\/hannacosmetica.com\/fr\/wp-json\/wp\/v2\/product"}],"about":[{"href":"https:\/\/hannacosmetica.com\/fr\/wp-json\/wp\/v2\/types\/product"}],"replies":[{"embeddable":true,"href":"https:\/\/hannacosmetica.com\/fr\/wp-json\/wp\/v2\/comments?post=12591"}],"version-history":[{"count":1,"href":"https:\/\/hannacosmetica.com\/fr\/wp-json\/wp\/v2\/product\/12591\/revisions"}],"predecessor-version":[{"id":12592,"href":"https:\/\/hannacosmetica.com\/fr\/wp-json\/wp\/v2\/product\/12591\/revisions\/12592"}],"wp:featuredmedia":[{"embeddable":true,"href":"https:\/\/hannacosmetica.com\/fr\/wp-json\/wp\/v2\/media\/12585"}],"wp:attachment":[{"href":"https:\/\/hannacosmetica.com\/fr\/wp-json\/wp\/v2\/media?parent=12591"}],"wp:term":[{"taxonomy":"product_cat","embeddable":true,"href":"https:\/\/hannacosmetica.com\/fr\/wp-json\/wp\/v2\/product_cat?post=12591"},{"taxonomy":"product_tag","embeddable":true,"href":"https:\/\/hannacosmetica.com\/fr\/wp-json\/wp\/v2\/product_tag?post=12591"}],"curies":[{"name":"wp","href":"https:\/\/api.w.org\/{rel}","templated":true}]}}