{"id":12559,"date":"2023-04-12T10:37:21","date_gmt":"2023-04-12T10:37:21","guid":{"rendered":"https:\/\/hannacosmetica.com\/?post_type=product&#038;p=12559"},"modified":"2023-04-12T10:37:22","modified_gmt":"2023-04-12T10:37:22","slug":"top-coat-transparente-gel-de-acabado-semipermanente-sellador-de-esmalte-de-unas","status":"publish","type":"product","link":"https:\/\/hannacosmetica.com\/fr\/tienda\/manicura\/base-y-top-coat\/top-coat-transparente-gel-de-acabado-semipermanente-sellador-de-esmalte-de-unas\/","title":{"rendered":"Top Coat transparente \/ Gel de Acabado Semipermanente\/ Sellador de Esmalte de U\u00f1as"},"content":{"rendered":"<ul class=\"a-unordered-list a-vertical a-spacing-mini\">\n<li><span class=\"a-list-item\">Top Coat para esmalte de u\u00f1as en gel profesional semipermanente\u00a0<\/span><\/li>\n<li><span class=\"a-list-item\">Brillo sensacional y duradero\u00a0<\/span><\/li>\n<li><span class=\"a-list-item\">Secado r\u00e1pido<\/span><\/li>\n<li>F\u00e1cil aplicaci\u00f3n<\/li>\n<li>tama\u00f1o: 15ml<\/li>\n<li>color: transparente<\/li>\n<\/ul>","protected":false},"excerpt":{"rendered":"<p>Top Coat para esmalte de u\u00f1as en gel profesional semipermanente\u00a0 Brillo sensacional y duradero\u00a0 Secado r\u00e1pido F\u00e1cil aplicaci\u00f3n tama\u00f1o: 15ml color: transparente<\/p>","protected":false},"featured_media":12560,"comment_status":"open","ping_status":"closed","template":"","meta":[],"product_cat":[143,304,82,87],"product_tag":[],"yoast_head":"<!-- This site is optimized with the Yoast SEO plugin v19.9 - https:\/\/yoast.com\/wordpress\/plugins\/seo\/ -->\n<title>Top Coat transparente \/ Gel de Acabado Semipermanente\/ Sellador de Esmalte de U\u00f1as - Hanna Cosm\u00e9tica<\/title>\n<meta name=\"robots\" content=\"index, follow, max-snippet:-1, max-image-preview:large, max-video-preview:-1\" \/>\n<link rel=\"canonical\" href=\"https:\/\/hannacosmetica.com\/fr\/tienda\/manicura\/base-y-top-coat\/top-coat-transparente-gel-de-acabado-semipermanente-sellador-de-esmalte-de-unas\/\" \/>\n<meta property=\"og:locale\" content=\"fr_FR\" \/>\n<meta property=\"og:type\" content=\"article\" \/>\n<meta property=\"og:title\" content=\"Top Coat transparente \/ Gel de Acabado Semipermanente\/ Sellador de Esmalte de U\u00f1as - Hanna Cosm\u00e9tica\" \/>\n<meta property=\"og:description\" content=\"Top Coat para esmalte de u\u00f1as en gel profesional semipermanente\u00a0 Brillo sensacional y duradero\u00a0 Secado r\u00e1pido F\u00e1cil aplicaci\u00f3n tama\u00f1o: 15ml color: transparente\" \/>\n<meta property=\"og:url\" content=\"https:\/\/hannacosmetica.com\/fr\/tienda\/manicura\/base-y-top-coat\/top-coat-transparente-gel-de-acabado-semipermanente-sellador-de-esmalte-de-unas\/\" \/>\n<meta property=\"og:site_name\" content=\"Hanna Cosm\u00e9tica\" \/>\n<meta property=\"article:modified_time\" content=\"2023-04-12T10:37:22+00:00\" \/>\n<meta property=\"og:image\" content=\"https:\/\/hannacosmetica.com\/wp-content\/uploads\/2023\/04\/HANNA-UVLED-97.png\" \/>\n\t<meta property=\"og:image:width\" content=\"800\" \/>\n\t<meta property=\"og:image:height\" content=\"600\" \/>\n\t<meta property=\"og:image:type\" content=\"image\/png\" \/>\n<meta name=\"twitter:card\" content=\"summary_large_image\" \/>\n<script type=\"application\/ld+json\" class=\"yoast-schema-graph\">{\"@context\":\"https:\/\/schema.org\",\"@graph\":[{\"@type\":\"WebPage\",\"@id\":\"https:\/\/hannacosmetica.com\/tienda\/manicura\/base-y-top-coat\/top-coat-transparente-gel-de-acabado-semipermanente-sellador-de-esmalte-de-unas\/\",\"url\":\"https:\/\/hannacosmetica.com\/tienda\/manicura\/base-y-top-coat\/top-coat-transparente-gel-de-acabado-semipermanente-sellador-de-esmalte-de-unas\/\",\"name\":\"Top Coat transparente \/ Gel de Acabado Semipermanente\/ Sellador de Esmalte de U\u00f1as - Hanna Cosm\u00e9tica\",\"isPartOf\":{\"@id\":\"https:\/\/hannacosmetica.com\/#website\"},\"datePublished\":\"2023-04-12T10:37:21+00:00\",\"dateModified\":\"2023-04-12T10:37:22+00:00\",\"breadcrumb\":{\"@id\":\"https:\/\/hannacosmetica.com\/tienda\/manicura\/base-y-top-coat\/top-coat-transparente-gel-de-acabado-semipermanente-sellador-de-esmalte-de-unas\/#breadcrumb\"},\"inLanguage\":\"fr-FR\",\"potentialAction\":[{\"@type\":\"ReadAction\",\"target\":[\"https:\/\/hannacosmetica.com\/tienda\/manicura\/base-y-top-coat\/top-coat-transparente-gel-de-acabado-semipermanente-sellador-de-esmalte-de-unas\/\"]}]},{\"@type\":\"BreadcrumbList\",\"@id\":\"https:\/\/hannacosmetica.com\/tienda\/manicura\/base-y-top-coat\/top-coat-transparente-gel-de-acabado-semipermanente-sellador-de-esmalte-de-unas\/#breadcrumb\",\"itemListElement\":[{\"@type\":\"ListItem\",\"position\":1,\"name\":\"Portada\",\"item\":\"https:\/\/hannacosmetica.com\/\"},{\"@type\":\"ListItem\",\"position\":2,\"name\":\"Tienda\",\"item\":\"https:\/\/hannacosmetica.com\/shop\/\"},{\"@type\":\"ListItem\",\"position\":3,\"name\":\"Top Coat transparente \/ Gel de Acabado Semipermanente\/ Sellador de Esmalte de U\u00f1as\"}]},{\"@type\":\"WebSite\",\"@id\":\"https:\/\/hannacosmetica.com\/#website\",\"url\":\"https:\/\/hannacosmetica.com\/\",\"name\":\"Hanna Cosm\u00e9tica\",\"description\":\"Tienda de productos u\u00f1as, bellezas y peluquer\u00edas\",\"publisher\":{\"@id\":\"https:\/\/hannacosmetica.com\/#organization\"},\"potentialAction\":[{\"@type\":\"SearchAction\",\"target\":{\"@type\":\"EntryPoint\",\"urlTemplate\":\"https:\/\/hannacosmetica.com\/?s={search_term_string}\"},\"query-input\":\"required name=search_term_string\"}],\"inLanguage\":\"fr-FR\"},{\"@type\":\"Organization\",\"@id\":\"https:\/\/hannacosmetica.com\/#organization\",\"name\":\"Hanna Cosm\u00e9tica\",\"url\":\"https:\/\/hannacosmetica.com\/\",\"logo\":{\"@type\":\"ImageObject\",\"inLanguage\":\"fr-FR\",\"@id\":\"https:\/\/hannacosmetica.com\/#\/schema\/logo\/image\/\",\"url\":\"https:\/\/hannacosmetica.com\/wp-content\/uploads\/2022\/07\/Logo-Joyeria-Femenino-Floral-Negro.png\",\"contentUrl\":\"https:\/\/hannacosmetica.com\/wp-content\/uploads\/2022\/07\/Logo-Joyeria-Femenino-Floral-Negro.png\",\"width\":361,\"height\":126,\"caption\":\"Hanna Cosm\u00e9tica\"},\"image\":{\"@id\":\"https:\/\/hannacosmetica.com\/#\/schema\/logo\/image\/\"}}]}<\/script>\n<!-- \/ Yoast SEO plugin. -->","yoast_head_json":{"title":"Top Coat transparente \/ Gel de Acabado Semipermanente\/ Sellador de Esmalte de U\u00f1as - Hanna Cosm\u00e9tica","robots":{"index":"index","follow":"follow","max-snippet":"max-snippet:-1","max-image-preview":"max-image-preview:large","max-video-preview":"max-video-preview:-1"},"canonical":"https:\/\/hannacosmetica.com\/fr\/tienda\/manicura\/base-y-top-coat\/top-coat-transparente-gel-de-acabado-semipermanente-sellador-de-esmalte-de-unas\/","og_locale":"fr_FR","og_type":"article","og_title":"Top Coat transparente \/ Gel de Acabado Semipermanente\/ Sellador de Esmalte de U\u00f1as - Hanna Cosm\u00e9tica","og_description":"Top Coat para esmalte de u\u00f1as en gel profesional semipermanente\u00a0 Brillo sensacional y duradero\u00a0 Secado r\u00e1pido F\u00e1cil aplicaci\u00f3n tama\u00f1o: 15ml color: transparente","og_url":"https:\/\/hannacosmetica.com\/fr\/tienda\/manicura\/base-y-top-coat\/top-coat-transparente-gel-de-acabado-semipermanente-sellador-de-esmalte-de-unas\/","og_site_name":"Hanna Cosm\u00e9tica","article_modified_time":"2023-04-12T10:37:22+00:00","og_image":[{"width":800,"height":600,"url":"https:\/\/hannacosmetica.com\/wp-content\/uploads\/2023\/04\/HANNA-UVLED-97.png","type":"image\/png"}],"twitter_card":"summary_large_image","schema":{"@context":"https:\/\/schema.org","@graph":[{"@type":"WebPage","@id":"https:\/\/hannacosmetica.com\/tienda\/manicura\/base-y-top-coat\/top-coat-transparente-gel-de-acabado-semipermanente-sellador-de-esmalte-de-unas\/","url":"https:\/\/hannacosmetica.com\/tienda\/manicura\/base-y-top-coat\/top-coat-transparente-gel-de-acabado-semipermanente-sellador-de-esmalte-de-unas\/","name":"Top Coat transparente \/ Gel de Acabado Semipermanente\/ Sellador de Esmalte de U\u00f1as - Hanna Cosm\u00e9tica","isPartOf":{"@id":"https:\/\/hannacosmetica.com\/#website"},"datePublished":"2023-04-12T10:37:21+00:00","dateModified":"2023-04-12T10:37:22+00:00","breadcrumb":{"@id":"https:\/\/hannacosmetica.com\/tienda\/manicura\/base-y-top-coat\/top-coat-transparente-gel-de-acabado-semipermanente-sellador-de-esmalte-de-unas\/#breadcrumb"},"inLanguage":"fr-FR","potentialAction":[{"@type":"ReadAction","target":["https:\/\/hannacosmetica.com\/tienda\/manicura\/base-y-top-coat\/top-coat-transparente-gel-de-acabado-semipermanente-sellador-de-esmalte-de-unas\/"]}]},{"@type":"BreadcrumbList","@id":"https:\/\/hannacosmetica.com\/tienda\/manicura\/base-y-top-coat\/top-coat-transparente-gel-de-acabado-semipermanente-sellador-de-esmalte-de-unas\/#breadcrumb","itemListElement":[{"@type":"ListItem","position":1,"name":"Portada","item":"https:\/\/hannacosmetica.com\/"},{"@type":"ListItem","position":2,"name":"Tienda","item":"https:\/\/hannacosmetica.com\/shop\/"},{"@type":"ListItem","position":3,"name":"Top Coat transparente \/ Gel de Acabado Semipermanente\/ Sellador de Esmalte de U\u00f1as"}]},{"@type":"WebSite","@id":"https:\/\/hannacosmetica.com\/#website","url":"https:\/\/hannacosmetica.com\/","name":"Hanna Cosm\u00e9tica","description":"Tienda de productos u\u00f1as, bellezas y peluquer\u00edas","publisher":{"@id":"https:\/\/hannacosmetica.com\/#organization"},"potentialAction":[{"@type":"SearchAction","target":{"@type":"EntryPoint","urlTemplate":"https:\/\/hannacosmetica.com\/?s={search_term_string}"},"query-input":"required name=search_term_string"}],"inLanguage":"fr-FR"},{"@type":"Organization","@id":"https:\/\/hannacosmetica.com\/#organization","name":"Hanna Cosm\u00e9tica","url":"https:\/\/hannacosmetica.com\/","logo":{"@type":"ImageObject","inLanguage":"fr-FR","@id":"https:\/\/hannacosmetica.com\/#\/schema\/logo\/image\/","url":"https:\/\/hannacosmetica.com\/wp-content\/uploads\/2022\/07\/Logo-Joyeria-Femenino-Floral-Negro.png","contentUrl":"https:\/\/hannacosmetica.com\/wp-content\/uploads\/2022\/07\/Logo-Joyeria-Femenino-Floral-Negro.png","width":361,"height":126,"caption":"Hanna Cosm\u00e9tica"},"image":{"@id":"https:\/\/hannacosmetica.com\/#\/schema\/logo\/image\/"}}]}},"_links":{"self":[{"href":"https:\/\/hannacosmetica.com\/fr\/wp-json\/wp\/v2\/product\/12559"}],"collection":[{"href":"https:\/\/hannacosmetica.com\/fr\/wp-json\/wp\/v2\/product"}],"about":[{"href":"https:\/\/hannacosmetica.com\/fr\/wp-json\/wp\/v2\/types\/product"}],"replies":[{"embeddable":true,"href":"https:\/\/hannacosmetica.com\/fr\/wp-json\/wp\/v2\/comments?post=12559"}],"version-history":[{"count":2,"href":"https:\/\/hannacosmetica.com\/fr\/wp-json\/wp\/v2\/product\/12559\/revisions"}],"predecessor-version":[{"id":12563,"href":"https:\/\/hannacosmetica.com\/fr\/wp-json\/wp\/v2\/product\/12559\/revisions\/12563"}],"wp:featuredmedia":[{"embeddable":true,"href":"https:\/\/hannacosmetica.com\/fr\/wp-json\/wp\/v2\/media\/12560"}],"wp:attachment":[{"href":"https:\/\/hannacosmetica.com\/fr\/wp-json\/wp\/v2\/media?parent=12559"}],"wp:term":[{"taxonomy":"product_cat","embeddable":true,"href":"https:\/\/hannacosmetica.com\/fr\/wp-json\/wp\/v2\/product_cat?post=12559"},{"taxonomy":"product_tag","embeddable":true,"href":"https:\/\/hannacosmetica.com\/fr\/wp-json\/wp\/v2\/product_tag?post=12559"}],"curies":[{"name":"wp","href":"https:\/\/api.w.org\/{rel}","templated":true}]}}