{"id":12550,"date":"2023-04-11T16:48:52","date_gmt":"2023-04-11T16:48:52","guid":{"rendered":"https:\/\/hannacosmetica.com\/?post_type=product&#038;p=12550"},"modified":"2026-01-16T17:42:57","modified_gmt":"2026-01-16T17:42:57","slug":"gel-metalico-esmalte-de-unas-metalizado-color-dorado","status":"publish","type":"product","link":"https:\/\/hannacosmetica.com\/fr\/tienda\/hanna-exclusive\/gel-hanna-exclusive\/gel-metalico-esmalte-de-unas-metalizado-color-dorado\/","title":{"rendered":"Gel met\u00e1lico \/ Esmalte de  u\u00f1as metalizado color: Dorado"},"content":{"rendered":"<ul class=\"a-unordered-list a-vertical a-spacing-mini\">\n<li><span class=\"a-list-item\">Esmalte de u\u00f1as de gel\u00a0 metalizado Es m\u00e1s grueso que el esmalte de u\u00f1as general, no se encoge ni se cae f\u00e1cilmente y es f\u00e1cil de colorear<\/span><\/li>\n<li><span class=\"a-list-item\">Pintura: puede aplicarse tanto a u\u00f1as postizas como a u\u00f1as naturales<\/span><\/li>\n<li><span class=\"a-list-item\">\u00a0Adecuado para su uso con otros productos de decoraci\u00f3n de u\u00f1as<\/span><\/li>\n<li><span class=\"a-list-item\">Ideal para crear tu propio dise\u00f1o de u\u00f1as en las u\u00f1as de las manos o de los pies<\/span><\/li>\n<li>tama\u00f1o 8ml<\/li>\n<li>color: dorado<\/li>\n<\/ul>","protected":false},"excerpt":{"rendered":"<p>Esmalte de u\u00f1as de gel\u00a0 metalizado Es m\u00e1s grueso que el esmalte de u\u00f1as general, no se encoge ni se cae f\u00e1cilmente&hellip;<\/p>","protected":false},"featured_media":15792,"comment_status":"open","ping_status":"closed","template":"","meta":[],"product_cat":[307,304,82,96,98,87],"product_tag":[],"yoast_head":"<!-- This site is optimized with the Yoast SEO plugin v19.9 - https:\/\/yoast.com\/wordpress\/plugins\/seo\/ -->\n<title>Gel met\u00e1lico \/ Esmalte de u\u00f1as metalizado color: Dorado - Hanna Cosm\u00e9tica<\/title>\n<meta name=\"robots\" content=\"index, follow, max-snippet:-1, max-image-preview:large, max-video-preview:-1\" \/>\n<link rel=\"canonical\" href=\"https:\/\/hannacosmetica.com\/fr\/tienda\/hanna-exclusive\/gel-hanna-exclusive\/gel-metalico-esmalte-de-unas-metalizado-color-dorado\/\" \/>\n<meta property=\"og:locale\" content=\"fr_FR\" \/>\n<meta property=\"og:type\" content=\"article\" \/>\n<meta property=\"og:title\" content=\"Gel met\u00e1lico \/ Esmalte de u\u00f1as metalizado color: Dorado - Hanna Cosm\u00e9tica\" \/>\n<meta property=\"og:description\" content=\"Esmalte de u\u00f1as de gel\u00a0 metalizado Es m\u00e1s grueso que el esmalte de u\u00f1as general, no se encoge ni se cae f\u00e1cilmente&hellip;\" \/>\n<meta property=\"og:url\" content=\"https:\/\/hannacosmetica.com\/fr\/tienda\/hanna-exclusive\/gel-hanna-exclusive\/gel-metalico-esmalte-de-unas-metalizado-color-dorado\/\" \/>\n<meta property=\"og:site_name\" content=\"Hanna Cosm\u00e9tica\" \/>\n<meta property=\"article:modified_time\" content=\"2026-01-16T17:42:57+00:00\" \/>\n<meta property=\"og:image\" content=\"https:\/\/hannacosmetica.com\/wp-content\/uploads\/2023\/12\/molde-23.png\" \/>\n\t<meta property=\"og:image:width\" content=\"1080\" \/>\n\t<meta property=\"og:image:height\" content=\"1080\" \/>\n\t<meta property=\"og:image:type\" content=\"image\/png\" \/>\n<meta name=\"twitter:card\" content=\"summary_large_image\" \/>\n<script type=\"application\/ld+json\" class=\"yoast-schema-graph\">{\"@context\":\"https:\/\/schema.org\",\"@graph\":[{\"@type\":\"WebPage\",\"@id\":\"https:\/\/hannacosmetica.com\/tienda\/hanna-exclusive\/gel-hanna-exclusive\/gel-metalico-esmalte-de-unas-metalizado-color-dorado\/\",\"url\":\"https:\/\/hannacosmetica.com\/tienda\/hanna-exclusive\/gel-hanna-exclusive\/gel-metalico-esmalte-de-unas-metalizado-color-dorado\/\",\"name\":\"Gel met\u00e1lico \/ Esmalte de u\u00f1as metalizado color: Dorado - Hanna Cosm\u00e9tica\",\"isPartOf\":{\"@id\":\"https:\/\/hannacosmetica.com\/#website\"},\"datePublished\":\"2023-04-11T16:48:52+00:00\",\"dateModified\":\"2026-01-16T17:42:57+00:00\",\"breadcrumb\":{\"@id\":\"https:\/\/hannacosmetica.com\/tienda\/hanna-exclusive\/gel-hanna-exclusive\/gel-metalico-esmalte-de-unas-metalizado-color-dorado\/#breadcrumb\"},\"inLanguage\":\"fr-FR\",\"potentialAction\":[{\"@type\":\"ReadAction\",\"target\":[\"https:\/\/hannacosmetica.com\/tienda\/hanna-exclusive\/gel-hanna-exclusive\/gel-metalico-esmalte-de-unas-metalizado-color-dorado\/\"]}]},{\"@type\":\"BreadcrumbList\",\"@id\":\"https:\/\/hannacosmetica.com\/tienda\/hanna-exclusive\/gel-hanna-exclusive\/gel-metalico-esmalte-de-unas-metalizado-color-dorado\/#breadcrumb\",\"itemListElement\":[{\"@type\":\"ListItem\",\"position\":1,\"name\":\"Portada\",\"item\":\"https:\/\/hannacosmetica.com\/\"},{\"@type\":\"ListItem\",\"position\":2,\"name\":\"Tienda\",\"item\":\"https:\/\/hannacosmetica.com\/shop\/\"},{\"@type\":\"ListItem\",\"position\":3,\"name\":\"Gel met\u00e1lico \/ Esmalte de u\u00f1as metalizado color: Dorado\"}]},{\"@type\":\"WebSite\",\"@id\":\"https:\/\/hannacosmetica.com\/#website\",\"url\":\"https:\/\/hannacosmetica.com\/\",\"name\":\"Hanna Cosm\u00e9tica\",\"description\":\"Tienda de productos u\u00f1as, bellezas y peluquer\u00edas\",\"publisher\":{\"@id\":\"https:\/\/hannacosmetica.com\/#organization\"},\"potentialAction\":[{\"@type\":\"SearchAction\",\"target\":{\"@type\":\"EntryPoint\",\"urlTemplate\":\"https:\/\/hannacosmetica.com\/?s={search_term_string}\"},\"query-input\":\"required name=search_term_string\"}],\"inLanguage\":\"fr-FR\"},{\"@type\":\"Organization\",\"@id\":\"https:\/\/hannacosmetica.com\/#organization\",\"name\":\"Hanna Cosm\u00e9tica\",\"url\":\"https:\/\/hannacosmetica.com\/\",\"logo\":{\"@type\":\"ImageObject\",\"inLanguage\":\"fr-FR\",\"@id\":\"https:\/\/hannacosmetica.com\/#\/schema\/logo\/image\/\",\"url\":\"https:\/\/hannacosmetica.com\/wp-content\/uploads\/2022\/07\/Logo-Joyeria-Femenino-Floral-Negro.png\",\"contentUrl\":\"https:\/\/hannacosmetica.com\/wp-content\/uploads\/2022\/07\/Logo-Joyeria-Femenino-Floral-Negro.png\",\"width\":361,\"height\":126,\"caption\":\"Hanna Cosm\u00e9tica\"},\"image\":{\"@id\":\"https:\/\/hannacosmetica.com\/#\/schema\/logo\/image\/\"}}]}<\/script>\n<!-- \/ Yoast SEO plugin. -->","yoast_head_json":{"title":"Gel met\u00e1lico \/ Esmalte de u\u00f1as metalizado color: Dorado - Hanna Cosm\u00e9tica","robots":{"index":"index","follow":"follow","max-snippet":"max-snippet:-1","max-image-preview":"max-image-preview:large","max-video-preview":"max-video-preview:-1"},"canonical":"https:\/\/hannacosmetica.com\/fr\/tienda\/hanna-exclusive\/gel-hanna-exclusive\/gel-metalico-esmalte-de-unas-metalizado-color-dorado\/","og_locale":"fr_FR","og_type":"article","og_title":"Gel met\u00e1lico \/ Esmalte de u\u00f1as metalizado color: Dorado - Hanna Cosm\u00e9tica","og_description":"Esmalte de u\u00f1as de gel\u00a0 metalizado Es m\u00e1s grueso que el esmalte de u\u00f1as general, no se encoge ni se cae f\u00e1cilmente&hellip;","og_url":"https:\/\/hannacosmetica.com\/fr\/tienda\/hanna-exclusive\/gel-hanna-exclusive\/gel-metalico-esmalte-de-unas-metalizado-color-dorado\/","og_site_name":"Hanna Cosm\u00e9tica","article_modified_time":"2026-01-16T17:42:57+00:00","og_image":[{"width":1080,"height":1080,"url":"https:\/\/hannacosmetica.com\/wp-content\/uploads\/2023\/12\/molde-23.png","type":"image\/png"}],"twitter_card":"summary_large_image","schema":{"@context":"https:\/\/schema.org","@graph":[{"@type":"WebPage","@id":"https:\/\/hannacosmetica.com\/tienda\/hanna-exclusive\/gel-hanna-exclusive\/gel-metalico-esmalte-de-unas-metalizado-color-dorado\/","url":"https:\/\/hannacosmetica.com\/tienda\/hanna-exclusive\/gel-hanna-exclusive\/gel-metalico-esmalte-de-unas-metalizado-color-dorado\/","name":"Gel met\u00e1lico \/ Esmalte de u\u00f1as metalizado color: Dorado - Hanna Cosm\u00e9tica","isPartOf":{"@id":"https:\/\/hannacosmetica.com\/#website"},"datePublished":"2023-04-11T16:48:52+00:00","dateModified":"2026-01-16T17:42:57+00:00","breadcrumb":{"@id":"https:\/\/hannacosmetica.com\/tienda\/hanna-exclusive\/gel-hanna-exclusive\/gel-metalico-esmalte-de-unas-metalizado-color-dorado\/#breadcrumb"},"inLanguage":"fr-FR","potentialAction":[{"@type":"ReadAction","target":["https:\/\/hannacosmetica.com\/tienda\/hanna-exclusive\/gel-hanna-exclusive\/gel-metalico-esmalte-de-unas-metalizado-color-dorado\/"]}]},{"@type":"BreadcrumbList","@id":"https:\/\/hannacosmetica.com\/tienda\/hanna-exclusive\/gel-hanna-exclusive\/gel-metalico-esmalte-de-unas-metalizado-color-dorado\/#breadcrumb","itemListElement":[{"@type":"ListItem","position":1,"name":"Portada","item":"https:\/\/hannacosmetica.com\/"},{"@type":"ListItem","position":2,"name":"Tienda","item":"https:\/\/hannacosmetica.com\/shop\/"},{"@type":"ListItem","position":3,"name":"Gel met\u00e1lico \/ Esmalte de u\u00f1as metalizado color: Dorado"}]},{"@type":"WebSite","@id":"https:\/\/hannacosmetica.com\/#website","url":"https:\/\/hannacosmetica.com\/","name":"Hanna Cosm\u00e9tica","description":"Tienda de productos u\u00f1as, bellezas y peluquer\u00edas","publisher":{"@id":"https:\/\/hannacosmetica.com\/#organization"},"potentialAction":[{"@type":"SearchAction","target":{"@type":"EntryPoint","urlTemplate":"https:\/\/hannacosmetica.com\/?s={search_term_string}"},"query-input":"required name=search_term_string"}],"inLanguage":"fr-FR"},{"@type":"Organization","@id":"https:\/\/hannacosmetica.com\/#organization","name":"Hanna Cosm\u00e9tica","url":"https:\/\/hannacosmetica.com\/","logo":{"@type":"ImageObject","inLanguage":"fr-FR","@id":"https:\/\/hannacosmetica.com\/#\/schema\/logo\/image\/","url":"https:\/\/hannacosmetica.com\/wp-content\/uploads\/2022\/07\/Logo-Joyeria-Femenino-Floral-Negro.png","contentUrl":"https:\/\/hannacosmetica.com\/wp-content\/uploads\/2022\/07\/Logo-Joyeria-Femenino-Floral-Negro.png","width":361,"height":126,"caption":"Hanna Cosm\u00e9tica"},"image":{"@id":"https:\/\/hannacosmetica.com\/#\/schema\/logo\/image\/"}}]}},"_links":{"self":[{"href":"https:\/\/hannacosmetica.com\/fr\/wp-json\/wp\/v2\/product\/12550"}],"collection":[{"href":"https:\/\/hannacosmetica.com\/fr\/wp-json\/wp\/v2\/product"}],"about":[{"href":"https:\/\/hannacosmetica.com\/fr\/wp-json\/wp\/v2\/types\/product"}],"replies":[{"embeddable":true,"href":"https:\/\/hannacosmetica.com\/fr\/wp-json\/wp\/v2\/comments?post=12550"}],"version-history":[{"count":1,"href":"https:\/\/hannacosmetica.com\/fr\/wp-json\/wp\/v2\/product\/12550\/revisions"}],"predecessor-version":[{"id":12553,"href":"https:\/\/hannacosmetica.com\/fr\/wp-json\/wp\/v2\/product\/12550\/revisions\/12553"}],"wp:featuredmedia":[{"embeddable":true,"href":"https:\/\/hannacosmetica.com\/fr\/wp-json\/wp\/v2\/media\/15792"}],"wp:attachment":[{"href":"https:\/\/hannacosmetica.com\/fr\/wp-json\/wp\/v2\/media?parent=12550"}],"wp:term":[{"taxonomy":"product_cat","embeddable":true,"href":"https:\/\/hannacosmetica.com\/fr\/wp-json\/wp\/v2\/product_cat?post=12550"},{"taxonomy":"product_tag","embeddable":true,"href":"https:\/\/hannacosmetica.com\/fr\/wp-json\/wp\/v2\/product_tag?post=12550"}],"curies":[{"name":"wp","href":"https:\/\/api.w.org\/{rel}","templated":true}]}}