{"id":12534,"date":"2023-04-11T15:41:22","date_gmt":"2023-04-11T15:41:22","guid":{"rendered":"https:\/\/hannacosmetica.com\/?post_type=product&#038;p=12534"},"modified":"2023-12-06T15:32:28","modified_gmt":"2023-12-06T15:32:28","slug":"gel-de-purpurina-reflectante-esmalte-de-gel-con-purpurina-fina-color-dorado","status":"publish","type":"product","link":"https:\/\/hannacosmetica.com\/fr\/tienda\/manicura\/gel\/gel-de-purpurina-reflectante-esmalte-de-gel-con-purpurina-fina-color-dorado\/","title":{"rendered":"Gel de Purpurina Reflectante\/ Esmalte de Gel con Purpurina fina, Color: DORADO"},"content":{"rendered":"<ul>\n<li>\u3010Brillo como el de un diamante\u3011El esmalte de gel contiene purpurina de diamante triturada y purpurina de lentejuelas finas, una textura de gel ligeramente m\u00e1s gruesa. en un entorno oscuro, la u\u00f1a mostrar\u00e1 un peque\u00f1o destello muy brillante e intenso a trav\u00e9s de la refracci\u00f3n de la luz. encienda el flash de su tel\u00e9fono para tomar una foto y ver\u00e1 el incre\u00edble peque\u00f1o destello.<\/li>\n<li>[Duradero]: el esmalte UV HANNA\u00a0 tiene buena dureza y es altamente pigmentado<\/li>\n<li>\u3010Consejos de aplicaci\u00f3n importantes\u3011Limpie y pula la superficie de la u\u00f1a antes de usarla para mantenerla seca y plana. El esmalte de gel debe curarse y secarse bajo luz UV\/LED y debe utilizarse junto con la base de gel y el top coat con un tiempo de curado de 60-120 segundos para cada paso para conseguir unas u\u00f1as m\u00e1s duraderas y fuertes.<\/li>\n<li>Medio ambiente y saludable]: nuestro esmalte de u\u00f1as de gel HANNA\u00a0 est\u00e1 hecho de resina natural, no es t\u00f3xico, no irritante y sin olor para tu tranquilidad; ingredientes saludables esmalte en gel, sin ingredientes afilados ni adhesivos que causan da\u00f1os en las u\u00f1as<\/li>\n<li>tama\u00f1o 8ml<\/li>\n<li>color: DORADO<\/li>\n<\/ul>\n","protected":false},"excerpt":{"rendered":"<p>\u3010Brillo como el de un diamante\u3011El esmalte de gel contiene purpurina de diamante triturada y purpurina de lentejuelas finas, una textura de&hellip;<\/p>","protected":false},"featured_media":15787,"comment_status":"open","ping_status":"closed","template":"","meta":[],"product_cat":[304,82,96,98,87],"product_tag":[],"yoast_head":"<!-- This site is optimized with the Yoast SEO plugin v19.9 - https:\/\/yoast.com\/wordpress\/plugins\/seo\/ -->\n<title>Gel de Purpurina Reflectante\/ Esmalte de Gel con Purpurina fina, Color: DORADO - Hanna Cosm\u00e9tica<\/title>\n<meta name=\"robots\" content=\"index, follow, max-snippet:-1, max-image-preview:large, max-video-preview:-1\" \/>\n<link rel=\"canonical\" href=\"https:\/\/hannacosmetica.com\/fr\/tienda\/manicura\/gel\/gel-de-purpurina-reflectante-esmalte-de-gel-con-purpurina-fina-color-dorado\/\" \/>\n<meta property=\"og:locale\" content=\"fr_FR\" \/>\n<meta property=\"og:type\" content=\"article\" \/>\n<meta property=\"og:title\" content=\"Gel de Purpurina Reflectante\/ Esmalte de Gel con Purpurina fina, Color: DORADO - Hanna Cosm\u00e9tica\" \/>\n<meta property=\"og:description\" content=\"\u3010Brillo como el de un diamante\u3011El esmalte de gel contiene purpurina de diamante triturada y purpurina de lentejuelas finas, una textura de&hellip;\" \/>\n<meta property=\"og:url\" content=\"https:\/\/hannacosmetica.com\/fr\/tienda\/manicura\/gel\/gel-de-purpurina-reflectante-esmalte-de-gel-con-purpurina-fina-color-dorado\/\" \/>\n<meta property=\"og:site_name\" content=\"Hanna Cosm\u00e9tica\" \/>\n<meta property=\"article:modified_time\" content=\"2023-12-06T15:32:28+00:00\" \/>\n<meta property=\"og:image\" content=\"https:\/\/hannacosmetica.com\/wp-content\/uploads\/2023\/12\/molde-19.png\" \/>\n\t<meta property=\"og:image:width\" content=\"1080\" \/>\n\t<meta property=\"og:image:height\" content=\"1080\" \/>\n\t<meta property=\"og:image:type\" content=\"image\/png\" \/>\n<meta name=\"twitter:card\" content=\"summary_large_image\" \/>\n<script type=\"application\/ld+json\" class=\"yoast-schema-graph\">{\"@context\":\"https:\/\/schema.org\",\"@graph\":[{\"@type\":\"WebPage\",\"@id\":\"https:\/\/hannacosmetica.com\/tienda\/manicura\/gel\/gel-de-purpurina-reflectante-esmalte-de-gel-con-purpurina-fina-color-dorado\/\",\"url\":\"https:\/\/hannacosmetica.com\/tienda\/manicura\/gel\/gel-de-purpurina-reflectante-esmalte-de-gel-con-purpurina-fina-color-dorado\/\",\"name\":\"Gel de Purpurina Reflectante\/ Esmalte de Gel con Purpurina fina, Color: DORADO - Hanna Cosm\u00e9tica\",\"isPartOf\":{\"@id\":\"https:\/\/hannacosmetica.com\/#website\"},\"datePublished\":\"2023-04-11T15:41:22+00:00\",\"dateModified\":\"2023-12-06T15:32:28+00:00\",\"breadcrumb\":{\"@id\":\"https:\/\/hannacosmetica.com\/tienda\/manicura\/gel\/gel-de-purpurina-reflectante-esmalte-de-gel-con-purpurina-fina-color-dorado\/#breadcrumb\"},\"inLanguage\":\"fr-FR\",\"potentialAction\":[{\"@type\":\"ReadAction\",\"target\":[\"https:\/\/hannacosmetica.com\/tienda\/manicura\/gel\/gel-de-purpurina-reflectante-esmalte-de-gel-con-purpurina-fina-color-dorado\/\"]}]},{\"@type\":\"BreadcrumbList\",\"@id\":\"https:\/\/hannacosmetica.com\/tienda\/manicura\/gel\/gel-de-purpurina-reflectante-esmalte-de-gel-con-purpurina-fina-color-dorado\/#breadcrumb\",\"itemListElement\":[{\"@type\":\"ListItem\",\"position\":1,\"name\":\"Portada\",\"item\":\"https:\/\/hannacosmetica.com\/\"},{\"@type\":\"ListItem\",\"position\":2,\"name\":\"Tienda\",\"item\":\"https:\/\/hannacosmetica.com\/shop\/\"},{\"@type\":\"ListItem\",\"position\":3,\"name\":\"Gel de Purpurina Reflectante\/ Esmalte de Gel con Purpurina fina, Color: DORADO\"}]},{\"@type\":\"WebSite\",\"@id\":\"https:\/\/hannacosmetica.com\/#website\",\"url\":\"https:\/\/hannacosmetica.com\/\",\"name\":\"Hanna Cosm\u00e9tica\",\"description\":\"Tienda de productos u\u00f1as, bellezas y peluquer\u00edas\",\"publisher\":{\"@id\":\"https:\/\/hannacosmetica.com\/#organization\"},\"potentialAction\":[{\"@type\":\"SearchAction\",\"target\":{\"@type\":\"EntryPoint\",\"urlTemplate\":\"https:\/\/hannacosmetica.com\/?s={search_term_string}\"},\"query-input\":\"required name=search_term_string\"}],\"inLanguage\":\"fr-FR\"},{\"@type\":\"Organization\",\"@id\":\"https:\/\/hannacosmetica.com\/#organization\",\"name\":\"Hanna Cosm\u00e9tica\",\"url\":\"https:\/\/hannacosmetica.com\/\",\"logo\":{\"@type\":\"ImageObject\",\"inLanguage\":\"fr-FR\",\"@id\":\"https:\/\/hannacosmetica.com\/#\/schema\/logo\/image\/\",\"url\":\"https:\/\/hannacosmetica.com\/wp-content\/uploads\/2022\/07\/Logo-Joyeria-Femenino-Floral-Negro.png\",\"contentUrl\":\"https:\/\/hannacosmetica.com\/wp-content\/uploads\/2022\/07\/Logo-Joyeria-Femenino-Floral-Negro.png\",\"width\":361,\"height\":126,\"caption\":\"Hanna Cosm\u00e9tica\"},\"image\":{\"@id\":\"https:\/\/hannacosmetica.com\/#\/schema\/logo\/image\/\"}}]}<\/script>\n<!-- \/ Yoast SEO plugin. -->","yoast_head_json":{"title":"Gel de Purpurina Reflectante\/ Esmalte de Gel con Purpurina fina, Color: DORADO - Hanna Cosm\u00e9tica","robots":{"index":"index","follow":"follow","max-snippet":"max-snippet:-1","max-image-preview":"max-image-preview:large","max-video-preview":"max-video-preview:-1"},"canonical":"https:\/\/hannacosmetica.com\/fr\/tienda\/manicura\/gel\/gel-de-purpurina-reflectante-esmalte-de-gel-con-purpurina-fina-color-dorado\/","og_locale":"fr_FR","og_type":"article","og_title":"Gel de Purpurina Reflectante\/ Esmalte de Gel con Purpurina fina, Color: DORADO - Hanna Cosm\u00e9tica","og_description":"\u3010Brillo como el de un diamante\u3011El esmalte de gel contiene purpurina de diamante triturada y purpurina de lentejuelas finas, una textura de&hellip;","og_url":"https:\/\/hannacosmetica.com\/fr\/tienda\/manicura\/gel\/gel-de-purpurina-reflectante-esmalte-de-gel-con-purpurina-fina-color-dorado\/","og_site_name":"Hanna Cosm\u00e9tica","article_modified_time":"2023-12-06T15:32:28+00:00","og_image":[{"width":1080,"height":1080,"url":"https:\/\/hannacosmetica.com\/wp-content\/uploads\/2023\/12\/molde-19.png","type":"image\/png"}],"twitter_card":"summary_large_image","schema":{"@context":"https:\/\/schema.org","@graph":[{"@type":"WebPage","@id":"https:\/\/hannacosmetica.com\/tienda\/manicura\/gel\/gel-de-purpurina-reflectante-esmalte-de-gel-con-purpurina-fina-color-dorado\/","url":"https:\/\/hannacosmetica.com\/tienda\/manicura\/gel\/gel-de-purpurina-reflectante-esmalte-de-gel-con-purpurina-fina-color-dorado\/","name":"Gel de Purpurina Reflectante\/ Esmalte de Gel con Purpurina fina, Color: DORADO - Hanna Cosm\u00e9tica","isPartOf":{"@id":"https:\/\/hannacosmetica.com\/#website"},"datePublished":"2023-04-11T15:41:22+00:00","dateModified":"2023-12-06T15:32:28+00:00","breadcrumb":{"@id":"https:\/\/hannacosmetica.com\/tienda\/manicura\/gel\/gel-de-purpurina-reflectante-esmalte-de-gel-con-purpurina-fina-color-dorado\/#breadcrumb"},"inLanguage":"fr-FR","potentialAction":[{"@type":"ReadAction","target":["https:\/\/hannacosmetica.com\/tienda\/manicura\/gel\/gel-de-purpurina-reflectante-esmalte-de-gel-con-purpurina-fina-color-dorado\/"]}]},{"@type":"BreadcrumbList","@id":"https:\/\/hannacosmetica.com\/tienda\/manicura\/gel\/gel-de-purpurina-reflectante-esmalte-de-gel-con-purpurina-fina-color-dorado\/#breadcrumb","itemListElement":[{"@type":"ListItem","position":1,"name":"Portada","item":"https:\/\/hannacosmetica.com\/"},{"@type":"ListItem","position":2,"name":"Tienda","item":"https:\/\/hannacosmetica.com\/shop\/"},{"@type":"ListItem","position":3,"name":"Gel de Purpurina Reflectante\/ Esmalte de Gel con Purpurina fina, Color: DORADO"}]},{"@type":"WebSite","@id":"https:\/\/hannacosmetica.com\/#website","url":"https:\/\/hannacosmetica.com\/","name":"Hanna Cosm\u00e9tica","description":"Tienda de productos u\u00f1as, bellezas y peluquer\u00edas","publisher":{"@id":"https:\/\/hannacosmetica.com\/#organization"},"potentialAction":[{"@type":"SearchAction","target":{"@type":"EntryPoint","urlTemplate":"https:\/\/hannacosmetica.com\/?s={search_term_string}"},"query-input":"required name=search_term_string"}],"inLanguage":"fr-FR"},{"@type":"Organization","@id":"https:\/\/hannacosmetica.com\/#organization","name":"Hanna Cosm\u00e9tica","url":"https:\/\/hannacosmetica.com\/","logo":{"@type":"ImageObject","inLanguage":"fr-FR","@id":"https:\/\/hannacosmetica.com\/#\/schema\/logo\/image\/","url":"https:\/\/hannacosmetica.com\/wp-content\/uploads\/2022\/07\/Logo-Joyeria-Femenino-Floral-Negro.png","contentUrl":"https:\/\/hannacosmetica.com\/wp-content\/uploads\/2022\/07\/Logo-Joyeria-Femenino-Floral-Negro.png","width":361,"height":126,"caption":"Hanna Cosm\u00e9tica"},"image":{"@id":"https:\/\/hannacosmetica.com\/#\/schema\/logo\/image\/"}}]}},"_links":{"self":[{"href":"https:\/\/hannacosmetica.com\/fr\/wp-json\/wp\/v2\/product\/12534"}],"collection":[{"href":"https:\/\/hannacosmetica.com\/fr\/wp-json\/wp\/v2\/product"}],"about":[{"href":"https:\/\/hannacosmetica.com\/fr\/wp-json\/wp\/v2\/types\/product"}],"replies":[{"embeddable":true,"href":"https:\/\/hannacosmetica.com\/fr\/wp-json\/wp\/v2\/comments?post=12534"}],"version-history":[{"count":1,"href":"https:\/\/hannacosmetica.com\/fr\/wp-json\/wp\/v2\/product\/12534\/revisions"}],"predecessor-version":[{"id":12539,"href":"https:\/\/hannacosmetica.com\/fr\/wp-json\/wp\/v2\/product\/12534\/revisions\/12539"}],"wp:featuredmedia":[{"embeddable":true,"href":"https:\/\/hannacosmetica.com\/fr\/wp-json\/wp\/v2\/media\/15787"}],"wp:attachment":[{"href":"https:\/\/hannacosmetica.com\/fr\/wp-json\/wp\/v2\/media?parent=12534"}],"wp:term":[{"taxonomy":"product_cat","embeddable":true,"href":"https:\/\/hannacosmetica.com\/fr\/wp-json\/wp\/v2\/product_cat?post=12534"},{"taxonomy":"product_tag","embeddable":true,"href":"https:\/\/hannacosmetica.com\/fr\/wp-json\/wp\/v2\/product_tag?post=12534"}],"curies":[{"name":"wp","href":"https:\/\/api.w.org\/{rel}","templated":true}]}}