{"id":12291,"date":"2023-02-28T17:51:07","date_gmt":"2023-02-28T17:51:07","guid":{"rendered":"https:\/\/hannacosmetica.com\/?post_type=product&#038;p=12291"},"modified":"2025-12-19T12:11:20","modified_gmt":"2025-12-19T12:11:20","slug":"esmalte-de-decoracion-pincel-extrafino-masglo-escarchado-plata","status":"publish","type":"product","link":"https:\/\/hannacosmetica.com\/fr\/tienda\/manicura\/esmalte-normal\/esmalte-de-decoracion-pincel-extrafino-masglo-escarchado-plata\/","title":{"rendered":"Masglo Esmalte de decoraci\u00f3n Pincel extrafino- Escarchado Plata"},"content":{"rendered":"<p>Masglo Esmalte de Decoraci\u00f3n con Pincel Extrafino 13,5mL, Color Amarillo Esmaltes con pincel extrafino, id\u00f3neo para realizar trazos, l\u00edneas, etc. Ofrecen un cubrimiento total de larga duraci\u00f3n, sin rayado y con m\u00e1xima adherencia. \u00bfEres una fan\u00e1tica del nail art? \u00bfTienes una idea en mente y quieres plasmarla en tus u\u00f1as? Los esmaltes de decoraci\u00f3n de u\u00f1as de Masglo tienen un pincel extra fino con el que puedes hacer decoraciones. Tono de color: Escarchado Plata<\/p>","protected":false},"excerpt":{"rendered":"<p>Masglo Esmalte de Decoraci\u00f3n con Pincel Extrafino 13,5mL, Color Amarillo Esmaltes con pincel extrafino, id\u00f3neo para realizar trazos, l\u00edneas, etc. Ofrecen un&hellip;<\/p>","protected":false},"featured_media":12292,"comment_status":"open","ping_status":"closed","template":"","meta":[],"product_cat":[144],"product_tag":[],"yoast_head":"<!-- This site is optimized with the Yoast SEO plugin v19.9 - https:\/\/yoast.com\/wordpress\/plugins\/seo\/ -->\n<title>Masglo Esmalte de decoraci\u00f3n Pincel extrafino- Escarchado Plata - Hanna Cosm\u00e9tica<\/title>\n<meta name=\"robots\" content=\"index, follow, max-snippet:-1, max-image-preview:large, max-video-preview:-1\" \/>\n<link rel=\"canonical\" href=\"https:\/\/hannacosmetica.com\/fr\/tienda\/manicura\/esmalte-normal\/esmalte-de-decoracion-pincel-extrafino-masglo-escarchado-plata\/\" \/>\n<meta property=\"og:locale\" content=\"fr_FR\" \/>\n<meta property=\"og:type\" content=\"article\" \/>\n<meta property=\"og:title\" content=\"Masglo Esmalte de decoraci\u00f3n Pincel extrafino- Escarchado Plata - Hanna Cosm\u00e9tica\" \/>\n<meta property=\"og:description\" content=\"Masglo Esmalte de Decoraci\u00f3n con Pincel Extrafino 13,5mL, Color Amarillo Esmaltes con pincel extrafino, id\u00f3neo para realizar trazos, l\u00edneas, etc. Ofrecen un&hellip;\" \/>\n<meta property=\"og:url\" content=\"https:\/\/hannacosmetica.com\/fr\/tienda\/manicura\/esmalte-normal\/esmalte-de-decoracion-pincel-extrafino-masglo-escarchado-plata\/\" \/>\n<meta property=\"og:site_name\" content=\"Hanna Cosm\u00e9tica\" \/>\n<meta property=\"article:modified_time\" content=\"2025-12-19T12:11:20+00:00\" \/>\n<meta property=\"og:image\" content=\"https:\/\/hannacosmetica.com\/wp-content\/uploads\/2023\/02\/Logo-Marca-Personal-Minimalista-Elegante-y-Organico-Blanco-y-Negro-50.png\" \/>\n\t<meta property=\"og:image:width\" content=\"500\" \/>\n\t<meta property=\"og:image:height\" content=\"500\" \/>\n\t<meta property=\"og:image:type\" content=\"image\/png\" \/>\n<meta name=\"twitter:card\" content=\"summary_large_image\" \/>\n<script type=\"application\/ld+json\" class=\"yoast-schema-graph\">{\"@context\":\"https:\/\/schema.org\",\"@graph\":[{\"@type\":\"WebPage\",\"@id\":\"https:\/\/hannacosmetica.com\/tienda\/manicura\/esmalte-normal\/esmalte-de-decoracion-pincel-extrafino-masglo-escarchado-plata\/\",\"url\":\"https:\/\/hannacosmetica.com\/tienda\/manicura\/esmalte-normal\/esmalte-de-decoracion-pincel-extrafino-masglo-escarchado-plata\/\",\"name\":\"Masglo Esmalte de decoraci\u00f3n Pincel extrafino- Escarchado Plata - Hanna Cosm\u00e9tica\",\"isPartOf\":{\"@id\":\"https:\/\/hannacosmetica.com\/#website\"},\"datePublished\":\"2023-02-28T17:51:07+00:00\",\"dateModified\":\"2025-12-19T12:11:20+00:00\",\"breadcrumb\":{\"@id\":\"https:\/\/hannacosmetica.com\/tienda\/manicura\/esmalte-normal\/esmalte-de-decoracion-pincel-extrafino-masglo-escarchado-plata\/#breadcrumb\"},\"inLanguage\":\"fr-FR\",\"potentialAction\":[{\"@type\":\"ReadAction\",\"target\":[\"https:\/\/hannacosmetica.com\/tienda\/manicura\/esmalte-normal\/esmalte-de-decoracion-pincel-extrafino-masglo-escarchado-plata\/\"]}]},{\"@type\":\"BreadcrumbList\",\"@id\":\"https:\/\/hannacosmetica.com\/tienda\/manicura\/esmalte-normal\/esmalte-de-decoracion-pincel-extrafino-masglo-escarchado-plata\/#breadcrumb\",\"itemListElement\":[{\"@type\":\"ListItem\",\"position\":1,\"name\":\"Portada\",\"item\":\"https:\/\/hannacosmetica.com\/\"},{\"@type\":\"ListItem\",\"position\":2,\"name\":\"Tienda\",\"item\":\"https:\/\/hannacosmetica.com\/shop\/\"},{\"@type\":\"ListItem\",\"position\":3,\"name\":\"Masglo Esmalte de decoraci\u00f3n Pincel extrafino- Escarchado Plata\"}]},{\"@type\":\"WebSite\",\"@id\":\"https:\/\/hannacosmetica.com\/#website\",\"url\":\"https:\/\/hannacosmetica.com\/\",\"name\":\"Hanna Cosm\u00e9tica\",\"description\":\"Tienda de productos u\u00f1as, bellezas y peluquer\u00edas\",\"publisher\":{\"@id\":\"https:\/\/hannacosmetica.com\/#organization\"},\"potentialAction\":[{\"@type\":\"SearchAction\",\"target\":{\"@type\":\"EntryPoint\",\"urlTemplate\":\"https:\/\/hannacosmetica.com\/?s={search_term_string}\"},\"query-input\":\"required name=search_term_string\"}],\"inLanguage\":\"fr-FR\"},{\"@type\":\"Organization\",\"@id\":\"https:\/\/hannacosmetica.com\/#organization\",\"name\":\"Hanna Cosm\u00e9tica\",\"url\":\"https:\/\/hannacosmetica.com\/\",\"logo\":{\"@type\":\"ImageObject\",\"inLanguage\":\"fr-FR\",\"@id\":\"https:\/\/hannacosmetica.com\/#\/schema\/logo\/image\/\",\"url\":\"https:\/\/hannacosmetica.com\/wp-content\/uploads\/2022\/07\/Logo-Joyeria-Femenino-Floral-Negro.png\",\"contentUrl\":\"https:\/\/hannacosmetica.com\/wp-content\/uploads\/2022\/07\/Logo-Joyeria-Femenino-Floral-Negro.png\",\"width\":361,\"height\":126,\"caption\":\"Hanna Cosm\u00e9tica\"},\"image\":{\"@id\":\"https:\/\/hannacosmetica.com\/#\/schema\/logo\/image\/\"}}]}<\/script>\n<!-- \/ Yoast SEO plugin. -->","yoast_head_json":{"title":"Masglo Esmalte de decoraci\u00f3n Pincel extrafino- Escarchado Plata - Hanna Cosm\u00e9tica","robots":{"index":"index","follow":"follow","max-snippet":"max-snippet:-1","max-image-preview":"max-image-preview:large","max-video-preview":"max-video-preview:-1"},"canonical":"https:\/\/hannacosmetica.com\/fr\/tienda\/manicura\/esmalte-normal\/esmalte-de-decoracion-pincel-extrafino-masglo-escarchado-plata\/","og_locale":"fr_FR","og_type":"article","og_title":"Masglo Esmalte de decoraci\u00f3n Pincel extrafino- Escarchado Plata - Hanna Cosm\u00e9tica","og_description":"Masglo Esmalte de Decoraci\u00f3n con Pincel Extrafino 13,5mL, Color Amarillo Esmaltes con pincel extrafino, id\u00f3neo para realizar trazos, l\u00edneas, etc. Ofrecen un&hellip;","og_url":"https:\/\/hannacosmetica.com\/fr\/tienda\/manicura\/esmalte-normal\/esmalte-de-decoracion-pincel-extrafino-masglo-escarchado-plata\/","og_site_name":"Hanna Cosm\u00e9tica","article_modified_time":"2025-12-19T12:11:20+00:00","og_image":[{"width":500,"height":500,"url":"https:\/\/hannacosmetica.com\/wp-content\/uploads\/2023\/02\/Logo-Marca-Personal-Minimalista-Elegante-y-Organico-Blanco-y-Negro-50.png","type":"image\/png"}],"twitter_card":"summary_large_image","schema":{"@context":"https:\/\/schema.org","@graph":[{"@type":"WebPage","@id":"https:\/\/hannacosmetica.com\/tienda\/manicura\/esmalte-normal\/esmalte-de-decoracion-pincel-extrafino-masglo-escarchado-plata\/","url":"https:\/\/hannacosmetica.com\/tienda\/manicura\/esmalte-normal\/esmalte-de-decoracion-pincel-extrafino-masglo-escarchado-plata\/","name":"Masglo Esmalte de decoraci\u00f3n Pincel extrafino- Escarchado Plata - Hanna Cosm\u00e9tica","isPartOf":{"@id":"https:\/\/hannacosmetica.com\/#website"},"datePublished":"2023-02-28T17:51:07+00:00","dateModified":"2025-12-19T12:11:20+00:00","breadcrumb":{"@id":"https:\/\/hannacosmetica.com\/tienda\/manicura\/esmalte-normal\/esmalte-de-decoracion-pincel-extrafino-masglo-escarchado-plata\/#breadcrumb"},"inLanguage":"fr-FR","potentialAction":[{"@type":"ReadAction","target":["https:\/\/hannacosmetica.com\/tienda\/manicura\/esmalte-normal\/esmalte-de-decoracion-pincel-extrafino-masglo-escarchado-plata\/"]}]},{"@type":"BreadcrumbList","@id":"https:\/\/hannacosmetica.com\/tienda\/manicura\/esmalte-normal\/esmalte-de-decoracion-pincel-extrafino-masglo-escarchado-plata\/#breadcrumb","itemListElement":[{"@type":"ListItem","position":1,"name":"Portada","item":"https:\/\/hannacosmetica.com\/"},{"@type":"ListItem","position":2,"name":"Tienda","item":"https:\/\/hannacosmetica.com\/shop\/"},{"@type":"ListItem","position":3,"name":"Masglo Esmalte de decoraci\u00f3n Pincel extrafino- Escarchado Plata"}]},{"@type":"WebSite","@id":"https:\/\/hannacosmetica.com\/#website","url":"https:\/\/hannacosmetica.com\/","name":"Hanna Cosm\u00e9tica","description":"Tienda de productos u\u00f1as, bellezas y peluquer\u00edas","publisher":{"@id":"https:\/\/hannacosmetica.com\/#organization"},"potentialAction":[{"@type":"SearchAction","target":{"@type":"EntryPoint","urlTemplate":"https:\/\/hannacosmetica.com\/?s={search_term_string}"},"query-input":"required name=search_term_string"}],"inLanguage":"fr-FR"},{"@type":"Organization","@id":"https:\/\/hannacosmetica.com\/#organization","name":"Hanna Cosm\u00e9tica","url":"https:\/\/hannacosmetica.com\/","logo":{"@type":"ImageObject","inLanguage":"fr-FR","@id":"https:\/\/hannacosmetica.com\/#\/schema\/logo\/image\/","url":"https:\/\/hannacosmetica.com\/wp-content\/uploads\/2022\/07\/Logo-Joyeria-Femenino-Floral-Negro.png","contentUrl":"https:\/\/hannacosmetica.com\/wp-content\/uploads\/2022\/07\/Logo-Joyeria-Femenino-Floral-Negro.png","width":361,"height":126,"caption":"Hanna Cosm\u00e9tica"},"image":{"@id":"https:\/\/hannacosmetica.com\/#\/schema\/logo\/image\/"}}]}},"_links":{"self":[{"href":"https:\/\/hannacosmetica.com\/fr\/wp-json\/wp\/v2\/product\/12291"}],"collection":[{"href":"https:\/\/hannacosmetica.com\/fr\/wp-json\/wp\/v2\/product"}],"about":[{"href":"https:\/\/hannacosmetica.com\/fr\/wp-json\/wp\/v2\/types\/product"}],"replies":[{"embeddable":true,"href":"https:\/\/hannacosmetica.com\/fr\/wp-json\/wp\/v2\/comments?post=12291"}],"version-history":[{"count":2,"href":"https:\/\/hannacosmetica.com\/fr\/wp-json\/wp\/v2\/product\/12291\/revisions"}],"predecessor-version":[{"id":12820,"href":"https:\/\/hannacosmetica.com\/fr\/wp-json\/wp\/v2\/product\/12291\/revisions\/12820"}],"wp:featuredmedia":[{"embeddable":true,"href":"https:\/\/hannacosmetica.com\/fr\/wp-json\/wp\/v2\/media\/12292"}],"wp:attachment":[{"href":"https:\/\/hannacosmetica.com\/fr\/wp-json\/wp\/v2\/media?parent=12291"}],"wp:term":[{"taxonomy":"product_cat","embeddable":true,"href":"https:\/\/hannacosmetica.com\/fr\/wp-json\/wp\/v2\/product_cat?post=12291"},{"taxonomy":"product_tag","embeddable":true,"href":"https:\/\/hannacosmetica.com\/fr\/wp-json\/wp\/v2\/product_tag?post=12291"}],"curies":[{"name":"wp","href":"https:\/\/api.w.org\/{rel}","templated":true}]}}