{"id":11770,"date":"2023-02-10T17:06:54","date_gmt":"2023-02-10T17:06:54","guid":{"rendered":"https:\/\/hannacosmetica.com\/?post_type=product&#038;p=11770"},"modified":"2023-02-10T17:08:31","modified_gmt":"2023-02-10T17:08:31","slug":"sillon-profesional-de-peluqueria-con-giro-360o","status":"publish","type":"product","link":"https:\/\/hannacosmetica.com\/fr\/tienda\/mobiliario\/sillones-de-peluqueria\/sillon-profesional-de-peluqueria-con-giro-360o\/","title":{"rendered":"Sillon Profesional de Peluqueria con Giro 360\u00ba"},"content":{"rendered":"<p>Bomba hidraulica y Altura Ajustable<\/p>\n<p>material: Piel sintetica<\/p>\n<p>color: rojo<\/p>\n<p>giro 360\u00ba<\/p>\n<p>&nbsp;<\/p>\n<p>&nbsp;<\/p>","protected":false},"excerpt":{"rendered":"<p>Bomba hidraulica y Altura Ajustable material: Piel sintetica color: rojo giro 360\u00ba &nbsp; &nbsp;<\/p>","protected":false},"featured_media":11700,"comment_status":"open","ping_status":"closed","template":"","meta":[],"product_cat":[294,302,87],"product_tag":[],"yoast_head":"<!-- This site is optimized with the Yoast SEO plugin v19.9 - https:\/\/yoast.com\/wordpress\/plugins\/seo\/ -->\n<title>Sillon Profesional de Peluqueria con Giro 360\u00ba - Hanna Cosm\u00e9tica<\/title>\n<meta name=\"robots\" content=\"index, follow, max-snippet:-1, max-image-preview:large, max-video-preview:-1\" \/>\n<link rel=\"canonical\" href=\"https:\/\/hannacosmetica.com\/fr\/tienda\/mobiliario\/sillones-de-peluqueria\/sillon-profesional-de-peluqueria-con-giro-360o\/\" \/>\n<meta property=\"og:locale\" content=\"fr_FR\" \/>\n<meta property=\"og:type\" content=\"article\" \/>\n<meta property=\"og:title\" content=\"Sillon Profesional de Peluqueria con Giro 360\u00ba - Hanna Cosm\u00e9tica\" \/>\n<meta property=\"og:description\" content=\"Bomba hidraulica y Altura Ajustable material: Piel sintetica color: rojo giro 360\u00ba &nbsp; &nbsp;\" \/>\n<meta property=\"og:url\" content=\"https:\/\/hannacosmetica.com\/fr\/tienda\/mobiliario\/sillones-de-peluqueria\/sillon-profesional-de-peluqueria-con-giro-360o\/\" \/>\n<meta property=\"og:site_name\" content=\"Hanna Cosm\u00e9tica\" \/>\n<meta property=\"article:modified_time\" content=\"2023-02-10T17:08:31+00:00\" \/>\n<meta property=\"og:image\" content=\"https:\/\/hannacosmetica.com\/wp-content\/uploads\/2023\/02\/Diseno-sin-titulo-2023-02-08T180055.761.png\" \/>\n\t<meta property=\"og:image:width\" content=\"1600\" \/>\n\t<meta property=\"og:image:height\" content=\"1200\" \/>\n\t<meta property=\"og:image:type\" content=\"image\/png\" \/>\n<meta name=\"twitter:card\" content=\"summary_large_image\" \/>\n<script type=\"application\/ld+json\" class=\"yoast-schema-graph\">{\"@context\":\"https:\/\/schema.org\",\"@graph\":[{\"@type\":\"WebPage\",\"@id\":\"https:\/\/hannacosmetica.com\/tienda\/mobiliario\/sillones-de-peluqueria\/sillon-profesional-de-peluqueria-con-giro-360o\/\",\"url\":\"https:\/\/hannacosmetica.com\/tienda\/mobiliario\/sillones-de-peluqueria\/sillon-profesional-de-peluqueria-con-giro-360o\/\",\"name\":\"Sillon Profesional de Peluqueria con Giro 360\u00ba - Hanna Cosm\u00e9tica\",\"isPartOf\":{\"@id\":\"https:\/\/hannacosmetica.com\/#website\"},\"datePublished\":\"2023-02-10T17:06:54+00:00\",\"dateModified\":\"2023-02-10T17:08:31+00:00\",\"breadcrumb\":{\"@id\":\"https:\/\/hannacosmetica.com\/tienda\/mobiliario\/sillones-de-peluqueria\/sillon-profesional-de-peluqueria-con-giro-360o\/#breadcrumb\"},\"inLanguage\":\"fr-FR\",\"potentialAction\":[{\"@type\":\"ReadAction\",\"target\":[\"https:\/\/hannacosmetica.com\/tienda\/mobiliario\/sillones-de-peluqueria\/sillon-profesional-de-peluqueria-con-giro-360o\/\"]}]},{\"@type\":\"BreadcrumbList\",\"@id\":\"https:\/\/hannacosmetica.com\/tienda\/mobiliario\/sillones-de-peluqueria\/sillon-profesional-de-peluqueria-con-giro-360o\/#breadcrumb\",\"itemListElement\":[{\"@type\":\"ListItem\",\"position\":1,\"name\":\"Portada\",\"item\":\"https:\/\/hannacosmetica.com\/\"},{\"@type\":\"ListItem\",\"position\":2,\"name\":\"Tienda\",\"item\":\"https:\/\/hannacosmetica.com\/shop\/\"},{\"@type\":\"ListItem\",\"position\":3,\"name\":\"Sillon Profesional de Peluqueria con Giro 360\u00ba\"}]},{\"@type\":\"WebSite\",\"@id\":\"https:\/\/hannacosmetica.com\/#website\",\"url\":\"https:\/\/hannacosmetica.com\/\",\"name\":\"Hanna Cosm\u00e9tica\",\"description\":\"Tienda de productos u\u00f1as, bellezas y peluquer\u00edas\",\"publisher\":{\"@id\":\"https:\/\/hannacosmetica.com\/#organization\"},\"potentialAction\":[{\"@type\":\"SearchAction\",\"target\":{\"@type\":\"EntryPoint\",\"urlTemplate\":\"https:\/\/hannacosmetica.com\/?s={search_term_string}\"},\"query-input\":\"required name=search_term_string\"}],\"inLanguage\":\"fr-FR\"},{\"@type\":\"Organization\",\"@id\":\"https:\/\/hannacosmetica.com\/#organization\",\"name\":\"Hanna Cosm\u00e9tica\",\"url\":\"https:\/\/hannacosmetica.com\/\",\"logo\":{\"@type\":\"ImageObject\",\"inLanguage\":\"fr-FR\",\"@id\":\"https:\/\/hannacosmetica.com\/#\/schema\/logo\/image\/\",\"url\":\"https:\/\/hannacosmetica.com\/wp-content\/uploads\/2022\/07\/Logo-Joyeria-Femenino-Floral-Negro.png\",\"contentUrl\":\"https:\/\/hannacosmetica.com\/wp-content\/uploads\/2022\/07\/Logo-Joyeria-Femenino-Floral-Negro.png\",\"width\":361,\"height\":126,\"caption\":\"Hanna Cosm\u00e9tica\"},\"image\":{\"@id\":\"https:\/\/hannacosmetica.com\/#\/schema\/logo\/image\/\"}}]}<\/script>\n<!-- \/ Yoast SEO plugin. -->","yoast_head_json":{"title":"Sillon Profesional de Peluqueria con Giro 360\u00ba - Hanna Cosm\u00e9tica","robots":{"index":"index","follow":"follow","max-snippet":"max-snippet:-1","max-image-preview":"max-image-preview:large","max-video-preview":"max-video-preview:-1"},"canonical":"https:\/\/hannacosmetica.com\/fr\/tienda\/mobiliario\/sillones-de-peluqueria\/sillon-profesional-de-peluqueria-con-giro-360o\/","og_locale":"fr_FR","og_type":"article","og_title":"Sillon Profesional de Peluqueria con Giro 360\u00ba - Hanna Cosm\u00e9tica","og_description":"Bomba hidraulica y Altura Ajustable material: Piel sintetica color: rojo giro 360\u00ba &nbsp; &nbsp;","og_url":"https:\/\/hannacosmetica.com\/fr\/tienda\/mobiliario\/sillones-de-peluqueria\/sillon-profesional-de-peluqueria-con-giro-360o\/","og_site_name":"Hanna Cosm\u00e9tica","article_modified_time":"2023-02-10T17:08:31+00:00","og_image":[{"width":1600,"height":1200,"url":"https:\/\/hannacosmetica.com\/wp-content\/uploads\/2023\/02\/Diseno-sin-titulo-2023-02-08T180055.761.png","type":"image\/png"}],"twitter_card":"summary_large_image","schema":{"@context":"https:\/\/schema.org","@graph":[{"@type":"WebPage","@id":"https:\/\/hannacosmetica.com\/tienda\/mobiliario\/sillones-de-peluqueria\/sillon-profesional-de-peluqueria-con-giro-360o\/","url":"https:\/\/hannacosmetica.com\/tienda\/mobiliario\/sillones-de-peluqueria\/sillon-profesional-de-peluqueria-con-giro-360o\/","name":"Sillon Profesional de Peluqueria con Giro 360\u00ba - Hanna Cosm\u00e9tica","isPartOf":{"@id":"https:\/\/hannacosmetica.com\/#website"},"datePublished":"2023-02-10T17:06:54+00:00","dateModified":"2023-02-10T17:08:31+00:00","breadcrumb":{"@id":"https:\/\/hannacosmetica.com\/tienda\/mobiliario\/sillones-de-peluqueria\/sillon-profesional-de-peluqueria-con-giro-360o\/#breadcrumb"},"inLanguage":"fr-FR","potentialAction":[{"@type":"ReadAction","target":["https:\/\/hannacosmetica.com\/tienda\/mobiliario\/sillones-de-peluqueria\/sillon-profesional-de-peluqueria-con-giro-360o\/"]}]},{"@type":"BreadcrumbList","@id":"https:\/\/hannacosmetica.com\/tienda\/mobiliario\/sillones-de-peluqueria\/sillon-profesional-de-peluqueria-con-giro-360o\/#breadcrumb","itemListElement":[{"@type":"ListItem","position":1,"name":"Portada","item":"https:\/\/hannacosmetica.com\/"},{"@type":"ListItem","position":2,"name":"Tienda","item":"https:\/\/hannacosmetica.com\/shop\/"},{"@type":"ListItem","position":3,"name":"Sillon Profesional de Peluqueria con Giro 360\u00ba"}]},{"@type":"WebSite","@id":"https:\/\/hannacosmetica.com\/#website","url":"https:\/\/hannacosmetica.com\/","name":"Hanna Cosm\u00e9tica","description":"Tienda de productos u\u00f1as, bellezas y peluquer\u00edas","publisher":{"@id":"https:\/\/hannacosmetica.com\/#organization"},"potentialAction":[{"@type":"SearchAction","target":{"@type":"EntryPoint","urlTemplate":"https:\/\/hannacosmetica.com\/?s={search_term_string}"},"query-input":"required name=search_term_string"}],"inLanguage":"fr-FR"},{"@type":"Organization","@id":"https:\/\/hannacosmetica.com\/#organization","name":"Hanna Cosm\u00e9tica","url":"https:\/\/hannacosmetica.com\/","logo":{"@type":"ImageObject","inLanguage":"fr-FR","@id":"https:\/\/hannacosmetica.com\/#\/schema\/logo\/image\/","url":"https:\/\/hannacosmetica.com\/wp-content\/uploads\/2022\/07\/Logo-Joyeria-Femenino-Floral-Negro.png","contentUrl":"https:\/\/hannacosmetica.com\/wp-content\/uploads\/2022\/07\/Logo-Joyeria-Femenino-Floral-Negro.png","width":361,"height":126,"caption":"Hanna Cosm\u00e9tica"},"image":{"@id":"https:\/\/hannacosmetica.com\/#\/schema\/logo\/image\/"}}]}},"_links":{"self":[{"href":"https:\/\/hannacosmetica.com\/fr\/wp-json\/wp\/v2\/product\/11770"}],"collection":[{"href":"https:\/\/hannacosmetica.com\/fr\/wp-json\/wp\/v2\/product"}],"about":[{"href":"https:\/\/hannacosmetica.com\/fr\/wp-json\/wp\/v2\/types\/product"}],"replies":[{"embeddable":true,"href":"https:\/\/hannacosmetica.com\/fr\/wp-json\/wp\/v2\/comments?post=11770"}],"version-history":[{"count":1,"href":"https:\/\/hannacosmetica.com\/fr\/wp-json\/wp\/v2\/product\/11770\/revisions"}],"predecessor-version":[{"id":11771,"href":"https:\/\/hannacosmetica.com\/fr\/wp-json\/wp\/v2\/product\/11770\/revisions\/11771"}],"wp:featuredmedia":[{"embeddable":true,"href":"https:\/\/hannacosmetica.com\/fr\/wp-json\/wp\/v2\/media\/11700"}],"wp:attachment":[{"href":"https:\/\/hannacosmetica.com\/fr\/wp-json\/wp\/v2\/media?parent=11770"}],"wp:term":[{"taxonomy":"product_cat","embeddable":true,"href":"https:\/\/hannacosmetica.com\/fr\/wp-json\/wp\/v2\/product_cat?post=11770"},{"taxonomy":"product_tag","embeddable":true,"href":"https:\/\/hannacosmetica.com\/fr\/wp-json\/wp\/v2\/product_tag?post=11770"}],"curies":[{"name":"wp","href":"https:\/\/api.w.org\/{rel}","templated":true}]}}